{"id":52620,"date":"2018-08-02T08:38:02","date_gmt":"2018-08-02T08:38:02","guid":{"rendered":"https:\/\/business.roovi.com\/puzzle-adulti-1000-piese-vintage-posters-the-only-route-via-niagara-falls-suspension-bridge\/p\/"},"modified":"2022-07-13T10:18:09","modified_gmt":"2022-07-13T10:18:09","slug":"vintage-posters-puzzle-adulte-de-1000-pieces-lunique-route-via-les-chutes-du-niagara-et-le-pont-suspendu-2","status":"publish","type":"product","link":"https:\/\/business.roovi.com\/fr\/vintage-posters-puzzle-adulte-de-1000-pieces-lunique-route-via-les-chutes-du-niagara-et-le-pont-suspendu-2\/p\/","title":{"rendered":"Vintage Posters Puzzle adulte de 1000 pi\u00e8ces &#8211; L&rsquo;unique route via les chutes du Niagara et le pont suspendu"},"content":{"rendered":"<p><span style=\"font-weight: 400;\">Es-tu pr\u00eat \u00e0 assembler une publicit\u00e9 du XIXe si\u00e8cle \u00e0 partir de 1000 pi\u00e8ces de puzzle ? Choisis dans notre gamme de puzzles vintage des mod\u00e8les uniques de puzzles pour adultes qui porteront ta passion pour les puzzles au niveau de l&rsquo;art <\/span><\/p>\n<p><span style=\"font-weight: 400;\">Qu&rsquo;est-ce que cela ferait de remonter le temps jusqu&rsquo;au 19e si\u00e8cle, de monter dans un train vintage et d&#8217;embarquer pour le voyage de toute une vie ? D&rsquo;un c\u00f4t\u00e9, tu profites des curiosit\u00e9s du lieu, avec des pi\u00e9tons et une cal\u00e8che tir\u00e9e par des chevaux, et de l&rsquo;autre, les chutes du Niagara, un v\u00e9ritable miracle de la nature, s&rsquo;offrent \u00e0 toi.<\/span><\/p>\n<p><span style=\"font-weight: 400;\">Le puzzle de 1000 pi\u00e8ces \u00ab\u00a0The Only Route via Niagara Falls &amp; Suspension Bridge\u00a0\u00bb est donc une occasion de se d\u00e9tendre et un exercice d&rsquo;imagination. Si tu veux rendre cette activit\u00e9 encore plus interactive, fais participer tes adolescents au processus de cr\u00e9ation. Tu vas profiter d&rsquo;un jeu de puzzle d&rsquo;une qualit\u00e9 irr\u00e9prochable et de moments uniques pass\u00e9s ensemble.<\/span><\/p>\n<p><span style=\"font-weight: 400;\">Tu peux utiliser une table basse standard pour soutenir les pi\u00e8ces. L&rsquo;image reconstitu\u00e9e dans ce puzzle de 1000 pi\u00e8ces mesure 50 x 70 cm.<\/span><\/p>\n<p><span style=\"font-weight: 400;\">Autres caract\u00e9ristiques du puzzle vintage &#8211; L&rsquo;unique route via les chutes du Niagara et le pont suspendu :<\/span><\/p>\n<p><strong>Dimensions de l&rsquo;image reconstitu\u00e9e : 50 x 70 cm.<\/strong><\/p>\n<p><strong>Mat\u00e9riau du puzzle <\/strong><\/p>\n<p><strong>carton bleu de haute qualit\u00e9<\/strong><\/p>\n<p><strong>des mat\u00e9riaux durables et recyclables<\/strong><\/p>\n<p><strong>finition semi-brillante, couleurs vives<\/strong><\/p>\n<p><strong>Nombre de pi\u00e8ces de puzzle : 1000<\/strong><\/p>\n<p><strong>\u00c2ge recommand\u00e9 : 14+<\/strong><\/p>\n<p><strong>Pourquoi le puzzle de 1000 pi\u00e8ces The Only Route via Niagara Falls &amp; Suspension Bridge est-il si sp\u00e9cial ?<\/strong><\/p>\n<p><span style=\"font-weight: 400;\">C&rsquo;est une occasion de se d\u00e9tendre et de se relaxer pour am\u00e9liorer l&rsquo;humeur.<\/span><\/p>\n<p><span style=\"font-weight: 400;\">Il t&rsquo;aide \u00e0 te d\u00e9connecter de tes \u00e9crans et \u00e0 appr\u00e9cier la joie des choses simples.<\/span><\/p>\n<p><span style=\"font-weight: 400;\">C&rsquo;est l&rsquo;occasion parfaite de montrer tes comp\u00e9tences en assemblage de puzzles et de les affiner.<\/span><\/p>\n<p><span style=\"font-weight: 400;\">C&rsquo;est un moyen incroyable de renforcer des comp\u00e9tences comme la coordination \u0153il-main et la motricit\u00e9 fine.<\/span><\/p>\n<p><span style=\"font-weight: 400;\">Tu peux cr\u00e9er un objet d\u00e9coratif \u00e0 montrer \u00e0 tes amis et embellir ta maison.<\/span><\/p>\n<p><strong>Tu savais que&#8230; ?<\/strong><\/p>\n<p><span style=\"font-weight: 400;\">Le premier pont ferroviaire suspendu en \u00e9tat de marche au monde a \u00e9t\u00e9 le pont construit sur la rivi\u00e8re Niagara entre 1855 et 1897.<\/span><\/p>\n<p><span style=\"font-weight: 400;\">Ce pont suspendu \u00e9tait le point de passage de la fronti\u00e8re entre les \u00c9tats-Unis et le Canada et a jou\u00e9 un r\u00f4le important dans l&rsquo;histoire des deux pays <\/span><\/p>\n<p><span style=\"font-weight: 400;\">\u00c0 l&rsquo;\u00e9poque de son ouverture officielle, le pont \u00e9tait l&rsquo;un des points de commerce les plus fr\u00e9quent\u00e9s de la fronti\u00e8re entre les deux pays.<\/span><\/p>\n<p><span style=\"font-weight: 400;\">\u00c0 l&rsquo;\u00e9poque de sa construction, ce pont \u00e9tait consid\u00e9r\u00e9 comme l&rsquo;une des merveilles du monde et attirait beaucoup de visiteurs.<\/span><\/p>\n<p><span style=\"font-weight: 400;\">Le pont en question a \u00e9t\u00e9 repr\u00e9sent\u00e9 dans de nombreuses peintures et photographies, pla\u00e7ant la c\u00e9l\u00e8bre cascade en deuxi\u00e8me position. Les t\u00e9l\u00e9spectateurs ont \u00e9t\u00e9 fascin\u00e9s par la conception utilitaire de la structure et la grandeur de la construction.<\/span><\/p>\n<p><strong>Puzzle de 1000 pi\u00e8ces<\/strong> <strong>L&rsquo;unique route via les chutes du Niagara et le pont suspendu pour de nombreuses heures de plaisir avec les proches<\/strong><\/p>\n<p><span style=\"font-weight: 400;\">Le mauvais temps te retient \u00e0 l&rsquo;int\u00e9rieur ? Ou tu veux passer plus de temps avec tes enfants adolescents et renforcer la relation parent-enfant ? Le puzzle vintage de 1000 pi\u00e8ces est ton support de pr\u00e9dilection. Retourne les pi\u00e8ces, divise les t\u00e2ches en \u00e9quipes et laisse le plaisir commencer. Embarquez ensemble pour un voyage fascinant \u00e0 la d\u00e9couverte des myst\u00e8res des chutes du Niagara.<\/span><\/p>\n<p><span style=\"font-weight: 400;\">Le temps pass\u00e9 avec tes enfants n&rsquo;a pas de prix, et les souvenirs que tu construis ensemble sont une nourriture spirituelle dont tu profiteras toute ta vie.<\/span><\/p>\n<p><span style=\"font-weight: 400;\">Le puzzle de 1000 pi\u00e8ces The Only Route via Niagara Falls &amp; Suspension Bridge peut \u00eatre conserv\u00e9 \u00e0 la maison et recr\u00e9\u00e9 chaque fois que tu ressens le besoin d&rsquo;un d\u00e9fi cr\u00e9atif. Tu peux aussi le recadrer apr\u00e8s avoir refait l&rsquo;image et chercher d&rsquo;autres mod\u00e8les dans la gamme de puzzles d&rsquo;affiches vintage de 1000 pi\u00e8ces. Tes enfants seront s\u00fbrement aussi ravis de cr\u00e9er ensemble une incroyable collection d&rsquo;images de jeux de puzzle vintage.<\/span><\/p><\/p>\n","protected":false},"excerpt":{"rendered":"<p>Es-tu pr\u00eat \u00e0 assembler une publicit\u00e9 du XIXe si\u00e8cle \u00e0 partir de 1000 pi\u00e8ces de puzzle ? Choisis dans notre<\/p>\n","protected":false},"featured_media":49997,"template":"","meta":[],"product_brand":[],"product_cat":[2314,2316,2315],"product_tag":[],"class_list":{"0":"post-52620","1":"product","2":"type-product","3":"status-publish","4":"has-post-thumbnail","6":"product_cat-puzzles-fr","7":"product_cat-puzzles-de-1000-pieces","8":"product_cat-puzzles-pour-adultes","9":"pa_brand-d_toys-fr","10":"pa_country_of_manufacture-ro-fr","11":"pa_filter_age-14-fr","12":"pa_painter-posters-vintage","13":"pa_tip_ambalaj-boite","14":"pa_tip_puzzle-classique","16":"first","17":"instock","18":"taxable","19":"shipping-taxable","20":"product-type-simple"},"yoast_head":"<!-- This site is optimized with the Yoast SEO plugin v20.1 - https:\/\/yoast.com\/wordpress\/plugins\/seo\/ -->\n<title>Vintage Posters Puzzle adulte de 1000 pi\u00e8ces - L&#039;unique route via les chutes du Niagara et le pont suspendu<\/title>\n<meta name=\"description\" content=\"Vintage Posters Puzzle adulte de 1000 pi\u00e8ces - L&#039;unique route via les chutes du Niagara et le pont suspendu\" \/>\n<meta name=\"robots\" content=\"index, follow, max-snippet:-1, max-image-preview:large, max-video-preview:-1\" \/>\n<link rel=\"canonical\" href=\"https:\/\/business.roovi.com\/fr\/vintage-posters-puzzle-adulte-de-1000-pieces-lunique-route-via-les-chutes-du-niagara-et-le-pont-suspendu-2\/p\/\" \/>\n<meta property=\"og:locale\" content=\"fr_FR\" \/>\n<meta property=\"og:type\" content=\"article\" \/>\n<meta property=\"og:title\" content=\"Vintage Posters Puzzle adulte de 1000 pi\u00e8ces - L&#039;unique route via les chutes du Niagara et le pont suspendu\" \/>\n<meta property=\"og:description\" content=\"Vintage Posters Puzzle adulte de 1000 pi\u00e8ces - L&#039;unique route via les chutes du Niagara et le pont suspendu\" \/>\n<meta property=\"og:url\" content=\"https:\/\/business.roovi.com\/fr\/vintage-posters-puzzle-adulte-de-1000-pieces-lunique-route-via-les-chutes-du-niagara-et-le-pont-suspendu-2\/p\/\" \/>\n<meta property=\"og:site_name\" content=\"Roovi B2B\" \/>\n<meta property=\"article:publisher\" content=\"https:\/\/www.facebook.com\/wwwjucariero\" \/>\n<meta property=\"article:modified_time\" content=\"2022-07-13T10:18:09+00:00\" \/>\n<meta property=\"og:image\" content=\"https:\/\/business.roovi.com\/wp-content\/uploads\/2018\/08\/67555-19_ansamblu_dimensiuni_cutie_cm_orizontal_1200x1200.png\" \/>\n\t<meta property=\"og:image:width\" content=\"1200\" \/>\n\t<meta property=\"og:image:height\" content=\"1200\" \/>\n\t<meta property=\"og:image:type\" content=\"image\/png\" \/>\n<meta name=\"twitter:label1\" content=\"Dur\u00e9e de lecture estim\u00e9e\" \/>\n\t<meta name=\"twitter:data1\" content=\"3 minutes\" \/>\n<script type=\"application\/ld+json\" class=\"yoast-schema-graph\">{\"@context\":\"https:\/\/schema.org\",\"@graph\":[{\"@type\":\"WebPage\",\"@id\":\"https:\/\/business.roovi.com\/fr\/vintage-posters-puzzle-adulte-de-1000-pieces-lunique-route-via-les-chutes-du-niagara-et-le-pont-suspendu-2\/p\/\",\"url\":\"https:\/\/business.roovi.com\/fr\/vintage-posters-puzzle-adulte-de-1000-pieces-lunique-route-via-les-chutes-du-niagara-et-le-pont-suspendu-2\/p\/\",\"name\":\"Vintage Posters Puzzle adulte de 1000 pi\u00e8ces - L'unique route via les chutes du Niagara et le pont suspendu\",\"isPartOf\":{\"@id\":\"https:\/\/business.roovi.com\/fr\/#website\"},\"datePublished\":\"2018-08-02T08:38:02+00:00\",\"dateModified\":\"2022-07-13T10:18:09+00:00\",\"description\":\"Vintage Posters Puzzle adulte de 1000 pi\u00e8ces - L'unique route via les chutes du Niagara et le pont suspendu\",\"breadcrumb\":{\"@id\":\"https:\/\/business.roovi.com\/fr\/vintage-posters-puzzle-adulte-de-1000-pieces-lunique-route-via-les-chutes-du-niagara-et-le-pont-suspendu-2\/p\/#breadcrumb\"},\"inLanguage\":\"fr-FR\",\"potentialAction\":[{\"@type\":\"ReadAction\",\"target\":[\"https:\/\/business.roovi.com\/fr\/vintage-posters-puzzle-adulte-de-1000-pieces-lunique-route-via-les-chutes-du-niagara-et-le-pont-suspendu-2\/p\/\"]}]},{\"@type\":\"BreadcrumbList\",\"@id\":\"https:\/\/business.roovi.com\/fr\/vintage-posters-puzzle-adulte-de-1000-pieces-lunique-route-via-les-chutes-du-niagara-et-le-pont-suspendu-2\/p\/#breadcrumb\",\"itemListElement\":[{\"@type\":\"ListItem\",\"position\":1,\"name\":\"Home\",\"item\":\"https:\/\/business.roovi.com\/fr\/\"},{\"@type\":\"ListItem\",\"position\":2,\"name\":\"Boutique\",\"item\":\"https:\/\/business.roovi.com\/fr\/boutique\/\"},{\"@type\":\"ListItem\",\"position\":3,\"name\":\"Vintage Posters Puzzle adulte de 1000 pi\u00e8ces &#8211; L&#8217;unique route via les chutes du Niagara et le pont suspendu\"}]},{\"@type\":\"WebSite\",\"@id\":\"https:\/\/business.roovi.com\/fr\/#website\",\"url\":\"https:\/\/business.roovi.com\/fr\/\",\"name\":\"Roovi B2B\",\"description\":\"Roovi Business Website\",\"potentialAction\":[{\"@type\":\"SearchAction\",\"target\":{\"@type\":\"EntryPoint\",\"urlTemplate\":\"https:\/\/business.roovi.com\/fr\/?s={search_term_string}\"},\"query-input\":\"required name=search_term_string\"}],\"inLanguage\":\"fr-FR\"}]}<\/script>\n<!-- \/ Yoast SEO plugin. -->","yoast_head_json":{"title":"Vintage Posters Puzzle adulte de 1000 pi\u00e8ces - L'unique route via les chutes du Niagara et le pont suspendu","description":"Vintage Posters Puzzle adulte de 1000 pi\u00e8ces - L'unique route via les chutes du Niagara et le pont suspendu","robots":{"index":"index","follow":"follow","max-snippet":"max-snippet:-1","max-image-preview":"max-image-preview:large","max-video-preview":"max-video-preview:-1"},"canonical":"https:\/\/business.roovi.com\/fr\/vintage-posters-puzzle-adulte-de-1000-pieces-lunique-route-via-les-chutes-du-niagara-et-le-pont-suspendu-2\/p\/","og_locale":"fr_FR","og_type":"article","og_title":"Vintage Posters Puzzle adulte de 1000 pi\u00e8ces - L'unique route via les chutes du Niagara et le pont suspendu","og_description":"Vintage Posters Puzzle adulte de 1000 pi\u00e8ces - L'unique route via les chutes du Niagara et le pont suspendu","og_url":"https:\/\/business.roovi.com\/fr\/vintage-posters-puzzle-adulte-de-1000-pieces-lunique-route-via-les-chutes-du-niagara-et-le-pont-suspendu-2\/p\/","og_site_name":"Roovi B2B","article_publisher":"https:\/\/www.facebook.com\/wwwjucariero","article_modified_time":"2022-07-13T10:18:09+00:00","og_image":[{"width":1200,"height":1200,"url":"https:\/\/business.roovi.com\/wp-content\/uploads\/2018\/08\/67555-19_ansamblu_dimensiuni_cutie_cm_orizontal_1200x1200.png","type":"image\/png"}],"twitter_misc":{"Dur\u00e9e de lecture estim\u00e9e":"3 minutes"},"schema":{"@context":"https:\/\/schema.org","@graph":[{"@type":"WebPage","@id":"https:\/\/business.roovi.com\/fr\/vintage-posters-puzzle-adulte-de-1000-pieces-lunique-route-via-les-chutes-du-niagara-et-le-pont-suspendu-2\/p\/","url":"https:\/\/business.roovi.com\/fr\/vintage-posters-puzzle-adulte-de-1000-pieces-lunique-route-via-les-chutes-du-niagara-et-le-pont-suspendu-2\/p\/","name":"Vintage Posters Puzzle adulte de 1000 pi\u00e8ces - L'unique route via les chutes du Niagara et le pont suspendu","isPartOf":{"@id":"https:\/\/business.roovi.com\/fr\/#website"},"datePublished":"2018-08-02T08:38:02+00:00","dateModified":"2022-07-13T10:18:09+00:00","description":"Vintage Posters Puzzle adulte de 1000 pi\u00e8ces - L'unique route via les chutes du Niagara et le pont suspendu","breadcrumb":{"@id":"https:\/\/business.roovi.com\/fr\/vintage-posters-puzzle-adulte-de-1000-pieces-lunique-route-via-les-chutes-du-niagara-et-le-pont-suspendu-2\/p\/#breadcrumb"},"inLanguage":"fr-FR","potentialAction":[{"@type":"ReadAction","target":["https:\/\/business.roovi.com\/fr\/vintage-posters-puzzle-adulte-de-1000-pieces-lunique-route-via-les-chutes-du-niagara-et-le-pont-suspendu-2\/p\/"]}]},{"@type":"BreadcrumbList","@id":"https:\/\/business.roovi.com\/fr\/vintage-posters-puzzle-adulte-de-1000-pieces-lunique-route-via-les-chutes-du-niagara-et-le-pont-suspendu-2\/p\/#breadcrumb","itemListElement":[{"@type":"ListItem","position":1,"name":"Home","item":"https:\/\/business.roovi.com\/fr\/"},{"@type":"ListItem","position":2,"name":"Boutique","item":"https:\/\/business.roovi.com\/fr\/boutique\/"},{"@type":"ListItem","position":3,"name":"Vintage Posters Puzzle adulte de 1000 pi\u00e8ces &#8211; L&#8217;unique route via les chutes du Niagara et le pont suspendu"}]},{"@type":"WebSite","@id":"https:\/\/business.roovi.com\/fr\/#website","url":"https:\/\/business.roovi.com\/fr\/","name":"Roovi B2B","description":"Roovi Business Website","potentialAction":[{"@type":"SearchAction","target":{"@type":"EntryPoint","urlTemplate":"https:\/\/business.roovi.com\/fr\/?s={search_term_string}"},"query-input":"required name=search_term_string"}],"inLanguage":"fr-FR"}]}},"_links":{"self":[{"href":"https:\/\/business.roovi.com\/fr\/wp-json\/wp\/v2\/product\/52620","targetHints":{"allow":["GET"]}}],"collection":[{"href":"https:\/\/business.roovi.com\/fr\/wp-json\/wp\/v2\/product"}],"about":[{"href":"https:\/\/business.roovi.com\/fr\/wp-json\/wp\/v2\/types\/product"}],"version-history":[{"count":0,"href":"https:\/\/business.roovi.com\/fr\/wp-json\/wp\/v2\/product\/52620\/revisions"}],"wp:featuredmedia":[{"embeddable":true,"href":"https:\/\/business.roovi.com\/fr\/wp-json\/wp\/v2\/media\/49997"}],"wp:attachment":[{"href":"https:\/\/business.roovi.com\/fr\/wp-json\/wp\/v2\/media?parent=52620"}],"wp:term":[{"taxonomy":"product_brand","embeddable":true,"href":"https:\/\/business.roovi.com\/fr\/wp-json\/wp\/v2\/product_brand?post=52620"},{"taxonomy":"product_cat","embeddable":true,"href":"https:\/\/business.roovi.com\/fr\/wp-json\/wp\/v2\/product_cat?post=52620"},{"taxonomy":"product_tag","embeddable":true,"href":"https:\/\/business.roovi.com\/fr\/wp-json\/wp\/v2\/product_tag?post=52620"}],"curies":[{"name":"wp","href":"https:\/\/api.w.org\/{rel}","templated":true}]}}