{"id":52622,"date":"2018-08-02T08:38:02","date_gmt":"2018-08-02T08:38:02","guid":{"rendered":"https:\/\/business.roovi.com\/puzzle-adulti-1000-piese-vintage-posters-les-prevoyants-de-lavenir\/p\/"},"modified":"2022-07-13T10:18:10","modified_gmt":"2022-07-13T10:18:10","slug":"puzzle-adult-1000-pieces-vintage-posters-les-prevoyants-de-lavenir","status":"publish","type":"product","link":"https:\/\/business.roovi.com\/fr\/puzzle-adult-1000-pieces-vintage-posters-les-prevoyants-de-lavenir\/p\/","title":{"rendered":"Puzzle Adult 1000 pi\u00e8ces Vintage Posters &#8211; Les Prevoyants de L&rsquo;avenir"},"content":{"rendered":"<p><span style=\"font-weight: 400;\">Tu cherches un nouveau d\u00e9fi pour tester tes comp\u00e9tences en mati\u00e8re de reconstitution d&rsquo;\u00e9nigmes ? Nous avons une gamme passionnante de puzzles de 1000 pi\u00e8ces pour toi, avec des images de vieilles affiches que tu peux transformer en une fabuleuse collection de tableaux vintage.<\/span><\/p>\n<p><span style=\"font-weight: 400;\">Tu es curieux de savoir \u00e0 quoi ressemblaient les affiches \u00e0 la fin du 19e si\u00e8cle ? Le puzzle de 1000 pi\u00e8ces Les Prevoyants de L&rsquo;avenir reproduit une affiche publicitaire cr\u00e9\u00e9e en 1893 par un fonds de pension fran\u00e7ais pour marquer la c\u00e9l\u00e9bration de 10 millions de membres.<\/span><\/p>\n<p><span style=\"font-weight: 400;\">Le puzzle de 1000 pi\u00e8ces Les Prevoyants de L&rsquo;avenir pr\u00e9sente une abondance d&rsquo;\u00e9l\u00e9ments : des images, des couleurs, des personnages qui r\u00e9v\u00e8lent la fa\u00e7on inhabituelle dont les affiches publicitaires \u00e9taient con\u00e7ues dans les si\u00e8cles pass\u00e9s.<\/span><\/p>\n<p><span style=\"font-weight: 400;\">Nous t&rsquo;invitons \u00e0 un voyage dans le temps pour d\u00e9couvrir les plus fins d\u00e9tails d&rsquo;une \u0153uvre d&rsquo;art ancienne. Mets les pi\u00e8ces les unes apr\u00e8s les autres et profite d&rsquo;une peinture \u00e9tonnante qui reproduit fid\u00e8lement une affiche publicitaire de collection.<\/span><\/p>\n<p><span style=\"font-weight: 400;\">Caract\u00e9ristiques Puzzle vintage de 1000 pi\u00e8ces &#8211; Les Prevoyants de L&rsquo;avenir :<\/span><\/p>\n<p><strong>Taille de l&rsquo;image reconstitu\u00e9e : 50 x 70 cm.<\/strong><\/p>\n<p><strong>Mat\u00e9riau du puzzle <\/strong><\/p>\n<p><strong>carton bleu de haute qualit\u00e9<\/strong><\/p>\n<p><strong>des mat\u00e9riaux durables et recyclables<\/strong><\/p>\n<p><strong>finition semi-brillante, couleurs vives<\/strong><\/p>\n<p><strong>Nombre de pi\u00e8ces de puzzle : 1000<\/strong><\/p>\n<p><strong>\u00c2ge recommand\u00e9 : 14+<\/strong><\/p>\n<p><span style=\"font-weight: 400;\">Les jeux de r\u00e9flexion sont une fa\u00e7on cr\u00e9ative de passer ton temps libre, et en plus ils ont de multiples avantages pour la sant\u00e9 :<\/span><\/p>\n<p><span style=\"font-weight: 400;\">Ils constituent un excellent entra\u00eenement mental. L&rsquo;activit\u00e9 d&rsquo;assemblage implique les deux h\u00e9misph\u00e8res du cerveau, tu entra\u00eenes donc ta cr\u00e9ativit\u00e9 et ta pens\u00e9e logique en m\u00eame temps.<\/span><\/p>\n<p><span style=\"font-weight: 400;\">Ils am\u00e9liorent les comp\u00e9tences visuo-spatiales car, avec chaque jeu de puzzle, tu dois trouver des petites pi\u00e8ces \u00e0 int\u00e9grer dans l&rsquo;image plus grande.<\/span><\/p>\n<p><span style=\"font-weight: 400;\">Ils maintiennent la sant\u00e9 du cerveau et \u00e9loignent les maladies neurod\u00e9g\u00e9n\u00e9ratives telles que l&rsquo;Alzheimer ou la d\u00e9mence.<\/span><\/p>\n<p><span style=\"font-weight: 400;\">Ils r\u00e9duisent le stress que tu ressens au quotidien, ce qui entra\u00eene une plus grande confiance en soi, une r\u00e9duction de l&rsquo;anxi\u00e9t\u00e9 et un meilleur sommeil.<\/span><\/p>\n<p><span style=\"font-weight: 400;\">Il t&rsquo;aide \u00e0 devenir plus efficace et plus productif dans tes activit\u00e9s quotidiennes car un esprit plus d\u00e9tendu est un esprit plus concentr\u00e9.<\/span><\/p>\n<p><strong>Tu savais que&#8230; ?<\/strong><\/p>\n<p><span style=\"font-weight: 400;\">La plus ancienne forme de promotion remonte \u00e0 plusieurs si\u00e8cles <\/span><span style=\"font-weight: 400;\">XI-VII av. J.-C. et \u00e9tait pratiqu\u00e9e en Chine ? \u00c0 cette \u00e9poque, il y avait des chansons ou des po\u00e8mes chant\u00e9s par des marchands vendant divers produits.<\/span><\/p>\n<p><span style=\"font-weight: 400;\">Les anciens \u00c9gyptiens imprimaient les annonces de vente sur des feuilles de papyrus.<\/span><\/p>\n<p><span style=\"font-weight: 400;\">\u00c0 l&rsquo;\u00e9poque m\u00e9di\u00e9vale, on a vu appara\u00eetre des \u00ab\u00a0crieurs\u00a0\u00bb qui \u00e9num\u00e9raient \u00e0 haute voix les qualit\u00e9s de certains produits ou services dont ils \u00e9taient pay\u00e9s pour faire la promotion.<\/span><\/p>\n<p><span style=\"font-weight: 400;\">La premi\u00e8re publicit\u00e9 imprim\u00e9e en anglais serait un petit morceau de papier de 1472 annon\u00e7ant la vente d&rsquo;un livre de pri\u00e8res <\/span><\/p>\n<p><strong>Puzzle de 1000 pi\u00e8ces : un moyen incroyable de d\u00e9couvrir le pass\u00e9<\/strong><\/p>\n<p><span style=\"font-weight: 400;\">Au-del\u00e0 du c\u00f4t\u00e9 ludique et des avantages pour la sant\u00e9 qu&rsquo;il te procure, ce puzzle pour adultes peut aussi \u00eatre un moyen d&rsquo;apprendre le pass\u00e9 de la publicit\u00e9. Voyage dans le temps et vis l&rsquo;excitation du progr\u00e8s que les gens de cette \u00e9poque ont connu gr\u00e2ce \u00e0 ce jeu de puzzle fascinant.<\/span><\/p>\n<p><span style=\"font-weight: 400;\">De plus, tu as la possibilit\u00e9 de cr\u00e9er un tableau fabuleux qui fera ressortir l&rsquo;anonymat de n&rsquo;importe quel endroit terne de ta maison auquel tu veux donner de la personnalit\u00e9.<\/span><\/p>\n<p><span style=\"font-weight: 400;\">Choisis un puzzle de 1000 pi\u00e8ces <\/span><span style=\"font-weight: 400;\">Les Prevoyants de L&rsquo;avenir et compl\u00e8te ta collection de puzzles vintage avec une \u0153uvre d&rsquo;art exceptionnelle. Si tu cherches un cadeau sp\u00e9cial pour un ami cher, le puzzle de 1000 pi\u00e8ces Les Prevoyants de L&rsquo;avenir pourrait \u00eatre un choix inspir\u00e9 <\/span><\/p><\/p>\n","protected":false},"excerpt":{"rendered":"<p>Tu cherches un nouveau d\u00e9fi pour tester tes comp\u00e9tences en mati\u00e8re de reconstitution d&rsquo;\u00e9nigmes ? Nous avons une gamme passionnante<\/p>\n","protected":false},"featured_media":50005,"template":"","meta":[],"product_brand":[],"product_cat":[2314,2316,2315],"product_tag":[],"class_list":{"0":"post-52622","1":"product","2":"type-product","3":"status-publish","4":"has-post-thumbnail","6":"product_cat-puzzles-fr","7":"product_cat-puzzles-de-1000-pieces","8":"product_cat-puzzles-pour-adultes","9":"pa_brand-d_toys-fr","10":"pa_country_of_manufacture-ro-fr","11":"pa_filter_age-14-fr","12":"pa_painter-posters-vintage","13":"pa_tip_ambalaj-boite","14":"pa_tip_puzzle-classique","16":"first","17":"instock","18":"taxable","19":"shipping-taxable","20":"product-type-simple"},"yoast_head":"<!-- This site is optimized with the Yoast SEO plugin v20.1 - https:\/\/yoast.com\/wordpress\/plugins\/seo\/ -->\n<title>Puzzle Adult 1000 pi\u00e8ces Vintage Posters - Les Prevoyants de L&#039;avenir<\/title>\n<meta name=\"description\" content=\"Puzzle Adult 1000 pi\u00e8ces Vintage Posters - Les Prevoyants de L&#039;avenir\" \/>\n<meta name=\"robots\" content=\"index, follow, max-snippet:-1, max-image-preview:large, max-video-preview:-1\" \/>\n<link rel=\"canonical\" href=\"https:\/\/business.roovi.com\/fr\/puzzle-adult-1000-pieces-vintage-posters-les-prevoyants-de-lavenir\/p\/\" \/>\n<meta property=\"og:locale\" content=\"fr_FR\" \/>\n<meta property=\"og:type\" content=\"article\" \/>\n<meta property=\"og:title\" content=\"Puzzle Adult 1000 pi\u00e8ces Vintage Posters - Les Prevoyants de L&#039;avenir\" \/>\n<meta property=\"og:description\" content=\"Puzzle Adult 1000 pi\u00e8ces Vintage Posters - Les Prevoyants de L&#039;avenir\" \/>\n<meta property=\"og:url\" content=\"https:\/\/business.roovi.com\/fr\/puzzle-adult-1000-pieces-vintage-posters-les-prevoyants-de-lavenir\/p\/\" \/>\n<meta property=\"og:site_name\" content=\"Roovi B2B\" \/>\n<meta property=\"article:publisher\" content=\"https:\/\/www.facebook.com\/wwwjucariero\" \/>\n<meta property=\"article:modified_time\" content=\"2022-07-13T10:18:10+00:00\" \/>\n<meta property=\"og:image\" content=\"https:\/\/business.roovi.com\/wp-content\/uploads\/2018\/08\/67555-20_ansamblu_dimensiuni_cutie_cm_vertical_1200x1200.png\" \/>\n\t<meta property=\"og:image:width\" content=\"1200\" \/>\n\t<meta property=\"og:image:height\" content=\"1200\" \/>\n\t<meta property=\"og:image:type\" content=\"image\/png\" \/>\n<meta name=\"twitter:label1\" content=\"Dur\u00e9e de lecture estim\u00e9e\" \/>\n\t<meta name=\"twitter:data1\" content=\"3 minutes\" \/>\n<script type=\"application\/ld+json\" class=\"yoast-schema-graph\">{\"@context\":\"https:\/\/schema.org\",\"@graph\":[{\"@type\":\"WebPage\",\"@id\":\"https:\/\/business.roovi.com\/fr\/puzzle-adult-1000-pieces-vintage-posters-les-prevoyants-de-lavenir\/p\/\",\"url\":\"https:\/\/business.roovi.com\/fr\/puzzle-adult-1000-pieces-vintage-posters-les-prevoyants-de-lavenir\/p\/\",\"name\":\"Puzzle Adult 1000 pi\u00e8ces Vintage Posters - Les Prevoyants de L'avenir\",\"isPartOf\":{\"@id\":\"https:\/\/business.roovi.com\/fr\/#website\"},\"datePublished\":\"2018-08-02T08:38:02+00:00\",\"dateModified\":\"2022-07-13T10:18:10+00:00\",\"description\":\"Puzzle Adult 1000 pi\u00e8ces Vintage Posters - Les Prevoyants de L'avenir\",\"breadcrumb\":{\"@id\":\"https:\/\/business.roovi.com\/fr\/puzzle-adult-1000-pieces-vintage-posters-les-prevoyants-de-lavenir\/p\/#breadcrumb\"},\"inLanguage\":\"fr-FR\",\"potentialAction\":[{\"@type\":\"ReadAction\",\"target\":[\"https:\/\/business.roovi.com\/fr\/puzzle-adult-1000-pieces-vintage-posters-les-prevoyants-de-lavenir\/p\/\"]}]},{\"@type\":\"BreadcrumbList\",\"@id\":\"https:\/\/business.roovi.com\/fr\/puzzle-adult-1000-pieces-vintage-posters-les-prevoyants-de-lavenir\/p\/#breadcrumb\",\"itemListElement\":[{\"@type\":\"ListItem\",\"position\":1,\"name\":\"Home\",\"item\":\"https:\/\/business.roovi.com\/fr\/\"},{\"@type\":\"ListItem\",\"position\":2,\"name\":\"Boutique\",\"item\":\"https:\/\/business.roovi.com\/fr\/boutique\/\"},{\"@type\":\"ListItem\",\"position\":3,\"name\":\"Puzzle Adult 1000 pi\u00e8ces Vintage Posters &#8211; Les Prevoyants de L&#8217;avenir\"}]},{\"@type\":\"WebSite\",\"@id\":\"https:\/\/business.roovi.com\/fr\/#website\",\"url\":\"https:\/\/business.roovi.com\/fr\/\",\"name\":\"Roovi B2B\",\"description\":\"Roovi Business Website\",\"potentialAction\":[{\"@type\":\"SearchAction\",\"target\":{\"@type\":\"EntryPoint\",\"urlTemplate\":\"https:\/\/business.roovi.com\/fr\/?s={search_term_string}\"},\"query-input\":\"required name=search_term_string\"}],\"inLanguage\":\"fr-FR\"}]}<\/script>\n<!-- \/ Yoast SEO plugin. -->","yoast_head_json":{"title":"Puzzle Adult 1000 pi\u00e8ces Vintage Posters - Les Prevoyants de L'avenir","description":"Puzzle Adult 1000 pi\u00e8ces Vintage Posters - Les Prevoyants de L'avenir","robots":{"index":"index","follow":"follow","max-snippet":"max-snippet:-1","max-image-preview":"max-image-preview:large","max-video-preview":"max-video-preview:-1"},"canonical":"https:\/\/business.roovi.com\/fr\/puzzle-adult-1000-pieces-vintage-posters-les-prevoyants-de-lavenir\/p\/","og_locale":"fr_FR","og_type":"article","og_title":"Puzzle Adult 1000 pi\u00e8ces Vintage Posters - Les Prevoyants de L'avenir","og_description":"Puzzle Adult 1000 pi\u00e8ces Vintage Posters - Les Prevoyants de L'avenir","og_url":"https:\/\/business.roovi.com\/fr\/puzzle-adult-1000-pieces-vintage-posters-les-prevoyants-de-lavenir\/p\/","og_site_name":"Roovi B2B","article_publisher":"https:\/\/www.facebook.com\/wwwjucariero","article_modified_time":"2022-07-13T10:18:10+00:00","og_image":[{"width":1200,"height":1200,"url":"https:\/\/business.roovi.com\/wp-content\/uploads\/2018\/08\/67555-20_ansamblu_dimensiuni_cutie_cm_vertical_1200x1200.png","type":"image\/png"}],"twitter_misc":{"Dur\u00e9e de lecture estim\u00e9e":"3 minutes"},"schema":{"@context":"https:\/\/schema.org","@graph":[{"@type":"WebPage","@id":"https:\/\/business.roovi.com\/fr\/puzzle-adult-1000-pieces-vintage-posters-les-prevoyants-de-lavenir\/p\/","url":"https:\/\/business.roovi.com\/fr\/puzzle-adult-1000-pieces-vintage-posters-les-prevoyants-de-lavenir\/p\/","name":"Puzzle Adult 1000 pi\u00e8ces Vintage Posters - Les Prevoyants de L'avenir","isPartOf":{"@id":"https:\/\/business.roovi.com\/fr\/#website"},"datePublished":"2018-08-02T08:38:02+00:00","dateModified":"2022-07-13T10:18:10+00:00","description":"Puzzle Adult 1000 pi\u00e8ces Vintage Posters - Les Prevoyants de L'avenir","breadcrumb":{"@id":"https:\/\/business.roovi.com\/fr\/puzzle-adult-1000-pieces-vintage-posters-les-prevoyants-de-lavenir\/p\/#breadcrumb"},"inLanguage":"fr-FR","potentialAction":[{"@type":"ReadAction","target":["https:\/\/business.roovi.com\/fr\/puzzle-adult-1000-pieces-vintage-posters-les-prevoyants-de-lavenir\/p\/"]}]},{"@type":"BreadcrumbList","@id":"https:\/\/business.roovi.com\/fr\/puzzle-adult-1000-pieces-vintage-posters-les-prevoyants-de-lavenir\/p\/#breadcrumb","itemListElement":[{"@type":"ListItem","position":1,"name":"Home","item":"https:\/\/business.roovi.com\/fr\/"},{"@type":"ListItem","position":2,"name":"Boutique","item":"https:\/\/business.roovi.com\/fr\/boutique\/"},{"@type":"ListItem","position":3,"name":"Puzzle Adult 1000 pi\u00e8ces Vintage Posters &#8211; Les Prevoyants de L&#8217;avenir"}]},{"@type":"WebSite","@id":"https:\/\/business.roovi.com\/fr\/#website","url":"https:\/\/business.roovi.com\/fr\/","name":"Roovi B2B","description":"Roovi Business Website","potentialAction":[{"@type":"SearchAction","target":{"@type":"EntryPoint","urlTemplate":"https:\/\/business.roovi.com\/fr\/?s={search_term_string}"},"query-input":"required name=search_term_string"}],"inLanguage":"fr-FR"}]}},"_links":{"self":[{"href":"https:\/\/business.roovi.com\/fr\/wp-json\/wp\/v2\/product\/52622","targetHints":{"allow":["GET"]}}],"collection":[{"href":"https:\/\/business.roovi.com\/fr\/wp-json\/wp\/v2\/product"}],"about":[{"href":"https:\/\/business.roovi.com\/fr\/wp-json\/wp\/v2\/types\/product"}],"version-history":[{"count":0,"href":"https:\/\/business.roovi.com\/fr\/wp-json\/wp\/v2\/product\/52622\/revisions"}],"wp:featuredmedia":[{"embeddable":true,"href":"https:\/\/business.roovi.com\/fr\/wp-json\/wp\/v2\/media\/50005"}],"wp:attachment":[{"href":"https:\/\/business.roovi.com\/fr\/wp-json\/wp\/v2\/media?parent=52622"}],"wp:term":[{"taxonomy":"product_brand","embeddable":true,"href":"https:\/\/business.roovi.com\/fr\/wp-json\/wp\/v2\/product_brand?post=52622"},{"taxonomy":"product_cat","embeddable":true,"href":"https:\/\/business.roovi.com\/fr\/wp-json\/wp\/v2\/product_cat?post=52622"},{"taxonomy":"product_tag","embeddable":true,"href":"https:\/\/business.roovi.com\/fr\/wp-json\/wp\/v2\/product_tag?post=52622"}],"curies":[{"name":"wp","href":"https:\/\/api.w.org\/{rel}","templated":true}]}}