{"id":52626,"date":"2018-08-02T08:38:02","date_gmt":"2018-08-02T08:38:02","guid":{"rendered":"https:\/\/business.roovi.com\/puzzle-adulti-1000-piese-gustav-klimt-death-and-life\/p\/"},"modified":"2022-07-13T10:18:14","modified_gmt":"2022-07-13T10:18:14","slug":"puzzle-adulte-1000-pieces-gustav-klimt-mort-et-vie-2","status":"publish","type":"product","link":"https:\/\/business.roovi.com\/fr\/puzzle-adulte-1000-pieces-gustav-klimt-mort-et-vie-2\/p\/","title":{"rendered":"Puzzle adulte 1000 pi\u00e8ces Gustav Klimt &#8211; Mort et Vie"},"content":{"rendered":"<p><span style=\"font-weight: 400;\">Tu veux te d\u00e9connecter des \u00e9crans ? D\u00e9couvre le plaisir de faire des puzzles pour adultes. Choisis des puzzles de 1000 pi\u00e8ces parmi la plus grande collection de puzzles d&rsquo;art de Roumanie et d\u00e9tends-toi en assemblant des images des peintures les plus spectaculaires du monde. Tu auras jusqu&rsquo;\u00e0 30 heures de plaisir relaxant, et tu seras propri\u00e9taire de chefs-d&rsquo;\u0153uvre cr\u00e9\u00e9s de tes propres mains <\/span><\/p>\n<p><span style=\"font-weight: 400;\">Le puzzle de 1000 pi\u00e8ces Gustav Klimt &#8211; Death and Life\/Moiti\u00e9 et vie met en avant deux symboles puissants : la vie et la mort. Un cr\u00e2ne grima\u00e7ant, recouvert d&rsquo;un manteau sombre, plein de croix noires, r\u00e9v\u00e8le la mort. Plusieurs jeunes femmes sont allong\u00e9es sur un lit de fleurs, et une nouvelle vie &#8211; un enfant, \u00e9merge de leurs mains. Un homme embrasse une femme avec ses bras venteux. Quel spectacle sublime que la vie et la mort ! Assemble le puzzle de 1000 pi\u00e8ces Gustav Klimt &#8211; Mort et Vie et tu pourras toi aussi avoir cette \u0153uvre d&rsquo;art.<\/span><\/p>\n<p><span style=\"font-weight: 400;\">Lis plus sur le puzzle artistique Gustav Klimt &#8211; Mort et Vie ci-dessous :<\/span><\/p>\n<p><strong>Taille de l&rsquo;image reconstitu\u00e9e : 50 x 70 cm <\/strong><\/p>\n<p><strong>Mat\u00e9riau du puzzle <\/strong><\/p>\n<p><strong>carton bleu de haute qualit\u00e9<\/strong><\/p>\n<p><strong>des mat\u00e9riaux durables et recyclables<\/strong><\/p>\n<p><strong>finition semi-brillante, couleurs vives<\/strong><\/p>\n<p><strong>Nombre de pi\u00e8ces de puzzle : 1000<\/strong><\/p>\n<p><strong>\u00c2ge recommand\u00e9 : 14+<\/strong><\/p>\n<p><strong>Les jeux de puzzle gardent ton cerveau en bonne sant\u00e9<\/strong><\/p>\n<p><span style=\"font-weight: 400;\">Des \u00e9tudes montrent que les puzzles pour adultes font des merveilles pour ton cerveau. Cette activit\u00e9 relaxante entra\u00eene le cerveau et le garde en bonne sant\u00e9. De plus, il s&rsquo;av\u00e8re que les personnes qui passent au moins 30 minutes par jour \u00e0 assembler des jeux de puzzle ont un risque plus faible de d\u00e9velopper la maladie d&rsquo;Alzheimer ou d&rsquo;autres troubles de la m\u00e9moire.<\/span><\/p>\n<p><strong>Les jeux de puzzle te rapprochent de tes proches<\/strong><\/p>\n<p><span style=\"font-weight: 400;\">Transforme ton puzzle de 1000 pi\u00e8ces en un jeu de soci\u00e9t\u00e9 ! Assemble des puzzles d&rsquo;art \u00e9tonnants avec des images de tableaux c\u00e9l\u00e8bres en famille ou entre amis. C&rsquo;est une excellente occasion de passer du temps de qualit\u00e9 avec tes proches.<\/span><\/p>\n<p><strong>Quelques informations sur <\/strong><strong><em>La mort et la vie<\/em><\/strong><strong> de Gustav Klimt <\/strong><\/p>\n<p><span style=\"font-weight: 400;\">Le travail <\/span><em><span style=\"font-weight: 400;\">La mort et la vie<\/span><\/em><span style=\"font-weight: 400;\"> de Klimt a re\u00e7u le premier prix de l&rsquo;Exposition universelle de Rome en 1911.<\/span><\/p>\n<p><span style=\"font-weight: 400;\">La mort et la vie sont des th\u00e8mes centraux dans la plupart des \u0153uvres de Klimt.<\/span><\/p>\n<p><span style=\"font-weight: 400;\">Il y a une surrepr\u00e9sentation des femmes dans le tableau, ce qui peut sugg\u00e9rer que les femmes sont la source de toute vie.<\/span><\/p>\n<p><span style=\"font-weight: 400;\"> En 1915, alors qu&rsquo;elle avait d\u00e9j\u00e0 \u00e9t\u00e9 expos\u00e9e cinq fois, Klimt a modifi\u00e9 son \u0153uvre <\/span><em><span style=\"font-weight: 400;\">La mort et la vie, <\/span><\/em><span style=\"font-weight: 400;\">pour des raisons qu&rsquo;il n&rsquo;a jamais r\u00e9v\u00e9l\u00e9es \u00e0 personne. Il a chang\u00e9 le fond d&rsquo;or en gris et a ajout\u00e9 quelques mosa\u00efques.<\/span><\/p>\n<p><span style=\"font-weight: 400;\">D&rsquo;une nature discr\u00e8te, Klimt ne laissait pas grand-chose para\u00eetre de sa vie personnelle. Mais il se r\u00e9v\u00e8le \u00e0 travers ses \u0153uvres, qui sont extr\u00eamement personnelles et impr\u00e9gn\u00e9es de ses m\u00e9ditations sur la vie, le sexe, le d\u00e9sir et la mort.<\/span><\/p>\n<p><strong>Les puzzles d&rsquo;art et leurs avantages \u00e9tonnants<\/strong><\/p>\n<p><span style=\"font-weight: 400;\">Faire un puzzle artistique est un plaisir et une bonne occasion de d\u00e9velopper plusieurs comp\u00e9tences, notamment :<\/span><\/p>\n<ul>\n<li><span style=\"font-weight: 400;\">Sens esth\u00e9tique<\/span><\/li>\n<li><span style=\"font-weight: 400;\">Imagination<\/span><\/li>\n<li><span style=\"font-weight: 400;\">M\u00e9moire<\/span><\/li>\n<li><span style=\"font-weight: 400;\">Comp\u00e9tences d&rsquo;assemblage de puzzles.<\/span><\/li>\n<\/ul>\n<p><span style=\"font-weight: 400;\">Ach\u00e8te maintenant le puzzle de 1000 pi\u00e8ces Gustav Klimt &#8211; Death and Life\/Moiti\u00e9 et vie et fais l&rsquo;exp\u00e9rience d&rsquo;une activit\u00e9 amusante et relaxante. Compl\u00e8te l&rsquo;image avec le c\u00e9l\u00e8bre tableau et cr\u00e9e un merveilleux tableau d&rsquo;art \u00e0 partir d&rsquo;un puzzle sp\u00e9cial pour adultes.<\/span><\/p>\n<p><span style=\"font-weight: 400;\">Offre le cadeau de 1000 pi\u00e8ces du puzzle Gustav Klimt &#8211; Mort et Vie de la collection de puzzles d&rsquo;art et rends ton meilleur ami heureux !<\/span><\/p><\/p>\n","protected":false},"excerpt":{"rendered":"<p>Tu veux te d\u00e9connecter des \u00e9crans ? D\u00e9couvre le plaisir de faire des puzzles pour adultes. Choisis des puzzles de<\/p>\n","protected":false},"featured_media":50012,"template":"","meta":[],"product_brand":[],"product_cat":[2314,2316,2315],"product_tag":[],"class_list":{"0":"post-52626","1":"product","2":"type-product","3":"status-publish","4":"has-post-thumbnail","6":"product_cat-puzzles-fr","7":"product_cat-puzzles-de-1000-pieces","8":"product_cat-puzzles-pour-adultes","9":"pa_brand-d_toys-fr","10":"pa_country_of_manufacture-ro-fr","11":"pa_filter_age-14-fr","12":"pa_painter-gustavklimt-fr","13":"pa_tip_ambalaj-boite","14":"pa_tip_puzzle-classique","16":"first","17":"instock","18":"taxable","19":"shipping-taxable","20":"product-type-simple"},"yoast_head":"<!-- This site is optimized with the Yoast SEO plugin v20.1 - https:\/\/yoast.com\/wordpress\/plugins\/seo\/ -->\n<title>Puzzle adulte 1000 pi\u00e8ces Gustav Klimt - Mort et Vie<\/title>\n<meta name=\"description\" content=\"Puzzle adulte 1000 pi\u00e8ces Gustav Klimt - Mort et Vie\" \/>\n<meta name=\"robots\" content=\"index, follow, max-snippet:-1, max-image-preview:large, max-video-preview:-1\" \/>\n<link rel=\"canonical\" href=\"https:\/\/business.roovi.com\/fr\/puzzle-adulte-1000-pieces-gustav-klimt-mort-et-vie-2\/p\/\" \/>\n<meta property=\"og:locale\" content=\"fr_FR\" \/>\n<meta property=\"og:type\" content=\"article\" \/>\n<meta property=\"og:title\" content=\"Puzzle adulte 1000 pi\u00e8ces Gustav Klimt - Mort et Vie\" \/>\n<meta property=\"og:description\" content=\"Puzzle adulte 1000 pi\u00e8ces Gustav Klimt - Mort et Vie\" \/>\n<meta property=\"og:url\" content=\"https:\/\/business.roovi.com\/fr\/puzzle-adulte-1000-pieces-gustav-klimt-mort-et-vie-2\/p\/\" \/>\n<meta property=\"og:site_name\" content=\"Roovi B2B\" \/>\n<meta property=\"article:publisher\" content=\"https:\/\/www.facebook.com\/wwwjucariero\" \/>\n<meta property=\"article:modified_time\" content=\"2022-07-13T10:18:14+00:00\" \/>\n<meta property=\"og:image\" content=\"https:\/\/business.roovi.com\/wp-content\/uploads\/2018\/08\/66923-10_ansamblu_dimensiuni_cutie_cm_orizontal_1200x1200.png\" \/>\n\t<meta property=\"og:image:width\" content=\"1200\" \/>\n\t<meta property=\"og:image:height\" content=\"1200\" \/>\n\t<meta property=\"og:image:type\" content=\"image\/png\" \/>\n<meta name=\"twitter:label1\" content=\"Dur\u00e9e de lecture estim\u00e9e\" \/>\n\t<meta name=\"twitter:data1\" content=\"3 minutes\" \/>\n<script type=\"application\/ld+json\" class=\"yoast-schema-graph\">{\"@context\":\"https:\/\/schema.org\",\"@graph\":[{\"@type\":\"WebPage\",\"@id\":\"https:\/\/business.roovi.com\/fr\/puzzle-adulte-1000-pieces-gustav-klimt-mort-et-vie-2\/p\/\",\"url\":\"https:\/\/business.roovi.com\/fr\/puzzle-adulte-1000-pieces-gustav-klimt-mort-et-vie-2\/p\/\",\"name\":\"Puzzle adulte 1000 pi\u00e8ces Gustav Klimt - Mort et Vie\",\"isPartOf\":{\"@id\":\"https:\/\/business.roovi.com\/fr\/#website\"},\"datePublished\":\"2018-08-02T08:38:02+00:00\",\"dateModified\":\"2022-07-13T10:18:14+00:00\",\"description\":\"Puzzle adulte 1000 pi\u00e8ces Gustav Klimt - Mort et Vie\",\"breadcrumb\":{\"@id\":\"https:\/\/business.roovi.com\/fr\/puzzle-adulte-1000-pieces-gustav-klimt-mort-et-vie-2\/p\/#breadcrumb\"},\"inLanguage\":\"fr-FR\",\"potentialAction\":[{\"@type\":\"ReadAction\",\"target\":[\"https:\/\/business.roovi.com\/fr\/puzzle-adulte-1000-pieces-gustav-klimt-mort-et-vie-2\/p\/\"]}]},{\"@type\":\"BreadcrumbList\",\"@id\":\"https:\/\/business.roovi.com\/fr\/puzzle-adulte-1000-pieces-gustav-klimt-mort-et-vie-2\/p\/#breadcrumb\",\"itemListElement\":[{\"@type\":\"ListItem\",\"position\":1,\"name\":\"Home\",\"item\":\"https:\/\/business.roovi.com\/fr\/\"},{\"@type\":\"ListItem\",\"position\":2,\"name\":\"Boutique\",\"item\":\"https:\/\/business.roovi.com\/fr\/boutique\/\"},{\"@type\":\"ListItem\",\"position\":3,\"name\":\"Puzzle adulte 1000 pi\u00e8ces Gustav Klimt &#8211; Mort et Vie\"}]},{\"@type\":\"WebSite\",\"@id\":\"https:\/\/business.roovi.com\/fr\/#website\",\"url\":\"https:\/\/business.roovi.com\/fr\/\",\"name\":\"Roovi B2B\",\"description\":\"Roovi Business Website\",\"potentialAction\":[{\"@type\":\"SearchAction\",\"target\":{\"@type\":\"EntryPoint\",\"urlTemplate\":\"https:\/\/business.roovi.com\/fr\/?s={search_term_string}\"},\"query-input\":\"required name=search_term_string\"}],\"inLanguage\":\"fr-FR\"}]}<\/script>\n<!-- \/ Yoast SEO plugin. -->","yoast_head_json":{"title":"Puzzle adulte 1000 pi\u00e8ces Gustav Klimt - Mort et Vie","description":"Puzzle adulte 1000 pi\u00e8ces Gustav Klimt - Mort et Vie","robots":{"index":"index","follow":"follow","max-snippet":"max-snippet:-1","max-image-preview":"max-image-preview:large","max-video-preview":"max-video-preview:-1"},"canonical":"https:\/\/business.roovi.com\/fr\/puzzle-adulte-1000-pieces-gustav-klimt-mort-et-vie-2\/p\/","og_locale":"fr_FR","og_type":"article","og_title":"Puzzle adulte 1000 pi\u00e8ces Gustav Klimt - Mort et Vie","og_description":"Puzzle adulte 1000 pi\u00e8ces Gustav Klimt - Mort et Vie","og_url":"https:\/\/business.roovi.com\/fr\/puzzle-adulte-1000-pieces-gustav-klimt-mort-et-vie-2\/p\/","og_site_name":"Roovi B2B","article_publisher":"https:\/\/www.facebook.com\/wwwjucariero","article_modified_time":"2022-07-13T10:18:14+00:00","og_image":[{"width":1200,"height":1200,"url":"https:\/\/business.roovi.com\/wp-content\/uploads\/2018\/08\/66923-10_ansamblu_dimensiuni_cutie_cm_orizontal_1200x1200.png","type":"image\/png"}],"twitter_misc":{"Dur\u00e9e de lecture estim\u00e9e":"3 minutes"},"schema":{"@context":"https:\/\/schema.org","@graph":[{"@type":"WebPage","@id":"https:\/\/business.roovi.com\/fr\/puzzle-adulte-1000-pieces-gustav-klimt-mort-et-vie-2\/p\/","url":"https:\/\/business.roovi.com\/fr\/puzzle-adulte-1000-pieces-gustav-klimt-mort-et-vie-2\/p\/","name":"Puzzle adulte 1000 pi\u00e8ces Gustav Klimt - Mort et Vie","isPartOf":{"@id":"https:\/\/business.roovi.com\/fr\/#website"},"datePublished":"2018-08-02T08:38:02+00:00","dateModified":"2022-07-13T10:18:14+00:00","description":"Puzzle adulte 1000 pi\u00e8ces Gustav Klimt - Mort et Vie","breadcrumb":{"@id":"https:\/\/business.roovi.com\/fr\/puzzle-adulte-1000-pieces-gustav-klimt-mort-et-vie-2\/p\/#breadcrumb"},"inLanguage":"fr-FR","potentialAction":[{"@type":"ReadAction","target":["https:\/\/business.roovi.com\/fr\/puzzle-adulte-1000-pieces-gustav-klimt-mort-et-vie-2\/p\/"]}]},{"@type":"BreadcrumbList","@id":"https:\/\/business.roovi.com\/fr\/puzzle-adulte-1000-pieces-gustav-klimt-mort-et-vie-2\/p\/#breadcrumb","itemListElement":[{"@type":"ListItem","position":1,"name":"Home","item":"https:\/\/business.roovi.com\/fr\/"},{"@type":"ListItem","position":2,"name":"Boutique","item":"https:\/\/business.roovi.com\/fr\/boutique\/"},{"@type":"ListItem","position":3,"name":"Puzzle adulte 1000 pi\u00e8ces Gustav Klimt &#8211; Mort et Vie"}]},{"@type":"WebSite","@id":"https:\/\/business.roovi.com\/fr\/#website","url":"https:\/\/business.roovi.com\/fr\/","name":"Roovi B2B","description":"Roovi Business Website","potentialAction":[{"@type":"SearchAction","target":{"@type":"EntryPoint","urlTemplate":"https:\/\/business.roovi.com\/fr\/?s={search_term_string}"},"query-input":"required name=search_term_string"}],"inLanguage":"fr-FR"}]}},"_links":{"self":[{"href":"https:\/\/business.roovi.com\/fr\/wp-json\/wp\/v2\/product\/52626","targetHints":{"allow":["GET"]}}],"collection":[{"href":"https:\/\/business.roovi.com\/fr\/wp-json\/wp\/v2\/product"}],"about":[{"href":"https:\/\/business.roovi.com\/fr\/wp-json\/wp\/v2\/types\/product"}],"version-history":[{"count":0,"href":"https:\/\/business.roovi.com\/fr\/wp-json\/wp\/v2\/product\/52626\/revisions"}],"wp:featuredmedia":[{"embeddable":true,"href":"https:\/\/business.roovi.com\/fr\/wp-json\/wp\/v2\/media\/50012"}],"wp:attachment":[{"href":"https:\/\/business.roovi.com\/fr\/wp-json\/wp\/v2\/media?parent=52626"}],"wp:term":[{"taxonomy":"product_brand","embeddable":true,"href":"https:\/\/business.roovi.com\/fr\/wp-json\/wp\/v2\/product_brand?post=52626"},{"taxonomy":"product_cat","embeddable":true,"href":"https:\/\/business.roovi.com\/fr\/wp-json\/wp\/v2\/product_cat?post=52626"},{"taxonomy":"product_tag","embeddable":true,"href":"https:\/\/business.roovi.com\/fr\/wp-json\/wp\/v2\/product_tag?post=52626"}],"curies":[{"name":"wp","href":"https:\/\/api.w.org\/{rel}","templated":true}]}}