{"id":52652,"date":"2018-08-02T08:38:01","date_gmt":"2018-08-02T08:38:01","guid":{"rendered":"https:\/\/business.roovi.com\/puzzle-adulti-1000-piese-vintage-collage-paper-money-bancnote\/p\/"},"modified":"2022-07-13T10:18:27","modified_gmt":"2022-07-13T10:18:27","slug":"puzzle-adulte-1000-pieces-vintage-collage-papier-monnaie-billets-de-banque","status":"publish","type":"product","link":"https:\/\/business.roovi.com\/fr\/puzzle-adulte-1000-pieces-vintage-collage-papier-monnaie-billets-de-banque\/p\/","title":{"rendered":"Puzzle Adulte 1000 pi\u00e8ces Vintage Collage &#8211; Papier monnaie \/ Billets de banque"},"content":{"rendered":"<p><span style=\"font-weight: 400;\">Le puzzle de 1000 pi\u00e8ces en papier-monnaie de la collection de puzzles vintage te met au d\u00e9fi d&rsquo;\u00eatre un v\u00e9ritable chasseur de tr\u00e9sors qui d\u00e9couvre les billets de banque les plus pr\u00e9cieux du monde.<\/span><\/p>\n<p><span style=\"font-weight: 400;\">Es-tu pr\u00eat \u00e0 faire passer le jeu de puzzle au niveau sup\u00e9rieur ? Le mod\u00e8le de monnaie de papier de la collection de puzzles \u00e0 collage vintage de 1000 pi\u00e8ces demandera s\u00fbrement toute ton attention. Le puzzle de 1000 pi\u00e8ces en papier-monnaie illustre de nombreux billets de banque de diff\u00e9rents coins du monde, d&rsquo;\u00e9poques pass\u00e9es, mais aussi plus proches de l&rsquo;\u00e9poque contemporaine.<\/span><\/p>\n<p><span style=\"font-weight: 400;\">Ce puzzle complexe te rappellera le passe-temps de collectionneur de billets de banque que tu as peut-\u00eatre eu dans ton enfance. Ou ta passion actuelle pour l&rsquo;art vintage. Quelle que soit la cat\u00e9gorie \u00e0 laquelle tu appartiens, le puzzle de 1000 pi\u00e8ces de billets de banque t&rsquo;incite \u00e0 l&rsquo;aventure et \u00e0 l&rsquo;apprentissage <\/span><\/p>\n<p><span style=\"font-weight: 400;\">Tu peux utiliser une table basse standard pour recr\u00e9er l&rsquo;image du puzzle de 1000 pi\u00e8ces. La photo que tu obtiens est de 50 x 70 cm.<\/span><\/p>\n<p><span style=\"font-weight: 400;\">Autres caract\u00e9ristiques du puzzle du coll\u00e8ge vintage &#8211; billets de banque :<\/span><\/p>\n<p><strong>Taille de l&rsquo;image reconstruite : 50 x 70 cm.<\/strong><\/p>\n<p><strong>Mat\u00e9riau du puzzle <\/strong><\/p>\n<p><strong>carton bleu de haute qualit\u00e9<\/strong><\/p>\n<p><strong>des mat\u00e9riaux durables et recyclables<\/strong><\/p>\n<p><strong>finition semi-brillante, couleurs vives<\/strong><\/p>\n<p><strong>Nombre de pi\u00e8ces de puzzle : 1000<\/strong><\/p>\n<p><strong>\u00c2ge recommand\u00e9 : 14+<\/strong><\/p>\n<p><strong>Pourquoi est-ce si sp\u00e9cial ? Puzzle collage vintage de 1000 pi\u00e8ces &#8211; papier monnaie<\/strong><span style=\"font-weight: 400;\">?<\/span><\/p>\n<p><span style=\"font-weight: 400;\">D\u00e9veloppe ton attention aux d\u00e9tails et ta capacit\u00e9 \u00e0 te concentrer.<\/span><\/p>\n<p><span style=\"font-weight: 400;\">C&rsquo;est un entra\u00eenement mental complet qui maintient ton cerveau en bonne sant\u00e9.<\/span><\/p>\n<p><span style=\"font-weight: 400;\">Tu obtiens une superbe \u0153uvre d&rsquo;art vintage qui donnera \u00e0 ta maison une touche sp\u00e9ciale.<\/span><\/p>\n<p><span style=\"font-weight: 400;\">C&rsquo;est l&rsquo;occasion de passer jusqu&rsquo;\u00e0 30 heures d\u00e9branch\u00e9es de tes \u00e9crans.<\/span><\/p>\n<p><span style=\"font-weight: 400;\">Cela peut aussi \u00eatre une excellente occasion de passer du temps de qualit\u00e9 avec des amis.<\/span><\/p>\n<p><strong>Tu savais que&#8230; ?<\/strong><\/p>\n<p><span style=\"font-weight: 400;\">Le plus vieux billet de banque encore en circulation dans le monde est d&rsquo;origine chinoise, il date de 1375 et peut \u00eatre admir\u00e9 aujourd&rsquo;hui encore au British Museum.<\/span><\/p>\n<p><span style=\"font-weight: 400;\">La Roumanie est le premier pays d&rsquo;Europe \u00e0 imprimer des billets de banque sur du plastique.<\/span><\/p>\n<p><span style=\"font-weight: 400;\">La reine Elizabeth II est la figure royale qui est apparue sur les billets de banque de plus de 30 pays.<\/span><\/p>\n<p><span style=\"font-weight: 400;\">La Roumanie d\u00e9tient le record du plus petit billet de banque du monde. Il s&rsquo;agit du billet de 10 bani \u00e9mis par le roi Ferdinand en 1917 <\/span><\/p>\n<p><strong>Puzzle collage vintage de 1000 pi\u00e8ces &#8211; billets de banque pour se d\u00e9tendre et se relaxer<\/strong><\/p>\n<p><span style=\"font-weight: 400;\">D\u00e9couvre dans ce jeu de puzzle de haute difficult\u00e9 un moyen de vider ton esprit des pens\u00e9es et \u00e9nergies n\u00e9gatives. Cherche comme un vrai d\u00e9tective les bonnes pi\u00e8ces, place-les aux bons endroits et collecte la collection compl\u00e8te de billets de banque du monde entier. Tu n&rsquo;es peut-\u00eatre pas plus riche mat\u00e9riellement, mais ton \u00e2me est certainement enrichie par une exp\u00e9rience cr\u00e9ative.<\/span><\/p>\n<p><span style=\"font-weight: 400;\">Le sentiment de d\u00e9connexion et de d\u00e9tente persiste longtemps et t&rsquo;aide :<\/span><\/p>\n<ul>\n<li><span style=\"font-weight: 400;\">Sois plus optimiste.<\/span><\/li>\n<li><span style=\"font-weight: 400;\">Aie davantage confiance en tes points forts<\/span><\/li>\n<li><span style=\"font-weight: 400;\">Dors mieux.<\/span><\/li>\n<li><span style=\"font-weight: 400;\">Sois moins stress\u00e9.<\/span><\/li>\n<\/ul>\n<p><span style=\"font-weight: 400;\">Choisis le puzzle 1000 pi\u00e8ces &#8211; billets de banque de la collection de puzzles vintage et profite de tous les avantages qu&rsquo;un jeu de puzzle a \u00e0 offrir. Ou d\u00e9fie un ami \u00e0 une activit\u00e9 cr\u00e9ative en lui offrant ce merveilleux puzzle de 1000 pi\u00e8ces comme cadeau.<\/span><\/p><\/p>\n","protected":false},"excerpt":{"rendered":"<p>Le puzzle de 1000 pi\u00e8ces en papier-monnaie de la collection de puzzles vintage te met au d\u00e9fi d&rsquo;\u00eatre un v\u00e9ritable<\/p>\n","protected":false},"featured_media":49861,"template":"","meta":[],"product_brand":[],"product_cat":[2314,2316,2315],"product_tag":[],"class_list":{"0":"post-52652","1":"product","2":"type-product","3":"status-publish","4":"has-post-thumbnail","6":"product_cat-puzzles-fr","7":"product_cat-puzzles-de-1000-pieces","8":"product_cat-puzzles-pour-adultes","9":"pa_bax-10-fr","10":"pa_brand-d_toys-fr","11":"pa_country_of_manufacture-ro-fr","12":"pa_filter_age-14-fr","13":"pa_painter-collage-vintage","14":"pa_tip_ambalaj-boite","15":"pa_tip_puzzle-classique","17":"first","18":"instock","19":"taxable","20":"shipping-taxable","21":"product-type-simple"},"yoast_head":"<!-- This site is optimized with the Yoast SEO plugin v20.1 - https:\/\/yoast.com\/wordpress\/plugins\/seo\/ -->\n<title>Puzzle Adulte 1000 pi\u00e8ces Vintage Collage - Papier monnaie \/ Billets de banque<\/title>\n<meta name=\"description\" content=\"Puzzle Adulte 1000 pi\u00e8ces Vintage Collage - Papier monnaie \/ Billets de banque\" \/>\n<meta name=\"robots\" content=\"index, follow, max-snippet:-1, max-image-preview:large, max-video-preview:-1\" \/>\n<link rel=\"canonical\" href=\"https:\/\/business.roovi.com\/fr\/puzzle-adulte-1000-pieces-vintage-collage-papier-monnaie-billets-de-banque\/p\/\" \/>\n<meta property=\"og:locale\" content=\"fr_FR\" \/>\n<meta property=\"og:type\" content=\"article\" \/>\n<meta property=\"og:title\" content=\"Puzzle Adulte 1000 pi\u00e8ces Vintage Collage - Papier monnaie \/ Billets de banque\" \/>\n<meta property=\"og:description\" content=\"Puzzle Adulte 1000 pi\u00e8ces Vintage Collage - Papier monnaie \/ Billets de banque\" \/>\n<meta property=\"og:url\" content=\"https:\/\/business.roovi.com\/fr\/puzzle-adulte-1000-pieces-vintage-collage-papier-monnaie-billets-de-banque\/p\/\" \/>\n<meta property=\"og:site_name\" content=\"Roovi B2B\" \/>\n<meta property=\"article:publisher\" content=\"https:\/\/www.facebook.com\/wwwjucariero\" \/>\n<meta property=\"article:modified_time\" content=\"2022-07-13T10:18:27+00:00\" \/>\n<meta property=\"og:image\" content=\"https:\/\/business.roovi.com\/wp-content\/uploads\/2018\/08\/74362-04_ansamblu_dimensiuni_cutie_cm_vertical_1200x1200.png\" \/>\n\t<meta property=\"og:image:width\" content=\"1200\" \/>\n\t<meta property=\"og:image:height\" content=\"1200\" \/>\n\t<meta property=\"og:image:type\" content=\"image\/png\" \/>\n<meta name=\"twitter:label1\" content=\"Dur\u00e9e de lecture estim\u00e9e\" \/>\n\t<meta name=\"twitter:data1\" content=\"3 minutes\" \/>\n<script type=\"application\/ld+json\" class=\"yoast-schema-graph\">{\"@context\":\"https:\/\/schema.org\",\"@graph\":[{\"@type\":\"WebPage\",\"@id\":\"https:\/\/business.roovi.com\/fr\/puzzle-adulte-1000-pieces-vintage-collage-papier-monnaie-billets-de-banque\/p\/\",\"url\":\"https:\/\/business.roovi.com\/fr\/puzzle-adulte-1000-pieces-vintage-collage-papier-monnaie-billets-de-banque\/p\/\",\"name\":\"Puzzle Adulte 1000 pi\u00e8ces Vintage Collage - Papier monnaie \/ Billets de banque\",\"isPartOf\":{\"@id\":\"https:\/\/business.roovi.com\/fr\/#website\"},\"datePublished\":\"2018-08-02T08:38:01+00:00\",\"dateModified\":\"2022-07-13T10:18:27+00:00\",\"description\":\"Puzzle Adulte 1000 pi\u00e8ces Vintage Collage - Papier monnaie \/ Billets de banque\",\"breadcrumb\":{\"@id\":\"https:\/\/business.roovi.com\/fr\/puzzle-adulte-1000-pieces-vintage-collage-papier-monnaie-billets-de-banque\/p\/#breadcrumb\"},\"inLanguage\":\"fr-FR\",\"potentialAction\":[{\"@type\":\"ReadAction\",\"target\":[\"https:\/\/business.roovi.com\/fr\/puzzle-adulte-1000-pieces-vintage-collage-papier-monnaie-billets-de-banque\/p\/\"]}]},{\"@type\":\"BreadcrumbList\",\"@id\":\"https:\/\/business.roovi.com\/fr\/puzzle-adulte-1000-pieces-vintage-collage-papier-monnaie-billets-de-banque\/p\/#breadcrumb\",\"itemListElement\":[{\"@type\":\"ListItem\",\"position\":1,\"name\":\"Home\",\"item\":\"https:\/\/business.roovi.com\/fr\/\"},{\"@type\":\"ListItem\",\"position\":2,\"name\":\"Boutique\",\"item\":\"https:\/\/business.roovi.com\/fr\/boutique\/\"},{\"@type\":\"ListItem\",\"position\":3,\"name\":\"Puzzle Adulte 1000 pi\u00e8ces Vintage Collage &#8211; Papier monnaie \/ Billets de banque\"}]},{\"@type\":\"WebSite\",\"@id\":\"https:\/\/business.roovi.com\/fr\/#website\",\"url\":\"https:\/\/business.roovi.com\/fr\/\",\"name\":\"Roovi B2B\",\"description\":\"Roovi Business Website\",\"potentialAction\":[{\"@type\":\"SearchAction\",\"target\":{\"@type\":\"EntryPoint\",\"urlTemplate\":\"https:\/\/business.roovi.com\/fr\/?s={search_term_string}\"},\"query-input\":\"required name=search_term_string\"}],\"inLanguage\":\"fr-FR\"}]}<\/script>\n<!-- \/ Yoast SEO plugin. -->","yoast_head_json":{"title":"Puzzle Adulte 1000 pi\u00e8ces Vintage Collage - Papier monnaie \/ Billets de banque","description":"Puzzle Adulte 1000 pi\u00e8ces Vintage Collage - Papier monnaie \/ Billets de banque","robots":{"index":"index","follow":"follow","max-snippet":"max-snippet:-1","max-image-preview":"max-image-preview:large","max-video-preview":"max-video-preview:-1"},"canonical":"https:\/\/business.roovi.com\/fr\/puzzle-adulte-1000-pieces-vintage-collage-papier-monnaie-billets-de-banque\/p\/","og_locale":"fr_FR","og_type":"article","og_title":"Puzzle Adulte 1000 pi\u00e8ces Vintage Collage - Papier monnaie \/ Billets de banque","og_description":"Puzzle Adulte 1000 pi\u00e8ces Vintage Collage - Papier monnaie \/ Billets de banque","og_url":"https:\/\/business.roovi.com\/fr\/puzzle-adulte-1000-pieces-vintage-collage-papier-monnaie-billets-de-banque\/p\/","og_site_name":"Roovi B2B","article_publisher":"https:\/\/www.facebook.com\/wwwjucariero","article_modified_time":"2022-07-13T10:18:27+00:00","og_image":[{"width":1200,"height":1200,"url":"https:\/\/business.roovi.com\/wp-content\/uploads\/2018\/08\/74362-04_ansamblu_dimensiuni_cutie_cm_vertical_1200x1200.png","type":"image\/png"}],"twitter_misc":{"Dur\u00e9e de lecture estim\u00e9e":"3 minutes"},"schema":{"@context":"https:\/\/schema.org","@graph":[{"@type":"WebPage","@id":"https:\/\/business.roovi.com\/fr\/puzzle-adulte-1000-pieces-vintage-collage-papier-monnaie-billets-de-banque\/p\/","url":"https:\/\/business.roovi.com\/fr\/puzzle-adulte-1000-pieces-vintage-collage-papier-monnaie-billets-de-banque\/p\/","name":"Puzzle Adulte 1000 pi\u00e8ces Vintage Collage - Papier monnaie \/ Billets de banque","isPartOf":{"@id":"https:\/\/business.roovi.com\/fr\/#website"},"datePublished":"2018-08-02T08:38:01+00:00","dateModified":"2022-07-13T10:18:27+00:00","description":"Puzzle Adulte 1000 pi\u00e8ces Vintage Collage - Papier monnaie \/ Billets de banque","breadcrumb":{"@id":"https:\/\/business.roovi.com\/fr\/puzzle-adulte-1000-pieces-vintage-collage-papier-monnaie-billets-de-banque\/p\/#breadcrumb"},"inLanguage":"fr-FR","potentialAction":[{"@type":"ReadAction","target":["https:\/\/business.roovi.com\/fr\/puzzle-adulte-1000-pieces-vintage-collage-papier-monnaie-billets-de-banque\/p\/"]}]},{"@type":"BreadcrumbList","@id":"https:\/\/business.roovi.com\/fr\/puzzle-adulte-1000-pieces-vintage-collage-papier-monnaie-billets-de-banque\/p\/#breadcrumb","itemListElement":[{"@type":"ListItem","position":1,"name":"Home","item":"https:\/\/business.roovi.com\/fr\/"},{"@type":"ListItem","position":2,"name":"Boutique","item":"https:\/\/business.roovi.com\/fr\/boutique\/"},{"@type":"ListItem","position":3,"name":"Puzzle Adulte 1000 pi\u00e8ces Vintage Collage &#8211; Papier monnaie \/ Billets de banque"}]},{"@type":"WebSite","@id":"https:\/\/business.roovi.com\/fr\/#website","url":"https:\/\/business.roovi.com\/fr\/","name":"Roovi B2B","description":"Roovi Business Website","potentialAction":[{"@type":"SearchAction","target":{"@type":"EntryPoint","urlTemplate":"https:\/\/business.roovi.com\/fr\/?s={search_term_string}"},"query-input":"required name=search_term_string"}],"inLanguage":"fr-FR"}]}},"_links":{"self":[{"href":"https:\/\/business.roovi.com\/fr\/wp-json\/wp\/v2\/product\/52652","targetHints":{"allow":["GET"]}}],"collection":[{"href":"https:\/\/business.roovi.com\/fr\/wp-json\/wp\/v2\/product"}],"about":[{"href":"https:\/\/business.roovi.com\/fr\/wp-json\/wp\/v2\/types\/product"}],"version-history":[{"count":0,"href":"https:\/\/business.roovi.com\/fr\/wp-json\/wp\/v2\/product\/52652\/revisions"}],"wp:featuredmedia":[{"embeddable":true,"href":"https:\/\/business.roovi.com\/fr\/wp-json\/wp\/v2\/media\/49861"}],"wp:attachment":[{"href":"https:\/\/business.roovi.com\/fr\/wp-json\/wp\/v2\/media?parent=52652"}],"wp:term":[{"taxonomy":"product_brand","embeddable":true,"href":"https:\/\/business.roovi.com\/fr\/wp-json\/wp\/v2\/product_brand?post=52652"},{"taxonomy":"product_cat","embeddable":true,"href":"https:\/\/business.roovi.com\/fr\/wp-json\/wp\/v2\/product_cat?post=52652"},{"taxonomy":"product_tag","embeddable":true,"href":"https:\/\/business.roovi.com\/fr\/wp-json\/wp\/v2\/product_tag?post=52652"}],"curies":[{"name":"wp","href":"https:\/\/api.w.org\/{rel}","templated":true}]}}