{"id":52654,"date":"2018-08-02T08:38:01","date_gmt":"2018-08-02T08:38:01","guid":{"rendered":"https:\/\/business.roovi.com\/puzzle-adulti-1000-piese-vintage-collage-bicycles-biciclete\/p\/"},"modified":"2022-07-13T10:18:28","modified_gmt":"2022-07-13T10:18:28","slug":"puzzle-adulte-1000-pieces-vintage-collage-bicyclettes","status":"publish","type":"product","link":"https:\/\/business.roovi.com\/fr\/puzzle-adulte-1000-pieces-vintage-collage-bicyclettes\/p\/","title":{"rendered":"Puzzle Adulte 1000 pi\u00e8ces Vintage Collage &#8211; Bicyclettes"},"content":{"rendered":"<p><span style=\"font-weight: 400;\">Tu es passionn\u00e9 d&rsquo;art et de collections vintage ? Fais une visite virtuelle de notre galerie de puzzles Vintage Collage de 1000 pi\u00e8ces. S\u00e9lectionne tes illustrations pr\u00e9f\u00e9r\u00e9es, cr\u00e9e des tableaux \u00e0 partir de 1000 pi\u00e8ces de puzzle et profite d&rsquo;une superbe collection de style vintage.<\/span><\/p>\n<p><span style=\"font-weight: 400;\">Le puzzle de collage vintage de 1000 pi\u00e8ces &#8211; Bicyclettes rassemble des dizaines d&rsquo;affiches anciennes faisant la publicit\u00e9 de ce moyen de transport tr\u00e8s appr\u00e9ci\u00e9. Il r\u00e9veille ta nostalgie du pass\u00e9 et t&#8217;emm\u00e8ne dans les d\u00e9buts de l&rsquo;histoire de ce v\u00e9hicule.<\/span><\/p>\n<p><span style=\"font-weight: 400;\">La bicyclette moderne date de la fin du 19e si\u00e8cle. M\u00eame \u00e0 cette \u00e9poque lointaine, les fabricants faisaient la promotion de leur produit sous diverses formes. Les anciennes affiches ont des images uniques et transmettent des messages puissants, marquant non seulement une nouvelle invention, mais aussi tout le progr\u00e8s de l&rsquo;humanit\u00e9.<\/span><\/p>\n<p><span style=\"font-weight: 400;\">Nous t&rsquo;invitons \u00e0 faire ce voyage dans le pass\u00e9 de la bicyclette et \u00e0 faire une s\u00e9ance d&rsquo;entra\u00eenement mental unique. Pi\u00e8ce par pi\u00e8ce, compose les petites affiches du collage et d\u00e9couvre leurs messages. Profite d&rsquo;un voyage fabuleux et d&rsquo;une \u0153uvre d&rsquo;art pr\u00e9cieuse.<\/span><\/p>\n<p><span style=\"font-weight: 400;\">Caract\u00e9ristiques Casse-t\u00eate 1000 pi\u00e8ces de Vintage Collage &#8211; Bicycles\/Bicyclettes :<\/span><\/p>\n<p><strong>Taille de l&rsquo;image reconstitu\u00e9e : 50 x 70 cm.<\/strong><\/p>\n<p><strong>Mat\u00e9riau du puzzle <\/strong><\/p>\n<p><strong>carton bleu de haute qualit\u00e9<\/strong><\/p>\n<p><strong>des mat\u00e9riaux durables et recyclables<\/strong><\/p>\n<p><strong>finition semi-brillante, couleurs vives<\/strong><\/p>\n<p><strong>Nombre de pi\u00e8ces de puzzle : 1000<\/strong><\/p>\n<p><strong>\u00c2ge recommand\u00e9 : 14+<\/strong><\/p>\n<p><strong>Pourquoi choisir le puzzle 1000 pi\u00e8ces vintage ?<\/strong><\/p>\n<p><span style=\"font-weight: 400;\">Tu profites d&rsquo;une activit\u00e9 relaxante.<\/span><\/p>\n<p><span style=\"font-weight: 400;\">Transforme une image unique de puzzle de 1000 pi\u00e8ces en un tableau de collection.<\/span><\/p>\n<p><span style=\"font-weight: 400;\">Tu d\u00e9cores ta maison avec go\u00fbt, dans un style qui ne se d\u00e9mode jamais.<\/span><\/p>\n<p><span style=\"font-weight: 400;\">Sors de ta zone de confort et de l&rsquo;ennui et mets ton esprit au travail.<\/span><\/p>\n<p><span style=\"font-weight: 400;\">Tu entra\u00eenes ton attention aux d\u00e9tails et ta capacit\u00e9 \u00e0 te concentrer.<\/span><\/p>\n<p><span style=\"font-weight: 400;\">Tu deviens habile \u00e0 assembler des jeux de puzzle et tu passes \u00e0 un niveau de difficult\u00e9 sup\u00e9rieur.<\/span><\/p>\n<p><strong>Savais-tu que&#8230;<\/strong><\/p>\n<p><span style=\"font-weight: 400;\">Le premier v\u00e9lo de l&rsquo;histoire s&rsquo;appelait<\/span><em><span style=\"font-weight: 400;\"> machine en marche <\/span><\/em><span style=\"font-weight: 400;\">et a \u00e9t\u00e9 invent\u00e9 en 1817 par un baron allemand.<\/span><\/p>\n<p><span style=\"font-weight: 400;\">Dans le monde entier, il y a deux fois plus de bicyclettes que de voitures.<\/span><\/p>\n<p><span style=\"font-weight: 400;\">7 N\u00e9erlandais sur 8 \u00e2g\u00e9s de plus de 15 ans poss\u00e8dent un v\u00e9lo.<\/span><\/p>\n<p><span style=\"font-weight: 400;\">La premi\u00e8re femme \u00e0 faire le tour du monde \u00e0 v\u00e9lo \u00e9tait <\/span><span style=\"font-weight: 400;\">Annie Londonderry, une femme juive bas\u00e9e aux \u00c9tats-Unis. Cela s&rsquo;est pass\u00e9 \u00e0 la fin du 19\u00e8me si\u00e8cle.<\/span><\/p>\n<p><span style=\"font-weight: 400;\">Mi\u021ba Biciclista existerait en la personne de Maria Mih\u0103escu, une femme roumaine excentrique de l&rsquo;entre-deux-guerres, c\u00e9l\u00e8bre pour sa beaut\u00e9 et pour avoir \u00e9t\u00e9 consid\u00e9r\u00e9e comme la premi\u00e8re femme de Roumanie \u00e0 faire du v\u00e9lo.<\/span><\/p>\n<p><strong>Puzzle de 1000 pi\u00e8ces<span style=\"font-weight: 400;\"> <strong>Collage vintage &#8211; Bicyclettes<\/strong><\/span> &#8211; une aventure familiale<\/strong><\/p>\n<p><span style=\"font-weight: 400;\">Tu veux passer plus de temps avec tes enfants et tu ne sais pas comment organiser une activit\u00e9 qui leur plaira ? Nous avons une id\u00e9e : pr\u00e9pare un maximum de nouvelles informations sur les bicyclettes &#8211; dont certaines que nous t&rsquo;avons donn\u00e9es ci-dessus &#8211; d\u00e9veloppe une histoire fascinante sur ce merveilleux v\u00e9hicule et mets-les au d\u00e9fi de r\u00e9aliser une image des plus anciens mod\u00e8les de bicyclettes \u00e0 partir de 1000 pi\u00e8ces de puzzle.<\/span><\/p>\n<p><span style=\"font-weight: 400;\">Le plaisir est garanti, et en plus tu leur ouvres l&rsquo;app\u00e9tit pour les connaissances et les jeux de r\u00e9flexion qui ont de multiples avantages pour tous les \u00e2ges. Alors choisis ce fascinant puzzle de 1000 pi\u00e8ces et pars pour une aventure familiale cr\u00e9ative.<\/span><\/p>\n<p><span style=\"font-weight: 400;\">Que tu choisisses le puzzle Vintage Collage &#8211; Bicycles 1000 pi\u00e8ces parce que tu es une passionn\u00e9e d&rsquo;art vintage ou simplement par envie de rompre la monotonie de ces moments o\u00f9 tu ne sais pas quoi faire, ce jeu de puzzle te ravira et t&rsquo;inspirera tout autant <\/span><\/p>\n<p><span style=\"font-weight: 400;\">Il peut aussi \u00eatre le cadeau de vacances ou d&rsquo;anniversaire id\u00e9al pour la famille ou les amis qui sont passionn\u00e9s par les jeux de r\u00e9flexion.<\/span><\/p><\/p>\n","protected":false},"excerpt":{"rendered":"<p>Tu es passionn\u00e9 d&rsquo;art et de collections vintage ? Fais une visite virtuelle de notre galerie de puzzles Vintage Collage<\/p>\n","protected":false},"featured_media":49882,"template":"","meta":[],"product_brand":[],"product_cat":[2314,2316,2315],"product_tag":[],"class_list":{"0":"post-52654","1":"product","2":"type-product","3":"status-publish","4":"has-post-thumbnail","6":"product_cat-puzzles-fr","7":"product_cat-puzzles-de-1000-pieces","8":"product_cat-puzzles-pour-adultes","9":"pa_bax-10-fr","10":"pa_brand-d_toys-fr","11":"pa_country_of_manufacture-ro-fr","12":"pa_filter_age-14-fr","13":"pa_painter-collage-vintage","14":"pa_tip_ambalaj-boite","15":"pa_tip_puzzle-classique","17":"first","18":"instock","19":"taxable","20":"shipping-taxable","21":"product-type-simple"},"yoast_head":"<!-- This site is optimized with the Yoast SEO plugin v20.1 - https:\/\/yoast.com\/wordpress\/plugins\/seo\/ -->\n<title>Puzzle Adulte 1000 pi\u00e8ces Vintage Collage - Bicyclettes<\/title>\n<meta name=\"description\" content=\"Puzzle Adulte 1000 pi\u00e8ces Vintage Collage - Bicyclettes\" \/>\n<meta name=\"robots\" content=\"index, follow, max-snippet:-1, max-image-preview:large, max-video-preview:-1\" \/>\n<link rel=\"canonical\" href=\"https:\/\/business.roovi.com\/fr\/puzzle-adulte-1000-pieces-vintage-collage-bicyclettes\/p\/\" \/>\n<meta property=\"og:locale\" content=\"fr_FR\" \/>\n<meta property=\"og:type\" content=\"article\" \/>\n<meta property=\"og:title\" content=\"Puzzle Adulte 1000 pi\u00e8ces Vintage Collage - Bicyclettes\" \/>\n<meta property=\"og:description\" content=\"Puzzle Adulte 1000 pi\u00e8ces Vintage Collage - Bicyclettes\" \/>\n<meta property=\"og:url\" content=\"https:\/\/business.roovi.com\/fr\/puzzle-adulte-1000-pieces-vintage-collage-bicyclettes\/p\/\" \/>\n<meta property=\"og:site_name\" content=\"Roovi B2B\" \/>\n<meta property=\"article:publisher\" content=\"https:\/\/www.facebook.com\/wwwjucariero\" \/>\n<meta property=\"article:modified_time\" content=\"2022-07-13T10:18:28+00:00\" \/>\n<meta property=\"og:image\" content=\"https:\/\/business.roovi.com\/wp-content\/uploads\/2018\/08\/74362-05_ansamblu_dimensiuni_cutie_cm_orizontal_1200x1200.png\" \/>\n\t<meta property=\"og:image:width\" content=\"1200\" \/>\n\t<meta property=\"og:image:height\" content=\"1200\" \/>\n\t<meta property=\"og:image:type\" content=\"image\/png\" \/>\n<meta name=\"twitter:label1\" content=\"Dur\u00e9e de lecture estim\u00e9e\" \/>\n\t<meta name=\"twitter:data1\" content=\"3 minutes\" \/>\n<script type=\"application\/ld+json\" class=\"yoast-schema-graph\">{\"@context\":\"https:\/\/schema.org\",\"@graph\":[{\"@type\":\"WebPage\",\"@id\":\"https:\/\/business.roovi.com\/fr\/puzzle-adulte-1000-pieces-vintage-collage-bicyclettes\/p\/\",\"url\":\"https:\/\/business.roovi.com\/fr\/puzzle-adulte-1000-pieces-vintage-collage-bicyclettes\/p\/\",\"name\":\"Puzzle Adulte 1000 pi\u00e8ces Vintage Collage - Bicyclettes\",\"isPartOf\":{\"@id\":\"https:\/\/business.roovi.com\/fr\/#website\"},\"datePublished\":\"2018-08-02T08:38:01+00:00\",\"dateModified\":\"2022-07-13T10:18:28+00:00\",\"description\":\"Puzzle Adulte 1000 pi\u00e8ces Vintage Collage - Bicyclettes\",\"breadcrumb\":{\"@id\":\"https:\/\/business.roovi.com\/fr\/puzzle-adulte-1000-pieces-vintage-collage-bicyclettes\/p\/#breadcrumb\"},\"inLanguage\":\"fr-FR\",\"potentialAction\":[{\"@type\":\"ReadAction\",\"target\":[\"https:\/\/business.roovi.com\/fr\/puzzle-adulte-1000-pieces-vintage-collage-bicyclettes\/p\/\"]}]},{\"@type\":\"BreadcrumbList\",\"@id\":\"https:\/\/business.roovi.com\/fr\/puzzle-adulte-1000-pieces-vintage-collage-bicyclettes\/p\/#breadcrumb\",\"itemListElement\":[{\"@type\":\"ListItem\",\"position\":1,\"name\":\"Home\",\"item\":\"https:\/\/business.roovi.com\/fr\/\"},{\"@type\":\"ListItem\",\"position\":2,\"name\":\"Boutique\",\"item\":\"https:\/\/business.roovi.com\/fr\/boutique\/\"},{\"@type\":\"ListItem\",\"position\":3,\"name\":\"Puzzle Adulte 1000 pi\u00e8ces Vintage Collage &#8211; Bicyclettes\"}]},{\"@type\":\"WebSite\",\"@id\":\"https:\/\/business.roovi.com\/fr\/#website\",\"url\":\"https:\/\/business.roovi.com\/fr\/\",\"name\":\"Roovi B2B\",\"description\":\"Roovi Business Website\",\"potentialAction\":[{\"@type\":\"SearchAction\",\"target\":{\"@type\":\"EntryPoint\",\"urlTemplate\":\"https:\/\/business.roovi.com\/fr\/?s={search_term_string}\"},\"query-input\":\"required name=search_term_string\"}],\"inLanguage\":\"fr-FR\"}]}<\/script>\n<!-- \/ Yoast SEO plugin. -->","yoast_head_json":{"title":"Puzzle Adulte 1000 pi\u00e8ces Vintage Collage - Bicyclettes","description":"Puzzle Adulte 1000 pi\u00e8ces Vintage Collage - Bicyclettes","robots":{"index":"index","follow":"follow","max-snippet":"max-snippet:-1","max-image-preview":"max-image-preview:large","max-video-preview":"max-video-preview:-1"},"canonical":"https:\/\/business.roovi.com\/fr\/puzzle-adulte-1000-pieces-vintage-collage-bicyclettes\/p\/","og_locale":"fr_FR","og_type":"article","og_title":"Puzzle Adulte 1000 pi\u00e8ces Vintage Collage - Bicyclettes","og_description":"Puzzle Adulte 1000 pi\u00e8ces Vintage Collage - Bicyclettes","og_url":"https:\/\/business.roovi.com\/fr\/puzzle-adulte-1000-pieces-vintage-collage-bicyclettes\/p\/","og_site_name":"Roovi B2B","article_publisher":"https:\/\/www.facebook.com\/wwwjucariero","article_modified_time":"2022-07-13T10:18:28+00:00","og_image":[{"width":1200,"height":1200,"url":"https:\/\/business.roovi.com\/wp-content\/uploads\/2018\/08\/74362-05_ansamblu_dimensiuni_cutie_cm_orizontal_1200x1200.png","type":"image\/png"}],"twitter_misc":{"Dur\u00e9e de lecture estim\u00e9e":"3 minutes"},"schema":{"@context":"https:\/\/schema.org","@graph":[{"@type":"WebPage","@id":"https:\/\/business.roovi.com\/fr\/puzzle-adulte-1000-pieces-vintage-collage-bicyclettes\/p\/","url":"https:\/\/business.roovi.com\/fr\/puzzle-adulte-1000-pieces-vintage-collage-bicyclettes\/p\/","name":"Puzzle Adulte 1000 pi\u00e8ces Vintage Collage - Bicyclettes","isPartOf":{"@id":"https:\/\/business.roovi.com\/fr\/#website"},"datePublished":"2018-08-02T08:38:01+00:00","dateModified":"2022-07-13T10:18:28+00:00","description":"Puzzle Adulte 1000 pi\u00e8ces Vintage Collage - Bicyclettes","breadcrumb":{"@id":"https:\/\/business.roovi.com\/fr\/puzzle-adulte-1000-pieces-vintage-collage-bicyclettes\/p\/#breadcrumb"},"inLanguage":"fr-FR","potentialAction":[{"@type":"ReadAction","target":["https:\/\/business.roovi.com\/fr\/puzzle-adulte-1000-pieces-vintage-collage-bicyclettes\/p\/"]}]},{"@type":"BreadcrumbList","@id":"https:\/\/business.roovi.com\/fr\/puzzle-adulte-1000-pieces-vintage-collage-bicyclettes\/p\/#breadcrumb","itemListElement":[{"@type":"ListItem","position":1,"name":"Home","item":"https:\/\/business.roovi.com\/fr\/"},{"@type":"ListItem","position":2,"name":"Boutique","item":"https:\/\/business.roovi.com\/fr\/boutique\/"},{"@type":"ListItem","position":3,"name":"Puzzle Adulte 1000 pi\u00e8ces Vintage Collage &#8211; Bicyclettes"}]},{"@type":"WebSite","@id":"https:\/\/business.roovi.com\/fr\/#website","url":"https:\/\/business.roovi.com\/fr\/","name":"Roovi B2B","description":"Roovi Business Website","potentialAction":[{"@type":"SearchAction","target":{"@type":"EntryPoint","urlTemplate":"https:\/\/business.roovi.com\/fr\/?s={search_term_string}"},"query-input":"required name=search_term_string"}],"inLanguage":"fr-FR"}]}},"_links":{"self":[{"href":"https:\/\/business.roovi.com\/fr\/wp-json\/wp\/v2\/product\/52654","targetHints":{"allow":["GET"]}}],"collection":[{"href":"https:\/\/business.roovi.com\/fr\/wp-json\/wp\/v2\/product"}],"about":[{"href":"https:\/\/business.roovi.com\/fr\/wp-json\/wp\/v2\/types\/product"}],"version-history":[{"count":0,"href":"https:\/\/business.roovi.com\/fr\/wp-json\/wp\/v2\/product\/52654\/revisions"}],"wp:featuredmedia":[{"embeddable":true,"href":"https:\/\/business.roovi.com\/fr\/wp-json\/wp\/v2\/media\/49882"}],"wp:attachment":[{"href":"https:\/\/business.roovi.com\/fr\/wp-json\/wp\/v2\/media?parent=52654"}],"wp:term":[{"taxonomy":"product_brand","embeddable":true,"href":"https:\/\/business.roovi.com\/fr\/wp-json\/wp\/v2\/product_brand?post=52654"},{"taxonomy":"product_cat","embeddable":true,"href":"https:\/\/business.roovi.com\/fr\/wp-json\/wp\/v2\/product_cat?post=52654"},{"taxonomy":"product_tag","embeddable":true,"href":"https:\/\/business.roovi.com\/fr\/wp-json\/wp\/v2\/product_tag?post=52654"}],"curies":[{"name":"wp","href":"https:\/\/api.w.org\/{rel}","templated":true}]}}