{"id":52663,"date":"2018-08-02T08:38:01","date_gmt":"2018-08-02T08:38:01","guid":{"rendered":"https:\/\/business.roovi.com\/puzzle-adulti-1000-piese-pierre-auguste-renoir-luncheon-of-the-boating-party\/p\/"},"modified":"2022-07-13T10:18:34","modified_gmt":"2022-07-13T10:18:34","slug":"puzzle-adulte-pierre-auguste-renoir-1000-pieces-dejeuner-de-la-fete-du-bateau","status":"publish","type":"product","link":"https:\/\/business.roovi.com\/fr\/puzzle-adulte-pierre-auguste-renoir-1000-pieces-dejeuner-de-la-fete-du-bateau\/p\/","title":{"rendered":"Puzzle adulte Pierre-Auguste Renoir 1000 pi\u00e8ces &#8211; D\u00e9jeuner de la f\u00eate du bateau"},"content":{"rendered":"<p><span style=\"font-weight: 400; font-size: 14px; line-height: 14px;\">Tu cherches une activit\u00e9 relaxante et cr\u00e9ative ? D\u00e9couvre la plus grande gamme de puzzles d&rsquo;art en Roumanie et passe tes soir\u00e9es monotones \u00e0 recr\u00e9er les images des tableaux les plus c\u00e9l\u00e8bres. Tu trouveras ici des puzzles de 1000 pi\u00e8ces repr\u00e9sentant des chefs-d&rsquo;\u0153uvre artistiques de toutes les \u00e9poques.<\/span><\/p>\n<p><span style=\"font-size: 14px; line-height: 14px;\"><span style=\"font-weight: 400;\">Pierre-Auguste Renoir puzzle 1000 pi\u00e8ces &#8211; D\u00e9jeuner de la f\u00eate du bateau\/<\/span><span style=\"font-weight: 400;\">D\u00e9jeuner de la Boating Party<\/span><span style=\"font-weight: 400;\"> est une image de la peinture qui a \u00e9t\u00e9 d\u00e9clar\u00e9e par les critiques comme \u00e9tant la meilleure \u0153uvre de la septi\u00e8me exposition impressionniste du peintre en 1882. Le tableau pr\u00e9sente des figures humaines, des natures mortes et des paysages : un groupe d&rsquo;amis de l&rsquo;artiste se d\u00e9tend sur un balcon de la Maison Fournaise, un lieu de pr\u00e9dilection pour de nombreux impressionnistes de l&rsquo;\u00e9poque.<\/span><\/span><\/p>\n<p><span style=\"font-weight: 400; font-size: 14px; line-height: 14px;\">Si tu veux apporter un peu de l&rsquo;esprit parisien du 19e si\u00e8cle dans ta maison, ach\u00e8te ce puzzle d&rsquo;art maintenant. Installe ta table basse dans le salon &#8211; c&rsquo;est tout ce dont tu as besoin pour recr\u00e9er l&rsquo;image de 50 x 70 cm &#8211; et commence \u00e0 travailler sur ton grand chef-d&rsquo;\u0153uvre !<\/span><\/p>\n<p><span style=\"font-size: 14px; line-height: 14px;\"><span style=\"font-weight: 400;\">Lis plus sur le puzzle d&rsquo;art de Pierre-Auguste Renoir ci-dessous <\/span><span style=\"font-weight: 400;\">Le d\u00e9jeuner des cano\u00e9istes :<\/span><\/span><\/p>\n<p><span style=\"font-size: 14px; line-height: 14px;\"><strong>Mat\u00e9riau du puzzle <\/strong><\/span><\/p>\n<p><span style=\"font-size: 14px; line-height: 14px;\"><strong>carton bleu de haute qualit\u00e9<\/strong><\/span><\/p>\n<p><span style=\"font-size: 14px; line-height: 14px;\"><strong>des mat\u00e9riaux durables et recyclables<\/strong><\/span><\/p>\n<p><span style=\"font-size: 14px; line-height: 14px;\"><strong>finition semi-brillante, couleurs vives<\/strong><\/span><\/p>\n<p><span style=\"font-size: 14px; line-height: 14px;\"><strong>Nombre de pi\u00e8ces de puzzle : 1000<\/strong><\/span><\/p>\n<p><span style=\"font-size: 14px; line-height: 14px;\"><strong>\u00c2ge recommand\u00e9 : 14+<\/strong><\/span><\/p>\n<p><span style=\"font-size: 14px; line-height: 14px;\"><strong>4 raisons pour lesquelles tu devrais faire des puzzles pour adultes tous les jours<\/strong><\/span><\/p>\n<p><span style=\"font-size: 14px; line-height: 14px;\"><strong>1. Stimule ta r\u00e9flexion.<\/strong><span style=\"font-weight: 400;\"> L&rsquo;activit\u00e9 consistant \u00e0 assembler des jeux de puzzle entra\u00eene ton cerveau et le garde en bonne sant\u00e9. Prends soin de ton cerveau et fais des puzzles de 1000 pi\u00e8ces chaque jour pendant au moins 30 minutes.<\/span><\/span><\/p>\n<p><span style=\"font-size: 14px; line-height: 14px;\"><strong>2. Il am\u00e9liore ta m\u00e9moire.  <\/strong><\/span><span style=\"font-weight: 400; font-size: 14px; line-height: 14px;\">Faire des puzzles de 1000 pi\u00e8ces n\u00e9cessite un entra\u00eenement continu de la m\u00e9moire. Tu dois te souvenir des formes des pi\u00e8ces, des couleurs et aussi des parties de l&rsquo;image qui ne sont pas compl\u00e8tes. Cet exercice constant t&rsquo;aide \u00e0 am\u00e9liorer constamment ta m\u00e9moire.<\/span><\/p>\n<p><span style=\"font-size: 14px; line-height: 14px;\"><strong>3. Elle t&rsquo;offre des moments de d\u00e9tente uniques <\/strong><\/span><span style=\"font-weight: 400; font-size: 14px; line-height: 14px;\">Tu cherches une activit\u00e9 relaxante ? Essaie de compl\u00e9ter le puzzle de 1000 pi\u00e8ces pendant ton temps libre. Le jeu de puzzle te sort du confort de te pr\u00e9lasser sur le canap\u00e9 pendant ton temps libre et te met au d\u00e9fi de recr\u00e9er des images \u00e9tonnantes \u00e0 partir de 1000 pi\u00e8ces.<\/span><\/p>\n<p>4. <span style=\"font-size: 14px; line-height: 14px;\"><strong>Il te d\u00e9connecte des \u00e9crans <\/strong><\/span><span style=\"font-weight: 400; font-size: 14px; line-height: 14px;\">Il est temps de sortir du monde virtuel et de reposer ton esprit apr\u00e8s de nombreuses heures tendues. Assemble le puzzle de 1000 pi\u00e8ces et profite d&rsquo;une activit\u00e9 simple et relaxante.<\/span><\/p>\n<p><span style=\"font-size: 14px; line-height: 14px;\"><strong>5 faits int\u00e9ressants sur <\/strong><strong><em>Le d\u00e9jeuner des rameurs<\/em><\/strong><strong> tu dois savoir<\/strong><\/span><\/p>\n<p><span style=\"font-size: 14px; line-height: 14px;\"><span style=\"font-weight: 400;\">1. Tous les personnages du tableau sont des amis du peintre <\/span><span style=\"font-weight: 400;\">La jeune fille avec le chiot sur la photo est <\/span><span style=\"font-weight: 400;\">Aline Charigot, qui allait devenir la femme de l&rsquo;artiste <\/span><\/span><\/p>\n<p><span style=\"font-weight: 400; font-size: 14px; line-height: 14px;\">2. Renoir a r\u00e9alis\u00e9 ce tableau en se basant sur une critique d&rsquo;Emile Zola selon laquelle les impressionnistes ne font pas preuve d&rsquo;accomplissement artistique dans leurs \u0153uvres.<\/span><\/p>\n<p><span style=\"font-size: 14px; line-height: 14px;\"><span style=\"font-weight: 400;\">3. La Maison Fournaise \u00e9tait le restaurant pr\u00e9f\u00e9r\u00e9 de Renoir. C&rsquo;est l\u00e0 que l&rsquo;artiste est aussi tomb\u00e9 <\/span><em><span style=\"font-weight: 400;\">D\u00e9jeuner \u00e0 <\/span><\/em><em><span style=\"font-weight: 400;\">Restaurant Fournaise, <\/span><\/em><span style=\"font-weight: 400;\">ainsi que des portraits de membres de la famille <\/span><span style=\"font-weight: 400;\">Famille Fournaise.<\/span><\/span><\/p>\n<p><span style=\"font-size: 14px; line-height: 14px;\"><span style=\"font-weight: 400;\">4. Il existe \u00e9galement un livre sur l&rsquo;histoire de la cr\u00e9ation du tableau par Renoir. Il a \u00e9t\u00e9 \u00e9crit en 2007 par Susan Vreeland et s&rsquo;appelle aussi <\/span><em><span style=\"font-weight: 400;\">D\u00e9jeuner du Parti de la navigation de plaisance.<\/span><\/em><\/span><\/p>\n<p><span style=\"font-size: 14px; line-height: 14px;\"><span style=\"font-weight: 400;\">5. Le film <em>Am\u00e9lie<\/em> de 2001 de <\/span><span style=\"font-weight: 400;\">Le film Am\u00e9lie de Jean-Pierre Jeunet (2001) d\u00e9peint le tableau. Dans le film, le r\u00e9alisateur \u00e9tablit une comparaison entre le protagoniste, <\/span><span style=\"font-weight: 400;\">Am\u00e9lie et la femme au centre de la photo qui sirote un verre, l&rsquo;air d\u00e9sint\u00e9ress\u00e9, alors que tous les autres profitent de leur temps ensemble.<\/span><\/span><\/p>\n<p><span style=\"font-size: 14px; line-height: 14px;\"><strong>Les puzzles d&rsquo;art t&#8217;emm\u00e8nent dans le monde fascinant des peintures c\u00e9l\u00e8bres<\/strong><\/span><\/p>\n<p><span style=\"font-weight: 400; font-size: 14px; line-height: 14px;\">Compl\u00e9ter un puzzle artistique, c&rsquo;est comme \u00eatre le peintre talentueux derri\u00e8re le chef-d&rsquo;\u0153uvre. Cette activit\u00e9 relaxante te donne l&rsquo;occasion de t&rsquo;approcher de pr\u00e8s de grandes \u0153uvres d&rsquo;art. De plus, tu auras l&rsquo;occasion d&rsquo;am\u00e9liorer tes comp\u00e9tences en mati\u00e8re de puzzle et de montrer \u00e0 tes amis \u00e0 quel point tu es dou\u00e9e pour cette activit\u00e9.<\/span><\/p>\n<p><span style=\"font-size: 14px; line-height: 14px;\"><span style=\"font-weight: 400;\">Ach\u00e8te maintenant le puzzle d&rsquo;art Pierre-Auguste Renoir &#8211; D\u00e9jeuner de la Boating Party !<\/span><span style=\"font-weight: 400;\">D\u00e9jeuner de la Boating Party<\/span><\/span><span style=\"font-weight: 400;\"><span style=\"font-size: 14px; line-height: 14px;\"> et cr\u00e9e ta propre belle peinture aux couleurs vives. Parcourez toute notre collection de puzzles d&rsquo;art et d\u00e9couvrez de nombreuses autres images de tableaux c\u00e9l\u00e8bres. Cr\u00e9e ta propre collection d&rsquo;art en puzzle de 1000 pi\u00e8ces.<\/span> <\/span><\/p>\n<p><span style=\"font-weight: 400;\">Puzzle 1000 pi\u00e8ces Pierre-Auguste Renoir &#8211; <\/span><span style=\"font-weight: 400;\">Le d\u00e9jeuner des canotiers est un excellent cadeau pour les membres de la famille ou les amis adultes amateurs de casse-t\u00eate.<\/span><\/p><\/p>\n","protected":false},"excerpt":{"rendered":"<p>Tu cherches une activit\u00e9 relaxante et cr\u00e9ative ? D\u00e9couvre la plus grande gamme de puzzles d&rsquo;art en Roumanie et passe<\/p>\n","protected":false},"featured_media":62940,"template":"","meta":[],"product_brand":[],"product_cat":[2314,2316,2315],"product_tag":[],"class_list":{"0":"post-52663","1":"product","2":"type-product","3":"status-publish","4":"has-post-thumbnail","6":"product_cat-puzzles-fr","7":"product_cat-puzzles-de-1000-pieces","8":"product_cat-puzzles-pour-adultes","9":"pa_brand-d_toys-fr","10":"pa_country_of_manufacture-ro-fr","11":"pa_filter_age-14-fr","12":"pa_painter-pierreaugusterenoir-fr","13":"pa_tip_ambalaj-boite","14":"pa_tip_puzzle-classique","16":"first","17":"instock","18":"taxable","19":"shipping-taxable","20":"product-type-simple"},"yoast_head":"<!-- This site is optimized with the Yoast SEO plugin v20.1 - https:\/\/yoast.com\/wordpress\/plugins\/seo\/ -->\n<title>Puzzle adulte Pierre-Auguste Renoir 1000 pi\u00e8ces - D\u00e9jeuner de la f\u00eate du bateau<\/title>\n<meta name=\"description\" content=\"Puzzle adulte Pierre-Auguste Renoir 1000 pi\u00e8ces - D\u00e9jeuner de la f\u00eate du bateau\" \/>\n<meta name=\"robots\" content=\"index, follow, max-snippet:-1, max-image-preview:large, max-video-preview:-1\" \/>\n<link rel=\"canonical\" href=\"https:\/\/business.roovi.com\/fr\/puzzle-adulte-pierre-auguste-renoir-1000-pieces-dejeuner-de-la-fete-du-bateau\/p\/\" \/>\n<meta property=\"og:locale\" content=\"fr_FR\" \/>\n<meta property=\"og:type\" content=\"article\" \/>\n<meta property=\"og:title\" content=\"Puzzle adulte Pierre-Auguste Renoir 1000 pi\u00e8ces - D\u00e9jeuner de la f\u00eate du bateau\" \/>\n<meta property=\"og:description\" content=\"Puzzle adulte Pierre-Auguste Renoir 1000 pi\u00e8ces - D\u00e9jeuner de la f\u00eate du bateau\" \/>\n<meta property=\"og:url\" content=\"https:\/\/business.roovi.com\/fr\/puzzle-adulte-pierre-auguste-renoir-1000-pieces-dejeuner-de-la-fete-du-bateau\/p\/\" \/>\n<meta property=\"og:site_name\" content=\"Roovi B2B\" \/>\n<meta property=\"article:publisher\" content=\"https:\/\/www.facebook.com\/wwwjucariero\" \/>\n<meta property=\"article:modified_time\" content=\"2022-07-13T10:18:34+00:00\" \/>\n<meta property=\"og:image\" content=\"https:\/\/business.roovi.com\/wp-content\/uploads\/2018\/08\/66909-09_ansamblu_dimensiuni_cutie_cm_1200x1200.png\" \/>\n\t<meta property=\"og:image:width\" content=\"1200\" \/>\n\t<meta property=\"og:image:height\" content=\"1200\" \/>\n\t<meta property=\"og:image:type\" content=\"image\/png\" \/>\n<meta name=\"twitter:label1\" content=\"Dur\u00e9e de lecture estim\u00e9e\" \/>\n\t<meta name=\"twitter:data1\" content=\"4 minutes\" \/>\n<script type=\"application\/ld+json\" class=\"yoast-schema-graph\">{\"@context\":\"https:\/\/schema.org\",\"@graph\":[{\"@type\":\"WebPage\",\"@id\":\"https:\/\/business.roovi.com\/fr\/puzzle-adulte-pierre-auguste-renoir-1000-pieces-dejeuner-de-la-fete-du-bateau\/p\/\",\"url\":\"https:\/\/business.roovi.com\/fr\/puzzle-adulte-pierre-auguste-renoir-1000-pieces-dejeuner-de-la-fete-du-bateau\/p\/\",\"name\":\"Puzzle adulte Pierre-Auguste Renoir 1000 pi\u00e8ces - D\u00e9jeuner de la f\u00eate du bateau\",\"isPartOf\":{\"@id\":\"https:\/\/business.roovi.com\/fr\/#website\"},\"datePublished\":\"2018-08-02T08:38:01+00:00\",\"dateModified\":\"2022-07-13T10:18:34+00:00\",\"description\":\"Puzzle adulte Pierre-Auguste Renoir 1000 pi\u00e8ces - D\u00e9jeuner de la f\u00eate du bateau\",\"breadcrumb\":{\"@id\":\"https:\/\/business.roovi.com\/fr\/puzzle-adulte-pierre-auguste-renoir-1000-pieces-dejeuner-de-la-fete-du-bateau\/p\/#breadcrumb\"},\"inLanguage\":\"fr-FR\",\"potentialAction\":[{\"@type\":\"ReadAction\",\"target\":[\"https:\/\/business.roovi.com\/fr\/puzzle-adulte-pierre-auguste-renoir-1000-pieces-dejeuner-de-la-fete-du-bateau\/p\/\"]}]},{\"@type\":\"BreadcrumbList\",\"@id\":\"https:\/\/business.roovi.com\/fr\/puzzle-adulte-pierre-auguste-renoir-1000-pieces-dejeuner-de-la-fete-du-bateau\/p\/#breadcrumb\",\"itemListElement\":[{\"@type\":\"ListItem\",\"position\":1,\"name\":\"Home\",\"item\":\"https:\/\/business.roovi.com\/fr\/\"},{\"@type\":\"ListItem\",\"position\":2,\"name\":\"Boutique\",\"item\":\"https:\/\/business.roovi.com\/fr\/boutique\/\"},{\"@type\":\"ListItem\",\"position\":3,\"name\":\"Puzzle adulte Pierre-Auguste Renoir 1000 pi\u00e8ces &#8211; D\u00e9jeuner de la f\u00eate du bateau\"}]},{\"@type\":\"WebSite\",\"@id\":\"https:\/\/business.roovi.com\/fr\/#website\",\"url\":\"https:\/\/business.roovi.com\/fr\/\",\"name\":\"Roovi B2B\",\"description\":\"Roovi Business Website\",\"potentialAction\":[{\"@type\":\"SearchAction\",\"target\":{\"@type\":\"EntryPoint\",\"urlTemplate\":\"https:\/\/business.roovi.com\/fr\/?s={search_term_string}\"},\"query-input\":\"required name=search_term_string\"}],\"inLanguage\":\"fr-FR\"}]}<\/script>\n<!-- \/ Yoast SEO plugin. -->","yoast_head_json":{"title":"Puzzle adulte Pierre-Auguste Renoir 1000 pi\u00e8ces - D\u00e9jeuner de la f\u00eate du bateau","description":"Puzzle adulte Pierre-Auguste Renoir 1000 pi\u00e8ces - D\u00e9jeuner de la f\u00eate du bateau","robots":{"index":"index","follow":"follow","max-snippet":"max-snippet:-1","max-image-preview":"max-image-preview:large","max-video-preview":"max-video-preview:-1"},"canonical":"https:\/\/business.roovi.com\/fr\/puzzle-adulte-pierre-auguste-renoir-1000-pieces-dejeuner-de-la-fete-du-bateau\/p\/","og_locale":"fr_FR","og_type":"article","og_title":"Puzzle adulte Pierre-Auguste Renoir 1000 pi\u00e8ces - D\u00e9jeuner de la f\u00eate du bateau","og_description":"Puzzle adulte Pierre-Auguste Renoir 1000 pi\u00e8ces - D\u00e9jeuner de la f\u00eate du bateau","og_url":"https:\/\/business.roovi.com\/fr\/puzzle-adulte-pierre-auguste-renoir-1000-pieces-dejeuner-de-la-fete-du-bateau\/p\/","og_site_name":"Roovi B2B","article_publisher":"https:\/\/www.facebook.com\/wwwjucariero","article_modified_time":"2022-07-13T10:18:34+00:00","og_image":[{"width":1200,"height":1200,"url":"https:\/\/business.roovi.com\/wp-content\/uploads\/2018\/08\/66909-09_ansamblu_dimensiuni_cutie_cm_1200x1200.png","type":"image\/png"}],"twitter_misc":{"Dur\u00e9e de lecture estim\u00e9e":"4 minutes"},"schema":{"@context":"https:\/\/schema.org","@graph":[{"@type":"WebPage","@id":"https:\/\/business.roovi.com\/fr\/puzzle-adulte-pierre-auguste-renoir-1000-pieces-dejeuner-de-la-fete-du-bateau\/p\/","url":"https:\/\/business.roovi.com\/fr\/puzzle-adulte-pierre-auguste-renoir-1000-pieces-dejeuner-de-la-fete-du-bateau\/p\/","name":"Puzzle adulte Pierre-Auguste Renoir 1000 pi\u00e8ces - D\u00e9jeuner de la f\u00eate du bateau","isPartOf":{"@id":"https:\/\/business.roovi.com\/fr\/#website"},"datePublished":"2018-08-02T08:38:01+00:00","dateModified":"2022-07-13T10:18:34+00:00","description":"Puzzle adulte Pierre-Auguste Renoir 1000 pi\u00e8ces - D\u00e9jeuner de la f\u00eate du bateau","breadcrumb":{"@id":"https:\/\/business.roovi.com\/fr\/puzzle-adulte-pierre-auguste-renoir-1000-pieces-dejeuner-de-la-fete-du-bateau\/p\/#breadcrumb"},"inLanguage":"fr-FR","potentialAction":[{"@type":"ReadAction","target":["https:\/\/business.roovi.com\/fr\/puzzle-adulte-pierre-auguste-renoir-1000-pieces-dejeuner-de-la-fete-du-bateau\/p\/"]}]},{"@type":"BreadcrumbList","@id":"https:\/\/business.roovi.com\/fr\/puzzle-adulte-pierre-auguste-renoir-1000-pieces-dejeuner-de-la-fete-du-bateau\/p\/#breadcrumb","itemListElement":[{"@type":"ListItem","position":1,"name":"Home","item":"https:\/\/business.roovi.com\/fr\/"},{"@type":"ListItem","position":2,"name":"Boutique","item":"https:\/\/business.roovi.com\/fr\/boutique\/"},{"@type":"ListItem","position":3,"name":"Puzzle adulte Pierre-Auguste Renoir 1000 pi\u00e8ces &#8211; D\u00e9jeuner de la f\u00eate du bateau"}]},{"@type":"WebSite","@id":"https:\/\/business.roovi.com\/fr\/#website","url":"https:\/\/business.roovi.com\/fr\/","name":"Roovi B2B","description":"Roovi Business Website","potentialAction":[{"@type":"SearchAction","target":{"@type":"EntryPoint","urlTemplate":"https:\/\/business.roovi.com\/fr\/?s={search_term_string}"},"query-input":"required name=search_term_string"}],"inLanguage":"fr-FR"}]}},"_links":{"self":[{"href":"https:\/\/business.roovi.com\/fr\/wp-json\/wp\/v2\/product\/52663","targetHints":{"allow":["GET"]}}],"collection":[{"href":"https:\/\/business.roovi.com\/fr\/wp-json\/wp\/v2\/product"}],"about":[{"href":"https:\/\/business.roovi.com\/fr\/wp-json\/wp\/v2\/types\/product"}],"version-history":[{"count":0,"href":"https:\/\/business.roovi.com\/fr\/wp-json\/wp\/v2\/product\/52663\/revisions"}],"wp:featuredmedia":[{"embeddable":true,"href":"https:\/\/business.roovi.com\/fr\/wp-json\/wp\/v2\/media\/62940"}],"wp:attachment":[{"href":"https:\/\/business.roovi.com\/fr\/wp-json\/wp\/v2\/media?parent=52663"}],"wp:term":[{"taxonomy":"product_brand","embeddable":true,"href":"https:\/\/business.roovi.com\/fr\/wp-json\/wp\/v2\/product_brand?post=52663"},{"taxonomy":"product_cat","embeddable":true,"href":"https:\/\/business.roovi.com\/fr\/wp-json\/wp\/v2\/product_cat?post=52663"},{"taxonomy":"product_tag","embeddable":true,"href":"https:\/\/business.roovi.com\/fr\/wp-json\/wp\/v2\/product_tag?post=52663"}],"curies":[{"name":"wp","href":"https:\/\/api.w.org\/{rel}","templated":true}]}}