{"id":52665,"date":"2018-08-02T08:38:01","date_gmt":"2018-08-02T08:38:01","guid":{"rendered":"https:\/\/business.roovi.com\/puzzle-adulti-1000-piese-gustav-klimt-hygieia\/p\/"},"modified":"2022-07-13T10:18:35","modified_gmt":"2022-07-13T10:18:35","slug":"puzzle-adulte-1000-pieces-gustav-klimt-hygieia","status":"publish","type":"product","link":"https:\/\/business.roovi.com\/fr\/puzzle-adulte-1000-pieces-gustav-klimt-hygieia\/p\/","title":{"rendered":"Puzzle adulte 1000 pi\u00e8ces Gustav Klimt &#8211; Hygieia"},"content":{"rendered":"<p><span style=\"font-weight: 400;\"> Choisis maintenant parmi les centaines d&rsquo;images disponibles dans la collection de puzzles d&rsquo;art et deviens un ma\u00eetre des jeux de puzzle !<\/span><\/p>\n<p><span style=\"font-weight: 400;\">D\u00e9couvre dans le puzzle d&rsquo;art Gustav Klimt &#8211; Hygieia un d\u00e9fi incroyable pour ton esprit et ton \u00e2me L&rsquo;\u0153uvre repr\u00e9sent\u00e9e dans ce puzzle d&rsquo;art fait partie de l&rsquo;\u0153uvre plus grande &#8211; <\/span><em><span style=\"font-weight: 400;\">M\u00e9decine<\/span><\/em><span style=\"font-weight: 400;\"> &#8211; que Klimt a cr\u00e9\u00e9 pour l&rsquo;Universit\u00e9 de Vienne. L&rsquo;\u0153uvre a \u00e9t\u00e9 contest\u00e9e par ses contemporains. Hygieia \u00e9tait la d\u00e9esse de l&rsquo;hygi\u00e8ne, de la sant\u00e9 et de la propret\u00e9. Le serpent et le bol sont encore aujourd&rsquo;hui des symboles de la m\u00e9decine. Mais ce qui a d\u00e9rang\u00e9 cette \u0153uvre, ce ne sont pas les symboles, mais l&rsquo;expression forte et mena\u00e7ante de la femme, qui contraste avec l&rsquo;humble Hygieia du mythe grec <\/span><\/p>\n<p><span style=\"font-weight: 400;\">Cette superbe peinture du puzzle artistique de Gustav Klimt &#8211; Hygieia sera superbe dans ta chambre ! Recadre l&rsquo;image du puzzle de 1000 pi\u00e8ces et d\u00e9core ta maison avec une peinture d&rsquo;art sp\u00e9ciale. Pour recr\u00e9er le tableau, tu auras besoin d&rsquo;une table basse ordinaire comme support car les dimensions du tableau final sont de 50 x 70 cm.<\/span><\/p>\n<p><span style=\"font-weight: 400;\">Caract\u00e9ristiques du puzzle Gustav Klimt &#8211; Hygieia de 1000 pi\u00e8ces :<\/span><\/p>\n<p><strong>Mat\u00e9riau du puzzle <\/strong><\/p>\n<p><strong>carton bleu de haute qualit\u00e9<\/strong><\/p>\n<p><strong>des mat\u00e9riaux durables et recyclables<\/strong><\/p>\n<p><strong>finition semi-brillante, couleurs vives<\/strong><\/p>\n<p><strong>Nombre de pi\u00e8ces de puzzle : 1000<\/strong><\/p>\n<p><strong>\u00c2ge recommand\u00e9 : 14+<\/strong><\/p>\n<p><strong>Comment r\u00e9duire le niveau de stress avec des puzzles pour adultes ?<\/strong><\/p>\n<p><span style=\"font-weight: 400;\">Les jeux de r\u00e9flexion sont un excellent moyen de se d\u00e9tendre. Pendant l&rsquo;activit\u00e9 d&rsquo;assemblage, ton cerveau est dans un \u00e9tat \u00ab\u00a0Alpha\u00a0\u00bb, semblable \u00e0 celui dans lequel tu es quand tu dors. Cet \u00e9tat apporte de nombreux avantages, notamment :<\/span><\/p>\n<ul>\n<li><span style=\"font-weight: 400;\">R\u00e9duction des niveaux de stress dans le corps.<\/span><\/li>\n<li><span style=\"font-weight: 400;\">Am\u00e9lioration de l&rsquo;humeur.<\/span><\/li>\n<li><span style=\"font-weight: 400;\">La capacit\u00e9 \u00e0 te connecter \u00e0 ton propre moi.<\/span><\/li>\n<li><span style=\"font-weight: 400;\">Augmente la confiance en soi.<\/span><\/li>\n<li><span style=\"font-weight: 400;\">Soulagement de l&rsquo;anxi\u00e9t\u00e9.<\/span><\/li>\n<\/ul>\n<p><strong>L&rsquo;histoire des peintures qui n&rsquo;ont jamais \u00e9t\u00e9 expos\u00e9es<\/strong><\/p>\n<p><span style=\"font-weight: 400;\">En 1894, Klimt a accept\u00e9 de peindre pour le Grand Hall de l&rsquo;Universit\u00e9 de Vienne. Il \u00e9tait responsable de trois panneaux : Philosophie, m\u00e9decine et droit. Les \u0153uvres ont suscit\u00e9 une intense controverse.<\/span><\/p>\n<p><span style=\"font-weight: 400;\">C&rsquo;\u00e9tait la derni\u00e8re commande publique de Gustav Klimt. Par la suite, il n&rsquo;a peint qu&rsquo;\u00e0 la demande de particuliers.<\/span><\/p>\n<p><span style=\"font-weight: 400;\">Suite aux critiques et aux accusations de pornographie, Klimt a rendu au minist\u00e8re de la Sant\u00e9 les honoraires de 30 000 couronnes re\u00e7us pour cette commande.<\/span><\/p>\n<p><span style=\"font-weight: 400;\">Aucune de ces peintures n&rsquo;a \u00e9t\u00e9 expos\u00e9e publiquement <\/span><\/p>\n<p><span style=\"font-weight: 400;\">Toutes les \u0153uvres de cette s\u00e9rie ont br\u00fbl\u00e9 lorsque les troupes nazies ont incendi\u00e9 le ch\u00e2teau Schloss Immendorf o\u00f9 elles \u00e9taient conserv\u00e9es.<\/span><\/p>\n<p><strong>Les jeux de r\u00e9flexion te donnent un sentiment agr\u00e9able et m\u00e9ditatif<\/strong><\/p>\n<p><span style=\"font-weight: 400;\">Lorsque tu recr\u00e9es une image d&rsquo;un puzzle pour adultes, tu te concentres profond\u00e9ment et tu entres dans un \u00e9tat m\u00e9ditatif. Sans le vouloir, tu bannis toutes les autres pens\u00e9es de ton esprit et tu restes connect\u00e9e uniquement \u00e0 l&rsquo;activit\u00e9 consistant \u00e0 assembler les pi\u00e8ces du puzzle 1000. Lorsque tu te concentres, un \u00e9quilibre parfait se cr\u00e9e entre l&rsquo;h\u00e9misph\u00e8re gauche du cerveau, qui r\u00e9git le raisonnement logique, et l&rsquo;h\u00e9misph\u00e8re droit du cerveau, responsable de la pens\u00e9e cr\u00e9ative et de l&rsquo;intuition. Cet \u00e9tat de relaxation et d&rsquo;\u00e9quilibre aide ton cerveau \u00e0 se reposer, et il n&rsquo;est pas \u00e9tonnant qu&rsquo;une fois ta s\u00e9ance de puzzle termin\u00e9e, tu te sentes rafra\u00eechi et heureux, comme apr\u00e8s une s\u00e9ance de m\u00e9ditation.<\/span><\/p>\n<\/p>\n<p><span style=\"font-weight: 400;\">Ach\u00e8te maintenant le puzzle d&rsquo;art Gustav Klimt &#8211; Hygieia et ose changer tes habitudes ! Assemble ce puzzle de 1000 pi\u00e8ces et profite de tous les avantages que t&rsquo;apportent les jeux de puzzle <\/span><\/p>\n<p><span style=\"font-weight: 400;\">Gustav Klimt &#8211; Hygieia Puzzle 1000 pi\u00e8ces peut \u00eatre un excellent cadeau \u00e0 offrir \u00e0 tes proches \u00e0 l&rsquo;occasion de divers anniversaires.<\/span><\/p>\n","protected":false},"excerpt":{"rendered":"<p>Choisis maintenant parmi les centaines d&rsquo;images disponibles dans la collection de puzzles d&rsquo;art et deviens un ma\u00eetre des jeux de<\/p>\n","protected":false},"featured_media":49942,"template":"","meta":[],"product_brand":[],"product_cat":[2314,2316,2315],"product_tag":[],"class_list":{"0":"post-52665","1":"product","2":"type-product","3":"status-publish","4":"has-post-thumbnail","6":"product_cat-puzzles-fr","7":"product_cat-puzzles-de-1000-pieces","8":"product_cat-puzzles-pour-adultes","9":"pa_brand-d_toys-fr","10":"pa_country_of_manufacture-ro-fr","11":"pa_filter_age-14-fr","12":"pa_painter-gustavklimt-fr","13":"pa_tip_ambalaj-boite","14":"pa_tip_puzzle-classique","16":"first","17":"instock","18":"taxable","19":"shipping-taxable","20":"product-type-simple"},"yoast_head":"<!-- This site is optimized with the Yoast SEO plugin v20.1 - https:\/\/yoast.com\/wordpress\/plugins\/seo\/ -->\n<title>Puzzle adulte 1000 pi\u00e8ces Gustav Klimt - Hygieia<\/title>\n<meta name=\"description\" content=\"Puzzle adulte 1000 pi\u00e8ces Gustav Klimt - Hygieia\" \/>\n<meta name=\"robots\" content=\"index, follow, max-snippet:-1, max-image-preview:large, max-video-preview:-1\" \/>\n<link rel=\"canonical\" href=\"https:\/\/business.roovi.com\/fr\/puzzle-adulte-1000-pieces-gustav-klimt-hygieia\/p\/\" \/>\n<meta property=\"og:locale\" content=\"fr_FR\" \/>\n<meta property=\"og:type\" content=\"article\" \/>\n<meta property=\"og:title\" content=\"Puzzle adulte 1000 pi\u00e8ces Gustav Klimt - Hygieia\" \/>\n<meta property=\"og:description\" content=\"Puzzle adulte 1000 pi\u00e8ces Gustav Klimt - Hygieia\" \/>\n<meta property=\"og:url\" content=\"https:\/\/business.roovi.com\/fr\/puzzle-adulte-1000-pieces-gustav-klimt-hygieia\/p\/\" \/>\n<meta property=\"og:site_name\" content=\"Roovi B2B\" \/>\n<meta property=\"article:publisher\" content=\"https:\/\/www.facebook.com\/wwwjucariero\" \/>\n<meta property=\"article:modified_time\" content=\"2022-07-13T10:18:35+00:00\" \/>\n<meta property=\"og:image\" content=\"https:\/\/business.roovi.com\/wp-content\/uploads\/2018\/08\/66923-11_ansamblu_dimensiuni_cutie_cm_1200x1200.png\" \/>\n\t<meta property=\"og:image:width\" content=\"1200\" \/>\n\t<meta property=\"og:image:height\" content=\"1200\" \/>\n\t<meta property=\"og:image:type\" content=\"image\/png\" \/>\n<meta name=\"twitter:label1\" content=\"Dur\u00e9e de lecture estim\u00e9e\" \/>\n\t<meta name=\"twitter:data1\" content=\"3 minutes\" \/>\n<script type=\"application\/ld+json\" class=\"yoast-schema-graph\">{\"@context\":\"https:\/\/schema.org\",\"@graph\":[{\"@type\":\"WebPage\",\"@id\":\"https:\/\/business.roovi.com\/fr\/puzzle-adulte-1000-pieces-gustav-klimt-hygieia\/p\/\",\"url\":\"https:\/\/business.roovi.com\/fr\/puzzle-adulte-1000-pieces-gustav-klimt-hygieia\/p\/\",\"name\":\"Puzzle adulte 1000 pi\u00e8ces Gustav Klimt - Hygieia\",\"isPartOf\":{\"@id\":\"https:\/\/business.roovi.com\/fr\/#website\"},\"datePublished\":\"2018-08-02T08:38:01+00:00\",\"dateModified\":\"2022-07-13T10:18:35+00:00\",\"description\":\"Puzzle adulte 1000 pi\u00e8ces Gustav Klimt - Hygieia\",\"breadcrumb\":{\"@id\":\"https:\/\/business.roovi.com\/fr\/puzzle-adulte-1000-pieces-gustav-klimt-hygieia\/p\/#breadcrumb\"},\"inLanguage\":\"fr-FR\",\"potentialAction\":[{\"@type\":\"ReadAction\",\"target\":[\"https:\/\/business.roovi.com\/fr\/puzzle-adulte-1000-pieces-gustav-klimt-hygieia\/p\/\"]}]},{\"@type\":\"BreadcrumbList\",\"@id\":\"https:\/\/business.roovi.com\/fr\/puzzle-adulte-1000-pieces-gustav-klimt-hygieia\/p\/#breadcrumb\",\"itemListElement\":[{\"@type\":\"ListItem\",\"position\":1,\"name\":\"Home\",\"item\":\"https:\/\/business.roovi.com\/fr\/\"},{\"@type\":\"ListItem\",\"position\":2,\"name\":\"Boutique\",\"item\":\"https:\/\/business.roovi.com\/fr\/boutique\/\"},{\"@type\":\"ListItem\",\"position\":3,\"name\":\"Puzzle adulte 1000 pi\u00e8ces Gustav Klimt &#8211; Hygieia\"}]},{\"@type\":\"WebSite\",\"@id\":\"https:\/\/business.roovi.com\/fr\/#website\",\"url\":\"https:\/\/business.roovi.com\/fr\/\",\"name\":\"Roovi B2B\",\"description\":\"Roovi Business Website\",\"potentialAction\":[{\"@type\":\"SearchAction\",\"target\":{\"@type\":\"EntryPoint\",\"urlTemplate\":\"https:\/\/business.roovi.com\/fr\/?s={search_term_string}\"},\"query-input\":\"required name=search_term_string\"}],\"inLanguage\":\"fr-FR\"}]}<\/script>\n<!-- \/ Yoast SEO plugin. -->","yoast_head_json":{"title":"Puzzle adulte 1000 pi\u00e8ces Gustav Klimt - Hygieia","description":"Puzzle adulte 1000 pi\u00e8ces Gustav Klimt - Hygieia","robots":{"index":"index","follow":"follow","max-snippet":"max-snippet:-1","max-image-preview":"max-image-preview:large","max-video-preview":"max-video-preview:-1"},"canonical":"https:\/\/business.roovi.com\/fr\/puzzle-adulte-1000-pieces-gustav-klimt-hygieia\/p\/","og_locale":"fr_FR","og_type":"article","og_title":"Puzzle adulte 1000 pi\u00e8ces Gustav Klimt - Hygieia","og_description":"Puzzle adulte 1000 pi\u00e8ces Gustav Klimt - Hygieia","og_url":"https:\/\/business.roovi.com\/fr\/puzzle-adulte-1000-pieces-gustav-klimt-hygieia\/p\/","og_site_name":"Roovi B2B","article_publisher":"https:\/\/www.facebook.com\/wwwjucariero","article_modified_time":"2022-07-13T10:18:35+00:00","og_image":[{"width":1200,"height":1200,"url":"https:\/\/business.roovi.com\/wp-content\/uploads\/2018\/08\/66923-11_ansamblu_dimensiuni_cutie_cm_1200x1200.png","type":"image\/png"}],"twitter_misc":{"Dur\u00e9e de lecture estim\u00e9e":"3 minutes"},"schema":{"@context":"https:\/\/schema.org","@graph":[{"@type":"WebPage","@id":"https:\/\/business.roovi.com\/fr\/puzzle-adulte-1000-pieces-gustav-klimt-hygieia\/p\/","url":"https:\/\/business.roovi.com\/fr\/puzzle-adulte-1000-pieces-gustav-klimt-hygieia\/p\/","name":"Puzzle adulte 1000 pi\u00e8ces Gustav Klimt - Hygieia","isPartOf":{"@id":"https:\/\/business.roovi.com\/fr\/#website"},"datePublished":"2018-08-02T08:38:01+00:00","dateModified":"2022-07-13T10:18:35+00:00","description":"Puzzle adulte 1000 pi\u00e8ces Gustav Klimt - Hygieia","breadcrumb":{"@id":"https:\/\/business.roovi.com\/fr\/puzzle-adulte-1000-pieces-gustav-klimt-hygieia\/p\/#breadcrumb"},"inLanguage":"fr-FR","potentialAction":[{"@type":"ReadAction","target":["https:\/\/business.roovi.com\/fr\/puzzle-adulte-1000-pieces-gustav-klimt-hygieia\/p\/"]}]},{"@type":"BreadcrumbList","@id":"https:\/\/business.roovi.com\/fr\/puzzle-adulte-1000-pieces-gustav-klimt-hygieia\/p\/#breadcrumb","itemListElement":[{"@type":"ListItem","position":1,"name":"Home","item":"https:\/\/business.roovi.com\/fr\/"},{"@type":"ListItem","position":2,"name":"Boutique","item":"https:\/\/business.roovi.com\/fr\/boutique\/"},{"@type":"ListItem","position":3,"name":"Puzzle adulte 1000 pi\u00e8ces Gustav Klimt &#8211; Hygieia"}]},{"@type":"WebSite","@id":"https:\/\/business.roovi.com\/fr\/#website","url":"https:\/\/business.roovi.com\/fr\/","name":"Roovi B2B","description":"Roovi Business Website","potentialAction":[{"@type":"SearchAction","target":{"@type":"EntryPoint","urlTemplate":"https:\/\/business.roovi.com\/fr\/?s={search_term_string}"},"query-input":"required name=search_term_string"}],"inLanguage":"fr-FR"}]}},"_links":{"self":[{"href":"https:\/\/business.roovi.com\/fr\/wp-json\/wp\/v2\/product\/52665","targetHints":{"allow":["GET"]}}],"collection":[{"href":"https:\/\/business.roovi.com\/fr\/wp-json\/wp\/v2\/product"}],"about":[{"href":"https:\/\/business.roovi.com\/fr\/wp-json\/wp\/v2\/types\/product"}],"version-history":[{"count":0,"href":"https:\/\/business.roovi.com\/fr\/wp-json\/wp\/v2\/product\/52665\/revisions"}],"wp:featuredmedia":[{"embeddable":true,"href":"https:\/\/business.roovi.com\/fr\/wp-json\/wp\/v2\/media\/49942"}],"wp:attachment":[{"href":"https:\/\/business.roovi.com\/fr\/wp-json\/wp\/v2\/media?parent=52665"}],"wp:term":[{"taxonomy":"product_brand","embeddable":true,"href":"https:\/\/business.roovi.com\/fr\/wp-json\/wp\/v2\/product_brand?post=52665"},{"taxonomy":"product_cat","embeddable":true,"href":"https:\/\/business.roovi.com\/fr\/wp-json\/wp\/v2\/product_cat?post=52665"},{"taxonomy":"product_tag","embeddable":true,"href":"https:\/\/business.roovi.com\/fr\/wp-json\/wp\/v2\/product_tag?post=52665"}],"curies":[{"name":"wp","href":"https:\/\/api.w.org\/{rel}","templated":true}]}}