{"id":52674,"date":"2018-08-02T08:38:01","date_gmt":"2018-08-02T08:38:01","guid":{"rendered":"https:\/\/business.roovi.com\/puzzle-adulti-1000-piese-claude-monet-garden-at-sainte-adresse-2\/p\/"},"modified":"2022-07-13T10:18:40","modified_gmt":"2022-07-13T10:18:40","slug":"puzzle-adulte-1000-pieces-claude-monet-jardin-a-sainte-adresse","status":"publish","type":"product","link":"https:\/\/business.roovi.com\/fr\/puzzle-adulte-1000-pieces-claude-monet-jardin-a-sainte-adresse\/p\/","title":{"rendered":"Puzzle adulte 1000 pi\u00e8ces Claude Monet &#8211; Jardin \u00e0 Sainte-Adresse"},"content":{"rendered":"<p><span style=\"font-weight: 400;\">Admirer des \u0153uvres d&rsquo;art dans les grands mus\u00e9es du monde est fascinant, mais pas toujours possible. Assemble le puzzle de 1000 pi\u00e8ces de notre collection de puzzles d&rsquo;art et contemple les photos des tableaux les plus c\u00e9l\u00e8bres de l&rsquo;histoire. La Joconde, la Nuit \u00e9toil\u00e9e, la Naissance de V\u00e9nus et bien d&rsquo;autres choses encore sont \u00e0 port\u00e9e de clic !<\/span><\/p>\n<p><span style=\"font-weight: 400;\">Le puzzle de 1000 pi\u00e8ces Claude Monet &#8211; Jardin \u00e0 Sainte-Adresse\/Gardine \u00e0 Sainte-Adresse rend l&rsquo;image du tableau \u00e9ponyme dans lequel l&rsquo;artiste a peint une sc\u00e8ne ensoleill\u00e9e, pleine de vie et de couleurs, dans une approche audacieuse pour l&rsquo;\u00e9poque \u00e0 laquelle il vivait <\/span><\/p>\n<p><span style=\"font-weight: 400;\">La peinture originale est maintenant \u00e0 <\/span><span style=\"font-weight: 400;\">Le Metropolitan Museum of Art \u00e0 New York. La bonne nouvelle est que tu n&rsquo;as pas besoin d&rsquo;aller jusqu&rsquo;au mus\u00e9e pour admirer ce chef-d&rsquo;\u0153uvre ! Tu peux recr\u00e9er une copie fid\u00e8le en assemblant ce merveilleux puzzle artistique. La taille de l&rsquo;image obtenue est de 50 x 70 cm, et tu peux utiliser une table basse ordinaire pour travailler avec elle.<\/span><\/p>\n<p><span style=\"font-weight: 400;\">Autres caract\u00e9ristiques du puzzle artistique <\/span><span style=\"font-weight: 400;\">Claude Monet &#8211; Jardin \u00e0 Sainte-Adresse\/Garden at Sainte-Adresse :<\/span><\/p>\n<p><strong>Mat\u00e9riau du puzzle <\/strong><\/p>\n<p><strong>carton bleu de haute qualit\u00e9<\/strong><\/p>\n<p><strong>des mat\u00e9riaux durables et recyclables<\/strong><\/p>\n<p><strong>finition semi-brillante, couleurs vives<\/strong><\/p>\n<p><strong>Nombre de pi\u00e8ces de puzzle : 1000<\/strong><\/p>\n<p><strong>\u00c2ge recommand\u00e9 : 14+<\/strong><\/p>\n<p><strong>Savais-tu que les jeux de r\u00e9flexion t&rsquo;aident \u00e0 d\u00e9velopper diff\u00e9rentes comp\u00e9tences ?<\/strong><\/p>\n<p><span style=\"font-weight: 400;\">Assembler des puzzles de 1000 pi\u00e8ces est une activit\u00e9 relaxante qui pr\u00e9sente de nombreux avantages. Voici quelques-unes des comp\u00e9tences que tu peux d\u00e9velopper en assemblant des puzzles pour adultes tous les jours :<\/span><\/p>\n<p><span style=\"font-weight: 400;\">Pers\u00e9v\u00e9rance.<\/span><\/p>\n<p><span style=\"font-weight: 400;\">Fais attention aux d\u00e9tails.<\/span><\/p>\n<p><span style=\"font-weight: 400;\">M\u00e9moire.<\/span><\/p>\n<p><span style=\"font-weight: 400;\">La capacit\u00e9 \u00e0 trouver rapidement des solutions aux probl\u00e8mes.<\/span><\/p>\n<p><span style=\"font-weight: 400;\">Travail d&rsquo;\u00e9quipe lorsque tu assembles des puzzles avec tes proches.<\/span><\/p>\n<p><strong>5 faits sur la peinture <\/strong><strong><em>Jardin \u00e0 Sainte-Adresse <\/em><\/strong><strong>que tu ne connaissais probablement pas<\/strong><\/p>\n<p><span style=\"font-weight: 400;\">1. Les personnages du tableau appartiennent \u00e0 des personnes proches du peintre. Par exemple, l&rsquo;homme et la femme assis sont le p\u00e8re et la tante de l&rsquo;artiste.<\/span><\/p>\n<p><span style=\"font-weight: 400;\">2. Le tableau n&rsquo;est pas un portrait de famille, bien qu&rsquo;il contienne des personnages proches. \u00c0 l&rsquo;\u00e9poque, les relations avec son p\u00e8re \u00e9taient tendues en raison de la relation du peintre avec.. <\/span><span style=\"font-weight: 400;\">Camille Doncieux, sa future femme, que la famille d\u00e9sapprouve.<\/span><\/p>\n<p><span style=\"font-weight: 400;\">3. Monet a expos\u00e9 ce tableau 12 ans apr\u00e8s qu&rsquo;il ait \u00e9t\u00e9 peint lors de la quatri\u00e8me exposition impressionniste en 1879.<\/span><\/p>\n<p><span style=\"font-weight: 400;\">4. Pour le spectateur d&rsquo;aujourd&rsquo;hui, les couleurs vives qui se refl\u00e8tent dans la mer, les fleurs et le chemin de gravier sont normales. Pour les contemporains de Monet, cependant, cette luminosit\u00e9 presque aust\u00e8re \u00e9tait choquante.<\/span><\/p>\n<p><span style=\"font-weight: 400;\">5. La peinture refl\u00e8te l&rsquo;admiration de l&rsquo;artiste pour les gravures japonaises <\/span><\/p>\n<p><span style=\"font-weight: 400;\">Acheter maintenant Puzzle de 1000 pi\u00e8ces <\/span><span style=\"font-weight: 400;\">Claude Monet &#8211; Jardin \u00e0 Sainte-Adresse\/Garden at Sainte-Adresse et cr\u00e9e ta propre peinture lumineuse, pleine de couleurs et d&rsquo;ondes positives ! Si tu cherches un cadeau pour un proche, ce merveilleux puzzle artistique est le choix id\u00e9al.<\/span><\/p><\/p>\n","protected":false},"excerpt":{"rendered":"<p>Admirer des \u0153uvres d&rsquo;art dans les grands mus\u00e9es du monde est fascinant, mais pas toujours possible. Assemble le puzzle de<\/p>\n","protected":false},"featured_media":63254,"template":"","meta":[],"product_brand":[],"product_cat":[2314,2316,2315],"product_tag":[],"class_list":{"0":"post-52674","1":"product","2":"type-product","3":"status-publish","4":"has-post-thumbnail","6":"product_cat-puzzles-fr","7":"product_cat-puzzles-de-1000-pieces","8":"product_cat-puzzles-pour-adultes","9":"pa_brand-d_toys-fr","10":"pa_country_of_manufacture-ro-fr","11":"pa_filter_age-14-fr","12":"pa_painter-claudemonet-fr","13":"pa_tip_ambalaj-boite","14":"pa_tip_puzzle-classique","16":"first","17":"instock","18":"taxable","19":"shipping-taxable","20":"product-type-simple"},"yoast_head":"<!-- This site is optimized with the Yoast SEO plugin v20.1 - https:\/\/yoast.com\/wordpress\/plugins\/seo\/ -->\n<title>Puzzle adulte 1000 pi\u00e8ces Claude Monet - Jardin \u00e0 Sainte-Adresse<\/title>\n<meta name=\"description\" content=\"Puzzle adulte 1000 pi\u00e8ces Claude Monet - Jardin \u00e0 Sainte-Adresse\" \/>\n<meta name=\"robots\" content=\"index, follow, max-snippet:-1, max-image-preview:large, max-video-preview:-1\" \/>\n<link rel=\"canonical\" href=\"https:\/\/business.roovi.com\/fr\/puzzle-adulte-1000-pieces-claude-monet-jardin-a-sainte-adresse\/p\/\" \/>\n<meta property=\"og:locale\" content=\"fr_FR\" \/>\n<meta property=\"og:type\" content=\"article\" \/>\n<meta property=\"og:title\" content=\"Puzzle adulte 1000 pi\u00e8ces Claude Monet - Jardin \u00e0 Sainte-Adresse\" \/>\n<meta property=\"og:description\" content=\"Puzzle adulte 1000 pi\u00e8ces Claude Monet - Jardin \u00e0 Sainte-Adresse\" \/>\n<meta property=\"og:url\" content=\"https:\/\/business.roovi.com\/fr\/puzzle-adulte-1000-pieces-claude-monet-jardin-a-sainte-adresse\/p\/\" \/>\n<meta property=\"og:site_name\" content=\"Roovi B2B\" \/>\n<meta property=\"article:publisher\" content=\"https:\/\/www.facebook.com\/wwwjucariero\" \/>\n<meta property=\"article:modified_time\" content=\"2022-07-13T10:18:40+00:00\" \/>\n<meta property=\"og:image\" content=\"https:\/\/business.roovi.com\/wp-content\/uploads\/2018\/08\/67548-07_ansamblu_dimensiuni_cutie_cm_1200x1200.png\" \/>\n\t<meta property=\"og:image:width\" content=\"1200\" \/>\n\t<meta property=\"og:image:height\" content=\"1200\" \/>\n\t<meta property=\"og:image:type\" content=\"image\/png\" \/>\n<meta name=\"twitter:label1\" content=\"Dur\u00e9e de lecture estim\u00e9e\" \/>\n\t<meta name=\"twitter:data1\" content=\"2 minutes\" \/>\n<script type=\"application\/ld+json\" class=\"yoast-schema-graph\">{\"@context\":\"https:\/\/schema.org\",\"@graph\":[{\"@type\":\"WebPage\",\"@id\":\"https:\/\/business.roovi.com\/fr\/puzzle-adulte-1000-pieces-claude-monet-jardin-a-sainte-adresse\/p\/\",\"url\":\"https:\/\/business.roovi.com\/fr\/puzzle-adulte-1000-pieces-claude-monet-jardin-a-sainte-adresse\/p\/\",\"name\":\"Puzzle adulte 1000 pi\u00e8ces Claude Monet - Jardin \u00e0 Sainte-Adresse\",\"isPartOf\":{\"@id\":\"https:\/\/business.roovi.com\/fr\/#website\"},\"datePublished\":\"2018-08-02T08:38:01+00:00\",\"dateModified\":\"2022-07-13T10:18:40+00:00\",\"description\":\"Puzzle adulte 1000 pi\u00e8ces Claude Monet - Jardin \u00e0 Sainte-Adresse\",\"breadcrumb\":{\"@id\":\"https:\/\/business.roovi.com\/fr\/puzzle-adulte-1000-pieces-claude-monet-jardin-a-sainte-adresse\/p\/#breadcrumb\"},\"inLanguage\":\"fr-FR\",\"potentialAction\":[{\"@type\":\"ReadAction\",\"target\":[\"https:\/\/business.roovi.com\/fr\/puzzle-adulte-1000-pieces-claude-monet-jardin-a-sainte-adresse\/p\/\"]}]},{\"@type\":\"BreadcrumbList\",\"@id\":\"https:\/\/business.roovi.com\/fr\/puzzle-adulte-1000-pieces-claude-monet-jardin-a-sainte-adresse\/p\/#breadcrumb\",\"itemListElement\":[{\"@type\":\"ListItem\",\"position\":1,\"name\":\"Home\",\"item\":\"https:\/\/business.roovi.com\/fr\/\"},{\"@type\":\"ListItem\",\"position\":2,\"name\":\"Boutique\",\"item\":\"https:\/\/business.roovi.com\/fr\/boutique\/\"},{\"@type\":\"ListItem\",\"position\":3,\"name\":\"Puzzle adulte 1000 pi\u00e8ces Claude Monet &#8211; Jardin \u00e0 Sainte-Adresse\"}]},{\"@type\":\"WebSite\",\"@id\":\"https:\/\/business.roovi.com\/fr\/#website\",\"url\":\"https:\/\/business.roovi.com\/fr\/\",\"name\":\"Roovi B2B\",\"description\":\"Roovi Business Website\",\"potentialAction\":[{\"@type\":\"SearchAction\",\"target\":{\"@type\":\"EntryPoint\",\"urlTemplate\":\"https:\/\/business.roovi.com\/fr\/?s={search_term_string}\"},\"query-input\":\"required name=search_term_string\"}],\"inLanguage\":\"fr-FR\"}]}<\/script>\n<!-- \/ Yoast SEO plugin. -->","yoast_head_json":{"title":"Puzzle adulte 1000 pi\u00e8ces Claude Monet - Jardin \u00e0 Sainte-Adresse","description":"Puzzle adulte 1000 pi\u00e8ces Claude Monet - Jardin \u00e0 Sainte-Adresse","robots":{"index":"index","follow":"follow","max-snippet":"max-snippet:-1","max-image-preview":"max-image-preview:large","max-video-preview":"max-video-preview:-1"},"canonical":"https:\/\/business.roovi.com\/fr\/puzzle-adulte-1000-pieces-claude-monet-jardin-a-sainte-adresse\/p\/","og_locale":"fr_FR","og_type":"article","og_title":"Puzzle adulte 1000 pi\u00e8ces Claude Monet - Jardin \u00e0 Sainte-Adresse","og_description":"Puzzle adulte 1000 pi\u00e8ces Claude Monet - Jardin \u00e0 Sainte-Adresse","og_url":"https:\/\/business.roovi.com\/fr\/puzzle-adulte-1000-pieces-claude-monet-jardin-a-sainte-adresse\/p\/","og_site_name":"Roovi B2B","article_publisher":"https:\/\/www.facebook.com\/wwwjucariero","article_modified_time":"2022-07-13T10:18:40+00:00","og_image":[{"width":1200,"height":1200,"url":"https:\/\/business.roovi.com\/wp-content\/uploads\/2018\/08\/67548-07_ansamblu_dimensiuni_cutie_cm_1200x1200.png","type":"image\/png"}],"twitter_misc":{"Dur\u00e9e de lecture estim\u00e9e":"2 minutes"},"schema":{"@context":"https:\/\/schema.org","@graph":[{"@type":"WebPage","@id":"https:\/\/business.roovi.com\/fr\/puzzle-adulte-1000-pieces-claude-monet-jardin-a-sainte-adresse\/p\/","url":"https:\/\/business.roovi.com\/fr\/puzzle-adulte-1000-pieces-claude-monet-jardin-a-sainte-adresse\/p\/","name":"Puzzle adulte 1000 pi\u00e8ces Claude Monet - Jardin \u00e0 Sainte-Adresse","isPartOf":{"@id":"https:\/\/business.roovi.com\/fr\/#website"},"datePublished":"2018-08-02T08:38:01+00:00","dateModified":"2022-07-13T10:18:40+00:00","description":"Puzzle adulte 1000 pi\u00e8ces Claude Monet - Jardin \u00e0 Sainte-Adresse","breadcrumb":{"@id":"https:\/\/business.roovi.com\/fr\/puzzle-adulte-1000-pieces-claude-monet-jardin-a-sainte-adresse\/p\/#breadcrumb"},"inLanguage":"fr-FR","potentialAction":[{"@type":"ReadAction","target":["https:\/\/business.roovi.com\/fr\/puzzle-adulte-1000-pieces-claude-monet-jardin-a-sainte-adresse\/p\/"]}]},{"@type":"BreadcrumbList","@id":"https:\/\/business.roovi.com\/fr\/puzzle-adulte-1000-pieces-claude-monet-jardin-a-sainte-adresse\/p\/#breadcrumb","itemListElement":[{"@type":"ListItem","position":1,"name":"Home","item":"https:\/\/business.roovi.com\/fr\/"},{"@type":"ListItem","position":2,"name":"Boutique","item":"https:\/\/business.roovi.com\/fr\/boutique\/"},{"@type":"ListItem","position":3,"name":"Puzzle adulte 1000 pi\u00e8ces Claude Monet &#8211; Jardin \u00e0 Sainte-Adresse"}]},{"@type":"WebSite","@id":"https:\/\/business.roovi.com\/fr\/#website","url":"https:\/\/business.roovi.com\/fr\/","name":"Roovi B2B","description":"Roovi Business Website","potentialAction":[{"@type":"SearchAction","target":{"@type":"EntryPoint","urlTemplate":"https:\/\/business.roovi.com\/fr\/?s={search_term_string}"},"query-input":"required name=search_term_string"}],"inLanguage":"fr-FR"}]}},"_links":{"self":[{"href":"https:\/\/business.roovi.com\/fr\/wp-json\/wp\/v2\/product\/52674","targetHints":{"allow":["GET"]}}],"collection":[{"href":"https:\/\/business.roovi.com\/fr\/wp-json\/wp\/v2\/product"}],"about":[{"href":"https:\/\/business.roovi.com\/fr\/wp-json\/wp\/v2\/types\/product"}],"version-history":[{"count":0,"href":"https:\/\/business.roovi.com\/fr\/wp-json\/wp\/v2\/product\/52674\/revisions"}],"wp:featuredmedia":[{"embeddable":true,"href":"https:\/\/business.roovi.com\/fr\/wp-json\/wp\/v2\/media\/63254"}],"wp:attachment":[{"href":"https:\/\/business.roovi.com\/fr\/wp-json\/wp\/v2\/media?parent=52674"}],"wp:term":[{"taxonomy":"product_brand","embeddable":true,"href":"https:\/\/business.roovi.com\/fr\/wp-json\/wp\/v2\/product_brand?post=52674"},{"taxonomy":"product_cat","embeddable":true,"href":"https:\/\/business.roovi.com\/fr\/wp-json\/wp\/v2\/product_cat?post=52674"},{"taxonomy":"product_tag","embeddable":true,"href":"https:\/\/business.roovi.com\/fr\/wp-json\/wp\/v2\/product_tag?post=52674"}],"curies":[{"name":"wp","href":"https:\/\/api.w.org\/{rel}","templated":true}]}}