{"id":52677,"date":"2018-08-02T08:38:00","date_gmt":"2018-08-02T08:38:00","guid":{"rendered":"https:\/\/business.roovi.com\/jocul-cactus-the-game\/p\/"},"modified":"2022-07-13T10:18:41","modified_gmt":"2022-07-13T10:18:41","slug":"jeu-dadresse-jeu-du-cactus-24-pieces-en-bois","status":"publish","type":"product","link":"https:\/\/business.roovi.com\/fr\/jeu-dadresse-jeu-du-cactus-24-pieces-en-bois\/p\/","title":{"rendered":"Jeu d&rsquo;adresse &#8211; Jeu du cactus, 24 pi\u00e8ces en bois"},"content":{"rendered":"<p>Design g\u00e9om\u00e9trique minimal &#8211; jeu infini. Cactus, The Game se distingue des autres jeux d&rsquo;\u00e9quilibre par son design minimal et g\u00e9om\u00e9trique qui cache des possibilit\u00e9s infinies. Il peut \u00eatre jou\u00e9 par 2-4 personnes, quel que soit leur \u00e2ge, car l&rsquo;utilisation des 24 pi\u00e8ces repr\u00e9sente un d\u00e9fi m\u00eame pour ceux qui ont un excellent sens de l&rsquo;\u00e9quilibre. Le concept du jeu est tr\u00e8s simple : les joueurs placent habilement des pi\u00e8ces en bois pour construire un cactus, en veillant \u00e0 ce que la \u00ab\u00a0plante\u00a0\u00bb ne tombe pas. Les pi\u00e8ces de construction ont toutes la m\u00eame forme, mais diff\u00e8rent par le nombre de trous qu&rsquo;elles comportent, ce qui permet de nombreuses possibilit\u00e9s tactiques. Fabriqu\u00e9 en bois de h\u00eatre durable, Cactus, The Game offre une valeur ludique infinie.<br \/>Contenu : 1 socle, 24 pi\u00e8ces de construction en bois, r\u00e8gles du jeu.<\/p>\n","protected":false},"excerpt":{"rendered":"<p>Design g\u00e9om\u00e9trique minimal &#8211; jeu infini. Cactus, The Game se distingue des autres jeux d&rsquo;\u00e9quilibre par son design minimal et<\/p>\n","protected":false},"featured_media":70816,"template":"","meta":[],"product_brand":[],"product_cat":[2327],"product_tag":[],"class_list":{"0":"post-52677","1":"product","2":"type-product","3":"status-publish","4":"has-post-thumbnail","6":"product_cat-jeux-en-bois","7":"pa_brand-tikka-fr-2","8":"pa_country_of_manufacture-ro-fr","9":"pa_filter_age-14-fr","10":"pa_filter_age-5_7-fr","11":"pa_filter_age-7_9-fr","12":"pa_filter_age-9_14-fr","13":"pa_tip_ambalaj-boite","15":"first","16":"instock","17":"taxable","18":"shipping-taxable","19":"product-type-simple"},"yoast_head":"<!-- This site is optimized with the Yoast SEO plugin v20.1 - https:\/\/yoast.com\/wordpress\/plugins\/seo\/ -->\n<title>Jeu d&#039;adresse - Jeu du cactus, 24 pi\u00e8ces en bois<\/title>\n<meta name=\"description\" content=\"Jeu d&#039;adresse - Jeu du cactus, 24 pi\u00e8ces en bois\" \/>\n<meta name=\"robots\" content=\"index, follow, max-snippet:-1, max-image-preview:large, max-video-preview:-1\" \/>\n<link rel=\"canonical\" href=\"https:\/\/business.roovi.com\/fr\/jeu-dadresse-jeu-du-cactus-24-pieces-en-bois\/p\/\" \/>\n<meta property=\"og:locale\" content=\"fr_FR\" \/>\n<meta property=\"og:type\" content=\"article\" \/>\n<meta property=\"og:title\" content=\"Jeu d&#039;adresse - Jeu du cactus, 24 pi\u00e8ces en bois\" \/>\n<meta property=\"og:description\" content=\"Jeu d&#039;adresse - Jeu du cactus, 24 pi\u00e8ces en bois\" \/>\n<meta property=\"og:url\" content=\"https:\/\/business.roovi.com\/fr\/jeu-dadresse-jeu-du-cactus-24-pieces-en-bois\/p\/\" \/>\n<meta property=\"og:site_name\" content=\"Roovi B2B\" \/>\n<meta property=\"article:publisher\" content=\"https:\/\/www.facebook.com\/wwwjucariero\" \/>\n<meta property=\"article:modified_time\" content=\"2022-07-13T10:18:41+00:00\" \/>\n<meta property=\"og:image\" content=\"https:\/\/business.roovi.com\/wp-content\/uploads\/2018\/08\/cactus_elo_1.jpg\" \/>\n\t<meta property=\"og:image:width\" content=\"1200\" \/>\n\t<meta property=\"og:image:height\" content=\"1200\" \/>\n\t<meta property=\"og:image:type\" content=\"image\/jpeg\" \/>\n<meta name=\"twitter:label1\" content=\"Dur\u00e9e de lecture estim\u00e9e\" \/>\n\t<meta name=\"twitter:data1\" content=\"1 minute\" \/>\n<script type=\"application\/ld+json\" class=\"yoast-schema-graph\">{\"@context\":\"https:\/\/schema.org\",\"@graph\":[{\"@type\":\"WebPage\",\"@id\":\"https:\/\/business.roovi.com\/fr\/jeu-dadresse-jeu-du-cactus-24-pieces-en-bois\/p\/\",\"url\":\"https:\/\/business.roovi.com\/fr\/jeu-dadresse-jeu-du-cactus-24-pieces-en-bois\/p\/\",\"name\":\"Jeu d'adresse - Jeu du cactus, 24 pi\u00e8ces en bois\",\"isPartOf\":{\"@id\":\"https:\/\/business.roovi.com\/fr\/#website\"},\"datePublished\":\"2018-08-02T08:38:00+00:00\",\"dateModified\":\"2022-07-13T10:18:41+00:00\",\"description\":\"Jeu d'adresse - Jeu du cactus, 24 pi\u00e8ces en bois\",\"breadcrumb\":{\"@id\":\"https:\/\/business.roovi.com\/fr\/jeu-dadresse-jeu-du-cactus-24-pieces-en-bois\/p\/#breadcrumb\"},\"inLanguage\":\"fr-FR\",\"potentialAction\":[{\"@type\":\"ReadAction\",\"target\":[\"https:\/\/business.roovi.com\/fr\/jeu-dadresse-jeu-du-cactus-24-pieces-en-bois\/p\/\"]}]},{\"@type\":\"BreadcrumbList\",\"@id\":\"https:\/\/business.roovi.com\/fr\/jeu-dadresse-jeu-du-cactus-24-pieces-en-bois\/p\/#breadcrumb\",\"itemListElement\":[{\"@type\":\"ListItem\",\"position\":1,\"name\":\"Home\",\"item\":\"https:\/\/business.roovi.com\/fr\/\"},{\"@type\":\"ListItem\",\"position\":2,\"name\":\"Boutique\",\"item\":\"https:\/\/business.roovi.com\/fr\/boutique\/\"},{\"@type\":\"ListItem\",\"position\":3,\"name\":\"Jeu d&#8217;adresse &#8211; Jeu du cactus, 24 pi\u00e8ces en bois\"}]},{\"@type\":\"WebSite\",\"@id\":\"https:\/\/business.roovi.com\/fr\/#website\",\"url\":\"https:\/\/business.roovi.com\/fr\/\",\"name\":\"Roovi B2B\",\"description\":\"Roovi Business Website\",\"potentialAction\":[{\"@type\":\"SearchAction\",\"target\":{\"@type\":\"EntryPoint\",\"urlTemplate\":\"https:\/\/business.roovi.com\/fr\/?s={search_term_string}\"},\"query-input\":\"required name=search_term_string\"}],\"inLanguage\":\"fr-FR\"}]}<\/script>\n<!-- \/ Yoast SEO plugin. -->","yoast_head_json":{"title":"Jeu d'adresse - Jeu du cactus, 24 pi\u00e8ces en bois","description":"Jeu d'adresse - Jeu du cactus, 24 pi\u00e8ces en bois","robots":{"index":"index","follow":"follow","max-snippet":"max-snippet:-1","max-image-preview":"max-image-preview:large","max-video-preview":"max-video-preview:-1"},"canonical":"https:\/\/business.roovi.com\/fr\/jeu-dadresse-jeu-du-cactus-24-pieces-en-bois\/p\/","og_locale":"fr_FR","og_type":"article","og_title":"Jeu d'adresse - Jeu du cactus, 24 pi\u00e8ces en bois","og_description":"Jeu d'adresse - Jeu du cactus, 24 pi\u00e8ces en bois","og_url":"https:\/\/business.roovi.com\/fr\/jeu-dadresse-jeu-du-cactus-24-pieces-en-bois\/p\/","og_site_name":"Roovi B2B","article_publisher":"https:\/\/www.facebook.com\/wwwjucariero","article_modified_time":"2022-07-13T10:18:41+00:00","og_image":[{"width":1200,"height":1200,"url":"https:\/\/business.roovi.com\/wp-content\/uploads\/2018\/08\/cactus_elo_1.jpg","type":"image\/jpeg"}],"twitter_misc":{"Dur\u00e9e de lecture estim\u00e9e":"1 minute"},"schema":{"@context":"https:\/\/schema.org","@graph":[{"@type":"WebPage","@id":"https:\/\/business.roovi.com\/fr\/jeu-dadresse-jeu-du-cactus-24-pieces-en-bois\/p\/","url":"https:\/\/business.roovi.com\/fr\/jeu-dadresse-jeu-du-cactus-24-pieces-en-bois\/p\/","name":"Jeu d'adresse - Jeu du cactus, 24 pi\u00e8ces en bois","isPartOf":{"@id":"https:\/\/business.roovi.com\/fr\/#website"},"datePublished":"2018-08-02T08:38:00+00:00","dateModified":"2022-07-13T10:18:41+00:00","description":"Jeu d'adresse - Jeu du cactus, 24 pi\u00e8ces en bois","breadcrumb":{"@id":"https:\/\/business.roovi.com\/fr\/jeu-dadresse-jeu-du-cactus-24-pieces-en-bois\/p\/#breadcrumb"},"inLanguage":"fr-FR","potentialAction":[{"@type":"ReadAction","target":["https:\/\/business.roovi.com\/fr\/jeu-dadresse-jeu-du-cactus-24-pieces-en-bois\/p\/"]}]},{"@type":"BreadcrumbList","@id":"https:\/\/business.roovi.com\/fr\/jeu-dadresse-jeu-du-cactus-24-pieces-en-bois\/p\/#breadcrumb","itemListElement":[{"@type":"ListItem","position":1,"name":"Home","item":"https:\/\/business.roovi.com\/fr\/"},{"@type":"ListItem","position":2,"name":"Boutique","item":"https:\/\/business.roovi.com\/fr\/boutique\/"},{"@type":"ListItem","position":3,"name":"Jeu d&#8217;adresse &#8211; Jeu du cactus, 24 pi\u00e8ces en bois"}]},{"@type":"WebSite","@id":"https:\/\/business.roovi.com\/fr\/#website","url":"https:\/\/business.roovi.com\/fr\/","name":"Roovi B2B","description":"Roovi Business Website","potentialAction":[{"@type":"SearchAction","target":{"@type":"EntryPoint","urlTemplate":"https:\/\/business.roovi.com\/fr\/?s={search_term_string}"},"query-input":"required name=search_term_string"}],"inLanguage":"fr-FR"}]}},"_links":{"self":[{"href":"https:\/\/business.roovi.com\/fr\/wp-json\/wp\/v2\/product\/52677","targetHints":{"allow":["GET"]}}],"collection":[{"href":"https:\/\/business.roovi.com\/fr\/wp-json\/wp\/v2\/product"}],"about":[{"href":"https:\/\/business.roovi.com\/fr\/wp-json\/wp\/v2\/types\/product"}],"version-history":[{"count":0,"href":"https:\/\/business.roovi.com\/fr\/wp-json\/wp\/v2\/product\/52677\/revisions"}],"wp:featuredmedia":[{"embeddable":true,"href":"https:\/\/business.roovi.com\/fr\/wp-json\/wp\/v2\/media\/70816"}],"wp:attachment":[{"href":"https:\/\/business.roovi.com\/fr\/wp-json\/wp\/v2\/media?parent=52677"}],"wp:term":[{"taxonomy":"product_brand","embeddable":true,"href":"https:\/\/business.roovi.com\/fr\/wp-json\/wp\/v2\/product_brand?post=52677"},{"taxonomy":"product_cat","embeddable":true,"href":"https:\/\/business.roovi.com\/fr\/wp-json\/wp\/v2\/product_cat?post=52677"},{"taxonomy":"product_tag","embeddable":true,"href":"https:\/\/business.roovi.com\/fr\/wp-json\/wp\/v2\/product_tag?post=52677"}],"curies":[{"name":"wp","href":"https:\/\/api.w.org\/{rel}","templated":true}]}}