{"id":52706,"date":"2018-04-16T10:56:18","date_gmt":"2018-04-16T10:56:18","guid":{"rendered":"https:\/\/business.roovi.com\/puzzle-adulti-1000-piese-notre-dame\/p\/"},"modified":"2022-07-13T10:18:52","modified_gmt":"2022-07-13T10:18:52","slug":"puzzle-adulte-1000-pieces-notre-dame","status":"publish","type":"product","link":"https:\/\/business.roovi.com\/fr\/puzzle-adulte-1000-pieces-notre-dame\/p\/","title":{"rendered":"Puzzle adulte 1000 pi\u00e8ces Notre Dame"},"content":{"rendered":"<p><strong><em>Si tu es passionn\u00e9(e) par les jeux de puzzle et que tu es fascin\u00e9(e) par la culture fran\u00e7aise, le puzzle de 1000 pi\u00e8ces Notre Dame Cathedral est un grand d\u00e9fi pour ton esprit cr\u00e9atif.<\/em><\/strong><\/p>\n<p><span style=\"font-weight: 400;\">La cath\u00e9drale de style gothique la plus impressionnante du Moyen \u00c2ge, Notre Dame se distingue par sa taille impressionnante, sa longue histoire et son architecture exceptionnelle. La construction de cet imposant monument a commenc\u00e9 en 1163 et s&rsquo;est \u00e9tendue sur plus de 100 ans.<\/span><\/p>\n<p><span style=\"font-weight: 400;\">Au fil du temps, elle a subi des destructions, des remaniements et des restaurations. La R\u00e9volution fran\u00e7aise, par exemple, l&rsquo;a fortement endommag\u00e9e et elle a \u00e9t\u00e9 sauv\u00e9e de la d\u00e9molition par Napol\u00e9on qui y a \u00e9t\u00e9 couronn\u00e9 empereur en 1804 <\/span><\/p>\n<p><span style=\"font-weight: 400;\">Avec le puzzle de 1000 pi\u00e8ces de Notre Dame, tu as la possibilit\u00e9 de construire pi\u00e8ce par pi\u00e8ce cet impressionnant monument architectural. \u00c0 la fin, tu obtiens une vraie peinture, avec des dimensions de <\/span><strong>68 x 47 cm<\/strong><span style=\"font-weight: 400;\">qui aura l&rsquo;air incroyable o\u00f9 que tu l&rsquo;exposes.<\/span><\/p>\n<p><strong>Pourquoi choisir le puzzle Notre Dame de 1000 pi\u00e8ces ?<\/strong><\/p>\n<p><span style=\"font-weight: 400;\">Un puzzle de 1000 pi\u00e8ces est un moyen de se d\u00e9tendre et une occasion de conna\u00eetre en d\u00e9tail un monument c\u00e9l\u00e8bre dans le monde entier.<\/span><\/p>\n<p><span style=\"font-weight: 400;\">Les pi\u00e8ces du puzzle sont fabriqu\u00e9es en carton de haute qualit\u00e9, sont d\u00e9coup\u00e9es avec pr\u00e9cision et s&#8217;embo\u00eetent parfaitement, m\u00eame si le jeu de puzzle est assembl\u00e9 plusieurs fois.<\/span><\/p>\n<p><span style=\"font-weight: 400;\">La finition est semi-brillante, dans des couleurs vives qui font ressortir la clart\u00e9 de l&rsquo;image.<\/span><\/p>\n<p><span style=\"font-weight: 400;\">Nous n&rsquo;utilisons que des mat\u00e9riaux durables et recyclables pour fabriquer les puzzles.<\/span><\/p>\n<p><span style=\"font-weight: 400;\">Convient aux plus de 14 ans, une raison de plus de profiter du jeu de puzzle avec tes ados.<\/span><\/p>\n<p><span style=\"font-weight: 400;\">Aide \u00e0 maintenir la coordination et la motricit\u00e9 fine \u00e0 tout \u00e2ge.<\/span><\/p>\n<p><span style=\"font-weight: 400;\">C&rsquo;est un bon exercice d&rsquo;attention, de patience et de pers\u00e9v\u00e9rance.<\/span><\/p>\n<p><strong>Savais-tu que..<\/strong><\/p>\n<p><span style=\"font-weight: 400;\">Napol\u00e9on n&rsquo;est pas le seul empereur couronn\u00e9 \u00e0 Notre Dame. En 1431, il y a eu la c\u00e9r\u00e9monie de couronnement comme roi de France d&rsquo;Henri VI, \u00e2g\u00e9 de seulement 10 ans.<\/span><\/p>\n<p><span style=\"font-weight: 400;\">Apr\u00e8s la R\u00e9volution fran\u00e7aise, en 1789, la cath\u00e9drale a \u00e9t\u00e9 d\u00e9di\u00e9e au Culte de la Raison. Notre Dame a subi plusieurs destructions et 28 statues de rois bibliques ont \u00e9t\u00e9 d\u00e9capit\u00e9es dans le processus.<\/span><\/p>\n<p><span style=\"font-weight: 400;\">Les deux tours de la cath\u00e9drale Notre Dame \u00e9taient autrefois les structures les plus hautes de Paris. La position de t\u00eate a ensuite \u00e9t\u00e9 reprise par la Tour Eiffel.<\/span><\/p>\n<p><span style=\"font-weight: 400;\">Toutes les cloches de Notre Dame ont des noms diff\u00e9rents. Le plus connu d&rsquo;entre eux est Emmanuel, qui p\u00e8se environ 13 tonnes.<\/span><\/p>\n<p><strong>5 autres avantages de compl\u00e9ter le puzzle Notre Dame de 1000 pi\u00e8ces<\/strong><\/p>\n<ol>\n<li><span style=\"font-weight: 400;\">Il t&rsquo;aide \u00e0 soulager le stress quotidien et cr\u00e9e un sentiment de bien-\u00eatre et d&rsquo;optimisme.<\/span><\/li>\n<li><span style=\"font-weight: 400;\">C&rsquo;est un excellent exercice pour le cerveau car il implique les deux h\u00e9misph\u00e8res c\u00e9r\u00e9braux.<\/span><\/li>\n<li><span style=\"font-weight: 400;\">Il am\u00e9liore la capacit\u00e9 \u00e0 se concentrer sur une t\u00e2che pr\u00e9cise.<\/span><\/li>\n<li><span style=\"font-weight: 400;\">Atteindre l&rsquo;objectif final &#8211; terminer le puzzle de 1000 pi\u00e8ces augmente ta confiance en toi.<\/span><\/li>\n<li><span style=\"font-weight: 400;\">Il t&rsquo;aide \u00e0 d\u00e9velopper ta capacit\u00e9 \u00e0 r\u00e9soudre les probl\u00e8mes et \u00e0 voir la solution m\u00eame dans des situations apparemment impossibles.<\/span><\/li>\n<\/ol>\n<p><span style=\"font-weight: 400;\">Alors profite de tous les avantages qu&rsquo;offre le jeu de puzzle. Pour entra\u00eener tes comp\u00e9tences et tes capacit\u00e9s d&rsquo;assemblage ou pour cr\u00e9er un lien avec tes proches, le puzzle Notre Dame de 1000 pi\u00e8ces est le choix id\u00e9al.<\/span><\/p><\/p>\n","protected":false},"excerpt":{"rendered":"<p>Si tu es passionn\u00e9(e) par les jeux de puzzle et que tu es fascin\u00e9(e) par la culture fran\u00e7aise, le puzzle<\/p>\n","protected":false},"featured_media":49697,"template":"","meta":[],"product_brand":[],"product_cat":[2314,2316,2315],"product_tag":[],"class_list":{"0":"post-52706","1":"product","2":"type-product","3":"status-publish","4":"has-post-thumbnail","6":"product_cat-puzzles-fr","7":"product_cat-puzzles-de-1000-pieces","8":"product_cat-puzzles-pour-adultes","9":"pa_bax-8-fr","10":"pa_brand-deico-fr","11":"pa_country_of_manufacture-ro-fr","12":"pa_filter_age-14-fr","13":"pa_painter-europe-fr","14":"pa_tip_ambalaj-boite","15":"pa_tip_puzzle-classique","17":"first","18":"instock","19":"taxable","20":"shipping-taxable","21":"product-type-simple"},"yoast_head":"<!-- This site is optimized with the Yoast SEO plugin v20.1 - https:\/\/yoast.com\/wordpress\/plugins\/seo\/ -->\n<title>Puzzle adulte 1000 pi\u00e8ces Notre Dame<\/title>\n<meta name=\"description\" content=\"Puzzle adulte 1000 pi\u00e8ces Notre Dame\" \/>\n<meta name=\"robots\" content=\"index, follow, max-snippet:-1, max-image-preview:large, max-video-preview:-1\" \/>\n<link rel=\"canonical\" href=\"https:\/\/business.roovi.com\/fr\/puzzle-adulte-1000-pieces-notre-dame\/p\/\" \/>\n<meta property=\"og:locale\" content=\"fr_FR\" \/>\n<meta property=\"og:type\" content=\"article\" \/>\n<meta property=\"og:title\" content=\"Puzzle adulte 1000 pi\u00e8ces Notre Dame\" \/>\n<meta property=\"og:description\" content=\"Puzzle adulte 1000 pi\u00e8ces Notre Dame\" \/>\n<meta property=\"og:url\" content=\"https:\/\/business.roovi.com\/fr\/puzzle-adulte-1000-pieces-notre-dame\/p\/\" \/>\n<meta property=\"og:site_name\" content=\"Roovi B2B\" \/>\n<meta property=\"article:publisher\" content=\"https:\/\/www.facebook.com\/wwwjucariero\" \/>\n<meta property=\"article:modified_time\" content=\"2022-07-13T10:18:52+00:00\" \/>\n<meta property=\"og:image\" content=\"https:\/\/business.roovi.com\/wp-content\/uploads\/2018\/04\/61638_05.jpg\" \/>\n\t<meta property=\"og:image:width\" content=\"1200\" \/>\n\t<meta property=\"og:image:height\" content=\"1200\" \/>\n\t<meta property=\"og:image:type\" content=\"image\/jpeg\" \/>\n<meta name=\"twitter:label1\" content=\"Dur\u00e9e de lecture estim\u00e9e\" \/>\n\t<meta name=\"twitter:data1\" content=\"3 minutes\" \/>\n<script type=\"application\/ld+json\" class=\"yoast-schema-graph\">{\"@context\":\"https:\/\/schema.org\",\"@graph\":[{\"@type\":\"WebPage\",\"@id\":\"https:\/\/business.roovi.com\/fr\/puzzle-adulte-1000-pieces-notre-dame\/p\/\",\"url\":\"https:\/\/business.roovi.com\/fr\/puzzle-adulte-1000-pieces-notre-dame\/p\/\",\"name\":\"Puzzle adulte 1000 pi\u00e8ces Notre Dame\",\"isPartOf\":{\"@id\":\"https:\/\/business.roovi.com\/fr\/#website\"},\"datePublished\":\"2018-04-16T10:56:18+00:00\",\"dateModified\":\"2022-07-13T10:18:52+00:00\",\"description\":\"Puzzle adulte 1000 pi\u00e8ces Notre Dame\",\"breadcrumb\":{\"@id\":\"https:\/\/business.roovi.com\/fr\/puzzle-adulte-1000-pieces-notre-dame\/p\/#breadcrumb\"},\"inLanguage\":\"fr-FR\",\"potentialAction\":[{\"@type\":\"ReadAction\",\"target\":[\"https:\/\/business.roovi.com\/fr\/puzzle-adulte-1000-pieces-notre-dame\/p\/\"]}]},{\"@type\":\"BreadcrumbList\",\"@id\":\"https:\/\/business.roovi.com\/fr\/puzzle-adulte-1000-pieces-notre-dame\/p\/#breadcrumb\",\"itemListElement\":[{\"@type\":\"ListItem\",\"position\":1,\"name\":\"Home\",\"item\":\"https:\/\/business.roovi.com\/fr\/\"},{\"@type\":\"ListItem\",\"position\":2,\"name\":\"Boutique\",\"item\":\"https:\/\/business.roovi.com\/fr\/boutique\/\"},{\"@type\":\"ListItem\",\"position\":3,\"name\":\"Puzzle adulte 1000 pi\u00e8ces Notre Dame\"}]},{\"@type\":\"WebSite\",\"@id\":\"https:\/\/business.roovi.com\/fr\/#website\",\"url\":\"https:\/\/business.roovi.com\/fr\/\",\"name\":\"Roovi B2B\",\"description\":\"Roovi Business Website\",\"potentialAction\":[{\"@type\":\"SearchAction\",\"target\":{\"@type\":\"EntryPoint\",\"urlTemplate\":\"https:\/\/business.roovi.com\/fr\/?s={search_term_string}\"},\"query-input\":\"required name=search_term_string\"}],\"inLanguage\":\"fr-FR\"}]}<\/script>\n<!-- \/ Yoast SEO plugin. -->","yoast_head_json":{"title":"Puzzle adulte 1000 pi\u00e8ces Notre Dame","description":"Puzzle adulte 1000 pi\u00e8ces Notre Dame","robots":{"index":"index","follow":"follow","max-snippet":"max-snippet:-1","max-image-preview":"max-image-preview:large","max-video-preview":"max-video-preview:-1"},"canonical":"https:\/\/business.roovi.com\/fr\/puzzle-adulte-1000-pieces-notre-dame\/p\/","og_locale":"fr_FR","og_type":"article","og_title":"Puzzle adulte 1000 pi\u00e8ces Notre Dame","og_description":"Puzzle adulte 1000 pi\u00e8ces Notre Dame","og_url":"https:\/\/business.roovi.com\/fr\/puzzle-adulte-1000-pieces-notre-dame\/p\/","og_site_name":"Roovi B2B","article_publisher":"https:\/\/www.facebook.com\/wwwjucariero","article_modified_time":"2022-07-13T10:18:52+00:00","og_image":[{"width":1200,"height":1200,"url":"https:\/\/business.roovi.com\/wp-content\/uploads\/2018\/04\/61638_05.jpg","type":"image\/jpeg"}],"twitter_misc":{"Dur\u00e9e de lecture estim\u00e9e":"3 minutes"},"schema":{"@context":"https:\/\/schema.org","@graph":[{"@type":"WebPage","@id":"https:\/\/business.roovi.com\/fr\/puzzle-adulte-1000-pieces-notre-dame\/p\/","url":"https:\/\/business.roovi.com\/fr\/puzzle-adulte-1000-pieces-notre-dame\/p\/","name":"Puzzle adulte 1000 pi\u00e8ces Notre Dame","isPartOf":{"@id":"https:\/\/business.roovi.com\/fr\/#website"},"datePublished":"2018-04-16T10:56:18+00:00","dateModified":"2022-07-13T10:18:52+00:00","description":"Puzzle adulte 1000 pi\u00e8ces Notre Dame","breadcrumb":{"@id":"https:\/\/business.roovi.com\/fr\/puzzle-adulte-1000-pieces-notre-dame\/p\/#breadcrumb"},"inLanguage":"fr-FR","potentialAction":[{"@type":"ReadAction","target":["https:\/\/business.roovi.com\/fr\/puzzle-adulte-1000-pieces-notre-dame\/p\/"]}]},{"@type":"BreadcrumbList","@id":"https:\/\/business.roovi.com\/fr\/puzzle-adulte-1000-pieces-notre-dame\/p\/#breadcrumb","itemListElement":[{"@type":"ListItem","position":1,"name":"Home","item":"https:\/\/business.roovi.com\/fr\/"},{"@type":"ListItem","position":2,"name":"Boutique","item":"https:\/\/business.roovi.com\/fr\/boutique\/"},{"@type":"ListItem","position":3,"name":"Puzzle adulte 1000 pi\u00e8ces Notre Dame"}]},{"@type":"WebSite","@id":"https:\/\/business.roovi.com\/fr\/#website","url":"https:\/\/business.roovi.com\/fr\/","name":"Roovi B2B","description":"Roovi Business Website","potentialAction":[{"@type":"SearchAction","target":{"@type":"EntryPoint","urlTemplate":"https:\/\/business.roovi.com\/fr\/?s={search_term_string}"},"query-input":"required name=search_term_string"}],"inLanguage":"fr-FR"}]}},"_links":{"self":[{"href":"https:\/\/business.roovi.com\/fr\/wp-json\/wp\/v2\/product\/52706","targetHints":{"allow":["GET"]}}],"collection":[{"href":"https:\/\/business.roovi.com\/fr\/wp-json\/wp\/v2\/product"}],"about":[{"href":"https:\/\/business.roovi.com\/fr\/wp-json\/wp\/v2\/types\/product"}],"version-history":[{"count":0,"href":"https:\/\/business.roovi.com\/fr\/wp-json\/wp\/v2\/product\/52706\/revisions"}],"wp:featuredmedia":[{"embeddable":true,"href":"https:\/\/business.roovi.com\/fr\/wp-json\/wp\/v2\/media\/49697"}],"wp:attachment":[{"href":"https:\/\/business.roovi.com\/fr\/wp-json\/wp\/v2\/media?parent=52706"}],"wp:term":[{"taxonomy":"product_brand","embeddable":true,"href":"https:\/\/business.roovi.com\/fr\/wp-json\/wp\/v2\/product_brand?post=52706"},{"taxonomy":"product_cat","embeddable":true,"href":"https:\/\/business.roovi.com\/fr\/wp-json\/wp\/v2\/product_cat?post=52706"},{"taxonomy":"product_tag","embeddable":true,"href":"https:\/\/business.roovi.com\/fr\/wp-json\/wp\/v2\/product_tag?post=52706"}],"curies":[{"name":"wp","href":"https:\/\/api.w.org\/{rel}","templated":true}]}}