{"id":52707,"date":"2018-04-16T10:56:18","date_gmt":"2018-04-16T10:56:18","guid":{"rendered":"https:\/\/business.roovi.com\/puzzle-adulti-1000-piese-muzeul-luvru\/p\/"},"modified":"2022-10-19T07:33:40","modified_gmt":"2022-10-19T07:33:40","slug":"puzzle-adulte-1000-pieces-musee-du-louvre","status":"publish","type":"product","link":"https:\/\/business.roovi.com\/fr\/puzzle-adulte-1000-pieces-musee-du-louvre\/p\/","title":{"rendered":"Puzzle adulte 1000 pi\u00e8ces Mus\u00e9e du Louvre"},"content":{"rendered":"<p><strong><em>Visiter le mus\u00e9e le plus c\u00e9l\u00e8bre du monde est fascinant, mais que serait-ce d&rsquo;admirer ce monument embl\u00e9matique tous les jours ? Mets les pi\u00e8ces du puzzle 1000 en ordre et profite d&rsquo;une peinture originale de l&rsquo;imposant Louvre.<\/em><\/strong><\/p>\n<p><span style=\"font-weight: 400;\">Admirer la Joconde, la V\u00e9nus de Milo et se perdre parmi des milliers de chefs-d&rsquo;\u0153uvre des premiers temps de l&rsquo;histoire est un vrai d\u00e9lice. Mais si le temps ne le permet pas ou si tu veux garder pour toujours l&rsquo;image du mus\u00e9e le plus visit\u00e9 d&rsquo;Europe, le puzzle de 1000 pi\u00e8ces du Mus\u00e9e du Louvre est une alternative digne de ce nom.<\/span><\/p>\n<p><span style=\"font-weight: 400;\">Les pi\u00e8ces en carton de haute qualit\u00e9 sont d\u00e9coup\u00e9es avec pr\u00e9cision et s&#8217;embo\u00eetent parfaitement pour que l&rsquo;image obtenue soit un v\u00e9ritable chef-d&rsquo;\u0153uvre d&rsquo;art. La superbe image que tu obtiens du puzzle adulte 1000 pi\u00e8ces du Mus\u00e9e du Louvre peut \u00eatre transform\u00e9e en un objet d\u00e9coratif exquis qui donnera de la personnalit\u00e9 \u00e0 tout endroit o\u00f9 tu l&rsquo;exposes.<\/span><\/p>\n<p><span style=\"font-weight: 400;\">On dit que pour voir chaque pi\u00e8ce expos\u00e9e dans le mus\u00e9e, il te faudrait 100 jours ! C&rsquo;est si tu devais t&rsquo;asseoir et admirer chaque chef-d&rsquo;\u0153uvre pendant 30 secondes et c&rsquo;est tout. Avec le puzzle de 1000 pi\u00e8ces du Mus\u00e9e du Louvre, nous garantissons jusqu&rsquo;\u00e0 30 heures de plaisir relaxant. Que tu sois d\u00e9j\u00e0 une experte en puzzle ou que tu l&rsquo;assembles avec tes proches, le temps est beaucoup plus court. Alors choisis ce merveilleux puzzle pour adultes et fais en sorte que ton temps libre compte.<\/span><\/p>\n<p><strong>Caract\u00e9ristiques Puzzle adulte de 1000 pi\u00e8ces Mus\u00e9e du Louvre<\/strong><\/p>\n<p><strong>Taille de l&rsquo;image reconstruite : 68 x 47 cm.<\/strong><\/p>\n<p><strong>Mat\u00e9riau du puzzle <\/strong><\/p>\n<p><strong>carton bleu de haute qualit\u00e9<\/strong><\/p>\n<p><strong>des mat\u00e9riaux durables et recyclables<\/strong><\/p>\n<p><strong>finition semi-brillante, couleurs vives<\/strong><\/p>\n<p><strong>Nombre de pi\u00e8ces de puzzle : 1000<\/strong><\/p>\n<p><strong>\u00c2ge recommand\u00e9 : 14+<\/strong><\/p>\n<p><span style=\"font-weight: 400;\">Les jeux de puzzle t&rsquo;offrent de multiples avantages qui se refl\u00e8tent \u00e0 diff\u00e9rents niveaux :<\/span><\/p>\n<ul>\n<li><span style=\"font-weight: 400;\">Ils sont un moyen incroyable de se d\u00e9tendre et de se relaxer.<\/span><\/li>\n<li><span style=\"font-weight: 400;\">Elle cultive ton attention aux d\u00e9tails, ta patience et ta pers\u00e9v\u00e9rance.<\/span><\/li>\n<li><span style=\"font-weight: 400;\">Ils constituent un excellent entra\u00eenement mental et permettent de garder une m\u00e9moire vive.<\/span><\/li>\n<li><span style=\"font-weight: 400;\">Ils t&rsquo;aident \u00e0 am\u00e9liorer tes comp\u00e9tences en mati\u00e8re de r\u00e9solution de probl\u00e8mes.<\/span><\/li>\n<li><span style=\"font-weight: 400;\">Ils peuvent \u00eatre l&rsquo;occasion de passer du temps libre avec les adolescents.<\/span><\/li>\n<\/ul>\n<p><strong>Savais-tu que..<\/strong><\/p>\n<p><span style=\"font-weight: 400;\">Le Mus\u00e9e du Louvre a \u00e9t\u00e9 construit \u00e0 l&rsquo;origine pour \u00eatre une forteresse d\u00e9fensive. Le mus\u00e9e a eu diff\u00e9rentes utilisations au fil des ans : au XVIe si\u00e8cle, il est devenu une r\u00e9sidence royale, et pendant la Seconde Guerre mondiale, les nazis l&rsquo;ont utilis\u00e9 comme entrep\u00f4t d&rsquo;\u0153uvres d&rsquo;art vol\u00e9es.<\/span><\/p>\n<p><span style=\"font-weight: 400;\">\u00c0 l&rsquo;\u00e9poque de Napol\u00e9on, le Louvre a \u00e9t\u00e9 rebaptis\u00e9, quoi d&rsquo;autre que&#8230; le Mus\u00e9e Napol\u00e9on !<\/span><\/p>\n<p><span style=\"font-weight: 400;\">La Joconde est prot\u00e9g\u00e9e par un verre pare-balles et a ses propres gardes du corps.<\/span><\/p>\n<p><span style=\"font-weight: 400;\">La pyramide de verre \u00e0 l&rsquo;ext\u00e9rieur du mus\u00e9e a \u00e9t\u00e9 construite en 1989 par un architecte chinois.<\/span><\/p>\n<p><span style=\"font-weight: 400;\">Le mus\u00e9e abrite d&rsquo;innombrables pi\u00e8ces d&rsquo;art \u00e9gyptien, ce qui en fait l&rsquo;une des collections les plus c\u00e9l\u00e8bres du monde.<\/span><\/p>\n<p><strong>Le puzzle de 1000 pi\u00e8ces du Mus\u00e9e du Louvre est une activit\u00e9 amusante et familiale<\/strong><\/p>\n<p><span style=\"font-weight: 400;\">Tu veux passer plus de temps avec tes enfants et tu cherches une activit\u00e9 pour les \u00e9loigner des \u00e9crans ? Choisis le puzzle de 1000 pi\u00e8ces du Mus\u00e9e du Louvre et cr\u00e9e ensemble un tableau r\u00e9ussi. Imagine que tu te prom\u00e8nes tous dans le plus grand mus\u00e9e d&rsquo;Europe et que tu appr\u00e9cies chaque \u0153uvre expos\u00e9e.<\/span><\/p>\n<p><span style=\"font-weight: 400;\">Plus qu&rsquo;un simple exercice d&rsquo;imagination, assembler ce jeu de puzzle est aussi une v\u00e9ritable b\u00e9n\u00e9diction pour tes yeux car ils s&rsquo;assoient loin de la lumi\u00e8re bleue des \u00e9crans et se d\u00e9tendent apr\u00e8s de nombreuses heures de dur labeur.<\/span><\/p>\n<p><span style=\"font-weight: 400;\">Le puzzle de 1000 pi\u00e8ces du Mus\u00e9e du Louvre est donc l&rsquo;option parfaite si tu es un adulte amateur de puzzle \u00e0 la recherche de quelques heures loin du quotidien, ou si tu veux rompre la monotonie en famille. De plus, ce jeu de puzzle sp\u00e9cial peut \u00eatre un excellent cadeau pour les f\u00eates ou les anniversaires.<\/span><\/p>\n","protected":false},"excerpt":{"rendered":"<p>Visiter le mus\u00e9e le plus c\u00e9l\u00e8bre du monde est fascinant, mais que serait-ce d&rsquo;admirer ce monument embl\u00e9matique tous les jours<\/p>\n","protected":false},"featured_media":58405,"template":"","meta":[],"product_brand":[],"product_cat":[2314,2315,2316],"product_tag":[],"class_list":{"0":"post-52707","1":"product","2":"type-product","3":"status-publish","4":"has-post-thumbnail","6":"product_cat-puzzles-fr","7":"product_cat-puzzles-pour-adultes","8":"product_cat-puzzles-de-1000-pieces","9":"pa_bax-8-fr","10":"pa_brand-deico-fr","11":"pa_country_of_manufacture-ro-fr","12":"pa_filter_age-14-fr","13":"pa_painter-europe-fr","14":"pa_tip_ambalaj-boite","15":"pa_tip_puzzle-classique","17":"first","18":"instock","19":"taxable","20":"shipping-taxable","21":"product-type-simple"},"yoast_head":"<!-- This site is optimized with the Yoast SEO plugin v20.1 - https:\/\/yoast.com\/wordpress\/plugins\/seo\/ -->\n<title>Puzzle adulte 1000 pi\u00e8ces Mus\u00e9e du Louvre<\/title>\n<meta name=\"description\" content=\"Puzzle adulte 1000 pi\u00e8ces Mus\u00e9e du Louvre\" \/>\n<meta name=\"robots\" content=\"index, follow, max-snippet:-1, max-image-preview:large, max-video-preview:-1\" \/>\n<link rel=\"canonical\" href=\"https:\/\/business.roovi.com\/fr\/puzzle-adulte-1000-pieces-musee-du-louvre\/p\/\" \/>\n<meta property=\"og:locale\" content=\"fr_FR\" \/>\n<meta property=\"og:type\" content=\"article\" \/>\n<meta property=\"og:title\" content=\"Puzzle adulte 1000 pi\u00e8ces Mus\u00e9e du Louvre\" \/>\n<meta property=\"og:description\" content=\"Puzzle adulte 1000 pi\u00e8ces Mus\u00e9e du Louvre\" \/>\n<meta property=\"og:url\" content=\"https:\/\/business.roovi.com\/fr\/puzzle-adulte-1000-pieces-musee-du-louvre\/p\/\" \/>\n<meta property=\"og:site_name\" content=\"Roovi B2B\" \/>\n<meta property=\"article:publisher\" content=\"https:\/\/www.facebook.com\/wwwjucariero\" \/>\n<meta property=\"article:modified_time\" content=\"2022-10-19T07:33:40+00:00\" \/>\n<meta property=\"og:image\" content=\"https:\/\/business.roovi.com\/wp-content\/uploads\/2018\/04\/75772-Ansamblu_dimensiuni-cutie-cm_orizontal-4.png\" \/>\n\t<meta property=\"og:image:width\" content=\"1200\" \/>\n\t<meta property=\"og:image:height\" content=\"1200\" \/>\n\t<meta property=\"og:image:type\" content=\"image\/png\" \/>\n<meta name=\"twitter:label1\" content=\"Dur\u00e9e de lecture estim\u00e9e\" \/>\n\t<meta name=\"twitter:data1\" content=\"3 minutes\" \/>\n<script type=\"application\/ld+json\" class=\"yoast-schema-graph\">{\"@context\":\"https:\/\/schema.org\",\"@graph\":[{\"@type\":\"WebPage\",\"@id\":\"https:\/\/business.roovi.com\/fr\/puzzle-adulte-1000-pieces-musee-du-louvre\/p\/\",\"url\":\"https:\/\/business.roovi.com\/fr\/puzzle-adulte-1000-pieces-musee-du-louvre\/p\/\",\"name\":\"Puzzle adulte 1000 pi\u00e8ces Mus\u00e9e du Louvre\",\"isPartOf\":{\"@id\":\"https:\/\/business.roovi.com\/fr\/#website\"},\"datePublished\":\"2018-04-16T10:56:18+00:00\",\"dateModified\":\"2022-10-19T07:33:40+00:00\",\"description\":\"Puzzle adulte 1000 pi\u00e8ces Mus\u00e9e du Louvre\",\"breadcrumb\":{\"@id\":\"https:\/\/business.roovi.com\/fr\/puzzle-adulte-1000-pieces-musee-du-louvre\/p\/#breadcrumb\"},\"inLanguage\":\"fr-FR\",\"potentialAction\":[{\"@type\":\"ReadAction\",\"target\":[\"https:\/\/business.roovi.com\/fr\/puzzle-adulte-1000-pieces-musee-du-louvre\/p\/\"]}]},{\"@type\":\"BreadcrumbList\",\"@id\":\"https:\/\/business.roovi.com\/fr\/puzzle-adulte-1000-pieces-musee-du-louvre\/p\/#breadcrumb\",\"itemListElement\":[{\"@type\":\"ListItem\",\"position\":1,\"name\":\"Home\",\"item\":\"https:\/\/business.roovi.com\/fr\/\"},{\"@type\":\"ListItem\",\"position\":2,\"name\":\"Boutique\",\"item\":\"https:\/\/business.roovi.com\/fr\/boutique\/\"},{\"@type\":\"ListItem\",\"position\":3,\"name\":\"Puzzle adulte 1000 pi\u00e8ces Mus\u00e9e du Louvre\"}]},{\"@type\":\"WebSite\",\"@id\":\"https:\/\/business.roovi.com\/fr\/#website\",\"url\":\"https:\/\/business.roovi.com\/fr\/\",\"name\":\"Roovi B2B\",\"description\":\"Roovi Business Website\",\"potentialAction\":[{\"@type\":\"SearchAction\",\"target\":{\"@type\":\"EntryPoint\",\"urlTemplate\":\"https:\/\/business.roovi.com\/fr\/?s={search_term_string}\"},\"query-input\":\"required name=search_term_string\"}],\"inLanguage\":\"fr-FR\"}]}<\/script>\n<!-- \/ Yoast SEO plugin. -->","yoast_head_json":{"title":"Puzzle adulte 1000 pi\u00e8ces Mus\u00e9e du Louvre","description":"Puzzle adulte 1000 pi\u00e8ces Mus\u00e9e du Louvre","robots":{"index":"index","follow":"follow","max-snippet":"max-snippet:-1","max-image-preview":"max-image-preview:large","max-video-preview":"max-video-preview:-1"},"canonical":"https:\/\/business.roovi.com\/fr\/puzzle-adulte-1000-pieces-musee-du-louvre\/p\/","og_locale":"fr_FR","og_type":"article","og_title":"Puzzle adulte 1000 pi\u00e8ces Mus\u00e9e du Louvre","og_description":"Puzzle adulte 1000 pi\u00e8ces Mus\u00e9e du Louvre","og_url":"https:\/\/business.roovi.com\/fr\/puzzle-adulte-1000-pieces-musee-du-louvre\/p\/","og_site_name":"Roovi B2B","article_publisher":"https:\/\/www.facebook.com\/wwwjucariero","article_modified_time":"2022-10-19T07:33:40+00:00","og_image":[{"width":1200,"height":1200,"url":"https:\/\/business.roovi.com\/wp-content\/uploads\/2018\/04\/75772-Ansamblu_dimensiuni-cutie-cm_orizontal-4.png","type":"image\/png"}],"twitter_misc":{"Dur\u00e9e de lecture estim\u00e9e":"3 minutes"},"schema":{"@context":"https:\/\/schema.org","@graph":[{"@type":"WebPage","@id":"https:\/\/business.roovi.com\/fr\/puzzle-adulte-1000-pieces-musee-du-louvre\/p\/","url":"https:\/\/business.roovi.com\/fr\/puzzle-adulte-1000-pieces-musee-du-louvre\/p\/","name":"Puzzle adulte 1000 pi\u00e8ces Mus\u00e9e du Louvre","isPartOf":{"@id":"https:\/\/business.roovi.com\/fr\/#website"},"datePublished":"2018-04-16T10:56:18+00:00","dateModified":"2022-10-19T07:33:40+00:00","description":"Puzzle adulte 1000 pi\u00e8ces Mus\u00e9e du Louvre","breadcrumb":{"@id":"https:\/\/business.roovi.com\/fr\/puzzle-adulte-1000-pieces-musee-du-louvre\/p\/#breadcrumb"},"inLanguage":"fr-FR","potentialAction":[{"@type":"ReadAction","target":["https:\/\/business.roovi.com\/fr\/puzzle-adulte-1000-pieces-musee-du-louvre\/p\/"]}]},{"@type":"BreadcrumbList","@id":"https:\/\/business.roovi.com\/fr\/puzzle-adulte-1000-pieces-musee-du-louvre\/p\/#breadcrumb","itemListElement":[{"@type":"ListItem","position":1,"name":"Home","item":"https:\/\/business.roovi.com\/fr\/"},{"@type":"ListItem","position":2,"name":"Boutique","item":"https:\/\/business.roovi.com\/fr\/boutique\/"},{"@type":"ListItem","position":3,"name":"Puzzle adulte 1000 pi\u00e8ces Mus\u00e9e du Louvre"}]},{"@type":"WebSite","@id":"https:\/\/business.roovi.com\/fr\/#website","url":"https:\/\/business.roovi.com\/fr\/","name":"Roovi B2B","description":"Roovi Business Website","potentialAction":[{"@type":"SearchAction","target":{"@type":"EntryPoint","urlTemplate":"https:\/\/business.roovi.com\/fr\/?s={search_term_string}"},"query-input":"required name=search_term_string"}],"inLanguage":"fr-FR"}]}},"_links":{"self":[{"href":"https:\/\/business.roovi.com\/fr\/wp-json\/wp\/v2\/product\/52707","targetHints":{"allow":["GET"]}}],"collection":[{"href":"https:\/\/business.roovi.com\/fr\/wp-json\/wp\/v2\/product"}],"about":[{"href":"https:\/\/business.roovi.com\/fr\/wp-json\/wp\/v2\/types\/product"}],"version-history":[{"count":0,"href":"https:\/\/business.roovi.com\/fr\/wp-json\/wp\/v2\/product\/52707\/revisions"}],"wp:featuredmedia":[{"embeddable":true,"href":"https:\/\/business.roovi.com\/fr\/wp-json\/wp\/v2\/media\/58405"}],"wp:attachment":[{"href":"https:\/\/business.roovi.com\/fr\/wp-json\/wp\/v2\/media?parent=52707"}],"wp:term":[{"taxonomy":"product_brand","embeddable":true,"href":"https:\/\/business.roovi.com\/fr\/wp-json\/wp\/v2\/product_brand?post=52707"},{"taxonomy":"product_cat","embeddable":true,"href":"https:\/\/business.roovi.com\/fr\/wp-json\/wp\/v2\/product_cat?post=52707"},{"taxonomy":"product_tag","embeddable":true,"href":"https:\/\/business.roovi.com\/fr\/wp-json\/wp\/v2\/product_tag?post=52707"}],"curies":[{"name":"wp","href":"https:\/\/api.w.org\/{rel}","templated":true}]}}