{"id":52717,"date":"2018-04-16T10:56:18","date_gmt":"2018-04-16T10:56:18","guid":{"rendered":"https:\/\/business.roovi.com\/puzzle-adulti-1000-piese-classic-tales-pinocchio-2\/p\/"},"modified":"2022-07-13T10:18:57","modified_gmt":"2022-07-13T10:18:57","slug":"classic-tales-puzzle-adulte-1000-pieces-pinocchio","status":"publish","type":"product","link":"https:\/\/business.roovi.com\/fr\/classic-tales-puzzle-adulte-1000-pieces-pinocchio\/p\/","title":{"rendered":"Classic Tales Puzzle Adulte 1000 pi\u00e8ces &#8211; Pinocchio"},"content":{"rendered":"<p><span style=\"font-weight: 400;\">Tu aimes les histoires et tu souhaites r\u00e9veiller ton enfant int\u00e9rieur ? Nous avons pr\u00e9par\u00e9 un puzzle de 1000 pi\u00e8ces repr\u00e9sentant une sc\u00e8ne de la mignonne histoire de Pinocchio dans un grand graphisme. Compl\u00e8te l&rsquo;image dans cet \u00e9tonnant puzzle pour adultes et laisse-toi emporter dans le monde fascinant des contes de f\u00e9es.<\/span><\/p>\n<p><span style=\"font-weight: 400;\">Tu es s\u00fbr d&rsquo;\u00eatre amus\u00e9 et ravi par les pitreries de Pinocchio, m\u00eame maintenant. Tu seras ravi de retrouver une histoire embl\u00e9matique de ton enfance dans le puzzle de 1000 pi\u00e8ces de Pinocchio <\/span><\/p>\n<p><span style=\"font-weight: 400;\">Tu as beaucoup entendu parler de Pinocchio, il existe de nombreux films et reconstitutions de cette merveilleuse histoire et tu pensais que plus rien ne pouvait te surprendre. Assemble le puzzle Pinocchio pour adultes et tu d\u00e9couvriras une image anim\u00e9e \u00e9tonnante vue du point de vue d&rsquo;un artiste contemporain.<\/span><\/p>\n<p><span style=\"font-weight: 400;\">Assemble l&rsquo;image de la sc\u00e8ne des aventures de Pinocchio avec tes enfants. Ils appr\u00e9cieront de raconter des histoires et de passer du bon temps ensemble avec un personnage mignon et espi\u00e8gle.<\/span><\/p>\n<p><strong>Pourquoi choisir le puzzle 1000 pi\u00e8ces Classic Tales &#8211; Pinocchio ?<\/strong><\/p>\n<p><span style=\"font-weight: 400;\">Tu obtiendras une fabuleuse photo de 50 x 70 cm que tu pourras utiliser pour d\u00e9corer la chambre de tes enfants.<\/span><\/p>\n<p><span style=\"font-weight: 400;\">Les pi\u00e8ces sont fabriqu\u00e9es en carton bleu de haute qualit\u00e9, ce qui les rend durables et r\u00e9sistantes.<\/span><\/p>\n<p><span style=\"font-weight: 400;\">Le puzzle Pinocchio de 1000 pi\u00e8ces est fabriqu\u00e9 \u00e0 partir de mat\u00e9riaux recyclables durables.<\/span><\/p>\n<p><span style=\"font-weight: 400;\">La finition est semi-brillante dans des couleurs vives.<\/span><\/p>\n<p><span style=\"font-weight: 400;\">Il convient aux personnes de plus de 14 ans, c&rsquo;est donc l&rsquo;occasion id\u00e9ale d&rsquo;initier les adolescents aux myst\u00e8res des puzzles \u00e0 travers une image de conte de f\u00e9es.<\/span><\/p>\n<p><span style=\"font-weight: 400;\">Les jeux de puzzle sont un excellent moyen de se d\u00e9tendre et de d\u00e9velopper de nombreuses comp\u00e9tences telles que :<\/span><\/p>\n<p><span style=\"font-weight: 400;\">Capacit\u00e9 \u00e0 se concentrer<\/span><\/p>\n<p><span style=\"font-weight: 400;\">M\u00e9moire \u00e0 court terme<\/span><\/p>\n<p><span style=\"font-weight: 400;\">Attention aux d\u00e9tails<\/span><\/p>\n<p><span style=\"font-weight: 400;\">Pers\u00e9v\u00e9rance<\/span><\/p>\n<p><span style=\"font-weight: 400;\">Comp\u00e9tence<\/span><\/p>\n<p><span style=\"font-weight: 400;\">Capacit\u00e9 \u00e0 r\u00e9soudre les probl\u00e8mes.  <\/span><\/p>\n<p><strong>Tu savais que&#8230; ?<\/strong><\/p>\n<p><em><span style=\"font-weight: 400;\">Les Aventures de Pinocchio<\/span><\/em><span style=\"font-weight: 400;\"> est traduit dans plus de 240 langues, ce qui en fait le 4e livre le plus traduit au monde.<\/span><\/p>\n<p><span style=\"font-weight: 400;\">Il est consid\u00e9r\u00e9 comme l&rsquo;un des livres les plus vendus au monde.<\/span><\/p>\n<p><span style=\"font-weight: 400;\">Dans la version originale de l&rsquo;histoire, publi\u00e9e en 1881, Pinocchio conna\u00eet un terrible destin : il est poignard\u00e9 par des assassins et pendu \u00e0 la moiti\u00e9 du livre.<\/span><\/p>\n<p><em><span style=\"font-weight: 400;\">Les Aventures de Pinocchio <\/span><\/em><span style=\"font-weight: 400;\">est influenc\u00e9e par la litt\u00e9rature grecque ancienne &#8211; le mythe de la statue qui prend vie.<\/span><\/p>\n<p><span style=\"font-weight: 400;\">La premi\u00e8re repr\u00e9sentation sc\u00e9nique de Pinocchio a \u00e9t\u00e9 faite en 1899, mais la production anim\u00e9e la plus c\u00e9l\u00e8bre et la plus embl\u00e9matique reste la production Walt Disney de 1940.<\/span><\/p>\n<p><strong>Pinocchio puzzle 1000 pi\u00e8ces &#8211; temps de qualit\u00e9 garanti avec les enfants<\/strong><\/p>\n<p><span style=\"font-weight: 400;\">On dit que le pouvoir de l&rsquo;exemple est le moyen le plus facile d&rsquo;enseigner aux enfants. Si tu veux d\u00e9velopper leur passion pour les jeux de puzzle, fais-les participer \u00e0 cette activit\u00e9 chaque fois que tu travailles toi-m\u00eame sur un puzzle de 1000 pi\u00e8ces.<\/span><\/p>\n<p><span style=\"font-weight: 400;\">Le puzzle Pinocchio pour adultes est id\u00e9al \u00e0 assembler en famille. Une image \u00e9tonnante tir\u00e9e d&rsquo;une histoire classique mettra les enfants au d\u00e9fi d&rsquo;activer leur imagination et d&rsquo;assembler avec amour une illustration de puzzle de 1000 pi\u00e8ces.<\/span><\/p>\n<p><span style=\"font-weight: 400;\">\u00c0 la fin, lorsque l&rsquo;image du puzzle de 1000 pi\u00e8ces est pr\u00eate, tu peux c\u00e9l\u00e9brer ton travail minutieux en la mettant dans le cadre. Il sera magnifique sur l&rsquo;un des murs de la chambre des enfants et leur rappellera toujours les merveilleux moments pass\u00e9s ensemble en famille.<\/span><\/p>\n<p><span style=\"font-weight: 400;\">Choisis le puzzle adulte Classic Tales &#8211; Pinocchio pour ta famille ou offre-le en cadeau \u00e0 tes amis pour les f\u00eates ou les anniversaires.<\/span><\/p><\/p>\n","protected":false},"excerpt":{"rendered":"<p>Tu aimes les histoires et tu souhaites r\u00e9veiller ton enfant int\u00e9rieur ? Nous avons pr\u00e9par\u00e9 un puzzle de 1000 pi\u00e8ces<\/p>\n","protected":false},"featured_media":49706,"template":"","meta":[],"product_brand":[],"product_cat":[2314,2316,2315],"product_tag":[],"class_list":{"0":"post-52717","1":"product","2":"type-product","3":"status-publish","4":"has-post-thumbnail","6":"product_cat-puzzles-fr","7":"product_cat-puzzles-de-1000-pieces","8":"product_cat-puzzles-pour-adultes","9":"pa_brand-d_toys-fr","10":"pa_country_of_manufacture-ro-fr","11":"pa_filter_age-14-fr","12":"pa_painter-classictales-fr","13":"pa_tip_ambalaj-boite","14":"pa_tip_puzzle-classique","16":"first","17":"instock","18":"taxable","19":"shipping-taxable","20":"product-type-simple"},"yoast_head":"<!-- This site is optimized with the Yoast SEO plugin v20.1 - https:\/\/yoast.com\/wordpress\/plugins\/seo\/ -->\n<title>Classic Tales Puzzle Adulte 1000 pi\u00e8ces - Pinocchio<\/title>\n<meta name=\"description\" content=\"Classic Tales Puzzle Adulte 1000 pi\u00e8ces - Pinocchio\" \/>\n<meta name=\"robots\" content=\"index, follow, max-snippet:-1, max-image-preview:large, max-video-preview:-1\" \/>\n<link rel=\"canonical\" href=\"https:\/\/business.roovi.com\/fr\/classic-tales-puzzle-adulte-1000-pieces-pinocchio\/p\/\" \/>\n<meta property=\"og:locale\" content=\"fr_FR\" \/>\n<meta property=\"og:type\" content=\"article\" \/>\n<meta property=\"og:title\" content=\"Classic Tales Puzzle Adulte 1000 pi\u00e8ces - Pinocchio\" \/>\n<meta property=\"og:description\" content=\"Classic Tales Puzzle Adulte 1000 pi\u00e8ces - Pinocchio\" \/>\n<meta property=\"og:url\" content=\"https:\/\/business.roovi.com\/fr\/classic-tales-puzzle-adulte-1000-pieces-pinocchio\/p\/\" \/>\n<meta property=\"og:site_name\" content=\"Roovi B2B\" \/>\n<meta property=\"article:publisher\" content=\"https:\/\/www.facebook.com\/wwwjucariero\" \/>\n<meta property=\"article:modified_time\" content=\"2022-07-13T10:18:57+00:00\" \/>\n<meta property=\"og:image\" content=\"https:\/\/business.roovi.com\/wp-content\/uploads\/2018\/04\/72894-1_ansamblu_dimensiuni_cutie_cm_orizontal_1200x1200.png\" \/>\n\t<meta property=\"og:image:width\" content=\"1200\" \/>\n\t<meta property=\"og:image:height\" content=\"1200\" \/>\n\t<meta property=\"og:image:type\" content=\"image\/png\" \/>\n<meta name=\"twitter:label1\" content=\"Dur\u00e9e de lecture estim\u00e9e\" \/>\n\t<meta name=\"twitter:data1\" content=\"3 minutes\" \/>\n<script type=\"application\/ld+json\" class=\"yoast-schema-graph\">{\"@context\":\"https:\/\/schema.org\",\"@graph\":[{\"@type\":\"WebPage\",\"@id\":\"https:\/\/business.roovi.com\/fr\/classic-tales-puzzle-adulte-1000-pieces-pinocchio\/p\/\",\"url\":\"https:\/\/business.roovi.com\/fr\/classic-tales-puzzle-adulte-1000-pieces-pinocchio\/p\/\",\"name\":\"Classic Tales Puzzle Adulte 1000 pi\u00e8ces - Pinocchio\",\"isPartOf\":{\"@id\":\"https:\/\/business.roovi.com\/fr\/#website\"},\"datePublished\":\"2018-04-16T10:56:18+00:00\",\"dateModified\":\"2022-07-13T10:18:57+00:00\",\"description\":\"Classic Tales Puzzle Adulte 1000 pi\u00e8ces - Pinocchio\",\"breadcrumb\":{\"@id\":\"https:\/\/business.roovi.com\/fr\/classic-tales-puzzle-adulte-1000-pieces-pinocchio\/p\/#breadcrumb\"},\"inLanguage\":\"fr-FR\",\"potentialAction\":[{\"@type\":\"ReadAction\",\"target\":[\"https:\/\/business.roovi.com\/fr\/classic-tales-puzzle-adulte-1000-pieces-pinocchio\/p\/\"]}]},{\"@type\":\"BreadcrumbList\",\"@id\":\"https:\/\/business.roovi.com\/fr\/classic-tales-puzzle-adulte-1000-pieces-pinocchio\/p\/#breadcrumb\",\"itemListElement\":[{\"@type\":\"ListItem\",\"position\":1,\"name\":\"Home\",\"item\":\"https:\/\/business.roovi.com\/fr\/\"},{\"@type\":\"ListItem\",\"position\":2,\"name\":\"Boutique\",\"item\":\"https:\/\/business.roovi.com\/fr\/boutique\/\"},{\"@type\":\"ListItem\",\"position\":3,\"name\":\"Classic Tales Puzzle Adulte 1000 pi\u00e8ces &#8211; Pinocchio\"}]},{\"@type\":\"WebSite\",\"@id\":\"https:\/\/business.roovi.com\/fr\/#website\",\"url\":\"https:\/\/business.roovi.com\/fr\/\",\"name\":\"Roovi B2B\",\"description\":\"Roovi Business Website\",\"potentialAction\":[{\"@type\":\"SearchAction\",\"target\":{\"@type\":\"EntryPoint\",\"urlTemplate\":\"https:\/\/business.roovi.com\/fr\/?s={search_term_string}\"},\"query-input\":\"required name=search_term_string\"}],\"inLanguage\":\"fr-FR\"}]}<\/script>\n<!-- \/ Yoast SEO plugin. -->","yoast_head_json":{"title":"Classic Tales Puzzle Adulte 1000 pi\u00e8ces - Pinocchio","description":"Classic Tales Puzzle Adulte 1000 pi\u00e8ces - Pinocchio","robots":{"index":"index","follow":"follow","max-snippet":"max-snippet:-1","max-image-preview":"max-image-preview:large","max-video-preview":"max-video-preview:-1"},"canonical":"https:\/\/business.roovi.com\/fr\/classic-tales-puzzle-adulte-1000-pieces-pinocchio\/p\/","og_locale":"fr_FR","og_type":"article","og_title":"Classic Tales Puzzle Adulte 1000 pi\u00e8ces - Pinocchio","og_description":"Classic Tales Puzzle Adulte 1000 pi\u00e8ces - Pinocchio","og_url":"https:\/\/business.roovi.com\/fr\/classic-tales-puzzle-adulte-1000-pieces-pinocchio\/p\/","og_site_name":"Roovi B2B","article_publisher":"https:\/\/www.facebook.com\/wwwjucariero","article_modified_time":"2022-07-13T10:18:57+00:00","og_image":[{"width":1200,"height":1200,"url":"https:\/\/business.roovi.com\/wp-content\/uploads\/2018\/04\/72894-1_ansamblu_dimensiuni_cutie_cm_orizontal_1200x1200.png","type":"image\/png"}],"twitter_misc":{"Dur\u00e9e de lecture estim\u00e9e":"3 minutes"},"schema":{"@context":"https:\/\/schema.org","@graph":[{"@type":"WebPage","@id":"https:\/\/business.roovi.com\/fr\/classic-tales-puzzle-adulte-1000-pieces-pinocchio\/p\/","url":"https:\/\/business.roovi.com\/fr\/classic-tales-puzzle-adulte-1000-pieces-pinocchio\/p\/","name":"Classic Tales Puzzle Adulte 1000 pi\u00e8ces - Pinocchio","isPartOf":{"@id":"https:\/\/business.roovi.com\/fr\/#website"},"datePublished":"2018-04-16T10:56:18+00:00","dateModified":"2022-07-13T10:18:57+00:00","description":"Classic Tales Puzzle Adulte 1000 pi\u00e8ces - Pinocchio","breadcrumb":{"@id":"https:\/\/business.roovi.com\/fr\/classic-tales-puzzle-adulte-1000-pieces-pinocchio\/p\/#breadcrumb"},"inLanguage":"fr-FR","potentialAction":[{"@type":"ReadAction","target":["https:\/\/business.roovi.com\/fr\/classic-tales-puzzle-adulte-1000-pieces-pinocchio\/p\/"]}]},{"@type":"BreadcrumbList","@id":"https:\/\/business.roovi.com\/fr\/classic-tales-puzzle-adulte-1000-pieces-pinocchio\/p\/#breadcrumb","itemListElement":[{"@type":"ListItem","position":1,"name":"Home","item":"https:\/\/business.roovi.com\/fr\/"},{"@type":"ListItem","position":2,"name":"Boutique","item":"https:\/\/business.roovi.com\/fr\/boutique\/"},{"@type":"ListItem","position":3,"name":"Classic Tales Puzzle Adulte 1000 pi\u00e8ces &#8211; Pinocchio"}]},{"@type":"WebSite","@id":"https:\/\/business.roovi.com\/fr\/#website","url":"https:\/\/business.roovi.com\/fr\/","name":"Roovi B2B","description":"Roovi Business Website","potentialAction":[{"@type":"SearchAction","target":{"@type":"EntryPoint","urlTemplate":"https:\/\/business.roovi.com\/fr\/?s={search_term_string}"},"query-input":"required name=search_term_string"}],"inLanguage":"fr-FR"}]}},"_links":{"self":[{"href":"https:\/\/business.roovi.com\/fr\/wp-json\/wp\/v2\/product\/52717","targetHints":{"allow":["GET"]}}],"collection":[{"href":"https:\/\/business.roovi.com\/fr\/wp-json\/wp\/v2\/product"}],"about":[{"href":"https:\/\/business.roovi.com\/fr\/wp-json\/wp\/v2\/types\/product"}],"version-history":[{"count":0,"href":"https:\/\/business.roovi.com\/fr\/wp-json\/wp\/v2\/product\/52717\/revisions"}],"wp:featuredmedia":[{"embeddable":true,"href":"https:\/\/business.roovi.com\/fr\/wp-json\/wp\/v2\/media\/49706"}],"wp:attachment":[{"href":"https:\/\/business.roovi.com\/fr\/wp-json\/wp\/v2\/media?parent=52717"}],"wp:term":[{"taxonomy":"product_brand","embeddable":true,"href":"https:\/\/business.roovi.com\/fr\/wp-json\/wp\/v2\/product_brand?post=52717"},{"taxonomy":"product_cat","embeddable":true,"href":"https:\/\/business.roovi.com\/fr\/wp-json\/wp\/v2\/product_cat?post=52717"},{"taxonomy":"product_tag","embeddable":true,"href":"https:\/\/business.roovi.com\/fr\/wp-json\/wp\/v2\/product_tag?post=52717"}],"curies":[{"name":"wp","href":"https:\/\/api.w.org\/{rel}","templated":true}]}}