{"id":52718,"date":"2018-04-16T10:56:18","date_gmt":"2018-04-16T10:56:18","guid":{"rendered":"https:\/\/business.roovi.com\/puzzle-adulti-1000-piese-classic-tales-little-red-riding-hood-scufita-rosie\/p\/"},"modified":"2022-07-13T10:18:57","modified_gmt":"2022-07-13T10:18:57","slug":"classic-tales-puzzle-1000-pieces-pour-adultes-petit-chaperon-rouge-petit-chaperon-rouge","status":"publish","type":"product","link":"https:\/\/business.roovi.com\/fr\/classic-tales-puzzle-1000-pieces-pour-adultes-petit-chaperon-rouge-petit-chaperon-rouge\/p\/","title":{"rendered":"Classic Tales Puzzle 1000 pi\u00e8ces pour adultes &#8211; Petit Chaperon Rouge \/ Petit Chaperon Rouge"},"content":{"rendered":"<p><span style=\"font-weight: 400;\">Tu aimais les histoires quand tu \u00e9tais enfant et tu aimerais red\u00e9couvrir leur charme dans une activit\u00e9 relaxante ? Le puzzle de 1000 pi\u00e8ces du Chaperon Rouge est exactement ce qu&rsquo;il te faut <\/span><\/p>\n<p><span style=\"font-weight: 400;\">Assemble l&rsquo;image avec des graphismes originaux impeccables et vis de nombreuses heures de plaisir et de d\u00e9tente en compagnie d&rsquo;un jeu de puzzle sp\u00e9cial.<\/span><\/p>\n<p><span style=\"font-weight: 400;\">Classic Tales &#8211; Puzzle 1000 pi\u00e8ces du Petit Chaperon Rouge repr\u00e9sente la sc\u00e8ne dans laquelle le loup, d\u00e9guis\u00e9 en grand-m\u00e8re, attire le Petit Chaperon Rouge. L&rsquo;illustration unique de l&rsquo;artiste contemporain Biro Donat est pleine d&rsquo;humour et te fera revivre ces moments d&rsquo;enfance o\u00f9 tu attendais la fin de l&rsquo;histoire en retenant ton souffle.<\/span><\/p>\n<p><span style=\"font-weight: 400;\">Tu veux passer du temps de qualit\u00e9 avec tes enfants ? Le puzzle de 1000 pi\u00e8ces te donne cette opportunit\u00e9. Divise les pi\u00e8ces et donne \u00e0 chaque participant des t\u00e2ches pr\u00e9cises. Quelqu&rsquo;un peut recr\u00e9er le Loup d\u00e9guis\u00e9, quelqu&rsquo;un d&rsquo;autre le Chaperon rouge, les grandes lignes du tableau peuvent \u00eatre r\u00e9alis\u00e9es en travaillant en \u00e9quipe <\/span><\/p>\n<p><span style=\"font-weight: 400;\">\u00c0 la fin, tu auras un merveilleux tableau que tu pourras d\u00e9monter et reconstruire chaque fois que tu ressentiras le besoin d&rsquo;un d\u00e9fi cr\u00e9atif. Tu peux aussi le mettre dans un cadre et d\u00e9corer la chambre de tes enfants avec.<\/span><\/p>\n<p><span style=\"font-weight: 400;\">Caract\u00e9ristiques Contes classiques &#8211; Petit Chaperon rouge puzzle de 1000 pi\u00e8ces :<\/span><\/p>\n<p><strong>Taille de l&rsquo;image remodel\u00e9e : 50 x 70 cm. Tu peux utiliser une table basse standard pour l&rsquo;assemblage.<\/strong><\/p>\n<p><strong>Mat\u00e9riau du puzzle <\/strong><\/p>\n<p><strong>carton bleu de haute qualit\u00e9<\/strong><\/p>\n<p><strong>des mat\u00e9riaux durables et recyclables<\/strong><\/p>\n<p><strong>finition semi-brillante, couleurs vives<\/strong><\/p>\n<p><strong>Nombre de pi\u00e8ces de puzzle : 1000<\/strong><\/p>\n<p><strong>\u00c2ge recommand\u00e9 : 14+<\/strong><\/p>\n<p><strong>5 avantages dont tu peux profiter avec le puzzle du Chaperon Rouge de 1000 pi\u00e8ces<\/strong><\/p>\n<p><span style=\"font-weight: 400;\">1. Donne-toi la possibilit\u00e9 de cr\u00e9er des moments magiques et des souvenirs inoubliables avec tes enfants.<\/span><\/p>\n<p><span style=\"font-weight: 400;\">2. C&rsquo;est l&rsquo;occasion de s&rsquo;amuser et de se d\u00e9tendre avec tes proches.<\/span><\/p>\n<p><span style=\"font-weight: 400;\">3. Il t&rsquo;aide \u00e0 pratiquer tes comp\u00e9tences en mati\u00e8re de puzzle.<\/span><\/p>\n<p><span style=\"font-weight: 400;\">4. Il t&rsquo;aide \u00e0 communiquer plus facilement et \u00e0 tisser des liens plus \u00e9troits avec tes proches.<\/span><\/p>\n<p><span style=\"font-weight: 400;\">5. Tu as la possibilit\u00e9 de construire un bel objet d\u00e9coratif avec tes enfants.<\/span><\/p>\n<p><strong>Tu savais que&#8230; ?<\/strong><\/p>\n<p><span style=\"font-weight: 400;\">Le Petit Chaperon Rouge est un conte ancien qui a \u00e9t\u00e9 recueilli et \u00e9crit pour la premi\u00e8re fois par Charles Perrault au 17\u00e8me si\u00e8cle <\/span><\/p>\n<p><span style=\"font-weight: 400;\">Une \u00e9tude de 2013 montre que la version orale de l&rsquo;histoire est n\u00e9e au Moyen-Orient d\u00e8s le 1er si\u00e8cle.<\/span><\/p>\n<p><span style=\"font-weight: 400;\">Dans le pass\u00e9, l&rsquo;histoire \u00e9tait interpr\u00e9t\u00e9e comme un rite de passage de la pubert\u00e9 \u00e0 l&rsquo;\u00e2ge adulte.<\/span><\/p>\n<p><span style=\"font-weight: 400;\">Certaines versions tr\u00e8s anciennes sont carr\u00e9ment horribles. Dans l&rsquo;une d&rsquo;elles, le Petit Chaperon rouge mange sa grand-m\u00e8re.<\/span><\/p>\n<p><span style=\"font-weight: 400;\">M\u00eame la version de Perrault est pessimiste : l&rsquo;histoire se termine lorsque le Petit Chaperon Rouge est mang\u00e9 par un loup. Ce n&rsquo;est qu&rsquo;au 19e si\u00e8cle que les fr\u00e8res Grimm fournissent la fin heureuse caract\u00e9ristique des contes de f\u00e9es.<\/span><\/p>\n<p><strong>Les jeux de puzzle t&rsquo;aident \u00e0 d\u00e9velopper plus de comp\u00e9tences :<\/strong><\/p>\n<p><span style=\"font-weight: 400;\">L&rsquo;attention au d\u00e9tail<\/span><\/p>\n<p><span style=\"font-weight: 400;\">Pers\u00e9v\u00e9rance<\/span><\/p>\n<p><span style=\"font-weight: 400;\">M\u00e9moire<\/span><\/p>\n<p><span style=\"font-weight: 400;\">Pens\u00e9e critique<\/span><\/p>\n<p><span style=\"font-weight: 400;\">Comp\u00e9tence<\/span><\/p>\n<p><span style=\"font-weight: 400;\">Comp\u00e9tences en mati\u00e8re de r\u00e9solution de probl\u00e8mes.<\/span><\/p>\n<p><span style=\"font-weight: 400;\">Choisis le puzzle adulte de 1000 pi\u00e8ces Histoires classiques &#8211; Petit Chaperon rouge et vis la joie de l&rsquo;enfance. Surprends tes amis en leur offrant ce merveilleux jeu de puzzle comme cadeau <\/span><\/p><\/p>\n","protected":false},"excerpt":{"rendered":"<p>Tu aimais les histoires quand tu \u00e9tais enfant et tu aimerais red\u00e9couvrir leur charme dans une activit\u00e9 relaxante ? Le<\/p>\n","protected":false},"featured_media":49717,"template":"","meta":[],"product_brand":[],"product_cat":[2314,2316,2315],"product_tag":[],"class_list":{"0":"post-52718","1":"product","2":"type-product","3":"status-publish","4":"has-post-thumbnail","6":"product_cat-puzzles-fr","7":"product_cat-puzzles-de-1000-pieces","8":"product_cat-puzzles-pour-adultes","9":"pa_brand-d_toys-fr","10":"pa_country_of_manufacture-ro-fr","11":"pa_filter_age-14-fr","12":"pa_painter-classictales-fr","13":"pa_tip_ambalaj-boite","14":"pa_tip_puzzle-classique","16":"first","17":"instock","18":"taxable","19":"shipping-taxable","20":"product-type-simple"},"yoast_head":"<!-- This site is optimized with the Yoast SEO plugin v20.1 - https:\/\/yoast.com\/wordpress\/plugins\/seo\/ -->\n<title>Classic Tales Puzzle 1000 pi\u00e8ces pour adultes - Petit Chaperon Rouge \/ Petit Chaperon Rouge<\/title>\n<meta name=\"description\" content=\"Classic Tales Puzzle 1000 pi\u00e8ces pour adultes - Petit Chaperon Rouge \/ Petit Chaperon Rouge\" \/>\n<meta name=\"robots\" content=\"index, follow, max-snippet:-1, max-image-preview:large, max-video-preview:-1\" \/>\n<link rel=\"canonical\" href=\"https:\/\/business.roovi.com\/fr\/classic-tales-puzzle-1000-pieces-pour-adultes-petit-chaperon-rouge-petit-chaperon-rouge\/p\/\" \/>\n<meta property=\"og:locale\" content=\"fr_FR\" \/>\n<meta property=\"og:type\" content=\"article\" \/>\n<meta property=\"og:title\" content=\"Classic Tales Puzzle 1000 pi\u00e8ces pour adultes - Petit Chaperon Rouge \/ Petit Chaperon Rouge\" \/>\n<meta property=\"og:description\" content=\"Classic Tales Puzzle 1000 pi\u00e8ces pour adultes - Petit Chaperon Rouge \/ Petit Chaperon Rouge\" \/>\n<meta property=\"og:url\" content=\"https:\/\/business.roovi.com\/fr\/classic-tales-puzzle-1000-pieces-pour-adultes-petit-chaperon-rouge-petit-chaperon-rouge\/p\/\" \/>\n<meta property=\"og:site_name\" content=\"Roovi B2B\" \/>\n<meta property=\"article:publisher\" content=\"https:\/\/www.facebook.com\/wwwjucariero\" \/>\n<meta property=\"article:modified_time\" content=\"2022-07-13T10:18:57+00:00\" \/>\n<meta property=\"og:image\" content=\"https:\/\/business.roovi.com\/wp-content\/uploads\/2018\/04\/72894-2_ansamblu_dimensiuni_cutie_cm_orizontal_1200x1200.png\" \/>\n\t<meta property=\"og:image:width\" content=\"1200\" \/>\n\t<meta property=\"og:image:height\" content=\"1200\" \/>\n\t<meta property=\"og:image:type\" content=\"image\/png\" \/>\n<meta name=\"twitter:label1\" content=\"Dur\u00e9e de lecture estim\u00e9e\" \/>\n\t<meta name=\"twitter:data1\" content=\"3 minutes\" \/>\n<script type=\"application\/ld+json\" class=\"yoast-schema-graph\">{\"@context\":\"https:\/\/schema.org\",\"@graph\":[{\"@type\":\"WebPage\",\"@id\":\"https:\/\/business.roovi.com\/fr\/classic-tales-puzzle-1000-pieces-pour-adultes-petit-chaperon-rouge-petit-chaperon-rouge\/p\/\",\"url\":\"https:\/\/business.roovi.com\/fr\/classic-tales-puzzle-1000-pieces-pour-adultes-petit-chaperon-rouge-petit-chaperon-rouge\/p\/\",\"name\":\"Classic Tales Puzzle 1000 pi\u00e8ces pour adultes - Petit Chaperon Rouge \/ Petit Chaperon Rouge\",\"isPartOf\":{\"@id\":\"https:\/\/business.roovi.com\/fr\/#website\"},\"datePublished\":\"2018-04-16T10:56:18+00:00\",\"dateModified\":\"2022-07-13T10:18:57+00:00\",\"description\":\"Classic Tales Puzzle 1000 pi\u00e8ces pour adultes - Petit Chaperon Rouge \/ Petit Chaperon Rouge\",\"breadcrumb\":{\"@id\":\"https:\/\/business.roovi.com\/fr\/classic-tales-puzzle-1000-pieces-pour-adultes-petit-chaperon-rouge-petit-chaperon-rouge\/p\/#breadcrumb\"},\"inLanguage\":\"fr-FR\",\"potentialAction\":[{\"@type\":\"ReadAction\",\"target\":[\"https:\/\/business.roovi.com\/fr\/classic-tales-puzzle-1000-pieces-pour-adultes-petit-chaperon-rouge-petit-chaperon-rouge\/p\/\"]}]},{\"@type\":\"BreadcrumbList\",\"@id\":\"https:\/\/business.roovi.com\/fr\/classic-tales-puzzle-1000-pieces-pour-adultes-petit-chaperon-rouge-petit-chaperon-rouge\/p\/#breadcrumb\",\"itemListElement\":[{\"@type\":\"ListItem\",\"position\":1,\"name\":\"Home\",\"item\":\"https:\/\/business.roovi.com\/fr\/\"},{\"@type\":\"ListItem\",\"position\":2,\"name\":\"Boutique\",\"item\":\"https:\/\/business.roovi.com\/fr\/boutique\/\"},{\"@type\":\"ListItem\",\"position\":3,\"name\":\"Classic Tales Puzzle 1000 pi\u00e8ces pour adultes &#8211; Petit Chaperon Rouge \/ Petit Chaperon Rouge\"}]},{\"@type\":\"WebSite\",\"@id\":\"https:\/\/business.roovi.com\/fr\/#website\",\"url\":\"https:\/\/business.roovi.com\/fr\/\",\"name\":\"Roovi B2B\",\"description\":\"Roovi Business Website\",\"potentialAction\":[{\"@type\":\"SearchAction\",\"target\":{\"@type\":\"EntryPoint\",\"urlTemplate\":\"https:\/\/business.roovi.com\/fr\/?s={search_term_string}\"},\"query-input\":\"required name=search_term_string\"}],\"inLanguage\":\"fr-FR\"}]}<\/script>\n<!-- \/ Yoast SEO plugin. -->","yoast_head_json":{"title":"Classic Tales Puzzle 1000 pi\u00e8ces pour adultes - Petit Chaperon Rouge \/ Petit Chaperon Rouge","description":"Classic Tales Puzzle 1000 pi\u00e8ces pour adultes - Petit Chaperon Rouge \/ Petit Chaperon Rouge","robots":{"index":"index","follow":"follow","max-snippet":"max-snippet:-1","max-image-preview":"max-image-preview:large","max-video-preview":"max-video-preview:-1"},"canonical":"https:\/\/business.roovi.com\/fr\/classic-tales-puzzle-1000-pieces-pour-adultes-petit-chaperon-rouge-petit-chaperon-rouge\/p\/","og_locale":"fr_FR","og_type":"article","og_title":"Classic Tales Puzzle 1000 pi\u00e8ces pour adultes - Petit Chaperon Rouge \/ Petit Chaperon Rouge","og_description":"Classic Tales Puzzle 1000 pi\u00e8ces pour adultes - Petit Chaperon Rouge \/ Petit Chaperon Rouge","og_url":"https:\/\/business.roovi.com\/fr\/classic-tales-puzzle-1000-pieces-pour-adultes-petit-chaperon-rouge-petit-chaperon-rouge\/p\/","og_site_name":"Roovi B2B","article_publisher":"https:\/\/www.facebook.com\/wwwjucariero","article_modified_time":"2022-07-13T10:18:57+00:00","og_image":[{"width":1200,"height":1200,"url":"https:\/\/business.roovi.com\/wp-content\/uploads\/2018\/04\/72894-2_ansamblu_dimensiuni_cutie_cm_orizontal_1200x1200.png","type":"image\/png"}],"twitter_misc":{"Dur\u00e9e de lecture estim\u00e9e":"3 minutes"},"schema":{"@context":"https:\/\/schema.org","@graph":[{"@type":"WebPage","@id":"https:\/\/business.roovi.com\/fr\/classic-tales-puzzle-1000-pieces-pour-adultes-petit-chaperon-rouge-petit-chaperon-rouge\/p\/","url":"https:\/\/business.roovi.com\/fr\/classic-tales-puzzle-1000-pieces-pour-adultes-petit-chaperon-rouge-petit-chaperon-rouge\/p\/","name":"Classic Tales Puzzle 1000 pi\u00e8ces pour adultes - Petit Chaperon Rouge \/ Petit Chaperon Rouge","isPartOf":{"@id":"https:\/\/business.roovi.com\/fr\/#website"},"datePublished":"2018-04-16T10:56:18+00:00","dateModified":"2022-07-13T10:18:57+00:00","description":"Classic Tales Puzzle 1000 pi\u00e8ces pour adultes - Petit Chaperon Rouge \/ Petit Chaperon Rouge","breadcrumb":{"@id":"https:\/\/business.roovi.com\/fr\/classic-tales-puzzle-1000-pieces-pour-adultes-petit-chaperon-rouge-petit-chaperon-rouge\/p\/#breadcrumb"},"inLanguage":"fr-FR","potentialAction":[{"@type":"ReadAction","target":["https:\/\/business.roovi.com\/fr\/classic-tales-puzzle-1000-pieces-pour-adultes-petit-chaperon-rouge-petit-chaperon-rouge\/p\/"]}]},{"@type":"BreadcrumbList","@id":"https:\/\/business.roovi.com\/fr\/classic-tales-puzzle-1000-pieces-pour-adultes-petit-chaperon-rouge-petit-chaperon-rouge\/p\/#breadcrumb","itemListElement":[{"@type":"ListItem","position":1,"name":"Home","item":"https:\/\/business.roovi.com\/fr\/"},{"@type":"ListItem","position":2,"name":"Boutique","item":"https:\/\/business.roovi.com\/fr\/boutique\/"},{"@type":"ListItem","position":3,"name":"Classic Tales Puzzle 1000 pi\u00e8ces pour adultes &#8211; Petit Chaperon Rouge \/ Petit Chaperon Rouge"}]},{"@type":"WebSite","@id":"https:\/\/business.roovi.com\/fr\/#website","url":"https:\/\/business.roovi.com\/fr\/","name":"Roovi B2B","description":"Roovi Business Website","potentialAction":[{"@type":"SearchAction","target":{"@type":"EntryPoint","urlTemplate":"https:\/\/business.roovi.com\/fr\/?s={search_term_string}"},"query-input":"required name=search_term_string"}],"inLanguage":"fr-FR"}]}},"_links":{"self":[{"href":"https:\/\/business.roovi.com\/fr\/wp-json\/wp\/v2\/product\/52718","targetHints":{"allow":["GET"]}}],"collection":[{"href":"https:\/\/business.roovi.com\/fr\/wp-json\/wp\/v2\/product"}],"about":[{"href":"https:\/\/business.roovi.com\/fr\/wp-json\/wp\/v2\/types\/product"}],"version-history":[{"count":0,"href":"https:\/\/business.roovi.com\/fr\/wp-json\/wp\/v2\/product\/52718\/revisions"}],"wp:featuredmedia":[{"embeddable":true,"href":"https:\/\/business.roovi.com\/fr\/wp-json\/wp\/v2\/media\/49717"}],"wp:attachment":[{"href":"https:\/\/business.roovi.com\/fr\/wp-json\/wp\/v2\/media?parent=52718"}],"wp:term":[{"taxonomy":"product_brand","embeddable":true,"href":"https:\/\/business.roovi.com\/fr\/wp-json\/wp\/v2\/product_brand?post=52718"},{"taxonomy":"product_cat","embeddable":true,"href":"https:\/\/business.roovi.com\/fr\/wp-json\/wp\/v2\/product_cat?post=52718"},{"taxonomy":"product_tag","embeddable":true,"href":"https:\/\/business.roovi.com\/fr\/wp-json\/wp\/v2\/product_tag?post=52718"}],"curies":[{"name":"wp","href":"https:\/\/api.w.org\/{rel}","templated":true}]}}