{"id":52725,"date":"2018-04-16T10:56:18","date_gmt":"2018-04-16T10:56:18","guid":{"rendered":"https:\/\/business.roovi.com\/puzzle-adulti-1000-piese-cartoon-collection-notre-dame\/p\/"},"modified":"2022-10-18T09:52:17","modified_gmt":"2022-10-18T09:52:17","slug":"puzzle-notre-dame-puzzle-adulte-de-1000-pieces-cartoon-collection","status":"publish","type":"product","link":"https:\/\/business.roovi.com\/fr\/puzzle-notre-dame-puzzle-adulte-de-1000-pieces-cartoon-collection\/p\/","title":{"rendered":"Puzzle Notre Dame &#8211; Puzzle adulte de 1000 pi\u00e8ces &#8211; Cartoon Collection"},"content":{"rendered":"<p><span style=\"font-weight: 400;\">La collection de puzzles de dessins anim\u00e9s transforme le jeu de puzzle complexe en un v\u00e9ritable plaisir. Rassemble ta bande d&rsquo;amis et vis de nombreuses heures de plaisir et de d\u00e9tente ensemble.<\/span><\/p>\n<p><span style=\"font-weight: 400;\">La s\u00e9rie de puzzles Cartoon comprend \u00e9galement le puzzle Notre Dame de 1000 pi\u00e8ces, qui repr\u00e9sente la construction de la cath\u00e9drale Notre Dame dans une illustration exceptionnelle. Avec un graphisme impeccable, un souci du d\u00e9tail et beaucoup d&rsquo;imagination, l&rsquo;illustration rend un tableau vivant avec de nombreux personnages amusants engag\u00e9s dans le processus de cr\u00e9ation.<\/span><\/p>\n<p><span style=\"font-weight: 400;\">Les adorables lutins sont industrieux et pleins d&rsquo;\u00e9nergie. Chacun a son r\u00f4le bien \u00e9tabli, personne ne reste inactif et travaille dur pour que la grande \u0153uvre d&rsquo;art soit pr\u00eate \u00e0 temps.<\/span><\/p>\n<p><span style=\"font-weight: 400;\">Participe \u00e0 leur jeu, compl\u00e8te l&rsquo;image et laisse libre cours \u00e0 ton imagination. Profite d&rsquo;une s\u00e9ance de relaxation, de sourires et de beaucoup d&rsquo;humour avec un jeu de puzzle au design unique.<\/span><\/p>\n<p><strong>Pourquoi choisir le puzzle Notre Dame de 1000 pi\u00e8ces de la collection Cartoon ?<\/strong><\/p>\n<p><span style=\"font-weight: 400;\">Tu obtiens une image color\u00e9e et anim\u00e9e de 50 x 70 cm.<\/span><\/p>\n<p><span style=\"font-weight: 400;\">Il peut s&rsquo;agir d&rsquo;un objet d\u00e9coratif qui fera ressortir l&rsquo;anonymat de tout endroit terne de ta maison.<\/span><\/p>\n<p><span style=\"font-weight: 400;\">Il est fabriqu\u00e9 \u00e0 partir de <\/span><span style=\"font-weight: 400;\">carton bleu de premi\u00e8re qualit\u00e9 qui le rend r\u00e9sistant \u00e0 de multiples assemblages.<\/span><\/p>\n<p><span style=\"font-weight: 400;\">La finition est semi-brillante dans des couleurs agr\u00e9ables qui font ressortir la beaut\u00e9 de l&rsquo;illustration.<\/span><\/p>\n<p><span style=\"font-weight: 400;\">Les 1000 pi\u00e8ces du puzzle sont d\u00e9coup\u00e9es avec pr\u00e9cision, uniques et s&rsquo;assemblent parfaitement pour former un v\u00e9ritable objet de collection.<\/span><\/p>\n<p><span style=\"font-weight: 400;\">Il est respectueux de la nature, car il est fabriqu\u00e9 \u00e0 partir de mat\u00e9riaux recyclables et durables.<\/span><\/p>\n<p><span style=\"font-weight: 400;\">Convient aux plus de 14 ans &#8211; l&rsquo;occasion parfaite de passer du temps avec tes enfants adolescents <\/span><\/p>\n<p><span style=\"font-weight: 400;\">Compl\u00e8te ta collection de peintures Cartoon pour les montrer \u00e0 tes amis.<\/span><\/p>\n<p><span style=\"font-weight: 400;\">Les jeux de r\u00e9flexion sont un excellent moyen de se d\u00e9tendre et te procurent des avantages incroyables :<\/span><\/p>\n<ul>\n<li><span style=\"font-weight: 400;\">Ils entra\u00eenent les deux h\u00e9misph\u00e8res de ton cerveau et constituent un entra\u00eenement c\u00e9r\u00e9bral complexe.<\/span><\/li>\n<li><span style=\"font-weight: 400;\">Elle cultive ta patience et ta pers\u00e9v\u00e9rance.<\/span><\/li>\n<li><span style=\"font-weight: 400;\">Elle t&rsquo;aide \u00e0 sortir de ta routine quotidienne et \u00e0 profiter des plaisirs simples de la vie.<\/span><\/li>\n<li><span style=\"font-weight: 400;\">Il d\u00e9veloppe \u00e0 la fois ton imagination et ta pens\u00e9e logique.<\/span><\/li>\n<li><span style=\"font-weight: 400;\">Ils sont un moyen agr\u00e9able de socialiser et de tisser des liens avec les proches.<\/span><\/li>\n<\/ul>\n<p><strong>Tu savais que&#8230; ?<\/strong><\/p>\n<p><span style=\"font-weight: 400;\">Napol\u00e9on Bonaparte a \u00e9t\u00e9 couronn\u00e9 empereur dans la cath\u00e9drale de Notre Dame.<\/span><\/p>\n<p><span style=\"font-weight: 400;\">Victor Hugo a \u00e9crit le roman Le bossu de Notre-Dame pour sauver la cath\u00e9drale de la d\u00e9molition.<\/span><\/p>\n<p><span style=\"font-weight: 400;\">Plus de 13 millions de visiteurs franchissent les portes de cette impressionnante cath\u00e9drale de style gothique chaque ann\u00e9e.<\/span><\/p>\n<p><span style=\"font-weight: 400;\">Sur le site o\u00f9 se trouve maintenant la cath\u00e9drale, les Romains ont construit un temple \u00e0 Jupiter.<\/span><\/p>\n<p><span style=\"font-weight: 400;\">Pendant la R\u00e9volution fran\u00e7aise de 1793, plusieurs statues repr\u00e9sentant des rois bibliques ont \u00e9t\u00e9 d\u00e9capit\u00e9es par des foules en col\u00e8re.<\/span><\/p>\n<p><strong>Puzzle cartoon de 1000 pi\u00e8ces &#8211; La cath\u00e9drale Notre Dame ralentit le rythme rapide de la vie<\/strong><\/p>\n<p><span style=\"font-weight: 400;\">Assemble morceau par morceau l&rsquo;illustration anim\u00e9e et color\u00e9e pleine d&rsquo;ondes positives et profite de quelques bonnes heures de d\u00e9tente. Le temps s&rsquo;\u00e9coule plus lentement dans les moments dont tu profites pleinement, et les soucis quotidiens et les milliers de pens\u00e9es fatigu\u00e9es disparaissent comme par magie avec le puzzle Cartoon &#8211; Notre Dame de 1000 pi\u00e8ces.<\/span><\/p>\n<p><span style=\"font-weight: 400;\">Ce puzzle de 1000 pi\u00e8ces est id\u00e9al pour les moments o\u00f9 tu veux \u00eatre seul avec tes pens\u00e9es, ou si tu veux \u00e9chapper \u00e0 l&rsquo;ennui et passer du temps de qualit\u00e9 avec tes proches.<\/span><\/p>\n<p><span style=\"font-weight: 400;\">Choisis le puzzle Notre Dame de 1000 pi\u00e8ces de la collection Cartoon pour le monter chaque fois que tu as envie de d\u00e9brancher, ou mets-le dans ton cadre et admire ton travail chaque fois que tu es stress\u00e9e. De plus, si tu veux offrir une agr\u00e9able surprise \u00e0 un amateur de jeux de puzzle, pense \u00e0 ce merveilleux puzzle de 1000 pi\u00e8ces.<\/span><\/p>\n","protected":false},"excerpt":{"rendered":"<p>La collection de puzzles de dessins anim\u00e9s transforme le jeu de puzzle complexe en un v\u00e9ritable plaisir. Rassemble ta bande<\/p>\n","protected":false},"featured_media":49738,"template":"","meta":[],"product_brand":[],"product_cat":[2314,2316,2315],"product_tag":[],"class_list":{"0":"post-52725","1":"product","2":"type-product","3":"status-publish","4":"has-post-thumbnail","6":"product_cat-puzzles-fr","7":"product_cat-puzzles-de-1000-pieces","8":"product_cat-puzzles-pour-adultes","9":"pa_brand-d_toys-fr","10":"pa_country_of_manufacture-ro-fr","11":"pa_filter_age-14-fr","12":"pa_painter-cartooncollection-fr","13":"pa_tip_ambalaj-boite","14":"pa_tip_puzzle-classique","16":"first","17":"instock","18":"taxable","19":"shipping-taxable","20":"product-type-simple"},"yoast_head":"<!-- This site is optimized with the Yoast SEO plugin v20.1 - https:\/\/yoast.com\/wordpress\/plugins\/seo\/ -->\n<title>Puzzle Notre Dame - Puzzle adulte de 1000 pi\u00e8ces - Cartoon Collection<\/title>\n<meta name=\"description\" content=\"Puzzle Notre Dame - Puzzle adulte de 1000 pi\u00e8ces - Cartoon Collection\" \/>\n<meta name=\"robots\" content=\"index, follow, max-snippet:-1, max-image-preview:large, max-video-preview:-1\" \/>\n<link rel=\"canonical\" href=\"https:\/\/business.roovi.com\/fr\/puzzle-notre-dame-puzzle-adulte-de-1000-pieces-cartoon-collection\/p\/\" \/>\n<meta property=\"og:locale\" content=\"fr_FR\" \/>\n<meta property=\"og:type\" content=\"article\" \/>\n<meta property=\"og:title\" content=\"Puzzle Notre Dame - Puzzle adulte de 1000 pi\u00e8ces - Cartoon Collection\" \/>\n<meta property=\"og:description\" content=\"Puzzle Notre Dame - Puzzle adulte de 1000 pi\u00e8ces - Cartoon Collection\" \/>\n<meta property=\"og:url\" content=\"https:\/\/business.roovi.com\/fr\/puzzle-notre-dame-puzzle-adulte-de-1000-pieces-cartoon-collection\/p\/\" \/>\n<meta property=\"og:site_name\" content=\"Roovi B2B\" \/>\n<meta property=\"article:publisher\" content=\"https:\/\/www.facebook.com\/wwwjucariero\" \/>\n<meta property=\"article:modified_time\" content=\"2022-10-18T09:52:17+00:00\" \/>\n<meta property=\"og:image\" content=\"https:\/\/business.roovi.com\/wp-content\/uploads\/2018\/04\/61218-15-ansamblu_dimensiuni-cutie-cm_orizontal-1200x1200.png\" \/>\n\t<meta property=\"og:image:width\" content=\"840\" \/>\n\t<meta property=\"og:image:height\" content=\"840\" \/>\n\t<meta property=\"og:image:type\" content=\"image\/png\" \/>\n<meta name=\"twitter:label1\" content=\"Dur\u00e9e de lecture estim\u00e9e\" \/>\n\t<meta name=\"twitter:data1\" content=\"3 minutes\" \/>\n<script type=\"application\/ld+json\" class=\"yoast-schema-graph\">{\"@context\":\"https:\/\/schema.org\",\"@graph\":[{\"@type\":\"WebPage\",\"@id\":\"https:\/\/business.roovi.com\/fr\/puzzle-notre-dame-puzzle-adulte-de-1000-pieces-cartoon-collection\/p\/\",\"url\":\"https:\/\/business.roovi.com\/fr\/puzzle-notre-dame-puzzle-adulte-de-1000-pieces-cartoon-collection\/p\/\",\"name\":\"Puzzle Notre Dame - Puzzle adulte de 1000 pi\u00e8ces - Cartoon Collection\",\"isPartOf\":{\"@id\":\"https:\/\/business.roovi.com\/fr\/#website\"},\"datePublished\":\"2018-04-16T10:56:18+00:00\",\"dateModified\":\"2022-10-18T09:52:17+00:00\",\"description\":\"Puzzle Notre Dame - Puzzle adulte de 1000 pi\u00e8ces - Cartoon Collection\",\"breadcrumb\":{\"@id\":\"https:\/\/business.roovi.com\/fr\/puzzle-notre-dame-puzzle-adulte-de-1000-pieces-cartoon-collection\/p\/#breadcrumb\"},\"inLanguage\":\"fr-FR\",\"potentialAction\":[{\"@type\":\"ReadAction\",\"target\":[\"https:\/\/business.roovi.com\/fr\/puzzle-notre-dame-puzzle-adulte-de-1000-pieces-cartoon-collection\/p\/\"]}]},{\"@type\":\"BreadcrumbList\",\"@id\":\"https:\/\/business.roovi.com\/fr\/puzzle-notre-dame-puzzle-adulte-de-1000-pieces-cartoon-collection\/p\/#breadcrumb\",\"itemListElement\":[{\"@type\":\"ListItem\",\"position\":1,\"name\":\"Home\",\"item\":\"https:\/\/business.roovi.com\/fr\/\"},{\"@type\":\"ListItem\",\"position\":2,\"name\":\"Boutique\",\"item\":\"https:\/\/business.roovi.com\/fr\/boutique\/\"},{\"@type\":\"ListItem\",\"position\":3,\"name\":\"Puzzle Notre Dame &#8211; Puzzle adulte de 1000 pi\u00e8ces &#8211; Cartoon Collection\"}]},{\"@type\":\"WebSite\",\"@id\":\"https:\/\/business.roovi.com\/fr\/#website\",\"url\":\"https:\/\/business.roovi.com\/fr\/\",\"name\":\"Roovi B2B\",\"description\":\"Roovi Business Website\",\"potentialAction\":[{\"@type\":\"SearchAction\",\"target\":{\"@type\":\"EntryPoint\",\"urlTemplate\":\"https:\/\/business.roovi.com\/fr\/?s={search_term_string}\"},\"query-input\":\"required name=search_term_string\"}],\"inLanguage\":\"fr-FR\"}]}<\/script>\n<!-- \/ Yoast SEO plugin. -->","yoast_head_json":{"title":"Puzzle Notre Dame - Puzzle adulte de 1000 pi\u00e8ces - Cartoon Collection","description":"Puzzle Notre Dame - Puzzle adulte de 1000 pi\u00e8ces - Cartoon Collection","robots":{"index":"index","follow":"follow","max-snippet":"max-snippet:-1","max-image-preview":"max-image-preview:large","max-video-preview":"max-video-preview:-1"},"canonical":"https:\/\/business.roovi.com\/fr\/puzzle-notre-dame-puzzle-adulte-de-1000-pieces-cartoon-collection\/p\/","og_locale":"fr_FR","og_type":"article","og_title":"Puzzle Notre Dame - Puzzle adulte de 1000 pi\u00e8ces - Cartoon Collection","og_description":"Puzzle Notre Dame - Puzzle adulte de 1000 pi\u00e8ces - Cartoon Collection","og_url":"https:\/\/business.roovi.com\/fr\/puzzle-notre-dame-puzzle-adulte-de-1000-pieces-cartoon-collection\/p\/","og_site_name":"Roovi B2B","article_publisher":"https:\/\/www.facebook.com\/wwwjucariero","article_modified_time":"2022-10-18T09:52:17+00:00","og_image":[{"width":840,"height":840,"url":"https:\/\/business.roovi.com\/wp-content\/uploads\/2018\/04\/61218-15-ansamblu_dimensiuni-cutie-cm_orizontal-1200x1200.png","type":"image\/png"}],"twitter_misc":{"Dur\u00e9e de lecture estim\u00e9e":"3 minutes"},"schema":{"@context":"https:\/\/schema.org","@graph":[{"@type":"WebPage","@id":"https:\/\/business.roovi.com\/fr\/puzzle-notre-dame-puzzle-adulte-de-1000-pieces-cartoon-collection\/p\/","url":"https:\/\/business.roovi.com\/fr\/puzzle-notre-dame-puzzle-adulte-de-1000-pieces-cartoon-collection\/p\/","name":"Puzzle Notre Dame - Puzzle adulte de 1000 pi\u00e8ces - Cartoon Collection","isPartOf":{"@id":"https:\/\/business.roovi.com\/fr\/#website"},"datePublished":"2018-04-16T10:56:18+00:00","dateModified":"2022-10-18T09:52:17+00:00","description":"Puzzle Notre Dame - Puzzle adulte de 1000 pi\u00e8ces - Cartoon Collection","breadcrumb":{"@id":"https:\/\/business.roovi.com\/fr\/puzzle-notre-dame-puzzle-adulte-de-1000-pieces-cartoon-collection\/p\/#breadcrumb"},"inLanguage":"fr-FR","potentialAction":[{"@type":"ReadAction","target":["https:\/\/business.roovi.com\/fr\/puzzle-notre-dame-puzzle-adulte-de-1000-pieces-cartoon-collection\/p\/"]}]},{"@type":"BreadcrumbList","@id":"https:\/\/business.roovi.com\/fr\/puzzle-notre-dame-puzzle-adulte-de-1000-pieces-cartoon-collection\/p\/#breadcrumb","itemListElement":[{"@type":"ListItem","position":1,"name":"Home","item":"https:\/\/business.roovi.com\/fr\/"},{"@type":"ListItem","position":2,"name":"Boutique","item":"https:\/\/business.roovi.com\/fr\/boutique\/"},{"@type":"ListItem","position":3,"name":"Puzzle Notre Dame &#8211; Puzzle adulte de 1000 pi\u00e8ces &#8211; Cartoon Collection"}]},{"@type":"WebSite","@id":"https:\/\/business.roovi.com\/fr\/#website","url":"https:\/\/business.roovi.com\/fr\/","name":"Roovi B2B","description":"Roovi Business Website","potentialAction":[{"@type":"SearchAction","target":{"@type":"EntryPoint","urlTemplate":"https:\/\/business.roovi.com\/fr\/?s={search_term_string}"},"query-input":"required name=search_term_string"}],"inLanguage":"fr-FR"}]}},"_links":{"self":[{"href":"https:\/\/business.roovi.com\/fr\/wp-json\/wp\/v2\/product\/52725","targetHints":{"allow":["GET"]}}],"collection":[{"href":"https:\/\/business.roovi.com\/fr\/wp-json\/wp\/v2\/product"}],"about":[{"href":"https:\/\/business.roovi.com\/fr\/wp-json\/wp\/v2\/types\/product"}],"version-history":[{"count":0,"href":"https:\/\/business.roovi.com\/fr\/wp-json\/wp\/v2\/product\/52725\/revisions"}],"wp:featuredmedia":[{"embeddable":true,"href":"https:\/\/business.roovi.com\/fr\/wp-json\/wp\/v2\/media\/49738"}],"wp:attachment":[{"href":"https:\/\/business.roovi.com\/fr\/wp-json\/wp\/v2\/media?parent=52725"}],"wp:term":[{"taxonomy":"product_brand","embeddable":true,"href":"https:\/\/business.roovi.com\/fr\/wp-json\/wp\/v2\/product_brand?post=52725"},{"taxonomy":"product_cat","embeddable":true,"href":"https:\/\/business.roovi.com\/fr\/wp-json\/wp\/v2\/product_cat?post=52725"},{"taxonomy":"product_tag","embeddable":true,"href":"https:\/\/business.roovi.com\/fr\/wp-json\/wp\/v2\/product_tag?post=52725"}],"curies":[{"name":"wp","href":"https:\/\/api.w.org\/{rel}","templated":true}]}}