{"id":52727,"date":"2018-04-16T10:56:18","date_gmt":"2018-04-16T10:56:18","guid":{"rendered":"https:\/\/business.roovi.com\/puzzle-copii-240-piese-romania-tara-turismului\/p\/"},"modified":"2023-03-01T11:02:04","modified_gmt":"2023-03-01T11:02:04","slug":"puzzle-pour-enfants-de-240-pieces-roumanie-tara-turismului","status":"publish","type":"product","link":"https:\/\/business.roovi.com\/fr\/puzzle-pour-enfants-de-240-pieces-roumanie-tara-turismului\/p\/","title":{"rendered":"Casse-t\u00eate de 240 pi\u00e8ces &#8211; Roumanie &#8211; Pays de tourisme"},"content":{"rendered":"<p><span style=\"font-weight: 400;\">Tu as un enfant fascin\u00e9 par l&rsquo;histoire ou la g\u00e9ographie ? Tu connais un enfant passionn\u00e9 par les voyages et la d\u00e9couverte de nouveaux endroits ?<\/span><\/p>\n<p><span style=\"font-weight: 400;\">Montre-leur \u00e0 quel point la Roumanie est fascinante et combien de monuments historiques sont diss\u00e9min\u00e9s dans le pays avec ce puzzle pour enfants de 240 pi\u00e8ces, o\u00f9 ils pourront explorer la Roumanie &#8211; Terre de tourisme pi\u00e8ce par pi\u00e8ce.<\/span><\/p>\n<p><span style=\"font-weight: 400;\">Les enfants peuvent apprendre \u00e0 conna\u00eetre les r\u00e9gions historiques et les imposantes forteresses qui ont d\u00e9fendu le pays, d\u00e9couvrir les ch\u00e2teaux et les histoires des rois et des reines, les \u00e9glises et les monast\u00e8res qui ont fascin\u00e9 le monde entier et ont \u00e9t\u00e9 inscrits sur la liste du patrimoine mondial de l&rsquo;UNESCO, ou encore les villes qui rivalisent de beaut\u00e9 avec toutes les autres villes d&rsquo;Europe <\/span><\/p>\n<p><span style=\"font-weight: 400;\">D\u00e9couvre un puzzle pour enfants qui suscite la curiosit\u00e9 et l&rsquo;envie de conna\u00eetre la Roumanie plus en d\u00e9tail.<\/span><\/p>\n<h2><span style=\"font-weight: 400;\">Pourquoi choisir un puzzle pour enfants de 240 pi\u00e8ces Roumanie &#8211; Terre de tourisme<\/span><\/h2>\n<ul>\n<li><span style=\"font-weight: 400;\">C&rsquo;est un magnifique puzzle, aux couleurs vives qui plaisent aux enfants sans \u00eatre d\u00e9rangeantes pour les yeux.<\/span><\/li>\n<li><span style=\"font-weight: 400;\">Chaque pi\u00e8ce du puzzle s&rsquo;adapte parfaitement et le r\u00e9sultat est uniforme.<\/span><\/li>\n<li><span style=\"font-weight: 400;\">Le puzzle est fabriqu\u00e9 en carton durable de tr\u00e8s bonne qualit\u00e9, d&rsquo;une \u00e9paisseur de 2 mm.<\/span><\/li>\n<li><span style=\"font-weight: 400;\">Il convient aux enfants de 7 \u00e0 10 ans et constitue un d\u00e9fi amusant qui stimule leur imagination et leur observation.<\/span><\/li>\n<\/ul>\n<p><span style=\"font-weight: 400;\">Pour les enfants, assembler un puzzle est extr\u00eamement b\u00e9n\u00e9fique et les aide \u00e0 d\u00e9velopper de nombreuses comp\u00e9tences :<\/span><\/p>\n<ul>\n<li><span style=\"font-weight: 400;\">stimule l&rsquo;attention aux d\u00e9tails,<\/span><\/li>\n<li><span style=\"font-weight: 400;\">il aide \u00e0 pratiquer la coordination main-\u0153il,<\/span><\/li>\n<li><span style=\"font-weight: 400;\">il stimule le d\u00e9veloppement de la motricit\u00e9 fine et la pratique de la dext\u00e9rit\u00e9,<\/span><\/li>\n<li><span style=\"font-weight: 400;\">stimule la concentration sur une seule t\u00e2che, sans \u00eatre facilement distrait par ce qui se passe autour d&rsquo;eux,<\/span><\/li>\n<li><span style=\"font-weight: 400;\">est une activit\u00e9 relaxante et amusante,<\/span><\/li>\n<li><span style=\"font-weight: 400;\">favorise le d\u00e9veloppement des deux h\u00e9misph\u00e8res du cerveau.<\/span><\/li>\n<\/ul>\n<h2><span style=\"font-weight: 400;\">Puzzle pour enfants de 240 pi\u00e8ces pour la relaxation et l&rsquo;entra\u00eenement de la m\u00e9moire<\/span><\/h2>\n<p><span style=\"font-weight: 400;\">Pour les enfants, la patience fait partie des comp\u00e9tences les plus difficiles \u00e0 acqu\u00e9rir. Soumis quotidiennement \u00e0 des centaines de stimuli, en ligne ou hors ligne, les enfants ont appris la capacit\u00e9 de tout faire rapidement et de vivre vite, comme les adultes <\/span><\/p>\n<p><span style=\"font-weight: 400;\">Aide-les \u00e0 s&rsquo;arr\u00eater et \u00e0 devenir plus pr\u00e9sents, plus connect\u00e9s dans leurs activit\u00e9s et \u00e0 prendre le temps de se reconnecter avec eux-m\u00eames par le biais d&rsquo;une activit\u00e9 relaxante et stimulante pour le cerveau, comme assembler un puzzle de 240 pi\u00e8ces <\/span><\/p>\n<p><span style=\"font-weight: 400;\">Avec l&rsquo;aide d&rsquo;un puzzle, ils apprendront \u00e0 mieux se concentrer et pourront m\u00eame am\u00e9liorer leur travail \u00e0 l&rsquo;\u00e9cole.<\/span><\/p>\n<p><span style=\"font-weight: 400;\">Que tu choisisses de faire le puzzle toi-m\u00eame avec les enfants ou de l&rsquo;offrir en cadeau, ce sera certainement une surprise et une activit\u00e9 amusante.<\/span><\/p>\n","protected":false},"excerpt":{"rendered":"<p>Tu as un enfant fascin\u00e9 par l&rsquo;histoire ou la g\u00e9ographie ? Tu connais un enfant passionn\u00e9 par les voyages et<\/p>\n","protected":false},"featured_media":49746,"template":"","meta":[],"product_brand":[],"product_cat":[2333],"product_tag":[],"class_list":{"0":"post-52727","1":"product","2":"type-product","3":"status-publish","4":"has-post-thumbnail","6":"product_cat-jeux-roumains","7":"pa_brand-d_toys-fr","8":"pa_country_of_manufacture-ro-fr","9":"pa_filter_age-7_9-fr","10":"pa_filter_age-9_14-fr","11":"pa_painter-romania-fr","12":"pa_tip_ambalaj-boite","13":"pa_tip_puzzle-classique","15":"first","16":"instock","17":"taxable","18":"shipping-taxable","19":"product-type-simple"},"yoast_head":"<!-- This site is optimized with the Yoast SEO plugin v20.1 - https:\/\/yoast.com\/wordpress\/plugins\/seo\/ -->\n<title>Puzzle pour enfants de 240 pi\u00e8ces - Roumanie - Tara Turismului<\/title>\n<meta name=\"description\" content=\"Puzzle pour enfants de 240 pi\u00e8ces - Roumanie - Tara Turismului\" \/>\n<meta name=\"robots\" content=\"index, follow, max-snippet:-1, max-image-preview:large, max-video-preview:-1\" \/>\n<link rel=\"canonical\" href=\"https:\/\/business.roovi.com\/fr\/puzzle-pour-enfants-de-240-pieces-roumanie-tara-turismului\/p\/\" \/>\n<meta property=\"og:locale\" content=\"fr_FR\" \/>\n<meta property=\"og:type\" content=\"article\" \/>\n<meta property=\"og:title\" content=\"Puzzle pour enfants de 240 pi\u00e8ces - Roumanie - Tara Turismului\" \/>\n<meta property=\"og:description\" content=\"Puzzle pour enfants de 240 pi\u00e8ces - Roumanie - Tara Turismului\" \/>\n<meta property=\"og:url\" content=\"https:\/\/business.roovi.com\/fr\/puzzle-pour-enfants-de-240-pieces-roumanie-tara-turismului\/p\/\" \/>\n<meta property=\"og:site_name\" content=\"Roovi B2B\" \/>\n<meta property=\"article:publisher\" content=\"https:\/\/www.facebook.com\/wwwjucariero\" \/>\n<meta property=\"article:modified_time\" content=\"2023-03-01T11:02:04+00:00\" \/>\n<meta property=\"og:image\" content=\"https:\/\/business.roovi.com\/wp-content\/uploads\/2018\/04\/74225-02_ansamblu_dimensiuni_cutie_cm.png\" \/>\n\t<meta property=\"og:image:width\" content=\"2000\" \/>\n\t<meta property=\"og:image:height\" content=\"2000\" \/>\n\t<meta property=\"og:image:type\" content=\"image\/png\" \/>\n<meta name=\"twitter:label1\" content=\"Dur\u00e9e de lecture estim\u00e9e\" \/>\n\t<meta name=\"twitter:data1\" content=\"3 minutes\" \/>\n<script type=\"application\/ld+json\" class=\"yoast-schema-graph\">{\"@context\":\"https:\/\/schema.org\",\"@graph\":[{\"@type\":\"WebPage\",\"@id\":\"https:\/\/business.roovi.com\/fr\/puzzle-pour-enfants-de-240-pieces-roumanie-tara-turismului\/p\/\",\"url\":\"https:\/\/business.roovi.com\/fr\/puzzle-pour-enfants-de-240-pieces-roumanie-tara-turismului\/p\/\",\"name\":\"Puzzle pour enfants de 240 pi\u00e8ces - Roumanie - Tara Turismului\",\"isPartOf\":{\"@id\":\"https:\/\/business.roovi.com\/fr\/#website\"},\"datePublished\":\"2018-04-16T10:56:18+00:00\",\"dateModified\":\"2023-03-01T11:02:04+00:00\",\"description\":\"Puzzle pour enfants de 240 pi\u00e8ces - Roumanie - Tara Turismului\",\"breadcrumb\":{\"@id\":\"https:\/\/business.roovi.com\/fr\/puzzle-pour-enfants-de-240-pieces-roumanie-tara-turismului\/p\/#breadcrumb\"},\"inLanguage\":\"fr-FR\",\"potentialAction\":[{\"@type\":\"ReadAction\",\"target\":[\"https:\/\/business.roovi.com\/fr\/puzzle-pour-enfants-de-240-pieces-roumanie-tara-turismului\/p\/\"]}]},{\"@type\":\"BreadcrumbList\",\"@id\":\"https:\/\/business.roovi.com\/fr\/puzzle-pour-enfants-de-240-pieces-roumanie-tara-turismului\/p\/#breadcrumb\",\"itemListElement\":[{\"@type\":\"ListItem\",\"position\":1,\"name\":\"Home\",\"item\":\"https:\/\/business.roovi.com\/fr\/\"},{\"@type\":\"ListItem\",\"position\":2,\"name\":\"Boutique\",\"item\":\"https:\/\/business.roovi.com\/fr\/boutique\/\"},{\"@type\":\"ListItem\",\"position\":3,\"name\":\"Casse-t\u00eate de 240 pi\u00e8ces &#8211; Roumanie &#8211; Pays de tourisme\"}]},{\"@type\":\"WebSite\",\"@id\":\"https:\/\/business.roovi.com\/fr\/#website\",\"url\":\"https:\/\/business.roovi.com\/fr\/\",\"name\":\"Roovi B2B\",\"description\":\"Roovi Business Website\",\"potentialAction\":[{\"@type\":\"SearchAction\",\"target\":{\"@type\":\"EntryPoint\",\"urlTemplate\":\"https:\/\/business.roovi.com\/fr\/?s={search_term_string}\"},\"query-input\":\"required name=search_term_string\"}],\"inLanguage\":\"fr-FR\"}]}<\/script>\n<!-- \/ Yoast SEO plugin. -->","yoast_head_json":{"title":"Puzzle pour enfants de 240 pi\u00e8ces - Roumanie - Tara Turismului","description":"Puzzle pour enfants de 240 pi\u00e8ces - Roumanie - Tara Turismului","robots":{"index":"index","follow":"follow","max-snippet":"max-snippet:-1","max-image-preview":"max-image-preview:large","max-video-preview":"max-video-preview:-1"},"canonical":"https:\/\/business.roovi.com\/fr\/puzzle-pour-enfants-de-240-pieces-roumanie-tara-turismului\/p\/","og_locale":"fr_FR","og_type":"article","og_title":"Puzzle pour enfants de 240 pi\u00e8ces - Roumanie - Tara Turismului","og_description":"Puzzle pour enfants de 240 pi\u00e8ces - Roumanie - Tara Turismului","og_url":"https:\/\/business.roovi.com\/fr\/puzzle-pour-enfants-de-240-pieces-roumanie-tara-turismului\/p\/","og_site_name":"Roovi B2B","article_publisher":"https:\/\/www.facebook.com\/wwwjucariero","article_modified_time":"2023-03-01T11:02:04+00:00","og_image":[{"width":2000,"height":2000,"url":"https:\/\/business.roovi.com\/wp-content\/uploads\/2018\/04\/74225-02_ansamblu_dimensiuni_cutie_cm.png","type":"image\/png"}],"twitter_misc":{"Dur\u00e9e de lecture estim\u00e9e":"3 minutes"},"schema":{"@context":"https:\/\/schema.org","@graph":[{"@type":"WebPage","@id":"https:\/\/business.roovi.com\/fr\/puzzle-pour-enfants-de-240-pieces-roumanie-tara-turismului\/p\/","url":"https:\/\/business.roovi.com\/fr\/puzzle-pour-enfants-de-240-pieces-roumanie-tara-turismului\/p\/","name":"Puzzle pour enfants de 240 pi\u00e8ces - Roumanie - Tara Turismului","isPartOf":{"@id":"https:\/\/business.roovi.com\/fr\/#website"},"datePublished":"2018-04-16T10:56:18+00:00","dateModified":"2023-03-01T11:02:04+00:00","description":"Puzzle pour enfants de 240 pi\u00e8ces - Roumanie - Tara Turismului","breadcrumb":{"@id":"https:\/\/business.roovi.com\/fr\/puzzle-pour-enfants-de-240-pieces-roumanie-tara-turismului\/p\/#breadcrumb"},"inLanguage":"fr-FR","potentialAction":[{"@type":"ReadAction","target":["https:\/\/business.roovi.com\/fr\/puzzle-pour-enfants-de-240-pieces-roumanie-tara-turismului\/p\/"]}]},{"@type":"BreadcrumbList","@id":"https:\/\/business.roovi.com\/fr\/puzzle-pour-enfants-de-240-pieces-roumanie-tara-turismului\/p\/#breadcrumb","itemListElement":[{"@type":"ListItem","position":1,"name":"Home","item":"https:\/\/business.roovi.com\/fr\/"},{"@type":"ListItem","position":2,"name":"Boutique","item":"https:\/\/business.roovi.com\/fr\/boutique\/"},{"@type":"ListItem","position":3,"name":"Casse-t\u00eate de 240 pi\u00e8ces &#8211; Roumanie &#8211; Pays de tourisme"}]},{"@type":"WebSite","@id":"https:\/\/business.roovi.com\/fr\/#website","url":"https:\/\/business.roovi.com\/fr\/","name":"Roovi B2B","description":"Roovi Business Website","potentialAction":[{"@type":"SearchAction","target":{"@type":"EntryPoint","urlTemplate":"https:\/\/business.roovi.com\/fr\/?s={search_term_string}"},"query-input":"required name=search_term_string"}],"inLanguage":"fr-FR"}]}},"_links":{"self":[{"href":"https:\/\/business.roovi.com\/fr\/wp-json\/wp\/v2\/product\/52727","targetHints":{"allow":["GET"]}}],"collection":[{"href":"https:\/\/business.roovi.com\/fr\/wp-json\/wp\/v2\/product"}],"about":[{"href":"https:\/\/business.roovi.com\/fr\/wp-json\/wp\/v2\/types\/product"}],"version-history":[{"count":0,"href":"https:\/\/business.roovi.com\/fr\/wp-json\/wp\/v2\/product\/52727\/revisions"}],"wp:featuredmedia":[{"embeddable":true,"href":"https:\/\/business.roovi.com\/fr\/wp-json\/wp\/v2\/media\/49746"}],"wp:attachment":[{"href":"https:\/\/business.roovi.com\/fr\/wp-json\/wp\/v2\/media?parent=52727"}],"wp:term":[{"taxonomy":"product_brand","embeddable":true,"href":"https:\/\/business.roovi.com\/fr\/wp-json\/wp\/v2\/product_brand?post=52727"},{"taxonomy":"product_cat","embeddable":true,"href":"https:\/\/business.roovi.com\/fr\/wp-json\/wp\/v2\/product_cat?post=52727"},{"taxonomy":"product_tag","embeddable":true,"href":"https:\/\/business.roovi.com\/fr\/wp-json\/wp\/v2\/product_tag?post=52727"}],"curies":[{"name":"wp","href":"https:\/\/api.w.org\/{rel}","templated":true}]}}