{"id":52775,"date":"2018-04-16T10:56:17","date_gmt":"2018-04-16T10:56:17","guid":{"rendered":"https:\/\/business.roovi.com\/puzzle-adulti-1000-piese-peisaje-de-noapte-annecy-franta\/p\/"},"modified":"2022-07-13T10:19:26","modified_gmt":"2022-07-13T10:19:26","slug":"puzzle-adulte-1000-pieces-paysages-de-nuit-annecy-france","status":"publish","type":"product","link":"https:\/\/business.roovi.com\/fr\/puzzle-adulte-1000-pieces-paysages-de-nuit-annecy-france\/p\/","title":{"rendered":"Puzzle Adulte 1000 pi\u00e8ces Paysages de nuit &#8211; Annecy, France"},"content":{"rendered":"<p><span style=\"font-weight: 400;\">Es-tu pr\u00eate \u00e0 t&#8217;embarquer dans un voyage unique \u00e0 travers un jeu de puzzle ? Gamme <\/span><em><span style=\"font-weight: 400;\">Paysages de nuit<\/span><\/em><span style=\"font-weight: 400;\"> de puzzles de 1000 pi\u00e8ces rassemble des images \u00e9tonnantes captur\u00e9es dans des lieux c\u00e9l\u00e8bres du monde entier.  <\/span><\/p>\n<p><span style=\"font-weight: 400;\">Annecy, une ville m\u00e9di\u00e9vale situ\u00e9e dans le nord des Alpes fran\u00e7aises, est un lieu romantique o\u00f9 la beaut\u00e9 de la nature se m\u00eale harmonieusement \u00e0 la ma\u00eetrise architecturale de l&rsquo;homme. Le puzzle Annecy de 1000 pi\u00e8ces transmet l&rsquo;ambiance positive de ce lieu magnifique et stimule ton imagination.<\/span><\/p>\n<p><span style=\"font-weight: 400;\">L&rsquo;eau translucide qui refl\u00e8te les montagnes environnantes, les b\u00e2timents embl\u00e9matiques comme le Palais de l&rsquo;Isle ou les rues pav\u00e9es \u00e9troites ne sont que quelques points de rep\u00e8re qui attirent les touristes de tous les continents.<\/span><\/p>\n<p><span style=\"font-weight: 400;\">Si tu veux profiter du magnifique paysage d&rsquo;un lieu b\u00e9ni par la nature et ch\u00e9ri par l&rsquo;homme, ainsi que d\u00e9connecter du quotidien pendant de nombreuses heures, le puzzle d&rsquo;Annecy de 1000 pi\u00e8ces est l&rsquo;occasion id\u00e9ale <\/span><\/p>\n<p><strong>Pourquoi choisir le puzzle 1000 pi\u00e8ces Nightscapes &#8211; Annecy, France ?<\/strong><\/p>\n<p><span style=\"font-weight: 400;\">Il te relie \u00e0 une activit\u00e9 amusante et relaxante pendant des heures <\/span><\/p>\n<p><span style=\"font-weight: 400;\">Cr\u00e9e de tes propres mains une superbe peinture de 68 x 47 cm qui embellira ta maison.<\/span><\/p>\n<p><span style=\"font-weight: 400;\">Les pi\u00e8ces du puzzle 1000 sont fabriqu\u00e9es en carton bleu de haute qualit\u00e9, sont d\u00e9coup\u00e9es avec pr\u00e9cision, s&#8217;embo\u00eetent parfaitement et r\u00e9sistent \u00e0 de multiples utilisations.<\/span><\/p>\n<p><span style=\"font-weight: 400;\">La finition semi-brillante et les couleurs agr\u00e9ables font ressortir la beaut\u00e9 du paysage.<\/span><\/p>\n<p><span style=\"font-weight: 400;\">Il est fabriqu\u00e9 \u00e0 partir de mat\u00e9riaux respectueux de la nature, recyclables et durables.<\/span><\/p>\n<p><span style=\"font-weight: 400;\">Il peut \u00eatre mont\u00e9 par des personnes de plus de 14 ans, une excellente occasion de passer du temps de qualit\u00e9 avec des adolescents.<\/span><\/p>\n<p><span style=\"font-weight: 400;\">C&rsquo;est une activit\u00e9 qui cultive la patience et la pers\u00e9v\u00e9rance.<\/span><\/p>\n<p><strong>Tu savais que&#8230; ?<\/strong><\/p>\n<p><span style=\"font-weight: 400;\">Le lac d&rsquo;Annecy est le deuxi\u00e8me plus grand lac de France et l&rsquo;un des lacs dont l&rsquo;eau est la plus pure au monde <\/span><\/p>\n<p><span style=\"font-weight: 400;\">Le lac d&rsquo;Annecy se jette dans la rivi\u00e8re Thiou, qui est consid\u00e9r\u00e9e comme la rivi\u00e8re la plus courte de France avec ses 3,5 km de long <\/span><\/p>\n<p><span style=\"font-weight: 400;\">Le Palais de l&rsquo;Isle dans cette ville a \u00e9t\u00e9 construit au 12e si\u00e8cle. Il a la forme d&rsquo;un bateau et abrite d\u00e9sormais un mus\u00e9e d\u00e9di\u00e9 \u00e0 l&rsquo;histoire locale.<\/span><\/p>\n<p><span style=\"font-weight: 400;\">Chaque ann\u00e9e, Annecy accueille le Festival international du film d&rsquo;animation o\u00f9 se rencontrent les principaux professionnels du domaine.<\/span><\/p>\n<p><span style=\"font-weight: 400;\">Un impressionnant feu d&rsquo;artifice, consid\u00e9r\u00e9 comme le plus repr\u00e9sentatif d&rsquo;Europe, est \u00e9galement organis\u00e9 ici chaque mois d&rsquo;ao\u00fbt. Les feux d&rsquo;artifice sont lanc\u00e9s depuis le bord du lac d&rsquo;Annecy et attirent un nombre record de plus de 100 000 spectateurs.<\/span><\/p>\n<p><strong>Puzzle Annecy 1000 pi\u00e8ces &#8211; une activit\u00e9 pour se reconnecter avec soi-m\u00eame<\/strong><\/p>\n<p><span style=\"font-weight: 400;\">Tout amateur de casse-t\u00eate a parfois besoin de quelques heures pour se reconnecter avec lui-m\u00eame. Le puzzle Annecy 1000 pi\u00e8ces est l&rsquo;occasion id\u00e9ale. Une photo apaisante, prise le soir dans une ville lointaine, te d\u00e9connecte du rythme effr\u00e9n\u00e9 de la vie.<\/span><\/p>\n<p><span style=\"font-weight: 400;\">De plus, c&rsquo;est une bonne occasion de d\u00e9velopper des comp\u00e9tences comme le sens du d\u00e9tail, la patience et la concentration. Cela te donne de la tranquillit\u00e9 d&rsquo;esprit, de l&rsquo;optimisme et \u00e0 la fin, lorsque tu colles la derni\u00e8re pi\u00e8ce du puzzle 1000, tu as confiance en tes propres forces et tu es s\u00fbr de pouvoir r\u00e9ussir tout ce que tu entreprends.<\/span><\/p>\n<p><span style=\"font-weight: 400;\">Choisis le puzzle Annecy 1000 pi\u00e8ces de la gamme Paysages de nuit et fais de ton temps libre une occasion de joie et de d\u00e9tente. D\u00e9couvre tous les puzzles de cette gamme et cr\u00e9e une fabuleuse collection d&rsquo;images de puzzles de 1000 pi\u00e8ces.<\/span><\/p><\/p>\n","protected":false},"excerpt":{"rendered":"<p>Es-tu pr\u00eate \u00e0 t&#8217;embarquer dans un voyage unique \u00e0 travers un jeu de puzzle ? Gamme Paysages de nuit de<\/p>\n","protected":false},"featured_media":46865,"template":"","meta":[],"product_brand":[],"product_cat":[2314,2316,2315],"product_tag":[],"class_list":{"0":"post-52775","1":"product","2":"type-product","3":"status-publish","4":"has-post-thumbnail","6":"product_cat-puzzles-fr","7":"product_cat-puzzles-de-1000-pieces","8":"product_cat-puzzles-pour-adultes","9":"pa_bax-10-fr","10":"pa_brand-d_toys-fr","11":"pa_country_of_manufacture-ro-fr","12":"pa_filter_age-14-fr","13":"pa_painter-nightlandscapes-fr","14":"pa_tip_ambalaj-boite","15":"pa_tip_puzzle-classique","17":"first","18":"instock","19":"taxable","20":"shipping-taxable","21":"product-type-simple"},"yoast_head":"<!-- This site is optimized with the Yoast SEO plugin v20.1 - https:\/\/yoast.com\/wordpress\/plugins\/seo\/ -->\n<title>Puzzle Adulte 1000 pi\u00e8ces Paysages de nuit - Annecy, France<\/title>\n<meta name=\"description\" content=\"Puzzle Adulte 1000 pi\u00e8ces Paysages de nuit - Annecy, France\" \/>\n<meta name=\"robots\" content=\"index, follow, max-snippet:-1, max-image-preview:large, max-video-preview:-1\" \/>\n<link rel=\"canonical\" href=\"https:\/\/business.roovi.com\/fr\/puzzle-adulte-1000-pieces-paysages-de-nuit-annecy-france\/p\/\" \/>\n<meta property=\"og:locale\" content=\"fr_FR\" \/>\n<meta property=\"og:type\" content=\"article\" \/>\n<meta property=\"og:title\" content=\"Puzzle Adulte 1000 pi\u00e8ces Paysages de nuit - Annecy, France\" \/>\n<meta property=\"og:description\" content=\"Puzzle Adulte 1000 pi\u00e8ces Paysages de nuit - Annecy, France\" \/>\n<meta property=\"og:url\" content=\"https:\/\/business.roovi.com\/fr\/puzzle-adulte-1000-pieces-paysages-de-nuit-annecy-france\/p\/\" \/>\n<meta property=\"og:site_name\" content=\"Roovi B2B\" \/>\n<meta property=\"article:publisher\" content=\"https:\/\/www.facebook.com\/wwwjucariero\" \/>\n<meta property=\"article:modified_time\" content=\"2022-07-13T10:19:26+00:00\" \/>\n<meta property=\"og:image\" content=\"https:\/\/business.roovi.com\/wp-content\/uploads\/2018\/04\/64301-06-ansamblu_dimensiuni-cutie-cm_orizontal.png\" \/>\n\t<meta property=\"og:image:width\" content=\"900\" \/>\n\t<meta property=\"og:image:height\" content=\"900\" \/>\n\t<meta property=\"og:image:type\" content=\"image\/png\" \/>\n<meta name=\"twitter:label1\" content=\"Dur\u00e9e de lecture estim\u00e9e\" \/>\n\t<meta name=\"twitter:data1\" content=\"3 minutes\" \/>\n<script type=\"application\/ld+json\" class=\"yoast-schema-graph\">{\"@context\":\"https:\/\/schema.org\",\"@graph\":[{\"@type\":\"WebPage\",\"@id\":\"https:\/\/business.roovi.com\/fr\/puzzle-adulte-1000-pieces-paysages-de-nuit-annecy-france\/p\/\",\"url\":\"https:\/\/business.roovi.com\/fr\/puzzle-adulte-1000-pieces-paysages-de-nuit-annecy-france\/p\/\",\"name\":\"Puzzle Adulte 1000 pi\u00e8ces Paysages de nuit - Annecy, France\",\"isPartOf\":{\"@id\":\"https:\/\/business.roovi.com\/fr\/#website\"},\"datePublished\":\"2018-04-16T10:56:17+00:00\",\"dateModified\":\"2022-07-13T10:19:26+00:00\",\"description\":\"Puzzle Adulte 1000 pi\u00e8ces Paysages de nuit - Annecy, France\",\"breadcrumb\":{\"@id\":\"https:\/\/business.roovi.com\/fr\/puzzle-adulte-1000-pieces-paysages-de-nuit-annecy-france\/p\/#breadcrumb\"},\"inLanguage\":\"fr-FR\",\"potentialAction\":[{\"@type\":\"ReadAction\",\"target\":[\"https:\/\/business.roovi.com\/fr\/puzzle-adulte-1000-pieces-paysages-de-nuit-annecy-france\/p\/\"]}]},{\"@type\":\"BreadcrumbList\",\"@id\":\"https:\/\/business.roovi.com\/fr\/puzzle-adulte-1000-pieces-paysages-de-nuit-annecy-france\/p\/#breadcrumb\",\"itemListElement\":[{\"@type\":\"ListItem\",\"position\":1,\"name\":\"Home\",\"item\":\"https:\/\/business.roovi.com\/fr\/\"},{\"@type\":\"ListItem\",\"position\":2,\"name\":\"Boutique\",\"item\":\"https:\/\/business.roovi.com\/fr\/boutique\/\"},{\"@type\":\"ListItem\",\"position\":3,\"name\":\"Puzzle Adulte 1000 pi\u00e8ces Paysages de nuit &#8211; Annecy, France\"}]},{\"@type\":\"WebSite\",\"@id\":\"https:\/\/business.roovi.com\/fr\/#website\",\"url\":\"https:\/\/business.roovi.com\/fr\/\",\"name\":\"Roovi B2B\",\"description\":\"Roovi Business Website\",\"potentialAction\":[{\"@type\":\"SearchAction\",\"target\":{\"@type\":\"EntryPoint\",\"urlTemplate\":\"https:\/\/business.roovi.com\/fr\/?s={search_term_string}\"},\"query-input\":\"required name=search_term_string\"}],\"inLanguage\":\"fr-FR\"}]}<\/script>\n<!-- \/ Yoast SEO plugin. -->","yoast_head_json":{"title":"Puzzle Adulte 1000 pi\u00e8ces Paysages de nuit - Annecy, France","description":"Puzzle Adulte 1000 pi\u00e8ces Paysages de nuit - Annecy, France","robots":{"index":"index","follow":"follow","max-snippet":"max-snippet:-1","max-image-preview":"max-image-preview:large","max-video-preview":"max-video-preview:-1"},"canonical":"https:\/\/business.roovi.com\/fr\/puzzle-adulte-1000-pieces-paysages-de-nuit-annecy-france\/p\/","og_locale":"fr_FR","og_type":"article","og_title":"Puzzle Adulte 1000 pi\u00e8ces Paysages de nuit - Annecy, France","og_description":"Puzzle Adulte 1000 pi\u00e8ces Paysages de nuit - Annecy, France","og_url":"https:\/\/business.roovi.com\/fr\/puzzle-adulte-1000-pieces-paysages-de-nuit-annecy-france\/p\/","og_site_name":"Roovi B2B","article_publisher":"https:\/\/www.facebook.com\/wwwjucariero","article_modified_time":"2022-07-13T10:19:26+00:00","og_image":[{"width":900,"height":900,"url":"https:\/\/business.roovi.com\/wp-content\/uploads\/2018\/04\/64301-06-ansamblu_dimensiuni-cutie-cm_orizontal.png","type":"image\/png"}],"twitter_misc":{"Dur\u00e9e de lecture estim\u00e9e":"3 minutes"},"schema":{"@context":"https:\/\/schema.org","@graph":[{"@type":"WebPage","@id":"https:\/\/business.roovi.com\/fr\/puzzle-adulte-1000-pieces-paysages-de-nuit-annecy-france\/p\/","url":"https:\/\/business.roovi.com\/fr\/puzzle-adulte-1000-pieces-paysages-de-nuit-annecy-france\/p\/","name":"Puzzle Adulte 1000 pi\u00e8ces Paysages de nuit - Annecy, France","isPartOf":{"@id":"https:\/\/business.roovi.com\/fr\/#website"},"datePublished":"2018-04-16T10:56:17+00:00","dateModified":"2022-07-13T10:19:26+00:00","description":"Puzzle Adulte 1000 pi\u00e8ces Paysages de nuit - Annecy, France","breadcrumb":{"@id":"https:\/\/business.roovi.com\/fr\/puzzle-adulte-1000-pieces-paysages-de-nuit-annecy-france\/p\/#breadcrumb"},"inLanguage":"fr-FR","potentialAction":[{"@type":"ReadAction","target":["https:\/\/business.roovi.com\/fr\/puzzle-adulte-1000-pieces-paysages-de-nuit-annecy-france\/p\/"]}]},{"@type":"BreadcrumbList","@id":"https:\/\/business.roovi.com\/fr\/puzzle-adulte-1000-pieces-paysages-de-nuit-annecy-france\/p\/#breadcrumb","itemListElement":[{"@type":"ListItem","position":1,"name":"Home","item":"https:\/\/business.roovi.com\/fr\/"},{"@type":"ListItem","position":2,"name":"Boutique","item":"https:\/\/business.roovi.com\/fr\/boutique\/"},{"@type":"ListItem","position":3,"name":"Puzzle Adulte 1000 pi\u00e8ces Paysages de nuit &#8211; Annecy, France"}]},{"@type":"WebSite","@id":"https:\/\/business.roovi.com\/fr\/#website","url":"https:\/\/business.roovi.com\/fr\/","name":"Roovi B2B","description":"Roovi Business Website","potentialAction":[{"@type":"SearchAction","target":{"@type":"EntryPoint","urlTemplate":"https:\/\/business.roovi.com\/fr\/?s={search_term_string}"},"query-input":"required name=search_term_string"}],"inLanguage":"fr-FR"}]}},"_links":{"self":[{"href":"https:\/\/business.roovi.com\/fr\/wp-json\/wp\/v2\/product\/52775","targetHints":{"allow":["GET"]}}],"collection":[{"href":"https:\/\/business.roovi.com\/fr\/wp-json\/wp\/v2\/product"}],"about":[{"href":"https:\/\/business.roovi.com\/fr\/wp-json\/wp\/v2\/types\/product"}],"version-history":[{"count":0,"href":"https:\/\/business.roovi.com\/fr\/wp-json\/wp\/v2\/product\/52775\/revisions"}],"wp:featuredmedia":[{"embeddable":true,"href":"https:\/\/business.roovi.com\/fr\/wp-json\/wp\/v2\/media\/46865"}],"wp:attachment":[{"href":"https:\/\/business.roovi.com\/fr\/wp-json\/wp\/v2\/media?parent=52775"}],"wp:term":[{"taxonomy":"product_brand","embeddable":true,"href":"https:\/\/business.roovi.com\/fr\/wp-json\/wp\/v2\/product_brand?post=52775"},{"taxonomy":"product_cat","embeddable":true,"href":"https:\/\/business.roovi.com\/fr\/wp-json\/wp\/v2\/product_cat?post=52775"},{"taxonomy":"product_tag","embeddable":true,"href":"https:\/\/business.roovi.com\/fr\/wp-json\/wp\/v2\/product_tag?post=52775"}],"curies":[{"name":"wp","href":"https:\/\/api.w.org\/{rel}","templated":true}]}}