{"id":52776,"date":"2018-04-16T10:56:17","date_gmt":"2018-04-16T10:56:17","guid":{"rendered":"https:\/\/business.roovi.com\/puzzle-adulti-1000-piese-peisaje-de-noapte-neuschwanstein-germania\/p\/"},"modified":"2022-07-13T10:19:27","modified_gmt":"2022-07-13T10:19:27","slug":"puzzle-paysage-de-nuit-adulte-1000-pieces-neuschwanstein-allemagne","status":"publish","type":"product","link":"https:\/\/business.roovi.com\/fr\/puzzle-paysage-de-nuit-adulte-1000-pieces-neuschwanstein-allemagne\/p\/","title":{"rendered":"Puzzle paysage de nuit adulte 1000 pi\u00e8ces &#8211; Neuschwanstein, Allemagne"},"content":{"rendered":"<p><span style=\"font-weight: 400;\">Le ch\u00e2teau de Neuschwanstein a \u00e9t\u00e9 construit en hommage au musicien Richard Wagner, et dans l&rsquo;histoire r\u00e9cente, il est devenu la source d&rsquo;inspiration des films Disney <\/span><\/p>\n<p><span style=\"font-weight: 400;\">C&rsquo;est le roi Ludwig II de Bavi\u00e8re qui a command\u00e9 la construction du ch\u00e2teau. Il voulait une retraite personnelle, surtout lorsque les Prussiens ont pris la province et que son influence a diminu\u00e9. Le monarque a profit\u00e9 de son travail pendant seulement 172 jours. Il est mort myst\u00e9rieusement et n&rsquo;a jamais pu voir le ch\u00e2teau termin\u00e9.<\/span><\/p>\n<p><span style=\"font-weight: 400;\">Ses descendants ont ouvert le ch\u00e2teau aux visiteurs apr\u00e8s sa mort en 1886. Aujourd&rsquo;hui, c&rsquo;est l&rsquo;une des attractions les plus populaires d&rsquo;Allemagne, visit\u00e9e par plus d&rsquo;un million de touristes du monde entier chaque ann\u00e9e <\/span><\/p>\n<p><span style=\"font-weight: 400;\">Un b\u00e2timent imposant dans un cadre naturel enchanteur, c&rsquo;est un spectacle \u00e0 couper le souffle qui te ram\u00e8ne aux contes intemporels de princes et princesses vivant dans des palais de r\u00eave.<\/span><\/p>\n<p><span style=\"font-weight: 400;\">Le puzzle de 1000 pi\u00e8ces du ch\u00e2teau de Neuschwanstein donne un aper\u00e7u du majestueux b\u00e2timent le soir. Compos\u00e9 de pi\u00e8ces de qualit\u00e9 exceptionnelle, d\u00e9coup\u00e9es avec pr\u00e9cision et s&#8217;embo\u00eetant parfaitement, le puzzle te permet de reconstituer une image exceptionnelle des d\u00e9tails architecturaux \u00e9tonnants du ch\u00e2teau.<\/span><\/p>\n<p><strong>Pourquoi choisir le puzzle 1000 pi\u00e8ces Paysages de nuit &#8211; Ch\u00e2teau de Neuschwanstein ?<\/strong><\/p>\n<p><span style=\"font-weight: 400;\">Un puzzle de 1000 pi\u00e8ces est un moyen de se d\u00e9tendre et de d\u00e9couvrir des sites uniques avec une histoire fascinante et des symboles uniques.<\/span><\/p>\n<p><span style=\"font-weight: 400;\">Tu peux assembler un tableau impressionnant \u00e0 partir de 1000 pi\u00e8ces de puzzle que tu pourras admirer pendant longtemps.<\/span><\/p>\n<p><span style=\"font-weight: 400;\">La taille de la peinture finale est de 68 x 47 cm, et lorsqu&rsquo;elle est plac\u00e9e dans un cadre, elle rendra imposant n&rsquo;importe quel endroit terne de ta maison.<\/span><\/p>\n<p><span style=\"font-weight: 400;\">Les pi\u00e8ces du puzzle sont fabriqu\u00e9es en carton de haute qualit\u00e9, tu peux donc assembler le tableau plusieurs fois et la peinture sera impeccable \u00e0 chaque fois.<\/span><\/p>\n<p><span style=\"font-weight: 400;\">Les finitions du puzzle sont semi-brillantes, dans des couleurs vives qui permettent de garder l&rsquo;image claire.<\/span><\/p>\n<p><span style=\"font-weight: 400;\">Les mat\u00e9riaux utilis\u00e9s pour la production des jeux de puzzle sont durables et recyclables.<\/span><\/p>\n<p><span style=\"font-weight: 400;\">Les jeux de r\u00e9flexion sont un excellent moyen de d\u00e9velopper de nombreuses comp\u00e9tences que tu utilises dans les activit\u00e9s quotidiennes :<\/span><\/p>\n<ul>\n<li><span style=\"font-weight: 400;\">Ils d\u00e9veloppent ton attention aux d\u00e9tails et ta pers\u00e9v\u00e9rance.<\/span><\/li>\n<li><span style=\"font-weight: 400;\">Ils constituent un bon exercice d&rsquo;imagination.<\/span><\/li>\n<li><span style=\"font-weight: 400;\">Ils entra\u00eenent ta m\u00e9moire et gardent ton cerveau en bonne sant\u00e9.<\/span><\/li>\n<li><span style=\"font-weight: 400;\">Ils t&rsquo;aident \u00e0 rester concentr\u00e9 sur une seule t\u00e2che pendant plus longtemps.<\/span><\/li>\n<li><span style=\"font-weight: 400;\">C&rsquo;est un bon moyen de d\u00e9velopper tes comp\u00e9tences en mati\u00e8re de travail d&rsquo;\u00e9quipe pour le moment o\u00f9 tu assembleras des images avec tes proches.<\/span><\/li>\n<\/ul>\n<p><strong>Savais-tu que..<\/strong><\/p>\n<p><span style=\"font-weight: 400;\">Le ch\u00e2teau de Neuschwanstein est construit dans diff\u00e9rents styles architecturaux : roman, gothique et byzantin.<\/span><\/p>\n<p><span style=\"font-weight: 400;\">Roi _COPY <\/span><span style=\"font-weight: 400;\">Ludwig II n&rsquo;a jamais eu l&rsquo;intention de rendre ce ch\u00e2teau accessible au grand public.<\/span><\/p>\n<p><span style=\"font-weight: 400;\">Le ch\u00e2teau a \u00e9t\u00e9 construit avec les fonds propres du roi, sans qu&rsquo;il ait \u00e0 puiser dans les fonds publics.<\/span><\/p>\n<p><span style=\"font-weight: 400;\">Richard Wagner, son ami <\/span><span style=\"font-weight: 400;\"> <\/span><span style=\"font-weight: 400;\">Louis II est mort en 1883 et n&rsquo;a jamais pu visiter le ch\u00e2teau termin\u00e9.<\/span><\/p>\n<p><span style=\"font-weight: 400;\">En raison de son emplacement \u00e9loign\u00e9, le ch\u00e2teau <\/span><span style=\"font-weight: 400;\">Neuschwanstein a surv\u00e9cu aux deux guerres mondiales sans dommage majeur<\/span><span style=\"font-weight: 400;\">.<\/span><\/p>\n<p><strong>Puzzle de 1000 pi\u00e8ces <\/strong><strong>Le ch\u00e2teau de Neuschwanstein te d\u00e9tend et t&rsquo;apporte beaucoup de bonheur<\/strong><\/p>\n<p><span style=\"font-weight: 400;\">Avec le puzzle de 1000 pi\u00e8ces Castle <\/span><span style=\"font-weight: 400;\">Le ch\u00e2teau de Neuschwanstein te permet de reconstituer un monument architectural sp\u00e9cial, pi\u00e8ce par pi\u00e8ce, en priv\u00e9 ou avec des proches qui partagent ta passion.<\/span><\/p>\n<p><span style=\"font-weight: 400;\">Pendant que tu travailles sur ce jeu de puzzle sp\u00e9cial, ton cerveau s\u00e9cr\u00e8te plus de dopamine, le neurotransmetteur qui est impliqu\u00e9 dans un certain nombre d&rsquo;activit\u00e9s diff\u00e9rentes, comme le contr\u00f4le des mouvements musculaires ou l&rsquo;am\u00e9lioration de l&rsquo;humeur. Plus tu t&rsquo;approches de la fin, plus tu te sens optimiste. Et lorsque tu colles la derni\u00e8re pi\u00e8ce du puzzle 1000, le sentiment de satisfaction est inestimable.<\/span><\/p>\n<p><span style=\"font-weight: 400;\">Pour une exp\u00e9rience de cr\u00e9ation et de pure joie, le puzzle Ch\u00e2teau de 1000 pi\u00e8ces <\/span><span style=\"font-weight: 400;\">Le ch\u00e2teau de Neuschwanstein est le choix id\u00e9al. Tu peux aussi surprendre agr\u00e9ablement un ami fascin\u00e9 par les jeux de r\u00e9flexion en lui offrant ce jeu de r\u00e9flexion sp\u00e9cial comme cadeau.<\/span><\/p><\/p>\n","protected":false},"excerpt":{"rendered":"<p>Le ch\u00e2teau de Neuschwanstein a \u00e9t\u00e9 construit en hommage au musicien Richard Wagner, et dans l&rsquo;histoire r\u00e9cente, il est devenu<\/p>\n","protected":false},"featured_media":46872,"template":"","meta":[],"product_brand":[],"product_cat":[2314,2316,2315],"product_tag":[],"class_list":{"0":"post-52776","1":"product","2":"type-product","3":"status-publish","4":"has-post-thumbnail","6":"product_cat-puzzles-fr","7":"product_cat-puzzles-de-1000-pieces","8":"product_cat-puzzles-pour-adultes","9":"pa_bax-10-fr","10":"pa_brand-d_toys-fr","11":"pa_country_of_manufacture-ro-fr","12":"pa_filter_age-14-fr","13":"pa_painter-nightlandscapes-fr","14":"pa_tip_ambalaj-boite","15":"pa_tip_puzzle-classique","17":"first","18":"onbackorder","19":"taxable","20":"shipping-taxable","21":"product-type-simple"},"yoast_head":"<!-- This site is optimized with the Yoast SEO plugin v20.1 - https:\/\/yoast.com\/wordpress\/plugins\/seo\/ -->\n<title>Puzzle paysage de nuit adulte 1000 pi\u00e8ces - Neuschwanstein, Allemagne<\/title>\n<meta name=\"description\" content=\"Puzzle paysage de nuit adulte 1000 pi\u00e8ces - Neuschwanstein, Allemagne\" \/>\n<meta name=\"robots\" content=\"index, follow, max-snippet:-1, max-image-preview:large, max-video-preview:-1\" \/>\n<link rel=\"canonical\" href=\"https:\/\/business.roovi.com\/fr\/puzzle-paysage-de-nuit-adulte-1000-pieces-neuschwanstein-allemagne\/p\/\" \/>\n<meta property=\"og:locale\" content=\"fr_FR\" \/>\n<meta property=\"og:type\" content=\"article\" \/>\n<meta property=\"og:title\" content=\"Puzzle paysage de nuit adulte 1000 pi\u00e8ces - Neuschwanstein, Allemagne\" \/>\n<meta property=\"og:description\" content=\"Puzzle paysage de nuit adulte 1000 pi\u00e8ces - Neuschwanstein, Allemagne\" \/>\n<meta property=\"og:url\" content=\"https:\/\/business.roovi.com\/fr\/puzzle-paysage-de-nuit-adulte-1000-pieces-neuschwanstein-allemagne\/p\/\" \/>\n<meta property=\"og:site_name\" content=\"Roovi B2B\" \/>\n<meta property=\"article:publisher\" content=\"https:\/\/www.facebook.com\/wwwjucariero\" \/>\n<meta property=\"article:modified_time\" content=\"2022-07-13T10:19:27+00:00\" \/>\n<meta property=\"og:image\" content=\"https:\/\/business.roovi.com\/wp-content\/uploads\/2018\/04\/64301-07-ansamblu_dimensiuni-cutie-cm_orizontal.png\" \/>\n\t<meta property=\"og:image:width\" content=\"1000\" \/>\n\t<meta property=\"og:image:height\" content=\"1000\" \/>\n\t<meta property=\"og:image:type\" content=\"image\/png\" \/>\n<meta name=\"twitter:label1\" content=\"Dur\u00e9e de lecture estim\u00e9e\" \/>\n\t<meta name=\"twitter:data1\" content=\"4 minutes\" \/>\n<script type=\"application\/ld+json\" class=\"yoast-schema-graph\">{\"@context\":\"https:\/\/schema.org\",\"@graph\":[{\"@type\":\"WebPage\",\"@id\":\"https:\/\/business.roovi.com\/fr\/puzzle-paysage-de-nuit-adulte-1000-pieces-neuschwanstein-allemagne\/p\/\",\"url\":\"https:\/\/business.roovi.com\/fr\/puzzle-paysage-de-nuit-adulte-1000-pieces-neuschwanstein-allemagne\/p\/\",\"name\":\"Puzzle paysage de nuit adulte 1000 pi\u00e8ces - Neuschwanstein, Allemagne\",\"isPartOf\":{\"@id\":\"https:\/\/business.roovi.com\/fr\/#website\"},\"datePublished\":\"2018-04-16T10:56:17+00:00\",\"dateModified\":\"2022-07-13T10:19:27+00:00\",\"description\":\"Puzzle paysage de nuit adulte 1000 pi\u00e8ces - Neuschwanstein, Allemagne\",\"breadcrumb\":{\"@id\":\"https:\/\/business.roovi.com\/fr\/puzzle-paysage-de-nuit-adulte-1000-pieces-neuschwanstein-allemagne\/p\/#breadcrumb\"},\"inLanguage\":\"fr-FR\",\"potentialAction\":[{\"@type\":\"ReadAction\",\"target\":[\"https:\/\/business.roovi.com\/fr\/puzzle-paysage-de-nuit-adulte-1000-pieces-neuschwanstein-allemagne\/p\/\"]}]},{\"@type\":\"BreadcrumbList\",\"@id\":\"https:\/\/business.roovi.com\/fr\/puzzle-paysage-de-nuit-adulte-1000-pieces-neuschwanstein-allemagne\/p\/#breadcrumb\",\"itemListElement\":[{\"@type\":\"ListItem\",\"position\":1,\"name\":\"Home\",\"item\":\"https:\/\/business.roovi.com\/fr\/\"},{\"@type\":\"ListItem\",\"position\":2,\"name\":\"Boutique\",\"item\":\"https:\/\/business.roovi.com\/fr\/boutique\/\"},{\"@type\":\"ListItem\",\"position\":3,\"name\":\"Puzzle paysage de nuit adulte 1000 pi\u00e8ces &#8211; Neuschwanstein, Allemagne\"}]},{\"@type\":\"WebSite\",\"@id\":\"https:\/\/business.roovi.com\/fr\/#website\",\"url\":\"https:\/\/business.roovi.com\/fr\/\",\"name\":\"Roovi B2B\",\"description\":\"Roovi Business Website\",\"potentialAction\":[{\"@type\":\"SearchAction\",\"target\":{\"@type\":\"EntryPoint\",\"urlTemplate\":\"https:\/\/business.roovi.com\/fr\/?s={search_term_string}\"},\"query-input\":\"required name=search_term_string\"}],\"inLanguage\":\"fr-FR\"}]}<\/script>\n<!-- \/ Yoast SEO plugin. -->","yoast_head_json":{"title":"Puzzle paysage de nuit adulte 1000 pi\u00e8ces - Neuschwanstein, Allemagne","description":"Puzzle paysage de nuit adulte 1000 pi\u00e8ces - Neuschwanstein, Allemagne","robots":{"index":"index","follow":"follow","max-snippet":"max-snippet:-1","max-image-preview":"max-image-preview:large","max-video-preview":"max-video-preview:-1"},"canonical":"https:\/\/business.roovi.com\/fr\/puzzle-paysage-de-nuit-adulte-1000-pieces-neuschwanstein-allemagne\/p\/","og_locale":"fr_FR","og_type":"article","og_title":"Puzzle paysage de nuit adulte 1000 pi\u00e8ces - Neuschwanstein, Allemagne","og_description":"Puzzle paysage de nuit adulte 1000 pi\u00e8ces - Neuschwanstein, Allemagne","og_url":"https:\/\/business.roovi.com\/fr\/puzzle-paysage-de-nuit-adulte-1000-pieces-neuschwanstein-allemagne\/p\/","og_site_name":"Roovi B2B","article_publisher":"https:\/\/www.facebook.com\/wwwjucariero","article_modified_time":"2022-07-13T10:19:27+00:00","og_image":[{"width":1000,"height":1000,"url":"https:\/\/business.roovi.com\/wp-content\/uploads\/2018\/04\/64301-07-ansamblu_dimensiuni-cutie-cm_orizontal.png","type":"image\/png"}],"twitter_misc":{"Dur\u00e9e de lecture estim\u00e9e":"4 minutes"},"schema":{"@context":"https:\/\/schema.org","@graph":[{"@type":"WebPage","@id":"https:\/\/business.roovi.com\/fr\/puzzle-paysage-de-nuit-adulte-1000-pieces-neuschwanstein-allemagne\/p\/","url":"https:\/\/business.roovi.com\/fr\/puzzle-paysage-de-nuit-adulte-1000-pieces-neuschwanstein-allemagne\/p\/","name":"Puzzle paysage de nuit adulte 1000 pi\u00e8ces - Neuschwanstein, Allemagne","isPartOf":{"@id":"https:\/\/business.roovi.com\/fr\/#website"},"datePublished":"2018-04-16T10:56:17+00:00","dateModified":"2022-07-13T10:19:27+00:00","description":"Puzzle paysage de nuit adulte 1000 pi\u00e8ces - Neuschwanstein, Allemagne","breadcrumb":{"@id":"https:\/\/business.roovi.com\/fr\/puzzle-paysage-de-nuit-adulte-1000-pieces-neuschwanstein-allemagne\/p\/#breadcrumb"},"inLanguage":"fr-FR","potentialAction":[{"@type":"ReadAction","target":["https:\/\/business.roovi.com\/fr\/puzzle-paysage-de-nuit-adulte-1000-pieces-neuschwanstein-allemagne\/p\/"]}]},{"@type":"BreadcrumbList","@id":"https:\/\/business.roovi.com\/fr\/puzzle-paysage-de-nuit-adulte-1000-pieces-neuschwanstein-allemagne\/p\/#breadcrumb","itemListElement":[{"@type":"ListItem","position":1,"name":"Home","item":"https:\/\/business.roovi.com\/fr\/"},{"@type":"ListItem","position":2,"name":"Boutique","item":"https:\/\/business.roovi.com\/fr\/boutique\/"},{"@type":"ListItem","position":3,"name":"Puzzle paysage de nuit adulte 1000 pi\u00e8ces &#8211; Neuschwanstein, Allemagne"}]},{"@type":"WebSite","@id":"https:\/\/business.roovi.com\/fr\/#website","url":"https:\/\/business.roovi.com\/fr\/","name":"Roovi B2B","description":"Roovi Business Website","potentialAction":[{"@type":"SearchAction","target":{"@type":"EntryPoint","urlTemplate":"https:\/\/business.roovi.com\/fr\/?s={search_term_string}"},"query-input":"required name=search_term_string"}],"inLanguage":"fr-FR"}]}},"_links":{"self":[{"href":"https:\/\/business.roovi.com\/fr\/wp-json\/wp\/v2\/product\/52776","targetHints":{"allow":["GET"]}}],"collection":[{"href":"https:\/\/business.roovi.com\/fr\/wp-json\/wp\/v2\/product"}],"about":[{"href":"https:\/\/business.roovi.com\/fr\/wp-json\/wp\/v2\/types\/product"}],"version-history":[{"count":0,"href":"https:\/\/business.roovi.com\/fr\/wp-json\/wp\/v2\/product\/52776\/revisions"}],"wp:featuredmedia":[{"embeddable":true,"href":"https:\/\/business.roovi.com\/fr\/wp-json\/wp\/v2\/media\/46872"}],"wp:attachment":[{"href":"https:\/\/business.roovi.com\/fr\/wp-json\/wp\/v2\/media?parent=52776"}],"wp:term":[{"taxonomy":"product_brand","embeddable":true,"href":"https:\/\/business.roovi.com\/fr\/wp-json\/wp\/v2\/product_brand?post=52776"},{"taxonomy":"product_cat","embeddable":true,"href":"https:\/\/business.roovi.com\/fr\/wp-json\/wp\/v2\/product_cat?post=52776"},{"taxonomy":"product_tag","embeddable":true,"href":"https:\/\/business.roovi.com\/fr\/wp-json\/wp\/v2\/product_tag?post=52776"}],"curies":[{"name":"wp","href":"https:\/\/api.w.org\/{rel}","templated":true}]}}