{"id":52778,"date":"2018-04-16T10:56:17","date_gmt":"2018-04-16T10:56:17","guid":{"rendered":"https:\/\/business.roovi.com\/puzzle-adulti-1000-piese-peisaje-de-noapte-notre-dame\/p\/"},"modified":"2022-07-13T10:19:30","modified_gmt":"2022-07-13T10:19:30","slug":"puzzle-adulte-1000-pieces-paysages-de-nuit-notre-dame","status":"publish","type":"product","link":"https:\/\/business.roovi.com\/fr\/puzzle-adulte-1000-pieces-paysages-de-nuit-notre-dame\/p\/","title":{"rendered":"Puzzle adulte 1000 pi\u00e8ces Paysages de nuit &#8211; Notre Dame"},"content":{"rendered":"<p><span style=\"font-weight: 400;\">Fascin\u00e9 par les sites touristiques c\u00e9l\u00e8bres ? Tu peux maintenant conserver pour toujours dans un puzzle de 1000 pi\u00e8ces les photos de lieux incroyables que tu as visit\u00e9s ou qui figurent sur ta liste de choses \u00e0 faire avant de mourir.<\/span><\/p>\n<p><span style=\"font-weight: 400;\">Collection de puzzles <\/span><em><span style=\"font-weight: 400;\">Paysages de nuit<\/span><\/em><span style=\"font-weight: 400;\"> capture des images de r\u00eave de vues prises apr\u00e8s la tomb\u00e9e de la nuit. Rassembler un puzzle de 1000 pi\u00e8ces avec un tel th\u00e8me est un moyen de se d\u00e9tendre ainsi que d&rsquo;apprendre \u00e0 conna\u00eetre des lieux magnifiques impr\u00e9gn\u00e9s de centaines d&rsquo;ann\u00e9es d&rsquo;histoire et de symboles.<\/span><\/p>\n<p><span style=\"font-weight: 400;\">Si tu as visit\u00e9 la cath\u00e9drale Notre Dame \u00e0 Paris ou si tu aimerais le faire et que tu n&rsquo;en as pas encore eu l&rsquo;occasion, le puzzle de 1000 pi\u00e8ces Notre Dame te donne l&rsquo;occasion d&rsquo;admirer le magnifique \u00e9difice dans l&rsquo;intimit\u00e9 de ta maison dans un tableau exceptionnel que tu peux assembler toi-m\u00eame.<\/span><\/p>\n<p><span style=\"font-weight: 400;\">Consid\u00e9r\u00e9e comme un symbole de l&rsquo;architecture gothique fran\u00e7aise, la cath\u00e9drale Notre Dame attire des millions de touristes chaque ann\u00e9e. La construction de cet imposant b\u00e2timent a commenc\u00e9 au 12e si\u00e8cle et a dur\u00e9 environ 100 ans. Tout au long de son histoire, il a subi des dommages consid\u00e9rables, mais il est rest\u00e9 debout et continue d&rsquo;attirer des admirateurs du monde entier.<\/span><\/p>\n<p><span style=\"font-weight: 400;\">Le puzzle Notre Dame de 1000 pi\u00e8ces est l&rsquo;occasion parfaite d&rsquo;admirer \u00e0 loisir les d\u00e9tails architecturaux et la splendeur de la cath\u00e9drale. De plus, le puzzle de 1000 pi\u00e8ces peut \u00eatre un objet de d\u00e9coration pour embellir ta maison.<\/span><\/p>\n<p><strong>Pourquoi choisir le puzzle de 1000 pi\u00e8ces Nightscapes &#8211; Notre Dame ?<\/strong><\/p>\n<p><span style=\"font-weight: 400;\">Un puzzle de 1000 pi\u00e8ces est un moyen de se d\u00e9tendre et une occasion de d\u00e9couvrir les symboles de sites c\u00e9l\u00e8bres.<\/span><\/p>\n<p><span style=\"font-weight: 400;\">Tu peux assembler un impressionnant tableau de 68 x 47 cm \u00e0 partir de 1000 pi\u00e8ces de puzzle qui donnera une touche raffin\u00e9e \u00e0 ta maison.<\/span><\/p>\n<p><span style=\"font-weight: 400;\">Les 1000 pi\u00e8ces du puzzle sont fabriqu\u00e9es en carton de haute qualit\u00e9, ce qui les rend r\u00e9sistantes aux multiples assemblages.<\/span><\/p>\n<p><span style=\"font-weight: 400;\">La finition du puzzle est semi-brillante, dans des couleurs agr\u00e9ables qui mettent en valeur la clart\u00e9 de l&rsquo;image.<\/span><\/p>\n<p><span style=\"font-weight: 400;\">Les mat\u00e9riaux utilis\u00e9s pour la production des sets de puzzle sont durables et recyclables.<\/span><\/p>\n<p><span style=\"font-weight: 400;\">Convient aux plus de 14 ans, une occasion de le mettre en place avec tes enfants adolescents.<\/span><\/p>\n<p><span style=\"font-weight: 400;\">Un puzzle de 1000 pi\u00e8ces avec la photo d&rsquo;une attraction touristique est le moment id\u00e9al pour sortir de ton quotidien. De plus, elle te donne des avantages incroyables, tels que :<\/span><\/p>\n<ul>\n<li><span style=\"font-weight: 400;\">Il am\u00e9liore ton attention aux d\u00e9tails et ta m\u00e9moire.<\/span><\/li>\n<li><span style=\"font-weight: 400;\">Aide \u00e0 rester concentr\u00e9 sur une seule t\u00e2che plus longtemps.<\/span><\/li>\n<li><span style=\"font-weight: 400;\">Il entra\u00eene les deux h\u00e9misph\u00e8res de ton cerveau, ce qui en fait un entra\u00eenement c\u00e9r\u00e9bral complet.<\/span><\/li>\n<li><span style=\"font-weight: 400;\">Cela t&rsquo;aide \u00e0 te d\u00e9tendre et te donne une bonne sensation.<\/span><\/li>\n<\/ul>\n<p><strong>Tu savais que&#8230; ?<\/strong><\/p>\n<p><span style=\"font-weight: 400;\">La c\u00e9l\u00e8bre cath\u00e9drale a \u00e9t\u00e9 d\u00e9di\u00e9e \u00e0 la Vierge Marie, c&rsquo;est pourquoi elle est appel\u00e9e <\/span><em><span style=\"font-weight: 400;\">Notre Dame &#8211; Notre Dame<\/span><\/em><span style=\"font-weight: 400;\">.<\/span><\/p>\n<p><span style=\"font-weight: 400;\">La cloche la plus importante de la cath\u00e9drale de Notre Dame s&rsquo;appelle Emmanuel et p\u00e8se plus de 13 tonnes.<\/span><\/p>\n<p><span style=\"font-weight: 400;\">Notre Dame abrite certaines des reliques sacr\u00e9es les plus embl\u00e9matiques du christianisme : la couronne d&rsquo;\u00e9pines de J\u00e9sus, une partie de la croix et un clou sur la croix de J\u00e9sus <\/span><\/p>\n<p><span style=\"font-weight: 400;\">La cath\u00e9drale a \u00e9t\u00e9 sauv\u00e9e de la d\u00e9molition par le livre de Victor Hugo &#8211; <\/span><em><span style=\"font-weight: 400;\">Le bossu de Notre Dame<\/span><\/em><span style=\"font-weight: 400;\">. Le succ\u00e8s du livre a suscit\u00e9 un projet de restauration de 25 ans du monument, qui en 1830 \u00e9tait dans un \u00e9tat de d\u00e9labrement avanc\u00e9.<\/span><\/p>\n<p><span style=\"font-weight: 400;\">La cath\u00e9drale a \u00e9galement \u00e9t\u00e9 une source d&rsquo;inspiration pour Edith Piaf, l&rsquo;une des artistes embl\u00e9matiques de la France, qui vante la beaut\u00e9 et la grandeur de l&rsquo;imposante cath\u00e9drale dans la chanson <\/span><em><span style=\"font-weight: 400;\">Notre-Dame de Paris<\/span><\/em><span style=\"font-weight: 400;\">.<\/span><\/p>\n<p><strong>Notre Dame puzzle 1000 pi\u00e8ces &#8211; sourire et plaisir en famille<\/strong><\/p>\n<p><span style=\"font-weight: 400;\">Tu veux rompre la monotonie des jours o\u00f9 le mauvais temps te retient \u00e0 l&rsquo;int\u00e9rieur ? Organise des moments de r\u00e9flexion avec ta famille ou ton groupe d&rsquo;amis et passe du temps de qualit\u00e9 ensemble <\/span><\/p>\n<p><span style=\"font-weight: 400;\">Con\u00e7ois des strat\u00e9gies innovantes, travaille en \u00e9quipe et partage les t\u00e2ches pour compl\u00e9ter l&rsquo;image du puzzle 1000 pi\u00e8ces de Notre Dame dans le plus court d\u00e9lai possible. C&rsquo;est un excellent moyen de renforcer les relations avec les proches et d&rsquo;apprendre \u00e0 se conna\u00eetre. De plus, le plaisir est garanti, et lorsque tu colleras la derni\u00e8re pi\u00e8ce du puzzle, tu auras le plaisir d&rsquo;atteindre un objectif commun ensemble.<\/span><\/p>\n<p><span style=\"font-weight: 400;\">Alors choisis le puzzle Notre Dame de 1000 pi\u00e8ces pour vivre des moments magiques avec tes proches ou pour affiner tes comp\u00e9tences en mati\u00e8re de puzzle. Tu peux aussi faire plaisir \u00e0 tes amis en leur offrant ce puzzle pour adultes de la collection de puzzles de 1000 pi\u00e8ces <\/span><em><span style=\"font-weight: 400;\">Paysages de nuit.<\/span><\/em><\/p><\/p>\n","protected":false},"excerpt":{"rendered":"<p>Fascin\u00e9 par les sites touristiques c\u00e9l\u00e8bres ? Tu peux maintenant conserver pour toujours dans un puzzle de 1000 pi\u00e8ces les<\/p>\n","protected":false},"featured_media":46885,"template":"","meta":[],"product_brand":[],"product_cat":[2314,2316,2315],"product_tag":[],"class_list":{"0":"post-52778","1":"product","2":"type-product","3":"status-publish","4":"has-post-thumbnail","6":"product_cat-puzzles-fr","7":"product_cat-puzzles-de-1000-pieces","8":"product_cat-puzzles-pour-adultes","9":"pa_bax-10-fr","10":"pa_brand-d_toys-fr","11":"pa_country_of_manufacture-ro-fr","12":"pa_filter_age-14-fr","13":"pa_painter-nightlandscapes-fr","14":"pa_tip_ambalaj-boite","15":"pa_tip_puzzle-classique","17":"first","18":"onbackorder","19":"taxable","20":"shipping-taxable","21":"product-type-simple"},"yoast_head":"<!-- This site is optimized with the Yoast SEO plugin v20.1 - https:\/\/yoast.com\/wordpress\/plugins\/seo\/ -->\n<title>Puzzle adulte 1000 pi\u00e8ces Paysages de nuit - Notre Dame<\/title>\n<meta name=\"description\" content=\"Puzzle adulte 1000 pi\u00e8ces Paysages de nuit - Notre Dame\" \/>\n<meta name=\"robots\" content=\"index, follow, max-snippet:-1, max-image-preview:large, max-video-preview:-1\" \/>\n<link rel=\"canonical\" href=\"https:\/\/business.roovi.com\/fr\/puzzle-adulte-1000-pieces-paysages-de-nuit-notre-dame\/p\/\" \/>\n<meta property=\"og:locale\" content=\"fr_FR\" \/>\n<meta property=\"og:type\" content=\"article\" \/>\n<meta property=\"og:title\" content=\"Puzzle adulte 1000 pi\u00e8ces Paysages de nuit - Notre Dame\" \/>\n<meta property=\"og:description\" content=\"Puzzle adulte 1000 pi\u00e8ces Paysages de nuit - Notre Dame\" \/>\n<meta property=\"og:url\" content=\"https:\/\/business.roovi.com\/fr\/puzzle-adulte-1000-pieces-paysages-de-nuit-notre-dame\/p\/\" \/>\n<meta property=\"og:site_name\" content=\"Roovi B2B\" \/>\n<meta property=\"article:publisher\" content=\"https:\/\/www.facebook.com\/wwwjucariero\" \/>\n<meta property=\"article:modified_time\" content=\"2022-07-13T10:19:30+00:00\" \/>\n<meta property=\"og:image\" content=\"https:\/\/business.roovi.com\/wp-content\/uploads\/2018\/04\/64301-08-ansamblu_dimensiuni-cutie-cm_orizontal.png\" \/>\n\t<meta property=\"og:image:width\" content=\"920\" \/>\n\t<meta property=\"og:image:height\" content=\"920\" \/>\n\t<meta property=\"og:image:type\" content=\"image\/png\" \/>\n<meta name=\"twitter:label1\" content=\"Dur\u00e9e de lecture estim\u00e9e\" \/>\n\t<meta name=\"twitter:data1\" content=\"4 minutes\" \/>\n<script type=\"application\/ld+json\" class=\"yoast-schema-graph\">{\"@context\":\"https:\/\/schema.org\",\"@graph\":[{\"@type\":\"WebPage\",\"@id\":\"https:\/\/business.roovi.com\/fr\/puzzle-adulte-1000-pieces-paysages-de-nuit-notre-dame\/p\/\",\"url\":\"https:\/\/business.roovi.com\/fr\/puzzle-adulte-1000-pieces-paysages-de-nuit-notre-dame\/p\/\",\"name\":\"Puzzle adulte 1000 pi\u00e8ces Paysages de nuit - Notre Dame\",\"isPartOf\":{\"@id\":\"https:\/\/business.roovi.com\/fr\/#website\"},\"datePublished\":\"2018-04-16T10:56:17+00:00\",\"dateModified\":\"2022-07-13T10:19:30+00:00\",\"description\":\"Puzzle adulte 1000 pi\u00e8ces Paysages de nuit - Notre Dame\",\"breadcrumb\":{\"@id\":\"https:\/\/business.roovi.com\/fr\/puzzle-adulte-1000-pieces-paysages-de-nuit-notre-dame\/p\/#breadcrumb\"},\"inLanguage\":\"fr-FR\",\"potentialAction\":[{\"@type\":\"ReadAction\",\"target\":[\"https:\/\/business.roovi.com\/fr\/puzzle-adulte-1000-pieces-paysages-de-nuit-notre-dame\/p\/\"]}]},{\"@type\":\"BreadcrumbList\",\"@id\":\"https:\/\/business.roovi.com\/fr\/puzzle-adulte-1000-pieces-paysages-de-nuit-notre-dame\/p\/#breadcrumb\",\"itemListElement\":[{\"@type\":\"ListItem\",\"position\":1,\"name\":\"Home\",\"item\":\"https:\/\/business.roovi.com\/fr\/\"},{\"@type\":\"ListItem\",\"position\":2,\"name\":\"Boutique\",\"item\":\"https:\/\/business.roovi.com\/fr\/boutique\/\"},{\"@type\":\"ListItem\",\"position\":3,\"name\":\"Puzzle adulte 1000 pi\u00e8ces Paysages de nuit &#8211; Notre Dame\"}]},{\"@type\":\"WebSite\",\"@id\":\"https:\/\/business.roovi.com\/fr\/#website\",\"url\":\"https:\/\/business.roovi.com\/fr\/\",\"name\":\"Roovi B2B\",\"description\":\"Roovi Business Website\",\"potentialAction\":[{\"@type\":\"SearchAction\",\"target\":{\"@type\":\"EntryPoint\",\"urlTemplate\":\"https:\/\/business.roovi.com\/fr\/?s={search_term_string}\"},\"query-input\":\"required name=search_term_string\"}],\"inLanguage\":\"fr-FR\"}]}<\/script>\n<!-- \/ Yoast SEO plugin. -->","yoast_head_json":{"title":"Puzzle adulte 1000 pi\u00e8ces Paysages de nuit - Notre Dame","description":"Puzzle adulte 1000 pi\u00e8ces Paysages de nuit - Notre Dame","robots":{"index":"index","follow":"follow","max-snippet":"max-snippet:-1","max-image-preview":"max-image-preview:large","max-video-preview":"max-video-preview:-1"},"canonical":"https:\/\/business.roovi.com\/fr\/puzzle-adulte-1000-pieces-paysages-de-nuit-notre-dame\/p\/","og_locale":"fr_FR","og_type":"article","og_title":"Puzzle adulte 1000 pi\u00e8ces Paysages de nuit - Notre Dame","og_description":"Puzzle adulte 1000 pi\u00e8ces Paysages de nuit - Notre Dame","og_url":"https:\/\/business.roovi.com\/fr\/puzzle-adulte-1000-pieces-paysages-de-nuit-notre-dame\/p\/","og_site_name":"Roovi B2B","article_publisher":"https:\/\/www.facebook.com\/wwwjucariero","article_modified_time":"2022-07-13T10:19:30+00:00","og_image":[{"width":920,"height":920,"url":"https:\/\/business.roovi.com\/wp-content\/uploads\/2018\/04\/64301-08-ansamblu_dimensiuni-cutie-cm_orizontal.png","type":"image\/png"}],"twitter_misc":{"Dur\u00e9e de lecture estim\u00e9e":"4 minutes"},"schema":{"@context":"https:\/\/schema.org","@graph":[{"@type":"WebPage","@id":"https:\/\/business.roovi.com\/fr\/puzzle-adulte-1000-pieces-paysages-de-nuit-notre-dame\/p\/","url":"https:\/\/business.roovi.com\/fr\/puzzle-adulte-1000-pieces-paysages-de-nuit-notre-dame\/p\/","name":"Puzzle adulte 1000 pi\u00e8ces Paysages de nuit - Notre Dame","isPartOf":{"@id":"https:\/\/business.roovi.com\/fr\/#website"},"datePublished":"2018-04-16T10:56:17+00:00","dateModified":"2022-07-13T10:19:30+00:00","description":"Puzzle adulte 1000 pi\u00e8ces Paysages de nuit - Notre Dame","breadcrumb":{"@id":"https:\/\/business.roovi.com\/fr\/puzzle-adulte-1000-pieces-paysages-de-nuit-notre-dame\/p\/#breadcrumb"},"inLanguage":"fr-FR","potentialAction":[{"@type":"ReadAction","target":["https:\/\/business.roovi.com\/fr\/puzzle-adulte-1000-pieces-paysages-de-nuit-notre-dame\/p\/"]}]},{"@type":"BreadcrumbList","@id":"https:\/\/business.roovi.com\/fr\/puzzle-adulte-1000-pieces-paysages-de-nuit-notre-dame\/p\/#breadcrumb","itemListElement":[{"@type":"ListItem","position":1,"name":"Home","item":"https:\/\/business.roovi.com\/fr\/"},{"@type":"ListItem","position":2,"name":"Boutique","item":"https:\/\/business.roovi.com\/fr\/boutique\/"},{"@type":"ListItem","position":3,"name":"Puzzle adulte 1000 pi\u00e8ces Paysages de nuit &#8211; Notre Dame"}]},{"@type":"WebSite","@id":"https:\/\/business.roovi.com\/fr\/#website","url":"https:\/\/business.roovi.com\/fr\/","name":"Roovi B2B","description":"Roovi Business Website","potentialAction":[{"@type":"SearchAction","target":{"@type":"EntryPoint","urlTemplate":"https:\/\/business.roovi.com\/fr\/?s={search_term_string}"},"query-input":"required name=search_term_string"}],"inLanguage":"fr-FR"}]}},"_links":{"self":[{"href":"https:\/\/business.roovi.com\/fr\/wp-json\/wp\/v2\/product\/52778","targetHints":{"allow":["GET"]}}],"collection":[{"href":"https:\/\/business.roovi.com\/fr\/wp-json\/wp\/v2\/product"}],"about":[{"href":"https:\/\/business.roovi.com\/fr\/wp-json\/wp\/v2\/types\/product"}],"version-history":[{"count":0,"href":"https:\/\/business.roovi.com\/fr\/wp-json\/wp\/v2\/product\/52778\/revisions"}],"wp:featuredmedia":[{"embeddable":true,"href":"https:\/\/business.roovi.com\/fr\/wp-json\/wp\/v2\/media\/46885"}],"wp:attachment":[{"href":"https:\/\/business.roovi.com\/fr\/wp-json\/wp\/v2\/media?parent=52778"}],"wp:term":[{"taxonomy":"product_brand","embeddable":true,"href":"https:\/\/business.roovi.com\/fr\/wp-json\/wp\/v2\/product_brand?post=52778"},{"taxonomy":"product_cat","embeddable":true,"href":"https:\/\/business.roovi.com\/fr\/wp-json\/wp\/v2\/product_cat?post=52778"},{"taxonomy":"product_tag","embeddable":true,"href":"https:\/\/business.roovi.com\/fr\/wp-json\/wp\/v2\/product_tag?post=52778"}],"curies":[{"name":"wp","href":"https:\/\/api.w.org\/{rel}","templated":true}]}}