{"id":52780,"date":"2018-04-16T10:56:17","date_gmt":"2018-04-16T10:56:17","guid":{"rendered":"https:\/\/business.roovi.com\/puzzle-adulti-1000-piese-peisaje-de-noapte-praga\/p\/"},"modified":"2022-07-13T10:19:30","modified_gmt":"2022-07-13T10:19:30","slug":"puzzle-adulte-de-1000-pieces-paysages-de-nuit-prague","status":"publish","type":"product","link":"https:\/\/business.roovi.com\/fr\/puzzle-adulte-de-1000-pieces-paysages-de-nuit-prague\/p\/","title":{"rendered":"Puzzle adulte de 1000 pi\u00e8ces Paysages de nuit &#8211; Prague"},"content":{"rendered":"<p><span style=\"font-weight: 400;\">Tu es passionn\u00e9 par les voyages et les jeux de r\u00e9flexion ? C&rsquo;est maintenant l&rsquo;occasion de construire tes propres magnifiques tableaux de sites c\u00e9l\u00e8bres, captur\u00e9s le soir, \u00e0 partir de 1000 pi\u00e8ces de puzzle.<\/span><\/p>\n<p><span style=\"font-weight: 400;\">Le Pont Charles est l&rsquo;une des images embl\u00e9matiques de la capitale tch\u00e8que, Prague. Le soir, la vue sur le pont qui relie la vieille ville au ch\u00e2teau de Prague est particuli\u00e8re. Puzzle de Prague de 1000 pi\u00e8ces de la collection <\/span><em><span style=\"font-weight: 400;\">Paysages de nuit<\/span><\/em><span style=\"font-weight: 400;\"> reproduit cette image \u00e9tonnante qui ravira les yeux de tout amateur de voyages.  <\/span><\/p>\n<p><span style=\"font-weight: 400;\">Le Pont Charles traverse la rivi\u00e8re Vltava \u00e0 Prague et a \u00e9t\u00e9 construit \u00e0 partir de 1357 par ordre de Charles IV. Il s&rsquo;appelait \u00e0 l&rsquo;origine <\/span><em><span style=\"font-weight: 400;\">Pont de pierre<\/span><\/em><span style=\"font-weight: 400;\"> et n&rsquo;a pris le nom de Carol qu&rsquo;en 1870 <\/span><\/p>\n<p><span style=\"font-weight: 400;\">Le pont est un aimant pour les touristes du monde entier. Il offre une vue impressionnante sur le Ch\u00e2teau de Prague et la rivi\u00e8re Vltava, et est un lieu de promenade et de photos inoubliables <\/span><\/p>\n<p><span style=\"font-weight: 400;\">Nous t&rsquo;invitons donc \u00e0 faire un tour imaginaire sur le c\u00e9l\u00e8bre Pont Charles gr\u00e2ce au jeu de puzzle de 1000 pi\u00e8ces de Prague. Tu peux utiliser une table basse standard pour l&rsquo;assemblage. La peinture reconstitu\u00e9e mesure 68 x 47 cm. Mets-le dans le cadre et regarde de plus pr\u00e8s un lieu de r\u00eave plein d&rsquo;histoire et de symboles.<\/span><\/p>\n<p><strong>Pourquoi choisir le puzzle 1000 pi\u00e8ces Nightscapes &#8211; Prague ?<\/strong><\/p>\n<p><span style=\"font-weight: 400;\">Un puzzle de 1000 pi\u00e8ces est un moyen de se d\u00e9tendre et une occasion de d\u00e9couvrir des sites c\u00e9l\u00e8bres.<\/span><\/p>\n<p><span style=\"font-weight: 400;\">Tu obtiens une belle photo pour d\u00e9corer ta maison.<\/span><\/p>\n<p><span style=\"font-weight: 400;\">Les 1000 pi\u00e8ces du puzzle sont fabriqu\u00e9es en carton bleu de haute qualit\u00e9 qui s&#8217;embo\u00eeteront parfaitement m\u00eame si tu assembles l&rsquo;image plusieurs fois.<\/span><\/p>\n<p><span style=\"font-weight: 400;\">Les finitions des puzzles sont semi-brillantes, dans des couleurs agr\u00e9ables qui mettent en valeur la clart\u00e9 de l&rsquo;image.<\/span><\/p>\n<p><span style=\"font-weight: 400;\">Les mat\u00e9riaux utilis\u00e9s pour la production des jeux de puzzle sont durables et recyclables.<\/span><\/p>\n<p><span style=\"font-weight: 400;\">Convient aux personnes de plus de 14 ans, c&rsquo;est donc l&rsquo;occasion de le mettre en place avec tes enfants adolescents.<\/span><\/p>\n<p><span style=\"font-weight: 400;\">Les jeux de puzzle sont un moyen incroyable de d\u00e9velopper des comp\u00e9tences telles que :<\/span><\/p>\n<ul>\n<li><span style=\"font-weight: 400;\">Patience<\/span><\/li>\n<li><span style=\"font-weight: 400;\">M\u00e9moire<\/span><\/li>\n<li><span style=\"font-weight: 400;\">Pens\u00e9e logique<\/span><\/li>\n<li><span style=\"font-weight: 400;\">L&rsquo;attention au d\u00e9tail<\/span><\/li>\n<li><span style=\"font-weight: 400;\">Pers\u00e9v\u00e9rance<\/span><\/li>\n<li><span style=\"font-weight: 400;\">Capacit\u00e9 \u00e0 se concentrer.<\/span><\/li>\n<\/ul>\n<p><strong>Tu savais que&#8230; ?<\/strong><\/p>\n<p><span style=\"font-weight: 400;\">Le pont Charles de Prague est long de 516 m\u00e8tres et poss\u00e8de 3 tours. Parmi elles, la tour de la vieille ville est consid\u00e9r\u00e9e comme la plus belle tour de pont d&rsquo;Europe.<\/span><\/p>\n<p><span style=\"font-weight: 400;\">Sur la balustrade du pont, tu peux admirer 30 sculptures et groupes sculpturaux qui ont \u00e9t\u00e9 plac\u00e9s au fil du temps, \u00e0 partir de 1683. La plupart se sont d\u00e9t\u00e9rior\u00e9es avec le temps et ont \u00e9t\u00e9 progressivement remplac\u00e9es par des r\u00e9pliques similaires..  <\/span><\/p>\n<p><span style=\"font-weight: 400;\">Selon les l\u00e9gendes urbaines, ce pont est hant\u00e9 par de nombreux fant\u00f4mes.<\/span><\/p>\n<p><span style=\"font-weight: 400;\">Pendant longtemps, le pont a \u00e9t\u00e9 une importante liaison de transport, \u00e0 une \u00e9poque m\u00eame un tramway passait dessus.<\/span><\/p>\n<p><strong>Puzzle de Prague de 1000 pi\u00e8ces &#8211; moments pr\u00e9cieux avec les proches<\/strong><\/p>\n<p><span style=\"font-weight: 400;\">Il fait mauvais temps et tu ne peux pas sortir ? Le puzzle de Prague de 1000 pi\u00e8ces de la collection Paysages de nuit donne un sens \u00e0 ton temps libre. Passe quelques heures amusantes et relaxantes en compagnie de ta famille ou d&rsquo;amis chers.<\/span><\/p>\n<p><span style=\"font-weight: 400;\">Applique des strat\u00e9gies in\u00e9dites, organise le travail d&rsquo;assemblage en \u00e9quipe et commence \u00e0 cr\u00e9er une image fabuleuse. Vous \u00eates tous comme de vrais d\u00e9tectives \u00e0 la recherche d&rsquo;indices pour vous aider \u00e0 r\u00e9soudre le myst\u00e8re du fascinant Pont Charles \u00e0 Prague. Avec cet \u00e9tonnant jeu de puzzle, tu vis de belles \u00e9motions et tu renforces ta relation avec l&rsquo;autre.<\/span><\/p>\n<p><span style=\"font-weight: 400;\">Que tu veuilles rompre la monotonie et divertir tes proches en leur faisant vivre une exp\u00e9rience amusante, ou que tu aimes prendre quelques heures de repos et occuper ton temps de mani\u00e8re cr\u00e9ative, le puzzle de Prague de 1000 pi\u00e8ces est le bon choix.<\/span><\/p><\/p>\n","protected":false},"excerpt":{"rendered":"<p>Tu es passionn\u00e9 par les voyages et les jeux de r\u00e9flexion ? C&rsquo;est maintenant l&rsquo;occasion de construire tes propres magnifiques<\/p>\n","protected":false},"featured_media":46894,"template":"","meta":[],"product_brand":[],"product_cat":[2314,2316,2315],"product_tag":[],"class_list":{"0":"post-52780","1":"product","2":"type-product","3":"status-publish","4":"has-post-thumbnail","6":"product_cat-puzzles-fr","7":"product_cat-puzzles-de-1000-pieces","8":"product_cat-puzzles-pour-adultes","9":"pa_bax-10-fr","10":"pa_brand-d_toys-fr","11":"pa_country_of_manufacture-ro-fr","12":"pa_filter_age-14-fr","13":"pa_painter-nightlandscapes-fr","14":"pa_tip_ambalaj-boite","15":"pa_tip_puzzle-classique","17":"first","18":"instock","19":"taxable","20":"shipping-taxable","21":"product-type-simple"},"yoast_head":"<!-- This site is optimized with the Yoast SEO plugin v20.1 - https:\/\/yoast.com\/wordpress\/plugins\/seo\/ -->\n<title>Puzzle adulte de 1000 pi\u00e8ces Paysages de nuit - Prague<\/title>\n<meta name=\"description\" content=\"Puzzle adulte de 1000 pi\u00e8ces Paysages de nuit - Prague\" \/>\n<meta name=\"robots\" content=\"index, follow, max-snippet:-1, max-image-preview:large, max-video-preview:-1\" \/>\n<link rel=\"canonical\" href=\"https:\/\/business.roovi.com\/fr\/puzzle-adulte-de-1000-pieces-paysages-de-nuit-prague\/p\/\" \/>\n<meta property=\"og:locale\" content=\"fr_FR\" \/>\n<meta property=\"og:type\" content=\"article\" \/>\n<meta property=\"og:title\" content=\"Puzzle adulte de 1000 pi\u00e8ces Paysages de nuit - Prague\" \/>\n<meta property=\"og:description\" content=\"Puzzle adulte de 1000 pi\u00e8ces Paysages de nuit - Prague\" \/>\n<meta property=\"og:url\" content=\"https:\/\/business.roovi.com\/fr\/puzzle-adulte-de-1000-pieces-paysages-de-nuit-prague\/p\/\" \/>\n<meta property=\"og:site_name\" content=\"Roovi B2B\" \/>\n<meta property=\"article:publisher\" content=\"https:\/\/www.facebook.com\/wwwjucariero\" \/>\n<meta property=\"article:modified_time\" content=\"2022-07-13T10:19:30+00:00\" \/>\n<meta property=\"og:image\" content=\"https:\/\/business.roovi.com\/wp-content\/uploads\/2018\/04\/64301-09-ansamblu_dimensiuni-cutie-cm_orizontal.png\" \/>\n\t<meta property=\"og:image:width\" content=\"900\" \/>\n\t<meta property=\"og:image:height\" content=\"900\" \/>\n\t<meta property=\"og:image:type\" content=\"image\/png\" \/>\n<meta name=\"twitter:label1\" content=\"Dur\u00e9e de lecture estim\u00e9e\" \/>\n\t<meta name=\"twitter:data1\" content=\"3 minutes\" \/>\n<script type=\"application\/ld+json\" class=\"yoast-schema-graph\">{\"@context\":\"https:\/\/schema.org\",\"@graph\":[{\"@type\":\"WebPage\",\"@id\":\"https:\/\/business.roovi.com\/fr\/puzzle-adulte-de-1000-pieces-paysages-de-nuit-prague\/p\/\",\"url\":\"https:\/\/business.roovi.com\/fr\/puzzle-adulte-de-1000-pieces-paysages-de-nuit-prague\/p\/\",\"name\":\"Puzzle adulte de 1000 pi\u00e8ces Paysages de nuit - Prague\",\"isPartOf\":{\"@id\":\"https:\/\/business.roovi.com\/fr\/#website\"},\"datePublished\":\"2018-04-16T10:56:17+00:00\",\"dateModified\":\"2022-07-13T10:19:30+00:00\",\"description\":\"Puzzle adulte de 1000 pi\u00e8ces Paysages de nuit - Prague\",\"breadcrumb\":{\"@id\":\"https:\/\/business.roovi.com\/fr\/puzzle-adulte-de-1000-pieces-paysages-de-nuit-prague\/p\/#breadcrumb\"},\"inLanguage\":\"fr-FR\",\"potentialAction\":[{\"@type\":\"ReadAction\",\"target\":[\"https:\/\/business.roovi.com\/fr\/puzzle-adulte-de-1000-pieces-paysages-de-nuit-prague\/p\/\"]}]},{\"@type\":\"BreadcrumbList\",\"@id\":\"https:\/\/business.roovi.com\/fr\/puzzle-adulte-de-1000-pieces-paysages-de-nuit-prague\/p\/#breadcrumb\",\"itemListElement\":[{\"@type\":\"ListItem\",\"position\":1,\"name\":\"Home\",\"item\":\"https:\/\/business.roovi.com\/fr\/\"},{\"@type\":\"ListItem\",\"position\":2,\"name\":\"Boutique\",\"item\":\"https:\/\/business.roovi.com\/fr\/boutique\/\"},{\"@type\":\"ListItem\",\"position\":3,\"name\":\"Puzzle adulte de 1000 pi\u00e8ces Paysages de nuit &#8211; Prague\"}]},{\"@type\":\"WebSite\",\"@id\":\"https:\/\/business.roovi.com\/fr\/#website\",\"url\":\"https:\/\/business.roovi.com\/fr\/\",\"name\":\"Roovi B2B\",\"description\":\"Roovi Business Website\",\"potentialAction\":[{\"@type\":\"SearchAction\",\"target\":{\"@type\":\"EntryPoint\",\"urlTemplate\":\"https:\/\/business.roovi.com\/fr\/?s={search_term_string}\"},\"query-input\":\"required name=search_term_string\"}],\"inLanguage\":\"fr-FR\"}]}<\/script>\n<!-- \/ Yoast SEO plugin. -->","yoast_head_json":{"title":"Puzzle adulte de 1000 pi\u00e8ces Paysages de nuit - Prague","description":"Puzzle adulte de 1000 pi\u00e8ces Paysages de nuit - Prague","robots":{"index":"index","follow":"follow","max-snippet":"max-snippet:-1","max-image-preview":"max-image-preview:large","max-video-preview":"max-video-preview:-1"},"canonical":"https:\/\/business.roovi.com\/fr\/puzzle-adulte-de-1000-pieces-paysages-de-nuit-prague\/p\/","og_locale":"fr_FR","og_type":"article","og_title":"Puzzle adulte de 1000 pi\u00e8ces Paysages de nuit - Prague","og_description":"Puzzle adulte de 1000 pi\u00e8ces Paysages de nuit - Prague","og_url":"https:\/\/business.roovi.com\/fr\/puzzle-adulte-de-1000-pieces-paysages-de-nuit-prague\/p\/","og_site_name":"Roovi B2B","article_publisher":"https:\/\/www.facebook.com\/wwwjucariero","article_modified_time":"2022-07-13T10:19:30+00:00","og_image":[{"width":900,"height":900,"url":"https:\/\/business.roovi.com\/wp-content\/uploads\/2018\/04\/64301-09-ansamblu_dimensiuni-cutie-cm_orizontal.png","type":"image\/png"}],"twitter_misc":{"Dur\u00e9e de lecture estim\u00e9e":"3 minutes"},"schema":{"@context":"https:\/\/schema.org","@graph":[{"@type":"WebPage","@id":"https:\/\/business.roovi.com\/fr\/puzzle-adulte-de-1000-pieces-paysages-de-nuit-prague\/p\/","url":"https:\/\/business.roovi.com\/fr\/puzzle-adulte-de-1000-pieces-paysages-de-nuit-prague\/p\/","name":"Puzzle adulte de 1000 pi\u00e8ces Paysages de nuit - Prague","isPartOf":{"@id":"https:\/\/business.roovi.com\/fr\/#website"},"datePublished":"2018-04-16T10:56:17+00:00","dateModified":"2022-07-13T10:19:30+00:00","description":"Puzzle adulte de 1000 pi\u00e8ces Paysages de nuit - Prague","breadcrumb":{"@id":"https:\/\/business.roovi.com\/fr\/puzzle-adulte-de-1000-pieces-paysages-de-nuit-prague\/p\/#breadcrumb"},"inLanguage":"fr-FR","potentialAction":[{"@type":"ReadAction","target":["https:\/\/business.roovi.com\/fr\/puzzle-adulte-de-1000-pieces-paysages-de-nuit-prague\/p\/"]}]},{"@type":"BreadcrumbList","@id":"https:\/\/business.roovi.com\/fr\/puzzle-adulte-de-1000-pieces-paysages-de-nuit-prague\/p\/#breadcrumb","itemListElement":[{"@type":"ListItem","position":1,"name":"Home","item":"https:\/\/business.roovi.com\/fr\/"},{"@type":"ListItem","position":2,"name":"Boutique","item":"https:\/\/business.roovi.com\/fr\/boutique\/"},{"@type":"ListItem","position":3,"name":"Puzzle adulte de 1000 pi\u00e8ces Paysages de nuit &#8211; Prague"}]},{"@type":"WebSite","@id":"https:\/\/business.roovi.com\/fr\/#website","url":"https:\/\/business.roovi.com\/fr\/","name":"Roovi B2B","description":"Roovi Business Website","potentialAction":[{"@type":"SearchAction","target":{"@type":"EntryPoint","urlTemplate":"https:\/\/business.roovi.com\/fr\/?s={search_term_string}"},"query-input":"required name=search_term_string"}],"inLanguage":"fr-FR"}]}},"_links":{"self":[{"href":"https:\/\/business.roovi.com\/fr\/wp-json\/wp\/v2\/product\/52780","targetHints":{"allow":["GET"]}}],"collection":[{"href":"https:\/\/business.roovi.com\/fr\/wp-json\/wp\/v2\/product"}],"about":[{"href":"https:\/\/business.roovi.com\/fr\/wp-json\/wp\/v2\/types\/product"}],"version-history":[{"count":0,"href":"https:\/\/business.roovi.com\/fr\/wp-json\/wp\/v2\/product\/52780\/revisions"}],"wp:featuredmedia":[{"embeddable":true,"href":"https:\/\/business.roovi.com\/fr\/wp-json\/wp\/v2\/media\/46894"}],"wp:attachment":[{"href":"https:\/\/business.roovi.com\/fr\/wp-json\/wp\/v2\/media?parent=52780"}],"wp:term":[{"taxonomy":"product_brand","embeddable":true,"href":"https:\/\/business.roovi.com\/fr\/wp-json\/wp\/v2\/product_brand?post=52780"},{"taxonomy":"product_cat","embeddable":true,"href":"https:\/\/business.roovi.com\/fr\/wp-json\/wp\/v2\/product_cat?post=52780"},{"taxonomy":"product_tag","embeddable":true,"href":"https:\/\/business.roovi.com\/fr\/wp-json\/wp\/v2\/product_tag?post=52780"}],"curies":[{"name":"wp","href":"https:\/\/api.w.org\/{rel}","templated":true}]}}