{"id":52788,"date":"2018-04-16T10:56:17","date_gmt":"2018-04-16T10:56:17","guid":{"rendered":"https:\/\/business.roovi.com\/puzzle-adulti-1000-piese-locuri-celebre-castelul-neuschwanstein\/p\/"},"modified":"2022-07-13T10:19:36","modified_gmt":"2022-07-13T10:19:36","slug":"puzzle-adulte-1000-pieces-lieux-celebres-chateau-de-neuschwanstein","status":"publish","type":"product","link":"https:\/\/business.roovi.com\/fr\/puzzle-adulte-1000-pieces-lieux-celebres-chateau-de-neuschwanstein\/p\/","title":{"rendered":"Puzzle adulte 1000 pi\u00e8ces &#8211; Lieux c\u00e9l\u00e8bres &#8211; Ch\u00e2teau de Neuschwanstein"},"content":{"rendered":"<p><strong><em>La gamme de puzzles pour adultes Famous Places 1000 pi\u00e8ces te met au d\u00e9fi de d\u00e9couvrir des attractions de r\u00eave aux quatre coins du monde.<\/em><\/strong><\/p>\n<p><span style=\"font-weight: 400;\">La collection de puzzles pour adultes Famous Places ne pouvait pas \u00eatre sans l&rsquo;image du ch\u00e2teau de conte de f\u00e9es des merveilleux films de Disney : le ch\u00e2teau <\/span><span style=\"font-weight: 400;\">Le ch\u00e2teau de Neuschwanstein <\/span><span style=\"font-weight: 400;\">Avec son architecture exquise de style Renaissance romane, situ\u00e9e dans un site naturel spectaculaire, il n&rsquo;est pas surprenant que l&rsquo;on puisse dire que <\/span><span style=\"font-weight: 400;\">Neuschwanstein<\/span><span style=\"font-weight: 400;\"> est souvent appel\u00e9 le plus beau ch\u00e2teau du monde.<\/span><\/p>\n<p><span style=\"font-weight: 400;\">En 1866, suite \u00e0 l&rsquo;expansion de la Prusse en Bavi\u00e8re, le roi Ludwig II ne devait rester souverain que de nom. Cette profonde d\u00e9ception a incit\u00e9 le roi \u00e0 planifier son propre royaume sous forme de palais et de ch\u00e2teaux o\u00f9 il pourrait vraiment r\u00e9gner <\/span><\/p>\n<p><span style=\"font-weight: 400;\">L&#8217;emplacement choisi pour le ch\u00e2teau <\/span><span style=\"font-weight: 400;\">Neuschwanstein<\/span><span style=\"font-weight: 400;\"> n&rsquo;\u00e9tait pas un accident. \u00c0 proximit\u00e9 de <\/span><span style=\"font-weight: 400;\">Hohenschwangau,<\/span><span style=\"font-weight: 400;\"> le roi avait pass\u00e9 ses ann\u00e9es d&rsquo;enfance. D&rsquo;ici, il pouvait voir son grand r\u00eave d&rsquo;un ch\u00e2teau de conte de f\u00e9es prendre forme.<\/span><\/p>\n<p><span style=\"font-weight: 400;\">Avec le puzzle ch\u00e2teau de 1000 pi\u00e8ces <\/span><span style=\"font-weight: 400;\">Ch\u00e2teau de Neuschwanstein, d\u00e9couvre les d\u00e9tails impressionnants et l&rsquo;architecture spectaculaire de ce c\u00e9l\u00e8bre ch\u00e2teau bavarois. Mets les pi\u00e8ces les unes apr\u00e8s les autres et \u00e9merveille-toi devant un chef-d&rsquo;\u0153uvre.  <\/span><\/p>\n<p><strong>Pourquoi choisir un puzzle de 1000 pi\u00e8ces de la collection Famous Places ?<\/strong><strong>?<\/strong><\/p>\n<p><span style=\"font-weight: 400;\">Tu as la possibilit\u00e9 de d\u00e9couvrir de mani\u00e8re d\u00e9tendue certains des lieux touristiques les plus sp\u00e9ciaux, appr\u00e9ci\u00e9s dans le monde entier.<\/span><\/p>\n<p><span style=\"font-weight: 400;\">Tu cr\u00e9es de tes propres mains un tableau de 68 x 47 cm que tu admireras pendant longtemps.<\/span><\/p>\n<p><span style=\"font-weight: 400;\">Tu peux exposer ce tableau dans ta pi\u00e8ce pr\u00e9f\u00e9r\u00e9e pour lui donner un aspect unique.<\/span><\/p>\n<p><span style=\"font-weight: 400;\">Chaque puzzle de 1000 pi\u00e8ces est fabriqu\u00e9 en carton de haute qualit\u00e9, ce qui rend les pi\u00e8ces durables m\u00eame apr\u00e8s plusieurs utilisations.<\/span><\/p>\n<p><span style=\"font-weight: 400;\">Il est respectueux de la nature, fabriqu\u00e9 \u00e0 partir de mat\u00e9riaux durables et recyclables.<\/span><\/p>\n<p><span style=\"font-weight: 400;\">Il a une finition semi-brillante et des couleurs agr\u00e9ables qui font ressortir la beaut\u00e9 de l&rsquo;image.<\/span><\/p>\n<p><span style=\"font-weight: 400;\">Il est adapt\u00e9 aux personnes de plus de 14 ans, une excellente raison de passer du temps de qualit\u00e9 avec les adolescents.<\/span><\/p>\n<p><span style=\"font-weight: 400;\">Ce jeu de puzzle met ton intellect au d\u00e9fi et constitue un excellent entra\u00eenement mental <\/span><\/p>\n<p><span style=\"font-weight: 400;\">Elle entretient la coordination, la mobilit\u00e9 fine et la dext\u00e9rit\u00e9 <\/span><\/p>\n<p><span style=\"font-weight: 400;\">Il aide \u00e0 am\u00e9liorer l&rsquo;humeur et te donne la satisfaction d&rsquo;atteindre un objectif sp\u00e9cifique.<\/span><\/p>\n<p><strong>Savais-tu que..<\/strong><\/p>\n<p><span style=\"font-weight: 400;\">Le nom du ch\u00e2teau vient de Lohengrin, le \u00ab\u00a0chevalier au cygne\u00a0\u00bb, auquel Louis II se serait identifi\u00e9. Lohengrin est \u00e9galement le protagoniste de certains des op\u00e9ras du compositeur Richard Wagner, que le roi appr\u00e9ciait beaucoup et pour lequel il a construit ce ch\u00e2teau.<\/span><\/p>\n<p><span style=\"font-weight: 400;\">Le roi souhaitait que ce chef-d&rsquo;\u0153uvre architectural ait le design des ch\u00e2teaux de contes de f\u00e9es qu&rsquo;il avait vus dans son enfance, et que l&rsquo;int\u00e9rieur int\u00e8gre toute la technologie d\u00e9couverte jusqu&rsquo;\u00e0 cette \u00e9poque. Ainsi, le ch\u00e2teau <\/span><span style=\"font-weight: 400;\">Neuschwanstein<\/span><span style=\"font-weight: 400;\"> avait l&rsquo;\u00e9lectricit\u00e9, le t\u00e9l\u00e9phone et un syst\u00e8me de chauffage innovant.<\/span><\/p>\n<p><strong>Puzzle ch\u00e2teau de 1000 pi\u00e8ces <\/strong><strong>Neuschwanstein ralentit le rythme rapide de la vie<\/strong><\/p>\n<p><span style=\"font-weight: 400;\">Comme tout amateur de puzzles, tu as besoin de temps pour rassembler tes pens\u00e9es et te d\u00e9tendre longuement devant une image de conte de f\u00e9es. Avec le puzzle de 1000 pi\u00e8ces <\/span><span style=\"font-weight: 400;\">Ch\u00e2teau <\/span><span style=\"font-weight: 400;\">Au ch\u00e2teau de Neuschwanstein, tu fais une pause dans l&rsquo;agitation de la vie quotidienne et tu savoures chaque moment du pr\u00e9sent \u00e0 un rythme lent. De plus, tu as la possibilit\u00e9 de :<\/span><\/p>\n<p><span style=\"font-weight: 400;\">Sois moins stress\u00e9.<\/span><\/p>\n<p><span style=\"font-weight: 400;\">Repose-toi mieux.<\/span><\/p>\n<p><span style=\"font-weight: 400;\">Restaure l&rsquo;\u00e9quilibre int\u00e9rieur.<\/span><\/p>\n<p><span style=\"font-weight: 400;\">G\u00e8re mieux l&rsquo;anxi\u00e9t\u00e9.<\/span><\/p>\n<p><span style=\"font-weight: 400;\">Sois l&rsquo;architecte qui construit le merveilleux ch\u00e2teau en puzzle de 1000 pi\u00e8ces <\/span><span style=\"font-weight: 400;\">Neuschwanstein ! Alors choisis ce jeu de puzzle \u00e9tonnant pour toi ou pour l&rsquo;offrir \u00e0 tes amis qui aiment les jeux de puzzle pour adultes <\/span><\/p><\/p>\n","protected":false},"excerpt":{"rendered":"<p>La gamme de puzzles pour adultes Famous Places 1000 pi\u00e8ces te met au d\u00e9fi de d\u00e9couvrir des attractions de r\u00eave<\/p>\n","protected":false},"featured_media":46905,"template":"","meta":[],"product_brand":[],"product_cat":[2314,2316,2315],"product_tag":[],"class_list":{"0":"post-52788","1":"product","2":"type-product","3":"status-publish","4":"has-post-thumbnail","6":"product_cat-puzzles-fr","7":"product_cat-puzzles-de-1000-pieces","8":"product_cat-puzzles-pour-adultes","9":"pa_bax-10-fr","10":"pa_brand-d_toys-fr","11":"pa_country_of_manufacture-ro-fr","12":"pa_filter_age-14-fr","13":"pa_painter-lieux-celebres","14":"pa_tip_ambalaj-boite","15":"pa_tip_puzzle-classique","17":"first","18":"instock","19":"taxable","20":"shipping-taxable","21":"product-type-simple"},"yoast_head":"<!-- This site is optimized with the Yoast SEO plugin v20.1 - https:\/\/yoast.com\/wordpress\/plugins\/seo\/ -->\n<title>Puzzle adulte 1000 pi\u00e8ces - Lieux c\u00e9l\u00e8bres - Ch\u00e2teau de Neuschwanstein<\/title>\n<meta name=\"description\" content=\"Puzzle adulte 1000 pi\u00e8ces - Lieux c\u00e9l\u00e8bres - Ch\u00e2teau de Neuschwanstein\" \/>\n<meta name=\"robots\" content=\"index, follow, max-snippet:-1, max-image-preview:large, max-video-preview:-1\" \/>\n<link rel=\"canonical\" href=\"https:\/\/business.roovi.com\/fr\/puzzle-adulte-1000-pieces-lieux-celebres-chateau-de-neuschwanstein\/p\/\" \/>\n<meta property=\"og:locale\" content=\"fr_FR\" \/>\n<meta property=\"og:type\" content=\"article\" \/>\n<meta property=\"og:title\" content=\"Puzzle adulte 1000 pi\u00e8ces - Lieux c\u00e9l\u00e8bres - Ch\u00e2teau de Neuschwanstein\" \/>\n<meta property=\"og:description\" content=\"Puzzle adulte 1000 pi\u00e8ces - Lieux c\u00e9l\u00e8bres - Ch\u00e2teau de Neuschwanstein\" \/>\n<meta property=\"og:url\" content=\"https:\/\/business.roovi.com\/fr\/puzzle-adulte-1000-pieces-lieux-celebres-chateau-de-neuschwanstein\/p\/\" \/>\n<meta property=\"og:site_name\" content=\"Roovi B2B\" \/>\n<meta property=\"article:publisher\" content=\"https:\/\/www.facebook.com\/wwwjucariero\" \/>\n<meta property=\"article:modified_time\" content=\"2022-07-13T10:19:36+00:00\" \/>\n<meta property=\"og:image\" content=\"https:\/\/business.roovi.com\/wp-content\/uploads\/2018\/04\/64288-02_ansamblu_dimensiuni_cutie_cm_orizontal.png\" \/>\n\t<meta property=\"og:image:width\" content=\"2000\" \/>\n\t<meta property=\"og:image:height\" content=\"2000\" \/>\n\t<meta property=\"og:image:type\" content=\"image\/png\" \/>\n<meta name=\"twitter:label1\" content=\"Dur\u00e9e de lecture estim\u00e9e\" \/>\n\t<meta name=\"twitter:data1\" content=\"3 minutes\" \/>\n<script type=\"application\/ld+json\" class=\"yoast-schema-graph\">{\"@context\":\"https:\/\/schema.org\",\"@graph\":[{\"@type\":\"WebPage\",\"@id\":\"https:\/\/business.roovi.com\/fr\/puzzle-adulte-1000-pieces-lieux-celebres-chateau-de-neuschwanstein\/p\/\",\"url\":\"https:\/\/business.roovi.com\/fr\/puzzle-adulte-1000-pieces-lieux-celebres-chateau-de-neuschwanstein\/p\/\",\"name\":\"Puzzle adulte 1000 pi\u00e8ces - Lieux c\u00e9l\u00e8bres - Ch\u00e2teau de Neuschwanstein\",\"isPartOf\":{\"@id\":\"https:\/\/business.roovi.com\/fr\/#website\"},\"datePublished\":\"2018-04-16T10:56:17+00:00\",\"dateModified\":\"2022-07-13T10:19:36+00:00\",\"description\":\"Puzzle adulte 1000 pi\u00e8ces - Lieux c\u00e9l\u00e8bres - Ch\u00e2teau de Neuschwanstein\",\"breadcrumb\":{\"@id\":\"https:\/\/business.roovi.com\/fr\/puzzle-adulte-1000-pieces-lieux-celebres-chateau-de-neuschwanstein\/p\/#breadcrumb\"},\"inLanguage\":\"fr-FR\",\"potentialAction\":[{\"@type\":\"ReadAction\",\"target\":[\"https:\/\/business.roovi.com\/fr\/puzzle-adulte-1000-pieces-lieux-celebres-chateau-de-neuschwanstein\/p\/\"]}]},{\"@type\":\"BreadcrumbList\",\"@id\":\"https:\/\/business.roovi.com\/fr\/puzzle-adulte-1000-pieces-lieux-celebres-chateau-de-neuschwanstein\/p\/#breadcrumb\",\"itemListElement\":[{\"@type\":\"ListItem\",\"position\":1,\"name\":\"Home\",\"item\":\"https:\/\/business.roovi.com\/fr\/\"},{\"@type\":\"ListItem\",\"position\":2,\"name\":\"Boutique\",\"item\":\"https:\/\/business.roovi.com\/fr\/boutique\/\"},{\"@type\":\"ListItem\",\"position\":3,\"name\":\"Puzzle adulte 1000 pi\u00e8ces &#8211; Lieux c\u00e9l\u00e8bres &#8211; Ch\u00e2teau de Neuschwanstein\"}]},{\"@type\":\"WebSite\",\"@id\":\"https:\/\/business.roovi.com\/fr\/#website\",\"url\":\"https:\/\/business.roovi.com\/fr\/\",\"name\":\"Roovi B2B\",\"description\":\"Roovi Business Website\",\"potentialAction\":[{\"@type\":\"SearchAction\",\"target\":{\"@type\":\"EntryPoint\",\"urlTemplate\":\"https:\/\/business.roovi.com\/fr\/?s={search_term_string}\"},\"query-input\":\"required name=search_term_string\"}],\"inLanguage\":\"fr-FR\"}]}<\/script>\n<!-- \/ Yoast SEO plugin. -->","yoast_head_json":{"title":"Puzzle adulte 1000 pi\u00e8ces - Lieux c\u00e9l\u00e8bres - Ch\u00e2teau de Neuschwanstein","description":"Puzzle adulte 1000 pi\u00e8ces - Lieux c\u00e9l\u00e8bres - Ch\u00e2teau de Neuschwanstein","robots":{"index":"index","follow":"follow","max-snippet":"max-snippet:-1","max-image-preview":"max-image-preview:large","max-video-preview":"max-video-preview:-1"},"canonical":"https:\/\/business.roovi.com\/fr\/puzzle-adulte-1000-pieces-lieux-celebres-chateau-de-neuschwanstein\/p\/","og_locale":"fr_FR","og_type":"article","og_title":"Puzzle adulte 1000 pi\u00e8ces - Lieux c\u00e9l\u00e8bres - Ch\u00e2teau de Neuschwanstein","og_description":"Puzzle adulte 1000 pi\u00e8ces - Lieux c\u00e9l\u00e8bres - Ch\u00e2teau de Neuschwanstein","og_url":"https:\/\/business.roovi.com\/fr\/puzzle-adulte-1000-pieces-lieux-celebres-chateau-de-neuschwanstein\/p\/","og_site_name":"Roovi B2B","article_publisher":"https:\/\/www.facebook.com\/wwwjucariero","article_modified_time":"2022-07-13T10:19:36+00:00","og_image":[{"width":2000,"height":2000,"url":"https:\/\/business.roovi.com\/wp-content\/uploads\/2018\/04\/64288-02_ansamblu_dimensiuni_cutie_cm_orizontal.png","type":"image\/png"}],"twitter_misc":{"Dur\u00e9e de lecture estim\u00e9e":"3 minutes"},"schema":{"@context":"https:\/\/schema.org","@graph":[{"@type":"WebPage","@id":"https:\/\/business.roovi.com\/fr\/puzzle-adulte-1000-pieces-lieux-celebres-chateau-de-neuschwanstein\/p\/","url":"https:\/\/business.roovi.com\/fr\/puzzle-adulte-1000-pieces-lieux-celebres-chateau-de-neuschwanstein\/p\/","name":"Puzzle adulte 1000 pi\u00e8ces - Lieux c\u00e9l\u00e8bres - Ch\u00e2teau de Neuschwanstein","isPartOf":{"@id":"https:\/\/business.roovi.com\/fr\/#website"},"datePublished":"2018-04-16T10:56:17+00:00","dateModified":"2022-07-13T10:19:36+00:00","description":"Puzzle adulte 1000 pi\u00e8ces - Lieux c\u00e9l\u00e8bres - Ch\u00e2teau de Neuschwanstein","breadcrumb":{"@id":"https:\/\/business.roovi.com\/fr\/puzzle-adulte-1000-pieces-lieux-celebres-chateau-de-neuschwanstein\/p\/#breadcrumb"},"inLanguage":"fr-FR","potentialAction":[{"@type":"ReadAction","target":["https:\/\/business.roovi.com\/fr\/puzzle-adulte-1000-pieces-lieux-celebres-chateau-de-neuschwanstein\/p\/"]}]},{"@type":"BreadcrumbList","@id":"https:\/\/business.roovi.com\/fr\/puzzle-adulte-1000-pieces-lieux-celebres-chateau-de-neuschwanstein\/p\/#breadcrumb","itemListElement":[{"@type":"ListItem","position":1,"name":"Home","item":"https:\/\/business.roovi.com\/fr\/"},{"@type":"ListItem","position":2,"name":"Boutique","item":"https:\/\/business.roovi.com\/fr\/boutique\/"},{"@type":"ListItem","position":3,"name":"Puzzle adulte 1000 pi\u00e8ces &#8211; Lieux c\u00e9l\u00e8bres &#8211; Ch\u00e2teau de Neuschwanstein"}]},{"@type":"WebSite","@id":"https:\/\/business.roovi.com\/fr\/#website","url":"https:\/\/business.roovi.com\/fr\/","name":"Roovi B2B","description":"Roovi Business Website","potentialAction":[{"@type":"SearchAction","target":{"@type":"EntryPoint","urlTemplate":"https:\/\/business.roovi.com\/fr\/?s={search_term_string}"},"query-input":"required name=search_term_string"}],"inLanguage":"fr-FR"}]}},"_links":{"self":[{"href":"https:\/\/business.roovi.com\/fr\/wp-json\/wp\/v2\/product\/52788","targetHints":{"allow":["GET"]}}],"collection":[{"href":"https:\/\/business.roovi.com\/fr\/wp-json\/wp\/v2\/product"}],"about":[{"href":"https:\/\/business.roovi.com\/fr\/wp-json\/wp\/v2\/types\/product"}],"version-history":[{"count":0,"href":"https:\/\/business.roovi.com\/fr\/wp-json\/wp\/v2\/product\/52788\/revisions"}],"wp:featuredmedia":[{"embeddable":true,"href":"https:\/\/business.roovi.com\/fr\/wp-json\/wp\/v2\/media\/46905"}],"wp:attachment":[{"href":"https:\/\/business.roovi.com\/fr\/wp-json\/wp\/v2\/media?parent=52788"}],"wp:term":[{"taxonomy":"product_brand","embeddable":true,"href":"https:\/\/business.roovi.com\/fr\/wp-json\/wp\/v2\/product_brand?post=52788"},{"taxonomy":"product_cat","embeddable":true,"href":"https:\/\/business.roovi.com\/fr\/wp-json\/wp\/v2\/product_cat?post=52788"},{"taxonomy":"product_tag","embeddable":true,"href":"https:\/\/business.roovi.com\/fr\/wp-json\/wp\/v2\/product_tag?post=52788"}],"curies":[{"name":"wp","href":"https:\/\/api.w.org\/{rel}","templated":true}]}}