{"id":52795,"date":"2018-04-16T10:56:17","date_gmt":"2018-04-16T10:56:17","guid":{"rendered":"https:\/\/business.roovi.com\/super-puzzle-copii-24-piese-basme-scufita-rosie\/p\/"},"modified":"2022-07-13T10:19:39","modified_gmt":"2022-07-13T10:19:39","slug":"puzzle-du-petit-chaperon-rouge-puzzle-pour-enfants-24-pieces","status":"publish","type":"product","link":"https:\/\/business.roovi.com\/fr\/puzzle-du-petit-chaperon-rouge-puzzle-pour-enfants-24-pieces\/p\/","title":{"rendered":"Puzzle du Petit Chaperon Rouge &#8211; Puzzle pour enfants, 24 pi\u00e8ces"},"content":{"rendered":"<p><span style=\"font-weight: 400;\">Donne \u00e0 ton enfant la possibilit\u00e9 d&rsquo;explorer par le jeu et fais-lui d\u00e9couvrir le monde fascinant des contes de Grimm sous la forme d&rsquo;un puzzle pour enfants. Ils d\u00e9couvriront des paysages idylliques, des illustrations color\u00e9es et dr\u00f4les, ainsi que des personnages joyeux que les petits aimeront instantan\u00e9ment <\/span><\/p>\n<p><span style=\"font-weight: 400;\">D\u00e9couvre l&rsquo;un des contes de f\u00e9es les plus appr\u00e9ci\u00e9s de l&rsquo;enfance, le Petit Chaperon rouge, sous la forme d&rsquo;un puzzle aux illustrations color\u00e9es et aux grandes pi\u00e8ces, adapt\u00e9 m\u00eame aux plus jeunes enfants qui ne font qu&rsquo;exercer leur motricit\u00e9 fine <\/span><\/p>\n<p><span style=\"font-weight: 400;\">Un puzzle pour enfants illustrant des sc\u00e8nes de contes de f\u00e9es est plus qu&rsquo;un simple jeu. Cela peut \u00eatre l&rsquo;occasion parfaite de discuter des traits humains, des \u00e9motions, des r\u00e9actions appropri\u00e9es dans diff\u00e9rentes situations, tout en compl\u00e9tant l&rsquo;image finale pi\u00e8ce par pi\u00e8ce <\/span><\/p>\n<p><span style=\"font-weight: 400;\">De plus, un jeu de r\u00e9flexion est un moyen tr\u00e8s agr\u00e9able de se d\u00e9connecter des activit\u00e9s quotidiennes et de passer du temps de qualit\u00e9 avec tes petits. Cherche les pi\u00e8ces ensemble, associe-les pour compl\u00e9ter l&rsquo;image, amuse-toi et sois vraiment pr\u00e9sent dans le jeu de tes petits.<\/span><\/p>\n<p><span style=\"font-weight: 400;\">Choisis pour ton enfant un puzzle avec une histoire douce, un jeu pour accompagner le Petit Chaperon Rouge \u00e0 travers la for\u00eat jusqu&rsquo;au chalet de grand-m\u00e8re.<\/span><\/p>\n<h2><span style=\"font-weight: 400;\">Pourquoi choisir un puzzle pour enfants Super Fairytale ?<\/span><\/h2>\n<ul>\n<li><span style=\"font-weight: 400;\">Aide les enfants \u00e0 d\u00e9velopper leur cr\u00e9ativit\u00e9.<\/span><\/li>\n<li><span style=\"font-weight: 400;\">Ce jeu de puzzle est un bon entra\u00eeneur de m\u00e9moire.<\/span><\/li>\n<li><span style=\"font-weight: 400;\">C&rsquo;est une fa\u00e7on amusante de se rappeler des sc\u00e8nes de contes de f\u00e9es classiques ou de se familiariser avec eux.<\/span><\/li>\n<li><span style=\"font-weight: 400;\">Il aide \u00e0 d\u00e9velopper des comp\u00e9tences en faisant correspondre chaque pi\u00e8ce.<\/span><\/li>\n<li><span style=\"font-weight: 400;\">Il entra\u00eene les capacit\u00e9s motrices et la coordination main-\u0153il.<\/span><\/li>\n<li><span style=\"font-weight: 400;\">Stimule et favorise la concentration et l&rsquo;attention au jeu.<\/span><\/li>\n<li><span style=\"font-weight: 400;\">C&rsquo;est relaxant et d\u00e9connectant.<\/span><\/li>\n<li><span style=\"font-weight: 400;\">D\u00e9veloppe la coordination sensorielle et l&rsquo;orientation.<\/span><\/li>\n<li><span style=\"font-weight: 400;\">Poss\u00e8de de grandes pi\u00e8ces adapt\u00e9es aux petites mains.<\/span><\/li>\n<li><span style=\"font-weight: 400;\">Il pr\u00e9sente plus d&rsquo;avantages qu&rsquo;un jeu num\u00e9rique et offre aux petits une d\u00e9tente active qui les \u00e9loigne des \u00e9crans.<\/span><\/li>\n<\/ul>\n<h2><span style=\"font-weight: 400;\">D\u00e9couvre un puzzle super simple adapt\u00e9 aux d\u00e9butants<\/span><\/h2>\n<p><span style=\"font-weight: 400;\">Chaque puzzle est fabriqu\u00e9 \u00e0 partir d&rsquo;un carton \u00e9pais de haute qualit\u00e9 pour pouvoir \u00eatre utilis\u00e9 encore et encore sans que les pi\u00e8ces se cassent ou perdent leur forme <\/span><\/p>\n<p><span style=\"font-weight: 400;\">Les images aux couleurs vives repr\u00e9sentent les personnages bien-aim\u00e9s des contes de f\u00e9es classiques pour enfants, avec des graphiques cr\u00e9\u00e9s avec soin et des illustrations mignonnes et gaies que les petits adorent.<\/span><\/p>\n<p><span style=\"font-weight: 400;\">Les 24 pi\u00e8ces sont de taille et de forme telles que les jeunes enfants peuvent facilement les saisir et les positionner, et l&rsquo;image finale est de taille g\u00e9n\u00e9reuse, ce qui donne un puzzle de 42 x 28,8 cm.<\/span><\/p>\n<p><span style=\"font-weight: 400;\">Les enfants adorent construire des choses et ils vont certainement adorer reconstituer les histoires ador\u00e9es pi\u00e8ce par pi\u00e8ce !<\/span><\/p>\n<p><span style=\"font-weight: 400;\">Si tu cherches un jeu \u00e0 la fois cr\u00e9atif, actif, engageant et amusant, choisis un puzzle pour enfants avec des illustrations de contes de f\u00e9es.  <\/span><\/p><\/p>\n","protected":false},"excerpt":{"rendered":"<p>Donne \u00e0 ton enfant la possibilit\u00e9 d&rsquo;explorer par le jeu et fais-lui d\u00e9couvrir le monde fascinant des contes de Grimm<\/p>\n","protected":false},"featured_media":46916,"template":"","meta":[],"product_brand":[],"product_cat":[2314,2368,2340],"product_tag":[],"class_list":{"0":"post-52795","1":"product","2":"type-product","3":"status-publish","4":"has-post-thumbnail","6":"product_cat-puzzles-fr","7":"product_cat-puzzles-de-moins-de-50-pieces","8":"product_cat-puzzles-pour-enfants","9":"pa_bax-10-fr","10":"pa_brand-d_toys-fr","11":"pa_filter_age-3_5-fr","12":"pa_filter_age-5_7-fr","13":"pa_tip_ambalaj-boite","14":"pa_tip_puzzle-classique","16":"first","17":"instock","18":"taxable","19":"shipping-taxable","20":"product-type-simple"},"yoast_head":"<!-- This site is optimized with the Yoast SEO plugin v20.1 - https:\/\/yoast.com\/wordpress\/plugins\/seo\/ -->\n<title>Puzzle du Petit Chaperon Rouge - Puzzle pour enfants, 24 pi\u00e8ces<\/title>\n<meta name=\"description\" content=\"Puzzle du Petit Chaperon Rouge - Puzzle pour enfants, 24 pi\u00e8ces\" \/>\n<meta name=\"robots\" content=\"index, follow, max-snippet:-1, max-image-preview:large, max-video-preview:-1\" \/>\n<link rel=\"canonical\" href=\"https:\/\/business.roovi.com\/fr\/puzzle-du-petit-chaperon-rouge-puzzle-pour-enfants-24-pieces\/p\/\" \/>\n<meta property=\"og:locale\" content=\"fr_FR\" \/>\n<meta property=\"og:type\" content=\"article\" \/>\n<meta property=\"og:title\" content=\"Puzzle du Petit Chaperon Rouge - Puzzle pour enfants, 24 pi\u00e8ces\" \/>\n<meta property=\"og:description\" content=\"Puzzle du Petit Chaperon Rouge - Puzzle pour enfants, 24 pi\u00e8ces\" \/>\n<meta property=\"og:url\" content=\"https:\/\/business.roovi.com\/fr\/puzzle-du-petit-chaperon-rouge-puzzle-pour-enfants-24-pieces\/p\/\" \/>\n<meta property=\"og:site_name\" content=\"Roovi B2B\" \/>\n<meta property=\"article:publisher\" content=\"https:\/\/www.facebook.com\/wwwjucariero\" \/>\n<meta property=\"article:modified_time\" content=\"2022-07-13T10:19:39+00:00\" \/>\n<meta property=\"og:image\" content=\"https:\/\/business.roovi.com\/wp-content\/uploads\/2018\/04\/60372_02.jpg\" \/>\n\t<meta property=\"og:image:width\" content=\"1200\" \/>\n\t<meta property=\"og:image:height\" content=\"1200\" \/>\n\t<meta property=\"og:image:type\" content=\"image\/jpeg\" \/>\n<meta name=\"twitter:label1\" content=\"Dur\u00e9e de lecture estim\u00e9e\" \/>\n\t<meta name=\"twitter:data1\" content=\"3 minutes\" \/>\n<script type=\"application\/ld+json\" class=\"yoast-schema-graph\">{\"@context\":\"https:\/\/schema.org\",\"@graph\":[{\"@type\":\"WebPage\",\"@id\":\"https:\/\/business.roovi.com\/fr\/puzzle-du-petit-chaperon-rouge-puzzle-pour-enfants-24-pieces\/p\/\",\"url\":\"https:\/\/business.roovi.com\/fr\/puzzle-du-petit-chaperon-rouge-puzzle-pour-enfants-24-pieces\/p\/\",\"name\":\"Puzzle du Petit Chaperon Rouge - Puzzle pour enfants, 24 pi\u00e8ces\",\"isPartOf\":{\"@id\":\"https:\/\/business.roovi.com\/fr\/#website\"},\"datePublished\":\"2018-04-16T10:56:17+00:00\",\"dateModified\":\"2022-07-13T10:19:39+00:00\",\"description\":\"Puzzle du Petit Chaperon Rouge - Puzzle pour enfants, 24 pi\u00e8ces\",\"breadcrumb\":{\"@id\":\"https:\/\/business.roovi.com\/fr\/puzzle-du-petit-chaperon-rouge-puzzle-pour-enfants-24-pieces\/p\/#breadcrumb\"},\"inLanguage\":\"fr-FR\",\"potentialAction\":[{\"@type\":\"ReadAction\",\"target\":[\"https:\/\/business.roovi.com\/fr\/puzzle-du-petit-chaperon-rouge-puzzle-pour-enfants-24-pieces\/p\/\"]}]},{\"@type\":\"BreadcrumbList\",\"@id\":\"https:\/\/business.roovi.com\/fr\/puzzle-du-petit-chaperon-rouge-puzzle-pour-enfants-24-pieces\/p\/#breadcrumb\",\"itemListElement\":[{\"@type\":\"ListItem\",\"position\":1,\"name\":\"Home\",\"item\":\"https:\/\/business.roovi.com\/fr\/\"},{\"@type\":\"ListItem\",\"position\":2,\"name\":\"Boutique\",\"item\":\"https:\/\/business.roovi.com\/fr\/boutique\/\"},{\"@type\":\"ListItem\",\"position\":3,\"name\":\"Puzzle du Petit Chaperon Rouge &#8211; Puzzle pour enfants, 24 pi\u00e8ces\"}]},{\"@type\":\"WebSite\",\"@id\":\"https:\/\/business.roovi.com\/fr\/#website\",\"url\":\"https:\/\/business.roovi.com\/fr\/\",\"name\":\"Roovi B2B\",\"description\":\"Roovi Business Website\",\"potentialAction\":[{\"@type\":\"SearchAction\",\"target\":{\"@type\":\"EntryPoint\",\"urlTemplate\":\"https:\/\/business.roovi.com\/fr\/?s={search_term_string}\"},\"query-input\":\"required name=search_term_string\"}],\"inLanguage\":\"fr-FR\"}]}<\/script>\n<!-- \/ Yoast SEO plugin. -->","yoast_head_json":{"title":"Puzzle du Petit Chaperon Rouge - Puzzle pour enfants, 24 pi\u00e8ces","description":"Puzzle du Petit Chaperon Rouge - Puzzle pour enfants, 24 pi\u00e8ces","robots":{"index":"index","follow":"follow","max-snippet":"max-snippet:-1","max-image-preview":"max-image-preview:large","max-video-preview":"max-video-preview:-1"},"canonical":"https:\/\/business.roovi.com\/fr\/puzzle-du-petit-chaperon-rouge-puzzle-pour-enfants-24-pieces\/p\/","og_locale":"fr_FR","og_type":"article","og_title":"Puzzle du Petit Chaperon Rouge - Puzzle pour enfants, 24 pi\u00e8ces","og_description":"Puzzle du Petit Chaperon Rouge - Puzzle pour enfants, 24 pi\u00e8ces","og_url":"https:\/\/business.roovi.com\/fr\/puzzle-du-petit-chaperon-rouge-puzzle-pour-enfants-24-pieces\/p\/","og_site_name":"Roovi B2B","article_publisher":"https:\/\/www.facebook.com\/wwwjucariero","article_modified_time":"2022-07-13T10:19:39+00:00","og_image":[{"width":1200,"height":1200,"url":"https:\/\/business.roovi.com\/wp-content\/uploads\/2018\/04\/60372_02.jpg","type":"image\/jpeg"}],"twitter_misc":{"Dur\u00e9e de lecture estim\u00e9e":"3 minutes"},"schema":{"@context":"https:\/\/schema.org","@graph":[{"@type":"WebPage","@id":"https:\/\/business.roovi.com\/fr\/puzzle-du-petit-chaperon-rouge-puzzle-pour-enfants-24-pieces\/p\/","url":"https:\/\/business.roovi.com\/fr\/puzzle-du-petit-chaperon-rouge-puzzle-pour-enfants-24-pieces\/p\/","name":"Puzzle du Petit Chaperon Rouge - Puzzle pour enfants, 24 pi\u00e8ces","isPartOf":{"@id":"https:\/\/business.roovi.com\/fr\/#website"},"datePublished":"2018-04-16T10:56:17+00:00","dateModified":"2022-07-13T10:19:39+00:00","description":"Puzzle du Petit Chaperon Rouge - Puzzle pour enfants, 24 pi\u00e8ces","breadcrumb":{"@id":"https:\/\/business.roovi.com\/fr\/puzzle-du-petit-chaperon-rouge-puzzle-pour-enfants-24-pieces\/p\/#breadcrumb"},"inLanguage":"fr-FR","potentialAction":[{"@type":"ReadAction","target":["https:\/\/business.roovi.com\/fr\/puzzle-du-petit-chaperon-rouge-puzzle-pour-enfants-24-pieces\/p\/"]}]},{"@type":"BreadcrumbList","@id":"https:\/\/business.roovi.com\/fr\/puzzle-du-petit-chaperon-rouge-puzzle-pour-enfants-24-pieces\/p\/#breadcrumb","itemListElement":[{"@type":"ListItem","position":1,"name":"Home","item":"https:\/\/business.roovi.com\/fr\/"},{"@type":"ListItem","position":2,"name":"Boutique","item":"https:\/\/business.roovi.com\/fr\/boutique\/"},{"@type":"ListItem","position":3,"name":"Puzzle du Petit Chaperon Rouge &#8211; Puzzle pour enfants, 24 pi\u00e8ces"}]},{"@type":"WebSite","@id":"https:\/\/business.roovi.com\/fr\/#website","url":"https:\/\/business.roovi.com\/fr\/","name":"Roovi B2B","description":"Roovi Business Website","potentialAction":[{"@type":"SearchAction","target":{"@type":"EntryPoint","urlTemplate":"https:\/\/business.roovi.com\/fr\/?s={search_term_string}"},"query-input":"required name=search_term_string"}],"inLanguage":"fr-FR"}]}},"_links":{"self":[{"href":"https:\/\/business.roovi.com\/fr\/wp-json\/wp\/v2\/product\/52795","targetHints":{"allow":["GET"]}}],"collection":[{"href":"https:\/\/business.roovi.com\/fr\/wp-json\/wp\/v2\/product"}],"about":[{"href":"https:\/\/business.roovi.com\/fr\/wp-json\/wp\/v2\/types\/product"}],"version-history":[{"count":0,"href":"https:\/\/business.roovi.com\/fr\/wp-json\/wp\/v2\/product\/52795\/revisions"}],"wp:featuredmedia":[{"embeddable":true,"href":"https:\/\/business.roovi.com\/fr\/wp-json\/wp\/v2\/media\/46916"}],"wp:attachment":[{"href":"https:\/\/business.roovi.com\/fr\/wp-json\/wp\/v2\/media?parent=52795"}],"wp:term":[{"taxonomy":"product_brand","embeddable":true,"href":"https:\/\/business.roovi.com\/fr\/wp-json\/wp\/v2\/product_brand?post=52795"},{"taxonomy":"product_cat","embeddable":true,"href":"https:\/\/business.roovi.com\/fr\/wp-json\/wp\/v2\/product_cat?post=52795"},{"taxonomy":"product_tag","embeddable":true,"href":"https:\/\/business.roovi.com\/fr\/wp-json\/wp\/v2\/product_tag?post=52795"}],"curies":[{"name":"wp","href":"https:\/\/api.w.org\/{rel}","templated":true}]}}