{"id":52797,"date":"2018-04-16T10:56:17","date_gmt":"2018-04-16T10:56:17","guid":{"rendered":"https:\/\/business.roovi.com\/puzzle-adulti-1000-piese-locuri-celebre-amsterdam\/p\/"},"modified":"2022-07-13T10:19:41","modified_gmt":"2022-07-13T10:19:41","slug":"puzzle-adulte-1000-pieces-lieux-celebres-amsterdam","status":"publish","type":"product","link":"https:\/\/business.roovi.com\/fr\/puzzle-adulte-1000-pieces-lieux-celebres-amsterdam\/p\/","title":{"rendered":"Puzzle adulte 1000 pi\u00e8ces &#8211; Lieux c\u00e9l\u00e8bres &#8211; Amsterdam"},"content":{"rendered":"<p><strong><em>Les jeux de r\u00e9flexion sont-ils une aventure exploratoire pour ton esprit ? D\u00e9couvre la gamme de puzzles 1000 pi\u00e8ces Famous Places et fais le tour de nombreux sites embl\u00e9matiques du monde entier.<\/em><\/strong><\/p>\n<p><span style=\"font-weight: 400;\">Le puzzle de 1000 pi\u00e8ces Amsterdam repr\u00e9sente un point de rep\u00e8re embl\u00e9matique de la capitale n\u00e9erlandaise : la r\u00e9plique d&rsquo;un navire des Indes orientales du 18e si\u00e8cle.<\/span><\/p>\n<p><span style=\"font-weight: 400;\">Utilis\u00e9 comme navire marchand, l&rsquo;Amsterdam a commenc\u00e9 son voyage en 1749. \u00c0 peine 9 mois plus tard, il a \u00e9t\u00e9 d\u00e9truit dans une temp\u00eate en mer du Nord. Une r\u00e9plique du navire, construite entre 1985 et 1990, peut \u00eatre admir\u00e9e au Mus\u00e9e maritime d&rsquo;Amsterdam.<\/span><\/p>\n<p><span style=\"font-weight: 400;\">Imagine que tu es l&rsquo;architecte de cet impressionnant navire que tu cr\u00e9es \u00e0 partir de 1000 pi\u00e8ces de puzzle. Puis tu contemples avec nostalgie un chef-d&rsquo;\u0153uvre majestueux qui te fait remonter le temps \u00e0 une \u00e9poque o\u00f9 le transport de marchandises prenait des mois et o\u00f9 les navires n&rsquo;arrivaient pas toujours sains et saufs \u00e0 destination.<\/span><\/p>\n<p><strong>Pourquoi choisir le puzzle de 1000 pi\u00e8ces Amsterdam de la collection de puzzles Lieux c\u00e9l\u00e8bres ?<\/strong><\/p>\n<p><span style=\"font-weight: 400;\">C&rsquo;est une fa\u00e7on relaxante de d\u00e9couvrir l&rsquo;un des sites les plus particuliers d&rsquo;Amsterdam.<\/span><\/p>\n<p><span style=\"font-weight: 400;\">Tu cr\u00e9es de tes propres mains une image fascinante de 68 x 47 cm pour d\u00e9corer ta maison.<\/span><\/p>\n<p><span style=\"font-weight: 400;\">Chaque puzzle de 1000 pi\u00e8ces est fabriqu\u00e9 en carton de haute qualit\u00e9, ce qui rend les pi\u00e8ces durables m\u00eame apr\u00e8s plusieurs utilisations.<\/span><\/p>\n<p><span style=\"font-weight: 400;\">Il est respectueux de la nature, fabriqu\u00e9 \u00e0 partir de mat\u00e9riaux durables et recyclables.<\/span><\/p>\n<p><span style=\"font-weight: 400;\">Il a une finition semi-brillante et des couleurs agr\u00e9ables qui font ressortir la clart\u00e9 de l&rsquo;image.<\/span><\/p>\n<p><span style=\"font-weight: 400;\">Il convient aux personnes de plus de 14 ans, tu peux donc d\u00e9fier la cr\u00e9ativit\u00e9 des adolescents avec un super jeu de r\u00e9flexion.<\/span><\/p>\n<p><span style=\"font-weight: 400;\">Ce jeu de puzzle met ton intellect au d\u00e9fi et constitue un excellent entra\u00eenement mental <\/span><\/p>\n<p><span style=\"font-weight: 400;\">Il t&rsquo;aide \u00e0 maintenir ta coordination et ta capacit\u00e9 \u00e0 te concentrer pendant longtemps <\/span><\/p>\n<p><span style=\"font-weight: 400;\">Cela aide \u00e0 am\u00e9liorer ton humeur et te donne la satisfaction d&rsquo;atteindre un objectif pr\u00e9cis.<\/span><\/p>\n<p><strong>Tu savais que&#8230; ?<\/strong><\/p>\n<p><span style=\"font-weight: 400;\">Le navire Amsterdam a \u00e9t\u00e9 construit en ch\u00eane.<\/span><\/p>\n<p><span style=\"font-weight: 400;\">En 1969, l&rsquo;\u00e9pave du navire a \u00e9t\u00e9 d\u00e9couverte dans la r\u00e9gion de l&rsquo;\u00eele de la R\u00e9union <\/span><span style=\"font-weight: 400;\">La baie de Bulverhythe au Royaume-Uni et est parfois visible \u00e0 mar\u00e9e basse.<\/span><\/p>\n<p><span style=\"font-weight: 400;\">Le navire transportait une cargaison et des coffres de pi\u00e8ces d&rsquo;argent qui vaudraient aujourd&rsquo;hui plusieurs millions d&rsquo;euros.<\/span><\/p>\n<p><span style=\"font-weight: 400;\">Il y a environ 400 mus\u00e9es et galeries d&rsquo;art \u00e0 Amsterdam. Parmi elles, il y en a d&rsquo;inhabituelles, comme le Mus\u00e9e du Sexe, du Haschisch et de la Torture.<\/span><\/p>\n<p><strong>Puzzle Amsterdam 1000 pi\u00e8ces pour un esprit d\u00e9tendu et exerc\u00e9<\/strong><span style=\"font-weight: 400;\"> <\/span><\/p>\n<p><span style=\"font-weight: 400;\">Lorsque tu assembles un puzzle de 1000 pi\u00e8ces, ton esprit est extr\u00eamement concentr\u00e9 sur un objectif pr\u00e9cis et veille \u00e0 ne manquer aucun d\u00e9tail, aussi petit soit-il. Au fur et \u00e0 mesure que l&rsquo;image du puzzle de 1000 pi\u00e8ces prend forme, tu es de plus en plus motiv\u00e9e pour accomplir la t\u00e2che. En m\u00eame temps, tu te d\u00e9tends et tu te d\u00e9taches de tous les probl\u00e8mes quotidiens.<\/span><\/p>\n<p><span style=\"font-weight: 400;\">Alors quand tu colles la derni\u00e8re pi\u00e8ce du puzzle qui compl\u00e8te le tableau, tu ressens un incroyable sentiment de satisfaction et tu veux revivre l&rsquo;exp\u00e9rience encore et encore. Avec chaque jeu de puzzle que tu assembles, ton cerveau est plus entra\u00een\u00e9 et ta m\u00e9moire plus aiguis\u00e9e.<\/span><\/p>\n<p><span style=\"font-weight: 400;\">Le puzzle Amsterdam de 1000 pi\u00e8ces de la collection de puzzles pour adultes &#8211; Lieux c\u00e9l\u00e8bres peut aussi \u00eatre l&rsquo;occasion de passer ton temps libre de fa\u00e7on cr\u00e9ative avec ta famille et tes amis. Quelle que soit la version que tu pr\u00e9f\u00e8res, le puzzle Amsterdam de 1000 pi\u00e8ces est le jeu de puzzle parfait qui ne devrait pas manquer dans ta maison.<\/span><\/p><\/p>\n","protected":false},"excerpt":{"rendered":"<p>Les jeux de r\u00e9flexion sont-ils une aventure exploratoire pour ton esprit ? D\u00e9couvre la gamme de puzzles 1000 pi\u00e8ces Famous<\/p>\n","protected":false},"featured_media":46925,"template":"","meta":[],"product_brand":[],"product_cat":[2314,2315,2316],"product_tag":[],"class_list":{"0":"post-52797","1":"product","2":"type-product","3":"status-publish","4":"has-post-thumbnail","6":"product_cat-puzzles-fr","7":"product_cat-puzzles-pour-adultes","8":"product_cat-puzzles-de-1000-pieces","9":"pa_bax-10-fr","10":"pa_brand-d_toys-fr","11":"pa_country_of_manufacture-ro-fr","12":"pa_filter_age-14-fr","13":"pa_painter-lieux-celebres","14":"pa_tip_ambalaj-boite","15":"pa_tip_puzzle-classique","17":"first","18":"instock","19":"taxable","20":"shipping-taxable","21":"product-type-simple"},"yoast_head":"<!-- This site is optimized with the Yoast SEO plugin v20.1 - https:\/\/yoast.com\/wordpress\/plugins\/seo\/ -->\n<title>Puzzle adulte 1000 pi\u00e8ces - Lieux c\u00e9l\u00e8bres - Amsterdam<\/title>\n<meta name=\"description\" content=\"Puzzle adulte 1000 pi\u00e8ces - Lieux c\u00e9l\u00e8bres - Amsterdam\" \/>\n<meta name=\"robots\" content=\"index, follow, max-snippet:-1, max-image-preview:large, max-video-preview:-1\" \/>\n<link rel=\"canonical\" href=\"https:\/\/business.roovi.com\/fr\/puzzle-adulte-1000-pieces-lieux-celebres-amsterdam\/p\/\" \/>\n<meta property=\"og:locale\" content=\"fr_FR\" \/>\n<meta property=\"og:type\" content=\"article\" \/>\n<meta property=\"og:title\" content=\"Puzzle adulte 1000 pi\u00e8ces - Lieux c\u00e9l\u00e8bres - Amsterdam\" \/>\n<meta property=\"og:description\" content=\"Puzzle adulte 1000 pi\u00e8ces - Lieux c\u00e9l\u00e8bres - Amsterdam\" \/>\n<meta property=\"og:url\" content=\"https:\/\/business.roovi.com\/fr\/puzzle-adulte-1000-pieces-lieux-celebres-amsterdam\/p\/\" \/>\n<meta property=\"og:site_name\" content=\"Roovi B2B\" \/>\n<meta property=\"article:publisher\" content=\"https:\/\/www.facebook.com\/wwwjucariero\" \/>\n<meta property=\"article:modified_time\" content=\"2022-07-13T10:19:41+00:00\" \/>\n<meta property=\"og:image\" content=\"https:\/\/business.roovi.com\/wp-content\/uploads\/2018\/04\/64288-04-ansamblu_dimensiuni-cutie-cm_vertical_1.png\" \/>\n\t<meta property=\"og:image:width\" content=\"1200\" \/>\n\t<meta property=\"og:image:height\" content=\"1200\" \/>\n\t<meta property=\"og:image:type\" content=\"image\/png\" \/>\n<meta name=\"twitter:label1\" content=\"Dur\u00e9e de lecture estim\u00e9e\" \/>\n\t<meta name=\"twitter:data1\" content=\"3 minutes\" \/>\n<script type=\"application\/ld+json\" class=\"yoast-schema-graph\">{\"@context\":\"https:\/\/schema.org\",\"@graph\":[{\"@type\":\"WebPage\",\"@id\":\"https:\/\/business.roovi.com\/fr\/puzzle-adulte-1000-pieces-lieux-celebres-amsterdam\/p\/\",\"url\":\"https:\/\/business.roovi.com\/fr\/puzzle-adulte-1000-pieces-lieux-celebres-amsterdam\/p\/\",\"name\":\"Puzzle adulte 1000 pi\u00e8ces - Lieux c\u00e9l\u00e8bres - Amsterdam\",\"isPartOf\":{\"@id\":\"https:\/\/business.roovi.com\/fr\/#website\"},\"datePublished\":\"2018-04-16T10:56:17+00:00\",\"dateModified\":\"2022-07-13T10:19:41+00:00\",\"description\":\"Puzzle adulte 1000 pi\u00e8ces - Lieux c\u00e9l\u00e8bres - Amsterdam\",\"breadcrumb\":{\"@id\":\"https:\/\/business.roovi.com\/fr\/puzzle-adulte-1000-pieces-lieux-celebres-amsterdam\/p\/#breadcrumb\"},\"inLanguage\":\"fr-FR\",\"potentialAction\":[{\"@type\":\"ReadAction\",\"target\":[\"https:\/\/business.roovi.com\/fr\/puzzle-adulte-1000-pieces-lieux-celebres-amsterdam\/p\/\"]}]},{\"@type\":\"BreadcrumbList\",\"@id\":\"https:\/\/business.roovi.com\/fr\/puzzle-adulte-1000-pieces-lieux-celebres-amsterdam\/p\/#breadcrumb\",\"itemListElement\":[{\"@type\":\"ListItem\",\"position\":1,\"name\":\"Home\",\"item\":\"https:\/\/business.roovi.com\/fr\/\"},{\"@type\":\"ListItem\",\"position\":2,\"name\":\"Boutique\",\"item\":\"https:\/\/business.roovi.com\/fr\/boutique\/\"},{\"@type\":\"ListItem\",\"position\":3,\"name\":\"Puzzle adulte 1000 pi\u00e8ces &#8211; Lieux c\u00e9l\u00e8bres &#8211; Amsterdam\"}]},{\"@type\":\"WebSite\",\"@id\":\"https:\/\/business.roovi.com\/fr\/#website\",\"url\":\"https:\/\/business.roovi.com\/fr\/\",\"name\":\"Roovi B2B\",\"description\":\"Roovi Business Website\",\"potentialAction\":[{\"@type\":\"SearchAction\",\"target\":{\"@type\":\"EntryPoint\",\"urlTemplate\":\"https:\/\/business.roovi.com\/fr\/?s={search_term_string}\"},\"query-input\":\"required name=search_term_string\"}],\"inLanguage\":\"fr-FR\"}]}<\/script>\n<!-- \/ Yoast SEO plugin. -->","yoast_head_json":{"title":"Puzzle adulte 1000 pi\u00e8ces - Lieux c\u00e9l\u00e8bres - Amsterdam","description":"Puzzle adulte 1000 pi\u00e8ces - Lieux c\u00e9l\u00e8bres - Amsterdam","robots":{"index":"index","follow":"follow","max-snippet":"max-snippet:-1","max-image-preview":"max-image-preview:large","max-video-preview":"max-video-preview:-1"},"canonical":"https:\/\/business.roovi.com\/fr\/puzzle-adulte-1000-pieces-lieux-celebres-amsterdam\/p\/","og_locale":"fr_FR","og_type":"article","og_title":"Puzzle adulte 1000 pi\u00e8ces - Lieux c\u00e9l\u00e8bres - Amsterdam","og_description":"Puzzle adulte 1000 pi\u00e8ces - Lieux c\u00e9l\u00e8bres - Amsterdam","og_url":"https:\/\/business.roovi.com\/fr\/puzzle-adulte-1000-pieces-lieux-celebres-amsterdam\/p\/","og_site_name":"Roovi B2B","article_publisher":"https:\/\/www.facebook.com\/wwwjucariero","article_modified_time":"2022-07-13T10:19:41+00:00","og_image":[{"width":1200,"height":1200,"url":"https:\/\/business.roovi.com\/wp-content\/uploads\/2018\/04\/64288-04-ansamblu_dimensiuni-cutie-cm_vertical_1.png","type":"image\/png"}],"twitter_misc":{"Dur\u00e9e de lecture estim\u00e9e":"3 minutes"},"schema":{"@context":"https:\/\/schema.org","@graph":[{"@type":"WebPage","@id":"https:\/\/business.roovi.com\/fr\/puzzle-adulte-1000-pieces-lieux-celebres-amsterdam\/p\/","url":"https:\/\/business.roovi.com\/fr\/puzzle-adulte-1000-pieces-lieux-celebres-amsterdam\/p\/","name":"Puzzle adulte 1000 pi\u00e8ces - Lieux c\u00e9l\u00e8bres - Amsterdam","isPartOf":{"@id":"https:\/\/business.roovi.com\/fr\/#website"},"datePublished":"2018-04-16T10:56:17+00:00","dateModified":"2022-07-13T10:19:41+00:00","description":"Puzzle adulte 1000 pi\u00e8ces - Lieux c\u00e9l\u00e8bres - Amsterdam","breadcrumb":{"@id":"https:\/\/business.roovi.com\/fr\/puzzle-adulte-1000-pieces-lieux-celebres-amsterdam\/p\/#breadcrumb"},"inLanguage":"fr-FR","potentialAction":[{"@type":"ReadAction","target":["https:\/\/business.roovi.com\/fr\/puzzle-adulte-1000-pieces-lieux-celebres-amsterdam\/p\/"]}]},{"@type":"BreadcrumbList","@id":"https:\/\/business.roovi.com\/fr\/puzzle-adulte-1000-pieces-lieux-celebres-amsterdam\/p\/#breadcrumb","itemListElement":[{"@type":"ListItem","position":1,"name":"Home","item":"https:\/\/business.roovi.com\/fr\/"},{"@type":"ListItem","position":2,"name":"Boutique","item":"https:\/\/business.roovi.com\/fr\/boutique\/"},{"@type":"ListItem","position":3,"name":"Puzzle adulte 1000 pi\u00e8ces &#8211; Lieux c\u00e9l\u00e8bres &#8211; Amsterdam"}]},{"@type":"WebSite","@id":"https:\/\/business.roovi.com\/fr\/#website","url":"https:\/\/business.roovi.com\/fr\/","name":"Roovi B2B","description":"Roovi Business Website","potentialAction":[{"@type":"SearchAction","target":{"@type":"EntryPoint","urlTemplate":"https:\/\/business.roovi.com\/fr\/?s={search_term_string}"},"query-input":"required name=search_term_string"}],"inLanguage":"fr-FR"}]}},"_links":{"self":[{"href":"https:\/\/business.roovi.com\/fr\/wp-json\/wp\/v2\/product\/52797","targetHints":{"allow":["GET"]}}],"collection":[{"href":"https:\/\/business.roovi.com\/fr\/wp-json\/wp\/v2\/product"}],"about":[{"href":"https:\/\/business.roovi.com\/fr\/wp-json\/wp\/v2\/types\/product"}],"version-history":[{"count":0,"href":"https:\/\/business.roovi.com\/fr\/wp-json\/wp\/v2\/product\/52797\/revisions"}],"wp:featuredmedia":[{"embeddable":true,"href":"https:\/\/business.roovi.com\/fr\/wp-json\/wp\/v2\/media\/46925"}],"wp:attachment":[{"href":"https:\/\/business.roovi.com\/fr\/wp-json\/wp\/v2\/media?parent=52797"}],"wp:term":[{"taxonomy":"product_brand","embeddable":true,"href":"https:\/\/business.roovi.com\/fr\/wp-json\/wp\/v2\/product_brand?post=52797"},{"taxonomy":"product_cat","embeddable":true,"href":"https:\/\/business.roovi.com\/fr\/wp-json\/wp\/v2\/product_cat?post=52797"},{"taxonomy":"product_tag","embeddable":true,"href":"https:\/\/business.roovi.com\/fr\/wp-json\/wp\/v2\/product_tag?post=52797"}],"curies":[{"name":"wp","href":"https:\/\/api.w.org\/{rel}","templated":true}]}}