{"id":52800,"date":"2018-04-16T10:56:17","date_gmt":"2018-04-16T10:56:17","guid":{"rendered":"https:\/\/business.roovi.com\/puzzle-adulti-1000-piese-locuri-celebre-sagrada-familia\/p\/"},"modified":"2022-07-13T10:19:44","modified_gmt":"2022-07-13T10:19:44","slug":"puzzle-adulte-de-1000-pieces-lieux-celebres-sagrada-familia","status":"publish","type":"product","link":"https:\/\/business.roovi.com\/fr\/puzzle-adulte-de-1000-pieces-lieux-celebres-sagrada-familia\/p\/","title":{"rendered":"Puzzle adulte de 1000 pi\u00e8ces &#8211; Lieux c\u00e9l\u00e8bres &#8211; Sagrada Familia"},"content":{"rendered":"<p><strong><em>Tu cherches un cadeau sp\u00e9cial ou tu veux peut-\u00eatre chasser l&rsquo;ennui des jours maussades ? Joue la s\u00e9curit\u00e9 avec le puzzle de 1000 pi\u00e8ces de la collection Famous Places ! <\/em><\/strong><\/p>\n<p><span style=\"font-weight: 400;\">La Sagrada Familia te coupe le souffle \u00e0 la fois quand tu la vois en personne et quand tu la regardes dans une image impeccable comme celle du puzzle de 1000 pi\u00e8ces de la collection Lieux c\u00e9l\u00e8bres. Avec beaucoup de d\u00e9vouement et de comp\u00e9tences, tu as la possibilit\u00e9 de r\u00e9aliser un jeu de puzzle exceptionnel et de compl\u00e9ter l&rsquo;image de la c\u00e9l\u00e8bre cath\u00e9drale catalane.<\/span><\/p>\n<p><span style=\"font-weight: 400;\">L&rsquo;architecte  <\/span><span style=\"font-weight: 400;\">Antonio Gaudi a consacr\u00e9 les 15 derni\u00e8res ann\u00e9es de sa vie exclusivement \u00e0 ce projet, mais il n&rsquo;a jamais r\u00e9ussi \u00e0 le terminer. Les travaux sont toujours en cours et les architectes impliqu\u00e9s dans le projet esp\u00e8rent le terminer en 2026, le 100e anniversaire de la mort de Gaudi.<\/span><\/p>\n<p><span style=\"font-weight: 400;\">Pendant les premi\u00e8res ann\u00e9es de la construction, Gaudi a cr\u00e9\u00e9 ici une \u00e9cole que fr\u00e9quentaient les enfants des ouvriers qui travaillaient sur la Sagrada Familia. Elle abrite d\u00e9sormais une exposition sur la c\u00e9l\u00e8bre cath\u00e9drale.<\/span><\/p>\n<p><span style=\"font-weight: 400;\">Mets les pi\u00e8ces les unes apr\u00e8s les autres et sculpte \u00e0 partir de 1000 pi\u00e8ces parfaitement d\u00e9coup\u00e9es une image \u00e9tonnante de ce monument embl\u00e9matique de Barcelone. Lorsque la peinture est termin\u00e9e, tu peux contempler avec nostalgie un chef-d&rsquo;\u0153uvre unique au monde, cr\u00e9\u00e9 en combinant les styles gothique et Art nouveau.<\/span><\/p>\n<p><strong>Pourquoi choisir un puzzle de 1000 pi\u00e8ces de la collection des lieux c\u00e9l\u00e8bres ?<\/strong><\/p>\n<p><span style=\"font-weight: 400;\">Un puzzle de 1000 pi\u00e8ces est une fa\u00e7on originale de d\u00e9couvrir la beaut\u00e9 et le caract\u00e8re unique d&rsquo;un monument c\u00e9l\u00e8bre dans le monde.<\/span><\/p>\n<p><span style=\"font-weight: 400;\">Tu obtiens un tableau fascinant de 68 x 47 cm qui donnera de la personnalit\u00e9 \u00e0 n&rsquo;importe quel endroit terne de ta maison.<\/span><\/p>\n<p><span style=\"font-weight: 400;\">Chaque puzzle de 1000 pi\u00e8ces est fabriqu\u00e9 en carton de haute qualit\u00e9, ce qui conf\u00e8re aux pi\u00e8ces une durabilit\u00e9 m\u00eame apr\u00e8s de multiples utilisations.<\/span><\/p>\n<p><span style=\"font-weight: 400;\">Il est respectueux de la nature, \u00e9tant fabriqu\u00e9 \u00e0 partir de mat\u00e9riaux durables et recyclables.<\/span><\/p>\n<p><span style=\"font-weight: 400;\">Il a une finition semi-brillante et des couleurs agr\u00e9ables qui font ressortir la clart\u00e9 de l&rsquo;image.<\/span><\/p>\n<p><span style=\"font-weight: 400;\">Il convient aux personnes de plus de 14 ans et est l&rsquo;occasion de passer du temps de qualit\u00e9 avec les adolescents.<\/span><\/p>\n<p><span style=\"font-weight: 400;\">C&rsquo;est un excellent entra\u00eenement pour le cerveau, qui aide \u00e0 am\u00e9liorer la m\u00e9moire.<\/span><\/p>\n<p><span style=\"font-weight: 400;\">Il t&rsquo;aide \u00e0 maintenir ta coordination et ta capacit\u00e9 \u00e0 te concentrer pendant longtemps <\/span><\/p>\n<p><span style=\"font-weight: 400;\">Cela cr\u00e9e une bonne humeur et te donne la satisfaction d&rsquo;atteindre un objectif pr\u00e9cis.<\/span><\/p>\n<p><strong>Tu savais que&#8230; ?<\/strong><\/p>\n<p><span style=\"font-weight: 400;\">La Sagrada Familia comptera 18 tours. Actuellement, seuls 9 sont termin\u00e9s, le plus haut \u00e9tant de 138 m\u00e8tres.<\/span><\/p>\n<p><span style=\"font-weight: 400;\">Elle a \u00e9t\u00e9 construite exclusivement \u00e0 partir de dons, comme le voulait Gaudi, et c&rsquo;est pourquoi il faut tant de temps pour la terminer.<\/span><\/p>\n<p><span style=\"font-weight: 400;\">Pendant la guerre civile de 1936, de nombreux croquis et plans de Gaudi ont \u00e9t\u00e9 d\u00e9truits. Ceux-ci ont \u00e9t\u00e9 reconstruits, mais beaucoup pensent qu&rsquo;une fois termin\u00e9e, la Sagrada Familia ne ressemblera pas \u00e0 ce que son cr\u00e9ateur avait imagin\u00e9.<\/span><\/p>\n<p><span style=\"font-weight: 400;\">Gaudi croyait que la Sagrada Familia \u00e9tait le plan divin de Dieu pour lui et y a consacr\u00e9 40 ans de sa carri\u00e8re.<\/span><\/p>\n<p><strong>Le puzzle de 1000 pi\u00e8ces Sagrada Familia te d\u00e9connecte des \u00e9crans<\/strong><\/p>\n<p><span style=\"font-weight: 400;\">Tu veux passer plus de temps loin des \u00e9crans, mais lorsque tu te souviens de ton t\u00e9l\u00e9phone portable, tu entres dans le monde virtuel ? Le puzzle de 1000 pi\u00e8ces avec l&rsquo;image de la Sagrada Familia te relie \u00e0 toi-m\u00eame et t&rsquo;\u00e9loigne des tentations virtuelles. Une fois que tu as r\u00e9ussi \u00e0 terminer l&rsquo;image, tu \u00e9prouves un \u00e9tat d&rsquo;autosatisfaction in\u00e9gal\u00e9 et tu veux la revivre encore et encore.<\/span><\/p>\n<p><span style=\"font-weight: 400;\">Tu peux faire participer tes proches \u00e0 ce plan merveilleux. Organise des s\u00e9ances d&rsquo;\u00e9nigmes avec tes enfants ou tes amis et profite d&rsquo;une v\u00e9ritable socialisation en compagnie de vraies personnes <\/span><\/p>\n<p><span style=\"font-weight: 400;\">Choisis le puzzle Sagrada Familia de 1000 pi\u00e8ces dans la collection de jeux de puzzle images de lieux c\u00e9l\u00e8bres pour les moments o\u00f9 tu es avide de d\u00e9fis mentaux ou offre-le en cadeau \u00e0 des amis amateurs de puzzle lors de diverses occasions festives.<\/span><\/p><\/p>\n","protected":false},"excerpt":{"rendered":"<p>Tu cherches un cadeau sp\u00e9cial ou tu veux peut-\u00eatre chasser l&rsquo;ennui des jours maussades ? Joue la s\u00e9curit\u00e9 avec le<\/p>\n","protected":false},"featured_media":46932,"template":"","meta":[],"product_brand":[],"product_cat":[2314,2316,2315],"product_tag":[],"class_list":{"0":"post-52800","1":"product","2":"type-product","3":"status-publish","4":"has-post-thumbnail","6":"product_cat-puzzles-fr","7":"product_cat-puzzles-de-1000-pieces","8":"product_cat-puzzles-pour-adultes","9":"pa_bax-10-fr","10":"pa_brand-d_toys-fr","11":"pa_country_of_manufacture-ro-fr","12":"pa_filter_age-14-fr","13":"pa_painter-lieux-celebres","14":"pa_tip_ambalaj-boite","15":"pa_tip_puzzle-classique","17":"first","18":"instock","19":"taxable","20":"shipping-taxable","21":"product-type-simple"},"yoast_head":"<!-- This site is optimized with the Yoast SEO plugin v20.1 - https:\/\/yoast.com\/wordpress\/plugins\/seo\/ -->\n<title>Puzzle adulte de 1000 pi\u00e8ces - Lieux c\u00e9l\u00e8bres - Sagrada Familia<\/title>\n<meta name=\"description\" content=\"Puzzle adulte de 1000 pi\u00e8ces - Lieux c\u00e9l\u00e8bres - Sagrada Familia\" \/>\n<meta name=\"robots\" content=\"index, follow, max-snippet:-1, max-image-preview:large, max-video-preview:-1\" \/>\n<link rel=\"canonical\" href=\"https:\/\/business.roovi.com\/fr\/puzzle-adulte-de-1000-pieces-lieux-celebres-sagrada-familia\/p\/\" \/>\n<meta property=\"og:locale\" content=\"fr_FR\" \/>\n<meta property=\"og:type\" content=\"article\" \/>\n<meta property=\"og:title\" content=\"Puzzle adulte de 1000 pi\u00e8ces - Lieux c\u00e9l\u00e8bres - Sagrada Familia\" \/>\n<meta property=\"og:description\" content=\"Puzzle adulte de 1000 pi\u00e8ces - Lieux c\u00e9l\u00e8bres - Sagrada Familia\" \/>\n<meta property=\"og:url\" content=\"https:\/\/business.roovi.com\/fr\/puzzle-adulte-de-1000-pieces-lieux-celebres-sagrada-familia\/p\/\" \/>\n<meta property=\"og:site_name\" content=\"Roovi B2B\" \/>\n<meta property=\"article:publisher\" content=\"https:\/\/www.facebook.com\/wwwjucariero\" \/>\n<meta property=\"article:modified_time\" content=\"2022-07-13T10:19:44+00:00\" \/>\n<meta property=\"og:image\" content=\"https:\/\/business.roovi.com\/wp-content\/uploads\/2018\/04\/64288-06-ansamblu_dimensiuni-cutie-cm_vertical_1.png\" \/>\n\t<meta property=\"og:image:width\" content=\"1200\" \/>\n\t<meta property=\"og:image:height\" content=\"1200\" \/>\n\t<meta property=\"og:image:type\" content=\"image\/png\" \/>\n<meta name=\"twitter:label1\" content=\"Dur\u00e9e de lecture estim\u00e9e\" \/>\n\t<meta name=\"twitter:data1\" content=\"4 minutes\" \/>\n<script type=\"application\/ld+json\" class=\"yoast-schema-graph\">{\"@context\":\"https:\/\/schema.org\",\"@graph\":[{\"@type\":\"WebPage\",\"@id\":\"https:\/\/business.roovi.com\/fr\/puzzle-adulte-de-1000-pieces-lieux-celebres-sagrada-familia\/p\/\",\"url\":\"https:\/\/business.roovi.com\/fr\/puzzle-adulte-de-1000-pieces-lieux-celebres-sagrada-familia\/p\/\",\"name\":\"Puzzle adulte de 1000 pi\u00e8ces - Lieux c\u00e9l\u00e8bres - Sagrada Familia\",\"isPartOf\":{\"@id\":\"https:\/\/business.roovi.com\/fr\/#website\"},\"datePublished\":\"2018-04-16T10:56:17+00:00\",\"dateModified\":\"2022-07-13T10:19:44+00:00\",\"description\":\"Puzzle adulte de 1000 pi\u00e8ces - Lieux c\u00e9l\u00e8bres - Sagrada Familia\",\"breadcrumb\":{\"@id\":\"https:\/\/business.roovi.com\/fr\/puzzle-adulte-de-1000-pieces-lieux-celebres-sagrada-familia\/p\/#breadcrumb\"},\"inLanguage\":\"fr-FR\",\"potentialAction\":[{\"@type\":\"ReadAction\",\"target\":[\"https:\/\/business.roovi.com\/fr\/puzzle-adulte-de-1000-pieces-lieux-celebres-sagrada-familia\/p\/\"]}]},{\"@type\":\"BreadcrumbList\",\"@id\":\"https:\/\/business.roovi.com\/fr\/puzzle-adulte-de-1000-pieces-lieux-celebres-sagrada-familia\/p\/#breadcrumb\",\"itemListElement\":[{\"@type\":\"ListItem\",\"position\":1,\"name\":\"Home\",\"item\":\"https:\/\/business.roovi.com\/fr\/\"},{\"@type\":\"ListItem\",\"position\":2,\"name\":\"Boutique\",\"item\":\"https:\/\/business.roovi.com\/fr\/boutique\/\"},{\"@type\":\"ListItem\",\"position\":3,\"name\":\"Puzzle adulte de 1000 pi\u00e8ces &#8211; Lieux c\u00e9l\u00e8bres &#8211; Sagrada Familia\"}]},{\"@type\":\"WebSite\",\"@id\":\"https:\/\/business.roovi.com\/fr\/#website\",\"url\":\"https:\/\/business.roovi.com\/fr\/\",\"name\":\"Roovi B2B\",\"description\":\"Roovi Business Website\",\"potentialAction\":[{\"@type\":\"SearchAction\",\"target\":{\"@type\":\"EntryPoint\",\"urlTemplate\":\"https:\/\/business.roovi.com\/fr\/?s={search_term_string}\"},\"query-input\":\"required name=search_term_string\"}],\"inLanguage\":\"fr-FR\"}]}<\/script>\n<!-- \/ Yoast SEO plugin. -->","yoast_head_json":{"title":"Puzzle adulte de 1000 pi\u00e8ces - Lieux c\u00e9l\u00e8bres - Sagrada Familia","description":"Puzzle adulte de 1000 pi\u00e8ces - Lieux c\u00e9l\u00e8bres - Sagrada Familia","robots":{"index":"index","follow":"follow","max-snippet":"max-snippet:-1","max-image-preview":"max-image-preview:large","max-video-preview":"max-video-preview:-1"},"canonical":"https:\/\/business.roovi.com\/fr\/puzzle-adulte-de-1000-pieces-lieux-celebres-sagrada-familia\/p\/","og_locale":"fr_FR","og_type":"article","og_title":"Puzzle adulte de 1000 pi\u00e8ces - Lieux c\u00e9l\u00e8bres - Sagrada Familia","og_description":"Puzzle adulte de 1000 pi\u00e8ces - Lieux c\u00e9l\u00e8bres - Sagrada Familia","og_url":"https:\/\/business.roovi.com\/fr\/puzzle-adulte-de-1000-pieces-lieux-celebres-sagrada-familia\/p\/","og_site_name":"Roovi B2B","article_publisher":"https:\/\/www.facebook.com\/wwwjucariero","article_modified_time":"2022-07-13T10:19:44+00:00","og_image":[{"width":1200,"height":1200,"url":"https:\/\/business.roovi.com\/wp-content\/uploads\/2018\/04\/64288-06-ansamblu_dimensiuni-cutie-cm_vertical_1.png","type":"image\/png"}],"twitter_misc":{"Dur\u00e9e de lecture estim\u00e9e":"4 minutes"},"schema":{"@context":"https:\/\/schema.org","@graph":[{"@type":"WebPage","@id":"https:\/\/business.roovi.com\/fr\/puzzle-adulte-de-1000-pieces-lieux-celebres-sagrada-familia\/p\/","url":"https:\/\/business.roovi.com\/fr\/puzzle-adulte-de-1000-pieces-lieux-celebres-sagrada-familia\/p\/","name":"Puzzle adulte de 1000 pi\u00e8ces - Lieux c\u00e9l\u00e8bres - Sagrada Familia","isPartOf":{"@id":"https:\/\/business.roovi.com\/fr\/#website"},"datePublished":"2018-04-16T10:56:17+00:00","dateModified":"2022-07-13T10:19:44+00:00","description":"Puzzle adulte de 1000 pi\u00e8ces - Lieux c\u00e9l\u00e8bres - Sagrada Familia","breadcrumb":{"@id":"https:\/\/business.roovi.com\/fr\/puzzle-adulte-de-1000-pieces-lieux-celebres-sagrada-familia\/p\/#breadcrumb"},"inLanguage":"fr-FR","potentialAction":[{"@type":"ReadAction","target":["https:\/\/business.roovi.com\/fr\/puzzle-adulte-de-1000-pieces-lieux-celebres-sagrada-familia\/p\/"]}]},{"@type":"BreadcrumbList","@id":"https:\/\/business.roovi.com\/fr\/puzzle-adulte-de-1000-pieces-lieux-celebres-sagrada-familia\/p\/#breadcrumb","itemListElement":[{"@type":"ListItem","position":1,"name":"Home","item":"https:\/\/business.roovi.com\/fr\/"},{"@type":"ListItem","position":2,"name":"Boutique","item":"https:\/\/business.roovi.com\/fr\/boutique\/"},{"@type":"ListItem","position":3,"name":"Puzzle adulte de 1000 pi\u00e8ces &#8211; Lieux c\u00e9l\u00e8bres &#8211; Sagrada Familia"}]},{"@type":"WebSite","@id":"https:\/\/business.roovi.com\/fr\/#website","url":"https:\/\/business.roovi.com\/fr\/","name":"Roovi B2B","description":"Roovi Business Website","potentialAction":[{"@type":"SearchAction","target":{"@type":"EntryPoint","urlTemplate":"https:\/\/business.roovi.com\/fr\/?s={search_term_string}"},"query-input":"required name=search_term_string"}],"inLanguage":"fr-FR"}]}},"_links":{"self":[{"href":"https:\/\/business.roovi.com\/fr\/wp-json\/wp\/v2\/product\/52800","targetHints":{"allow":["GET"]}}],"collection":[{"href":"https:\/\/business.roovi.com\/fr\/wp-json\/wp\/v2\/product"}],"about":[{"href":"https:\/\/business.roovi.com\/fr\/wp-json\/wp\/v2\/types\/product"}],"version-history":[{"count":0,"href":"https:\/\/business.roovi.com\/fr\/wp-json\/wp\/v2\/product\/52800\/revisions"}],"wp:featuredmedia":[{"embeddable":true,"href":"https:\/\/business.roovi.com\/fr\/wp-json\/wp\/v2\/media\/46932"}],"wp:attachment":[{"href":"https:\/\/business.roovi.com\/fr\/wp-json\/wp\/v2\/media?parent=52800"}],"wp:term":[{"taxonomy":"product_brand","embeddable":true,"href":"https:\/\/business.roovi.com\/fr\/wp-json\/wp\/v2\/product_brand?post=52800"},{"taxonomy":"product_cat","embeddable":true,"href":"https:\/\/business.roovi.com\/fr\/wp-json\/wp\/v2\/product_cat?post=52800"},{"taxonomy":"product_tag","embeddable":true,"href":"https:\/\/business.roovi.com\/fr\/wp-json\/wp\/v2\/product_tag?post=52800"}],"curies":[{"name":"wp","href":"https:\/\/api.w.org\/{rel}","templated":true}]}}