{"id":52805,"date":"2018-04-16T10:56:17","date_gmt":"2018-04-16T10:56:17","guid":{"rendered":"https:\/\/business.roovi.com\/super-puzzle-copii-35-piese-basme-cei-3-purcelusi\/p\/"},"modified":"2022-07-13T10:19:48","modified_gmt":"2022-07-13T10:19:48","slug":"super-puzzle-les-trois-petits-cochons-puzzle-enfants-35-pieces","status":"publish","type":"product","link":"https:\/\/business.roovi.com\/fr\/super-puzzle-les-trois-petits-cochons-puzzle-enfants-35-pieces\/p\/","title":{"rendered":"Super Puzzle Les Trois Petits Cochons &#8211; puzzle enfants, 35 pi\u00e8ces"},"content":{"rendered":"<p><span style=\"font-weight: 400;\">Qu&rsquo;est-ce qui est le mieux, faire sa maison en paille, en paille ou en brique ? Jouer plus et travailler moins ou mieux travailler un peu plus mais avoir une maison solide ? Le loup trouve-t-il plus facile \u00e0 d\u00e9molir ?<\/span><\/p>\n<p><span style=\"font-weight: 400;\">Autant de questions et autant de r\u00e9ponses sur la base desquelles tu peux entamer une discussion d&rsquo;apprentissage avec tes petits, en partant du conte de f\u00e9es bien-aim\u00e9 Les Trois Petits Cochons.<\/span><\/p>\n<p><span style=\"font-weight: 400;\">Un puzzle pour enfants illustrant des sc\u00e8nes de contes de f\u00e9es est une porte d&rsquo;entr\u00e9e dans le monde de l&rsquo;imagination infinie. Cela peut \u00eatre une occasion parfaite pour discuter des traits humains, des comportements bons et moins bons, et au fur et \u00e0 mesure que l&rsquo;image se dessine, les enfants d\u00e9couvrent diff\u00e9rents objets ou paysages qui compl\u00e8tent le cadre de toute l&rsquo;histoire.<\/span><\/p>\n<p><span style=\"font-weight: 400;\">Dans tous les cas, encourage leur imagination et aide-les \u00e0 r\u00e9\u00e9crire eux-m\u00eames les histoires, morceau par morceau, comme ils le souhaitent.  <\/span><\/p>\n<p><span style=\"font-weight: 400;\">Choisis pour ton enfant un puzzle avec une histoire sur la r\u00e9compense des efforts et de la gentillesse, en accompagnant les petits cochons dans leur qu\u00eate pour \u00e9chapper au grand m\u00e9chant loup.    <\/span><\/p>\n<h2><span style=\"font-weight: 400;\">Pourquoi choisir un puzzle de conte de f\u00e9es pour enfants Super<\/span><\/h2>\n<ul>\n<li><span style=\"font-weight: 400;\">Il a de grandes pi\u00e8ces, adapt\u00e9es aux petites mains.<\/span><\/li>\n<li><span style=\"font-weight: 400;\">Aide les enfants \u00e0 d\u00e9velopper leur cr\u00e9ativit\u00e9.<\/span><\/li>\n<li><span style=\"font-weight: 400;\">Aide \u00e0 d\u00e9velopper des comp\u00e9tences en associant chaque pi\u00e8ce.<\/span><\/li>\n<li><span style=\"font-weight: 400;\">Le jeu de puzzle est un bon entra\u00eeneur de m\u00e9moire.<\/span><\/li>\n<li><span style=\"font-weight: 400;\">C&rsquo;est une fa\u00e7on amusante de se rappeler des sc\u00e8nes d&rsquo;histoires classiques ou de se familiariser avec elles.<\/span><\/li>\n<li><span style=\"font-weight: 400;\">C&rsquo;est relaxant et d\u00e9connectant.<\/span><\/li>\n<li><span style=\"font-weight: 400;\">Il entra\u00eene les capacit\u00e9s motrices et la coordination main-\u0153il.<\/span><\/li>\n<li><span style=\"font-weight: 400;\">D\u00e9veloppe la coordination sensorielle.<\/span><\/li>\n<li><span style=\"font-weight: 400;\">Stimule et favorise la concentration et l&rsquo;attention au jeu.<\/span><\/li>\n<li><span style=\"font-weight: 400;\">C&rsquo;est un bon jeu \u00e0 emmener sur les longs trajets lorsqu&rsquo;il a besoin de quelque chose pour l&rsquo;occuper afin qu&rsquo;il ne s&rsquo;ennuie pas.<\/span><\/li>\n<\/ul>\n<h2><span style=\"font-weight: 400;\">D\u00e9couvre un super puzzle facile, adapt\u00e9 aux d\u00e9butants<\/span><\/h2>\n<p><span style=\"font-weight: 400;\">Les images aux couleurs vives repr\u00e9sentent les personnages bien-aim\u00e9s des contes de f\u00e9es classiques pour enfants, avec des graphismes soign\u00e9s et des personnages mignons et joyeux adapt\u00e9s aux petits.<\/span><\/p>\n<p><span style=\"font-weight: 400;\">La taille et la forme des 35 pi\u00e8ces sont adapt\u00e9es aux enfants, de sorte que les petits peuvent facilement les saisir et les positionner.<\/span><\/p>\n<p><span style=\"font-weight: 400;\">Chaque puzzle est fabriqu\u00e9 en carton \u00e9pais de haute qualit\u00e9, il peut donc \u00eatre utilis\u00e9 de nombreuses fois sans que les pi\u00e8ces se cassent ou perdent leur forme <\/span><\/p>\n<p><span style=\"font-weight: 400;\">Si tu cherches un jeu \u00e0 la fois cr\u00e9atif, actif, engageant et amusant, choisis un puzzle pour enfants avec des illustrations de contes de f\u00e9es.  <\/span><\/p>\n<p><span style=\"font-weight: 400;\">Les enfants adorent construire des choses et ils vont certainement adorer reconstituer les histoires ador\u00e9es pi\u00e8ce par pi\u00e8ce !<\/span><\/p><\/p>\n","protected":false},"excerpt":{"rendered":"<p>Qu&rsquo;est-ce qui est le mieux, faire sa maison en paille, en paille ou en brique ? Jouer plus et travailler<\/p>\n","protected":false},"featured_media":46943,"template":"","meta":[],"product_brand":[],"product_cat":[2314,2368,2340],"product_tag":[],"class_list":{"0":"post-52805","1":"product","2":"type-product","3":"status-publish","4":"has-post-thumbnail","6":"product_cat-puzzles-fr","7":"product_cat-puzzles-de-moins-de-50-pieces","8":"product_cat-puzzles-pour-enfants","9":"pa_bax-10-fr","10":"pa_brand-d_toys-fr","11":"pa_filter_age-3_5-fr","12":"pa_filter_age-5_7-fr","13":"pa_filter_age-7_9-fr","14":"pa_tip_ambalaj-boite","15":"pa_tip_puzzle-classique","17":"first","18":"instock","19":"taxable","20":"shipping-taxable","21":"product-type-simple"},"yoast_head":"<!-- This site is optimized with the Yoast SEO plugin v20.1 - https:\/\/yoast.com\/wordpress\/plugins\/seo\/ -->\n<title>Super Puzzle Les Trois Petits Cochons - puzzle enfants, 35 pi\u00e8ces<\/title>\n<meta name=\"description\" content=\"Super Puzzle Les Trois Petits Cochons - puzzle enfants, 35 pi\u00e8ces\" \/>\n<meta name=\"robots\" content=\"index, follow, max-snippet:-1, max-image-preview:large, max-video-preview:-1\" \/>\n<link rel=\"canonical\" href=\"https:\/\/business.roovi.com\/fr\/super-puzzle-les-trois-petits-cochons-puzzle-enfants-35-pieces\/p\/\" \/>\n<meta property=\"og:locale\" content=\"fr_FR\" \/>\n<meta property=\"og:type\" content=\"article\" \/>\n<meta property=\"og:title\" content=\"Super Puzzle Les Trois Petits Cochons - puzzle enfants, 35 pi\u00e8ces\" \/>\n<meta property=\"og:description\" content=\"Super Puzzle Les Trois Petits Cochons - puzzle enfants, 35 pi\u00e8ces\" \/>\n<meta property=\"og:url\" content=\"https:\/\/business.roovi.com\/fr\/super-puzzle-les-trois-petits-cochons-puzzle-enfants-35-pieces\/p\/\" \/>\n<meta property=\"og:site_name\" content=\"Roovi B2B\" \/>\n<meta property=\"article:publisher\" content=\"https:\/\/www.facebook.com\/wwwjucariero\" \/>\n<meta property=\"article:modified_time\" content=\"2022-07-13T10:19:48+00:00\" \/>\n<meta property=\"og:image\" content=\"https:\/\/business.roovi.com\/wp-content\/uploads\/2018\/04\/60389_04.jpg\" \/>\n\t<meta property=\"og:image:width\" content=\"1200\" \/>\n\t<meta property=\"og:image:height\" content=\"1200\" \/>\n\t<meta property=\"og:image:type\" content=\"image\/jpeg\" \/>\n<meta name=\"twitter:label1\" content=\"Dur\u00e9e de lecture estim\u00e9e\" \/>\n\t<meta name=\"twitter:data1\" content=\"2 minutes\" \/>\n<script type=\"application\/ld+json\" class=\"yoast-schema-graph\">{\"@context\":\"https:\/\/schema.org\",\"@graph\":[{\"@type\":\"WebPage\",\"@id\":\"https:\/\/business.roovi.com\/fr\/super-puzzle-les-trois-petits-cochons-puzzle-enfants-35-pieces\/p\/\",\"url\":\"https:\/\/business.roovi.com\/fr\/super-puzzle-les-trois-petits-cochons-puzzle-enfants-35-pieces\/p\/\",\"name\":\"Super Puzzle Les Trois Petits Cochons - puzzle enfants, 35 pi\u00e8ces\",\"isPartOf\":{\"@id\":\"https:\/\/business.roovi.com\/fr\/#website\"},\"datePublished\":\"2018-04-16T10:56:17+00:00\",\"dateModified\":\"2022-07-13T10:19:48+00:00\",\"description\":\"Super Puzzle Les Trois Petits Cochons - puzzle enfants, 35 pi\u00e8ces\",\"breadcrumb\":{\"@id\":\"https:\/\/business.roovi.com\/fr\/super-puzzle-les-trois-petits-cochons-puzzle-enfants-35-pieces\/p\/#breadcrumb\"},\"inLanguage\":\"fr-FR\",\"potentialAction\":[{\"@type\":\"ReadAction\",\"target\":[\"https:\/\/business.roovi.com\/fr\/super-puzzle-les-trois-petits-cochons-puzzle-enfants-35-pieces\/p\/\"]}]},{\"@type\":\"BreadcrumbList\",\"@id\":\"https:\/\/business.roovi.com\/fr\/super-puzzle-les-trois-petits-cochons-puzzle-enfants-35-pieces\/p\/#breadcrumb\",\"itemListElement\":[{\"@type\":\"ListItem\",\"position\":1,\"name\":\"Home\",\"item\":\"https:\/\/business.roovi.com\/fr\/\"},{\"@type\":\"ListItem\",\"position\":2,\"name\":\"Boutique\",\"item\":\"https:\/\/business.roovi.com\/fr\/boutique\/\"},{\"@type\":\"ListItem\",\"position\":3,\"name\":\"Super Puzzle Les Trois Petits Cochons &#8211; puzzle enfants, 35 pi\u00e8ces\"}]},{\"@type\":\"WebSite\",\"@id\":\"https:\/\/business.roovi.com\/fr\/#website\",\"url\":\"https:\/\/business.roovi.com\/fr\/\",\"name\":\"Roovi B2B\",\"description\":\"Roovi Business Website\",\"potentialAction\":[{\"@type\":\"SearchAction\",\"target\":{\"@type\":\"EntryPoint\",\"urlTemplate\":\"https:\/\/business.roovi.com\/fr\/?s={search_term_string}\"},\"query-input\":\"required name=search_term_string\"}],\"inLanguage\":\"fr-FR\"}]}<\/script>\n<!-- \/ Yoast SEO plugin. -->","yoast_head_json":{"title":"Super Puzzle Les Trois Petits Cochons - puzzle enfants, 35 pi\u00e8ces","description":"Super Puzzle Les Trois Petits Cochons - puzzle enfants, 35 pi\u00e8ces","robots":{"index":"index","follow":"follow","max-snippet":"max-snippet:-1","max-image-preview":"max-image-preview:large","max-video-preview":"max-video-preview:-1"},"canonical":"https:\/\/business.roovi.com\/fr\/super-puzzle-les-trois-petits-cochons-puzzle-enfants-35-pieces\/p\/","og_locale":"fr_FR","og_type":"article","og_title":"Super Puzzle Les Trois Petits Cochons - puzzle enfants, 35 pi\u00e8ces","og_description":"Super Puzzle Les Trois Petits Cochons - puzzle enfants, 35 pi\u00e8ces","og_url":"https:\/\/business.roovi.com\/fr\/super-puzzle-les-trois-petits-cochons-puzzle-enfants-35-pieces\/p\/","og_site_name":"Roovi B2B","article_publisher":"https:\/\/www.facebook.com\/wwwjucariero","article_modified_time":"2022-07-13T10:19:48+00:00","og_image":[{"width":1200,"height":1200,"url":"https:\/\/business.roovi.com\/wp-content\/uploads\/2018\/04\/60389_04.jpg","type":"image\/jpeg"}],"twitter_misc":{"Dur\u00e9e de lecture estim\u00e9e":"2 minutes"},"schema":{"@context":"https:\/\/schema.org","@graph":[{"@type":"WebPage","@id":"https:\/\/business.roovi.com\/fr\/super-puzzle-les-trois-petits-cochons-puzzle-enfants-35-pieces\/p\/","url":"https:\/\/business.roovi.com\/fr\/super-puzzle-les-trois-petits-cochons-puzzle-enfants-35-pieces\/p\/","name":"Super Puzzle Les Trois Petits Cochons - puzzle enfants, 35 pi\u00e8ces","isPartOf":{"@id":"https:\/\/business.roovi.com\/fr\/#website"},"datePublished":"2018-04-16T10:56:17+00:00","dateModified":"2022-07-13T10:19:48+00:00","description":"Super Puzzle Les Trois Petits Cochons - puzzle enfants, 35 pi\u00e8ces","breadcrumb":{"@id":"https:\/\/business.roovi.com\/fr\/super-puzzle-les-trois-petits-cochons-puzzle-enfants-35-pieces\/p\/#breadcrumb"},"inLanguage":"fr-FR","potentialAction":[{"@type":"ReadAction","target":["https:\/\/business.roovi.com\/fr\/super-puzzle-les-trois-petits-cochons-puzzle-enfants-35-pieces\/p\/"]}]},{"@type":"BreadcrumbList","@id":"https:\/\/business.roovi.com\/fr\/super-puzzle-les-trois-petits-cochons-puzzle-enfants-35-pieces\/p\/#breadcrumb","itemListElement":[{"@type":"ListItem","position":1,"name":"Home","item":"https:\/\/business.roovi.com\/fr\/"},{"@type":"ListItem","position":2,"name":"Boutique","item":"https:\/\/business.roovi.com\/fr\/boutique\/"},{"@type":"ListItem","position":3,"name":"Super Puzzle Les Trois Petits Cochons &#8211; puzzle enfants, 35 pi\u00e8ces"}]},{"@type":"WebSite","@id":"https:\/\/business.roovi.com\/fr\/#website","url":"https:\/\/business.roovi.com\/fr\/","name":"Roovi B2B","description":"Roovi Business Website","potentialAction":[{"@type":"SearchAction","target":{"@type":"EntryPoint","urlTemplate":"https:\/\/business.roovi.com\/fr\/?s={search_term_string}"},"query-input":"required name=search_term_string"}],"inLanguage":"fr-FR"}]}},"_links":{"self":[{"href":"https:\/\/business.roovi.com\/fr\/wp-json\/wp\/v2\/product\/52805","targetHints":{"allow":["GET"]}}],"collection":[{"href":"https:\/\/business.roovi.com\/fr\/wp-json\/wp\/v2\/product"}],"about":[{"href":"https:\/\/business.roovi.com\/fr\/wp-json\/wp\/v2\/types\/product"}],"version-history":[{"count":0,"href":"https:\/\/business.roovi.com\/fr\/wp-json\/wp\/v2\/product\/52805\/revisions"}],"wp:featuredmedia":[{"embeddable":true,"href":"https:\/\/business.roovi.com\/fr\/wp-json\/wp\/v2\/media\/46943"}],"wp:attachment":[{"href":"https:\/\/business.roovi.com\/fr\/wp-json\/wp\/v2\/media?parent=52805"}],"wp:term":[{"taxonomy":"product_brand","embeddable":true,"href":"https:\/\/business.roovi.com\/fr\/wp-json\/wp\/v2\/product_brand?post=52805"},{"taxonomy":"product_cat","embeddable":true,"href":"https:\/\/business.roovi.com\/fr\/wp-json\/wp\/v2\/product_cat?post=52805"},{"taxonomy":"product_tag","embeddable":true,"href":"https:\/\/business.roovi.com\/fr\/wp-json\/wp\/v2\/product_tag?post=52805"}],"curies":[{"name":"wp","href":"https:\/\/api.w.org\/{rel}","templated":true}]}}