{"id":52816,"date":"2018-04-16T10:56:17","date_gmt":"2018-04-16T10:56:17","guid":{"rendered":"https:\/\/business.roovi.com\/super-puzzle-copii-60-piese-basme-alba-ca-zapada-2\/p\/"},"modified":"2022-07-13T10:19:57","modified_gmt":"2022-07-13T10:19:57","slug":"super-puzzle-kids-60-pieces-contes-de-fees-blanche-neige","status":"publish","type":"product","link":"https:\/\/business.roovi.com\/fr\/super-puzzle-kids-60-pieces-contes-de-fees-blanche-neige\/p\/","title":{"rendered":"Super Puzzle Kids 60 pi\u00e8ces &#8211; Contes de f\u00e9es &#8211; Blanche-Neige"},"content":{"rendered":"<p><span style=\"font-weight: 400;\">Parmi les contes classiques de belles princesses et de princes charmants, l&rsquo;histoire de Blanche-Neige et des sept nains occupe une place de choix. Une petite fille aux cheveux d&rsquo;\u00e9b\u00e8ne, \u00e0 la peau blanche comme la neige et aux l\u00e8vres rouges comme le sang, si aim\u00e9e des enfants qui \u00e9coutent son histoire avec enthousiasme <\/span><\/p>\n<p><span style=\"font-weight: 400;\">Un puzzle de la collection de contes de f\u00e9es est une si belle fa\u00e7on de se connecter avec les jeunes enfants. Tu peux lire l&rsquo;histoire ensemble ou ton enfant peut la raconter avec ses propres mots, pendant qu&rsquo;ensemble vous cherchez les bonnes pi\u00e8ces pour assembler le puzzle. Les enfants plus \u00e2g\u00e9s peuvent le faire eux-m\u00eames, et l&rsquo;effort sera certainement payant.<\/span><\/p>\n<p><span style=\"font-weight: 400;\">D\u00e9couvre un puzzle aux illustrations soigneusement con\u00e7ues, aux couleurs vives et adapt\u00e9es aux enfants de tous \u00e2ges, avec des personnages mignons que les petits aimeront tout de suite.  <\/span><\/p>\n<p><span style=\"font-weight: 400;\">De plus, un puzzle anim\u00e9 pour enfants n&rsquo;est pas seulement un jeu. Cela peut \u00eatre une occasion parfaite pour discuter des traits et des comportements humains, et au fur et \u00e0 mesure que l&rsquo;image se dessine, les enfants d\u00e9couvrent diff\u00e9rents objets ou paysages qui compl\u00e8tent le cadre de toute l&rsquo;histoire.<\/span><\/p>\n<p><span style=\"font-weight: 400;\">Dans tous les cas, encourage leur imagination et d\u00e9couvre la joie de jouer avec des pi\u00e8ces de puzzle.  <\/span><\/p>\n<p><span style=\"font-weight: 400;\">Choisis pour ton enfant un puzzle avec une histoire touchante et douce, un jeu qui t&rsquo;aidera \u00e0 d\u00e9couvrir ensemble Blanche-Neige et les adorables nains <\/span><\/p>\n<h3><strong>Pourquoi choisir un Super Puzzle Kids avec des contes de f\u00e9es.<\/strong><\/h3>\n<ul>\n<li><span style=\"font-weight: 400;\">Stimule le d\u00e9veloppement cr\u00e9atif.<\/span><\/li>\n<li><span style=\"font-weight: 400;\">C&rsquo;est une fa\u00e7on amusante de se rappeler des sc\u00e8nes des contes de f\u00e9es classiques ou de se familiariser avec eux.<\/span><\/li>\n<li><span style=\"font-weight: 400;\">Le jeu de puzzle est un bon entra\u00eeneur de m\u00e9moire, qui engage les deux h\u00e9misph\u00e8res du cerveau.<\/span><\/li>\n<li><span style=\"font-weight: 400;\">Il aide \u00e0 d\u00e9velopper les comp\u00e9tences en faisant correspondre chaque pi\u00e8ce.<\/span><\/li>\n<li><span style=\"font-weight: 400;\">Il stimule et favorise la concentration et l&rsquo;attention au jeu.<\/span><\/li>\n<li><span style=\"font-weight: 400;\">C&rsquo;est relaxant et d\u00e9connectant.<\/span><\/li>\n<li><span style=\"font-weight: 400;\">Entra\u00eene la coordination motrice et la dext\u00e9rit\u00e9.<\/span><\/li>\n<li><span style=\"font-weight: 400;\">D\u00e9veloppe la coordination sensorielle.<\/span><\/li>\n<li><span style=\"font-weight: 400;\">C&rsquo;est un bon jeu \u00e0 emmener sur les longs trajets lorsqu&rsquo;il a besoin de quelque chose pour l&rsquo;occuper afin qu&rsquo;il ne s&rsquo;ennuie pas.<\/span><\/li>\n<li><span style=\"font-weight: 400;\">Remplace avec succ\u00e8s un jeu num\u00e9rique et pr\u00e9sente de nombreux avantages suppl\u00e9mentaires.<\/span><\/li>\n<\/ul>\n<h3><strong>D\u00e9couvre un adorable super puzzle avec des illustrations gaies et color\u00e9es<\/strong><\/h3>\n<p><span style=\"font-weight: 400;\">Chaque puzzle est fabriqu\u00e9 en carton \u00e9pais de haute qualit\u00e9 pour pouvoir \u00eatre utilis\u00e9 de nombreuses fois sans que les pi\u00e8ces se cassent ou perdent leur forme <\/span><\/p>\n<p><span style=\"font-weight: 400;\">Les 60 pi\u00e8ces ont une taille et une forme adapt\u00e9es aux enfants, de sorte que les petits peuvent facilement les saisir et les positionner, ce qui donne un puzzle g\u00e9n\u00e9reux de 42 cm x 28,8 cm.<\/span><\/p>\n<p><span style=\"font-weight: 400;\">Les enfants adorent construire des choses et ils vont certainement adorer reconstituer les histoires ador\u00e9es pi\u00e8ce par pi\u00e8ce !<\/span><\/p>\n<p><span style=\"font-weight: 400;\">Si tu cherches un jeu \u00e0 la fois cr\u00e9atif, actif, engageant et amusant, choisis un puzzle pour enfants avec des illustrations de contes de f\u00e9es.  <\/span><\/p><\/p>\n","protected":false},"excerpt":{"rendered":"<p>Parmi les contes classiques de belles princesses et de princes charmants, l&rsquo;histoire de Blanche-Neige et des sept nains occupe une<\/p>\n","protected":false},"featured_media":46951,"template":"","meta":[],"product_brand":[],"product_cat":[2314,2360,2340],"product_tag":[],"class_list":{"0":"post-52816","1":"product","2":"type-product","3":"status-publish","4":"has-post-thumbnail","6":"product_cat-puzzles-fr","7":"product_cat-puzzles-de-50-a-100-pieces","8":"product_cat-puzzles-pour-enfants","9":"pa_bax-10-fr","10":"pa_brand-d_toys-fr","11":"pa_country_of_manufacture-ro-fr","12":"pa_filter_age-5_7-fr","13":"pa_filter_age-7_9-fr","14":"pa_tip_ambalaj-boite","15":"pa_tip_puzzle-classique","17":"first","18":"instock","19":"taxable","20":"shipping-taxable","21":"product-type-simple"},"yoast_head":"<!-- This site is optimized with the Yoast SEO plugin v20.1 - https:\/\/yoast.com\/wordpress\/plugins\/seo\/ -->\n<title>Super Puzzle Kids 60 pi\u00e8ces - Contes de f\u00e9es - Blanche-Neige<\/title>\n<meta name=\"description\" content=\"Super Puzzle Kids 60 pi\u00e8ces - Contes de f\u00e9es - Blanche-Neige\" \/>\n<meta name=\"robots\" content=\"index, follow, max-snippet:-1, max-image-preview:large, max-video-preview:-1\" \/>\n<link rel=\"canonical\" href=\"https:\/\/business.roovi.com\/fr\/super-puzzle-kids-60-pieces-contes-de-fees-blanche-neige\/p\/\" \/>\n<meta property=\"og:locale\" content=\"fr_FR\" \/>\n<meta property=\"og:type\" content=\"article\" \/>\n<meta property=\"og:title\" content=\"Super Puzzle Kids 60 pi\u00e8ces - Contes de f\u00e9es - Blanche-Neige\" \/>\n<meta property=\"og:description\" content=\"Super Puzzle Kids 60 pi\u00e8ces - Contes de f\u00e9es - Blanche-Neige\" \/>\n<meta property=\"og:url\" content=\"https:\/\/business.roovi.com\/fr\/super-puzzle-kids-60-pieces-contes-de-fees-blanche-neige\/p\/\" \/>\n<meta property=\"og:site_name\" content=\"Roovi B2B\" \/>\n<meta property=\"article:publisher\" content=\"https:\/\/www.facebook.com\/wwwjucariero\" \/>\n<meta property=\"article:modified_time\" content=\"2022-07-13T10:19:57+00:00\" \/>\n<meta property=\"og:image\" content=\"https:\/\/business.roovi.com\/wp-content\/uploads\/2018\/04\/60396_02.jpg\" \/>\n\t<meta property=\"og:image:width\" content=\"1200\" \/>\n\t<meta property=\"og:image:height\" content=\"1200\" \/>\n\t<meta property=\"og:image:type\" content=\"image\/jpeg\" \/>\n<meta name=\"twitter:label1\" content=\"Dur\u00e9e de lecture estim\u00e9e\" \/>\n\t<meta name=\"twitter:data1\" content=\"3 minutes\" \/>\n<script type=\"application\/ld+json\" class=\"yoast-schema-graph\">{\"@context\":\"https:\/\/schema.org\",\"@graph\":[{\"@type\":\"WebPage\",\"@id\":\"https:\/\/business.roovi.com\/fr\/super-puzzle-kids-60-pieces-contes-de-fees-blanche-neige\/p\/\",\"url\":\"https:\/\/business.roovi.com\/fr\/super-puzzle-kids-60-pieces-contes-de-fees-blanche-neige\/p\/\",\"name\":\"Super Puzzle Kids 60 pi\u00e8ces - Contes de f\u00e9es - Blanche-Neige\",\"isPartOf\":{\"@id\":\"https:\/\/business.roovi.com\/fr\/#website\"},\"datePublished\":\"2018-04-16T10:56:17+00:00\",\"dateModified\":\"2022-07-13T10:19:57+00:00\",\"description\":\"Super Puzzle Kids 60 pi\u00e8ces - Contes de f\u00e9es - Blanche-Neige\",\"breadcrumb\":{\"@id\":\"https:\/\/business.roovi.com\/fr\/super-puzzle-kids-60-pieces-contes-de-fees-blanche-neige\/p\/#breadcrumb\"},\"inLanguage\":\"fr-FR\",\"potentialAction\":[{\"@type\":\"ReadAction\",\"target\":[\"https:\/\/business.roovi.com\/fr\/super-puzzle-kids-60-pieces-contes-de-fees-blanche-neige\/p\/\"]}]},{\"@type\":\"BreadcrumbList\",\"@id\":\"https:\/\/business.roovi.com\/fr\/super-puzzle-kids-60-pieces-contes-de-fees-blanche-neige\/p\/#breadcrumb\",\"itemListElement\":[{\"@type\":\"ListItem\",\"position\":1,\"name\":\"Home\",\"item\":\"https:\/\/business.roovi.com\/fr\/\"},{\"@type\":\"ListItem\",\"position\":2,\"name\":\"Boutique\",\"item\":\"https:\/\/business.roovi.com\/fr\/boutique\/\"},{\"@type\":\"ListItem\",\"position\":3,\"name\":\"Super Puzzle Kids 60 pi\u00e8ces &#8211; Contes de f\u00e9es &#8211; Blanche-Neige\"}]},{\"@type\":\"WebSite\",\"@id\":\"https:\/\/business.roovi.com\/fr\/#website\",\"url\":\"https:\/\/business.roovi.com\/fr\/\",\"name\":\"Roovi B2B\",\"description\":\"Roovi Business Website\",\"potentialAction\":[{\"@type\":\"SearchAction\",\"target\":{\"@type\":\"EntryPoint\",\"urlTemplate\":\"https:\/\/business.roovi.com\/fr\/?s={search_term_string}\"},\"query-input\":\"required name=search_term_string\"}],\"inLanguage\":\"fr-FR\"}]}<\/script>\n<!-- \/ Yoast SEO plugin. -->","yoast_head_json":{"title":"Super Puzzle Kids 60 pi\u00e8ces - Contes de f\u00e9es - Blanche-Neige","description":"Super Puzzle Kids 60 pi\u00e8ces - Contes de f\u00e9es - Blanche-Neige","robots":{"index":"index","follow":"follow","max-snippet":"max-snippet:-1","max-image-preview":"max-image-preview:large","max-video-preview":"max-video-preview:-1"},"canonical":"https:\/\/business.roovi.com\/fr\/super-puzzle-kids-60-pieces-contes-de-fees-blanche-neige\/p\/","og_locale":"fr_FR","og_type":"article","og_title":"Super Puzzle Kids 60 pi\u00e8ces - Contes de f\u00e9es - Blanche-Neige","og_description":"Super Puzzle Kids 60 pi\u00e8ces - Contes de f\u00e9es - Blanche-Neige","og_url":"https:\/\/business.roovi.com\/fr\/super-puzzle-kids-60-pieces-contes-de-fees-blanche-neige\/p\/","og_site_name":"Roovi B2B","article_publisher":"https:\/\/www.facebook.com\/wwwjucariero","article_modified_time":"2022-07-13T10:19:57+00:00","og_image":[{"width":1200,"height":1200,"url":"https:\/\/business.roovi.com\/wp-content\/uploads\/2018\/04\/60396_02.jpg","type":"image\/jpeg"}],"twitter_misc":{"Dur\u00e9e de lecture estim\u00e9e":"3 minutes"},"schema":{"@context":"https:\/\/schema.org","@graph":[{"@type":"WebPage","@id":"https:\/\/business.roovi.com\/fr\/super-puzzle-kids-60-pieces-contes-de-fees-blanche-neige\/p\/","url":"https:\/\/business.roovi.com\/fr\/super-puzzle-kids-60-pieces-contes-de-fees-blanche-neige\/p\/","name":"Super Puzzle Kids 60 pi\u00e8ces - Contes de f\u00e9es - Blanche-Neige","isPartOf":{"@id":"https:\/\/business.roovi.com\/fr\/#website"},"datePublished":"2018-04-16T10:56:17+00:00","dateModified":"2022-07-13T10:19:57+00:00","description":"Super Puzzle Kids 60 pi\u00e8ces - Contes de f\u00e9es - Blanche-Neige","breadcrumb":{"@id":"https:\/\/business.roovi.com\/fr\/super-puzzle-kids-60-pieces-contes-de-fees-blanche-neige\/p\/#breadcrumb"},"inLanguage":"fr-FR","potentialAction":[{"@type":"ReadAction","target":["https:\/\/business.roovi.com\/fr\/super-puzzle-kids-60-pieces-contes-de-fees-blanche-neige\/p\/"]}]},{"@type":"BreadcrumbList","@id":"https:\/\/business.roovi.com\/fr\/super-puzzle-kids-60-pieces-contes-de-fees-blanche-neige\/p\/#breadcrumb","itemListElement":[{"@type":"ListItem","position":1,"name":"Home","item":"https:\/\/business.roovi.com\/fr\/"},{"@type":"ListItem","position":2,"name":"Boutique","item":"https:\/\/business.roovi.com\/fr\/boutique\/"},{"@type":"ListItem","position":3,"name":"Super Puzzle Kids 60 pi\u00e8ces &#8211; Contes de f\u00e9es &#8211; Blanche-Neige"}]},{"@type":"WebSite","@id":"https:\/\/business.roovi.com\/fr\/#website","url":"https:\/\/business.roovi.com\/fr\/","name":"Roovi B2B","description":"Roovi Business Website","potentialAction":[{"@type":"SearchAction","target":{"@type":"EntryPoint","urlTemplate":"https:\/\/business.roovi.com\/fr\/?s={search_term_string}"},"query-input":"required name=search_term_string"}],"inLanguage":"fr-FR"}]}},"_links":{"self":[{"href":"https:\/\/business.roovi.com\/fr\/wp-json\/wp\/v2\/product\/52816","targetHints":{"allow":["GET"]}}],"collection":[{"href":"https:\/\/business.roovi.com\/fr\/wp-json\/wp\/v2\/product"}],"about":[{"href":"https:\/\/business.roovi.com\/fr\/wp-json\/wp\/v2\/types\/product"}],"version-history":[{"count":0,"href":"https:\/\/business.roovi.com\/fr\/wp-json\/wp\/v2\/product\/52816\/revisions"}],"wp:featuredmedia":[{"embeddable":true,"href":"https:\/\/business.roovi.com\/fr\/wp-json\/wp\/v2\/media\/46951"}],"wp:attachment":[{"href":"https:\/\/business.roovi.com\/fr\/wp-json\/wp\/v2\/media?parent=52816"}],"wp:term":[{"taxonomy":"product_brand","embeddable":true,"href":"https:\/\/business.roovi.com\/fr\/wp-json\/wp\/v2\/product_brand?post=52816"},{"taxonomy":"product_cat","embeddable":true,"href":"https:\/\/business.roovi.com\/fr\/wp-json\/wp\/v2\/product_cat?post=52816"},{"taxonomy":"product_tag","embeddable":true,"href":"https:\/\/business.roovi.com\/fr\/wp-json\/wp\/v2\/product_tag?post=52816"}],"curies":[{"name":"wp","href":"https:\/\/api.w.org\/{rel}","templated":true}]}}