{"id":52825,"date":"2018-04-16T10:56:17","date_gmt":"2018-04-16T10:56:17","guid":{"rendered":"https:\/\/business.roovi.com\/puzzle-adulti-1000-piese-locuri-celebre-biserica-maria-magdalena-ierusalim\/p\/"},"modified":"2022-07-13T10:20:04","modified_gmt":"2022-07-13T10:20:04","slug":"puzzle-adulte-1000-pieces-lieux-celebres-eglise-de-marie-madeleine-jerusalem","status":"publish","type":"product","link":"https:\/\/business.roovi.com\/fr\/puzzle-adulte-1000-pieces-lieux-celebres-eglise-de-marie-madeleine-jerusalem\/p\/","title":{"rendered":"Puzzle adulte 1000 pi\u00e8ces Lieux c\u00e9l\u00e8bres &#8211; \u00c9glise de Marie-Madeleine, J\u00e9rusalem"},"content":{"rendered":"<p><strong><em>La collection de puzzles pour adultes de 1000 pi\u00e8ces Famous Places rassemble des images fascinantes de sites embl\u00e9matiques du monde entier. Assemble des jeux de puzzle avec un design sp\u00e9cial et sois le propri\u00e9taire d&rsquo;une s\u00e9rie originale de tableaux artistiques compos\u00e9s de milliers de pi\u00e8ces de puzzle.<\/em><\/strong><\/p>\n<p><span style=\"font-weight: 400;\">J\u00e9rusalem est l&rsquo;une des plus anciennes villes du monde, c\u00e9l\u00e8bre pour son histoire fascinante et sa grande importance religieuse. Elle est consid\u00e9r\u00e9e comme une terre sainte et des voyageurs du monde entier de diff\u00e9rentes confessions et religions sont attir\u00e9s chaque ann\u00e9e par ses c\u00e9l\u00e8bres sites.<\/span><\/p>\n<p><span style=\"font-weight: 400;\">Le puzzle J\u00e9rusalem de 1000 pi\u00e8ces de la collection de puzzles Lieux c\u00e9l\u00e8bres repr\u00e9sente un lieu embl\u00e9matique de J\u00e9rusalem : l&rsquo;\u00e9glise de Marie-Madeleine. Situ\u00e9 sur le mont des Oliviers, pr\u00e8s du jardin de Geths\u00e9mani, il a \u00e9t\u00e9 fond\u00e9 par le tsar Alexandre III en 1888 en l&rsquo;honneur de sa m\u00e8re, la tsarine Maria Alexandrovna <\/span><\/p>\n<p><span style=\"font-weight: 400;\">Avec le puzzle de 1000 pi\u00e8ces de l&rsquo;\u00e9glise de J\u00e9rusalem de Marie-Madeleine, tu peux \u00eatre le cr\u00e9ateur d&rsquo;un tableau unique de ce merveilleux endroit \u00e0 l&rsquo;architecture russe particuli\u00e8re. Mets les pi\u00e8ces les unes apr\u00e8s les autres et regarde tes mains construire une cr\u00e9ation unique qui ravit tes yeux et r\u00e9jouit ton esprit.<\/span><\/p>\n<p><strong>Pourquoi choisir le puzzle adulte de 1000 pi\u00e8ces \u00c9glise de Marie-Madeleine \u00e0 J\u00e9rusalem ?<\/strong><\/p>\n<p><span style=\"font-weight: 400;\">C&rsquo;est un excellent moyen de se d\u00e9tendre et de d\u00e9couvrir le caract\u00e8re unique d&rsquo;un lieu embl\u00e9matique de J\u00e9rusalem.<\/span><\/p>\n<p><span style=\"font-weight: 400;\">Tu obtiens un tableau de 68 x 47 cm pour d\u00e9corer ta maison.<\/span><\/p>\n<p><span style=\"font-weight: 400;\">Les pi\u00e8ces sont fabriqu\u00e9es en carton de haute qualit\u00e9, elles sont donc solides et s&rsquo;assemblent parfaitement \u00e0 chaque montage.<\/span><\/p>\n<p><span style=\"font-weight: 400;\">Nous utilisons des mat\u00e9riaux durables et recyclables pour fabriquer chaque jeu de puzzle.<\/span><\/p>\n<p><span style=\"font-weight: 400;\">La finition est agr\u00e9able et les couleurs vives font ressortir la beaut\u00e9 de l&rsquo;image.<\/span><\/p>\n<p><span style=\"font-weight: 400;\">Le jeu de puzzle est adapt\u00e9 aux 14 ans et plus et a un niveau de difficult\u00e9 moyen.<\/span><\/p>\n<p><span style=\"font-weight: 400;\">Il augmente l&rsquo;attention aux d\u00e9tails et la concentration.<\/span><\/p>\n<p><span style=\"font-weight: 400;\">C&rsquo;est l&rsquo;occasion parfaite de socialiser avec des amis et de passer des soir\u00e9es relaxantes avec des \u00eatres chers.<\/span><\/p>\n<p><span style=\"font-weight: 400;\">C&rsquo;est une fa\u00e7on amusante d&rsquo;entra\u00eener ton esprit \u00e0 tout \u00e2ge.<\/span><\/p>\n<p><strong>Tu savais que&#8230; ?<\/strong><\/p>\n<p><span style=\"font-weight: 400;\">Le peintre russe Sergei Ivanov a \u00e9t\u00e9 charg\u00e9 de peindre l&rsquo;int\u00e9rieur de l&rsquo;\u00e9glise et il a peint plusieurs sc\u00e8nes d\u00e9crivant la vie de Marie-Madeleine, qui sont encore conserv\u00e9es aujourd&rsquo;hui <\/span><\/p>\n<p><span style=\"font-weight: 400;\">L&rsquo;\u00e9glise abrite l&rsquo;ic\u00f4ne miraculeuse de Notre Dame de la Guidance, apport\u00e9e du Liban. Elle semble \u00eatre rest\u00e9e intacte apr\u00e8s un incendie au 16e si\u00e8cle.<\/span><\/p>\n<p><span style=\"font-weight: 400;\">Une communaut\u00e9 monastique a \u00e9t\u00e9 fond\u00e9e ici en 1936 et aujourd&rsquo;hui 30 nonnes de diff\u00e9rentes nationalit\u00e9s y vivent.<\/span><\/p>\n<p><span style=\"font-weight: 400;\">La crypte de l&rsquo;\u00e9glise abrite \u00e9galement les restes terrestres de la princesse Alexandra de Gr\u00e8ce, m\u00e8re du duc d&rsquo;\u00c9dimbourg et belle-m\u00e8re de la reine Elizabeth II de Grande-Bretagne <\/span><\/p>\n<p><strong>Puzzle 1000 pi\u00e8ces J\u00e9rusalem d\u00e9connecte du rythme tr\u00e9pidant de la vie<\/strong><\/p>\n<p><span style=\"font-weight: 400;\">Avec le puzzle de 1000 pi\u00e8ces J\u00e9rusalem, \u00e9glise de Marie-Madeleine, tu t&#8217;embarques dans un voyage imaginaire qui r\u00e9v\u00e8le la beaut\u00e9 et le savoir-faire d&rsquo;un chef-d&rsquo;\u0153uvre unique. Concentre-toi bien, assemble chaque d\u00e9tail du puzzle de 1000 pi\u00e8ces et cr\u00e9e une image fascinante que tu admireras longtemps <\/span><\/p>\n<p><span style=\"font-weight: 400;\">C&rsquo;est le moment de te d\u00e9tendre et de te relaxer compl\u00e8tement. Profite de cette exp\u00e9rience cr\u00e9ative et imaginative unique <\/span><\/p>\n<p><span style=\"font-weight: 400;\">Choisis le puzzle J\u00e9rusalem 1000 pi\u00e8ces et garde-le chez toi pour ces moments o\u00f9 tu veux te d\u00e9connecter du quotidien ou passer du temps de qualit\u00e9 avec tes proches. Aussi, si tu veux offrir un cadeau sp\u00e9cial, ce jeu de puzzle est le choix id\u00e9al.<\/span><\/p><\/p>\n","protected":false},"excerpt":{"rendered":"<p>La collection de puzzles pour adultes de 1000 pi\u00e8ces Famous Places rassemble des images fascinantes de sites embl\u00e9matiques du monde<\/p>\n","protected":false},"featured_media":46983,"template":"","meta":[],"product_brand":[],"product_cat":[2314,2316,2315],"product_tag":[],"class_list":{"0":"post-52825","1":"product","2":"type-product","3":"status-publish","4":"has-post-thumbnail","6":"product_cat-puzzles-fr","7":"product_cat-puzzles-de-1000-pieces","8":"product_cat-puzzles-pour-adultes","9":"pa_bax-10-fr","10":"pa_brand-d_toys-fr","11":"pa_country_of_manufacture-ro-fr","12":"pa_filter_age-14-fr","13":"pa_painter-lieux-celebres","14":"pa_tip_ambalaj-boite","15":"pa_tip_puzzle-classique","17":"first","18":"instock","19":"taxable","20":"shipping-taxable","21":"product-type-simple"},"yoast_head":"<!-- This site is optimized with the Yoast SEO plugin v20.1 - https:\/\/yoast.com\/wordpress\/plugins\/seo\/ -->\n<title>Puzzle adulte 1000 pi\u00e8ces Lieux c\u00e9l\u00e8bres - \u00c9glise de Marie-Madeleine, J\u00e9rusalem<\/title>\n<meta name=\"description\" content=\"Puzzle adulte 1000 pi\u00e8ces Lieux c\u00e9l\u00e8bres - \u00c9glise de Marie-Madeleine, J\u00e9rusalem\" \/>\n<meta name=\"robots\" content=\"index, follow, max-snippet:-1, max-image-preview:large, max-video-preview:-1\" \/>\n<link rel=\"canonical\" href=\"https:\/\/business.roovi.com\/fr\/puzzle-adulte-1000-pieces-lieux-celebres-eglise-de-marie-madeleine-jerusalem\/p\/\" \/>\n<meta property=\"og:locale\" content=\"fr_FR\" \/>\n<meta property=\"og:type\" content=\"article\" \/>\n<meta property=\"og:title\" content=\"Puzzle adulte 1000 pi\u00e8ces Lieux c\u00e9l\u00e8bres - \u00c9glise de Marie-Madeleine, J\u00e9rusalem\" \/>\n<meta property=\"og:description\" content=\"Puzzle adulte 1000 pi\u00e8ces Lieux c\u00e9l\u00e8bres - \u00c9glise de Marie-Madeleine, J\u00e9rusalem\" \/>\n<meta property=\"og:url\" content=\"https:\/\/business.roovi.com\/fr\/puzzle-adulte-1000-pieces-lieux-celebres-eglise-de-marie-madeleine-jerusalem\/p\/\" \/>\n<meta property=\"og:site_name\" content=\"Roovi B2B\" \/>\n<meta property=\"article:publisher\" content=\"https:\/\/www.facebook.com\/wwwjucariero\" \/>\n<meta property=\"article:modified_time\" content=\"2022-07-13T10:20:04+00:00\" \/>\n<meta property=\"og:image\" content=\"https:\/\/business.roovi.com\/wp-content\/uploads\/2018\/04\/64288-10-ansamblu_dimensiuni-cutie-cm_vertical_1.png\" \/>\n\t<meta property=\"og:image:width\" content=\"1200\" \/>\n\t<meta property=\"og:image:height\" content=\"1200\" \/>\n\t<meta property=\"og:image:type\" content=\"image\/png\" \/>\n<meta name=\"twitter:label1\" content=\"Dur\u00e9e de lecture estim\u00e9e\" \/>\n\t<meta name=\"twitter:data1\" content=\"3 minutes\" \/>\n<script type=\"application\/ld+json\" class=\"yoast-schema-graph\">{\"@context\":\"https:\/\/schema.org\",\"@graph\":[{\"@type\":\"WebPage\",\"@id\":\"https:\/\/business.roovi.com\/fr\/puzzle-adulte-1000-pieces-lieux-celebres-eglise-de-marie-madeleine-jerusalem\/p\/\",\"url\":\"https:\/\/business.roovi.com\/fr\/puzzle-adulte-1000-pieces-lieux-celebres-eglise-de-marie-madeleine-jerusalem\/p\/\",\"name\":\"Puzzle adulte 1000 pi\u00e8ces Lieux c\u00e9l\u00e8bres - \u00c9glise de Marie-Madeleine, J\u00e9rusalem\",\"isPartOf\":{\"@id\":\"https:\/\/business.roovi.com\/fr\/#website\"},\"datePublished\":\"2018-04-16T10:56:17+00:00\",\"dateModified\":\"2022-07-13T10:20:04+00:00\",\"description\":\"Puzzle adulte 1000 pi\u00e8ces Lieux c\u00e9l\u00e8bres - \u00c9glise de Marie-Madeleine, J\u00e9rusalem\",\"breadcrumb\":{\"@id\":\"https:\/\/business.roovi.com\/fr\/puzzle-adulte-1000-pieces-lieux-celebres-eglise-de-marie-madeleine-jerusalem\/p\/#breadcrumb\"},\"inLanguage\":\"fr-FR\",\"potentialAction\":[{\"@type\":\"ReadAction\",\"target\":[\"https:\/\/business.roovi.com\/fr\/puzzle-adulte-1000-pieces-lieux-celebres-eglise-de-marie-madeleine-jerusalem\/p\/\"]}]},{\"@type\":\"BreadcrumbList\",\"@id\":\"https:\/\/business.roovi.com\/fr\/puzzle-adulte-1000-pieces-lieux-celebres-eglise-de-marie-madeleine-jerusalem\/p\/#breadcrumb\",\"itemListElement\":[{\"@type\":\"ListItem\",\"position\":1,\"name\":\"Home\",\"item\":\"https:\/\/business.roovi.com\/fr\/\"},{\"@type\":\"ListItem\",\"position\":2,\"name\":\"Boutique\",\"item\":\"https:\/\/business.roovi.com\/fr\/boutique\/\"},{\"@type\":\"ListItem\",\"position\":3,\"name\":\"Puzzle adulte 1000 pi\u00e8ces Lieux c\u00e9l\u00e8bres &#8211; \u00c9glise de Marie-Madeleine, J\u00e9rusalem\"}]},{\"@type\":\"WebSite\",\"@id\":\"https:\/\/business.roovi.com\/fr\/#website\",\"url\":\"https:\/\/business.roovi.com\/fr\/\",\"name\":\"Roovi B2B\",\"description\":\"Roovi Business Website\",\"potentialAction\":[{\"@type\":\"SearchAction\",\"target\":{\"@type\":\"EntryPoint\",\"urlTemplate\":\"https:\/\/business.roovi.com\/fr\/?s={search_term_string}\"},\"query-input\":\"required name=search_term_string\"}],\"inLanguage\":\"fr-FR\"}]}<\/script>\n<!-- \/ Yoast SEO plugin. -->","yoast_head_json":{"title":"Puzzle adulte 1000 pi\u00e8ces Lieux c\u00e9l\u00e8bres - \u00c9glise de Marie-Madeleine, J\u00e9rusalem","description":"Puzzle adulte 1000 pi\u00e8ces Lieux c\u00e9l\u00e8bres - \u00c9glise de Marie-Madeleine, J\u00e9rusalem","robots":{"index":"index","follow":"follow","max-snippet":"max-snippet:-1","max-image-preview":"max-image-preview:large","max-video-preview":"max-video-preview:-1"},"canonical":"https:\/\/business.roovi.com\/fr\/puzzle-adulte-1000-pieces-lieux-celebres-eglise-de-marie-madeleine-jerusalem\/p\/","og_locale":"fr_FR","og_type":"article","og_title":"Puzzle adulte 1000 pi\u00e8ces Lieux c\u00e9l\u00e8bres - \u00c9glise de Marie-Madeleine, J\u00e9rusalem","og_description":"Puzzle adulte 1000 pi\u00e8ces Lieux c\u00e9l\u00e8bres - \u00c9glise de Marie-Madeleine, J\u00e9rusalem","og_url":"https:\/\/business.roovi.com\/fr\/puzzle-adulte-1000-pieces-lieux-celebres-eglise-de-marie-madeleine-jerusalem\/p\/","og_site_name":"Roovi B2B","article_publisher":"https:\/\/www.facebook.com\/wwwjucariero","article_modified_time":"2022-07-13T10:20:04+00:00","og_image":[{"width":1200,"height":1200,"url":"https:\/\/business.roovi.com\/wp-content\/uploads\/2018\/04\/64288-10-ansamblu_dimensiuni-cutie-cm_vertical_1.png","type":"image\/png"}],"twitter_misc":{"Dur\u00e9e de lecture estim\u00e9e":"3 minutes"},"schema":{"@context":"https:\/\/schema.org","@graph":[{"@type":"WebPage","@id":"https:\/\/business.roovi.com\/fr\/puzzle-adulte-1000-pieces-lieux-celebres-eglise-de-marie-madeleine-jerusalem\/p\/","url":"https:\/\/business.roovi.com\/fr\/puzzle-adulte-1000-pieces-lieux-celebres-eglise-de-marie-madeleine-jerusalem\/p\/","name":"Puzzle adulte 1000 pi\u00e8ces Lieux c\u00e9l\u00e8bres - \u00c9glise de Marie-Madeleine, J\u00e9rusalem","isPartOf":{"@id":"https:\/\/business.roovi.com\/fr\/#website"},"datePublished":"2018-04-16T10:56:17+00:00","dateModified":"2022-07-13T10:20:04+00:00","description":"Puzzle adulte 1000 pi\u00e8ces Lieux c\u00e9l\u00e8bres - \u00c9glise de Marie-Madeleine, J\u00e9rusalem","breadcrumb":{"@id":"https:\/\/business.roovi.com\/fr\/puzzle-adulte-1000-pieces-lieux-celebres-eglise-de-marie-madeleine-jerusalem\/p\/#breadcrumb"},"inLanguage":"fr-FR","potentialAction":[{"@type":"ReadAction","target":["https:\/\/business.roovi.com\/fr\/puzzle-adulte-1000-pieces-lieux-celebres-eglise-de-marie-madeleine-jerusalem\/p\/"]}]},{"@type":"BreadcrumbList","@id":"https:\/\/business.roovi.com\/fr\/puzzle-adulte-1000-pieces-lieux-celebres-eglise-de-marie-madeleine-jerusalem\/p\/#breadcrumb","itemListElement":[{"@type":"ListItem","position":1,"name":"Home","item":"https:\/\/business.roovi.com\/fr\/"},{"@type":"ListItem","position":2,"name":"Boutique","item":"https:\/\/business.roovi.com\/fr\/boutique\/"},{"@type":"ListItem","position":3,"name":"Puzzle adulte 1000 pi\u00e8ces Lieux c\u00e9l\u00e8bres &#8211; \u00c9glise de Marie-Madeleine, J\u00e9rusalem"}]},{"@type":"WebSite","@id":"https:\/\/business.roovi.com\/fr\/#website","url":"https:\/\/business.roovi.com\/fr\/","name":"Roovi B2B","description":"Roovi Business Website","potentialAction":[{"@type":"SearchAction","target":{"@type":"EntryPoint","urlTemplate":"https:\/\/business.roovi.com\/fr\/?s={search_term_string}"},"query-input":"required name=search_term_string"}],"inLanguage":"fr-FR"}]}},"_links":{"self":[{"href":"https:\/\/business.roovi.com\/fr\/wp-json\/wp\/v2\/product\/52825","targetHints":{"allow":["GET"]}}],"collection":[{"href":"https:\/\/business.roovi.com\/fr\/wp-json\/wp\/v2\/product"}],"about":[{"href":"https:\/\/business.roovi.com\/fr\/wp-json\/wp\/v2\/types\/product"}],"version-history":[{"count":0,"href":"https:\/\/business.roovi.com\/fr\/wp-json\/wp\/v2\/product\/52825\/revisions"}],"wp:featuredmedia":[{"embeddable":true,"href":"https:\/\/business.roovi.com\/fr\/wp-json\/wp\/v2\/media\/46983"}],"wp:attachment":[{"href":"https:\/\/business.roovi.com\/fr\/wp-json\/wp\/v2\/media?parent=52825"}],"wp:term":[{"taxonomy":"product_brand","embeddable":true,"href":"https:\/\/business.roovi.com\/fr\/wp-json\/wp\/v2\/product_brand?post=52825"},{"taxonomy":"product_cat","embeddable":true,"href":"https:\/\/business.roovi.com\/fr\/wp-json\/wp\/v2\/product_cat?post=52825"},{"taxonomy":"product_tag","embeddable":true,"href":"https:\/\/business.roovi.com\/fr\/wp-json\/wp\/v2\/product_tag?post=52825"}],"curies":[{"name":"wp","href":"https:\/\/api.w.org\/{rel}","templated":true}]}}