{"id":52832,"date":"2018-04-16T10:56:17","date_gmt":"2018-04-16T10:56:17","guid":{"rendered":"https:\/\/business.roovi.com\/puzzle-adulti-1000-piese-locuri-celebre-biserica-sfantului-mormant-ierusalim\/p\/"},"modified":"2022-07-13T10:20:12","modified_gmt":"2022-07-13T10:20:12","slug":"puzzle-adulte-1000-pieces-lieux-celebres-eglise-du-saint-sepulcre-jerusalem","status":"publish","type":"product","link":"https:\/\/business.roovi.com\/fr\/puzzle-adulte-1000-pieces-lieux-celebres-eglise-du-saint-sepulcre-jerusalem\/p\/","title":{"rendered":"Puzzle adulte 1000 pi\u00e8ces Lieux c\u00e9l\u00e8bres &#8211; \u00c9glise du Saint-S\u00e9pulcre, J\u00e9rusalem"},"content":{"rendered":"<p><strong><em>La gamme de jeux de r\u00e9flexion Famous Places rassemble des images de nombreuses attractions touristiques du monde entier. Fais correspondre les pi\u00e8ces du puzzle 1000 et obtiens de belles photos de lieux inoubliables.<\/em><\/strong><\/p>\n<p><span style=\"font-weight: 400;\">Le site du Saint-S\u00e9pulcre est le lieu de p\u00e8lerinage le plus embl\u00e9matique du monde chr\u00e9tien. Si tu appr\u00e9cies les lieux saints ayant une charge particuli\u00e8re pour le monde chr\u00e9tien, tu seras heureux de trouver une image parfaite de l&rsquo;\u00e9glise du Saint-S\u00e9pulcre \u00e0 J\u00e9rusalem dans un puzzle de 1000 pi\u00e8ces au design exceptionnel <\/span><\/p>\n<p><span style=\"font-weight: 400;\">L&rsquo;\u00e9glise du Saint-S\u00e9pulcre abrite deux des sites les plus embl\u00e9matiques pour les chr\u00e9tiens : le Golgotha, le lieu o\u00f9 J\u00e9sus a \u00e9t\u00e9 crucifi\u00e9, et le tombeau o\u00f9 il a \u00e9t\u00e9 enterr\u00e9 et est ressuscit\u00e9. C&rsquo;est pourquoi on l&rsquo;appelle aussi l&rsquo;\u00c9glise de la R\u00e9surrection. L&rsquo;\u00e9glise actuelle a \u00e9t\u00e9 construite au 11e si\u00e8cle sur le site o\u00f9, au 4e si\u00e8cle, l&#8217;empereur Constantin le Grand avait construit la premi\u00e8re \u00e9glise d\u00e9di\u00e9e \u00e0 la R\u00e9surrection.<\/span><\/p>\n<p><span style=\"font-weight: 400;\">C&rsquo;est incroyable de voir comment on peut reconstruire un monument \u00e0 l&rsquo;histoire fascinante, rempli de l\u00e9gendes et de symboles, \u00e0 partir de 1000 pi\u00e8ces de puzzle. Rel\u00e8ve le d\u00e9fi et construis \u00e0 partir d&rsquo;un puzzle un superbe tableau que tu admireras longtemps chaque fois que tu ressentiras le besoin de sortir de ta routine quotidienne. De plus, le puzzle de 1000 pi\u00e8ces de l&rsquo;\u00c9glise du Saint-S\u00e9pulcre est un moyen relaxant de d\u00e9couvrir la beaut\u00e9 d&rsquo;un monument embl\u00e9matique de l&rsquo;histoire de l&rsquo;humanit\u00e9.<\/span><\/p>\n<p><strong>Pourquoi choisir un puzzle de 1000 pi\u00e8ces de la collection de puzzles Lieux C\u00e9l\u00e8bres ?<\/strong><\/p>\n<p><span style=\"font-weight: 400;\">Un puzzle de 1000 pi\u00e8ces est un moyen incroyable de d\u00e9couvrir des lieux embl\u00e9matiques ayant une longue histoire et un symbolisme particulier.<\/span><\/p>\n<p><span style=\"font-weight: 400;\">Tu as la possibilit\u00e9 de construire pi\u00e8ce par pi\u00e8ce l&rsquo;image d&rsquo;un lieu tenu pour sacr\u00e9 par des millions de personnes.<\/span><\/p>\n<p><span style=\"font-weight: 400;\">Le tableau de 68 x 47 cm sera un objet d\u00e9coratif id\u00e9al pour faire ressortir l&rsquo;anonymat de tout endroit terne de ta maison.<\/span><\/p>\n<p><span style=\"font-weight: 400;\">Chacun de nos puzzles est fabriqu\u00e9 en carton de haute qualit\u00e9, ce qui donne aux pi\u00e8ces une r\u00e9sistance suppl\u00e9mentaire, m\u00eame apr\u00e8s d&rsquo;innombrables assemblages.<\/span><\/p>\n<p><span style=\"font-weight: 400;\">La finition est semi-brillante, dans des couleurs vives qui font ressortir la clart\u00e9 de l&rsquo;image.<\/span><\/p>\n<p><span style=\"font-weight: 400;\">Il est fabriqu\u00e9 \u00e0 partir de mat\u00e9riaux recyclables et durables.<\/span><\/p>\n<p><span style=\"font-weight: 400;\">Convient aux plus de 14 ans &#8211; une bonne occasion de retravailler l&rsquo;image avec les adolescents.<\/span><\/p>\n<p><span style=\"font-weight: 400;\">C&rsquo;est un excellent moyen d&rsquo;entra\u00eener ton esprit et de cultiver ta cr\u00e9ativit\u00e9.<\/span><\/p>\n<p><span style=\"font-weight: 400;\">Il t&rsquo;aide \u00e0 d\u00e9velopper des comp\u00e9tences telles que la m\u00e9moire, la pens\u00e9e logique, la dext\u00e9rit\u00e9 et la motricit\u00e9 fine.<\/span><\/p>\n<p><strong>Tu savais que&#8230; ?<\/strong><\/p>\n<p><span style=\"font-weight: 400;\">L&#8217;empereur romain Hadrien, au 2e si\u00e8cle de notre \u00e8re, a construit un temple \u00e0 la d\u00e9esse Aphrodite pour enterrer la grotte o\u00f9 J\u00e9sus a \u00e9t\u00e9 enterr\u00e9. Vers 325, le premier empereur chr\u00e9tien, Constantin le Grand, a ordonn\u00e9 la construction d&rsquo;une \u00e9glise sur le site.<\/span><\/p>\n<p><span style=\"font-weight: 400;\">L&rsquo;\u00e9glise a \u00e9t\u00e9 d\u00e9truite et reconstruite plusieurs fois au fil des ans. Celle d&rsquo;aujourd&rsquo;hui date de 1149, pendant la p\u00e9riode des croisades.<\/span><\/p>\n<p><span style=\"font-weight: 400;\">Le b\u00e2timent compte 7 pi\u00e8ces et est divis\u00e9 en sections appartenant \u00e0 diff\u00e9rentes religions : grecque orthodoxe, catholique romaine, arm\u00e9nienne, copte, \u00e9thiopienne orthodoxe et syrienne.<\/span><\/p>\n<p><span style=\"font-weight: 400;\">Le Saint-S\u00e9pulcre appartient aux communaut\u00e9s grecque, catholique et arm\u00e9nienne. Elle est de forme rectangulaire et un petit morceau de la roche du tombeau de J\u00e9sus s&rsquo;y trouve.<\/span><\/p>\n<p><strong>L&rsquo;\u00e9glise du Saint-S\u00e9pulcre puzzle 1000 pi\u00e8ces &#8211; une occasion de m\u00e9diter et de se d\u00e9connecter du quotidien<\/strong><\/p>\n<p><span style=\"font-weight: 400;\">Si tu veux profiter de quelques heures de d\u00e9tente profonde dans le calme, le puzzle de l&rsquo;\u00c9glise du Saint-S\u00e9pulcre de 1000 pi\u00e8ces est l&rsquo;option parfaite. Dans les lieux saints, on dit que le temps et l&rsquo;espace ont une autre dimension et que la connexion avec le divin est profonde. Recr\u00e9er un puzzle de 1000 pi\u00e8ces avec des images de ces lieux d&rsquo;\u00e9nergie divine te donne l&rsquo;occasion de voyager avec ton esprit dans des royaumes lointains et de te d\u00e9tacher des soucis quotidiens.<\/span><\/p>\n<p><span style=\"font-weight: 400;\">Assembler un jeu de puzzle a les effets de la m\u00e9ditation profonde pr\u00e9cis\u00e9ment parce qu&rsquo;il maintient ton attention sur une t\u00e2che pr\u00e9cise pendant un long moment. Cela lib\u00e8re l&rsquo;esprit des pens\u00e9es n\u00e9gatives et du stress quotidien et tu ressens un \u00e9tat de paix bien n\u00e9cessaire.<\/span><\/p>\n<p><span style=\"font-weight: 400;\">Le puzzle 1000 pi\u00e8ces de l&rsquo;\u00c9glise du Saint-S\u00e9pulcre peut aussi \u00eatre l&rsquo;occasion de passer ton temps libre avec tes proches. Organise une s\u00e9ance de puzzle avec tes enfants, raconte des histoires sur l&rsquo;histoire du lieu ou la vie de J\u00e9sus. Transforme un jeu de puzzle en une session d&rsquo;apprentissage et de cr\u00e9ation passionnante.<\/span><\/p>\n<p><span style=\"font-weight: 400;\">D\u00e9couvre tous les puzzles pour adultes de 1000 pi\u00e8ces de la collection de puzzles Lieux c\u00e9l\u00e8bres et cr\u00e9e ta propre collection unique d&rsquo;images repr\u00e9sentant des sites f\u00e9eriques du monde entier.<\/span><\/p><\/p>\n","protected":false},"excerpt":{"rendered":"<p>La gamme de jeux de r\u00e9flexion Famous Places rassemble des images de nombreuses attractions touristiques du monde entier. Fais correspondre<\/p>\n","protected":false},"featured_media":47005,"template":"","meta":[],"product_brand":[],"product_cat":[2314,2316,2315],"product_tag":[],"class_list":{"0":"post-52832","1":"product","2":"type-product","3":"status-publish","4":"has-post-thumbnail","6":"product_cat-puzzles-fr","7":"product_cat-puzzles-de-1000-pieces","8":"product_cat-puzzles-pour-adultes","9":"pa_bax-10-fr","10":"pa_brand-d_toys-fr","11":"pa_country_of_manufacture-ro-fr","12":"pa_filter_age-14-fr","13":"pa_painter-lieux-celebres","14":"pa_tip_ambalaj-boite","15":"pa_tip_puzzle-classique","17":"first","18":"instock","19":"taxable","20":"shipping-taxable","21":"product-type-simple"},"yoast_head":"<!-- This site is optimized with the Yoast SEO plugin v20.1 - https:\/\/yoast.com\/wordpress\/plugins\/seo\/ -->\n<title>Puzzle adulte 1000 pi\u00e8ces Lieux c\u00e9l\u00e8bres - \u00c9glise du Saint-S\u00e9pulcre, J\u00e9rusalem<\/title>\n<meta name=\"description\" content=\"Puzzle adulte 1000 pi\u00e8ces Lieux c\u00e9l\u00e8bres - \u00c9glise du Saint-S\u00e9pulcre, J\u00e9rusalem\" \/>\n<meta name=\"robots\" content=\"index, follow, max-snippet:-1, max-image-preview:large, max-video-preview:-1\" \/>\n<link rel=\"canonical\" href=\"https:\/\/business.roovi.com\/fr\/puzzle-adulte-1000-pieces-lieux-celebres-eglise-du-saint-sepulcre-jerusalem\/p\/\" \/>\n<meta property=\"og:locale\" content=\"fr_FR\" \/>\n<meta property=\"og:type\" content=\"article\" \/>\n<meta property=\"og:title\" content=\"Puzzle adulte 1000 pi\u00e8ces Lieux c\u00e9l\u00e8bres - \u00c9glise du Saint-S\u00e9pulcre, J\u00e9rusalem\" \/>\n<meta property=\"og:description\" content=\"Puzzle adulte 1000 pi\u00e8ces Lieux c\u00e9l\u00e8bres - \u00c9glise du Saint-S\u00e9pulcre, J\u00e9rusalem\" \/>\n<meta property=\"og:url\" content=\"https:\/\/business.roovi.com\/fr\/puzzle-adulte-1000-pieces-lieux-celebres-eglise-du-saint-sepulcre-jerusalem\/p\/\" \/>\n<meta property=\"og:site_name\" content=\"Roovi B2B\" \/>\n<meta property=\"article:publisher\" content=\"https:\/\/www.facebook.com\/wwwjucariero\" \/>\n<meta property=\"article:modified_time\" content=\"2022-07-13T10:20:12+00:00\" \/>\n<meta property=\"og:image\" content=\"https:\/\/business.roovi.com\/wp-content\/uploads\/2018\/04\/64288-11_ansamblu_dimensiuni_cutie_cm_orizontal.png\" \/>\n\t<meta property=\"og:image:width\" content=\"1200\" \/>\n\t<meta property=\"og:image:height\" content=\"1200\" \/>\n\t<meta property=\"og:image:type\" content=\"image\/png\" \/>\n<meta name=\"twitter:label1\" content=\"Dur\u00e9e de lecture estim\u00e9e\" \/>\n\t<meta name=\"twitter:data1\" content=\"4 minutes\" \/>\n<script type=\"application\/ld+json\" class=\"yoast-schema-graph\">{\"@context\":\"https:\/\/schema.org\",\"@graph\":[{\"@type\":\"WebPage\",\"@id\":\"https:\/\/business.roovi.com\/fr\/puzzle-adulte-1000-pieces-lieux-celebres-eglise-du-saint-sepulcre-jerusalem\/p\/\",\"url\":\"https:\/\/business.roovi.com\/fr\/puzzle-adulte-1000-pieces-lieux-celebres-eglise-du-saint-sepulcre-jerusalem\/p\/\",\"name\":\"Puzzle adulte 1000 pi\u00e8ces Lieux c\u00e9l\u00e8bres - \u00c9glise du Saint-S\u00e9pulcre, J\u00e9rusalem\",\"isPartOf\":{\"@id\":\"https:\/\/business.roovi.com\/fr\/#website\"},\"datePublished\":\"2018-04-16T10:56:17+00:00\",\"dateModified\":\"2022-07-13T10:20:12+00:00\",\"description\":\"Puzzle adulte 1000 pi\u00e8ces Lieux c\u00e9l\u00e8bres - \u00c9glise du Saint-S\u00e9pulcre, J\u00e9rusalem\",\"breadcrumb\":{\"@id\":\"https:\/\/business.roovi.com\/fr\/puzzle-adulte-1000-pieces-lieux-celebres-eglise-du-saint-sepulcre-jerusalem\/p\/#breadcrumb\"},\"inLanguage\":\"fr-FR\",\"potentialAction\":[{\"@type\":\"ReadAction\",\"target\":[\"https:\/\/business.roovi.com\/fr\/puzzle-adulte-1000-pieces-lieux-celebres-eglise-du-saint-sepulcre-jerusalem\/p\/\"]}]},{\"@type\":\"BreadcrumbList\",\"@id\":\"https:\/\/business.roovi.com\/fr\/puzzle-adulte-1000-pieces-lieux-celebres-eglise-du-saint-sepulcre-jerusalem\/p\/#breadcrumb\",\"itemListElement\":[{\"@type\":\"ListItem\",\"position\":1,\"name\":\"Home\",\"item\":\"https:\/\/business.roovi.com\/fr\/\"},{\"@type\":\"ListItem\",\"position\":2,\"name\":\"Boutique\",\"item\":\"https:\/\/business.roovi.com\/fr\/boutique\/\"},{\"@type\":\"ListItem\",\"position\":3,\"name\":\"Puzzle adulte 1000 pi\u00e8ces Lieux c\u00e9l\u00e8bres &#8211; \u00c9glise du Saint-S\u00e9pulcre, J\u00e9rusalem\"}]},{\"@type\":\"WebSite\",\"@id\":\"https:\/\/business.roovi.com\/fr\/#website\",\"url\":\"https:\/\/business.roovi.com\/fr\/\",\"name\":\"Roovi B2B\",\"description\":\"Roovi Business Website\",\"potentialAction\":[{\"@type\":\"SearchAction\",\"target\":{\"@type\":\"EntryPoint\",\"urlTemplate\":\"https:\/\/business.roovi.com\/fr\/?s={search_term_string}\"},\"query-input\":\"required name=search_term_string\"}],\"inLanguage\":\"fr-FR\"}]}<\/script>\n<!-- \/ Yoast SEO plugin. -->","yoast_head_json":{"title":"Puzzle adulte 1000 pi\u00e8ces Lieux c\u00e9l\u00e8bres - \u00c9glise du Saint-S\u00e9pulcre, J\u00e9rusalem","description":"Puzzle adulte 1000 pi\u00e8ces Lieux c\u00e9l\u00e8bres - \u00c9glise du Saint-S\u00e9pulcre, J\u00e9rusalem","robots":{"index":"index","follow":"follow","max-snippet":"max-snippet:-1","max-image-preview":"max-image-preview:large","max-video-preview":"max-video-preview:-1"},"canonical":"https:\/\/business.roovi.com\/fr\/puzzle-adulte-1000-pieces-lieux-celebres-eglise-du-saint-sepulcre-jerusalem\/p\/","og_locale":"fr_FR","og_type":"article","og_title":"Puzzle adulte 1000 pi\u00e8ces Lieux c\u00e9l\u00e8bres - \u00c9glise du Saint-S\u00e9pulcre, J\u00e9rusalem","og_description":"Puzzle adulte 1000 pi\u00e8ces Lieux c\u00e9l\u00e8bres - \u00c9glise du Saint-S\u00e9pulcre, J\u00e9rusalem","og_url":"https:\/\/business.roovi.com\/fr\/puzzle-adulte-1000-pieces-lieux-celebres-eglise-du-saint-sepulcre-jerusalem\/p\/","og_site_name":"Roovi B2B","article_publisher":"https:\/\/www.facebook.com\/wwwjucariero","article_modified_time":"2022-07-13T10:20:12+00:00","og_image":[{"width":1200,"height":1200,"url":"https:\/\/business.roovi.com\/wp-content\/uploads\/2018\/04\/64288-11_ansamblu_dimensiuni_cutie_cm_orizontal.png","type":"image\/png"}],"twitter_misc":{"Dur\u00e9e de lecture estim\u00e9e":"4 minutes"},"schema":{"@context":"https:\/\/schema.org","@graph":[{"@type":"WebPage","@id":"https:\/\/business.roovi.com\/fr\/puzzle-adulte-1000-pieces-lieux-celebres-eglise-du-saint-sepulcre-jerusalem\/p\/","url":"https:\/\/business.roovi.com\/fr\/puzzle-adulte-1000-pieces-lieux-celebres-eglise-du-saint-sepulcre-jerusalem\/p\/","name":"Puzzle adulte 1000 pi\u00e8ces Lieux c\u00e9l\u00e8bres - \u00c9glise du Saint-S\u00e9pulcre, J\u00e9rusalem","isPartOf":{"@id":"https:\/\/business.roovi.com\/fr\/#website"},"datePublished":"2018-04-16T10:56:17+00:00","dateModified":"2022-07-13T10:20:12+00:00","description":"Puzzle adulte 1000 pi\u00e8ces Lieux c\u00e9l\u00e8bres - \u00c9glise du Saint-S\u00e9pulcre, J\u00e9rusalem","breadcrumb":{"@id":"https:\/\/business.roovi.com\/fr\/puzzle-adulte-1000-pieces-lieux-celebres-eglise-du-saint-sepulcre-jerusalem\/p\/#breadcrumb"},"inLanguage":"fr-FR","potentialAction":[{"@type":"ReadAction","target":["https:\/\/business.roovi.com\/fr\/puzzle-adulte-1000-pieces-lieux-celebres-eglise-du-saint-sepulcre-jerusalem\/p\/"]}]},{"@type":"BreadcrumbList","@id":"https:\/\/business.roovi.com\/fr\/puzzle-adulte-1000-pieces-lieux-celebres-eglise-du-saint-sepulcre-jerusalem\/p\/#breadcrumb","itemListElement":[{"@type":"ListItem","position":1,"name":"Home","item":"https:\/\/business.roovi.com\/fr\/"},{"@type":"ListItem","position":2,"name":"Boutique","item":"https:\/\/business.roovi.com\/fr\/boutique\/"},{"@type":"ListItem","position":3,"name":"Puzzle adulte 1000 pi\u00e8ces Lieux c\u00e9l\u00e8bres &#8211; \u00c9glise du Saint-S\u00e9pulcre, J\u00e9rusalem"}]},{"@type":"WebSite","@id":"https:\/\/business.roovi.com\/fr\/#website","url":"https:\/\/business.roovi.com\/fr\/","name":"Roovi B2B","description":"Roovi Business Website","potentialAction":[{"@type":"SearchAction","target":{"@type":"EntryPoint","urlTemplate":"https:\/\/business.roovi.com\/fr\/?s={search_term_string}"},"query-input":"required name=search_term_string"}],"inLanguage":"fr-FR"}]}},"_links":{"self":[{"href":"https:\/\/business.roovi.com\/fr\/wp-json\/wp\/v2\/product\/52832","targetHints":{"allow":["GET"]}}],"collection":[{"href":"https:\/\/business.roovi.com\/fr\/wp-json\/wp\/v2\/product"}],"about":[{"href":"https:\/\/business.roovi.com\/fr\/wp-json\/wp\/v2\/types\/product"}],"version-history":[{"count":0,"href":"https:\/\/business.roovi.com\/fr\/wp-json\/wp\/v2\/product\/52832\/revisions"}],"wp:featuredmedia":[{"embeddable":true,"href":"https:\/\/business.roovi.com\/fr\/wp-json\/wp\/v2\/media\/47005"}],"wp:attachment":[{"href":"https:\/\/business.roovi.com\/fr\/wp-json\/wp\/v2\/media?parent=52832"}],"wp:term":[{"taxonomy":"product_brand","embeddable":true,"href":"https:\/\/business.roovi.com\/fr\/wp-json\/wp\/v2\/product_brand?post=52832"},{"taxonomy":"product_cat","embeddable":true,"href":"https:\/\/business.roovi.com\/fr\/wp-json\/wp\/v2\/product_cat?post=52832"},{"taxonomy":"product_tag","embeddable":true,"href":"https:\/\/business.roovi.com\/fr\/wp-json\/wp\/v2\/product_tag?post=52832"}],"curies":[{"name":"wp","href":"https:\/\/api.w.org\/{rel}","templated":true}]}}