{"id":52840,"date":"2018-04-16T10:56:17","date_gmt":"2018-04-16T10:56:17","guid":{"rendered":"https:\/\/business.roovi.com\/puzzle-adulti-1000-piese-peisaje-de-zi-gent-belgia\/p\/"},"modified":"2022-07-13T10:20:16","modified_gmt":"2022-07-13T10:20:16","slug":"puzzle-adulte-de-1000-pieces-paysages-de-jour-gand-belgique","status":"publish","type":"product","link":"https:\/\/business.roovi.com\/fr\/puzzle-adulte-de-1000-pieces-paysages-de-jour-gand-belgique\/p\/","title":{"rendered":"Puzzle adulte de 1000 pi\u00e8ces Paysages de jour &#8211; Gand, Belgique"},"content":{"rendered":"<p><strong><em>Es-tu un ma\u00eetre du puzzle ? D\u00e9couvre la collection de puzzles de 1000 pi\u00e8ces Landscapes by Day et cr\u00e9e de magnifiques tableaux de lieux c\u00e9l\u00e8bres du monde entier.<\/em><\/strong><\/p>\n<p><span style=\"font-weight: 400;\">Le puzzle de 1000 pi\u00e8ces avec un paysage de jour de la ville de Gand te donne une sorte de pause mentale dans la ville et t&#8217;emm\u00e8ne dans l&rsquo;une des villes les plus dynamiques de Belgique <\/span><\/p>\n<p><span style=\"font-weight: 400;\">Au 14e si\u00e8cle, Gand \u00e9tait l&rsquo;une des villes les plus importantes d&rsquo;Europe. Elle \u00e9tait plus grande que Londres et deuxi\u00e8me apr\u00e8s Paris, avec une population de 60 000 habitants. Au 19e si\u00e8cle, elle \u00e9tait la premi\u00e8re ville industrielle de Belgique et est rest\u00e9e l&rsquo;une des principales villes d&rsquo;Europe.<\/span><\/p>\n<p><span style=\"font-weight: 400;\">Aujourd&rsquo;hui, la ville peut se vanter d&rsquo;avoir le plus de b\u00e2timents class\u00e9s en Belgique. Une ville avec une longue histoire et un patrimoine architectural extraordinaire. Tu peux d\u00e9couvrir la ville le plus facilement \u00e0 pied, \u00e0 bord de bateaux traversant les fascinants canaux ou \u00e0 v\u00e9lo. Ou, pourquoi pas, gr\u00e2ce \u00e0 ce jeu de r\u00e9flexion sp\u00e9cial.<\/span><\/p>\n<p><span style=\"font-weight: 400;\">Remets chaque pi\u00e8ce du puzzle 1000 \u00e0 sa place dans la grande image et recr\u00e9e l&rsquo;image de la ville \u00e0 la lumi\u00e8re du jour. Le tableau r\u00e9sultant mesure 68 x 47 cm et peut \u00eatre un centre de table d\u00e9coratif pour embellir ta maison.<\/span><\/p>\n<p><strong>Pourquoi choisir un puzzle de 1000 pi\u00e8ces de la collection Paysages de jour ?  <\/strong><\/p>\n<p><span style=\"font-weight: 400;\">C&rsquo;est un moyen incroyable de se d\u00e9tendre et de d\u00e9couvrir des sites admir\u00e9s par le monde entier.<\/span><\/p>\n<p><span style=\"font-weight: 400;\">Ce jeu de puzzle exige les deux h\u00e9misph\u00e8res c\u00e9r\u00e9braux et constitue donc un entra\u00eenement complexe pour le cerveau humain.<\/span><\/p>\n<p><span style=\"font-weight: 400;\">Elle cultive la patience, la pers\u00e9v\u00e9rance et le souci du d\u00e9tail.<\/span><\/p>\n<p><span style=\"font-weight: 400;\">Les pi\u00e8ces du puzzle 1000 sont fabriqu\u00e9es en carton bleu de haute qualit\u00e9, sont d\u00e9coup\u00e9es avec pr\u00e9cision et s&#8217;embo\u00eetent parfaitement, m\u00eame si le jeu de puzzle est assembl\u00e9 plusieurs fois.<\/span><\/p>\n<p><span style=\"font-weight: 400;\">Chaque puzzle de 1000 pi\u00e8ces est fabriqu\u00e9 \u00e0 partir de mat\u00e9riaux durables et recyclables.<\/span><\/p>\n<p><span style=\"font-weight: 400;\">Ses finitions semi-brillantes et ses couleurs vives font ressortir la beaut\u00e9 et la clart\u00e9 de l&rsquo;image.<\/span><\/p>\n<p><span style=\"font-weight: 400;\">Il convient aux personnes \u00e2g\u00e9es de 14 ans et plus et pr\u00e9sente un niveau de difficult\u00e9 moyen.<\/span><\/p>\n<p><strong>Tu savais que&#8230; ?<\/strong><\/p>\n<p><span style=\"font-weight: 400;\">Les habitants de Gand ont le surnom de <\/span><em><span style=\"font-weight: 400;\">stroppendragers<\/span><\/em><span style=\"font-weight: 400;\">ce qui signifie <\/span><span style=\"font-weight: 400;\">\u00ab\u00a0<\/span><span style=\"font-weight: 400;\">les accrocheurs<\/span><span style=\"font-weight: 400;\">\u00ab\u00a0<\/span><span style=\"font-weight: 400;\">. Leur nom remonte \u00e0 1540, lorsque Charles V a puni les nobles qui ne voulaient plus payer leurs cotisations accrues en les faisant d\u00e9filer pieds nus dans la ville avec des n\u0153uds coulants autour du cou.<\/span><\/p>\n<p><span style=\"font-weight: 400;\">L&rsquo;une des principales attractions de Gand est la cath\u00e9drale Saint-Bavon, o\u00f9 tu peux admirer le c\u00e9l\u00e8bre chef-d&rsquo;\u0153uvre des fr\u00e8res Jan et Hubert van Eyck, <\/span><em><span style=\"font-weight: 400;\">L&rsquo;adoration de l&rsquo;agneau mystique<\/span><\/em><span style=\"font-weight: 400;\">.<\/span><\/p>\n<p><span style=\"font-weight: 400;\">Op\u00e9ra <\/span><em><span style=\"font-weight: 400;\">Adoration de l&rsquo;agneau mystique <\/span><\/em><span style=\"font-weight: 400;\">est le chef-d&rsquo;\u0153uvre m\u00e9di\u00e9val le plus fr\u00e9quemment vol\u00e9 de l&rsquo;histoire <\/span><\/p>\n<p><span style=\"font-weight: 400;\">En tant que pionnier dans le domaine de la musique, l&rsquo;UNESCO a d\u00e9cern\u00e9 \u00e0 Gand en 2009 la distinction de \u00ab\u00a0Ville cr\u00e9ative de la musique\u00a0\u00bb.<\/span><\/p>\n<p><span style=\"font-weight: 400;\"> <\/span><strong>D\u00e9couvre une activit\u00e9 amusante gr\u00e2ce au puzzle pour adultes de 1000 pi\u00e8ces<\/strong><\/p>\n<p><span style=\"font-weight: 400;\">Lorsque tu recr\u00e9es l&rsquo;image du puzzle de 1000 pi\u00e8ces Gent, Belgique, ton esprit se livre \u00e0 un exercice complet. Les deux h\u00e9misph\u00e8res c\u00e9r\u00e9braux sont entra\u00een\u00e9s et le jeu de puzzle stimule donc l&rsquo;imagination et d\u00e9veloppe la pens\u00e9e logique. Il t&rsquo;aide aussi \u00e0 augmenter ta productivit\u00e9 et \u00e0 trouver la bonne solution m\u00eame dans les situations o\u00f9 tout semble impossible.<\/span><\/p>\n<p><span style=\"font-weight: 400;\">Passer du temps \u00e0 assembler un beau paysage d&rsquo;une ville europ\u00e9enne est une fa\u00e7on de recharger tes batteries apr\u00e8s une longue journ\u00e9e de travail. De plus, cela peut \u00eatre l&rsquo;occasion de passer du temps de qualit\u00e9 avec ta famille et de renforcer tes relations avec tes proches.<\/span><\/p>\n<p><span style=\"font-weight: 400;\">Alors choisis le puzzle de 1000 pi\u00e8ces Gand, Belgique de la collection de puzzles Paysages de jour et profite de tous les avantages qu&rsquo;offre un jeu de puzzle.<\/span><\/p><\/p>\n","protected":false},"excerpt":{"rendered":"<p>Es-tu un ma\u00eetre du puzzle ? D\u00e9couvre la collection de puzzles de 1000 pi\u00e8ces Landscapes by Day et cr\u00e9e de<\/p>\n","protected":false},"featured_media":47031,"template":"","meta":[],"product_brand":[],"product_cat":[2314,2316,2315],"product_tag":[],"class_list":{"0":"post-52840","1":"product","2":"type-product","3":"status-publish","4":"has-post-thumbnail","6":"product_cat-puzzles-fr","7":"product_cat-puzzles-de-1000-pieces","8":"product_cat-puzzles-pour-adultes","9":"pa_bax-10-fr","10":"pa_brand-d_toys-fr","11":"pa_country_of_manufacture-ro-fr","12":"pa_filter_age-14-fr","13":"pa_painter-landscapes-fr","14":"pa_tip_ambalaj-boite","15":"pa_tip_puzzle-classique","17":"first","18":"instock","19":"taxable","20":"shipping-taxable","21":"product-type-simple"},"yoast_head":"<!-- This site is optimized with the Yoast SEO plugin v20.1 - https:\/\/yoast.com\/wordpress\/plugins\/seo\/ -->\n<title>Puzzle adulte de 1000 pi\u00e8ces Paysages de jour - Gand, Belgique<\/title>\n<meta name=\"description\" content=\"Puzzle adulte de 1000 pi\u00e8ces Paysages de jour - Gand, Belgique\" \/>\n<meta name=\"robots\" content=\"index, follow, max-snippet:-1, max-image-preview:large, max-video-preview:-1\" \/>\n<link rel=\"canonical\" href=\"https:\/\/business.roovi.com\/fr\/puzzle-adulte-de-1000-pieces-paysages-de-jour-gand-belgique\/p\/\" \/>\n<meta property=\"og:locale\" content=\"fr_FR\" \/>\n<meta property=\"og:type\" content=\"article\" \/>\n<meta property=\"og:title\" content=\"Puzzle adulte de 1000 pi\u00e8ces Paysages de jour - Gand, Belgique\" \/>\n<meta property=\"og:description\" content=\"Puzzle adulte de 1000 pi\u00e8ces Paysages de jour - Gand, Belgique\" \/>\n<meta property=\"og:url\" content=\"https:\/\/business.roovi.com\/fr\/puzzle-adulte-de-1000-pieces-paysages-de-jour-gand-belgique\/p\/\" \/>\n<meta property=\"og:site_name\" content=\"Roovi B2B\" \/>\n<meta property=\"article:publisher\" content=\"https:\/\/www.facebook.com\/wwwjucariero\" \/>\n<meta property=\"article:modified_time\" content=\"2022-07-13T10:20:16+00:00\" \/>\n<meta property=\"og:image\" content=\"https:\/\/business.roovi.com\/wp-content\/uploads\/2018\/04\/62154-08_ansamblu_dimensiuni_cutie_cm_orizontal.png\" \/>\n\t<meta property=\"og:image:width\" content=\"1200\" \/>\n\t<meta property=\"og:image:height\" content=\"1200\" \/>\n\t<meta property=\"og:image:type\" content=\"image\/png\" \/>\n<meta name=\"twitter:label1\" content=\"Dur\u00e9e de lecture estim\u00e9e\" \/>\n\t<meta name=\"twitter:data1\" content=\"3 minutes\" \/>\n<script type=\"application\/ld+json\" class=\"yoast-schema-graph\">{\"@context\":\"https:\/\/schema.org\",\"@graph\":[{\"@type\":\"WebPage\",\"@id\":\"https:\/\/business.roovi.com\/fr\/puzzle-adulte-de-1000-pieces-paysages-de-jour-gand-belgique\/p\/\",\"url\":\"https:\/\/business.roovi.com\/fr\/puzzle-adulte-de-1000-pieces-paysages-de-jour-gand-belgique\/p\/\",\"name\":\"Puzzle adulte de 1000 pi\u00e8ces Paysages de jour - Gand, Belgique\",\"isPartOf\":{\"@id\":\"https:\/\/business.roovi.com\/fr\/#website\"},\"datePublished\":\"2018-04-16T10:56:17+00:00\",\"dateModified\":\"2022-07-13T10:20:16+00:00\",\"description\":\"Puzzle adulte de 1000 pi\u00e8ces Paysages de jour - Gand, Belgique\",\"breadcrumb\":{\"@id\":\"https:\/\/business.roovi.com\/fr\/puzzle-adulte-de-1000-pieces-paysages-de-jour-gand-belgique\/p\/#breadcrumb\"},\"inLanguage\":\"fr-FR\",\"potentialAction\":[{\"@type\":\"ReadAction\",\"target\":[\"https:\/\/business.roovi.com\/fr\/puzzle-adulte-de-1000-pieces-paysages-de-jour-gand-belgique\/p\/\"]}]},{\"@type\":\"BreadcrumbList\",\"@id\":\"https:\/\/business.roovi.com\/fr\/puzzle-adulte-de-1000-pieces-paysages-de-jour-gand-belgique\/p\/#breadcrumb\",\"itemListElement\":[{\"@type\":\"ListItem\",\"position\":1,\"name\":\"Home\",\"item\":\"https:\/\/business.roovi.com\/fr\/\"},{\"@type\":\"ListItem\",\"position\":2,\"name\":\"Boutique\",\"item\":\"https:\/\/business.roovi.com\/fr\/boutique\/\"},{\"@type\":\"ListItem\",\"position\":3,\"name\":\"Puzzle adulte de 1000 pi\u00e8ces Paysages de jour &#8211; Gand, Belgique\"}]},{\"@type\":\"WebSite\",\"@id\":\"https:\/\/business.roovi.com\/fr\/#website\",\"url\":\"https:\/\/business.roovi.com\/fr\/\",\"name\":\"Roovi B2B\",\"description\":\"Roovi Business Website\",\"potentialAction\":[{\"@type\":\"SearchAction\",\"target\":{\"@type\":\"EntryPoint\",\"urlTemplate\":\"https:\/\/business.roovi.com\/fr\/?s={search_term_string}\"},\"query-input\":\"required name=search_term_string\"}],\"inLanguage\":\"fr-FR\"}]}<\/script>\n<!-- \/ Yoast SEO plugin. -->","yoast_head_json":{"title":"Puzzle adulte de 1000 pi\u00e8ces Paysages de jour - Gand, Belgique","description":"Puzzle adulte de 1000 pi\u00e8ces Paysages de jour - Gand, Belgique","robots":{"index":"index","follow":"follow","max-snippet":"max-snippet:-1","max-image-preview":"max-image-preview:large","max-video-preview":"max-video-preview:-1"},"canonical":"https:\/\/business.roovi.com\/fr\/puzzle-adulte-de-1000-pieces-paysages-de-jour-gand-belgique\/p\/","og_locale":"fr_FR","og_type":"article","og_title":"Puzzle adulte de 1000 pi\u00e8ces Paysages de jour - Gand, Belgique","og_description":"Puzzle adulte de 1000 pi\u00e8ces Paysages de jour - Gand, Belgique","og_url":"https:\/\/business.roovi.com\/fr\/puzzle-adulte-de-1000-pieces-paysages-de-jour-gand-belgique\/p\/","og_site_name":"Roovi B2B","article_publisher":"https:\/\/www.facebook.com\/wwwjucariero","article_modified_time":"2022-07-13T10:20:16+00:00","og_image":[{"width":1200,"height":1200,"url":"https:\/\/business.roovi.com\/wp-content\/uploads\/2018\/04\/62154-08_ansamblu_dimensiuni_cutie_cm_orizontal.png","type":"image\/png"}],"twitter_misc":{"Dur\u00e9e de lecture estim\u00e9e":"3 minutes"},"schema":{"@context":"https:\/\/schema.org","@graph":[{"@type":"WebPage","@id":"https:\/\/business.roovi.com\/fr\/puzzle-adulte-de-1000-pieces-paysages-de-jour-gand-belgique\/p\/","url":"https:\/\/business.roovi.com\/fr\/puzzle-adulte-de-1000-pieces-paysages-de-jour-gand-belgique\/p\/","name":"Puzzle adulte de 1000 pi\u00e8ces Paysages de jour - Gand, Belgique","isPartOf":{"@id":"https:\/\/business.roovi.com\/fr\/#website"},"datePublished":"2018-04-16T10:56:17+00:00","dateModified":"2022-07-13T10:20:16+00:00","description":"Puzzle adulte de 1000 pi\u00e8ces Paysages de jour - Gand, Belgique","breadcrumb":{"@id":"https:\/\/business.roovi.com\/fr\/puzzle-adulte-de-1000-pieces-paysages-de-jour-gand-belgique\/p\/#breadcrumb"},"inLanguage":"fr-FR","potentialAction":[{"@type":"ReadAction","target":["https:\/\/business.roovi.com\/fr\/puzzle-adulte-de-1000-pieces-paysages-de-jour-gand-belgique\/p\/"]}]},{"@type":"BreadcrumbList","@id":"https:\/\/business.roovi.com\/fr\/puzzle-adulte-de-1000-pieces-paysages-de-jour-gand-belgique\/p\/#breadcrumb","itemListElement":[{"@type":"ListItem","position":1,"name":"Home","item":"https:\/\/business.roovi.com\/fr\/"},{"@type":"ListItem","position":2,"name":"Boutique","item":"https:\/\/business.roovi.com\/fr\/boutique\/"},{"@type":"ListItem","position":3,"name":"Puzzle adulte de 1000 pi\u00e8ces Paysages de jour &#8211; Gand, Belgique"}]},{"@type":"WebSite","@id":"https:\/\/business.roovi.com\/fr\/#website","url":"https:\/\/business.roovi.com\/fr\/","name":"Roovi B2B","description":"Roovi Business Website","potentialAction":[{"@type":"SearchAction","target":{"@type":"EntryPoint","urlTemplate":"https:\/\/business.roovi.com\/fr\/?s={search_term_string}"},"query-input":"required name=search_term_string"}],"inLanguage":"fr-FR"}]}},"_links":{"self":[{"href":"https:\/\/business.roovi.com\/fr\/wp-json\/wp\/v2\/product\/52840","targetHints":{"allow":["GET"]}}],"collection":[{"href":"https:\/\/business.roovi.com\/fr\/wp-json\/wp\/v2\/product"}],"about":[{"href":"https:\/\/business.roovi.com\/fr\/wp-json\/wp\/v2\/types\/product"}],"version-history":[{"count":0,"href":"https:\/\/business.roovi.com\/fr\/wp-json\/wp\/v2\/product\/52840\/revisions"}],"wp:featuredmedia":[{"embeddable":true,"href":"https:\/\/business.roovi.com\/fr\/wp-json\/wp\/v2\/media\/47031"}],"wp:attachment":[{"href":"https:\/\/business.roovi.com\/fr\/wp-json\/wp\/v2\/media?parent=52840"}],"wp:term":[{"taxonomy":"product_brand","embeddable":true,"href":"https:\/\/business.roovi.com\/fr\/wp-json\/wp\/v2\/product_brand?post=52840"},{"taxonomy":"product_cat","embeddable":true,"href":"https:\/\/business.roovi.com\/fr\/wp-json\/wp\/v2\/product_cat?post=52840"},{"taxonomy":"product_tag","embeddable":true,"href":"https:\/\/business.roovi.com\/fr\/wp-json\/wp\/v2\/product_tag?post=52840"}],"curies":[{"name":"wp","href":"https:\/\/api.w.org\/{rel}","templated":true}]}}