{"id":52842,"date":"2018-04-16T10:56:17","date_gmt":"2018-04-16T10:56:17","guid":{"rendered":"https:\/\/business.roovi.com\/puzzle-adulti-1000-piese-peisaje-de-zi-burano-italia\/p\/"},"modified":"2022-07-13T10:20:19","modified_gmt":"2022-07-13T10:20:19","slug":"puzzle-adulte-de-1000-pieces-paysages-de-jour-burano-italie","status":"publish","type":"product","link":"https:\/\/business.roovi.com\/fr\/puzzle-adulte-de-1000-pieces-paysages-de-jour-burano-italie\/p\/","title":{"rendered":"Puzzle adulte de 1000 pi\u00e8ces Paysages de jour &#8211; Burano, Italie"},"content":{"rendered":"<p><strong><em>Tu te sens inspir\u00e9 ? Mets en ordre 1 000 pi\u00e8ces de puzzle et fais de belles images de sites embl\u00e9matiques du monde entier.<\/em><\/strong><\/p>\n<p><span style=\"font-weight: 400;\">De nombreuses petites maisons color\u00e9es avec des fleurs multicolores sur les balcons ravissent tes yeux d\u00e8s que tu mets le pied sur Burano, l&rsquo;une des plus belles \u00eeles de la lagune v\u00e9nitienne. La tranquillit\u00e9 boh\u00e8me et les teintes vives qui peignent le paysage te donnent l&rsquo;impression d&rsquo;\u00eatre arriv\u00e9 dans un lieu f\u00e9erique, plein d&rsquo;histoire et de symboles.<\/span><\/p>\n<p><span style=\"font-weight: 400;\">Le puzzle de 1000 pi\u00e8ces Burano est une image magnifiquement rendue d&rsquo;un paysage de jour captur\u00e9 sur cette \u00eele charmante et color\u00e9e. Lorsque tu colles les pi\u00e8ces du puzzle ensemble, tu cr\u00e9es une v\u00e9ritable explosion de teintes vives. Le tableau qui en r\u00e9sulte donne une touche optimiste et beaucoup de personnalit\u00e9 \u00e0 n&rsquo;importe quel endroit de ta maison.<\/span><\/p>\n<p><span style=\"font-weight: 400;\">L&rsquo;\u00eele de Burano est \u00e0 seulement 7 km de Venise. Elle est connue dans le monde entier \u00e0 la fois pour ses b\u00e2timents color\u00e9s qui en font l&rsquo;une des destinations les plus photog\u00e9niques d&rsquo;Italie, et pour la dentelle brod\u00e9e \u00e0 la main qui fait vivre un commerce prosp\u00e8re depuis des si\u00e8cles.<\/span><\/p>\n<p><span style=\"font-weight: 400;\">Le puzzle Burano de 1000 pi\u00e8ces de la collection Paysages de jour est une v\u00e9ritable th\u00e9rapie par les couleurs pour les jours moroses ou pour ces moments o\u00f9 les soucis te p\u00e8sent et o\u00f9 tu veux t&rsquo;\u00e9chapper du quotidien. Pars donc \u00e0 c\u0153ur ouvert vers une destination f\u00e9erique avec ce jeu de puzzle exceptionnel.<\/span><\/p>\n<p><strong>Pourquoi choisir un puzzle de 1000 pi\u00e8ces de la collection de puzzles Landscapes by Day ?<\/strong><\/p>\n<p><span style=\"font-weight: 400;\">Tu as la possibilit\u00e9 de d\u00e9couvrir des lieux fascinants et c\u00e9l\u00e8bres dans le monde entier dans le cadre d&rsquo;une activit\u00e9 relaxante.<\/span><\/p>\n<p><span style=\"font-weight: 400;\">C&rsquo;est une bonne occasion de s&rsquo;asseoir ensemble et de profiter de la compagnie de ses proches.<\/span><\/p>\n<p><span style=\"font-weight: 400;\">Un puzzle de 1000 pi\u00e8ces est un exercice mental qui peut stimuler l&rsquo;imagination et d\u00e9velopper \u00e0 la fois la cr\u00e9ativit\u00e9 et la productivit\u00e9.<\/span><\/p>\n<p><span style=\"font-weight: 400;\">Tu obtiens un tableau de 68 x 47 cm qui sera magnifique o\u00f9 que tu l&rsquo;exposes.<\/span><\/p>\n<p><span style=\"font-weight: 400;\">Elle est fabriqu\u00e9e en carton bleu de haute qualit\u00e9, les pi\u00e8ces sont d\u00e9coup\u00e9es avec pr\u00e9cision et s&#8217;embo\u00eetent parfaitement m\u00eame si la scie sauteuse est assembl\u00e9e plusieurs fois.<\/span><\/p>\n<p><span style=\"font-weight: 400;\">Nous utilisons des mat\u00e9riaux durables et recyclables pour chaque puzzle de 1000 pi\u00e8ces.<\/span><\/p>\n<p><span style=\"font-weight: 400;\">Les finitions sont semi-brillantes, dans des couleurs vives qui font ressortir la beaut\u00e9 et la clart\u00e9 de l&rsquo;image.<\/span><\/p>\n<p><span style=\"font-weight: 400;\">Il convient aux personnes \u00e2g\u00e9es de 14 ans et plus et pr\u00e9sente un niveau de difficult\u00e9 moyen.<\/span><\/p>\n<p><strong>Tu savais que&#8230; ?<\/strong><\/p>\n<p><span style=\"font-weight: 400;\">\u00c0 Burano, les couleurs des maisons ne sont pas un heureux hasard. Quiconque veut peindre sa maison ne peut le faire qu&rsquo;avec l&rsquo;approbation des autorit\u00e9s, car certaines teintes sont autoris\u00e9es, selon l&rsquo;endroit.<\/span><\/p>\n<p><span style=\"font-weight: 400;\">Selon la l\u00e9gende, peindre les maisons de couleurs vives \u00e9tait fait dans le pass\u00e9 pour que les p\u00eacheurs puissent trouver leur chemin \u00e0 travers l&rsquo;\u00e9pais brouillard qui plane sur l&rsquo;\u00eele <\/span><\/p>\n<p><span style=\"font-weight: 400;\">Une autre l\u00e9gende concerne la dentelle de Burano : Louis XIV aurait command\u00e9 un col en fine dentelle de Burano pour sa c\u00e9r\u00e9monie de couronnement.<\/span><\/p>\n<p><span style=\"font-weight: 400;\">Il y a une tour pench\u00e9e \u00e0 Burano. C&rsquo;est la tour de l&rsquo;\u00e9glise de San Martino.<\/span><\/p>\n<p><strong>Puzzle adulte de 1000 pi\u00e8ces Burano &#8211; du temps de qualit\u00e9 avec ses proches<\/strong><\/p>\n<p><span style=\"font-weight: 400;\">Avec le puzzle de 1000 pi\u00e8ces, tu peux t&rsquo;amuser \u00e0 tout moment avec toute la famille ou le groupe d&rsquo;amis. L&rsquo;image du jeu de puzzle peut inspirer les enfants, les parents ou les grands-parents en m\u00eame temps. Tu peux compl\u00e9ter le tableau en travaillant en \u00e9quipe ou en fixant des t\u00e2ches pr\u00e9cises pour chaque participant <\/span><\/p>\n<p><span style=\"font-weight: 400;\">Si les adolescents participent au jeu du puzzle, cela peut \u00eatre un bon moment pour communiquer efficacement avec eux et renforcer ta relation parent-enfant. Pendant l&rsquo;activit\u00e9 relaxante consistant \u00e0 assembler le puzzle de 1000 pi\u00e8ces, tu peux discuter de mani\u00e8re d\u00e9tendue de sujets que tu trouves difficiles \u00e0 aborder dans ta vie quotidienne. C&rsquo;est donc un moyen d&rsquo;ouvrir vos c\u0153urs et d&rsquo;apprendre \u00e0 mieux vous conna\u00eetre.<\/span><\/p>\n<p><span style=\"font-weight: 400;\">Le puzzle Burano de 1000 pi\u00e8ces de la collection Paysages de jour pour adultes convient donc \u00e0 de nombreuses occasions. Profite de tous les avantages que t&rsquo;offre le jeu de puzzle et vis de nombreuses heures de d\u00e9tente et de bonne humeur.<\/span><\/p><\/p>\n","protected":false},"excerpt":{"rendered":"<p>Tu te sens inspir\u00e9 ? Mets en ordre 1 000 pi\u00e8ces de puzzle et fais de belles images de sites<\/p>\n","protected":false},"featured_media":47044,"template":"","meta":[],"product_brand":[],"product_cat":[2314,2316,2315],"product_tag":[],"class_list":{"0":"post-52842","1":"product","2":"type-product","3":"status-publish","4":"has-post-thumbnail","6":"product_cat-puzzles-fr","7":"product_cat-puzzles-de-1000-pieces","8":"product_cat-puzzles-pour-adultes","9":"pa_bax-10-fr","10":"pa_brand-d_toys-fr","11":"pa_country_of_manufacture-ro-fr","12":"pa_filter_age-14-fr","13":"pa_painter-landscapes-fr","14":"pa_tip_ambalaj-boite","15":"pa_tip_puzzle-classique","17":"first","18":"instock","19":"taxable","20":"shipping-taxable","21":"product-type-simple"},"yoast_head":"<!-- This site is optimized with the Yoast SEO plugin v20.1 - https:\/\/yoast.com\/wordpress\/plugins\/seo\/ -->\n<title>Puzzle adulte de 1000 pi\u00e8ces Paysages de jour - Burano, Italie<\/title>\n<meta name=\"description\" content=\"Puzzle adulte de 1000 pi\u00e8ces Paysages de jour - Burano, Italie\" \/>\n<meta name=\"robots\" content=\"index, follow, max-snippet:-1, max-image-preview:large, max-video-preview:-1\" \/>\n<link rel=\"canonical\" href=\"https:\/\/business.roovi.com\/fr\/puzzle-adulte-de-1000-pieces-paysages-de-jour-burano-italie\/p\/\" \/>\n<meta property=\"og:locale\" content=\"fr_FR\" \/>\n<meta property=\"og:type\" content=\"article\" \/>\n<meta property=\"og:title\" content=\"Puzzle adulte de 1000 pi\u00e8ces Paysages de jour - Burano, Italie\" \/>\n<meta property=\"og:description\" content=\"Puzzle adulte de 1000 pi\u00e8ces Paysages de jour - Burano, Italie\" \/>\n<meta property=\"og:url\" content=\"https:\/\/business.roovi.com\/fr\/puzzle-adulte-de-1000-pieces-paysages-de-jour-burano-italie\/p\/\" \/>\n<meta property=\"og:site_name\" content=\"Roovi B2B\" \/>\n<meta property=\"article:publisher\" content=\"https:\/\/www.facebook.com\/wwwjucariero\" \/>\n<meta property=\"article:modified_time\" content=\"2022-07-13T10:20:19+00:00\" \/>\n<meta property=\"og:image\" content=\"https:\/\/business.roovi.com\/wp-content\/uploads\/2018\/04\/62154-10_ansamblu_dimensiuni_cutie_cm_orizontal.png\" \/>\n\t<meta property=\"og:image:width\" content=\"1200\" \/>\n\t<meta property=\"og:image:height\" content=\"1200\" \/>\n\t<meta property=\"og:image:type\" content=\"image\/png\" \/>\n<meta name=\"twitter:label1\" content=\"Dur\u00e9e de lecture estim\u00e9e\" \/>\n\t<meta name=\"twitter:data1\" content=\"4 minutes\" \/>\n<script type=\"application\/ld+json\" class=\"yoast-schema-graph\">{\"@context\":\"https:\/\/schema.org\",\"@graph\":[{\"@type\":\"WebPage\",\"@id\":\"https:\/\/business.roovi.com\/fr\/puzzle-adulte-de-1000-pieces-paysages-de-jour-burano-italie\/p\/\",\"url\":\"https:\/\/business.roovi.com\/fr\/puzzle-adulte-de-1000-pieces-paysages-de-jour-burano-italie\/p\/\",\"name\":\"Puzzle adulte de 1000 pi\u00e8ces Paysages de jour - Burano, Italie\",\"isPartOf\":{\"@id\":\"https:\/\/business.roovi.com\/fr\/#website\"},\"datePublished\":\"2018-04-16T10:56:17+00:00\",\"dateModified\":\"2022-07-13T10:20:19+00:00\",\"description\":\"Puzzle adulte de 1000 pi\u00e8ces Paysages de jour - Burano, Italie\",\"breadcrumb\":{\"@id\":\"https:\/\/business.roovi.com\/fr\/puzzle-adulte-de-1000-pieces-paysages-de-jour-burano-italie\/p\/#breadcrumb\"},\"inLanguage\":\"fr-FR\",\"potentialAction\":[{\"@type\":\"ReadAction\",\"target\":[\"https:\/\/business.roovi.com\/fr\/puzzle-adulte-de-1000-pieces-paysages-de-jour-burano-italie\/p\/\"]}]},{\"@type\":\"BreadcrumbList\",\"@id\":\"https:\/\/business.roovi.com\/fr\/puzzle-adulte-de-1000-pieces-paysages-de-jour-burano-italie\/p\/#breadcrumb\",\"itemListElement\":[{\"@type\":\"ListItem\",\"position\":1,\"name\":\"Home\",\"item\":\"https:\/\/business.roovi.com\/fr\/\"},{\"@type\":\"ListItem\",\"position\":2,\"name\":\"Boutique\",\"item\":\"https:\/\/business.roovi.com\/fr\/boutique\/\"},{\"@type\":\"ListItem\",\"position\":3,\"name\":\"Puzzle adulte de 1000 pi\u00e8ces Paysages de jour &#8211; Burano, Italie\"}]},{\"@type\":\"WebSite\",\"@id\":\"https:\/\/business.roovi.com\/fr\/#website\",\"url\":\"https:\/\/business.roovi.com\/fr\/\",\"name\":\"Roovi B2B\",\"description\":\"Roovi Business Website\",\"potentialAction\":[{\"@type\":\"SearchAction\",\"target\":{\"@type\":\"EntryPoint\",\"urlTemplate\":\"https:\/\/business.roovi.com\/fr\/?s={search_term_string}\"},\"query-input\":\"required name=search_term_string\"}],\"inLanguage\":\"fr-FR\"}]}<\/script>\n<!-- \/ Yoast SEO plugin. -->","yoast_head_json":{"title":"Puzzle adulte de 1000 pi\u00e8ces Paysages de jour - Burano, Italie","description":"Puzzle adulte de 1000 pi\u00e8ces Paysages de jour - Burano, Italie","robots":{"index":"index","follow":"follow","max-snippet":"max-snippet:-1","max-image-preview":"max-image-preview:large","max-video-preview":"max-video-preview:-1"},"canonical":"https:\/\/business.roovi.com\/fr\/puzzle-adulte-de-1000-pieces-paysages-de-jour-burano-italie\/p\/","og_locale":"fr_FR","og_type":"article","og_title":"Puzzle adulte de 1000 pi\u00e8ces Paysages de jour - Burano, Italie","og_description":"Puzzle adulte de 1000 pi\u00e8ces Paysages de jour - Burano, Italie","og_url":"https:\/\/business.roovi.com\/fr\/puzzle-adulte-de-1000-pieces-paysages-de-jour-burano-italie\/p\/","og_site_name":"Roovi B2B","article_publisher":"https:\/\/www.facebook.com\/wwwjucariero","article_modified_time":"2022-07-13T10:20:19+00:00","og_image":[{"width":1200,"height":1200,"url":"https:\/\/business.roovi.com\/wp-content\/uploads\/2018\/04\/62154-10_ansamblu_dimensiuni_cutie_cm_orizontal.png","type":"image\/png"}],"twitter_misc":{"Dur\u00e9e de lecture estim\u00e9e":"4 minutes"},"schema":{"@context":"https:\/\/schema.org","@graph":[{"@type":"WebPage","@id":"https:\/\/business.roovi.com\/fr\/puzzle-adulte-de-1000-pieces-paysages-de-jour-burano-italie\/p\/","url":"https:\/\/business.roovi.com\/fr\/puzzle-adulte-de-1000-pieces-paysages-de-jour-burano-italie\/p\/","name":"Puzzle adulte de 1000 pi\u00e8ces Paysages de jour - Burano, Italie","isPartOf":{"@id":"https:\/\/business.roovi.com\/fr\/#website"},"datePublished":"2018-04-16T10:56:17+00:00","dateModified":"2022-07-13T10:20:19+00:00","description":"Puzzle adulte de 1000 pi\u00e8ces Paysages de jour - Burano, Italie","breadcrumb":{"@id":"https:\/\/business.roovi.com\/fr\/puzzle-adulte-de-1000-pieces-paysages-de-jour-burano-italie\/p\/#breadcrumb"},"inLanguage":"fr-FR","potentialAction":[{"@type":"ReadAction","target":["https:\/\/business.roovi.com\/fr\/puzzle-adulte-de-1000-pieces-paysages-de-jour-burano-italie\/p\/"]}]},{"@type":"BreadcrumbList","@id":"https:\/\/business.roovi.com\/fr\/puzzle-adulte-de-1000-pieces-paysages-de-jour-burano-italie\/p\/#breadcrumb","itemListElement":[{"@type":"ListItem","position":1,"name":"Home","item":"https:\/\/business.roovi.com\/fr\/"},{"@type":"ListItem","position":2,"name":"Boutique","item":"https:\/\/business.roovi.com\/fr\/boutique\/"},{"@type":"ListItem","position":3,"name":"Puzzle adulte de 1000 pi\u00e8ces Paysages de jour &#8211; Burano, Italie"}]},{"@type":"WebSite","@id":"https:\/\/business.roovi.com\/fr\/#website","url":"https:\/\/business.roovi.com\/fr\/","name":"Roovi B2B","description":"Roovi Business Website","potentialAction":[{"@type":"SearchAction","target":{"@type":"EntryPoint","urlTemplate":"https:\/\/business.roovi.com\/fr\/?s={search_term_string}"},"query-input":"required name=search_term_string"}],"inLanguage":"fr-FR"}]}},"_links":{"self":[{"href":"https:\/\/business.roovi.com\/fr\/wp-json\/wp\/v2\/product\/52842","targetHints":{"allow":["GET"]}}],"collection":[{"href":"https:\/\/business.roovi.com\/fr\/wp-json\/wp\/v2\/product"}],"about":[{"href":"https:\/\/business.roovi.com\/fr\/wp-json\/wp\/v2\/types\/product"}],"version-history":[{"count":0,"href":"https:\/\/business.roovi.com\/fr\/wp-json\/wp\/v2\/product\/52842\/revisions"}],"wp:featuredmedia":[{"embeddable":true,"href":"https:\/\/business.roovi.com\/fr\/wp-json\/wp\/v2\/media\/47044"}],"wp:attachment":[{"href":"https:\/\/business.roovi.com\/fr\/wp-json\/wp\/v2\/media?parent=52842"}],"wp:term":[{"taxonomy":"product_brand","embeddable":true,"href":"https:\/\/business.roovi.com\/fr\/wp-json\/wp\/v2\/product_brand?post=52842"},{"taxonomy":"product_cat","embeddable":true,"href":"https:\/\/business.roovi.com\/fr\/wp-json\/wp\/v2\/product_cat?post=52842"},{"taxonomy":"product_tag","embeddable":true,"href":"https:\/\/business.roovi.com\/fr\/wp-json\/wp\/v2\/product_tag?post=52842"}],"curies":[{"name":"wp","href":"https:\/\/api.w.org\/{rel}","templated":true}]}}