{"id":52843,"date":"2018-04-16T10:56:17","date_gmt":"2018-04-16T10:56:17","guid":{"rendered":"https:\/\/business.roovi.com\/puzzle-adulti-1000-piese-peisaje-de-zi-murano-italia\/p\/"},"modified":"2022-07-13T10:20:19","modified_gmt":"2022-07-13T10:20:19","slug":"puzzle-adulte-de-1000-pieces-paysages-de-jour-murano-italie","status":"publish","type":"product","link":"https:\/\/business.roovi.com\/fr\/puzzle-adulte-de-1000-pieces-paysages-de-jour-murano-italie\/p\/","title":{"rendered":"Puzzle adulte de 1000 pi\u00e8ces Paysages de jour &#8211; Murano, Italie"},"content":{"rendered":"<p><strong><em>Tu penses \u00eatre un expert en puzzles ? Prouve ton habilet\u00e9 en assemblant les images de contes de f\u00e9es de la gamme de puzzles pour adultes Paysages de jour.<\/em><\/strong><\/p>\n<p><span style=\"font-weight: 400;\">Le puzzle Murano de 1000 pi\u00e8ces repr\u00e9sente une image apaisante du pays du verre color\u00e9 : l&rsquo;\u00eele v\u00e9nitienne de Murano. Dans son lointain pass\u00e9, cette \u00eele prosp\u00e9rait gr\u00e2ce \u00e0 la p\u00eache et \u00e0 la production de sel <\/span><\/p>\n<p><span style=\"font-weight: 400;\">Situ\u00e9e \u00e0 moins de 2 km au nord de Venise, elle s&rsquo;est d\u00e9velopp\u00e9e au fil du temps dans son ombre. En 1291, la R\u00e9publique v\u00e9nitienne a d\u00e9cid\u00e9 que tous les artisans verriers devaient d\u00e9m\u00e9nager \u00e0 Murano pour prot\u00e9ger leurs maisons en bois des fr\u00e9quents incendies provoqu\u00e9s par le traitement du verre. Depuis, sa renomm\u00e9e a grandi et elle est devenue une r\u00e9gion embl\u00e9matique gr\u00e2ce \u00e0 cette industrie.<\/span><\/p>\n<p><span style=\"font-weight: 400;\">Le verre \u00e9tait l&rsquo;un des tr\u00e9sors les plus convoit\u00e9s de la Renaissance. Aujourd&rsquo;hui, la verrerie est une partie embl\u00e9matique du patrimoine historique et culturel v\u00e9nitien et l&rsquo;appellation d&rsquo;origine des objets en verre fabriqu\u00e9s sur l&rsquo;\u00eele de Murano est prot\u00e9g\u00e9e par la loi <\/span><\/p>\n<p><span style=\"font-weight: 400;\">Avec le puzzle de Murano de 1000 pi\u00e8ces de la collection Paysages de jour, tu as l&rsquo;occasion de d\u00e9couvrir cette \u00eele fascinante \u00e0 la longue histoire. Mets les pi\u00e8ces les unes apr\u00e8s les autres et imagine que tu es un ma\u00eetre verrier qui fabrique un bijou exquis, admir\u00e9 depuis longtemps.<\/span><\/p>\n<p><strong>Pourquoi choisir un puzzle de 1000 pi\u00e8ces de la collection de puzzles Landscapes by Day ? <\/strong><\/p>\n<p><span style=\"font-weight: 400;\">C&rsquo;est un moyen relaxant de d\u00e9couvrir des lieux c\u00e9l\u00e8bres qui ont une longue histoire, souvent m\u00eal\u00e9e \u00e0 des l\u00e9gendes.<\/span><\/p>\n<p><span style=\"font-weight: 400;\">Tu d\u00e9veloppes des comp\u00e9tences aussi diverses que la coordination, la dext\u00e9rit\u00e9 et la mobilit\u00e9 fine.<\/span><\/p>\n<p><span style=\"font-weight: 400;\">Tu peux en profiter pour passer du temps avec ta famille ou faire des rencontres avec tes amis.<\/span><\/p>\n<p><span style=\"font-weight: 400;\">Un jeu de r\u00e9flexion est toujours l&rsquo;occasion de se d\u00e9connecter des \u00e9crans de ton appareil mobile.<\/span><\/p>\n<p><span style=\"font-weight: 400;\">Tu cr\u00e9es une planche de 68 x 47 cm qui sera une superbe d\u00e9coration pour ta maison.<\/span><\/p>\n<p><span style=\"font-weight: 400;\">Il est fabriqu\u00e9 en carton bleu de haute qualit\u00e9, les pi\u00e8ces s&#8217;embo\u00eetent parfaitement et tu obtiens une image parfaite \u00e0 chaque assemblage.<\/span><\/p>\n<p><span style=\"font-weight: 400;\">Les mat\u00e9riaux du puzzle de 1000 pi\u00e8ces sont recyclables et durables.<\/span><\/p>\n<p><span style=\"font-weight: 400;\">Il a une finition semi-brillante et des couleurs agr\u00e9ables qui font ressortir la beaut\u00e9 de l&rsquo;image.<\/span><\/p>\n<p><span style=\"font-weight: 400;\">Convient aux plus de 14 ans &#8211; une occasion de faire entrer les adolescents dans le jeu du puzzle aussi.<\/span><\/p>\n<p><strong>Tu savais que&#8230; ?<\/strong><\/p>\n<p><span style=\"font-weight: 400;\">Murano se compose de 7 \u00eeles reli\u00e9es par des ponts qui traversent 8 canaux.<\/span><\/p>\n<p><span style=\"font-weight: 400;\">Dans le pass\u00e9, les artisans du verre de Murano n&rsquo;\u00e9taient pas autoris\u00e9s \u00e0 quitter l&rsquo;\u00eele pour \u00e9viter de r\u00e9v\u00e9ler les secrets de leur m\u00e9tier. La technique de fabrication du verre a \u00e9t\u00e9 transmise de p\u00e8re en fils.<\/span><\/p>\n<p><span style=\"font-weight: 400;\">Un quartier de Varsovie s&rsquo;appelle <\/span><em><span style=\"font-weight: 400;\">Muran\u00f3w<\/span><\/em><span style=\"font-weight: 400;\"> et est li\u00e9e \u00e0 Murano. Simone Giuseppe Belotti, n\u00e9 sur cette \u00eele, est devenu l&rsquo;architecte royal de Pologne au 17\u00e8me si\u00e8cle et a con\u00e7u plusieurs b\u00e2timents importants \u00e0 Varsovie. Ceux-ci comprenaient un palais &#8211; <\/span><em><span style=\"font-weight: 400;\">Muran\u00f3w &#8211; <\/span><\/em><span style=\"font-weight: 400;\">qui a ensuite donn\u00e9 son nom au district.<\/span><\/p>\n<p><strong>5 autres avantages de compl\u00e9ter un puzzle de 1000 pi\u00e8ces Paysages par jour<\/strong><\/p>\n<ol>\n<li><span style=\"font-weight: 400;\">Aide \u00e0 mieux te concentrer sur tes activit\u00e9s en cours.<\/span><\/li>\n<li><span style=\"font-weight: 400;\">Implique les deux h\u00e9misph\u00e8res du cerveau et aide \u00e0 am\u00e9liorer la m\u00e9moire.<\/span><\/li>\n<li><span style=\"font-weight: 400;\">Il d\u00e9veloppe ta cr\u00e9ativit\u00e9 et te donne l&rsquo;impression d&rsquo;\u00eatre un vrai d\u00e9tective \u00e0 la recherche d&rsquo;indices pour percer le myst\u00e8re d&rsquo;un lieu c\u00e9l\u00e8bre.<\/span><\/li>\n<li><span style=\"font-weight: 400;\">Cela renforce ta confiance en toi car tu t&rsquo;attaques \u00e0 une t\u00e2che difficile avec d\u00e9termination.<\/span><\/li>\n<li><span style=\"font-weight: 400;\">Tu es soulag\u00e9 du stress et tu entres dans un \u00e9tat de m\u00e9ditation profonde qui te donne un sentiment de paix et d&rsquo;optimisme.<\/span><\/li>\n<\/ol>\n<p><span style=\"font-weight: 400;\">Seul ou avec tes proches, profite de tous les avantages que t&rsquo;offre l&rsquo;assemblage du jeu de puzzle Murano. Vis jusqu&rsquo;\u00e0 30 heures de d\u00e9tente et d&rsquo;amusement authentiques avec le puzzle pour adultes Murano de la collection de puzzles de 1000 pi\u00e8ces Paysages de jour.<\/span><\/p><\/p>\n","protected":false},"excerpt":{"rendered":"<p>Tu penses \u00eatre un expert en puzzles ? Prouve ton habilet\u00e9 en assemblant les images de contes de f\u00e9es de<\/p>\n","protected":false},"featured_media":47059,"template":"","meta":[],"product_brand":[],"product_cat":[2314,2316,2315],"product_tag":[],"class_list":{"0":"post-52843","1":"product","2":"type-product","3":"status-publish","4":"has-post-thumbnail","6":"product_cat-puzzles-fr","7":"product_cat-puzzles-de-1000-pieces","8":"product_cat-puzzles-pour-adultes","9":"pa_bax-10-fr","10":"pa_brand-d_toys-fr","11":"pa_country_of_manufacture-ro-fr","12":"pa_filter_age-14-fr","13":"pa_painter-landscapes-fr","14":"pa_tip_ambalaj-boite","15":"pa_tip_puzzle-classique","17":"first","18":"onbackorder","19":"taxable","20":"shipping-taxable","21":"product-type-simple"},"yoast_head":"<!-- This site is optimized with the Yoast SEO plugin v20.1 - https:\/\/yoast.com\/wordpress\/plugins\/seo\/ -->\n<title>Puzzle adulte de 1000 pi\u00e8ces Paysages de jour - Murano, Italie<\/title>\n<meta name=\"description\" content=\"Puzzle adulte de 1000 pi\u00e8ces Paysages de jour - Murano, Italie\" \/>\n<meta name=\"robots\" content=\"index, follow, max-snippet:-1, max-image-preview:large, max-video-preview:-1\" \/>\n<link rel=\"canonical\" href=\"https:\/\/business.roovi.com\/fr\/puzzle-adulte-de-1000-pieces-paysages-de-jour-murano-italie\/p\/\" \/>\n<meta property=\"og:locale\" content=\"fr_FR\" \/>\n<meta property=\"og:type\" content=\"article\" \/>\n<meta property=\"og:title\" content=\"Puzzle adulte de 1000 pi\u00e8ces Paysages de jour - Murano, Italie\" \/>\n<meta property=\"og:description\" content=\"Puzzle adulte de 1000 pi\u00e8ces Paysages de jour - Murano, Italie\" \/>\n<meta property=\"og:url\" content=\"https:\/\/business.roovi.com\/fr\/puzzle-adulte-de-1000-pieces-paysages-de-jour-murano-italie\/p\/\" \/>\n<meta property=\"og:site_name\" content=\"Roovi B2B\" \/>\n<meta property=\"article:publisher\" content=\"https:\/\/www.facebook.com\/wwwjucariero\" \/>\n<meta property=\"article:modified_time\" content=\"2022-07-13T10:20:19+00:00\" \/>\n<meta property=\"og:image\" content=\"https:\/\/business.roovi.com\/wp-content\/uploads\/2018\/04\/62154-11_ansamblu_dimensiuni_cutie_cm_orizontal.png\" \/>\n\t<meta property=\"og:image:width\" content=\"1200\" \/>\n\t<meta property=\"og:image:height\" content=\"1200\" \/>\n\t<meta property=\"og:image:type\" content=\"image\/png\" \/>\n<meta name=\"twitter:label1\" content=\"Dur\u00e9e de lecture estim\u00e9e\" \/>\n\t<meta name=\"twitter:data1\" content=\"3 minutes\" \/>\n<script type=\"application\/ld+json\" class=\"yoast-schema-graph\">{\"@context\":\"https:\/\/schema.org\",\"@graph\":[{\"@type\":\"WebPage\",\"@id\":\"https:\/\/business.roovi.com\/fr\/puzzle-adulte-de-1000-pieces-paysages-de-jour-murano-italie\/p\/\",\"url\":\"https:\/\/business.roovi.com\/fr\/puzzle-adulte-de-1000-pieces-paysages-de-jour-murano-italie\/p\/\",\"name\":\"Puzzle adulte de 1000 pi\u00e8ces Paysages de jour - Murano, Italie\",\"isPartOf\":{\"@id\":\"https:\/\/business.roovi.com\/fr\/#website\"},\"datePublished\":\"2018-04-16T10:56:17+00:00\",\"dateModified\":\"2022-07-13T10:20:19+00:00\",\"description\":\"Puzzle adulte de 1000 pi\u00e8ces Paysages de jour - Murano, Italie\",\"breadcrumb\":{\"@id\":\"https:\/\/business.roovi.com\/fr\/puzzle-adulte-de-1000-pieces-paysages-de-jour-murano-italie\/p\/#breadcrumb\"},\"inLanguage\":\"fr-FR\",\"potentialAction\":[{\"@type\":\"ReadAction\",\"target\":[\"https:\/\/business.roovi.com\/fr\/puzzle-adulte-de-1000-pieces-paysages-de-jour-murano-italie\/p\/\"]}]},{\"@type\":\"BreadcrumbList\",\"@id\":\"https:\/\/business.roovi.com\/fr\/puzzle-adulte-de-1000-pieces-paysages-de-jour-murano-italie\/p\/#breadcrumb\",\"itemListElement\":[{\"@type\":\"ListItem\",\"position\":1,\"name\":\"Home\",\"item\":\"https:\/\/business.roovi.com\/fr\/\"},{\"@type\":\"ListItem\",\"position\":2,\"name\":\"Boutique\",\"item\":\"https:\/\/business.roovi.com\/fr\/boutique\/\"},{\"@type\":\"ListItem\",\"position\":3,\"name\":\"Puzzle adulte de 1000 pi\u00e8ces Paysages de jour &#8211; Murano, Italie\"}]},{\"@type\":\"WebSite\",\"@id\":\"https:\/\/business.roovi.com\/fr\/#website\",\"url\":\"https:\/\/business.roovi.com\/fr\/\",\"name\":\"Roovi B2B\",\"description\":\"Roovi Business Website\",\"potentialAction\":[{\"@type\":\"SearchAction\",\"target\":{\"@type\":\"EntryPoint\",\"urlTemplate\":\"https:\/\/business.roovi.com\/fr\/?s={search_term_string}\"},\"query-input\":\"required name=search_term_string\"}],\"inLanguage\":\"fr-FR\"}]}<\/script>\n<!-- \/ Yoast SEO plugin. -->","yoast_head_json":{"title":"Puzzle adulte de 1000 pi\u00e8ces Paysages de jour - Murano, Italie","description":"Puzzle adulte de 1000 pi\u00e8ces Paysages de jour - Murano, Italie","robots":{"index":"index","follow":"follow","max-snippet":"max-snippet:-1","max-image-preview":"max-image-preview:large","max-video-preview":"max-video-preview:-1"},"canonical":"https:\/\/business.roovi.com\/fr\/puzzle-adulte-de-1000-pieces-paysages-de-jour-murano-italie\/p\/","og_locale":"fr_FR","og_type":"article","og_title":"Puzzle adulte de 1000 pi\u00e8ces Paysages de jour - Murano, Italie","og_description":"Puzzle adulte de 1000 pi\u00e8ces Paysages de jour - Murano, Italie","og_url":"https:\/\/business.roovi.com\/fr\/puzzle-adulte-de-1000-pieces-paysages-de-jour-murano-italie\/p\/","og_site_name":"Roovi B2B","article_publisher":"https:\/\/www.facebook.com\/wwwjucariero","article_modified_time":"2022-07-13T10:20:19+00:00","og_image":[{"width":1200,"height":1200,"url":"https:\/\/business.roovi.com\/wp-content\/uploads\/2018\/04\/62154-11_ansamblu_dimensiuni_cutie_cm_orizontal.png","type":"image\/png"}],"twitter_misc":{"Dur\u00e9e de lecture estim\u00e9e":"3 minutes"},"schema":{"@context":"https:\/\/schema.org","@graph":[{"@type":"WebPage","@id":"https:\/\/business.roovi.com\/fr\/puzzle-adulte-de-1000-pieces-paysages-de-jour-murano-italie\/p\/","url":"https:\/\/business.roovi.com\/fr\/puzzle-adulte-de-1000-pieces-paysages-de-jour-murano-italie\/p\/","name":"Puzzle adulte de 1000 pi\u00e8ces Paysages de jour - Murano, Italie","isPartOf":{"@id":"https:\/\/business.roovi.com\/fr\/#website"},"datePublished":"2018-04-16T10:56:17+00:00","dateModified":"2022-07-13T10:20:19+00:00","description":"Puzzle adulte de 1000 pi\u00e8ces Paysages de jour - Murano, Italie","breadcrumb":{"@id":"https:\/\/business.roovi.com\/fr\/puzzle-adulte-de-1000-pieces-paysages-de-jour-murano-italie\/p\/#breadcrumb"},"inLanguage":"fr-FR","potentialAction":[{"@type":"ReadAction","target":["https:\/\/business.roovi.com\/fr\/puzzle-adulte-de-1000-pieces-paysages-de-jour-murano-italie\/p\/"]}]},{"@type":"BreadcrumbList","@id":"https:\/\/business.roovi.com\/fr\/puzzle-adulte-de-1000-pieces-paysages-de-jour-murano-italie\/p\/#breadcrumb","itemListElement":[{"@type":"ListItem","position":1,"name":"Home","item":"https:\/\/business.roovi.com\/fr\/"},{"@type":"ListItem","position":2,"name":"Boutique","item":"https:\/\/business.roovi.com\/fr\/boutique\/"},{"@type":"ListItem","position":3,"name":"Puzzle adulte de 1000 pi\u00e8ces Paysages de jour &#8211; Murano, Italie"}]},{"@type":"WebSite","@id":"https:\/\/business.roovi.com\/fr\/#website","url":"https:\/\/business.roovi.com\/fr\/","name":"Roovi B2B","description":"Roovi Business Website","potentialAction":[{"@type":"SearchAction","target":{"@type":"EntryPoint","urlTemplate":"https:\/\/business.roovi.com\/fr\/?s={search_term_string}"},"query-input":"required name=search_term_string"}],"inLanguage":"fr-FR"}]}},"_links":{"self":[{"href":"https:\/\/business.roovi.com\/fr\/wp-json\/wp\/v2\/product\/52843","targetHints":{"allow":["GET"]}}],"collection":[{"href":"https:\/\/business.roovi.com\/fr\/wp-json\/wp\/v2\/product"}],"about":[{"href":"https:\/\/business.roovi.com\/fr\/wp-json\/wp\/v2\/types\/product"}],"version-history":[{"count":0,"href":"https:\/\/business.roovi.com\/fr\/wp-json\/wp\/v2\/product\/52843\/revisions"}],"wp:featuredmedia":[{"embeddable":true,"href":"https:\/\/business.roovi.com\/fr\/wp-json\/wp\/v2\/media\/47059"}],"wp:attachment":[{"href":"https:\/\/business.roovi.com\/fr\/wp-json\/wp\/v2\/media?parent=52843"}],"wp:term":[{"taxonomy":"product_brand","embeddable":true,"href":"https:\/\/business.roovi.com\/fr\/wp-json\/wp\/v2\/product_brand?post=52843"},{"taxonomy":"product_cat","embeddable":true,"href":"https:\/\/business.roovi.com\/fr\/wp-json\/wp\/v2\/product_cat?post=52843"},{"taxonomy":"product_tag","embeddable":true,"href":"https:\/\/business.roovi.com\/fr\/wp-json\/wp\/v2\/product_tag?post=52843"}],"curies":[{"name":"wp","href":"https:\/\/api.w.org\/{rel}","templated":true}]}}