{"id":52847,"date":"2018-04-16T10:56:17","date_gmt":"2018-04-16T10:56:17","guid":{"rendered":"https:\/\/business.roovi.com\/puzzle-adulti-1000-piese-peisaje-de-zi-lacul-como-italia\/p\/"},"modified":"2022-07-13T10:20:23","modified_gmt":"2022-07-13T10:20:23","slug":"puzzle-adulte-de-1000-pieces-paysages-de-jour-lac-de-come-italie","status":"publish","type":"product","link":"https:\/\/business.roovi.com\/fr\/puzzle-adulte-de-1000-pieces-paysages-de-jour-lac-de-come-italie\/p\/","title":{"rendered":"Puzzle adulte de 1000 pi\u00e8ces Paysages de jour &#8211; Lac de C\u00f4me, Italie"},"content":{"rendered":"<p><strong><em>Tu veux \u00eatre le propri\u00e9taire d&rsquo;une collection unique de peintures compos\u00e9es de milliers de pi\u00e8ces de puzzle ? Choisis la gamme de puzzles pour adultes de 1000 pi\u00e8ces Paysages de jour et cr\u00e9e tes propres chefs-d&rsquo;\u0153uvre artistiques.<\/em><\/strong><\/p>\n<p><span style=\"font-weight: 400;\">Situ\u00e9 au pied des Alpes, le lac de C\u00f4me offre des images parmi les plus pittoresques du monde. Des b\u00e2timents historiques, des villas anciennes et chics dans un paysage naturel et enchanteur en font l&rsquo;un des endroits les plus populaires d&rsquo;Italie.<\/span><span style=\"font-weight: 400;\"> <\/span><\/p>\n<p><span style=\"font-weight: 400;\">Quelques bateaux pris sur le lac avec l&rsquo;image de plusieurs b\u00e2timents \u00e0 l&rsquo;architecture impressionnante derri\u00e8re eux, au-dessus desquels s&rsquo;\u00e9l\u00e8vent les sommets des montagnes, est l&rsquo;image du puzzle pour adultes Lac de C\u00f4me que tu peux reconstituer \u00e0 partir de 1000 pi\u00e8ces de puzzle <\/span><\/p>\n<p><span style=\"font-weight: 400;\">Ayant toujours \u00e9t\u00e9 un lieu de d\u00e9tente privil\u00e9gi\u00e9 pour les personnes fortun\u00e9es, la r\u00e9gion conserve encore intacts de nombreux b\u00e2timents et r\u00e9sidences anciens, entour\u00e9s de jardins luxuriants qui te donnent l&rsquo;impression de p\u00e9n\u00e9trer dans un paradis v\u00e9g\u00e9tal.<\/span><\/p>\n<p><span style=\"font-weight: 400;\">Le puzzle du lac de C\u00f4me de 1000 pi\u00e8ces t&rsquo;invite \u00e0 te d\u00e9tendre profond\u00e9ment et \u00e0 laisser ton esprit d\u00e9river dans un paysage \u00e0 couper le souffle. Les pi\u00e8ces du puzzle sont fabriqu\u00e9es dans un mat\u00e9riau de haute qualit\u00e9, elles s&#8217;embo\u00eetent parfaitement et l&rsquo;image obtenue se transforme en un tableau de collection qui aura l&rsquo;air spectaculaire o\u00f9 que tu l&rsquo;exposes.<\/span><\/p>\n<p><strong>Pourquoi choisir un puzzle adulte de 1000 pi\u00e8ces de la collection de puzzles Paysages de jour ?<\/strong><\/p>\n<p><span style=\"font-weight: 400;\">Tu as la possibilit\u00e9 de d\u00e9couvrir des lieux fascinants et c\u00e9l\u00e8bres dans le monde entier dans le cadre d&rsquo;une activit\u00e9 relaxante.<\/span><\/p>\n<p><span style=\"font-weight: 400;\">C&rsquo;est une bonne occasion de passer du temps de qualit\u00e9 en compagnie de tes proches.<\/span><\/p>\n<p><span style=\"font-weight: 400;\">Il am\u00e9liore l&rsquo;attention aux d\u00e9tails, la pers\u00e9v\u00e9rance et la concentration.<\/span><\/p>\n<p><span style=\"font-weight: 400;\">Un puzzle de 1000 pi\u00e8ces est un exercice mental qui peut stimuler l&rsquo;imagination et d\u00e9velopper \u00e0 la fois la cr\u00e9ativit\u00e9 et la productivit\u00e9.<\/span><\/p>\n<p><span style=\"font-weight: 400;\">Tu obtiens une peinture de 68 x 47 cm qui se transformera en un objet d\u00e9coratif original.<\/span><\/p>\n<p><span style=\"font-weight: 400;\">Il est fabriqu\u00e9 en carton bleu de haute qualit\u00e9, ce qui le rend plus durable dans le temps, et l&rsquo;image sera impeccable m\u00eame s&rsquo;il a \u00e9t\u00e9 assembl\u00e9 plusieurs fois <\/span><\/p>\n<p><span style=\"font-weight: 400;\">Chaque puzzle de 1000 pi\u00e8ces est fabriqu\u00e9 \u00e0 partir de mat\u00e9riaux durables et recyclables.<\/span><\/p>\n<p><span style=\"font-weight: 400;\">Les finitions sont semi-brillantes, dans des couleurs vives qui font ressortir la beaut\u00e9 et la clart\u00e9 de l&rsquo;image.<\/span><\/p>\n<p><span style=\"font-weight: 400;\">Il convient aux personnes \u00e2g\u00e9es de 14 ans et plus et pr\u00e9sente un niveau de difficult\u00e9 moyen.<\/span><\/p>\n<p><strong>Tu savais que&#8230; ?<\/strong><\/p>\n<p><span style=\"font-weight: 400;\">Le lac de C\u00f4me est le troisi\u00e8me plus grand lac d&rsquo;Italie et l&rsquo;un des lacs les plus profonds d&rsquo;Europe <\/span><\/p>\n<p><span style=\"font-weight: 400;\">Au fil des ans, elle a eu de nombreux noms. Les Grecs anciens l&rsquo;appelaient Lario, puis les Romains l&rsquo;ont chang\u00e9 en <\/span><em><span style=\"font-weight: 400;\">Larius<\/span><\/em><span style=\"font-weight: 400;\"> et plus tard \u00e0 <\/span><em><span style=\"font-weight: 400;\">Lacus Comensis<\/span><\/em><span style=\"font-weight: 400;\">d&rsquo;o\u00f9 provient l&rsquo;actuel \u00ab\u00a0Como\u00a0\u00bb.<\/span><\/p>\n<p><span style=\"font-weight: 400;\">Les destinations les plus populaires de la r\u00e9gion sont Bellagio, Varenna et la ville qui donne son nom au lac : C\u00f4me <\/span><\/p>\n<p><span style=\"font-weight: 400;\">Les villas chics d&rsquo;ici ont inspir\u00e9 de nombreux r\u00e9alisateurs qui ont film\u00e9 des sc\u00e8nes de films c\u00e9l\u00e8bres comme Star Wars et Casino Royale.<\/span><\/p>\n<p><span style=\"font-weight: 400;\">La Villa Carlotta a \u00e9t\u00e9 construite en 1690 et occupe plus de 7 hectares de terrain. En 1818, elle a \u00e9t\u00e9 visit\u00e9e par l&rsquo;\u00e9crivain Stendhal, qui mentionne cette visite au d\u00e9but de son roman <\/span><em><span style=\"font-weight: 400;\">La Chartreuse de Parme.<\/span><\/em><\/p>\n<p><strong>Puzzle adulte 1000 pi\u00e8ces Lac de C\u00f4me &#8211; pour une pause bien m\u00e9rit\u00e9e<\/strong><\/p>\n<p><span style=\"font-weight: 400;\">Lorsque tu te sens d\u00e9pass\u00e9e par tes activit\u00e9s quotidiennes ou que tu veux t&rsquo;\u00e9vader du quotidien, le puzzle de 1000 pi\u00e8ces avec l&rsquo;image apaisante du lac de C\u00f4me est exactement ce qu&rsquo;il te faut. Elle t&rsquo;aide \u00e0 te d\u00e9tendre et \u00e0 profiter du moment pr\u00e9sent dans l&rsquo;intimit\u00e9 de ta propre maison.<\/span><\/p>\n<p><span style=\"font-weight: 400;\">Lorsque tu colles la derni\u00e8re pi\u00e8ce du puzzle de 1000 pi\u00e8ces, tu ressens la satisfaction d&rsquo;avoir termin\u00e9 le travail, tu es plus optimiste, plus confiant dans ta propre force et pr\u00eat \u00e0 affronter \u00e0 nouveau les d\u00e9fis quotidiens.<\/span><\/p>\n<p><span style=\"font-weight: 400;\">Que tu aimes recr\u00e9er des jeux de puzzle avec tes proches ou que tu pr\u00e9f\u00e8res pratiquer cette activit\u00e9 cr\u00e9ative et relaxante en priv\u00e9, le puzzle du lac de C\u00f4me de 1000 pi\u00e8ces de la collection Paysages de jour pour adultes est le choix id\u00e9al.<\/span><\/p><\/p>\n","protected":false},"excerpt":{"rendered":"<p>Tu veux \u00eatre le propri\u00e9taire d&rsquo;une collection unique de peintures compos\u00e9es de milliers de pi\u00e8ces de puzzle ? Choisis la<\/p>\n","protected":false},"featured_media":47070,"template":"","meta":[],"product_brand":[],"product_cat":[2314,2316,2315],"product_tag":[],"class_list":{"0":"post-52847","1":"product","2":"type-product","3":"status-publish","4":"has-post-thumbnail","6":"product_cat-puzzles-fr","7":"product_cat-puzzles-de-1000-pieces","8":"product_cat-puzzles-pour-adultes","9":"pa_bax-10-fr","10":"pa_brand-d_toys-fr","11":"pa_country_of_manufacture-ro-fr","12":"pa_filter_age-14-fr","13":"pa_painter-landscapes-fr","14":"pa_tip_ambalaj-boite","15":"pa_tip_puzzle-classique","17":"first","18":"instock","19":"taxable","20":"shipping-taxable","21":"product-type-simple"},"yoast_head":"<!-- This site is optimized with the Yoast SEO plugin v20.1 - https:\/\/yoast.com\/wordpress\/plugins\/seo\/ -->\n<title>Puzzle adulte de 1000 pi\u00e8ces Paysages de jour - Lac de C\u00f4me, Italie<\/title>\n<meta name=\"description\" content=\"Puzzle adulte de 1000 pi\u00e8ces Paysages de jour - Lac de C\u00f4me, Italie\" \/>\n<meta name=\"robots\" content=\"index, follow, max-snippet:-1, max-image-preview:large, max-video-preview:-1\" \/>\n<link rel=\"canonical\" href=\"https:\/\/business.roovi.com\/fr\/puzzle-adulte-de-1000-pieces-paysages-de-jour-lac-de-come-italie\/p\/\" \/>\n<meta property=\"og:locale\" content=\"fr_FR\" \/>\n<meta property=\"og:type\" content=\"article\" \/>\n<meta property=\"og:title\" content=\"Puzzle adulte de 1000 pi\u00e8ces Paysages de jour - Lac de C\u00f4me, Italie\" \/>\n<meta property=\"og:description\" content=\"Puzzle adulte de 1000 pi\u00e8ces Paysages de jour - Lac de C\u00f4me, Italie\" \/>\n<meta property=\"og:url\" content=\"https:\/\/business.roovi.com\/fr\/puzzle-adulte-de-1000-pieces-paysages-de-jour-lac-de-come-italie\/p\/\" \/>\n<meta property=\"og:site_name\" content=\"Roovi B2B\" \/>\n<meta property=\"article:publisher\" content=\"https:\/\/www.facebook.com\/wwwjucariero\" \/>\n<meta property=\"article:modified_time\" content=\"2022-07-13T10:20:23+00:00\" \/>\n<meta property=\"og:image\" content=\"https:\/\/business.roovi.com\/wp-content\/uploads\/2018\/04\/62154-12_ansamblu_dimensiuni_cutie_cm_orizontal.png\" \/>\n\t<meta property=\"og:image:width\" content=\"1200\" \/>\n\t<meta property=\"og:image:height\" content=\"1200\" \/>\n\t<meta property=\"og:image:type\" content=\"image\/png\" \/>\n<meta name=\"twitter:label1\" content=\"Dur\u00e9e de lecture estim\u00e9e\" \/>\n\t<meta name=\"twitter:data1\" content=\"4 minutes\" \/>\n<script type=\"application\/ld+json\" class=\"yoast-schema-graph\">{\"@context\":\"https:\/\/schema.org\",\"@graph\":[{\"@type\":\"WebPage\",\"@id\":\"https:\/\/business.roovi.com\/fr\/puzzle-adulte-de-1000-pieces-paysages-de-jour-lac-de-come-italie\/p\/\",\"url\":\"https:\/\/business.roovi.com\/fr\/puzzle-adulte-de-1000-pieces-paysages-de-jour-lac-de-come-italie\/p\/\",\"name\":\"Puzzle adulte de 1000 pi\u00e8ces Paysages de jour - Lac de C\u00f4me, Italie\",\"isPartOf\":{\"@id\":\"https:\/\/business.roovi.com\/fr\/#website\"},\"datePublished\":\"2018-04-16T10:56:17+00:00\",\"dateModified\":\"2022-07-13T10:20:23+00:00\",\"description\":\"Puzzle adulte de 1000 pi\u00e8ces Paysages de jour - Lac de C\u00f4me, Italie\",\"breadcrumb\":{\"@id\":\"https:\/\/business.roovi.com\/fr\/puzzle-adulte-de-1000-pieces-paysages-de-jour-lac-de-come-italie\/p\/#breadcrumb\"},\"inLanguage\":\"fr-FR\",\"potentialAction\":[{\"@type\":\"ReadAction\",\"target\":[\"https:\/\/business.roovi.com\/fr\/puzzle-adulte-de-1000-pieces-paysages-de-jour-lac-de-come-italie\/p\/\"]}]},{\"@type\":\"BreadcrumbList\",\"@id\":\"https:\/\/business.roovi.com\/fr\/puzzle-adulte-de-1000-pieces-paysages-de-jour-lac-de-come-italie\/p\/#breadcrumb\",\"itemListElement\":[{\"@type\":\"ListItem\",\"position\":1,\"name\":\"Home\",\"item\":\"https:\/\/business.roovi.com\/fr\/\"},{\"@type\":\"ListItem\",\"position\":2,\"name\":\"Boutique\",\"item\":\"https:\/\/business.roovi.com\/fr\/boutique\/\"},{\"@type\":\"ListItem\",\"position\":3,\"name\":\"Puzzle adulte de 1000 pi\u00e8ces Paysages de jour &#8211; Lac de C\u00f4me, Italie\"}]},{\"@type\":\"WebSite\",\"@id\":\"https:\/\/business.roovi.com\/fr\/#website\",\"url\":\"https:\/\/business.roovi.com\/fr\/\",\"name\":\"Roovi B2B\",\"description\":\"Roovi Business Website\",\"potentialAction\":[{\"@type\":\"SearchAction\",\"target\":{\"@type\":\"EntryPoint\",\"urlTemplate\":\"https:\/\/business.roovi.com\/fr\/?s={search_term_string}\"},\"query-input\":\"required name=search_term_string\"}],\"inLanguage\":\"fr-FR\"}]}<\/script>\n<!-- \/ Yoast SEO plugin. -->","yoast_head_json":{"title":"Puzzle adulte de 1000 pi\u00e8ces Paysages de jour - Lac de C\u00f4me, Italie","description":"Puzzle adulte de 1000 pi\u00e8ces Paysages de jour - Lac de C\u00f4me, Italie","robots":{"index":"index","follow":"follow","max-snippet":"max-snippet:-1","max-image-preview":"max-image-preview:large","max-video-preview":"max-video-preview:-1"},"canonical":"https:\/\/business.roovi.com\/fr\/puzzle-adulte-de-1000-pieces-paysages-de-jour-lac-de-come-italie\/p\/","og_locale":"fr_FR","og_type":"article","og_title":"Puzzle adulte de 1000 pi\u00e8ces Paysages de jour - Lac de C\u00f4me, Italie","og_description":"Puzzle adulte de 1000 pi\u00e8ces Paysages de jour - Lac de C\u00f4me, Italie","og_url":"https:\/\/business.roovi.com\/fr\/puzzle-adulte-de-1000-pieces-paysages-de-jour-lac-de-come-italie\/p\/","og_site_name":"Roovi B2B","article_publisher":"https:\/\/www.facebook.com\/wwwjucariero","article_modified_time":"2022-07-13T10:20:23+00:00","og_image":[{"width":1200,"height":1200,"url":"https:\/\/business.roovi.com\/wp-content\/uploads\/2018\/04\/62154-12_ansamblu_dimensiuni_cutie_cm_orizontal.png","type":"image\/png"}],"twitter_misc":{"Dur\u00e9e de lecture estim\u00e9e":"4 minutes"},"schema":{"@context":"https:\/\/schema.org","@graph":[{"@type":"WebPage","@id":"https:\/\/business.roovi.com\/fr\/puzzle-adulte-de-1000-pieces-paysages-de-jour-lac-de-come-italie\/p\/","url":"https:\/\/business.roovi.com\/fr\/puzzle-adulte-de-1000-pieces-paysages-de-jour-lac-de-come-italie\/p\/","name":"Puzzle adulte de 1000 pi\u00e8ces Paysages de jour - Lac de C\u00f4me, Italie","isPartOf":{"@id":"https:\/\/business.roovi.com\/fr\/#website"},"datePublished":"2018-04-16T10:56:17+00:00","dateModified":"2022-07-13T10:20:23+00:00","description":"Puzzle adulte de 1000 pi\u00e8ces Paysages de jour - Lac de C\u00f4me, Italie","breadcrumb":{"@id":"https:\/\/business.roovi.com\/fr\/puzzle-adulte-de-1000-pieces-paysages-de-jour-lac-de-come-italie\/p\/#breadcrumb"},"inLanguage":"fr-FR","potentialAction":[{"@type":"ReadAction","target":["https:\/\/business.roovi.com\/fr\/puzzle-adulte-de-1000-pieces-paysages-de-jour-lac-de-come-italie\/p\/"]}]},{"@type":"BreadcrumbList","@id":"https:\/\/business.roovi.com\/fr\/puzzle-adulte-de-1000-pieces-paysages-de-jour-lac-de-come-italie\/p\/#breadcrumb","itemListElement":[{"@type":"ListItem","position":1,"name":"Home","item":"https:\/\/business.roovi.com\/fr\/"},{"@type":"ListItem","position":2,"name":"Boutique","item":"https:\/\/business.roovi.com\/fr\/boutique\/"},{"@type":"ListItem","position":3,"name":"Puzzle adulte de 1000 pi\u00e8ces Paysages de jour &#8211; Lac de C\u00f4me, Italie"}]},{"@type":"WebSite","@id":"https:\/\/business.roovi.com\/fr\/#website","url":"https:\/\/business.roovi.com\/fr\/","name":"Roovi B2B","description":"Roovi Business Website","potentialAction":[{"@type":"SearchAction","target":{"@type":"EntryPoint","urlTemplate":"https:\/\/business.roovi.com\/fr\/?s={search_term_string}"},"query-input":"required name=search_term_string"}],"inLanguage":"fr-FR"}]}},"_links":{"self":[{"href":"https:\/\/business.roovi.com\/fr\/wp-json\/wp\/v2\/product\/52847","targetHints":{"allow":["GET"]}}],"collection":[{"href":"https:\/\/business.roovi.com\/fr\/wp-json\/wp\/v2\/product"}],"about":[{"href":"https:\/\/business.roovi.com\/fr\/wp-json\/wp\/v2\/types\/product"}],"version-history":[{"count":0,"href":"https:\/\/business.roovi.com\/fr\/wp-json\/wp\/v2\/product\/52847\/revisions"}],"wp:featuredmedia":[{"embeddable":true,"href":"https:\/\/business.roovi.com\/fr\/wp-json\/wp\/v2\/media\/47070"}],"wp:attachment":[{"href":"https:\/\/business.roovi.com\/fr\/wp-json\/wp\/v2\/media?parent=52847"}],"wp:term":[{"taxonomy":"product_brand","embeddable":true,"href":"https:\/\/business.roovi.com\/fr\/wp-json\/wp\/v2\/product_brand?post=52847"},{"taxonomy":"product_cat","embeddable":true,"href":"https:\/\/business.roovi.com\/fr\/wp-json\/wp\/v2\/product_cat?post=52847"},{"taxonomy":"product_tag","embeddable":true,"href":"https:\/\/business.roovi.com\/fr\/wp-json\/wp\/v2\/product_tag?post=52847"}],"curies":[{"name":"wp","href":"https:\/\/api.w.org\/{rel}","templated":true}]}}