{"id":52852,"date":"2018-04-16T10:56:17","date_gmt":"2018-04-16T10:56:17","guid":{"rendered":"https:\/\/business.roovi.com\/puzzle-adulti-1000-piese-egiptul-antic-masca-mortuara-a-lui-tutankhamon\/p\/"},"modified":"2022-07-13T10:20:28","modified_gmt":"2022-07-13T10:20:28","slug":"puzzle-adulte-1000-pieces-de-legypte-ancienne-le-masque-mortuaire-de-toutankhamon","status":"publish","type":"product","link":"https:\/\/business.roovi.com\/fr\/puzzle-adulte-1000-pieces-de-legypte-ancienne-le-masque-mortuaire-de-toutankhamon\/p\/","title":{"rendered":"Puzzle adulte 1000 pi\u00e8ces de l&rsquo;\u00c9gypte ancienne &#8211; Le masque mortuaire de Toutankhamon"},"content":{"rendered":"<p><span style=\"font-weight: 400;\">Tu veux une activit\u00e9 qui met ton esprit au d\u00e9fi et te d\u00e9tend ? Ou tu cherches un cadeau unique pour un ami cher ? Que penses-tu d&rsquo;un puzzle de 1000 pi\u00e8ces avec l&rsquo;image du masque de Toutankhamon ? Un choix parfait qui te met \u00e0 la fois au d\u00e9fi et te ravit.<\/span><\/p>\n<p><span style=\"font-weight: 400;\">D\u00e9couvre l&rsquo;histoire fascinante de l&rsquo;\u00c9gypte ancienne en reconstituant cette image \u00e9tonnante d&rsquo;un jeu de puzzle exceptionnel.<\/span><\/p>\n<p><span style=\"font-weight: 400;\">1000 pi\u00e8ces Masque de <\/span><span style=\"font-weight: 400;\">Toutankhamon recr\u00e9e l&rsquo;image de l&rsquo;une des \u0153uvres d&rsquo;art les plus c\u00e9l\u00e8bres du monde. Le masque fun\u00e9raire d\u00e9couvert en 1925 dans le tombeau du pharaon Toutankhamon est en or et est d\u00e9cor\u00e9 et peint de <\/span><span style=\"font-weight: 400;\">lapis-lazuli, quartz, obsidienne, turquoise, fa\u00efence et verre.<\/span><\/p>\n<p><span style=\"font-weight: 400;\">Le masque et l&rsquo;ensemble du magot du pharaon peuvent \u00eatre admir\u00e9s au Mus\u00e9e \u00e9gyptien du Caire. Tu peux maintenant profiter de ce fabuleux artefact dans ta propre maison. Assemble ce puzzle d&rsquo;art de la collection de puzzles de l&rsquo;\u00c9gypte ancienne et admire l&rsquo;image d&rsquo;\u0153uvres d&rsquo;art datant de plus de 3 000 ans.<\/span><\/p>\n<p><span style=\"font-weight: 400;\">Le puzzle Masque du tombeau de Toutankhamon de 1000 pi\u00e8ces est fabriqu\u00e9 en carton bleu de haute qualit\u00e9, d&rsquo;une \u00e9paisseur de 2 mm, ce qui lui conf\u00e8re une r\u00e9sistance durable \u00e0 de multiples utilisations. Tu peux utiliser une table basse standard pour l&rsquo;assemblage. Les dimensions du tableau remis \u00e0 neuf sont de 50 x 70 cm.<\/span><\/p>\n<p><strong>Pourquoi le casse-t\u00eate 1000 pi\u00e8ces Tomb Mask of Tutankhamun est-il si sp\u00e9cial ?<\/strong><\/p>\n<p><span style=\"font-weight: 400;\">Gr\u00e2ce \u00e0 la d\u00e9coupe de pr\u00e9cision, les 1000 pi\u00e8ces du puzzle s&#8217;embo\u00eetent parfaitement. Ainsi, <\/span><span style=\"font-weight: 400;\">tu obtiendras une superbe peinture que tu pourras exposer dans ta maison <\/span><\/p>\n<p><span style=\"font-weight: 400;\">Il est fabriqu\u00e9 \u00e0 partir de mat\u00e9riaux durables et recyclables et tu joues de mani\u00e8re responsable tout en prot\u00e9geant la nature.<\/span><\/p>\n<p><span style=\"font-weight: 400;\">Elle a de superbes finitions semi-brillantes dans des couleurs vives.<\/span><\/p>\n<p><span style=\"font-weight: 400;\">Il n&rsquo;y a que 1 000 pi\u00e8ces, et les assembler te donne jusqu&rsquo;\u00e0 30 heures de plaisir relaxant.<\/span><\/p>\n<p><span style=\"font-weight: 400;\">C&rsquo;est l&rsquo;occasion parfaite d&rsquo;interagir davantage et de cr\u00e9er des liens avec tes enfants adolescents, car c&rsquo;est un jeu de puzzle adapt\u00e9 aux personnes de plus de 14 ans.<\/span><\/p>\n<p><strong>Tu savais que&#8230; ?<\/strong><\/p>\n<p><span style=\"font-weight: 400;\">Le masque mortuaire de Toutankhamon est consid\u00e9r\u00e9 comme l&rsquo;artefact le plus c\u00e9l\u00e8bre du monde.<\/span><\/p>\n<p><span style=\"font-weight: 400;\">Le tombeau de Toutankhamon est consid\u00e9r\u00e9 comme le plus cher du monde.<\/span><\/p>\n<p><span style=\"font-weight: 400;\">Sur les \u00e9paules du masque est \u00e9crit en hi\u00e9roglyphes \u00e9gyptiens un sortil\u00e8ge de protection du <\/span><em><span style=\"font-weight: 400;\">Livre des morts<\/span><\/em><span style=\"font-weight: 400;\">.<\/span><\/p>\n<p><span style=\"font-weight: 400;\">En 2015, la barbe tress\u00e9e du masque est tomb\u00e9e et a \u00e9t\u00e9 grossi\u00e8rement coll\u00e9e par les employ\u00e9s du mus\u00e9e. Il a fallu beaucoup de temps pour restaurer l&rsquo;artefact.<\/span><\/p>\n<p><span style=\"font-weight: 400;\">Toutankhamon portait des sandales orthop\u00e9diques. Sur leurs semelles se trouvaient des peintures d&rsquo;ennemis pour que le roi marche toujours dessus.<\/span><\/p>\n<p><span style=\"font-weight: 400;\">Toutankhamon est devenu roi \u00e0 9 ans et est mort \u00e0 18 ans. La cause exacte de sa mort n&rsquo;est pas connue. Il y a plusieurs hypoth\u00e8ses : le paludisme, une maladie des os ou une maladie du sang.<\/span><\/p>\n<p><strong>5 avantages dont tu peux profiter en compl\u00e9tant le puzzle de 1000 pi\u00e8ces<\/strong><\/p>\n<p><strong>Entra\u00eene ton esprit<\/strong><span style=\"font-weight: 400;\">. Si tu parviens \u00e0 consacrer au moins 30 minutes par jour au puzzle, ton cerveau reste sain et actif.<\/span><\/p>\n<p><strong>Tu am\u00e9liores ton raisonnement visuo-spatial.<\/strong><span style=\"font-weight: 400;\"> Cela est n\u00e9cessaire pour les t\u00e2ches quotidiennes comme conduire une voiture, utiliser des cartes ou disposer des objets dans de petits espaces.<\/span><\/p>\n<p><strong>Tu augmentes ta capacit\u00e9 \u00e0 te concentrer<\/strong><span style=\"font-weight: 400;\">. Pour atteindre tes objectifs, tu dois te concentrer intens\u00e9ment. Le puzzle de 1000 pi\u00e8ces est un excellent exercice \u00e0 cet \u00e9gard.<\/span><\/p>\n<p><strong>Tu augmentes ta productivit\u00e9.<\/strong><span style=\"font-weight: 400;\"> Un esprit calme et concentr\u00e9 sur des t\u00e2ches pr\u00e9cises peut faire face aux d\u00e9fis professionnels.<\/span><\/p>\n<p><strong>Tu am\u00e9liores ta m\u00e9moire.<\/strong><span style=\"font-weight: 400;\"> Chaque nouvel assemblage d&rsquo;un puzzle de 1000 pi\u00e8ces implique de m\u00e9moriser la forme des pi\u00e8ces ou l&rsquo;endroit o\u00f9 elles s&#8217;embo\u00eetent. Le jeu de puzzle est donc un exercice incroyable pour la m\u00e9moire.<\/span><\/p>\n<p><span style=\"font-weight: 400;\">Le puzzle de 1000 pi\u00e8ces Death Mask of Tutankhamun t&#8217;emm\u00e8ne dans le monde fascinant des pharaons \u00e9gyptiens. Devant ce merveilleux puzzle artistique, tu te sentiras comme un vrai d\u00e9tective qui cherche obstin\u00e9ment des indices pour r\u00e9soudre un myst\u00e8re vieux de 3 000 ans.<\/span><\/p>\n<p><span style=\"font-weight: 400;\">Le puzzle de 1000 pi\u00e8ces Le masque de la mort de Toutankhamon fait partie de la collection de puzzles de l&rsquo;\u00c9gypte ancienne. D\u00e9couvre toutes les \u00e9nigmes de cette gamme et cr\u00e9e ta propre collection de peintures exquises.<\/span><\/p>\n<p><span style=\"font-weight: 400;\">Ach\u00e8te des puzzles pour adultes de l&rsquo;\u00c9gypte ancienne &#8211; Le masque mortuaire de Toutankhamon et passe jusqu&rsquo;\u00e0 30 heures de d\u00e9tente \u00e0 assembler le plus c\u00e9l\u00e8bre artefact \u00e9gyptien. Encadre le tableau reconstitu\u00e9 et embellit ta maison avec un objet d\u00e9coratif fascinant.<\/span><\/p>\n<p><span style=\"font-weight: 400;\">Tu as des amis qui se passionnent pour l&rsquo;histoire ancienne ou les myst\u00e8res des pharaons ? Offre-leur une surprise \u00e9pique pour les vacances ou l&rsquo;anniversaire : le puzzle de 1000 pi\u00e8ces Le masque de Toutankhamon.<\/span><\/p><\/p>\n","protected":false},"excerpt":{"rendered":"<p>Tu veux une activit\u00e9 qui met ton esprit au d\u00e9fi et te d\u00e9tend ? Ou tu cherches un cadeau unique<\/p>\n","protected":false},"featured_media":47101,"template":"","meta":[],"product_brand":[],"product_cat":[2314,2316,2315],"product_tag":[],"class_list":{"0":"post-52852","1":"product","2":"type-product","3":"status-publish","4":"has-post-thumbnail","6":"product_cat-puzzles-fr","7":"product_cat-puzzles-de-1000-pieces","8":"product_cat-puzzles-pour-adultes","9":"pa_bax-10-fr","10":"pa_brand-d_toys-fr","11":"pa_country_of_manufacture-ro-fr","12":"pa_filter_age-14-fr","13":"pa_painter-legypte-ancienne","14":"pa_tip_ambalaj-boite","15":"pa_tip_puzzle-classique","17":"first","18":"instock","19":"taxable","20":"shipping-taxable","21":"product-type-simple"},"yoast_head":"<!-- This site is optimized with the Yoast SEO plugin v20.1 - https:\/\/yoast.com\/wordpress\/plugins\/seo\/ -->\n<title>Puzzle adulte 1000 pi\u00e8ces de l&#039;\u00c9gypte ancienne - Le masque mortuaire de Toutankhamon<\/title>\n<meta name=\"description\" content=\"Puzzle adulte 1000 pi\u00e8ces de l&#039;\u00c9gypte ancienne - Le masque mortuaire de Toutankhamon\" \/>\n<meta name=\"robots\" content=\"index, follow, max-snippet:-1, max-image-preview:large, max-video-preview:-1\" \/>\n<link rel=\"canonical\" href=\"https:\/\/business.roovi.com\/fr\/puzzle-adulte-1000-pieces-de-legypte-ancienne-le-masque-mortuaire-de-toutankhamon\/p\/\" \/>\n<meta property=\"og:locale\" content=\"fr_FR\" \/>\n<meta property=\"og:type\" content=\"article\" \/>\n<meta property=\"og:title\" content=\"Puzzle adulte 1000 pi\u00e8ces de l&#039;\u00c9gypte ancienne - Le masque mortuaire de Toutankhamon\" \/>\n<meta property=\"og:description\" content=\"Puzzle adulte 1000 pi\u00e8ces de l&#039;\u00c9gypte ancienne - Le masque mortuaire de Toutankhamon\" \/>\n<meta property=\"og:url\" content=\"https:\/\/business.roovi.com\/fr\/puzzle-adulte-1000-pieces-de-legypte-ancienne-le-masque-mortuaire-de-toutankhamon\/p\/\" \/>\n<meta property=\"og:site_name\" content=\"Roovi B2B\" \/>\n<meta property=\"article:publisher\" content=\"https:\/\/www.facebook.com\/wwwjucariero\" \/>\n<meta property=\"article:modified_time\" content=\"2022-07-13T10:20:28+00:00\" \/>\n<meta property=\"og:image\" content=\"https:\/\/business.roovi.com\/wp-content\/uploads\/2018\/04\/65971-2_ansamblu_dimensiuni_cutie_cm_vertical_1200x1200.png\" \/>\n\t<meta property=\"og:image:width\" content=\"1200\" \/>\n\t<meta property=\"og:image:height\" content=\"1200\" \/>\n\t<meta property=\"og:image:type\" content=\"image\/png\" \/>\n<meta name=\"twitter:label1\" content=\"Dur\u00e9e de lecture estim\u00e9e\" \/>\n\t<meta name=\"twitter:data1\" content=\"4 minutes\" \/>\n<script type=\"application\/ld+json\" class=\"yoast-schema-graph\">{\"@context\":\"https:\/\/schema.org\",\"@graph\":[{\"@type\":\"WebPage\",\"@id\":\"https:\/\/business.roovi.com\/fr\/puzzle-adulte-1000-pieces-de-legypte-ancienne-le-masque-mortuaire-de-toutankhamon\/p\/\",\"url\":\"https:\/\/business.roovi.com\/fr\/puzzle-adulte-1000-pieces-de-legypte-ancienne-le-masque-mortuaire-de-toutankhamon\/p\/\",\"name\":\"Puzzle adulte 1000 pi\u00e8ces de l'\u00c9gypte ancienne - Le masque mortuaire de Toutankhamon\",\"isPartOf\":{\"@id\":\"https:\/\/business.roovi.com\/fr\/#website\"},\"datePublished\":\"2018-04-16T10:56:17+00:00\",\"dateModified\":\"2022-07-13T10:20:28+00:00\",\"description\":\"Puzzle adulte 1000 pi\u00e8ces de l'\u00c9gypte ancienne - Le masque mortuaire de Toutankhamon\",\"breadcrumb\":{\"@id\":\"https:\/\/business.roovi.com\/fr\/puzzle-adulte-1000-pieces-de-legypte-ancienne-le-masque-mortuaire-de-toutankhamon\/p\/#breadcrumb\"},\"inLanguage\":\"fr-FR\",\"potentialAction\":[{\"@type\":\"ReadAction\",\"target\":[\"https:\/\/business.roovi.com\/fr\/puzzle-adulte-1000-pieces-de-legypte-ancienne-le-masque-mortuaire-de-toutankhamon\/p\/\"]}]},{\"@type\":\"BreadcrumbList\",\"@id\":\"https:\/\/business.roovi.com\/fr\/puzzle-adulte-1000-pieces-de-legypte-ancienne-le-masque-mortuaire-de-toutankhamon\/p\/#breadcrumb\",\"itemListElement\":[{\"@type\":\"ListItem\",\"position\":1,\"name\":\"Home\",\"item\":\"https:\/\/business.roovi.com\/fr\/\"},{\"@type\":\"ListItem\",\"position\":2,\"name\":\"Boutique\",\"item\":\"https:\/\/business.roovi.com\/fr\/boutique\/\"},{\"@type\":\"ListItem\",\"position\":3,\"name\":\"Puzzle adulte 1000 pi\u00e8ces de l&#8217;\u00c9gypte ancienne &#8211; Le masque mortuaire de Toutankhamon\"}]},{\"@type\":\"WebSite\",\"@id\":\"https:\/\/business.roovi.com\/fr\/#website\",\"url\":\"https:\/\/business.roovi.com\/fr\/\",\"name\":\"Roovi B2B\",\"description\":\"Roovi Business Website\",\"potentialAction\":[{\"@type\":\"SearchAction\",\"target\":{\"@type\":\"EntryPoint\",\"urlTemplate\":\"https:\/\/business.roovi.com\/fr\/?s={search_term_string}\"},\"query-input\":\"required name=search_term_string\"}],\"inLanguage\":\"fr-FR\"}]}<\/script>\n<!-- \/ Yoast SEO plugin. -->","yoast_head_json":{"title":"Puzzle adulte 1000 pi\u00e8ces de l'\u00c9gypte ancienne - Le masque mortuaire de Toutankhamon","description":"Puzzle adulte 1000 pi\u00e8ces de l'\u00c9gypte ancienne - Le masque mortuaire de Toutankhamon","robots":{"index":"index","follow":"follow","max-snippet":"max-snippet:-1","max-image-preview":"max-image-preview:large","max-video-preview":"max-video-preview:-1"},"canonical":"https:\/\/business.roovi.com\/fr\/puzzle-adulte-1000-pieces-de-legypte-ancienne-le-masque-mortuaire-de-toutankhamon\/p\/","og_locale":"fr_FR","og_type":"article","og_title":"Puzzle adulte 1000 pi\u00e8ces de l'\u00c9gypte ancienne - Le masque mortuaire de Toutankhamon","og_description":"Puzzle adulte 1000 pi\u00e8ces de l'\u00c9gypte ancienne - Le masque mortuaire de Toutankhamon","og_url":"https:\/\/business.roovi.com\/fr\/puzzle-adulte-1000-pieces-de-legypte-ancienne-le-masque-mortuaire-de-toutankhamon\/p\/","og_site_name":"Roovi B2B","article_publisher":"https:\/\/www.facebook.com\/wwwjucariero","article_modified_time":"2022-07-13T10:20:28+00:00","og_image":[{"width":1200,"height":1200,"url":"https:\/\/business.roovi.com\/wp-content\/uploads\/2018\/04\/65971-2_ansamblu_dimensiuni_cutie_cm_vertical_1200x1200.png","type":"image\/png"}],"twitter_misc":{"Dur\u00e9e de lecture estim\u00e9e":"4 minutes"},"schema":{"@context":"https:\/\/schema.org","@graph":[{"@type":"WebPage","@id":"https:\/\/business.roovi.com\/fr\/puzzle-adulte-1000-pieces-de-legypte-ancienne-le-masque-mortuaire-de-toutankhamon\/p\/","url":"https:\/\/business.roovi.com\/fr\/puzzle-adulte-1000-pieces-de-legypte-ancienne-le-masque-mortuaire-de-toutankhamon\/p\/","name":"Puzzle adulte 1000 pi\u00e8ces de l'\u00c9gypte ancienne - Le masque mortuaire de Toutankhamon","isPartOf":{"@id":"https:\/\/business.roovi.com\/fr\/#website"},"datePublished":"2018-04-16T10:56:17+00:00","dateModified":"2022-07-13T10:20:28+00:00","description":"Puzzle adulte 1000 pi\u00e8ces de l'\u00c9gypte ancienne - Le masque mortuaire de Toutankhamon","breadcrumb":{"@id":"https:\/\/business.roovi.com\/fr\/puzzle-adulte-1000-pieces-de-legypte-ancienne-le-masque-mortuaire-de-toutankhamon\/p\/#breadcrumb"},"inLanguage":"fr-FR","potentialAction":[{"@type":"ReadAction","target":["https:\/\/business.roovi.com\/fr\/puzzle-adulte-1000-pieces-de-legypte-ancienne-le-masque-mortuaire-de-toutankhamon\/p\/"]}]},{"@type":"BreadcrumbList","@id":"https:\/\/business.roovi.com\/fr\/puzzle-adulte-1000-pieces-de-legypte-ancienne-le-masque-mortuaire-de-toutankhamon\/p\/#breadcrumb","itemListElement":[{"@type":"ListItem","position":1,"name":"Home","item":"https:\/\/business.roovi.com\/fr\/"},{"@type":"ListItem","position":2,"name":"Boutique","item":"https:\/\/business.roovi.com\/fr\/boutique\/"},{"@type":"ListItem","position":3,"name":"Puzzle adulte 1000 pi\u00e8ces de l&#8217;\u00c9gypte ancienne &#8211; Le masque mortuaire de Toutankhamon"}]},{"@type":"WebSite","@id":"https:\/\/business.roovi.com\/fr\/#website","url":"https:\/\/business.roovi.com\/fr\/","name":"Roovi B2B","description":"Roovi Business Website","potentialAction":[{"@type":"SearchAction","target":{"@type":"EntryPoint","urlTemplate":"https:\/\/business.roovi.com\/fr\/?s={search_term_string}"},"query-input":"required name=search_term_string"}],"inLanguage":"fr-FR"}]}},"_links":{"self":[{"href":"https:\/\/business.roovi.com\/fr\/wp-json\/wp\/v2\/product\/52852","targetHints":{"allow":["GET"]}}],"collection":[{"href":"https:\/\/business.roovi.com\/fr\/wp-json\/wp\/v2\/product"}],"about":[{"href":"https:\/\/business.roovi.com\/fr\/wp-json\/wp\/v2\/types\/product"}],"version-history":[{"count":0,"href":"https:\/\/business.roovi.com\/fr\/wp-json\/wp\/v2\/product\/52852\/revisions"}],"wp:featuredmedia":[{"embeddable":true,"href":"https:\/\/business.roovi.com\/fr\/wp-json\/wp\/v2\/media\/47101"}],"wp:attachment":[{"href":"https:\/\/business.roovi.com\/fr\/wp-json\/wp\/v2\/media?parent=52852"}],"wp:term":[{"taxonomy":"product_brand","embeddable":true,"href":"https:\/\/business.roovi.com\/fr\/wp-json\/wp\/v2\/product_brand?post=52852"},{"taxonomy":"product_cat","embeddable":true,"href":"https:\/\/business.roovi.com\/fr\/wp-json\/wp\/v2\/product_cat?post=52852"},{"taxonomy":"product_tag","embeddable":true,"href":"https:\/\/business.roovi.com\/fr\/wp-json\/wp\/v2\/product_tag?post=52852"}],"curies":[{"name":"wp","href":"https:\/\/api.w.org\/{rel}","templated":true}]}}