{"id":52853,"date":"2018-04-16T10:56:17","date_gmt":"2018-04-16T10:56:17","guid":{"rendered":"https:\/\/business.roovi.com\/puzzle-adulti-1000-piese-pierre-auguste-cot-the-storm-furtuna\/p\/"},"modified":"2022-07-13T10:20:28","modified_gmt":"2022-07-13T10:20:28","slug":"puzzle-adulte-1000-pieces-pierre-auguste-cot-la-tempete","status":"publish","type":"product","link":"https:\/\/business.roovi.com\/fr\/puzzle-adulte-1000-pieces-pierre-auguste-cot-la-tempete\/p\/","title":{"rendered":"Puzzle adulte 1000 pi\u00e8ces Pierre-Auguste Cot &#8211; La Temp\u00eate"},"content":{"rendered":"<p><span style=\"font-weight: 400;\">Tu veux un objet d\u00e9coratif sp\u00e9cial ? Ou tu veux surprendre un ami cher avec un cadeau sp\u00e9cial ? Les puzzles d&rsquo;art avec des images de tableaux c\u00e9l\u00e8bres sont exactement ce dont tu as besoin ! <\/span><\/p>\n<p><span style=\"font-weight: 400;\">Nous avons des puzzles de 1000 pi\u00e8ces avec des images de Mona Lisa, de la Garde de nuit et de nombreuses autres \u0153uvres c\u00e9l\u00e8bres. En quelques clics, ils peuvent tous \u00eatre \u00e0 toi !<\/span><\/p>\n<p><span style=\"font-weight: 400;\">Le puzzle 1000 pi\u00e8ces de Pierre-Auguste Cot &#8211; La temp\u00eate est notre recommandation pour toi gr\u00e2ce \u00e0 l&rsquo;\u00e9motion transmise par l&rsquo;image du c\u00e9l\u00e8bre tableau. Le jeune couple courant pour s&rsquo;abriter de la temp\u00eate est le tableau qui a fait sensation au 19\u00e8me si\u00e8cle parmi les amateurs d&rsquo;art de l&rsquo;\u00e9poque. Le tableau ravit \u00e9galement les spectateurs contemporains, et les critiques cr\u00e9ditent toujours le peintre fran\u00e7ais pour la technique sans faille appliqu\u00e9e dans cette \u0153uvre c\u00e9l\u00e8bre.<\/span><\/p>\n<p><span style=\"font-weight: 400;\">Tu peux assembler ce puzzle d&rsquo;art en utilisant une table basse satndard comme toile de fond pour les 1000 pi\u00e8ces. La peinture reconstitu\u00e9e mesure 50 x 70 cm.<\/span><\/p>\n<p><span style=\"font-weight: 400;\">Autres caract\u00e9ristiques du puzzle de 1000 pi\u00e8ces de Pierre-Auguste Cot &#8211; La temp\u00eate :<\/span><\/p>\n<p><strong>Mat\u00e9riau du puzzle <\/strong><\/p>\n<p><strong>carton bleu de haute qualit\u00e9<\/strong><\/p>\n<p><strong>des mat\u00e9riaux durables et recyclables<\/strong><\/p>\n<p><strong>finition semi-brillante, couleurs vives<\/strong><\/p>\n<p><strong>Nombre de pi\u00e8ces de puzzle : 1000<\/strong><\/p>\n<p><strong>\u00c2ge recommand\u00e9 : 14+<\/strong><\/p>\n<p><strong>Les jeux de puzzle t&rsquo;apprennent \u00e0 \u00eatre pers\u00e9v\u00e9rant<\/strong><\/p>\n<p><span style=\"font-weight: 400;\">Faire des puzzles de 1000 pi\u00e8ces est un grand d\u00e9fi pour l&rsquo;esprit, et se lancer dans cette t\u00e2che difficile est la premi\u00e8re \u00e9tape pour d\u00e9velopper la pers\u00e9v\u00e9rance. Plus tu assembleras de mod\u00e8les de jeux de puzzle, plus tu progresseras dans cette direction <\/span><\/p>\n<p><span style=\"font-weight: 400;\">En plus de cet avantage, les jeux de r\u00e9flexion t&rsquo;offrent d&rsquo;autres avantages. En voici quelques-unes :<\/span><\/p>\n<p><span style=\"font-weight: 400;\">Ils sont un bon moyen de se d\u00e9tendre et de se d\u00e9tacher des probl\u00e8mes quotidiens.<\/span><\/p>\n<p><span style=\"font-weight: 400;\">Ils am\u00e9liorent la m\u00e9moire.<\/span><\/p>\n<p><span style=\"font-weight: 400;\">Ils augmentent l&rsquo;attention port\u00e9e aux d\u00e9tails.<\/span><\/p>\n<p><span style=\"font-weight: 400;\">Am\u00e9liore les comp\u00e9tences en mati\u00e8re de r\u00e9solution de probl\u00e8mes.<\/span><\/p>\n<p><span style=\"font-weight: 400;\">Aide \u00e0 am\u00e9liorer l&rsquo;humeur.<\/span><\/p>\n<p><strong>\u00c0 propos de Pierre-Auguste Cot et <\/strong><strong><em>La temp\u00eate<\/em><\/strong><strong> tu le savais ?<\/strong><\/p>\n<p><span style=\"font-weight: 400;\">Les critiques l&rsquo;ont \u00e9valu\u00e9 positivement, mais ont beaucoup sp\u00e9cul\u00e9 sur le sujet de cette peinture, expos\u00e9e au Salon de Paris en 1880.<\/span><\/p>\n<p><span style=\"font-weight: 400;\">Certains disent que c&rsquo;est une repr\u00e9sentation du couple Paul et Virginie de Bernardin de Saint-Pierre, d&rsquo;autres qu&rsquo;il s&rsquo;agit de Daphnis et Chlo\u00e9 de l&rsquo;histoire pastorale de <\/span><span style=\"font-weight: 400;\">Longus<\/span><\/p>\n<p><span style=\"font-weight: 400;\">La peinture est devenue extr\u00eamement populaire et a \u00e9t\u00e9 largement reproduite.<\/span><\/p>\n<p><span style=\"font-weight: 400;\">En 1870 <\/span><span style=\"font-weight: 400;\">Pierre-August Cot <\/span><span style=\"font-weight: 400;\">\u00e9tait au sommet de sa gloire, c&rsquo;\u00e9tait donc une source de fiert\u00e9 d&rsquo;avoir un tableau de ce peintre dans ta maison.<\/span><\/p>\n<p><span style=\"font-weight: 400;\">Il n&rsquo;a v\u00e9cu que 46 ans, mais de son vivant, Cot a remport\u00e9 de nombreuses r\u00e9compenses pour son travail, et en 1874, il \u00e9tait <\/span><span style=\"font-weight: 400;\">a \u00e9t\u00e9 fait chevalier de la L\u00e9gion d&rsquo;honneur.<\/span><\/p>\n<p><strong>Quelles comp\u00e9tences tes \u00e9nigmes artistiques d\u00e9veloppent-elles ?<\/strong><\/p>\n<p><span style=\"font-weight: 400;\">Les puzzles d&rsquo;art sont plus qu&rsquo;une simple activit\u00e9 de d\u00e9tente. Ils t&rsquo;aident \u00e0 plusieurs niveaux, \u00e0 savoir :<\/span><\/p>\n<p><span style=\"font-weight: 400;\">Ils d\u00e9veloppent ton sens de la couleur.<\/span><\/p>\n<p><span style=\"font-weight: 400;\">Cela entra\u00eene ton imagination.<\/span><\/p>\n<p><span style=\"font-weight: 400;\">Ils ouvrent tes horizons au monde de l&rsquo;art.<\/span><\/p>\n<p><span style=\"font-weight: 400;\">Ils t&rsquo;aident \u00e0 affiner tes comp\u00e9tences en mati\u00e8re de puzzles pour adultes.<\/span><\/p>\n<p><span style=\"font-weight: 400;\">Ach\u00e8te le puzzle de 1000 pi\u00e8ces de Pierre-Auguste Cot &#8211; La temp\u00eate et rassemble toute la famille autour d&rsquo;un merveilleux jeu de puzzle ! Revisitez et passez des moments inoubliables ensemble. D\u00e9couvre d&rsquo;autres puzzles de 1000 pi\u00e8ces dans notre gamme de puzzles d&rsquo;art et construis une incroyable collection de tableaux d&rsquo;art.<\/span><\/p>\n<p><span style=\"font-weight: 400;\">Pierre-Auguste Cot &#8211; L&rsquo;orage\/la temp\u00eate peut \u00eatre offert(e) en cadeau \u00e0 tes proches lors de diverses occasions festives.<\/span><\/p>\n","protected":false},"excerpt":{"rendered":"<p>Tu veux un objet d\u00e9coratif sp\u00e9cial ? Ou tu veux surprendre un ami cher avec un cadeau sp\u00e9cial ? Les<\/p>\n","protected":false},"featured_media":63389,"template":"","meta":[],"product_brand":[],"product_cat":[2314,2316,2315],"product_tag":[],"class_list":{"0":"post-52853","1":"product","2":"type-product","3":"status-publish","4":"has-post-thumbnail","6":"product_cat-puzzles-fr","7":"product_cat-puzzles-de-1000-pieces","8":"product_cat-puzzles-pour-adultes","9":"pa_bax-10-fr","10":"pa_brand-d_toys-fr","11":"pa_country_of_manufacture-ro-fr","12":"pa_filter_age-14-fr","13":"pa_painter-pierreaugustecot-fr","14":"pa_tip_ambalaj-boite","15":"pa_tip_puzzle-classique","17":"first","18":"instock","19":"taxable","20":"shipping-taxable","21":"product-type-simple"},"yoast_head":"<!-- This site is optimized with the Yoast SEO plugin v20.1 - https:\/\/yoast.com\/wordpress\/plugins\/seo\/ -->\n<title>Puzzle adulte 1000 pi\u00e8ces Pierre-Auguste Cot - La Temp\u00eate<\/title>\n<meta name=\"description\" content=\"Puzzle adulte 1000 pi\u00e8ces Pierre-Auguste Cot - La Temp\u00eate\" \/>\n<meta name=\"robots\" content=\"index, follow, max-snippet:-1, max-image-preview:large, max-video-preview:-1\" \/>\n<link rel=\"canonical\" href=\"https:\/\/business.roovi.com\/fr\/puzzle-adulte-1000-pieces-pierre-auguste-cot-la-tempete\/p\/\" \/>\n<meta property=\"og:locale\" content=\"fr_FR\" \/>\n<meta property=\"og:type\" content=\"article\" \/>\n<meta property=\"og:title\" content=\"Puzzle adulte 1000 pi\u00e8ces Pierre-Auguste Cot - La Temp\u00eate\" \/>\n<meta property=\"og:description\" content=\"Puzzle adulte 1000 pi\u00e8ces Pierre-Auguste Cot - La Temp\u00eate\" \/>\n<meta property=\"og:url\" content=\"https:\/\/business.roovi.com\/fr\/puzzle-adulte-1000-pieces-pierre-auguste-cot-la-tempete\/p\/\" \/>\n<meta property=\"og:site_name\" content=\"Roovi B2B\" \/>\n<meta property=\"article:publisher\" content=\"https:\/\/www.facebook.com\/wwwjucariero\" \/>\n<meta property=\"article:modified_time\" content=\"2022-07-13T10:20:28+00:00\" \/>\n<meta property=\"og:image\" content=\"https:\/\/business.roovi.com\/wp-content\/uploads\/2018\/04\/72740-01_ansamblu_dimensiuni_cutie_cm_1200x1200.png\" \/>\n\t<meta property=\"og:image:width\" content=\"1200\" \/>\n\t<meta property=\"og:image:height\" content=\"1200\" \/>\n\t<meta property=\"og:image:type\" content=\"image\/png\" \/>\n<meta name=\"twitter:label1\" content=\"Dur\u00e9e de lecture estim\u00e9e\" \/>\n\t<meta name=\"twitter:data1\" content=\"3 minutes\" \/>\n<script type=\"application\/ld+json\" class=\"yoast-schema-graph\">{\"@context\":\"https:\/\/schema.org\",\"@graph\":[{\"@type\":\"WebPage\",\"@id\":\"https:\/\/business.roovi.com\/fr\/puzzle-adulte-1000-pieces-pierre-auguste-cot-la-tempete\/p\/\",\"url\":\"https:\/\/business.roovi.com\/fr\/puzzle-adulte-1000-pieces-pierre-auguste-cot-la-tempete\/p\/\",\"name\":\"Puzzle adulte 1000 pi\u00e8ces Pierre-Auguste Cot - La Temp\u00eate\",\"isPartOf\":{\"@id\":\"https:\/\/business.roovi.com\/fr\/#website\"},\"datePublished\":\"2018-04-16T10:56:17+00:00\",\"dateModified\":\"2022-07-13T10:20:28+00:00\",\"description\":\"Puzzle adulte 1000 pi\u00e8ces Pierre-Auguste Cot - La Temp\u00eate\",\"breadcrumb\":{\"@id\":\"https:\/\/business.roovi.com\/fr\/puzzle-adulte-1000-pieces-pierre-auguste-cot-la-tempete\/p\/#breadcrumb\"},\"inLanguage\":\"fr-FR\",\"potentialAction\":[{\"@type\":\"ReadAction\",\"target\":[\"https:\/\/business.roovi.com\/fr\/puzzle-adulte-1000-pieces-pierre-auguste-cot-la-tempete\/p\/\"]}]},{\"@type\":\"BreadcrumbList\",\"@id\":\"https:\/\/business.roovi.com\/fr\/puzzle-adulte-1000-pieces-pierre-auguste-cot-la-tempete\/p\/#breadcrumb\",\"itemListElement\":[{\"@type\":\"ListItem\",\"position\":1,\"name\":\"Home\",\"item\":\"https:\/\/business.roovi.com\/fr\/\"},{\"@type\":\"ListItem\",\"position\":2,\"name\":\"Boutique\",\"item\":\"https:\/\/business.roovi.com\/fr\/boutique\/\"},{\"@type\":\"ListItem\",\"position\":3,\"name\":\"Puzzle adulte 1000 pi\u00e8ces Pierre-Auguste Cot &#8211; La Temp\u00eate\"}]},{\"@type\":\"WebSite\",\"@id\":\"https:\/\/business.roovi.com\/fr\/#website\",\"url\":\"https:\/\/business.roovi.com\/fr\/\",\"name\":\"Roovi B2B\",\"description\":\"Roovi Business Website\",\"potentialAction\":[{\"@type\":\"SearchAction\",\"target\":{\"@type\":\"EntryPoint\",\"urlTemplate\":\"https:\/\/business.roovi.com\/fr\/?s={search_term_string}\"},\"query-input\":\"required name=search_term_string\"}],\"inLanguage\":\"fr-FR\"}]}<\/script>\n<!-- \/ Yoast SEO plugin. -->","yoast_head_json":{"title":"Puzzle adulte 1000 pi\u00e8ces Pierre-Auguste Cot - La Temp\u00eate","description":"Puzzle adulte 1000 pi\u00e8ces Pierre-Auguste Cot - La Temp\u00eate","robots":{"index":"index","follow":"follow","max-snippet":"max-snippet:-1","max-image-preview":"max-image-preview:large","max-video-preview":"max-video-preview:-1"},"canonical":"https:\/\/business.roovi.com\/fr\/puzzle-adulte-1000-pieces-pierre-auguste-cot-la-tempete\/p\/","og_locale":"fr_FR","og_type":"article","og_title":"Puzzle adulte 1000 pi\u00e8ces Pierre-Auguste Cot - La Temp\u00eate","og_description":"Puzzle adulte 1000 pi\u00e8ces Pierre-Auguste Cot - La Temp\u00eate","og_url":"https:\/\/business.roovi.com\/fr\/puzzle-adulte-1000-pieces-pierre-auguste-cot-la-tempete\/p\/","og_site_name":"Roovi B2B","article_publisher":"https:\/\/www.facebook.com\/wwwjucariero","article_modified_time":"2022-07-13T10:20:28+00:00","og_image":[{"width":1200,"height":1200,"url":"https:\/\/business.roovi.com\/wp-content\/uploads\/2018\/04\/72740-01_ansamblu_dimensiuni_cutie_cm_1200x1200.png","type":"image\/png"}],"twitter_misc":{"Dur\u00e9e de lecture estim\u00e9e":"3 minutes"},"schema":{"@context":"https:\/\/schema.org","@graph":[{"@type":"WebPage","@id":"https:\/\/business.roovi.com\/fr\/puzzle-adulte-1000-pieces-pierre-auguste-cot-la-tempete\/p\/","url":"https:\/\/business.roovi.com\/fr\/puzzle-adulte-1000-pieces-pierre-auguste-cot-la-tempete\/p\/","name":"Puzzle adulte 1000 pi\u00e8ces Pierre-Auguste Cot - La Temp\u00eate","isPartOf":{"@id":"https:\/\/business.roovi.com\/fr\/#website"},"datePublished":"2018-04-16T10:56:17+00:00","dateModified":"2022-07-13T10:20:28+00:00","description":"Puzzle adulte 1000 pi\u00e8ces Pierre-Auguste Cot - La Temp\u00eate","breadcrumb":{"@id":"https:\/\/business.roovi.com\/fr\/puzzle-adulte-1000-pieces-pierre-auguste-cot-la-tempete\/p\/#breadcrumb"},"inLanguage":"fr-FR","potentialAction":[{"@type":"ReadAction","target":["https:\/\/business.roovi.com\/fr\/puzzle-adulte-1000-pieces-pierre-auguste-cot-la-tempete\/p\/"]}]},{"@type":"BreadcrumbList","@id":"https:\/\/business.roovi.com\/fr\/puzzle-adulte-1000-pieces-pierre-auguste-cot-la-tempete\/p\/#breadcrumb","itemListElement":[{"@type":"ListItem","position":1,"name":"Home","item":"https:\/\/business.roovi.com\/fr\/"},{"@type":"ListItem","position":2,"name":"Boutique","item":"https:\/\/business.roovi.com\/fr\/boutique\/"},{"@type":"ListItem","position":3,"name":"Puzzle adulte 1000 pi\u00e8ces Pierre-Auguste Cot &#8211; La Temp\u00eate"}]},{"@type":"WebSite","@id":"https:\/\/business.roovi.com\/fr\/#website","url":"https:\/\/business.roovi.com\/fr\/","name":"Roovi B2B","description":"Roovi Business Website","potentialAction":[{"@type":"SearchAction","target":{"@type":"EntryPoint","urlTemplate":"https:\/\/business.roovi.com\/fr\/?s={search_term_string}"},"query-input":"required name=search_term_string"}],"inLanguage":"fr-FR"}]}},"_links":{"self":[{"href":"https:\/\/business.roovi.com\/fr\/wp-json\/wp\/v2\/product\/52853","targetHints":{"allow":["GET"]}}],"collection":[{"href":"https:\/\/business.roovi.com\/fr\/wp-json\/wp\/v2\/product"}],"about":[{"href":"https:\/\/business.roovi.com\/fr\/wp-json\/wp\/v2\/types\/product"}],"version-history":[{"count":0,"href":"https:\/\/business.roovi.com\/fr\/wp-json\/wp\/v2\/product\/52853\/revisions"}],"wp:featuredmedia":[{"embeddable":true,"href":"https:\/\/business.roovi.com\/fr\/wp-json\/wp\/v2\/media\/63389"}],"wp:attachment":[{"href":"https:\/\/business.roovi.com\/fr\/wp-json\/wp\/v2\/media?parent=52853"}],"wp:term":[{"taxonomy":"product_brand","embeddable":true,"href":"https:\/\/business.roovi.com\/fr\/wp-json\/wp\/v2\/product_brand?post=52853"},{"taxonomy":"product_cat","embeddable":true,"href":"https:\/\/business.roovi.com\/fr\/wp-json\/wp\/v2\/product_cat?post=52853"},{"taxonomy":"product_tag","embeddable":true,"href":"https:\/\/business.roovi.com\/fr\/wp-json\/wp\/v2\/product_tag?post=52853"}],"curies":[{"name":"wp","href":"https:\/\/api.w.org\/{rel}","templated":true}]}}