{"id":52856,"date":"2018-04-16T10:56:17","date_gmt":"2018-04-16T10:56:17","guid":{"rendered":"https:\/\/business.roovi.com\/puzzle-adulti-1000-piese-edgar-degas-the-ballet-class\/p\/"},"modified":"2022-07-13T10:20:31","modified_gmt":"2022-07-13T10:20:31","slug":"puzzle-adulte-1000-pieces-edgar-degas-la-classe-de-ballet","status":"publish","type":"product","link":"https:\/\/business.roovi.com\/fr\/puzzle-adulte-1000-pieces-edgar-degas-la-classe-de-ballet\/p\/","title":{"rendered":"Puzzle adulte 1000 pi\u00e8ces Edgar Degas &#8211; La classe de ballet"},"content":{"rendered":"<p><strong><em>Fascin\u00e9 par les peintures de Da Vinci, Botticelli ou Van Gogh ? D\u00e9couvre les images des peintures les plus c\u00e9l\u00e8bres de tous les temps dans la plus grande gamme de puzzles d&rsquo;art produite en Roumanie <\/em><\/strong><\/p>\n<p><span style=\"font-weight: 400;\">Le puzzle de 1000 pi\u00e8ces Edgar Degas &#8211; La classe de ballet repr\u00e9sente l&rsquo;image du tableau \u00e9ponyme cr\u00e9\u00e9 par le peintre fran\u00e7ais, connu pour son art de peindre des ballerines <\/span><\/p>\n<p><span style=\"font-weight: 400;\">Edgar Degas fr\u00e9quentait l&rsquo;Op\u00e9ra de Paris \u00e0 la fois pour assister aux spectacles et, surtout, pour observer le dur entra\u00eenement des d\u00e9licates ballerines. Toutes ses \u0153uvres avec des ballerines au centre de l&rsquo;univers artistique se distinguent par la gr\u00e2ce et l&rsquo;harmonie.<\/span><\/p>\n<p><span style=\"font-weight: 400;\">Degas n&rsquo;est pas int\u00e9ress\u00e9 par l&rsquo;\u00e9rotisme, mais par la repr\u00e9sentation de l&rsquo;harmonie du corps f\u00e9minin en mouvement. Il est devenu c\u00e9l\u00e8bre pour la spontan\u00e9it\u00e9 et la verve de ses \u0153uvres. Dans toutes les peintures, il semble que l&rsquo;artiste ait voulu capturer chaque attitude et chaque geste, chaque nuance de mouvement de la performance sur sc\u00e8ne ou de la r\u00e9p\u00e9tition g\u00e9n\u00e9rale <\/span><\/p>\n<p><span style=\"font-weight: 400;\">Si le dynamisme et l&rsquo;harmonie des couleurs des tableaux de Degas piquent ton int\u00e9r\u00eat, le puzzle de 1000 pi\u00e8ces Le cours de ballet est un d\u00e9lice que tu dois d\u00e9couvrir. Mets-toi dans la peau de l&rsquo;artiste et cr\u00e9e un chef-d&rsquo;\u0153uvre artistique admir\u00e9 depuis longtemps \u00e0 partir de 1000 pi\u00e8ces de puzzle.<\/span><\/p>\n<p><strong>Caract\u00e9ristiques Puzzle de 1000 pi\u00e8ces Edgar Degas &#8211; La classe de ballet<\/strong><\/p>\n<p><strong>Taille de l&rsquo;image reconstruite : 68 x 47 cm<\/strong><\/p>\n<p><strong>Mat\u00e9riau du puzzle <\/strong><\/p>\n<p><strong>carton bleu de haute qualit\u00e9<\/strong><\/p>\n<p><strong>des mat\u00e9riaux durables et recyclables<\/strong><\/p>\n<p><strong>finition semi-brillante, couleurs vives<\/strong><\/p>\n<p><strong>Nombre de pi\u00e8ces de puzzle : 1000<\/strong><\/p>\n<p><strong>\u00c2ge recommand\u00e9 : 14+<\/strong><\/p>\n<p><span style=\"font-weight: 400;\">Les jeux de puzzle d\u00e9veloppent de nombreuses comp\u00e9tences qui se refl\u00e8tent \u00e0 plusieurs niveaux :<\/span><\/p>\n<ul>\n<li><span style=\"font-weight: 400;\">Ils t&rsquo;aident \u00e0 devenir patient et pers\u00e9v\u00e9rant lorsque tu veux atteindre de grands objectifs.<\/span><\/li>\n<li><span style=\"font-weight: 400;\">Il entra\u00eene ton esprit et garde ta m\u00e9moire vive.<\/span><\/li>\n<li><span style=\"font-weight: 400;\">Elle d\u00e9veloppe ta capacit\u00e9 \u00e0 r\u00e9soudre des probl\u00e8mes et \u00e0 g\u00e9rer la pression dans des situations stressantes.<\/span><\/li>\n<li><span style=\"font-weight: 400;\">Aide \u00e0 maintenir une mobilit\u00e9 fine, une dext\u00e9rit\u00e9 et une coordination \u00e0 tout \u00e2ge.<\/span><\/li>\n<li><span style=\"font-weight: 400;\">Ils stimulent la s\u00e9cr\u00e9tion de dopamine et te donnent ainsi un sentiment de bonheur, d&rsquo;optimisme et de confiance en toi.<\/span><\/li>\n<\/ul>\n<p><strong>Tu savais que&#8230; ?<\/strong><\/p>\n<p><span style=\"font-weight: 400;\">Toutes les peintures de Degas sont cr\u00e9\u00e9es dans l&rsquo;atelier de l&rsquo;artiste, bien qu&rsquo;elles d\u00e9peignent en d\u00e9tail des sc\u00e8nes dynamiques de r\u00e9p\u00e9titions ou de spectacles.<\/span><\/p>\n<p><span style=\"font-weight: 400;\">\u00c0 l&rsquo;\u00e2ge de 36 ans, le peintre commence \u00e0 avoir des probl\u00e8mes de vue. Elle se d\u00e9t\u00e9riore avec le temps et \u00e0 la fin de sa vie, Degas est presque aveugle.<\/span><\/p>\n<p><span style=\"font-weight: 400;\">Fascin\u00e9 par les ballerines, Degas a cr\u00e9\u00e9 quelque 1500 tableaux avec ces danseuses comme th\u00e8me central.<\/span><\/p>\n<p><span style=\"font-weight: 400;\">Pendant plus de 40 ans, Edgar Degas a entretenu une amiti\u00e9 particuli\u00e8re avec la peintre Mary Cassat.<\/span><\/p>\n<p><span style=\"font-weight: 400;\">Le peintre \u00e9tait aussi un collectionneur d&rsquo;art passionn\u00e9. Sa collection priv\u00e9e en 1917 comprenait de nombreuses \u0153uvres pr\u00e9cieuses d&rsquo;Ingres, Delacroix, Monet, C\u00e9zanne, Gauguin, Van Gogh et bien d&rsquo;autres <\/span><\/p>\n<p><strong>Pourquoi choisir un puzzle de 1000 pi\u00e8ces de la collection de puzzles d&rsquo;art ?<\/strong><\/p>\n<p><span style=\"font-weight: 400;\">Un puzzle d&rsquo;art est plus qu&rsquo;une simple activit\u00e9 relaxante, il t&rsquo;offre de multiples avantages, comme par exemple :<\/span><\/p>\n<p><span style=\"font-weight: 400;\">Il cultive ton go\u00fbt esth\u00e9tique <\/span><\/p>\n<p><span style=\"font-weight: 400;\">Cela d\u00e9veloppe ton imagination.<\/span><\/p>\n<p><span style=\"font-weight: 400;\">Il \u00e9veille ta curiosit\u00e9 et ton d\u00e9sir de conna\u00eetre l&rsquo;art en profondeur.<\/span><\/p>\n<p><span style=\"font-weight: 400;\">C&rsquo;est un excellent moyen de d\u00e9velopper tes comp\u00e9tences en mati\u00e8re de puzzle.<\/span><\/p>\n<p><span style=\"font-weight: 400;\">C&rsquo;est une excellente occasion de recr\u00e9er un chef-d&rsquo;\u0153uvre artistique et d&rsquo;admirer les moindres d\u00e9tails d&rsquo;un tableau c\u00e9l\u00e8bre.<\/span><\/p>\n<p><span style=\"font-weight: 400;\">Tu obtiens un tableau original, une copie presque parfaite d&rsquo;un tableau c\u00e9l\u00e8bre avec lequel tu peux d\u00e9corer ta maison.<\/span><\/p>\n<p><span style=\"font-weight: 400;\">Alors choisis le puzzle de 1000 pi\u00e8ces Edgar Degas &#8211; La classe de ballet et profite de tous les avantages que le jeu de puzzle a \u00e0 offrir. Aussi, si tu veux surprendre agr\u00e9ablement un adulte amateur de puzzles, offre-lui ce fascinant puzzle d&rsquo;art en cadeau.<\/span><\/p><\/p>\n","protected":false},"excerpt":{"rendered":"<p>Fascin\u00e9 par les peintures de Da Vinci, Botticelli ou Van Gogh ? D\u00e9couvre les images des peintures les plus c\u00e9l\u00e8bres<\/p>\n","protected":false},"featured_media":63471,"template":"","meta":[],"product_brand":[],"product_cat":[2314,2316,2315],"product_tag":[],"class_list":{"0":"post-52856","1":"product","2":"type-product","3":"status-publish","4":"has-post-thumbnail","6":"product_cat-puzzles-fr","7":"product_cat-puzzles-de-1000-pieces","8":"product_cat-puzzles-pour-adultes","9":"pa_bax-10-fr","10":"pa_brand-d_toys-fr","11":"pa_country_of_manufacture-ro-fr","12":"pa_filter_age-14-fr","13":"pa_painter-edgardegas-fr","14":"pa_tip_ambalaj-boite","15":"pa_tip_puzzle-classique","17":"first","18":"instock","19":"taxable","20":"shipping-taxable","21":"product-type-simple"},"yoast_head":"<!-- This site is optimized with the Yoast SEO plugin v20.1 - https:\/\/yoast.com\/wordpress\/plugins\/seo\/ -->\n<title>Puzzle adulte 1000 pi\u00e8ces Edgar Degas - La classe de ballet<\/title>\n<meta name=\"description\" content=\"Puzzle adulte 1000 pi\u00e8ces Edgar Degas - La classe de ballet\" \/>\n<meta name=\"robots\" content=\"index, follow, max-snippet:-1, max-image-preview:large, max-video-preview:-1\" \/>\n<link rel=\"canonical\" href=\"https:\/\/business.roovi.com\/fr\/puzzle-adulte-1000-pieces-edgar-degas-la-classe-de-ballet\/p\/\" \/>\n<meta property=\"og:locale\" content=\"fr_FR\" \/>\n<meta property=\"og:type\" content=\"article\" \/>\n<meta property=\"og:title\" content=\"Puzzle adulte 1000 pi\u00e8ces Edgar Degas - La classe de ballet\" \/>\n<meta property=\"og:description\" content=\"Puzzle adulte 1000 pi\u00e8ces Edgar Degas - La classe de ballet\" \/>\n<meta property=\"og:url\" content=\"https:\/\/business.roovi.com\/fr\/puzzle-adulte-1000-pieces-edgar-degas-la-classe-de-ballet\/p\/\" \/>\n<meta property=\"og:site_name\" content=\"Roovi B2B\" \/>\n<meta property=\"article:publisher\" content=\"https:\/\/www.facebook.com\/wwwjucariero\" \/>\n<meta property=\"article:modified_time\" content=\"2022-07-13T10:20:31+00:00\" \/>\n<meta property=\"og:image\" content=\"https:\/\/business.roovi.com\/wp-content\/uploads\/2018\/04\/72801-02_ansamblu_dimensiuni_cutie_cm_orizontal.png\" \/>\n\t<meta property=\"og:image:width\" content=\"1200\" \/>\n\t<meta property=\"og:image:height\" content=\"1200\" \/>\n\t<meta property=\"og:image:type\" content=\"image\/png\" \/>\n<meta name=\"twitter:label1\" content=\"Dur\u00e9e de lecture estim\u00e9e\" \/>\n\t<meta name=\"twitter:data1\" content=\"3 minutes\" \/>\n<script type=\"application\/ld+json\" class=\"yoast-schema-graph\">{\"@context\":\"https:\/\/schema.org\",\"@graph\":[{\"@type\":\"WebPage\",\"@id\":\"https:\/\/business.roovi.com\/fr\/puzzle-adulte-1000-pieces-edgar-degas-la-classe-de-ballet\/p\/\",\"url\":\"https:\/\/business.roovi.com\/fr\/puzzle-adulte-1000-pieces-edgar-degas-la-classe-de-ballet\/p\/\",\"name\":\"Puzzle adulte 1000 pi\u00e8ces Edgar Degas - La classe de ballet\",\"isPartOf\":{\"@id\":\"https:\/\/business.roovi.com\/fr\/#website\"},\"datePublished\":\"2018-04-16T10:56:17+00:00\",\"dateModified\":\"2022-07-13T10:20:31+00:00\",\"description\":\"Puzzle adulte 1000 pi\u00e8ces Edgar Degas - La classe de ballet\",\"breadcrumb\":{\"@id\":\"https:\/\/business.roovi.com\/fr\/puzzle-adulte-1000-pieces-edgar-degas-la-classe-de-ballet\/p\/#breadcrumb\"},\"inLanguage\":\"fr-FR\",\"potentialAction\":[{\"@type\":\"ReadAction\",\"target\":[\"https:\/\/business.roovi.com\/fr\/puzzle-adulte-1000-pieces-edgar-degas-la-classe-de-ballet\/p\/\"]}]},{\"@type\":\"BreadcrumbList\",\"@id\":\"https:\/\/business.roovi.com\/fr\/puzzle-adulte-1000-pieces-edgar-degas-la-classe-de-ballet\/p\/#breadcrumb\",\"itemListElement\":[{\"@type\":\"ListItem\",\"position\":1,\"name\":\"Home\",\"item\":\"https:\/\/business.roovi.com\/fr\/\"},{\"@type\":\"ListItem\",\"position\":2,\"name\":\"Boutique\",\"item\":\"https:\/\/business.roovi.com\/fr\/boutique\/\"},{\"@type\":\"ListItem\",\"position\":3,\"name\":\"Puzzle adulte 1000 pi\u00e8ces Edgar Degas &#8211; La classe de ballet\"}]},{\"@type\":\"WebSite\",\"@id\":\"https:\/\/business.roovi.com\/fr\/#website\",\"url\":\"https:\/\/business.roovi.com\/fr\/\",\"name\":\"Roovi B2B\",\"description\":\"Roovi Business Website\",\"potentialAction\":[{\"@type\":\"SearchAction\",\"target\":{\"@type\":\"EntryPoint\",\"urlTemplate\":\"https:\/\/business.roovi.com\/fr\/?s={search_term_string}\"},\"query-input\":\"required name=search_term_string\"}],\"inLanguage\":\"fr-FR\"}]}<\/script>\n<!-- \/ Yoast SEO plugin. -->","yoast_head_json":{"title":"Puzzle adulte 1000 pi\u00e8ces Edgar Degas - La classe de ballet","description":"Puzzle adulte 1000 pi\u00e8ces Edgar Degas - La classe de ballet","robots":{"index":"index","follow":"follow","max-snippet":"max-snippet:-1","max-image-preview":"max-image-preview:large","max-video-preview":"max-video-preview:-1"},"canonical":"https:\/\/business.roovi.com\/fr\/puzzle-adulte-1000-pieces-edgar-degas-la-classe-de-ballet\/p\/","og_locale":"fr_FR","og_type":"article","og_title":"Puzzle adulte 1000 pi\u00e8ces Edgar Degas - La classe de ballet","og_description":"Puzzle adulte 1000 pi\u00e8ces Edgar Degas - La classe de ballet","og_url":"https:\/\/business.roovi.com\/fr\/puzzle-adulte-1000-pieces-edgar-degas-la-classe-de-ballet\/p\/","og_site_name":"Roovi B2B","article_publisher":"https:\/\/www.facebook.com\/wwwjucariero","article_modified_time":"2022-07-13T10:20:31+00:00","og_image":[{"width":1200,"height":1200,"url":"https:\/\/business.roovi.com\/wp-content\/uploads\/2018\/04\/72801-02_ansamblu_dimensiuni_cutie_cm_orizontal.png","type":"image\/png"}],"twitter_misc":{"Dur\u00e9e de lecture estim\u00e9e":"3 minutes"},"schema":{"@context":"https:\/\/schema.org","@graph":[{"@type":"WebPage","@id":"https:\/\/business.roovi.com\/fr\/puzzle-adulte-1000-pieces-edgar-degas-la-classe-de-ballet\/p\/","url":"https:\/\/business.roovi.com\/fr\/puzzle-adulte-1000-pieces-edgar-degas-la-classe-de-ballet\/p\/","name":"Puzzle adulte 1000 pi\u00e8ces Edgar Degas - La classe de ballet","isPartOf":{"@id":"https:\/\/business.roovi.com\/fr\/#website"},"datePublished":"2018-04-16T10:56:17+00:00","dateModified":"2022-07-13T10:20:31+00:00","description":"Puzzle adulte 1000 pi\u00e8ces Edgar Degas - La classe de ballet","breadcrumb":{"@id":"https:\/\/business.roovi.com\/fr\/puzzle-adulte-1000-pieces-edgar-degas-la-classe-de-ballet\/p\/#breadcrumb"},"inLanguage":"fr-FR","potentialAction":[{"@type":"ReadAction","target":["https:\/\/business.roovi.com\/fr\/puzzle-adulte-1000-pieces-edgar-degas-la-classe-de-ballet\/p\/"]}]},{"@type":"BreadcrumbList","@id":"https:\/\/business.roovi.com\/fr\/puzzle-adulte-1000-pieces-edgar-degas-la-classe-de-ballet\/p\/#breadcrumb","itemListElement":[{"@type":"ListItem","position":1,"name":"Home","item":"https:\/\/business.roovi.com\/fr\/"},{"@type":"ListItem","position":2,"name":"Boutique","item":"https:\/\/business.roovi.com\/fr\/boutique\/"},{"@type":"ListItem","position":3,"name":"Puzzle adulte 1000 pi\u00e8ces Edgar Degas &#8211; La classe de ballet"}]},{"@type":"WebSite","@id":"https:\/\/business.roovi.com\/fr\/#website","url":"https:\/\/business.roovi.com\/fr\/","name":"Roovi B2B","description":"Roovi Business Website","potentialAction":[{"@type":"SearchAction","target":{"@type":"EntryPoint","urlTemplate":"https:\/\/business.roovi.com\/fr\/?s={search_term_string}"},"query-input":"required name=search_term_string"}],"inLanguage":"fr-FR"}]}},"_links":{"self":[{"href":"https:\/\/business.roovi.com\/fr\/wp-json\/wp\/v2\/product\/52856","targetHints":{"allow":["GET"]}}],"collection":[{"href":"https:\/\/business.roovi.com\/fr\/wp-json\/wp\/v2\/product"}],"about":[{"href":"https:\/\/business.roovi.com\/fr\/wp-json\/wp\/v2\/types\/product"}],"version-history":[{"count":0,"href":"https:\/\/business.roovi.com\/fr\/wp-json\/wp\/v2\/product\/52856\/revisions"}],"wp:featuredmedia":[{"embeddable":true,"href":"https:\/\/business.roovi.com\/fr\/wp-json\/wp\/v2\/media\/63471"}],"wp:attachment":[{"href":"https:\/\/business.roovi.com\/fr\/wp-json\/wp\/v2\/media?parent=52856"}],"wp:term":[{"taxonomy":"product_brand","embeddable":true,"href":"https:\/\/business.roovi.com\/fr\/wp-json\/wp\/v2\/product_brand?post=52856"},{"taxonomy":"product_cat","embeddable":true,"href":"https:\/\/business.roovi.com\/fr\/wp-json\/wp\/v2\/product_cat?post=52856"},{"taxonomy":"product_tag","embeddable":true,"href":"https:\/\/business.roovi.com\/fr\/wp-json\/wp\/v2\/product_tag?post=52856"}],"curies":[{"name":"wp","href":"https:\/\/api.w.org\/{rel}","templated":true}]}}