{"id":52858,"date":"2018-04-16T10:56:17","date_gmt":"2018-04-16T10:56:17","guid":{"rendered":"https:\/\/business.roovi.com\/puzzle-adulti-1000-piese-edward-burne-jones-the-mirror-of-venus\/p\/"},"modified":"2022-07-13T10:20:33","modified_gmt":"2022-07-13T10:20:33","slug":"puzzle-adulte-1000-pieces-edward-burne-jones-le-miroir-de-venus","status":"publish","type":"product","link":"https:\/\/business.roovi.com\/fr\/puzzle-adulte-1000-pieces-edward-burne-jones-le-miroir-de-venus\/p\/","title":{"rendered":"Puzzle adulte 1000 pi\u00e8ces Edward Burne-Jones &#8211; Le Miroir de V\u00e9nus"},"content":{"rendered":"<p><span style=\"font-weight: 400;\">Fais l&rsquo;exp\u00e9rience d&rsquo;une activit\u00e9 amusante et relaxante avec la plus grande gamme de puzzles artistiques de Roumanie ! S\u00e9lectionne tes puzzles pr\u00e9f\u00e9r\u00e9s, assemble-les et cr\u00e9e ta propre collection d&rsquo;art unique \u00e0 partir de puzzles de 1000 pi\u00e8ces !   <\/span><\/p>\n<p><span style=\"font-weight: 400;\">Le puzzle de 1000 pi\u00e8ces d&rsquo;Edward Burne-Jones &#8211; The Mirror of Venus\/Oglinda lui Venus est peut-\u00eatre la premi\u00e8re image de puzzle d&rsquo;art de ta collection r\u00eav\u00e9e depuis longtemps. Partisan de l&rsquo;esth\u00e9tisme, l&rsquo;artiste a cr\u00e9\u00e9 un chef-d&rsquo;\u0153uvre qui est une exaltation de la beaut\u00e9 id\u00e9ale, alignant l&rsquo;ambiance du tableau sur les valeurs de l&rsquo;art victorien tardif. La sc\u00e8ne est purement imaginaire et montre V\u00e9nus et ses demoiselles regardant leurs reflets dans l&rsquo;eau <\/span><\/p>\n<p><span style=\"font-weight: 400;\">Utilise ton imagination et recr\u00e9e cette admirable peinture, une expression de la peinture du XIXe si\u00e8cle ! Tu peux utiliser une table basse ordinaire pour le montage &#8211; l&rsquo;image finale mesure 50 x 70 cm.<\/span><\/p>\n<p><span style=\"font-weight: 400;\">Caract\u00e9ristiques Puzzle de 1000 pi\u00e8ces Edward Burne-Jones &#8211; Le Miroir de V\u00e9nus\/Oglinda di Venus :<\/span><\/p>\n<p><strong>Taille de l&rsquo;image reconstitu\u00e9e : 50 x 70 cm <\/strong><\/p>\n<p><strong>Mat\u00e9riau du puzzle <\/strong><\/p>\n<p><strong>carton bleu de haute qualit\u00e9<\/strong><\/p>\n<p><strong>des mat\u00e9riaux durables et recyclables<\/strong><\/p>\n<p><strong>finition semi-brillante, couleurs vives<\/strong><\/p>\n<p><strong>Nombre de pi\u00e8ces de puzzle : 1000<\/strong><\/p>\n<p><strong>\u00c2ge recommand\u00e9 : 14+<\/strong><\/p>\n<p><strong>Les jeux de puzzle et les comp\u00e9tences qu&rsquo;ils d\u00e9veloppent<\/strong><\/p>\n<p><span style=\"font-weight: 400;\">Les puzzles pour adultes sont \u00e0 la fois un moyen de se d\u00e9tendre et de d\u00e9velopper de nombreuses comp\u00e9tences. En voici quelques-unes :<\/span><\/p>\n<p><span style=\"font-weight: 400;\">Comp\u00e9tences en r\u00e9solution de probl\u00e8mes<\/span><\/p>\n<p><span style=\"font-weight: 400;\">Pens\u00e9e logique<\/span><\/p>\n<p><span style=\"font-weight: 400;\">Pens\u00e9e critique<\/span><\/p>\n<p><span style=\"font-weight: 400;\">M\u00e9moire<\/span><\/p>\n<p><span style=\"font-weight: 400;\">Intelligence visuo-spatiale<\/span><\/p>\n<p><span style=\"font-weight: 400;\">Coordination main-\u0153il<\/span><\/p>\n<p><strong>5 informations sur la peinture <\/strong><strong><em>Miroir de V\u00e9nus<\/em><\/strong><strong> et d&rsquo;Edward My Bur Burne-Jones<\/strong><\/p>\n<p><span style=\"font-weight: 400;\">Le tableau m\u00eale de fa\u00e7on transparente l&rsquo;esth\u00e9tique pr\u00e9rapha\u00e9lite et celle de la Renaissance italienne.<\/span><\/p>\n<p><span style=\"font-weight: 400;\">L&rsquo;\u00e9l\u00e9gance des figures rappelle Botticelli et \u00ab\u00a0trahit\u00a0\u00bb l&rsquo;admiration de Burne-Jones pour lui.<\/span><\/p>\n<p><span style=\"font-weight: 400;\">On dit qu&rsquo;Edward Burne-Jones aurait souhait\u00e9 \u00eatre un contemporain de Botticelli et qu&rsquo;il \u00e9tait constamment nostalgique de la p\u00e9riode de la Renaissance.<\/span><\/p>\n<p><span style=\"font-weight: 400;\">Les visages et les expressions m\u00e9lancoliques des filles sugg\u00e8rent un sentiment de tristesse et de nostalgie pour le pass\u00e9 du peintre.<\/span><\/p>\n<p><span style=\"font-weight: 400;\">L&rsquo;\u0153uvre est devenue un mod\u00e8le pour les disciples d&rsquo;Edward Burne-Jones qui en ont imit\u00e9 des sc\u00e8nes \u00e0 grande \u00e9chelle.<\/span><\/p>\n<p><strong>Les \u00e9nigmes de l&rsquo;art : un passe-temps collectif<\/strong><\/p>\n<p><span style=\"font-weight: 400;\">Tu cherches une activit\u00e9 qui te rapproche de tes enfants ? Ou tu as envie d&rsquo;une soir\u00e9e interactive avec ton groupe d&rsquo;amis ? D\u00e9couvre les \u00e9nigmes de l&rsquo;art ensemble. Recr\u00e9e des images de tableaux c\u00e9l\u00e8bres et cherche de nouvelles informations sur les chefs-d&rsquo;\u0153uvre artistiques et leurs auteurs. Ainsi, tu passeras du temps de qualit\u00e9 avec tes proches et tu am\u00e9lioreras ta culture g\u00e9n\u00e9rale.<\/span><\/p>\n<p><span style=\"font-weight: 400;\">Tu ne peux pas d\u00e9cider quel puzzle d&rsquo;art choisir parmi notre collection de puzzles pour adultes ? Le puzzle de 1000 pi\u00e8ces d&rsquo;Edward Burne-Jones &#8211; Le Miroir de V\u00e9nus\/Oglinda de Venus est notre recommandation pour toi. Recr\u00e9e une image idyllique \u00e0 partir d&rsquo;un puzzle de 1000 pi\u00e8ces, expression de la sensibilit\u00e9 artistique d&rsquo;un artiste pr\u00e9rapha\u00e9lite reconnu. Encadre le tableau de ce merveilleux puzzle artistique et admire un chef-d&rsquo;\u0153uvre de tes propres mains.<\/span><\/p>\n<p><span style=\"font-weight: 400;\">Si tu veux surprendre un ami amateur de puzzles, offre-lui le puzzle d&rsquo;art Edward Burne-Jones &#8211; Miroir de V\u00e9nus.<\/span><\/p><\/p>\n","protected":false},"excerpt":{"rendered":"<p>Fais l&rsquo;exp\u00e9rience d&rsquo;une activit\u00e9 amusante et relaxante avec la plus grande gamme de puzzles artistiques de Roumanie ! S\u00e9lectionne tes<\/p>\n","protected":false},"featured_media":47151,"template":"","meta":[],"product_brand":[],"product_cat":[2314,2316,2315],"product_tag":[],"class_list":{"0":"post-52858","1":"product","2":"type-product","3":"status-publish","4":"has-post-thumbnail","6":"product_cat-puzzles-fr","7":"product_cat-puzzles-de-1000-pieces","8":"product_cat-puzzles-pour-adultes","9":"pa_bax-10-fr","10":"pa_brand-d_toys-fr","11":"pa_country_of_manufacture-ro-fr","12":"pa_filter_age-14-fr","13":"pa_painter-edwardburne_jones-fr","14":"pa_tip_ambalaj-boite","15":"pa_tip_puzzle-classique","17":"first","18":"onbackorder","19":"taxable","20":"shipping-taxable","21":"product-type-simple"},"yoast_head":"<!-- This site is optimized with the Yoast SEO plugin v20.1 - https:\/\/yoast.com\/wordpress\/plugins\/seo\/ -->\n<title>Puzzle adulte 1000 pi\u00e8ces Edward Burne-Jones - Le Miroir de V\u00e9nus<\/title>\n<meta name=\"description\" content=\"Puzzle adulte 1000 pi\u00e8ces Edward Burne-Jones - Le Miroir de V\u00e9nus\" \/>\n<meta name=\"robots\" content=\"index, follow, max-snippet:-1, max-image-preview:large, max-video-preview:-1\" \/>\n<link rel=\"canonical\" href=\"https:\/\/business.roovi.com\/fr\/puzzle-adulte-1000-pieces-edward-burne-jones-le-miroir-de-venus\/p\/\" \/>\n<meta property=\"og:locale\" content=\"fr_FR\" \/>\n<meta property=\"og:type\" content=\"article\" \/>\n<meta property=\"og:title\" content=\"Puzzle adulte 1000 pi\u00e8ces Edward Burne-Jones - Le Miroir de V\u00e9nus\" \/>\n<meta property=\"og:description\" content=\"Puzzle adulte 1000 pi\u00e8ces Edward Burne-Jones - Le Miroir de V\u00e9nus\" \/>\n<meta property=\"og:url\" content=\"https:\/\/business.roovi.com\/fr\/puzzle-adulte-1000-pieces-edward-burne-jones-le-miroir-de-venus\/p\/\" \/>\n<meta property=\"og:site_name\" content=\"Roovi B2B\" \/>\n<meta property=\"article:publisher\" content=\"https:\/\/www.facebook.com\/wwwjucariero\" \/>\n<meta property=\"article:modified_time\" content=\"2022-07-13T10:20:33+00:00\" \/>\n<meta property=\"og:image\" content=\"https:\/\/business.roovi.com\/wp-content\/uploads\/2018\/04\/p1000_burne-jones_72733_bu01-02_r700_64x88cm_no_stanc.jpg\" \/>\n\t<meta property=\"og:image:width\" content=\"1200\" \/>\n\t<meta property=\"og:image:height\" content=\"1200\" \/>\n\t<meta property=\"og:image:type\" content=\"image\/jpeg\" \/>\n<meta name=\"twitter:label1\" content=\"Dur\u00e9e de lecture estim\u00e9e\" \/>\n\t<meta name=\"twitter:data1\" content=\"3 minutes\" \/>\n<script type=\"application\/ld+json\" class=\"yoast-schema-graph\">{\"@context\":\"https:\/\/schema.org\",\"@graph\":[{\"@type\":\"WebPage\",\"@id\":\"https:\/\/business.roovi.com\/fr\/puzzle-adulte-1000-pieces-edward-burne-jones-le-miroir-de-venus\/p\/\",\"url\":\"https:\/\/business.roovi.com\/fr\/puzzle-adulte-1000-pieces-edward-burne-jones-le-miroir-de-venus\/p\/\",\"name\":\"Puzzle adulte 1000 pi\u00e8ces Edward Burne-Jones - Le Miroir de V\u00e9nus\",\"isPartOf\":{\"@id\":\"https:\/\/business.roovi.com\/fr\/#website\"},\"datePublished\":\"2018-04-16T10:56:17+00:00\",\"dateModified\":\"2022-07-13T10:20:33+00:00\",\"description\":\"Puzzle adulte 1000 pi\u00e8ces Edward Burne-Jones - Le Miroir de V\u00e9nus\",\"breadcrumb\":{\"@id\":\"https:\/\/business.roovi.com\/fr\/puzzle-adulte-1000-pieces-edward-burne-jones-le-miroir-de-venus\/p\/#breadcrumb\"},\"inLanguage\":\"fr-FR\",\"potentialAction\":[{\"@type\":\"ReadAction\",\"target\":[\"https:\/\/business.roovi.com\/fr\/puzzle-adulte-1000-pieces-edward-burne-jones-le-miroir-de-venus\/p\/\"]}]},{\"@type\":\"BreadcrumbList\",\"@id\":\"https:\/\/business.roovi.com\/fr\/puzzle-adulte-1000-pieces-edward-burne-jones-le-miroir-de-venus\/p\/#breadcrumb\",\"itemListElement\":[{\"@type\":\"ListItem\",\"position\":1,\"name\":\"Home\",\"item\":\"https:\/\/business.roovi.com\/fr\/\"},{\"@type\":\"ListItem\",\"position\":2,\"name\":\"Boutique\",\"item\":\"https:\/\/business.roovi.com\/fr\/boutique\/\"},{\"@type\":\"ListItem\",\"position\":3,\"name\":\"Puzzle adulte 1000 pi\u00e8ces Edward Burne-Jones &#8211; Le Miroir de V\u00e9nus\"}]},{\"@type\":\"WebSite\",\"@id\":\"https:\/\/business.roovi.com\/fr\/#website\",\"url\":\"https:\/\/business.roovi.com\/fr\/\",\"name\":\"Roovi B2B\",\"description\":\"Roovi Business Website\",\"potentialAction\":[{\"@type\":\"SearchAction\",\"target\":{\"@type\":\"EntryPoint\",\"urlTemplate\":\"https:\/\/business.roovi.com\/fr\/?s={search_term_string}\"},\"query-input\":\"required name=search_term_string\"}],\"inLanguage\":\"fr-FR\"}]}<\/script>\n<!-- \/ Yoast SEO plugin. -->","yoast_head_json":{"title":"Puzzle adulte 1000 pi\u00e8ces Edward Burne-Jones - Le Miroir de V\u00e9nus","description":"Puzzle adulte 1000 pi\u00e8ces Edward Burne-Jones - Le Miroir de V\u00e9nus","robots":{"index":"index","follow":"follow","max-snippet":"max-snippet:-1","max-image-preview":"max-image-preview:large","max-video-preview":"max-video-preview:-1"},"canonical":"https:\/\/business.roovi.com\/fr\/puzzle-adulte-1000-pieces-edward-burne-jones-le-miroir-de-venus\/p\/","og_locale":"fr_FR","og_type":"article","og_title":"Puzzle adulte 1000 pi\u00e8ces Edward Burne-Jones - Le Miroir de V\u00e9nus","og_description":"Puzzle adulte 1000 pi\u00e8ces Edward Burne-Jones - Le Miroir de V\u00e9nus","og_url":"https:\/\/business.roovi.com\/fr\/puzzle-adulte-1000-pieces-edward-burne-jones-le-miroir-de-venus\/p\/","og_site_name":"Roovi B2B","article_publisher":"https:\/\/www.facebook.com\/wwwjucariero","article_modified_time":"2022-07-13T10:20:33+00:00","og_image":[{"width":1200,"height":1200,"url":"https:\/\/business.roovi.com\/wp-content\/uploads\/2018\/04\/p1000_burne-jones_72733_bu01-02_r700_64x88cm_no_stanc.jpg","type":"image\/jpeg"}],"twitter_misc":{"Dur\u00e9e de lecture estim\u00e9e":"3 minutes"},"schema":{"@context":"https:\/\/schema.org","@graph":[{"@type":"WebPage","@id":"https:\/\/business.roovi.com\/fr\/puzzle-adulte-1000-pieces-edward-burne-jones-le-miroir-de-venus\/p\/","url":"https:\/\/business.roovi.com\/fr\/puzzle-adulte-1000-pieces-edward-burne-jones-le-miroir-de-venus\/p\/","name":"Puzzle adulte 1000 pi\u00e8ces Edward Burne-Jones - Le Miroir de V\u00e9nus","isPartOf":{"@id":"https:\/\/business.roovi.com\/fr\/#website"},"datePublished":"2018-04-16T10:56:17+00:00","dateModified":"2022-07-13T10:20:33+00:00","description":"Puzzle adulte 1000 pi\u00e8ces Edward Burne-Jones - Le Miroir de V\u00e9nus","breadcrumb":{"@id":"https:\/\/business.roovi.com\/fr\/puzzle-adulte-1000-pieces-edward-burne-jones-le-miroir-de-venus\/p\/#breadcrumb"},"inLanguage":"fr-FR","potentialAction":[{"@type":"ReadAction","target":["https:\/\/business.roovi.com\/fr\/puzzle-adulte-1000-pieces-edward-burne-jones-le-miroir-de-venus\/p\/"]}]},{"@type":"BreadcrumbList","@id":"https:\/\/business.roovi.com\/fr\/puzzle-adulte-1000-pieces-edward-burne-jones-le-miroir-de-venus\/p\/#breadcrumb","itemListElement":[{"@type":"ListItem","position":1,"name":"Home","item":"https:\/\/business.roovi.com\/fr\/"},{"@type":"ListItem","position":2,"name":"Boutique","item":"https:\/\/business.roovi.com\/fr\/boutique\/"},{"@type":"ListItem","position":3,"name":"Puzzle adulte 1000 pi\u00e8ces Edward Burne-Jones &#8211; Le Miroir de V\u00e9nus"}]},{"@type":"WebSite","@id":"https:\/\/business.roovi.com\/fr\/#website","url":"https:\/\/business.roovi.com\/fr\/","name":"Roovi B2B","description":"Roovi Business Website","potentialAction":[{"@type":"SearchAction","target":{"@type":"EntryPoint","urlTemplate":"https:\/\/business.roovi.com\/fr\/?s={search_term_string}"},"query-input":"required name=search_term_string"}],"inLanguage":"fr-FR"}]}},"_links":{"self":[{"href":"https:\/\/business.roovi.com\/fr\/wp-json\/wp\/v2\/product\/52858","targetHints":{"allow":["GET"]}}],"collection":[{"href":"https:\/\/business.roovi.com\/fr\/wp-json\/wp\/v2\/product"}],"about":[{"href":"https:\/\/business.roovi.com\/fr\/wp-json\/wp\/v2\/types\/product"}],"version-history":[{"count":0,"href":"https:\/\/business.roovi.com\/fr\/wp-json\/wp\/v2\/product\/52858\/revisions"}],"wp:featuredmedia":[{"embeddable":true,"href":"https:\/\/business.roovi.com\/fr\/wp-json\/wp\/v2\/media\/47151"}],"wp:attachment":[{"href":"https:\/\/business.roovi.com\/fr\/wp-json\/wp\/v2\/media?parent=52858"}],"wp:term":[{"taxonomy":"product_brand","embeddable":true,"href":"https:\/\/business.roovi.com\/fr\/wp-json\/wp\/v2\/product_brand?post=52858"},{"taxonomy":"product_cat","embeddable":true,"href":"https:\/\/business.roovi.com\/fr\/wp-json\/wp\/v2\/product_cat?post=52858"},{"taxonomy":"product_tag","embeddable":true,"href":"https:\/\/business.roovi.com\/fr\/wp-json\/wp\/v2\/product_tag?post=52858"}],"curies":[{"name":"wp","href":"https:\/\/api.w.org\/{rel}","templated":true}]}}