{"id":52860,"date":"2018-04-16T10:56:17","date_gmt":"2018-04-16T10:56:17","guid":{"rendered":"https:\/\/business.roovi.com\/puzzle-adulti-1000-piese-paul-gauguin-where-are-you-going\/p\/"},"modified":"2022-07-13T10:20:34","modified_gmt":"2022-07-13T10:20:34","slug":"puzzle-adulte-paul-gauguin-1000-pieces-ou-vas-tu","status":"publish","type":"product","link":"https:\/\/business.roovi.com\/fr\/puzzle-adulte-paul-gauguin-1000-pieces-ou-vas-tu\/p\/","title":{"rendered":"Puzzle adulte Paul Gauguin 1000 pi\u00e8ces &#8211; O\u00f9 vas-tu ?"},"content":{"rendered":"<p><span style=\"font-weight: 400;\">Tu es fascin\u00e9 par les peintures c\u00e9l\u00e8bres et tu aimerais avoir des \u0153uvres d&rsquo;art c\u00e9l\u00e8bres dans ta maison ? Avec la plus grande gamme de puzzles d&rsquo;art, tu as maintenant cette possibilit\u00e9. Assemble des puzzles de 1000 pi\u00e8ces des peintures les plus c\u00e9l\u00e8bres du monde et cr\u00e9e une fabuleuse collection d&rsquo;art.<\/span><\/p>\n<p><span style=\"font-weight: 400;\">Paul Gauguin est un incontournable de ta collection de puzzles d&rsquo;art. Le puzzle de 1000 pi\u00e8ces O\u00f9 vas-tu &#8211; Femme avec un fruit d\u00e9peint la vie primitive intacte et l&rsquo;harmonie naturelle de l&rsquo;\u00eele de Tahiti o\u00f9 l&rsquo;artiste a v\u00e9cu la derni\u00e8re partie de sa vie.<\/span><\/p>\n<p><span style=\"font-weight: 400;\">Paul Gauguin &#8211; O\u00f9 vas-tu (Femme avec un fruit) Le puzzle artistique t&#8217;emm\u00e8ne dans le monde simple et d\u00e9tendu des Tahitiens au 19e si\u00e8cle. L&rsquo;image refl\u00e8te les premi\u00e8res impressions de l&rsquo;artiste nouvellement arriv\u00e9.<\/span><\/p>\n<p><span style=\"font-weight: 400;\">Assemble les 1000 pi\u00e8ces du puzzle et tu obtiendras un magnifique tableau aux couleurs vives et lumineuses. Utilise une table basse standard pour soutenir les pi\u00e8ces. L&rsquo;image retravaill\u00e9e mesure 50 x 70 cm.<\/span><\/p>\n<p><span style=\"font-weight: 400;\">Caract\u00e9ristiques Puzzle de 1000 pi\u00e8ces Paul Gauguin &#8211; O\u00f9 vas-tu (Femme avec un fruit) :<\/span><\/p>\n<p><strong>Mat\u00e9riau du puzzle <\/strong><\/p>\n<p><strong>carton bleu de haute qualit\u00e9<\/strong><\/p>\n<p><strong>des mat\u00e9riaux durables et recyclables<\/strong><\/p>\n<p><strong>finition semi-brillante, couleurs vives<\/strong><\/p>\n<p><strong>Nombre de pi\u00e8ces de puzzle : 1000<\/strong><\/p>\n<p><strong>\u00c2ge recommand\u00e9 : 14+<\/strong><\/p>\n<p><strong>Tu veux de nombreuses heures d&rsquo;amusement relaxant ? Tu peux les avoir avec le puzzle de 1000 pi\u00e8ces Paul Gauguin &#8211; Where are you going ! <\/strong><\/p>\n<p><span style=\"font-weight: 400;\">Que tu veuilles \u00e9gayer les heures ennuyeuses des apr\u00e8s-midi pluvieux ou passer tes week-ends de mani\u00e8re cr\u00e9ative, le puzzle de 1000 pi\u00e8ces Paul Gauguin &#8211; O\u00f9 vas-tu ?<\/span> <span style=\"font-weight: 400;\">est le choix inspir\u00e9. En plus de l&rsquo;amusement et de la relaxation, tu peux aussi profiter des autres avantages qu&rsquo;offrent les puzzles artistiques :<\/span><\/p>\n<p><span style=\"font-weight: 400;\">D\u00e9veloppe la cr\u00e9ativit\u00e9<\/span><\/p>\n<p><span style=\"font-weight: 400;\">Entra\u00eenement de la m\u00e9moire <\/span><\/p>\n<p><span style=\"font-weight: 400;\">Am\u00e9liorer l&rsquo;attention port\u00e9e aux d\u00e9tails<\/span><\/p>\n<p><span style=\"font-weight: 400;\">D\u00e9veloppe l&rsquo;esprit critique et la pers\u00e9v\u00e9rance<\/span><\/p>\n<p><span style=\"font-weight: 400;\">Am\u00e9liore ton humeur.<\/span><\/p>\n<p><strong>Tu connaissais Paul Gauguin ?&#8230;<\/strong><span style=\"font-weight: 400;\"> <\/span><\/p>\n<p><span style=\"font-weight: 400;\">Il \u00e9tait agent de change, mais a \u00e9chou\u00e9 dans ce domaine et s&rsquo;est concentr\u00e9 sur le domaine qui lui convenait le mieux : la peinture.<\/span><\/p>\n<p><span style=\"font-weight: 400;\">Enfant, il a v\u00e9cu quelques ann\u00e9es au P\u00e9rou et il semble que sa pr\u00e9occupation pour le primitivisme d\u00e9coule de cette exp\u00e9rience <\/span><\/p>\n<p><span style=\"font-weight: 400;\">Il a eu une amiti\u00e9 compliqu\u00e9e avec Vincent van Gogh \u00e0 cause de son comportement impr\u00e9visible et de ses \u00e9pisodes d\u00e9pressifs.<\/span><\/p>\n<p><span style=\"font-weight: 400;\">Edgar Degas, en revanche, a \u00e9t\u00e9 son ami d\u00e9vou\u00e9 jusqu&rsquo;\u00e0 la fin de sa vie. Il a achet\u00e9 de nombreuses \u0153uvres de Gauguin.<\/span><\/p>\n<p><span style=\"font-weight: 400;\">De son vivant, il a vendu ses \u0153uvres \u00e0 bas prix. Son succ\u00e8s artistique est arriv\u00e9 tardivement, seulement apr\u00e8s sa mort.<\/span><\/p>\n<p><strong>Puzzle de 1000 pi\u00e8ces aux couleurs vives et lumineuses<\/strong><\/p>\n<p><span style=\"font-weight: 400;\">D\u00e9couvre les symboles \u00e9tonnants d&rsquo;une culture exotique dans le puzzle artistique Paul Gauguin &#8211; O\u00f9 vas-tu ? La peinture incarne le rythme \u00e9ternel de la vie et l&rsquo;harmonie entre les gens simples et la nature.<\/span><\/p>\n<p><span style=\"font-weight: 400;\">Mets en place pi\u00e8ce par pi\u00e8ce et recr\u00e9e cette peinture lumineuse dans un puzzle de 1000 pi\u00e8ces. Rassemble tes amis et r\u00e9alise ensemble le tableau exotique Paul Gauguin &#8211; O\u00f9 vas-tu ? Un puzzle artistique te relie \u00e0 tes proches et est l&rsquo;occasion parfaite de passer du temps de qualit\u00e9 avec tes amis.<\/span><\/p>\n<p><span style=\"font-weight: 400;\">Le puzzle de 1000 pi\u00e8ces Paul Gauguin &#8211; O\u00f9 vas-tu est un cadeau appropri\u00e9 pour les amateurs de jeux de puzzle, ainsi que dans les situations o\u00f9 tu veux faire une agr\u00e9able surprise \u00e0 tes proches.<\/span><\/p><\/p>\n","protected":false},"excerpt":{"rendered":"<p>Tu es fascin\u00e9 par les peintures c\u00e9l\u00e8bres et tu aimerais avoir des \u0153uvres d&rsquo;art c\u00e9l\u00e8bres dans ta maison ? Avec<\/p>\n","protected":false},"featured_media":47156,"template":"","meta":[],"product_brand":[],"product_cat":[2314,2316,2315],"product_tag":[],"class_list":{"0":"post-52860","1":"product","2":"type-product","3":"status-publish","4":"has-post-thumbnail","6":"product_cat-puzzles-fr","7":"product_cat-puzzles-de-1000-pieces","8":"product_cat-puzzles-pour-adultes","9":"pa_bax-10-fr","10":"pa_brand-d_toys-fr","11":"pa_country_of_manufacture-ro-fr","12":"pa_filter_age-14-fr","13":"pa_painter-paulgauguin-fr","14":"pa_tip_ambalaj-boite","15":"pa_tip_puzzle-classique","17":"first","18":"instock","19":"taxable","20":"shipping-taxable","21":"product-type-simple"},"yoast_head":"<!-- This site is optimized with the Yoast SEO plugin v20.1 - https:\/\/yoast.com\/wordpress\/plugins\/seo\/ -->\n<title>Puzzle adulte Paul Gauguin 1000 pi\u00e8ces - O\u00f9 vas-tu ?<\/title>\n<meta name=\"description\" content=\"Puzzle adulte Paul Gauguin 1000 pi\u00e8ces - O\u00f9 vas-tu ?\" \/>\n<meta name=\"robots\" content=\"index, follow, max-snippet:-1, max-image-preview:large, max-video-preview:-1\" \/>\n<link rel=\"canonical\" href=\"https:\/\/business.roovi.com\/fr\/puzzle-adulte-paul-gauguin-1000-pieces-ou-vas-tu\/p\/\" \/>\n<meta property=\"og:locale\" content=\"fr_FR\" \/>\n<meta property=\"og:type\" content=\"article\" \/>\n<meta property=\"og:title\" content=\"Puzzle adulte Paul Gauguin 1000 pi\u00e8ces - O\u00f9 vas-tu ?\" \/>\n<meta property=\"og:description\" content=\"Puzzle adulte Paul Gauguin 1000 pi\u00e8ces - O\u00f9 vas-tu ?\" \/>\n<meta property=\"og:url\" content=\"https:\/\/business.roovi.com\/fr\/puzzle-adulte-paul-gauguin-1000-pieces-ou-vas-tu\/p\/\" \/>\n<meta property=\"og:site_name\" content=\"Roovi B2B\" \/>\n<meta property=\"article:publisher\" content=\"https:\/\/www.facebook.com\/wwwjucariero\" \/>\n<meta property=\"article:modified_time\" content=\"2022-07-13T10:20:34+00:00\" \/>\n<meta property=\"og:image\" content=\"https:\/\/business.roovi.com\/wp-content\/uploads\/2018\/04\/p1000_gauguin_72818_ga01-02_r700_64x88cm_no_stanc2.jpg\" \/>\n\t<meta property=\"og:image:width\" content=\"1200\" \/>\n\t<meta property=\"og:image:height\" content=\"1200\" \/>\n\t<meta property=\"og:image:type\" content=\"image\/jpeg\" \/>\n<meta name=\"twitter:label1\" content=\"Dur\u00e9e de lecture estim\u00e9e\" \/>\n\t<meta name=\"twitter:data1\" content=\"3 minutes\" \/>\n<script type=\"application\/ld+json\" class=\"yoast-schema-graph\">{\"@context\":\"https:\/\/schema.org\",\"@graph\":[{\"@type\":\"WebPage\",\"@id\":\"https:\/\/business.roovi.com\/fr\/puzzle-adulte-paul-gauguin-1000-pieces-ou-vas-tu\/p\/\",\"url\":\"https:\/\/business.roovi.com\/fr\/puzzle-adulte-paul-gauguin-1000-pieces-ou-vas-tu\/p\/\",\"name\":\"Puzzle adulte Paul Gauguin 1000 pi\u00e8ces - O\u00f9 vas-tu ?\",\"isPartOf\":{\"@id\":\"https:\/\/business.roovi.com\/fr\/#website\"},\"datePublished\":\"2018-04-16T10:56:17+00:00\",\"dateModified\":\"2022-07-13T10:20:34+00:00\",\"description\":\"Puzzle adulte Paul Gauguin 1000 pi\u00e8ces - O\u00f9 vas-tu ?\",\"breadcrumb\":{\"@id\":\"https:\/\/business.roovi.com\/fr\/puzzle-adulte-paul-gauguin-1000-pieces-ou-vas-tu\/p\/#breadcrumb\"},\"inLanguage\":\"fr-FR\",\"potentialAction\":[{\"@type\":\"ReadAction\",\"target\":[\"https:\/\/business.roovi.com\/fr\/puzzle-adulte-paul-gauguin-1000-pieces-ou-vas-tu\/p\/\"]}]},{\"@type\":\"BreadcrumbList\",\"@id\":\"https:\/\/business.roovi.com\/fr\/puzzle-adulte-paul-gauguin-1000-pieces-ou-vas-tu\/p\/#breadcrumb\",\"itemListElement\":[{\"@type\":\"ListItem\",\"position\":1,\"name\":\"Home\",\"item\":\"https:\/\/business.roovi.com\/fr\/\"},{\"@type\":\"ListItem\",\"position\":2,\"name\":\"Boutique\",\"item\":\"https:\/\/business.roovi.com\/fr\/boutique\/\"},{\"@type\":\"ListItem\",\"position\":3,\"name\":\"Puzzle adulte Paul Gauguin 1000 pi\u00e8ces &#8211; O\u00f9 vas-tu ?\"}]},{\"@type\":\"WebSite\",\"@id\":\"https:\/\/business.roovi.com\/fr\/#website\",\"url\":\"https:\/\/business.roovi.com\/fr\/\",\"name\":\"Roovi B2B\",\"description\":\"Roovi Business Website\",\"potentialAction\":[{\"@type\":\"SearchAction\",\"target\":{\"@type\":\"EntryPoint\",\"urlTemplate\":\"https:\/\/business.roovi.com\/fr\/?s={search_term_string}\"},\"query-input\":\"required name=search_term_string\"}],\"inLanguage\":\"fr-FR\"}]}<\/script>\n<!-- \/ Yoast SEO plugin. -->","yoast_head_json":{"title":"Puzzle adulte Paul Gauguin 1000 pi\u00e8ces - O\u00f9 vas-tu ?","description":"Puzzle adulte Paul Gauguin 1000 pi\u00e8ces - O\u00f9 vas-tu ?","robots":{"index":"index","follow":"follow","max-snippet":"max-snippet:-1","max-image-preview":"max-image-preview:large","max-video-preview":"max-video-preview:-1"},"canonical":"https:\/\/business.roovi.com\/fr\/puzzle-adulte-paul-gauguin-1000-pieces-ou-vas-tu\/p\/","og_locale":"fr_FR","og_type":"article","og_title":"Puzzle adulte Paul Gauguin 1000 pi\u00e8ces - O\u00f9 vas-tu ?","og_description":"Puzzle adulte Paul Gauguin 1000 pi\u00e8ces - O\u00f9 vas-tu ?","og_url":"https:\/\/business.roovi.com\/fr\/puzzle-adulte-paul-gauguin-1000-pieces-ou-vas-tu\/p\/","og_site_name":"Roovi B2B","article_publisher":"https:\/\/www.facebook.com\/wwwjucariero","article_modified_time":"2022-07-13T10:20:34+00:00","og_image":[{"width":1200,"height":1200,"url":"https:\/\/business.roovi.com\/wp-content\/uploads\/2018\/04\/p1000_gauguin_72818_ga01-02_r700_64x88cm_no_stanc2.jpg","type":"image\/jpeg"}],"twitter_misc":{"Dur\u00e9e de lecture estim\u00e9e":"3 minutes"},"schema":{"@context":"https:\/\/schema.org","@graph":[{"@type":"WebPage","@id":"https:\/\/business.roovi.com\/fr\/puzzle-adulte-paul-gauguin-1000-pieces-ou-vas-tu\/p\/","url":"https:\/\/business.roovi.com\/fr\/puzzle-adulte-paul-gauguin-1000-pieces-ou-vas-tu\/p\/","name":"Puzzle adulte Paul Gauguin 1000 pi\u00e8ces - O\u00f9 vas-tu ?","isPartOf":{"@id":"https:\/\/business.roovi.com\/fr\/#website"},"datePublished":"2018-04-16T10:56:17+00:00","dateModified":"2022-07-13T10:20:34+00:00","description":"Puzzle adulte Paul Gauguin 1000 pi\u00e8ces - O\u00f9 vas-tu ?","breadcrumb":{"@id":"https:\/\/business.roovi.com\/fr\/puzzle-adulte-paul-gauguin-1000-pieces-ou-vas-tu\/p\/#breadcrumb"},"inLanguage":"fr-FR","potentialAction":[{"@type":"ReadAction","target":["https:\/\/business.roovi.com\/fr\/puzzle-adulte-paul-gauguin-1000-pieces-ou-vas-tu\/p\/"]}]},{"@type":"BreadcrumbList","@id":"https:\/\/business.roovi.com\/fr\/puzzle-adulte-paul-gauguin-1000-pieces-ou-vas-tu\/p\/#breadcrumb","itemListElement":[{"@type":"ListItem","position":1,"name":"Home","item":"https:\/\/business.roovi.com\/fr\/"},{"@type":"ListItem","position":2,"name":"Boutique","item":"https:\/\/business.roovi.com\/fr\/boutique\/"},{"@type":"ListItem","position":3,"name":"Puzzle adulte Paul Gauguin 1000 pi\u00e8ces &#8211; O\u00f9 vas-tu ?"}]},{"@type":"WebSite","@id":"https:\/\/business.roovi.com\/fr\/#website","url":"https:\/\/business.roovi.com\/fr\/","name":"Roovi B2B","description":"Roovi Business Website","potentialAction":[{"@type":"SearchAction","target":{"@type":"EntryPoint","urlTemplate":"https:\/\/business.roovi.com\/fr\/?s={search_term_string}"},"query-input":"required name=search_term_string"}],"inLanguage":"fr-FR"}]}},"_links":{"self":[{"href":"https:\/\/business.roovi.com\/fr\/wp-json\/wp\/v2\/product\/52860","targetHints":{"allow":["GET"]}}],"collection":[{"href":"https:\/\/business.roovi.com\/fr\/wp-json\/wp\/v2\/product"}],"about":[{"href":"https:\/\/business.roovi.com\/fr\/wp-json\/wp\/v2\/types\/product"}],"version-history":[{"count":0,"href":"https:\/\/business.roovi.com\/fr\/wp-json\/wp\/v2\/product\/52860\/revisions"}],"wp:featuredmedia":[{"embeddable":true,"href":"https:\/\/business.roovi.com\/fr\/wp-json\/wp\/v2\/media\/47156"}],"wp:attachment":[{"href":"https:\/\/business.roovi.com\/fr\/wp-json\/wp\/v2\/media?parent=52860"}],"wp:term":[{"taxonomy":"product_brand","embeddable":true,"href":"https:\/\/business.roovi.com\/fr\/wp-json\/wp\/v2\/product_brand?post=52860"},{"taxonomy":"product_cat","embeddable":true,"href":"https:\/\/business.roovi.com\/fr\/wp-json\/wp\/v2\/product_cat?post=52860"},{"taxonomy":"product_tag","embeddable":true,"href":"https:\/\/business.roovi.com\/fr\/wp-json\/wp\/v2\/product_tag?post=52860"}],"curies":[{"name":"wp","href":"https:\/\/api.w.org\/{rel}","templated":true}]}}