{"id":52865,"date":"2018-04-16T10:56:17","date_gmt":"2018-04-16T10:56:17","guid":{"rendered":"https:\/\/business.roovi.com\/puzzle-adulti-jacques-louis-david-napoleon-crossing-the-alps-1000-piese\/p\/"},"modified":"2022-07-13T10:20:38","modified_gmt":"2022-07-13T10:20:38","slug":"jacques-louis-david-puzzle-adulte-de-1000-pieces-napoleon-traversant-les-alpes","status":"publish","type":"product","link":"https:\/\/business.roovi.com\/fr\/jacques-louis-david-puzzle-adulte-de-1000-pieces-napoleon-traversant-les-alpes\/p\/","title":{"rendered":"Jacques-Louis David Puzzle adulte de 1000 pi\u00e8ces &#8211; Napol\u00e9on traversant les Alpes"},"content":{"rendered":"<p><span style=\"font-weight: 400;\">Ressens-tu le besoin de te d\u00e9connecter de l&rsquo;agitation quotidienne et de te retirer dans un monde int\u00e9rieur pour recharger tes batteries ? D\u00e9couvre l&rsquo;\u00e9tonnante collection de puzzles d&rsquo;art et laisse-toi emporter dans une atmosph\u00e8re de tranquillit\u00e9 et de beaut\u00e9. Assemble des puzzles de 1000 pi\u00e8ces et recr\u00e9e des tableaux c\u00e9l\u00e8bres de Van Gogh, Rembrandt et autres monstres sacr\u00e9s de la peinture universelle.<\/span><\/p>\n<p><span style=\"font-weight: 400;\">Tu veux admirer une image majestueuse qui cr\u00e9e un effet \u00e9mouvant et grandiose ? Compl\u00e8te le puzzle de 1000 pi\u00e8ces Jacques-Louis David &#8211; Napol\u00e9on traversant les Alpes\/Napol\u00e9on traversant les Alpes et admire la composition magistrale repr\u00e9sentant l&rsquo;h\u00e9ro\u00efque de fa\u00e7on sublime. Napol\u00e9on traversant les Alpes est l&rsquo;une des peintures les plus c\u00e9l\u00e8bres de Napol\u00e9on Bonaparte. Si tu veux un tableau vraiment spectaculaire, ce puzzle pour adultes est id\u00e9al pour toi. Tu peux l&rsquo;assembler sur une table basse ordinaire car le tableau obtenu mesure 50 x 70 cm.<\/span><\/p>\n<p><span style=\"font-weight: 400;\">Autres caract\u00e9ristiques du puzzle Jacques-Louis David &#8211; Napol\u00e9on traversant les Alpes 1000 pi\u00e8ces :<\/span><\/p>\n<p><strong>Mat\u00e9riau du puzzle <\/strong><\/p>\n<p><strong>carton bleu de haute qualit\u00e9<\/strong><\/p>\n<p><strong>des mat\u00e9riaux durables et recyclables<\/strong><\/p>\n<p><strong>finition semi-brillante, couleurs vives<\/strong><\/p>\n<p><strong>Nombre de pi\u00e8ces de puzzle : 1000<\/strong><\/p>\n<p><strong>\u00c2ge recommand\u00e9 : 14+<\/strong><\/p>\n<p><strong>5 avantages des jeux de puzzle \u00e0 assembler<\/strong><\/p>\n<p><strong style=\"color: #000000; font-family: Verdana, Arial, Helvetica, sans-serif;\">Am\u00e9liore l&rsquo;activit\u00e9 c\u00e9r\u00e9brale<\/strong><\/p>\n<p><span style=\"font-weight: 400;\">Rassembler des puzzles engage le cerveau dans une activit\u00e9 cognitive stimulante. Plus tu entra\u00eenes ton cerveau, plus il devient aff\u00fbt\u00e9 et sain. Lorsque tu reconstitues l&rsquo;image du puzzle de 1000 pi\u00e8ces, les deux h\u00e9misph\u00e8res c\u00e9r\u00e9braux sont \u00e0 l&rsquo;\u0153uvre, abordant la situation sous diff\u00e9rents angles pour obtenir le r\u00e9sultat final <\/span><\/p>\n<p><strong>Le puzzle de 1000 pi\u00e8ces t&rsquo;aide \u00e0 avoir une meilleure m\u00e9moire<\/strong><\/p>\n<p><span style=\"font-weight: 400;\">Dans les jeux de puzzle, tu dois te souvenir des couleurs, des tailles et des formes des pi\u00e8ces et visualiser o\u00f9 elles s&rsquo;ins\u00e8rent dans l&rsquo;image finale. Cette m\u00e9morisation des d\u00e9tails renforce les connexions qui sont faites dans le cerveau et aide aussi \u00e0 am\u00e9liorer ta m\u00e9moire \u00e0 court terme.<\/span><\/p>\n<p><strong style=\"color: #000000; font-family: Verdana, Arial, Helvetica, sans-serif;\">Les jeux de puzzle d\u00e9veloppent tes comp\u00e9tences en r\u00e9solution de probl\u00e8mes<\/strong><\/p>\n<p><span style=\"font-weight: 400;\">Les puzzles pour adultes sont un d\u00e9fi constant pour ton esprit. R\u00e9soudre des puzzles de 1000 pi\u00e8ces demande beaucoup d&rsquo;essais et d&rsquo;erreurs, et tu peux m\u00eame \u00e9chouer. C&rsquo;est pourquoi tu es toujours en train de r\u00e9fl\u00e9chir \u00e0 de nouvelles strat\u00e9gies pour assembler l&rsquo;image, en testant des options nouvelles et diff\u00e9rentes. En assemblant r\u00e9guli\u00e8rement des jeux de puzzle, tu augmenteras ta capacit\u00e9 \u00e0 r\u00e9soudre des probl\u00e8mes de mani\u00e8re efficace et cr\u00e9ative.<\/span><\/p>\n<p><strong style=\"color: #000000; font-family: Verdana, Arial, Helvetica, sans-serif;\">Les puzzles de 1000 pi\u00e8ces t&rsquo;aident \u00e0 te d\u00e9connecter de tes \u00e9crans<\/strong><\/p>\n<p><span style=\"font-weight: 400;\">Tu veux faire une pause dans ta vie num\u00e9rique ? Le puzzle d&rsquo;art de 1000 pi\u00e8ces t&#8217;emm\u00e8ne hors de ta vie virtuelle et dans un monde de tranquillit\u00e9, de couleurs et de sophistication. D\u00e9tends-toi jour apr\u00e8s jour en assemblant des puzzles pour adultes et ton esprit deviendra plus d\u00e9tendu et repos\u00e9.<\/span><\/p>\n<p><strong style=\"color: #000000; font-family: Verdana, Arial, Helvetica, sans-serif;\">Ils sont un excellent moyen de socialiser<\/strong><\/p>\n<p><span style=\"font-weight: 400;\">Faire des puzzles de 1000 pi\u00e8ces n&rsquo;est pas une activit\u00e9 que tu fais toujours seule. Utilise les jeux de r\u00e9flexion pour te connecter avec ta famille ou tes amis. Transforme un dimanche apr\u00e8s-midi ennuyeux en une exp\u00e9rience inoubliable avec tes proches.<\/span><\/p>\n<p><strong>Connais-tu le tableau de Napol\u00e9on traversant les Alpes dans l&rsquo;\u00e9nigme 1000 ?<\/strong><\/p>\n<p><span style=\"font-weight: 400;\">Il s&rsquo;agit d&rsquo;une peinture de propagande, Napol\u00e9on lui-m\u00eame demandant \u00e0 \u00eatre peint sur un cheval press\u00e9 et supervisant le travail du peintre.<\/span><\/p>\n<p><span style=\"font-weight: 400;\">David a peint 5 versions du tableau repr\u00e9sentant Napol\u00e9on. Le premier d&rsquo;entre eux a \u00e9t\u00e9 command\u00e9 par le roi d&rsquo;Espagne, Charles IV, pour marquer la bonne entente entre son royaume et la R\u00e9publique fran\u00e7aise.<\/span><\/p>\n<p><span style=\"font-weight: 400;\">Le Premier Consul \u00e9tait un peu avare pour payer les tableaux. Pour les trois versions command\u00e9es, le peintre a demand\u00e9 20 000 francs pour un exemplaire, mais n&rsquo;a re\u00e7u que 15 000 francs.<\/span><\/p>\n<p><span style=\"font-weight: 400;\">L&rsquo;artiste n&rsquo;a pas r\u00e9ussi \u00e0 persuader Napol\u00e9on de poser pour son portrait et a utilis\u00e9 un buste de Napol\u00e9on pour peindre le portrait. Il a aussi demand\u00e9 \u00e0 son fils de prendre la pose.<\/span><\/p>\n<p><span style=\"font-weight: 400;\">La peinture de David est une glorification du pouvoir, les groupes de statues anciennes \u00e9tant l&rsquo;inspiration du peintre <\/span><\/p>\n<p><span style=\"font-weight: 400;\">Cette peinture est l&rsquo;un des portraits de Napol\u00e9on les plus reproduits.<\/span><\/p>\n<p><strong>Assemble des puzzles pour adultes et cr\u00e9e ton propre objet d\u00e9coratif sp\u00e9cial<\/strong><\/p>\n<p><span style=\"font-weight: 400;\">L&rsquo;activit\u00e9 consistant \u00e0 compl\u00e9ter le puzzle de 1000 pi\u00e8ces ne te procure pas seulement la satisfaction int\u00e9rieure d&rsquo;avoir accompli une t\u00e2che difficile. \u00c0 la fin de ton travail, tu auras une peinture sp\u00e9ciale que tu pourras encadrer et utiliser comme un objet d\u00e9coratif d&rsquo;exception.<\/span><\/p>\n<p><span style=\"font-weight: 400;\">Ach\u00e8te maintenant ce merveilleux puzzle d&rsquo;art Jacques-Louis David &#8211; Napol\u00e9on traversant les Alpes\/Napoleon traversant les Alpes et fais entrer chez toi l&rsquo;architecture fascinante de l&rsquo;homme dans la peinture talentueuse de David. Le puzzle de 1000 pi\u00e8ces t&rsquo;offre de nombreuses heures de d\u00e9tente totale et un merveilleux tableau d&rsquo;art <\/span><\/p><\/p>\n","protected":false},"excerpt":{"rendered":"<p>Ressens-tu le besoin de te d\u00e9connecter de l&rsquo;agitation quotidienne et de te retirer dans un monde int\u00e9rieur pour recharger tes<\/p>\n","protected":false},"featured_media":63335,"template":"","meta":[],"product_brand":[],"product_cat":[2314,2316,2315],"product_tag":[],"class_list":{"0":"post-52865","1":"product","2":"type-product","3":"status-publish","4":"has-post-thumbnail","6":"product_cat-puzzles-fr","7":"product_cat-puzzles-de-1000-pieces","8":"product_cat-puzzles-pour-adultes","9":"pa_bax-10-fr","10":"pa_brand-d_toys-fr","11":"pa_country_of_manufacture-ro-fr","12":"pa_filter_age-14-fr","13":"pa_painter-jacques_louisdavid-fr","14":"pa_tip_ambalaj-boite","15":"pa_tip_puzzle-classique","17":"first","18":"instock","19":"taxable","20":"shipping-taxable","21":"product-type-simple"},"yoast_head":"<!-- This site is optimized with the Yoast SEO plugin v20.1 - https:\/\/yoast.com\/wordpress\/plugins\/seo\/ -->\n<title>Jacques-Louis David Puzzle adulte de 1000 pi\u00e8ces - Napol\u00e9on traversant les Alpes<\/title>\n<meta name=\"description\" content=\"Jacques-Louis David Puzzle adulte de 1000 pi\u00e8ces - Napol\u00e9on traversant les Alpes\" \/>\n<meta name=\"robots\" content=\"index, follow, max-snippet:-1, max-image-preview:large, max-video-preview:-1\" \/>\n<link rel=\"canonical\" href=\"https:\/\/business.roovi.com\/fr\/jacques-louis-david-puzzle-adulte-de-1000-pieces-napoleon-traversant-les-alpes\/p\/\" \/>\n<meta property=\"og:locale\" content=\"fr_FR\" \/>\n<meta property=\"og:type\" content=\"article\" \/>\n<meta property=\"og:title\" content=\"Jacques-Louis David Puzzle adulte de 1000 pi\u00e8ces - Napol\u00e9on traversant les Alpes\" \/>\n<meta property=\"og:description\" content=\"Jacques-Louis David Puzzle adulte de 1000 pi\u00e8ces - Napol\u00e9on traversant les Alpes\" \/>\n<meta property=\"og:url\" content=\"https:\/\/business.roovi.com\/fr\/jacques-louis-david-puzzle-adulte-de-1000-pieces-napoleon-traversant-les-alpes\/p\/\" \/>\n<meta property=\"og:site_name\" content=\"Roovi B2B\" \/>\n<meta property=\"article:publisher\" content=\"https:\/\/www.facebook.com\/wwwjucariero\" \/>\n<meta property=\"article:modified_time\" content=\"2022-07-13T10:20:38+00:00\" \/>\n<meta property=\"og:image\" content=\"https:\/\/business.roovi.com\/wp-content\/uploads\/2018\/04\/72719-01_ansamblu_dimensiuni_cutie_cm.jpg\" \/>\n\t<meta property=\"og:image:width\" content=\"2000\" \/>\n\t<meta property=\"og:image:height\" content=\"2000\" \/>\n\t<meta property=\"og:image:type\" content=\"image\/jpeg\" \/>\n<meta name=\"twitter:label1\" content=\"Dur\u00e9e de lecture estim\u00e9e\" \/>\n\t<meta name=\"twitter:data1\" content=\"4 minutes\" \/>\n<script type=\"application\/ld+json\" class=\"yoast-schema-graph\">{\"@context\":\"https:\/\/schema.org\",\"@graph\":[{\"@type\":\"WebPage\",\"@id\":\"https:\/\/business.roovi.com\/fr\/jacques-louis-david-puzzle-adulte-de-1000-pieces-napoleon-traversant-les-alpes\/p\/\",\"url\":\"https:\/\/business.roovi.com\/fr\/jacques-louis-david-puzzle-adulte-de-1000-pieces-napoleon-traversant-les-alpes\/p\/\",\"name\":\"Jacques-Louis David Puzzle adulte de 1000 pi\u00e8ces - Napol\u00e9on traversant les Alpes\",\"isPartOf\":{\"@id\":\"https:\/\/business.roovi.com\/fr\/#website\"},\"datePublished\":\"2018-04-16T10:56:17+00:00\",\"dateModified\":\"2022-07-13T10:20:38+00:00\",\"description\":\"Jacques-Louis David Puzzle adulte de 1000 pi\u00e8ces - Napol\u00e9on traversant les Alpes\",\"breadcrumb\":{\"@id\":\"https:\/\/business.roovi.com\/fr\/jacques-louis-david-puzzle-adulte-de-1000-pieces-napoleon-traversant-les-alpes\/p\/#breadcrumb\"},\"inLanguage\":\"fr-FR\",\"potentialAction\":[{\"@type\":\"ReadAction\",\"target\":[\"https:\/\/business.roovi.com\/fr\/jacques-louis-david-puzzle-adulte-de-1000-pieces-napoleon-traversant-les-alpes\/p\/\"]}]},{\"@type\":\"BreadcrumbList\",\"@id\":\"https:\/\/business.roovi.com\/fr\/jacques-louis-david-puzzle-adulte-de-1000-pieces-napoleon-traversant-les-alpes\/p\/#breadcrumb\",\"itemListElement\":[{\"@type\":\"ListItem\",\"position\":1,\"name\":\"Home\",\"item\":\"https:\/\/business.roovi.com\/fr\/\"},{\"@type\":\"ListItem\",\"position\":2,\"name\":\"Boutique\",\"item\":\"https:\/\/business.roovi.com\/fr\/boutique\/\"},{\"@type\":\"ListItem\",\"position\":3,\"name\":\"Jacques-Louis David Puzzle adulte de 1000 pi\u00e8ces &#8211; Napol\u00e9on traversant les Alpes\"}]},{\"@type\":\"WebSite\",\"@id\":\"https:\/\/business.roovi.com\/fr\/#website\",\"url\":\"https:\/\/business.roovi.com\/fr\/\",\"name\":\"Roovi B2B\",\"description\":\"Roovi Business Website\",\"potentialAction\":[{\"@type\":\"SearchAction\",\"target\":{\"@type\":\"EntryPoint\",\"urlTemplate\":\"https:\/\/business.roovi.com\/fr\/?s={search_term_string}\"},\"query-input\":\"required name=search_term_string\"}],\"inLanguage\":\"fr-FR\"}]}<\/script>\n<!-- \/ Yoast SEO plugin. -->","yoast_head_json":{"title":"Jacques-Louis David Puzzle adulte de 1000 pi\u00e8ces - Napol\u00e9on traversant les Alpes","description":"Jacques-Louis David Puzzle adulte de 1000 pi\u00e8ces - Napol\u00e9on traversant les Alpes","robots":{"index":"index","follow":"follow","max-snippet":"max-snippet:-1","max-image-preview":"max-image-preview:large","max-video-preview":"max-video-preview:-1"},"canonical":"https:\/\/business.roovi.com\/fr\/jacques-louis-david-puzzle-adulte-de-1000-pieces-napoleon-traversant-les-alpes\/p\/","og_locale":"fr_FR","og_type":"article","og_title":"Jacques-Louis David Puzzle adulte de 1000 pi\u00e8ces - Napol\u00e9on traversant les Alpes","og_description":"Jacques-Louis David Puzzle adulte de 1000 pi\u00e8ces - Napol\u00e9on traversant les Alpes","og_url":"https:\/\/business.roovi.com\/fr\/jacques-louis-david-puzzle-adulte-de-1000-pieces-napoleon-traversant-les-alpes\/p\/","og_site_name":"Roovi B2B","article_publisher":"https:\/\/www.facebook.com\/wwwjucariero","article_modified_time":"2022-07-13T10:20:38+00:00","og_image":[{"width":2000,"height":2000,"url":"https:\/\/business.roovi.com\/wp-content\/uploads\/2018\/04\/72719-01_ansamblu_dimensiuni_cutie_cm.jpg","type":"image\/jpeg"}],"twitter_misc":{"Dur\u00e9e de lecture estim\u00e9e":"4 minutes"},"schema":{"@context":"https:\/\/schema.org","@graph":[{"@type":"WebPage","@id":"https:\/\/business.roovi.com\/fr\/jacques-louis-david-puzzle-adulte-de-1000-pieces-napoleon-traversant-les-alpes\/p\/","url":"https:\/\/business.roovi.com\/fr\/jacques-louis-david-puzzle-adulte-de-1000-pieces-napoleon-traversant-les-alpes\/p\/","name":"Jacques-Louis David Puzzle adulte de 1000 pi\u00e8ces - Napol\u00e9on traversant les Alpes","isPartOf":{"@id":"https:\/\/business.roovi.com\/fr\/#website"},"datePublished":"2018-04-16T10:56:17+00:00","dateModified":"2022-07-13T10:20:38+00:00","description":"Jacques-Louis David Puzzle adulte de 1000 pi\u00e8ces - Napol\u00e9on traversant les Alpes","breadcrumb":{"@id":"https:\/\/business.roovi.com\/fr\/jacques-louis-david-puzzle-adulte-de-1000-pieces-napoleon-traversant-les-alpes\/p\/#breadcrumb"},"inLanguage":"fr-FR","potentialAction":[{"@type":"ReadAction","target":["https:\/\/business.roovi.com\/fr\/jacques-louis-david-puzzle-adulte-de-1000-pieces-napoleon-traversant-les-alpes\/p\/"]}]},{"@type":"BreadcrumbList","@id":"https:\/\/business.roovi.com\/fr\/jacques-louis-david-puzzle-adulte-de-1000-pieces-napoleon-traversant-les-alpes\/p\/#breadcrumb","itemListElement":[{"@type":"ListItem","position":1,"name":"Home","item":"https:\/\/business.roovi.com\/fr\/"},{"@type":"ListItem","position":2,"name":"Boutique","item":"https:\/\/business.roovi.com\/fr\/boutique\/"},{"@type":"ListItem","position":3,"name":"Jacques-Louis David Puzzle adulte de 1000 pi\u00e8ces &#8211; Napol\u00e9on traversant les Alpes"}]},{"@type":"WebSite","@id":"https:\/\/business.roovi.com\/fr\/#website","url":"https:\/\/business.roovi.com\/fr\/","name":"Roovi B2B","description":"Roovi Business Website","potentialAction":[{"@type":"SearchAction","target":{"@type":"EntryPoint","urlTemplate":"https:\/\/business.roovi.com\/fr\/?s={search_term_string}"},"query-input":"required name=search_term_string"}],"inLanguage":"fr-FR"}]}},"_links":{"self":[{"href":"https:\/\/business.roovi.com\/fr\/wp-json\/wp\/v2\/product\/52865","targetHints":{"allow":["GET"]}}],"collection":[{"href":"https:\/\/business.roovi.com\/fr\/wp-json\/wp\/v2\/product"}],"about":[{"href":"https:\/\/business.roovi.com\/fr\/wp-json\/wp\/v2\/types\/product"}],"version-history":[{"count":0,"href":"https:\/\/business.roovi.com\/fr\/wp-json\/wp\/v2\/product\/52865\/revisions"}],"wp:featuredmedia":[{"embeddable":true,"href":"https:\/\/business.roovi.com\/fr\/wp-json\/wp\/v2\/media\/63335"}],"wp:attachment":[{"href":"https:\/\/business.roovi.com\/fr\/wp-json\/wp\/v2\/media?parent=52865"}],"wp:term":[{"taxonomy":"product_brand","embeddable":true,"href":"https:\/\/business.roovi.com\/fr\/wp-json\/wp\/v2\/product_brand?post=52865"},{"taxonomy":"product_cat","embeddable":true,"href":"https:\/\/business.roovi.com\/fr\/wp-json\/wp\/v2\/product_cat?post=52865"},{"taxonomy":"product_tag","embeddable":true,"href":"https:\/\/business.roovi.com\/fr\/wp-json\/wp\/v2\/product_tag?post=52865"}],"curies":[{"name":"wp","href":"https:\/\/api.w.org\/{rel}","templated":true}]}}