{"id":52866,"date":"2018-04-16T10:56:17","date_gmt":"2018-04-16T10:56:17","guid":{"rendered":"https:\/\/business.roovi.com\/puzzle-adulti-1000-piese-edouard-manet-the-luncheon-on-the-grass\/p\/"},"modified":"2022-07-13T10:20:38","modified_gmt":"2022-07-13T10:20:38","slug":"puzzle-adulte-de-1000-pieces-edouard-manet-le-dejeuner-sur-lherbe","status":"publish","type":"product","link":"https:\/\/business.roovi.com\/fr\/puzzle-adulte-de-1000-pieces-edouard-manet-le-dejeuner-sur-lherbe\/p\/","title":{"rendered":"Puzzle adulte de 1000 pi\u00e8ces \u00c9douard Manet &#8211; Le D\u00e9jeuner sur l&rsquo;herbe"},"content":{"rendered":"<p><span style=\"font-weight: 400;\">Tu te sens inspir\u00e9 ? Choisis des images complexes sur le th\u00e8me de l&rsquo;art dans notre gamme de puzzles artistiques et cr\u00e9e tes propres chefs-d&rsquo;\u0153uvre artistiques. Laisse-toi emporter dans le monde fascinant des peintures c\u00e9l\u00e8bres et ravis tes sens en compl\u00e9tant des puzzles de 1000 pi\u00e8ces avec les tableaux d&rsquo;art les plus c\u00e9l\u00e8bres.<\/span><\/p>\n<p><span style=\"font-weight: 400;\">Nous te recommandons une peinture audacieuse du 19\u00e8me si\u00e8cle traduite en un puzzle de 1000 pi\u00e8ces : \u00c9douard Manet &#8211; Le D\u00e9jeuner sur l&rsquo;herbe. Scandaleuse pour certains, mais v\u00e9ritable chef-d&rsquo;\u0153uvre pour d&rsquo;autres, l&rsquo;\u0153uvre a apport\u00e9 la gloire \u00e0 Manet. Une dame nue avec deux hommes d\u00e9tendus assis sur l&rsquo;herbe lors d&rsquo;un pique-nique a choqu\u00e9 le public et les critiques de l&rsquo;\u00e9poque. De nos jours, les m\u00e9rites de Manet sont indiscutables, et recr\u00e9er ce chef-d&rsquo;\u0153uvre \u00e0 partir d&rsquo;un puzzle de 1000 pi\u00e8ces sera un plaisir pour tes loisirs.<\/span><\/p>\n<p><span style=\"font-weight: 400;\">Lis plus d&rsquo;informations sur \u00c9douard Manet &#8211; Le D\u00e9jeuner sur l&rsquo;herbe puzzle de 1000 pi\u00e8ces ci-dessous :<\/span><\/p>\n<p><strong>Image redimensionn\u00e9e : 50 x 70 cm <\/strong><span style=\"font-weight: 400;\">Tu peux utiliser une table basse standard pour soutenir les pi\u00e8ces.<\/span><\/p>\n<p><strong>Mat\u00e9riau du puzzle <\/strong><\/p>\n<p><strong>carton bleu de haute qualit\u00e9<\/strong><\/p>\n<p><strong>des mat\u00e9riaux durables et recyclables<\/strong><\/p>\n<p><strong>finition semi-brillante, couleurs vives<\/strong><\/p>\n<p><strong>Nombre de pi\u00e8ces de puzzle : 1000<\/strong><\/p>\n<p><strong>\u00c2ge recommand\u00e9 : 14+<\/strong><\/p>\n<p><strong>Les jeux de puzzle offrent une exp\u00e9rience relaxante et m\u00e9ditative<\/strong><\/p>\n<p><span style=\"font-weight: 400;\">Lorsque tu assembles le puzzle de 1000 pi\u00e8ces, c&rsquo;est comme si tu m\u00e9ditais. Ton esprit se vide de toute pens\u00e9e et tu te concentres sur un seul objectif : compl\u00e9ter l&rsquo;image du puzzle de 1000 pi\u00e8ces. Un sentiment de paix prend la place de l&rsquo;agitation et de la fatigue mentale et tu ne te rends m\u00eame pas compte que des heures se sont \u00e9coul\u00e9es. \u00c0 la fin, tu es pleine d&rsquo;\u00e9nergie et optimiste, comme lorsque tu fais du yoga ou une s\u00e9ance de m\u00e9ditation. Fais l&rsquo;exp\u00e9rience de ce sentiment incroyable tous les jours avec notre collection d&rsquo;art puzzle de 1000 pi\u00e8ces !<\/span><\/p>\n<p><strong>\u00c0 propos de <\/strong><strong><em>Petit-d\u00e9jeuner sur l&rsquo;herbe<\/em><\/strong><strong> le savais-tu ?<\/strong><\/p>\n<p><span style=\"font-weight: 400;\">Le sujet de la peinture a provoqu\u00e9 un \u00e9norme scandale dans la carri\u00e8re du peintre.<\/span><\/p>\n<p><span style=\"font-weight: 400;\">Le seul supporter de l&rsquo;\u0153uvre de Manet \u00e9tait <\/span><span style=\"font-weight: 400;\">Emile Zola.<\/span><\/p>\n<p><span style=\"font-weight: 400;\">Manet voulait sortir du moule de son \u00e9poque o\u00f9 le nu f\u00e9minin n&rsquo;\u00e9tait repr\u00e9sent\u00e9 que sous forme de divinit\u00e9s mythologiques.<\/span><\/p>\n<p><span style=\"font-weight: 400;\">Le mod\u00e8le de cette peinture est Victorine Meurent, son amante de l&rsquo;\u00e9poque.<\/span><\/p>\n<p><span style=\"font-weight: 400;\">L&rsquo;\u0153uvre est consid\u00e9r\u00e9e par les critiques comme le d\u00e9but de l&rsquo;impressionnisme en peinture.<\/span><\/p>\n<p><span style=\"font-weight: 400;\">Le tableau de Manet inspirera Monet \u00e0 cr\u00e9er son propre tableau <\/span><em><span style=\"font-weight: 400;\">Petit-d\u00e9jeuner dans l&rsquo;herbe<\/span><\/em><span style=\"font-weight: 400;\">cette fois dans le style impressionniste.<\/span><\/p>\n<p><em><span style=\"font-weight: 400;\">Petit-d\u00e9jeuner<\/span><\/em><span style=\"font-weight: 400;\"> est arriv\u00e9 au Louvre 23 ans apr\u00e8s la mort de l&rsquo;artiste en 1906.<\/span><\/p>\n<p><strong>Les puzzles d&rsquo;art te relient \u00e0 tes proches<\/strong><\/p>\n<p><span style=\"font-weight: 400;\">Tu veux passer du temps de qualit\u00e9 avec ta famille ou tes amis ? Organise des soir\u00e9es \u00e0 th\u00e8me avec des puzzles artistiques ! Recr\u00e9ez ensemble des images \u00e9tonnantes de c\u00e9l\u00e8bres peintures de puzzle de 1000 pi\u00e8ces et c\u00e9l\u00e9brez vos r\u00e9alisations en encadrant les tableaux obtenus <\/span><\/p>\n<p><span style=\"font-weight: 400;\">Les jeux de r\u00e9flexion t&rsquo;aident \u00e0 mieux conna\u00eetre ta famille ou tes amis et te donnent l&rsquo;occasion de d\u00e9velopper tes comp\u00e9tences sociales et ton esprit d&rsquo;\u00e9quipe <\/span><\/p>\n<p><span style=\"font-weight: 400;\">Ach\u00e8te maintenant \u00c9douard Manet &#8211; Le D\u00e9jeuner sur l&rsquo;herbe puzzle de 1000 pi\u00e8ces et profite d&rsquo;une peinture d&rsquo;art originale de ta propre cr\u00e9ation. D\u00e9couvre tous les puzzles de 1000 pi\u00e8ces de la collection de puzzles d&rsquo;art avec les images des tableaux de Manet et cr\u00e9e ta propre collection d&rsquo;\u0153uvres \u00e9tonnantes.<\/span><\/p>\n<p><span style=\"font-weight: 400;\">Tu cherches un cadeau unique ? Le puzzle artistique \u00c9douard Manet &#8211; D\u00e9jeuner sur l&rsquo;herbe est le choix id\u00e9al pour offrir une agr\u00e9able surprise \u00e0 un ami amateur de puzzles.<\/span><\/p><\/p>\n","protected":false},"excerpt":{"rendered":"<p>Tu te sens inspir\u00e9 ? Choisis des images complexes sur le th\u00e8me de l&rsquo;art dans notre gamme de puzzles artistiques<\/p>\n","protected":false},"featured_media":63564,"template":"","meta":[],"product_brand":[],"product_cat":[2314,2316,2315],"product_tag":[],"class_list":{"0":"post-52866","1":"product","2":"type-product","3":"status-publish","4":"has-post-thumbnail","6":"product_cat-puzzles-fr","7":"product_cat-puzzles-de-1000-pieces","8":"product_cat-puzzles-pour-adultes","9":"pa_bax-10-fr","10":"pa_brand-d_toys-fr","11":"pa_country_of_manufacture-ro-fr","12":"pa_filter_age-14-fr","13":"pa_painter-edouardmanet-fr","14":"pa_tip_ambalaj-boite","15":"pa_tip_puzzle-classique","17":"first","18":"instock","19":"taxable","20":"shipping-taxable","21":"product-type-simple"},"yoast_head":"<!-- This site is optimized with the Yoast SEO plugin v20.1 - https:\/\/yoast.com\/wordpress\/plugins\/seo\/ -->\n<title>Puzzle adulte de 1000 pi\u00e8ces \u00c9douard Manet - Le D\u00e9jeuner sur l&#039;herbe<\/title>\n<meta name=\"description\" content=\"Puzzle adulte de 1000 pi\u00e8ces \u00c9douard Manet - Le D\u00e9jeuner sur l&#039;herbe\" \/>\n<meta name=\"robots\" content=\"index, follow, max-snippet:-1, max-image-preview:large, max-video-preview:-1\" \/>\n<link rel=\"canonical\" href=\"https:\/\/business.roovi.com\/fr\/puzzle-adulte-de-1000-pieces-edouard-manet-le-dejeuner-sur-lherbe\/p\/\" \/>\n<meta property=\"og:locale\" content=\"fr_FR\" \/>\n<meta property=\"og:type\" content=\"article\" \/>\n<meta property=\"og:title\" content=\"Puzzle adulte de 1000 pi\u00e8ces \u00c9douard Manet - Le D\u00e9jeuner sur l&#039;herbe\" \/>\n<meta property=\"og:description\" content=\"Puzzle adulte de 1000 pi\u00e8ces \u00c9douard Manet - Le D\u00e9jeuner sur l&#039;herbe\" \/>\n<meta property=\"og:url\" content=\"https:\/\/business.roovi.com\/fr\/puzzle-adulte-de-1000-pieces-edouard-manet-le-dejeuner-sur-lherbe\/p\/\" \/>\n<meta property=\"og:site_name\" content=\"Roovi B2B\" \/>\n<meta property=\"article:publisher\" content=\"https:\/\/www.facebook.com\/wwwjucariero\" \/>\n<meta property=\"article:modified_time\" content=\"2022-07-13T10:20:38+00:00\" \/>\n<meta property=\"og:image\" content=\"https:\/\/business.roovi.com\/wp-content\/uploads\/2018\/04\/73068-04_ansamblu_dimensiuni_cutie_cm_orizontal_1200x1200.png\" \/>\n\t<meta property=\"og:image:width\" content=\"1200\" \/>\n\t<meta property=\"og:image:height\" content=\"1200\" \/>\n\t<meta property=\"og:image:type\" content=\"image\/png\" \/>\n<meta name=\"twitter:label1\" content=\"Dur\u00e9e de lecture estim\u00e9e\" \/>\n\t<meta name=\"twitter:data1\" content=\"3 minutes\" \/>\n<script type=\"application\/ld+json\" class=\"yoast-schema-graph\">{\"@context\":\"https:\/\/schema.org\",\"@graph\":[{\"@type\":\"WebPage\",\"@id\":\"https:\/\/business.roovi.com\/fr\/puzzle-adulte-de-1000-pieces-edouard-manet-le-dejeuner-sur-lherbe\/p\/\",\"url\":\"https:\/\/business.roovi.com\/fr\/puzzle-adulte-de-1000-pieces-edouard-manet-le-dejeuner-sur-lherbe\/p\/\",\"name\":\"Puzzle adulte de 1000 pi\u00e8ces \u00c9douard Manet - Le D\u00e9jeuner sur l'herbe\",\"isPartOf\":{\"@id\":\"https:\/\/business.roovi.com\/fr\/#website\"},\"datePublished\":\"2018-04-16T10:56:17+00:00\",\"dateModified\":\"2022-07-13T10:20:38+00:00\",\"description\":\"Puzzle adulte de 1000 pi\u00e8ces \u00c9douard Manet - Le D\u00e9jeuner sur l'herbe\",\"breadcrumb\":{\"@id\":\"https:\/\/business.roovi.com\/fr\/puzzle-adulte-de-1000-pieces-edouard-manet-le-dejeuner-sur-lherbe\/p\/#breadcrumb\"},\"inLanguage\":\"fr-FR\",\"potentialAction\":[{\"@type\":\"ReadAction\",\"target\":[\"https:\/\/business.roovi.com\/fr\/puzzle-adulte-de-1000-pieces-edouard-manet-le-dejeuner-sur-lherbe\/p\/\"]}]},{\"@type\":\"BreadcrumbList\",\"@id\":\"https:\/\/business.roovi.com\/fr\/puzzle-adulte-de-1000-pieces-edouard-manet-le-dejeuner-sur-lherbe\/p\/#breadcrumb\",\"itemListElement\":[{\"@type\":\"ListItem\",\"position\":1,\"name\":\"Home\",\"item\":\"https:\/\/business.roovi.com\/fr\/\"},{\"@type\":\"ListItem\",\"position\":2,\"name\":\"Boutique\",\"item\":\"https:\/\/business.roovi.com\/fr\/boutique\/\"},{\"@type\":\"ListItem\",\"position\":3,\"name\":\"Puzzle adulte de 1000 pi\u00e8ces \u00c9douard Manet &#8211; Le D\u00e9jeuner sur l&#8217;herbe\"}]},{\"@type\":\"WebSite\",\"@id\":\"https:\/\/business.roovi.com\/fr\/#website\",\"url\":\"https:\/\/business.roovi.com\/fr\/\",\"name\":\"Roovi B2B\",\"description\":\"Roovi Business Website\",\"potentialAction\":[{\"@type\":\"SearchAction\",\"target\":{\"@type\":\"EntryPoint\",\"urlTemplate\":\"https:\/\/business.roovi.com\/fr\/?s={search_term_string}\"},\"query-input\":\"required name=search_term_string\"}],\"inLanguage\":\"fr-FR\"}]}<\/script>\n<!-- \/ Yoast SEO plugin. -->","yoast_head_json":{"title":"Puzzle adulte de 1000 pi\u00e8ces \u00c9douard Manet - Le D\u00e9jeuner sur l'herbe","description":"Puzzle adulte de 1000 pi\u00e8ces \u00c9douard Manet - Le D\u00e9jeuner sur l'herbe","robots":{"index":"index","follow":"follow","max-snippet":"max-snippet:-1","max-image-preview":"max-image-preview:large","max-video-preview":"max-video-preview:-1"},"canonical":"https:\/\/business.roovi.com\/fr\/puzzle-adulte-de-1000-pieces-edouard-manet-le-dejeuner-sur-lherbe\/p\/","og_locale":"fr_FR","og_type":"article","og_title":"Puzzle adulte de 1000 pi\u00e8ces \u00c9douard Manet - Le D\u00e9jeuner sur l'herbe","og_description":"Puzzle adulte de 1000 pi\u00e8ces \u00c9douard Manet - Le D\u00e9jeuner sur l'herbe","og_url":"https:\/\/business.roovi.com\/fr\/puzzle-adulte-de-1000-pieces-edouard-manet-le-dejeuner-sur-lherbe\/p\/","og_site_name":"Roovi B2B","article_publisher":"https:\/\/www.facebook.com\/wwwjucariero","article_modified_time":"2022-07-13T10:20:38+00:00","og_image":[{"width":1200,"height":1200,"url":"https:\/\/business.roovi.com\/wp-content\/uploads\/2018\/04\/73068-04_ansamblu_dimensiuni_cutie_cm_orizontal_1200x1200.png","type":"image\/png"}],"twitter_misc":{"Dur\u00e9e de lecture estim\u00e9e":"3 minutes"},"schema":{"@context":"https:\/\/schema.org","@graph":[{"@type":"WebPage","@id":"https:\/\/business.roovi.com\/fr\/puzzle-adulte-de-1000-pieces-edouard-manet-le-dejeuner-sur-lherbe\/p\/","url":"https:\/\/business.roovi.com\/fr\/puzzle-adulte-de-1000-pieces-edouard-manet-le-dejeuner-sur-lherbe\/p\/","name":"Puzzle adulte de 1000 pi\u00e8ces \u00c9douard Manet - Le D\u00e9jeuner sur l'herbe","isPartOf":{"@id":"https:\/\/business.roovi.com\/fr\/#website"},"datePublished":"2018-04-16T10:56:17+00:00","dateModified":"2022-07-13T10:20:38+00:00","description":"Puzzle adulte de 1000 pi\u00e8ces \u00c9douard Manet - Le D\u00e9jeuner sur l'herbe","breadcrumb":{"@id":"https:\/\/business.roovi.com\/fr\/puzzle-adulte-de-1000-pieces-edouard-manet-le-dejeuner-sur-lherbe\/p\/#breadcrumb"},"inLanguage":"fr-FR","potentialAction":[{"@type":"ReadAction","target":["https:\/\/business.roovi.com\/fr\/puzzle-adulte-de-1000-pieces-edouard-manet-le-dejeuner-sur-lherbe\/p\/"]}]},{"@type":"BreadcrumbList","@id":"https:\/\/business.roovi.com\/fr\/puzzle-adulte-de-1000-pieces-edouard-manet-le-dejeuner-sur-lherbe\/p\/#breadcrumb","itemListElement":[{"@type":"ListItem","position":1,"name":"Home","item":"https:\/\/business.roovi.com\/fr\/"},{"@type":"ListItem","position":2,"name":"Boutique","item":"https:\/\/business.roovi.com\/fr\/boutique\/"},{"@type":"ListItem","position":3,"name":"Puzzle adulte de 1000 pi\u00e8ces \u00c9douard Manet &#8211; Le D\u00e9jeuner sur l&#8217;herbe"}]},{"@type":"WebSite","@id":"https:\/\/business.roovi.com\/fr\/#website","url":"https:\/\/business.roovi.com\/fr\/","name":"Roovi B2B","description":"Roovi Business Website","potentialAction":[{"@type":"SearchAction","target":{"@type":"EntryPoint","urlTemplate":"https:\/\/business.roovi.com\/fr\/?s={search_term_string}"},"query-input":"required name=search_term_string"}],"inLanguage":"fr-FR"}]}},"_links":{"self":[{"href":"https:\/\/business.roovi.com\/fr\/wp-json\/wp\/v2\/product\/52866","targetHints":{"allow":["GET"]}}],"collection":[{"href":"https:\/\/business.roovi.com\/fr\/wp-json\/wp\/v2\/product"}],"about":[{"href":"https:\/\/business.roovi.com\/fr\/wp-json\/wp\/v2\/types\/product"}],"version-history":[{"count":0,"href":"https:\/\/business.roovi.com\/fr\/wp-json\/wp\/v2\/product\/52866\/revisions"}],"wp:featuredmedia":[{"embeddable":true,"href":"https:\/\/business.roovi.com\/fr\/wp-json\/wp\/v2\/media\/63564"}],"wp:attachment":[{"href":"https:\/\/business.roovi.com\/fr\/wp-json\/wp\/v2\/media?parent=52866"}],"wp:term":[{"taxonomy":"product_brand","embeddable":true,"href":"https:\/\/business.roovi.com\/fr\/wp-json\/wp\/v2\/product_brand?post=52866"},{"taxonomy":"product_cat","embeddable":true,"href":"https:\/\/business.roovi.com\/fr\/wp-json\/wp\/v2\/product_cat?post=52866"},{"taxonomy":"product_tag","embeddable":true,"href":"https:\/\/business.roovi.com\/fr\/wp-json\/wp\/v2\/product_tag?post=52866"}],"curies":[{"name":"wp","href":"https:\/\/api.w.org\/{rel}","templated":true}]}}