{"id":52871,"date":"2018-04-16T10:56:17","date_gmt":"2018-04-16T10:56:17","guid":{"rendered":"https:\/\/business.roovi.com\/puzzle-adulti-jean-honore-fragonard-blind-mans-bluff-1000-piese\/p\/"},"modified":"2022-07-13T10:20:42","modified_gmt":"2022-07-13T10:20:42","slug":"puzzle-adulte-1000-pieces-jean-honore-fragonard-blind-mans-bluff","status":"publish","type":"product","link":"https:\/\/business.roovi.com\/fr\/puzzle-adulte-1000-pieces-jean-honore-fragonard-blind-mans-bluff\/p\/","title":{"rendered":"Puzzle Adulte 1000 Pi\u00e8ces Jean-Honor\u00e9 Fragonard &#8211; Blind Man&rsquo;s Bluff"},"content":{"rendered":"<p><span style=\"font-weight: 400;\">Tu cherches \u00e0 respirer ou \u00e0 faire une pause dans ta vie tr\u00e9pidante ? D\u00e9couvre la plus grande collection de puzzles d&rsquo;art, recr\u00e9e les \u0153uvres d&rsquo;art les plus c\u00e9l\u00e8bres de tous les temps et profite de la tranquillit\u00e9 d&rsquo;esprit que peut t&rsquo;apporter un puzzle de 1000 pi\u00e8ces !<\/span><\/p>\n<p><span style=\"font-weight: 400;\">Choisis parmi les centaines de mod\u00e8les de la collection de puzzles d&rsquo;art le merveilleux puzzle de 1000 pi\u00e8ces Jean-Honor\u00e9 Fragonard &#8211; Blind Man&rsquo;s Bluff. Le tableau d\u00e9peint une sc\u00e8ne sensuelle de cour par le biais du jeu typique du 18\u00e8me si\u00e8cle, le \u00ab\u00a0blind man&rsquo;s bluff\u00a0\u00bb. C&rsquo;est ainsi que le concept de \u00ab\u00a0l&rsquo;amour est aveugle\u00a0\u00bb est subtilement r\u00e9v\u00e9l\u00e9 dans une composition artistique ludique. Laisse-toi emporter par ce merveilleux jeu de couleurs et recr\u00e9e le merveilleux tableau Blind Man&rsquo;s Bluff.<\/span><\/p>\n<p><span style=\"font-weight: 400;\">Les puzzles de 1000 pi\u00e8ces de la collection Art Puzzles sont fabriqu\u00e9s avec des mat\u00e9riaux de haute qualit\u00e9 qui leur conf\u00e8rent une grande durabilit\u00e9. Tu peux refaire l&rsquo;image autant de fois que tu le souhaites sans t&rsquo;inqui\u00e9ter de voir la peinture s&rsquo;ab\u00eemer. Tu peux utiliser une table basse ordinaire pour l&rsquo;assembler, car le tableau final mesure 50 x 70 cm.<\/span><\/p>\n<p><span style=\"font-weight: 400;\">Autres caract\u00e9ristiques du puzzle de 1000 pi\u00e8ces Jean-Honor\u00e9 Fragonard &#8211; Blind Man&rsquo;s Bluff :<\/span><\/p>\n<p><strong>Mat\u00e9riau du puzzle <\/strong><\/p>\n<p><strong>carton bleu de haute qualit\u00e9<\/strong><\/p>\n<p><strong>des mat\u00e9riaux durables et recyclables<\/strong><\/p>\n<p><strong>finition semi-brillante, couleurs vives<\/strong><\/p>\n<p><strong>Nombre de pi\u00e8ces de puzzle : 1000<\/strong><\/p>\n<p><strong>\u00c2ge recommand\u00e9 : 14+<\/strong><\/p>\n<p><strong>Quels sont les avantages des puzzles de 1000 pi\u00e8ces ?<\/strong><\/p>\n<p><span style=\"font-weight: 400;\">Assemble un puzzle de 1000 pi\u00e8ces tous les jours et profite de tous les avantages que cette activit\u00e9 t&rsquo;apporte :<\/span><\/p>\n<p><span style=\"font-weight: 400;\">Cela te donne beaucoup de d\u00e9tente.<\/span><\/p>\n<p><span style=\"font-weight: 400;\">Aide \u00e0 se d\u00e9connecter des probl\u00e8mes quotidiens.<\/span><\/p>\n<p><span style=\"font-weight: 400;\">Il am\u00e9liore tes comp\u00e9tences en mati\u00e8re de r\u00e9solution de probl\u00e8mes.<\/span><\/p>\n<p><span style=\"font-weight: 400;\">Elle te relie aux autres si tu fais des puzzles avec tes proches.<\/span><\/p>\n<p><span style=\"font-weight: 400;\">Aide \u00e0 garder ton cerveau en bonne sant\u00e9.<\/span><\/p>\n<p><span style=\"font-weight: 400;\">Il am\u00e9liore ta m\u00e9moire.<\/span><\/p>\n<p><span style=\"font-weight: 400;\">Augmente ta productivit\u00e9.<\/span><\/p>\n<p><strong>Jean-Honor\u00e9 Fragonard &#8211; un peintre exub\u00e9rant et original<\/strong><\/p>\n<p><span style=\"font-weight: 400;\">Bien qu&rsquo;il soit consid\u00e9r\u00e9 comme un repr\u00e9sentant du baroque de la seconde moiti\u00e9 du 18\u00e8me si\u00e8cle, <\/span><span style=\"font-weight: 400;\">Jean-Honor\u00e9 Fragonard ne peut pas \u00eatre catalogu\u00e9 dans un seul mouvement artistique. Il a peint dans tous les styles de l&rsquo;\u00e9poque <\/span><\/p>\n<p><strong>Ce que tu ne savais peut-\u00eatre pas sur ce peintre :<\/strong><\/p>\n<p><span style=\"font-weight: 400;\">Il s&rsquo;est attaqu\u00e9 \u00e0 des th\u00e8mes audacieux dans ses peintures, mettant en avant des sc\u00e8nes d&rsquo;amour subtiles et frivoles.<\/span><\/p>\n<p><span style=\"font-weight: 400;\">Il a peint pour des personnes influentes, notamment le roi <\/span><span style=\"font-weight: 400;\">Louis XV<\/span><\/p>\n<p><span style=\"font-weight: 400;\">Bien qu&rsquo;il ait joui d&rsquo;un certain prestige de son vivant, pour certaines \u0153uvres, les critiques de l&rsquo;\u00e9poque l&rsquo;ont accus\u00e9 de frivolit\u00e9.<\/span><\/p>\n<p><span style=\"font-weight: 400;\">Il vivait au Louvre et \u00e9tait charg\u00e9 d&rsquo;organiser les collections d&rsquo;art pour le mus\u00e9e.<\/span><\/p>\n<p><span style=\"font-weight: 400;\">Il est mort subitement en mangeant une glace.<\/span><\/p>\n<p><strong>Prends une mini-vacance du monde ext\u00e9rieur avec le puzzle artistique de 1000 pi\u00e8ces !<\/strong><\/p>\n<p><span style=\"font-weight: 400;\">Allons<\/span> <span style=\"font-weight: 400;\">passer quelques heures avec toi-m\u00eame est un excellent moyen de se d\u00e9tendre et de se r\u00e9initialiser apr\u00e8s une journ\u00e9e de travail charg\u00e9e. C&rsquo;est comme une mini-vacance o\u00f9 un puzzle artistique te connecte \u00e0 un monde diff\u00e9rent, plein d&rsquo;harmonie et de couleurs. Lorsque la peinture est termin\u00e9e, tu as un merveilleux sentiment d&rsquo;accomplissement d&rsquo;avoir cr\u00e9\u00e9 toi-m\u00eame une \u0153uvre d&rsquo;art exceptionnelle. Maintenant, tu peux prendre un peu plus de temps libre pour admirer tranquillement la toile.<\/span><\/p>\n<p><span style=\"font-weight: 400;\">Et tu penses que \u00ab\u00a0l&rsquo;amour est aveugle\u00a0\u00bb ? Laisse-toi emporter dans la toile remplie de symboles de Jean-Honor\u00e9 Fragonard et cr\u00e9e une peinture m\u00e9morable \u00e0 partir d&rsquo;un puzzle de 1000 pi\u00e8ces.  <\/span><\/p>\n<p><span style=\"font-weight: 400;\">Ach\u00e8te le puzzle artistique Jean-Honor\u00e9 Fragonard &#8211; Blind Man&rsquo;s Bluff pour toi maintenant ou offre-le en cadeau \u00e0 un ami qui aime les puzzles artistiques.<\/span><\/p>\n","protected":false},"excerpt":{"rendered":"<p>Tu cherches \u00e0 respirer ou \u00e0 faire une pause dans ta vie tr\u00e9pidante ? D\u00e9couvre la plus grande collection de<\/p>\n","protected":false},"featured_media":63309,"template":"","meta":[],"product_brand":[],"product_cat":[2314,2316,2315],"product_tag":[],"class_list":{"0":"post-52871","1":"product","2":"type-product","3":"status-publish","4":"has-post-thumbnail","6":"product_cat-puzzles-fr","7":"product_cat-puzzles-de-1000-pieces","8":"product_cat-puzzles-pour-adultes","9":"pa_bax-10-fr","10":"pa_brand-d_toys-fr","11":"pa_country_of_manufacture-ro-fr","12":"pa_filter_age-14-fr","13":"pa_painter-jean_honorefragonard-fr","14":"pa_tip_ambalaj-boite","15":"pa_tip_puzzle-classique","17":"first","18":"instock","19":"taxable","20":"shipping-taxable","21":"product-type-simple"},"yoast_head":"<!-- This site is optimized with the Yoast SEO plugin v20.1 - https:\/\/yoast.com\/wordpress\/plugins\/seo\/ -->\n<title>Puzzle Adulte 1000 Pi\u00e8ces Jean-Honor\u00e9 Fragonard - Blind Man&#039;s Bluff<\/title>\n<meta name=\"description\" content=\"Puzzle Adulte 1000 Pi\u00e8ces Jean-Honor\u00e9 Fragonard - Blind Man&#039;s Bluff\" \/>\n<meta name=\"robots\" content=\"index, follow, max-snippet:-1, max-image-preview:large, max-video-preview:-1\" \/>\n<link rel=\"canonical\" href=\"https:\/\/business.roovi.com\/fr\/puzzle-adulte-1000-pieces-jean-honore-fragonard-blind-mans-bluff\/p\/\" \/>\n<meta property=\"og:locale\" content=\"fr_FR\" \/>\n<meta property=\"og:type\" content=\"article\" \/>\n<meta property=\"og:title\" content=\"Puzzle Adulte 1000 Pi\u00e8ces Jean-Honor\u00e9 Fragonard - Blind Man&#039;s Bluff\" \/>\n<meta property=\"og:description\" content=\"Puzzle Adulte 1000 Pi\u00e8ces Jean-Honor\u00e9 Fragonard - Blind Man&#039;s Bluff\" \/>\n<meta property=\"og:url\" content=\"https:\/\/business.roovi.com\/fr\/puzzle-adulte-1000-pieces-jean-honore-fragonard-blind-mans-bluff\/p\/\" \/>\n<meta property=\"og:site_name\" content=\"Roovi B2B\" \/>\n<meta property=\"article:publisher\" content=\"https:\/\/www.facebook.com\/wwwjucariero\" \/>\n<meta property=\"article:modified_time\" content=\"2022-07-13T10:20:42+00:00\" \/>\n<meta property=\"og:image\" content=\"https:\/\/business.roovi.com\/wp-content\/uploads\/2018\/04\/72702-01_ansamblu_dimensiuni_cutie_cm.png\" \/>\n\t<meta property=\"og:image:width\" content=\"2000\" \/>\n\t<meta property=\"og:image:height\" content=\"2000\" \/>\n\t<meta property=\"og:image:type\" content=\"image\/png\" \/>\n<meta name=\"twitter:label1\" content=\"Dur\u00e9e de lecture estim\u00e9e\" \/>\n\t<meta name=\"twitter:data1\" content=\"3 minutes\" \/>\n<script type=\"application\/ld+json\" class=\"yoast-schema-graph\">{\"@context\":\"https:\/\/schema.org\",\"@graph\":[{\"@type\":\"WebPage\",\"@id\":\"https:\/\/business.roovi.com\/fr\/puzzle-adulte-1000-pieces-jean-honore-fragonard-blind-mans-bluff\/p\/\",\"url\":\"https:\/\/business.roovi.com\/fr\/puzzle-adulte-1000-pieces-jean-honore-fragonard-blind-mans-bluff\/p\/\",\"name\":\"Puzzle Adulte 1000 Pi\u00e8ces Jean-Honor\u00e9 Fragonard - Blind Man's Bluff\",\"isPartOf\":{\"@id\":\"https:\/\/business.roovi.com\/fr\/#website\"},\"datePublished\":\"2018-04-16T10:56:17+00:00\",\"dateModified\":\"2022-07-13T10:20:42+00:00\",\"description\":\"Puzzle Adulte 1000 Pi\u00e8ces Jean-Honor\u00e9 Fragonard - Blind Man's Bluff\",\"breadcrumb\":{\"@id\":\"https:\/\/business.roovi.com\/fr\/puzzle-adulte-1000-pieces-jean-honore-fragonard-blind-mans-bluff\/p\/#breadcrumb\"},\"inLanguage\":\"fr-FR\",\"potentialAction\":[{\"@type\":\"ReadAction\",\"target\":[\"https:\/\/business.roovi.com\/fr\/puzzle-adulte-1000-pieces-jean-honore-fragonard-blind-mans-bluff\/p\/\"]}]},{\"@type\":\"BreadcrumbList\",\"@id\":\"https:\/\/business.roovi.com\/fr\/puzzle-adulte-1000-pieces-jean-honore-fragonard-blind-mans-bluff\/p\/#breadcrumb\",\"itemListElement\":[{\"@type\":\"ListItem\",\"position\":1,\"name\":\"Home\",\"item\":\"https:\/\/business.roovi.com\/fr\/\"},{\"@type\":\"ListItem\",\"position\":2,\"name\":\"Boutique\",\"item\":\"https:\/\/business.roovi.com\/fr\/boutique\/\"},{\"@type\":\"ListItem\",\"position\":3,\"name\":\"Puzzle Adulte 1000 Pi\u00e8ces Jean-Honor\u00e9 Fragonard &#8211; Blind Man&#8217;s Bluff\"}]},{\"@type\":\"WebSite\",\"@id\":\"https:\/\/business.roovi.com\/fr\/#website\",\"url\":\"https:\/\/business.roovi.com\/fr\/\",\"name\":\"Roovi B2B\",\"description\":\"Roovi Business Website\",\"potentialAction\":[{\"@type\":\"SearchAction\",\"target\":{\"@type\":\"EntryPoint\",\"urlTemplate\":\"https:\/\/business.roovi.com\/fr\/?s={search_term_string}\"},\"query-input\":\"required name=search_term_string\"}],\"inLanguage\":\"fr-FR\"}]}<\/script>\n<!-- \/ Yoast SEO plugin. -->","yoast_head_json":{"title":"Puzzle Adulte 1000 Pi\u00e8ces Jean-Honor\u00e9 Fragonard - Blind Man's Bluff","description":"Puzzle Adulte 1000 Pi\u00e8ces Jean-Honor\u00e9 Fragonard - Blind Man's Bluff","robots":{"index":"index","follow":"follow","max-snippet":"max-snippet:-1","max-image-preview":"max-image-preview:large","max-video-preview":"max-video-preview:-1"},"canonical":"https:\/\/business.roovi.com\/fr\/puzzle-adulte-1000-pieces-jean-honore-fragonard-blind-mans-bluff\/p\/","og_locale":"fr_FR","og_type":"article","og_title":"Puzzle Adulte 1000 Pi\u00e8ces Jean-Honor\u00e9 Fragonard - Blind Man's Bluff","og_description":"Puzzle Adulte 1000 Pi\u00e8ces Jean-Honor\u00e9 Fragonard - Blind Man's Bluff","og_url":"https:\/\/business.roovi.com\/fr\/puzzle-adulte-1000-pieces-jean-honore-fragonard-blind-mans-bluff\/p\/","og_site_name":"Roovi B2B","article_publisher":"https:\/\/www.facebook.com\/wwwjucariero","article_modified_time":"2022-07-13T10:20:42+00:00","og_image":[{"width":2000,"height":2000,"url":"https:\/\/business.roovi.com\/wp-content\/uploads\/2018\/04\/72702-01_ansamblu_dimensiuni_cutie_cm.png","type":"image\/png"}],"twitter_misc":{"Dur\u00e9e de lecture estim\u00e9e":"3 minutes"},"schema":{"@context":"https:\/\/schema.org","@graph":[{"@type":"WebPage","@id":"https:\/\/business.roovi.com\/fr\/puzzle-adulte-1000-pieces-jean-honore-fragonard-blind-mans-bluff\/p\/","url":"https:\/\/business.roovi.com\/fr\/puzzle-adulte-1000-pieces-jean-honore-fragonard-blind-mans-bluff\/p\/","name":"Puzzle Adulte 1000 Pi\u00e8ces Jean-Honor\u00e9 Fragonard - Blind Man's Bluff","isPartOf":{"@id":"https:\/\/business.roovi.com\/fr\/#website"},"datePublished":"2018-04-16T10:56:17+00:00","dateModified":"2022-07-13T10:20:42+00:00","description":"Puzzle Adulte 1000 Pi\u00e8ces Jean-Honor\u00e9 Fragonard - Blind Man's Bluff","breadcrumb":{"@id":"https:\/\/business.roovi.com\/fr\/puzzle-adulte-1000-pieces-jean-honore-fragonard-blind-mans-bluff\/p\/#breadcrumb"},"inLanguage":"fr-FR","potentialAction":[{"@type":"ReadAction","target":["https:\/\/business.roovi.com\/fr\/puzzle-adulte-1000-pieces-jean-honore-fragonard-blind-mans-bluff\/p\/"]}]},{"@type":"BreadcrumbList","@id":"https:\/\/business.roovi.com\/fr\/puzzle-adulte-1000-pieces-jean-honore-fragonard-blind-mans-bluff\/p\/#breadcrumb","itemListElement":[{"@type":"ListItem","position":1,"name":"Home","item":"https:\/\/business.roovi.com\/fr\/"},{"@type":"ListItem","position":2,"name":"Boutique","item":"https:\/\/business.roovi.com\/fr\/boutique\/"},{"@type":"ListItem","position":3,"name":"Puzzle Adulte 1000 Pi\u00e8ces Jean-Honor\u00e9 Fragonard &#8211; Blind Man&#8217;s Bluff"}]},{"@type":"WebSite","@id":"https:\/\/business.roovi.com\/fr\/#website","url":"https:\/\/business.roovi.com\/fr\/","name":"Roovi B2B","description":"Roovi Business Website","potentialAction":[{"@type":"SearchAction","target":{"@type":"EntryPoint","urlTemplate":"https:\/\/business.roovi.com\/fr\/?s={search_term_string}"},"query-input":"required name=search_term_string"}],"inLanguage":"fr-FR"}]}},"_links":{"self":[{"href":"https:\/\/business.roovi.com\/fr\/wp-json\/wp\/v2\/product\/52871","targetHints":{"allow":["GET"]}}],"collection":[{"href":"https:\/\/business.roovi.com\/fr\/wp-json\/wp\/v2\/product"}],"about":[{"href":"https:\/\/business.roovi.com\/fr\/wp-json\/wp\/v2\/types\/product"}],"version-history":[{"count":0,"href":"https:\/\/business.roovi.com\/fr\/wp-json\/wp\/v2\/product\/52871\/revisions"}],"wp:featuredmedia":[{"embeddable":true,"href":"https:\/\/business.roovi.com\/fr\/wp-json\/wp\/v2\/media\/63309"}],"wp:attachment":[{"href":"https:\/\/business.roovi.com\/fr\/wp-json\/wp\/v2\/media?parent=52871"}],"wp:term":[{"taxonomy":"product_brand","embeddable":true,"href":"https:\/\/business.roovi.com\/fr\/wp-json\/wp\/v2\/product_brand?post=52871"},{"taxonomy":"product_cat","embeddable":true,"href":"https:\/\/business.roovi.com\/fr\/wp-json\/wp\/v2\/product_cat?post=52871"},{"taxonomy":"product_tag","embeddable":true,"href":"https:\/\/business.roovi.com\/fr\/wp-json\/wp\/v2\/product_tag?post=52871"}],"curies":[{"name":"wp","href":"https:\/\/api.w.org\/{rel}","templated":true}]}}