{"id":52881,"date":"2018-04-16T10:56:17","date_gmt":"2018-04-16T10:56:17","guid":{"rendered":"https:\/\/business.roovi.com\/puzzle-adulti-francois-boucher-landscape-near-beauvais-1000-piese\/p\/"},"modified":"2022-07-13T10:20:49","modified_gmt":"2022-07-13T10:20:49","slug":"puzzle-adulte-1000-pieces-francois-boucher-paysage-pres-de-beauvais","status":"publish","type":"product","link":"https:\/\/business.roovi.com\/fr\/puzzle-adulte-1000-pieces-francois-boucher-paysage-pres-de-beauvais\/p\/","title":{"rendered":"Puzzle adulte 1000 pi\u00e8ces Fran\u00e7ois Boucher &#8211; Paysage pr\u00e8s de Beauvais"},"content":{"rendered":"<p><span style=\"font-weight: 400;\">Avec la plus grande gamme de puzzles d&rsquo;art, tu as maintenant cette possibilit\u00e9. Nous accordons une grande attention aux d\u00e9tails et accordons de l&rsquo;importance \u00e0 la qualit\u00e9. Les puzzles pour adultes de notre gamme rendent l&rsquo;image de l&rsquo;\u0153uvre d&rsquo;art qu&rsquo;ils repr\u00e9sentent dans des cadres parfaits.<\/span><\/p>\n<p><span style=\"font-weight: 400;\">D\u00e9couvre le style Rococo, gracieux et sensible, en assemblant le puzzle de 1000 pi\u00e8ces <\/span><span style=\"font-weight: 400;\">Fran\u00e7ois Boucher &#8211; Paysage pr\u00e8s de Beauvais\/Peisaj pr\u00e8s de Beauvais. L&rsquo;original est une peinture \u00e0 l&rsquo;huile repr\u00e9sentant un beau paysage de campagne o\u00f9 une m\u00e8re lave le linge dans la rivi\u00e8re avec son fils. Assemble ce puzzle de 1000 pi\u00e8ces de notre gamme de puzzles d&rsquo;art et profite du paysage idyllique. Tu obtiendras une peinture de 50 x 70 cm, tr\u00e8s semblable \u00e0 l&rsquo;original qui a <\/span><span style=\"font-weight: 400;\">49 cm \u00d7 58 cm.<\/span><\/p>\n<p><span style=\"font-weight: 400;\">Caract\u00e9ristiques du puzzle de 1000 pi\u00e8ces <\/span><span style=\"font-weight: 400;\">Fran\u00e7ois Boucher &#8211; Paysage pr\u00e8s de Beauvais :<\/span><\/p>\n<p><strong>Mat\u00e9riau du puzzle <\/strong><\/p>\n<p><strong>carton bleu de haute qualit\u00e9<\/strong><\/p>\n<p><strong>des mat\u00e9riaux durables et recyclables<\/strong><\/p>\n<p><strong>finition semi-brillante, couleurs vives<\/strong><\/p>\n<p><strong>Nombre de pi\u00e8ces de puzzle : 1000<\/strong><\/p>\n<p><strong>\u00c2ge recommand\u00e9 : 14+<\/strong><\/p>\n<p><strong>Savais-tu que les jeux de r\u00e9flexion aident \u00e0 d\u00e9velopper ta culture g\u00e9n\u00e9rale ?<\/strong><\/p>\n<p><span style=\"font-weight: 400;\">Les images des \u00e9nigmes artistiques ou touristiques te rendent curieux de d\u00e9couvrir de nouvelles informations sur les \u0153uvres d&rsquo;art que tu reconstitues. Les puzzles de 1000 pi\u00e8ces aiguisent donc ton app\u00e9tit de connaissances.  <\/span><\/p>\n<p><span style=\"font-weight: 400;\">Les puzzles de 1000 pi\u00e8ces t&rsquo;aident aussi :<\/span><\/p>\n<p><strong>D\u00e9tendez-vous<\/strong><\/p>\n<p><strong>Amuse-toi bien<\/strong><\/p>\n<p><strong>Profite de merveilleux moments avec tes proches lorsque tu assembles des jeux de puzzle en famille.<\/strong><\/p>\n<p><strong>Fran\u00e7ois Boucher, prot\u00e9g\u00e9 de la Marquise de Pompadour<\/strong><\/p>\n<p><span style=\"font-weight: 400;\">Fran\u00e7ois Boucher a b\u00e9n\u00e9fici\u00e9 de la protection de la c\u00e9l\u00e8bre Madame Pompadour, ma\u00eetresse du roi Louis XV, pendant sa vie, ce qui l&rsquo;a aid\u00e9 \u00e0 d\u00e9velopper sa carri\u00e8re artistique.<\/span><\/p>\n<p><span style=\"font-weight: 400;\">Une grande partie de son travail refl\u00e8te l&rsquo;atmosph\u00e8re courtoise et le style de vie de l&rsquo;\u00e9poque, sous le r\u00e8gne de Louis XV.<\/span><\/p>\n<p><strong>3 choses que tu ne savais pas sur Fran\u00e7ois Boucher<\/strong><\/p>\n<ol>\n<li><span style=\"font-weight: 400;\"> En plus de magnifiques peintures refl\u00e9tant le style rococo, l&rsquo;artiste a con\u00e7u des d\u00e9cors de th\u00e9\u00e2tre, des tapisseries et des figurines en porcelaine.<\/span><\/li>\n<li><span style=\"font-weight: 400;\"> Il est \u00e9galement c\u00e9l\u00e8bre pour avoir d\u00e9clar\u00e9 que la nature est <\/span><strong>\u00ab\u00a0trop verte et mal \u00e9clair\u00e9e\u00a0\u00bb <\/strong><span style=\"font-weight: 400;\">(trop vert et mal \u00e9clair\u00e9).<\/span><\/li>\n<li><span style=\"font-weight: 400;\"> De son vivant, il a \u00e9t\u00e9 s\u00e9v\u00e8rement critiqu\u00e9 pour son style par le philosophe Diderot, partisan du style n\u00e9oclassique.<\/span><\/li>\n<\/ol>\n<p><strong>3 autres avantages du puzzle de 1000 pi\u00e8ces<\/strong><\/p>\n<ol>\n<li><span style=\"font-weight: 400;\"> Te donne jusqu&rsquo;\u00e0 30 heures d&rsquo;amusement garanti.<\/span><\/li>\n<li><span style=\"font-weight: 400;\"> Cela t&rsquo;aide \u00e0 \u00eatre plus pers\u00e9v\u00e9rant.<\/span><\/li>\n<li><span style=\"font-weight: 400;\"> Aide \u00e0 travailler plus efficacement et \u00e0 augmenter ta productivit\u00e9.<\/span><\/li>\n<\/ol>\n<p><span style=\"font-weight: 400;\">Tu n&rsquo;as pas besoin d&rsquo;aller jusqu&rsquo;\u00e0 Saint-P\u00e9tersbourg au mus\u00e9e de l&rsquo;Ermitage pour admirer cette magnifique \u0153uvre d&rsquo;art. Ach\u00e8te maintenant un puzzle de 1000 pi\u00e8ces <\/span><span style=\"font-weight: 400;\">Fran\u00e7ois Boucher &#8211; Paysage pr\u00e8s de Beauvais et tu auras un peu de rococo dans ta maison ! Ce puzzle d&rsquo;art est id\u00e9al pour le reconstituer lors de soir\u00e9es ennuyeuses, ou il peut faire un excellent cadeau pour un ami cher qui aime les jeux de puzzle.<\/span><\/p>\n","protected":false},"excerpt":{"rendered":"<p>Avec la plus grande gamme de puzzles d&rsquo;art, tu as maintenant cette possibilit\u00e9. Nous accordons une grande attention aux d\u00e9tails<\/p>\n","protected":false},"featured_media":63302,"template":"","meta":[],"product_brand":[],"product_cat":[2314,2316,2315],"product_tag":[],"class_list":{"0":"post-52881","1":"product","2":"type-product","3":"status-publish","4":"has-post-thumbnail","6":"product_cat-puzzles-fr","7":"product_cat-puzzles-de-1000-pieces","8":"product_cat-puzzles-pour-adultes","9":"pa_bax-10-fr","10":"pa_brand-d_toys-fr","11":"pa_country_of_manufacture-ro-fr","12":"pa_filter_age-14-fr","13":"pa_painter-francoisboucher-fr","14":"pa_tip_ambalaj-boite","15":"pa_tip_puzzle-classique","17":"first","18":"instock","19":"taxable","20":"shipping-taxable","21":"product-type-simple"},"yoast_head":"<!-- This site is optimized with the Yoast SEO plugin v20.1 - https:\/\/yoast.com\/wordpress\/plugins\/seo\/ -->\n<title>Puzzle adulte 1000 pi\u00e8ces Fran\u00e7ois Boucher - Paysage pr\u00e8s de Beauvais<\/title>\n<meta name=\"description\" content=\"Puzzle adulte 1000 pi\u00e8ces Fran\u00e7ois Boucher - Paysage pr\u00e8s de Beauvais\" \/>\n<meta name=\"robots\" content=\"index, follow, max-snippet:-1, max-image-preview:large, max-video-preview:-1\" \/>\n<link rel=\"canonical\" href=\"https:\/\/business.roovi.com\/fr\/puzzle-adulte-1000-pieces-francois-boucher-paysage-pres-de-beauvais\/p\/\" \/>\n<meta property=\"og:locale\" content=\"fr_FR\" \/>\n<meta property=\"og:type\" content=\"article\" \/>\n<meta property=\"og:title\" content=\"Puzzle adulte 1000 pi\u00e8ces Fran\u00e7ois Boucher - Paysage pr\u00e8s de Beauvais\" \/>\n<meta property=\"og:description\" content=\"Puzzle adulte 1000 pi\u00e8ces Fran\u00e7ois Boucher - Paysage pr\u00e8s de Beauvais\" \/>\n<meta property=\"og:url\" content=\"https:\/\/business.roovi.com\/fr\/puzzle-adulte-1000-pieces-francois-boucher-paysage-pres-de-beauvais\/p\/\" \/>\n<meta property=\"og:site_name\" content=\"Roovi B2B\" \/>\n<meta property=\"article:publisher\" content=\"https:\/\/www.facebook.com\/wwwjucariero\" \/>\n<meta property=\"article:modified_time\" content=\"2022-07-13T10:20:49+00:00\" \/>\n<meta property=\"og:image\" content=\"https:\/\/business.roovi.com\/wp-content\/uploads\/2018\/04\/72696-01_ansamblu_dimensiuni_cutie_cm.png\" \/>\n\t<meta property=\"og:image:width\" content=\"1200\" \/>\n\t<meta property=\"og:image:height\" content=\"1200\" \/>\n\t<meta property=\"og:image:type\" content=\"image\/png\" \/>\n<meta name=\"twitter:label1\" content=\"Dur\u00e9e de lecture estim\u00e9e\" \/>\n\t<meta name=\"twitter:data1\" content=\"3 minutes\" \/>\n<script type=\"application\/ld+json\" class=\"yoast-schema-graph\">{\"@context\":\"https:\/\/schema.org\",\"@graph\":[{\"@type\":\"WebPage\",\"@id\":\"https:\/\/business.roovi.com\/fr\/puzzle-adulte-1000-pieces-francois-boucher-paysage-pres-de-beauvais\/p\/\",\"url\":\"https:\/\/business.roovi.com\/fr\/puzzle-adulte-1000-pieces-francois-boucher-paysage-pres-de-beauvais\/p\/\",\"name\":\"Puzzle adulte 1000 pi\u00e8ces Fran\u00e7ois Boucher - Paysage pr\u00e8s de Beauvais\",\"isPartOf\":{\"@id\":\"https:\/\/business.roovi.com\/fr\/#website\"},\"datePublished\":\"2018-04-16T10:56:17+00:00\",\"dateModified\":\"2022-07-13T10:20:49+00:00\",\"description\":\"Puzzle adulte 1000 pi\u00e8ces Fran\u00e7ois Boucher - Paysage pr\u00e8s de Beauvais\",\"breadcrumb\":{\"@id\":\"https:\/\/business.roovi.com\/fr\/puzzle-adulte-1000-pieces-francois-boucher-paysage-pres-de-beauvais\/p\/#breadcrumb\"},\"inLanguage\":\"fr-FR\",\"potentialAction\":[{\"@type\":\"ReadAction\",\"target\":[\"https:\/\/business.roovi.com\/fr\/puzzle-adulte-1000-pieces-francois-boucher-paysage-pres-de-beauvais\/p\/\"]}]},{\"@type\":\"BreadcrumbList\",\"@id\":\"https:\/\/business.roovi.com\/fr\/puzzle-adulte-1000-pieces-francois-boucher-paysage-pres-de-beauvais\/p\/#breadcrumb\",\"itemListElement\":[{\"@type\":\"ListItem\",\"position\":1,\"name\":\"Home\",\"item\":\"https:\/\/business.roovi.com\/fr\/\"},{\"@type\":\"ListItem\",\"position\":2,\"name\":\"Boutique\",\"item\":\"https:\/\/business.roovi.com\/fr\/boutique\/\"},{\"@type\":\"ListItem\",\"position\":3,\"name\":\"Puzzle adulte 1000 pi\u00e8ces Fran\u00e7ois Boucher &#8211; Paysage pr\u00e8s de Beauvais\"}]},{\"@type\":\"WebSite\",\"@id\":\"https:\/\/business.roovi.com\/fr\/#website\",\"url\":\"https:\/\/business.roovi.com\/fr\/\",\"name\":\"Roovi B2B\",\"description\":\"Roovi Business Website\",\"potentialAction\":[{\"@type\":\"SearchAction\",\"target\":{\"@type\":\"EntryPoint\",\"urlTemplate\":\"https:\/\/business.roovi.com\/fr\/?s={search_term_string}\"},\"query-input\":\"required name=search_term_string\"}],\"inLanguage\":\"fr-FR\"}]}<\/script>\n<!-- \/ Yoast SEO plugin. -->","yoast_head_json":{"title":"Puzzle adulte 1000 pi\u00e8ces Fran\u00e7ois Boucher - Paysage pr\u00e8s de Beauvais","description":"Puzzle adulte 1000 pi\u00e8ces Fran\u00e7ois Boucher - Paysage pr\u00e8s de Beauvais","robots":{"index":"index","follow":"follow","max-snippet":"max-snippet:-1","max-image-preview":"max-image-preview:large","max-video-preview":"max-video-preview:-1"},"canonical":"https:\/\/business.roovi.com\/fr\/puzzle-adulte-1000-pieces-francois-boucher-paysage-pres-de-beauvais\/p\/","og_locale":"fr_FR","og_type":"article","og_title":"Puzzle adulte 1000 pi\u00e8ces Fran\u00e7ois Boucher - Paysage pr\u00e8s de Beauvais","og_description":"Puzzle adulte 1000 pi\u00e8ces Fran\u00e7ois Boucher - Paysage pr\u00e8s de Beauvais","og_url":"https:\/\/business.roovi.com\/fr\/puzzle-adulte-1000-pieces-francois-boucher-paysage-pres-de-beauvais\/p\/","og_site_name":"Roovi B2B","article_publisher":"https:\/\/www.facebook.com\/wwwjucariero","article_modified_time":"2022-07-13T10:20:49+00:00","og_image":[{"width":1200,"height":1200,"url":"https:\/\/business.roovi.com\/wp-content\/uploads\/2018\/04\/72696-01_ansamblu_dimensiuni_cutie_cm.png","type":"image\/png"}],"twitter_misc":{"Dur\u00e9e de lecture estim\u00e9e":"3 minutes"},"schema":{"@context":"https:\/\/schema.org","@graph":[{"@type":"WebPage","@id":"https:\/\/business.roovi.com\/fr\/puzzle-adulte-1000-pieces-francois-boucher-paysage-pres-de-beauvais\/p\/","url":"https:\/\/business.roovi.com\/fr\/puzzle-adulte-1000-pieces-francois-boucher-paysage-pres-de-beauvais\/p\/","name":"Puzzle adulte 1000 pi\u00e8ces Fran\u00e7ois Boucher - Paysage pr\u00e8s de Beauvais","isPartOf":{"@id":"https:\/\/business.roovi.com\/fr\/#website"},"datePublished":"2018-04-16T10:56:17+00:00","dateModified":"2022-07-13T10:20:49+00:00","description":"Puzzle adulte 1000 pi\u00e8ces Fran\u00e7ois Boucher - Paysage pr\u00e8s de Beauvais","breadcrumb":{"@id":"https:\/\/business.roovi.com\/fr\/puzzle-adulte-1000-pieces-francois-boucher-paysage-pres-de-beauvais\/p\/#breadcrumb"},"inLanguage":"fr-FR","potentialAction":[{"@type":"ReadAction","target":["https:\/\/business.roovi.com\/fr\/puzzle-adulte-1000-pieces-francois-boucher-paysage-pres-de-beauvais\/p\/"]}]},{"@type":"BreadcrumbList","@id":"https:\/\/business.roovi.com\/fr\/puzzle-adulte-1000-pieces-francois-boucher-paysage-pres-de-beauvais\/p\/#breadcrumb","itemListElement":[{"@type":"ListItem","position":1,"name":"Home","item":"https:\/\/business.roovi.com\/fr\/"},{"@type":"ListItem","position":2,"name":"Boutique","item":"https:\/\/business.roovi.com\/fr\/boutique\/"},{"@type":"ListItem","position":3,"name":"Puzzle adulte 1000 pi\u00e8ces Fran\u00e7ois Boucher &#8211; Paysage pr\u00e8s de Beauvais"}]},{"@type":"WebSite","@id":"https:\/\/business.roovi.com\/fr\/#website","url":"https:\/\/business.roovi.com\/fr\/","name":"Roovi B2B","description":"Roovi Business Website","potentialAction":[{"@type":"SearchAction","target":{"@type":"EntryPoint","urlTemplate":"https:\/\/business.roovi.com\/fr\/?s={search_term_string}"},"query-input":"required name=search_term_string"}],"inLanguage":"fr-FR"}]}},"_links":{"self":[{"href":"https:\/\/business.roovi.com\/fr\/wp-json\/wp\/v2\/product\/52881","targetHints":{"allow":["GET"]}}],"collection":[{"href":"https:\/\/business.roovi.com\/fr\/wp-json\/wp\/v2\/product"}],"about":[{"href":"https:\/\/business.roovi.com\/fr\/wp-json\/wp\/v2\/types\/product"}],"version-history":[{"count":0,"href":"https:\/\/business.roovi.com\/fr\/wp-json\/wp\/v2\/product\/52881\/revisions"}],"wp:featuredmedia":[{"embeddable":true,"href":"https:\/\/business.roovi.com\/fr\/wp-json\/wp\/v2\/media\/63302"}],"wp:attachment":[{"href":"https:\/\/business.roovi.com\/fr\/wp-json\/wp\/v2\/media?parent=52881"}],"wp:term":[{"taxonomy":"product_brand","embeddable":true,"href":"https:\/\/business.roovi.com\/fr\/wp-json\/wp\/v2\/product_brand?post=52881"},{"taxonomy":"product_cat","embeddable":true,"href":"https:\/\/business.roovi.com\/fr\/wp-json\/wp\/v2\/product_cat?post=52881"},{"taxonomy":"product_tag","embeddable":true,"href":"https:\/\/business.roovi.com\/fr\/wp-json\/wp\/v2\/product_tag?post=52881"}],"curies":[{"name":"wp","href":"https:\/\/api.w.org\/{rel}","templated":true}]}}