{"id":52882,"date":"2018-04-16T10:56:17","date_gmt":"2018-04-16T10:56:17","guid":{"rendered":"https:\/\/business.roovi.com\/puzzle-adulti-sandro-botticelli-the-birth-of-venusnasterea-lui-venus-1000-piese\/p\/"},"modified":"2022-07-13T10:20:50","modified_gmt":"2022-07-13T10:20:50","slug":"puzzle-adulte-1000-pieces-sandro-botticelli-la-naissance-de-venus","status":"publish","type":"product","link":"https:\/\/business.roovi.com\/fr\/puzzle-adulte-1000-pieces-sandro-botticelli-la-naissance-de-venus\/p\/","title":{"rendered":"Puzzle adulte 1000 pi\u00e8ces Sandro Botticelli &#8211; La naissance de V\u00e9nus"},"content":{"rendered":"<p><span style=\"font-weight: 400;\">Les jeux de puzzle te d\u00e9connectent des soucis quotidiens. Ils te d\u00e9tendent et font travailler ton esprit pendant une heure (ou plus, nous pouvons te le dire par exp\u00e9rience), et \u00e0 la fin, ils te donnent la satisfaction d&rsquo;avoir accompli une t\u00e2che difficile. De plus, le r\u00e9sultat est magnifique. Comment ne pas \u00eatre heureux en sachant que tu peux mettre sur ton mur une copie fid\u00e8le d&rsquo;une \u0153uvre d&rsquo;art \u00e9tablie ? Un authentique Da Vinci, Renoir, Monet et bien d&rsquo;autres peuvent \u00eatre \u00e0 toi, d\u00e9couvre-les dans notre collection de puzzles d&rsquo;art.<\/span><\/p>\n<p><span style=\"font-weight: 400;\">Assembler <\/span><span style=\"font-weight: 400;\">Sandro Botticelli -La naissance de V\u00e9nus Puzzle 1000 pi\u00e8ces et tu auras l&rsquo;un des plus beaux tableaux de la Renaissance dans l&rsquo;intimit\u00e9 de ta maison. C&rsquo;est fascinant de voir comment la sensibilit\u00e9 artistique du c\u00e9l\u00e8bre peintre est pr\u00e9serv\u00e9e dans un puzzle de 1000 pi\u00e8ces. Le visage de la V\u00e9nus candide est, en r\u00e9alit\u00e9, l&rsquo;expression <\/span><span style=\"font-weight: 400;\">Simonetta Vespucci, une jeune fille que Botticelli a d\u00e9ifi\u00e9e toute sa vie, mais qui est rest\u00e9e un amour inassouvi.<\/span><\/p>\n<p><span style=\"font-weight: 400;\">L&rsquo;histoire derri\u00e8re le puzzle de 1000 pi\u00e8ces Naissance de V\u00e9nus te captive ? Le puzzle de l&rsquo;art est maintenant \u00e0 port\u00e9e de clic. Vois ci-dessous les d\u00e9tails sur les tailles et les caract\u00e9ristiques de ce puzzle pour adultes, passe ta commande et mets-toi au travail pour refaire le chef-d&rsquo;\u0153uvre ! Tu as la garantie de t&rsquo;amuser pendant au moins 30 heures <\/span><\/p>\n<p><span style=\"font-weight: 400;\">Taille du puzzle assembl\u00e9 : 50&#215;70 cm &#8211; la peinture originale est l\u00e9g\u00e8rement plus grande &#8211; <\/span><span style=\"font-weight: 400;\">172,5 \u00d7 278,5 cm<\/span><span style=\"font-weight: 400;\">. Tu peux assembler ce puzzle de 1000 pi\u00e8ces sur une table basse ordinaire.<\/span><\/p>\n<p><span style=\"font-weight: 400;\">Mat\u00e9riau du puzzle <\/span><\/p>\n<ul>\n<li><span style=\"font-weight: 400;\">carton bleu de haute qualit\u00e9<\/span><\/li>\n<li><span style=\"font-weight: 400;\">des mat\u00e9riaux durables et recyclables<\/span><\/li>\n<li><span style=\"font-weight: 400;\">finition semi-brillante, couleurs vives<\/span><\/li>\n<\/ul>\n<p><span style=\"font-weight: 400;\">Nombre de pi\u00e8ces de puzzle : 1000<\/span><\/p>\n<p><span style=\"font-weight: 400;\">\u00c2ge recommand\u00e9 : 14+<\/span><\/p>\n<p><strong>Puzzle de 1000 pi\u00e8ces : puzzle pour adultes aux multiples avantages<\/strong><\/p>\n<p><span style=\"font-weight: 400;\">Un puzzle de 1000 pi\u00e8ces est plus qu&rsquo;un puzzle pour adultes pour remplir tes journ\u00e9es ennuyeuses. Voici quelques-uns des avantages que tu peux avoir en r\u00e9alisant des puzzles artistiques jour apr\u00e8s jour :<\/span><\/p>\n<p><strong>Tu deviens un connaisseur des d\u00e9tails artistiques <\/strong><span style=\"font-weight: 400;\">Les puzzles de 1000 pi\u00e8ces de notre collection de puzzles d&rsquo;art sont fabriqu\u00e9s en carton de haute qualit\u00e9, de sorte que l&rsquo;image reconstitu\u00e9e capture les d\u00e9tails artistiques que tu vois en regardant une \u0153uvre d&rsquo;art authentique dans un mus\u00e9e.<\/span><\/p>\n<p><strong>Sens-toi comme un v\u00e9ritable artiste<\/strong><span style=\"font-weight: 400;\"> compl\u00e8te cet \u00e9tonnant puzzle de 1000 pi\u00e8ces. Tu cherches les bons morceaux, tu fais parfois des erreurs, mais tu recommences parce que tu sais \u00e0 quel point on se sent bien quand le travail est termin\u00e9. Comme un vrai peintre, qui fait et refait les contours et les couleurs jusqu&rsquo;\u00e0 ce que l&rsquo;\u0153uvre soit termin\u00e9e, n&rsquo;est-ce pas ? <\/span><\/p>\n<p><span style=\"font-weight: 400;\">  <\/span><strong>Il t&rsquo;offre de nombreuses heures de paix et de d\u00e9tente <\/strong><span style=\"font-weight: 400;\">D\u00e9connecter des soucis et des pens\u00e9es de la journ\u00e9e en compagnie d&rsquo;un puzzle artistique pendant plusieurs heures est un vrai plaisir. Compl\u00e9ter un puzzle de 1000 pi\u00e8ces de la collection de puzzles d&rsquo;art est une oasis de paix et de d\u00e9tente pour tout amateur d&rsquo;art adulte.<\/span><\/p>\n<p><strong>Elle te relie \u00e0 un \u00eatre cher.<\/strong><span style=\"font-weight: 400;\"> Faire des puzzles de 1000 pi\u00e8ces peut aussi \u00eatre une activit\u00e9 de groupe. Invite tes amis ou rassemble ta famille autour de la table de la salle \u00e0 manger et commence \u00e0 reconstituer ton tableau. Vous aurez tous l&rsquo;impression d&rsquo;\u00eatre de vrais d\u00e9tectives travaillant ensemble pour r\u00e9soudre un grand myst\u00e8re.<\/span><\/p>\n<p><strong>Savais-tu que Sandro Botticelli&#8230; ?<\/strong><\/p>\n<ul>\n<li>est connu comme le peintre gracieux de la Renaissance car les corps de ses tableaux refl\u00e8tent le raffinement et l&rsquo;harmonie, ils ont des silhouettes fines et d\u00e9licates, contrairement \u00e0 Michel-Ange, par exemple, dont les corps ont une musculature hercul\u00e9enne, exprimant la force.<\/li>\n<li>certains critiques ont eu des doutes sur son orientation sexuelle, mais cette hypoth\u00e8se a \u00e9t\u00e9 mise de c\u00f4t\u00e9 lorsqu&rsquo;il a \u00e9t\u00e9 r\u00e9v\u00e9l\u00e9 que le peintre a \u00e9t\u00e9 amoureux toute sa vie de Simonetta Vespucci, qu&rsquo;il a repr\u00e9sent\u00e9e avec gr\u00e2ce dans La Naissance de V\u00e9nus.<\/li>\n<li>il a demand\u00e9 \u00e0 \u00eatre enterr\u00e9 aux pieds de la femme qu&rsquo;il aimait dans l&rsquo;\u00e9glise Ognisanti de Florence, et son souhait a \u00e9t\u00e9 exauc\u00e9.<\/li>\n<li>a peint trois fresques pour la chapelle Sixtine, bien avant Michel-Ange, \u00e0 la demande du pape Sixtus IV. Ses \u0153uvres peuvent encore \u00eatre admir\u00e9es aujourd&rsquo;hui sur les murs lat\u00e9raux de la chapelle.<\/li>\n<li>a longtemps \u00e9t\u00e9 inconnu dans l&rsquo;histoire de la Renaissance. \u00catre un contemporain de monstres sacr\u00e9s comme L\u00e9onard de Vinci ou Michel-Ange peut \u00eatre un grand d\u00e9savantage car cela m\u00e8ne rapidement \u00e0 l&rsquo;anonymat <\/li>\n<\/ul>\n<p><strong>3 curiosit\u00e9s sur la Naissance de V\u00e9nus repr\u00e9sent\u00e9es dans ce puzzle de 1000 pi\u00e8ces<\/strong><\/p>\n<ol>\n<li><span style=\"font-weight: 400;\">Le tableau a \u00e9t\u00e9 command\u00e9 par des repr\u00e9sentants de la famille M\u00e9dicis et est rest\u00e9 longtemps dans leur Villa Castello.<\/span><\/li>\n<li><span style=\"font-weight: 400;\">Le point central du tableau est la fa\u00e7on dont Botticelli a peint le mouvement provoqu\u00e9 par le vent et la fa\u00e7on dont les cheveux de la d\u00e9esse V\u00e9nus sont tordus.<\/span><\/li>\n<li><em><span style=\"font-weight: 400;\">Naissance de V\u00e9nus<\/span><\/em><span style=\"font-weight: 400;\"> <\/span><em><span style=\"font-weight: 400;\">Printemps<\/span><\/em><span style=\"font-weight: 400;\"> sont les premi\u00e8res peintures de Botticelli avec un th\u00e8me pa\u00efen, toutes ses \u0153uvres jusqu&rsquo;\u00e0 cette \u00e9poque ayant \u00e9t\u00e9 principalement religieuses.<\/span><\/li>\n<\/ol>\n<p><strong>Que disent les scientifiques sur les bienfaits des puzzles de 1000 pi\u00e8ces ?<\/strong><\/p>\n<p><span style=\"font-weight: 400;\">Les \u00e9tudes men\u00e9es au fil des ans refl\u00e8tent \u00e0 l&rsquo;unanimit\u00e9 plusieurs avantages des jeux de r\u00e9flexion pour les adultes. En voici quelques-unes :<\/span><\/p>\n<ul>\n<li><span style=\"font-weight: 400;\">Entra\u00eenement de la m\u00e9moire<\/span><\/li>\n<li><span style=\"font-weight: 400;\">Am\u00e9liore la concentration<\/span><\/li>\n<li><span style=\"font-weight: 400;\">Ils constituent un excellent exercice mental<\/span><\/li>\n<li><span style=\"font-weight: 400;\">Am\u00e9liore l&rsquo;humeur<\/span><\/li>\n<li><span style=\"font-weight: 400;\">R\u00e9duire le stress<\/span><\/li>\n<\/ul>\n<p><span style=\"font-weight: 400;\">Ach\u00e8te ce merveilleux puzzle de 1000 pi\u00e8ces de notre collection de puzzles d&rsquo;art et tu vivras une v\u00e9ritable exp\u00e9rience de d\u00e9tente. Ose \u00eatre le peintre qui peint l&rsquo;\u0153uvre de Sandro Botticelli pendant quelques heures et regarde quelle merveilleuse peinture de la Naissance de V\u00e9nus sort de tes mains !<\/span><\/p>\n<p><span style=\"font-weight: 400;\">Le puzzle 1000 pi\u00e8ces Naissance de V\u00e9nus est un cadeau id\u00e9al pour les amateurs d&rsquo;art et les adultes passionn\u00e9s de puzzle 1000 pi\u00e8ces, mais aussi pour ceux qui aiment relever le d\u00e9fi d&rsquo;essayer de nouveaux jeux de puzzle raffin\u00e9s.<\/span><\/p>\n","protected":false},"excerpt":{"rendered":"<p>Les jeux de puzzle te d\u00e9connectent des soucis quotidiens. Ils te d\u00e9tendent et font travailler ton esprit pendant une heure<\/p>\n","protected":false},"featured_media":63095,"template":"","meta":[],"product_brand":[],"product_cat":[2314,2316,2315],"product_tag":[],"class_list":{"0":"post-52882","1":"product","2":"type-product","3":"status-publish","4":"has-post-thumbnail","6":"product_cat-puzzles-fr","7":"product_cat-puzzles-de-1000-pieces","8":"product_cat-puzzles-pour-adultes","9":"pa_bax-10-fr","10":"pa_brand-d_toys-fr","11":"pa_country_of_manufacture-ro-fr","12":"pa_filter_age-14-fr","13":"pa_painter-sandrobotticelli-fr","14":"pa_tip_ambalaj-boite","15":"pa_tip_puzzle-classique","17":"first","18":"instock","19":"taxable","20":"shipping-taxable","21":"product-type-simple"},"yoast_head":"<!-- This site is optimized with the Yoast SEO plugin v20.1 - https:\/\/yoast.com\/wordpress\/plugins\/seo\/ -->\n<title>Puzzle adulte 1000 pi\u00e8ces Sandro Botticelli - La naissance de V\u00e9nus<\/title>\n<meta name=\"description\" content=\"Puzzle adulte 1000 pi\u00e8ces Sandro Botticelli - La naissance de V\u00e9nus\" \/>\n<meta name=\"robots\" content=\"index, follow, max-snippet:-1, max-image-preview:large, max-video-preview:-1\" \/>\n<link rel=\"canonical\" href=\"https:\/\/business.roovi.com\/fr\/puzzle-adulte-1000-pieces-sandro-botticelli-la-naissance-de-venus\/p\/\" \/>\n<meta property=\"og:locale\" content=\"fr_FR\" \/>\n<meta property=\"og:type\" content=\"article\" \/>\n<meta property=\"og:title\" content=\"Puzzle adulte 1000 pi\u00e8ces Sandro Botticelli - La naissance de V\u00e9nus\" \/>\n<meta property=\"og:description\" content=\"Puzzle adulte 1000 pi\u00e8ces Sandro Botticelli - La naissance de V\u00e9nus\" \/>\n<meta property=\"og:url\" content=\"https:\/\/business.roovi.com\/fr\/puzzle-adulte-1000-pieces-sandro-botticelli-la-naissance-de-venus\/p\/\" \/>\n<meta property=\"og:site_name\" content=\"Roovi B2B\" \/>\n<meta property=\"article:publisher\" content=\"https:\/\/www.facebook.com\/wwwjucariero\" \/>\n<meta property=\"article:modified_time\" content=\"2022-07-13T10:20:50+00:00\" \/>\n<meta property=\"og:image\" content=\"https:\/\/business.roovi.com\/wp-content\/uploads\/2018\/04\/72672-01_ansamblu_dimensiuni_cutie_cm.png\" \/>\n\t<meta property=\"og:image:width\" content=\"1200\" \/>\n\t<meta property=\"og:image:height\" content=\"1200\" \/>\n\t<meta property=\"og:image:type\" content=\"image\/png\" \/>\n<meta name=\"twitter:label1\" content=\"Dur\u00e9e de lecture estim\u00e9e\" \/>\n\t<meta name=\"twitter:data1\" content=\"5 minutes\" \/>\n<script type=\"application\/ld+json\" class=\"yoast-schema-graph\">{\"@context\":\"https:\/\/schema.org\",\"@graph\":[{\"@type\":\"WebPage\",\"@id\":\"https:\/\/business.roovi.com\/fr\/puzzle-adulte-1000-pieces-sandro-botticelli-la-naissance-de-venus\/p\/\",\"url\":\"https:\/\/business.roovi.com\/fr\/puzzle-adulte-1000-pieces-sandro-botticelli-la-naissance-de-venus\/p\/\",\"name\":\"Puzzle adulte 1000 pi\u00e8ces Sandro Botticelli - La naissance de V\u00e9nus\",\"isPartOf\":{\"@id\":\"https:\/\/business.roovi.com\/fr\/#website\"},\"datePublished\":\"2018-04-16T10:56:17+00:00\",\"dateModified\":\"2022-07-13T10:20:50+00:00\",\"description\":\"Puzzle adulte 1000 pi\u00e8ces Sandro Botticelli - La naissance de V\u00e9nus\",\"breadcrumb\":{\"@id\":\"https:\/\/business.roovi.com\/fr\/puzzle-adulte-1000-pieces-sandro-botticelli-la-naissance-de-venus\/p\/#breadcrumb\"},\"inLanguage\":\"fr-FR\",\"potentialAction\":[{\"@type\":\"ReadAction\",\"target\":[\"https:\/\/business.roovi.com\/fr\/puzzle-adulte-1000-pieces-sandro-botticelli-la-naissance-de-venus\/p\/\"]}]},{\"@type\":\"BreadcrumbList\",\"@id\":\"https:\/\/business.roovi.com\/fr\/puzzle-adulte-1000-pieces-sandro-botticelli-la-naissance-de-venus\/p\/#breadcrumb\",\"itemListElement\":[{\"@type\":\"ListItem\",\"position\":1,\"name\":\"Home\",\"item\":\"https:\/\/business.roovi.com\/fr\/\"},{\"@type\":\"ListItem\",\"position\":2,\"name\":\"Boutique\",\"item\":\"https:\/\/business.roovi.com\/fr\/boutique\/\"},{\"@type\":\"ListItem\",\"position\":3,\"name\":\"Puzzle adulte 1000 pi\u00e8ces Sandro Botticelli &#8211; La naissance de V\u00e9nus\"}]},{\"@type\":\"WebSite\",\"@id\":\"https:\/\/business.roovi.com\/fr\/#website\",\"url\":\"https:\/\/business.roovi.com\/fr\/\",\"name\":\"Roovi B2B\",\"description\":\"Roovi Business Website\",\"potentialAction\":[{\"@type\":\"SearchAction\",\"target\":{\"@type\":\"EntryPoint\",\"urlTemplate\":\"https:\/\/business.roovi.com\/fr\/?s={search_term_string}\"},\"query-input\":\"required name=search_term_string\"}],\"inLanguage\":\"fr-FR\"}]}<\/script>\n<!-- \/ Yoast SEO plugin. -->","yoast_head_json":{"title":"Puzzle adulte 1000 pi\u00e8ces Sandro Botticelli - La naissance de V\u00e9nus","description":"Puzzle adulte 1000 pi\u00e8ces Sandro Botticelli - La naissance de V\u00e9nus","robots":{"index":"index","follow":"follow","max-snippet":"max-snippet:-1","max-image-preview":"max-image-preview:large","max-video-preview":"max-video-preview:-1"},"canonical":"https:\/\/business.roovi.com\/fr\/puzzle-adulte-1000-pieces-sandro-botticelli-la-naissance-de-venus\/p\/","og_locale":"fr_FR","og_type":"article","og_title":"Puzzle adulte 1000 pi\u00e8ces Sandro Botticelli - La naissance de V\u00e9nus","og_description":"Puzzle adulte 1000 pi\u00e8ces Sandro Botticelli - La naissance de V\u00e9nus","og_url":"https:\/\/business.roovi.com\/fr\/puzzle-adulte-1000-pieces-sandro-botticelli-la-naissance-de-venus\/p\/","og_site_name":"Roovi B2B","article_publisher":"https:\/\/www.facebook.com\/wwwjucariero","article_modified_time":"2022-07-13T10:20:50+00:00","og_image":[{"width":1200,"height":1200,"url":"https:\/\/business.roovi.com\/wp-content\/uploads\/2018\/04\/72672-01_ansamblu_dimensiuni_cutie_cm.png","type":"image\/png"}],"twitter_misc":{"Dur\u00e9e de lecture estim\u00e9e":"5 minutes"},"schema":{"@context":"https:\/\/schema.org","@graph":[{"@type":"WebPage","@id":"https:\/\/business.roovi.com\/fr\/puzzle-adulte-1000-pieces-sandro-botticelli-la-naissance-de-venus\/p\/","url":"https:\/\/business.roovi.com\/fr\/puzzle-adulte-1000-pieces-sandro-botticelli-la-naissance-de-venus\/p\/","name":"Puzzle adulte 1000 pi\u00e8ces Sandro Botticelli - La naissance de V\u00e9nus","isPartOf":{"@id":"https:\/\/business.roovi.com\/fr\/#website"},"datePublished":"2018-04-16T10:56:17+00:00","dateModified":"2022-07-13T10:20:50+00:00","description":"Puzzle adulte 1000 pi\u00e8ces Sandro Botticelli - La naissance de V\u00e9nus","breadcrumb":{"@id":"https:\/\/business.roovi.com\/fr\/puzzle-adulte-1000-pieces-sandro-botticelli-la-naissance-de-venus\/p\/#breadcrumb"},"inLanguage":"fr-FR","potentialAction":[{"@type":"ReadAction","target":["https:\/\/business.roovi.com\/fr\/puzzle-adulte-1000-pieces-sandro-botticelli-la-naissance-de-venus\/p\/"]}]},{"@type":"BreadcrumbList","@id":"https:\/\/business.roovi.com\/fr\/puzzle-adulte-1000-pieces-sandro-botticelli-la-naissance-de-venus\/p\/#breadcrumb","itemListElement":[{"@type":"ListItem","position":1,"name":"Home","item":"https:\/\/business.roovi.com\/fr\/"},{"@type":"ListItem","position":2,"name":"Boutique","item":"https:\/\/business.roovi.com\/fr\/boutique\/"},{"@type":"ListItem","position":3,"name":"Puzzle adulte 1000 pi\u00e8ces Sandro Botticelli &#8211; La naissance de V\u00e9nus"}]},{"@type":"WebSite","@id":"https:\/\/business.roovi.com\/fr\/#website","url":"https:\/\/business.roovi.com\/fr\/","name":"Roovi B2B","description":"Roovi Business Website","potentialAction":[{"@type":"SearchAction","target":{"@type":"EntryPoint","urlTemplate":"https:\/\/business.roovi.com\/fr\/?s={search_term_string}"},"query-input":"required name=search_term_string"}],"inLanguage":"fr-FR"}]}},"_links":{"self":[{"href":"https:\/\/business.roovi.com\/fr\/wp-json\/wp\/v2\/product\/52882","targetHints":{"allow":["GET"]}}],"collection":[{"href":"https:\/\/business.roovi.com\/fr\/wp-json\/wp\/v2\/product"}],"about":[{"href":"https:\/\/business.roovi.com\/fr\/wp-json\/wp\/v2\/types\/product"}],"version-history":[{"count":0,"href":"https:\/\/business.roovi.com\/fr\/wp-json\/wp\/v2\/product\/52882\/revisions"}],"wp:featuredmedia":[{"embeddable":true,"href":"https:\/\/business.roovi.com\/fr\/wp-json\/wp\/v2\/media\/63095"}],"wp:attachment":[{"href":"https:\/\/business.roovi.com\/fr\/wp-json\/wp\/v2\/media?parent=52882"}],"wp:term":[{"taxonomy":"product_brand","embeddable":true,"href":"https:\/\/business.roovi.com\/fr\/wp-json\/wp\/v2\/product_brand?post=52882"},{"taxonomy":"product_cat","embeddable":true,"href":"https:\/\/business.roovi.com\/fr\/wp-json\/wp\/v2\/product_cat?post=52882"},{"taxonomy":"product_tag","embeddable":true,"href":"https:\/\/business.roovi.com\/fr\/wp-json\/wp\/v2\/product_tag?post=52882"}],"curies":[{"name":"wp","href":"https:\/\/api.w.org\/{rel}","templated":true}]}}