{"id":52883,"date":"2018-04-16T10:56:17","date_gmt":"2018-04-16T10:56:17","guid":{"rendered":"https:\/\/business.roovi.com\/puzzle-adulti-sandro-botticelli-primavera-1000-piese\/p\/"},"modified":"2022-07-13T10:20:51","modified_gmt":"2022-07-13T10:20:51","slug":"puzzle-adulte-1000-pieces-sandro-botticelli-printemps","status":"publish","type":"product","link":"https:\/\/business.roovi.com\/fr\/puzzle-adulte-1000-pieces-sandro-botticelli-printemps\/p\/","title":{"rendered":"Puzzle adulte 1000 pi\u00e8ces Sandro Botticelli &#8211; Printemps"},"content":{"rendered":"<p><span style=\"font-weight: 400;\">D\u00e9couvre maintenant la collection de puzzles de 1000 pi\u00e8ces pr\u00e9sentant des images des peintures les plus c\u00e9l\u00e8bres de la p\u00e9riode de la Renaissance. Leonardo Da Vinci, Sandro Boticelli, <\/span><span style=\"font-weight: 400;\">Vincent Van Gogh et bien d&rsquo;autres sont dans notre gamme de puzzles d&rsquo;art. Assemble des puzzles pour adultes et recr\u00e9e de v\u00e9ritables \u0153uvres d&rsquo;art qui raviront tes yeux tous les jours.<\/span><\/p>\n<p><span style=\"font-weight: 400;\">Compl\u00e8te le puzzle 1000 <\/span><span style=\"font-weight: 400;\">Sandro Botticelli &#8211; <\/span><span style=\"font-weight: 400;\">Primavera et tu auras un merveilleux tableau qui capture la sensibilit\u00e9 et la gr\u00e2ce de l&rsquo;artiste. Cette c\u00e9l\u00e8bre peinture mesure en fait un impressionnant 2 x 3,14 m et est l&rsquo;une des peintures les plus controvers\u00e9es du monde <\/span><\/p>\n<p><span style=\"font-weight: 400;\">Arrange les pi\u00e8ces de ce puzzle artistique et ram\u00e8ne \u00e0 la maison <\/span><em><span style=\"font-weight: 400;\">Printemps<\/span><\/em><span style=\"font-weight: 400;\"> le printemps fascinant de Botticelli ! Le tableau que tu obtiens gr\u00e2ce \u00e0 ce puzzle de 1000 pi\u00e8ces n&rsquo;a pas la taille du vrai tableau, mais c&rsquo;est une copie tr\u00e8s fid\u00e8le de l&rsquo;original, avec de nombreux d\u00e9tails que tu peux voir lorsque tu regardes le merveilleux tableau du mus\u00e9e de Florence.  Voir ci-dessous pour les d\u00e9tails et les caract\u00e9ristiques de ce puzzle artistique.<\/span><\/p>\n<p><span style=\"font-weight: 400;\">Taille du puzzle assembl\u00e9 : 50&#215;70 cm. Tu peux assembler ce puzzle de 1000 pi\u00e8ces sur une table basse ordinaire.<\/span><\/p>\n<p><span style=\"font-weight: 400;\">Mat\u00e9riau du puzzle <\/span><\/p>\n<ul style=\"list-style-type: circle;\">\n<li><span style=\"font-weight: 400;\">carton bleu de haute qualit\u00e9<\/span><\/li>\n<li><span style=\"font-weight: 400;\">des mat\u00e9riaux durables et recyclables<\/span><\/li>\n<li><span style=\"font-weight: 400;\">finition semi-brillante, couleurs vives<\/span><\/li>\n<\/ul>\n<p><span style=\"font-weight: 400;\">Nombre de pi\u00e8ces de puzzle : 1000<\/span><\/p>\n<p><span style=\"font-weight: 400;\">\u00c2ge recommand\u00e9 : 14+<\/span><\/p>\n<p><strong>Pourquoi est-il avantageux de faire des puzzles de 1000 pi\u00e8ces ?<\/strong><\/p>\n<ul style=\"list-style-type: circle;\">\n<li><span style=\"font-weight: 400;\">Parce que cela t&rsquo;\u00e9loigne du monde virtuel, te vide l&rsquo;esprit et t&rsquo;aide \u00e0 te d\u00e9tendre.<\/span><\/li>\n<li><span style=\"font-weight: 400;\">\u00c0 long terme, tu constateras que ta m\u00e9moire s&rsquo;am\u00e9liore. Le fait de rester connect\u00e9 et concentr\u00e9 est un entra\u00eenement b\u00e9n\u00e9fique qui se r\u00e9percutera sur d&rsquo;autres aspects de ta vie.<\/span><\/li>\n<li><span style=\"font-weight: 400;\">Parce que cela t&rsquo;\u00e9loigne des maladies neurod\u00e9g\u00e9n\u00e9ratives comme la maladie d&rsquo;Alzheimer. Un cerveau qui fonctionne tous les jours est un cerveau sain. R\u00e9soudre un puzzle pour adultes est l&rsquo;une de ces activit\u00e9s b\u00e9n\u00e9fiques pour le cerveau.<\/span><\/li>\n<li><span style=\"font-weight: 400;\">Cela peut \u00eatre amusant pour la famille. Quoi de plus relaxant, lors des mornes soir\u00e9es d&rsquo;hiver, qu&rsquo;une activit\u00e9 familiale amusante autour de la table de la salle \u00e0 manger, o\u00f9 chaque proche r\u00e9sout progressivement le myst\u00e8re du puzzle de 1000 pi\u00e8ces ? <\/span><\/li>\n<li><span style=\"font-weight: 400;\">Parce que \u00e7a te rend heureux ! On a d\u00e9couvert que la r\u00e9solution de puzzles pour adultes stimule la s\u00e9cr\u00e9tion de dopamine &#8211; l&rsquo;hormone responsable du sentiment de bonheur.<\/span><\/li>\n<\/ul>\n<p><strong>Tu veux en savoir plus sur Botticelli ?<\/strong><\/p>\n<p><span style=\"font-weight: 400;\">Le puzzle de 1000 pi\u00e8ces Sandro Botticelli &#8211; Primavera refl\u00e8te non seulement la haute qualit\u00e9 des puzzles pour adultes de notre gamme de puzzles d&rsquo;art, mais aussi la complexit\u00e9 de l&rsquo;artiste et de son \u0153uvre que l&rsquo;on retrouve dans ce puzzle de 1000 pi\u00e8ces. Voici donc quelques curiosit\u00e9s sur la peinture originale et son c\u00e9l\u00e8bre auteur :<\/span><\/p>\n<ul style=\"list-style-type: circle;\">\n<li><span style=\"font-weight: 400;\">Les peintures de Botticelli, qui comprennent donc  <\/span><em><span style=\"font-weight: 400;\">Primavera<\/span><\/em><span style=\"font-weight: 400;\">sont toutes en tempera.<\/span><\/li>\n<li><span style=\"font-weight: 400;\">Un ast\u00e9ro\u00efde d\u00e9couvert en 1996 porte le nom de l&rsquo;artiste.<\/span><\/li>\n<li><span style=\"font-weight: 400;\">Ses peintures sont remarquables pour leur caract\u00e8re diaphane et ambigu. De nombreuses figures dans les peintures semblent l\u00e9viter. Ainsi, bien qu&rsquo;ils soient debout, ils donnent l&rsquo;impression d&rsquo;\u00eatre en mouvement, ce qui cr\u00e9e une certaine ambigu\u00eft\u00e9<\/span><\/li>\n<li><span style=\"font-weight: 400;\">L&rsquo;histoire exacte n&rsquo;est pas connue  <\/span><em><span style=\"font-weight: 400;\">Printemps<\/span><\/em><span style=\"font-weight: 400;\">  le printemps de Botticelli. On pense qu&rsquo;elle a \u00e9t\u00e9 command\u00e9e par l&rsquo;un des membres de la famille M\u00e9dicis, comme l&rsquo;\u00e9tait  <\/span><em><span style=\"font-weight: 400;\">Naissance de V\u00e9nus<\/span><\/em><span style=\"font-weight: 400;\">.<\/span><\/li>\n<li><span style=\"font-weight: 400;\">Le printemps symbolise l&rsquo;amour, la jeunesse, la beaut\u00e9 et aussi la renaissance, car comme le printemps, qui fait revivre la nature ann\u00e9e apr\u00e8s ann\u00e9e, l&rsquo;homme aspire lui aussi au bonheur et \u00e0 la jeunesse \u00e9ternelle.<\/span><\/li>\n<\/ul>\n<p><strong>5 autres avantages de compl\u00e9ter un puzzle de 1000 pi\u00e8ces<\/strong><\/p>\n<ol>\n<li><span style=\"font-weight: 400;\">Aide \u00e0 mieux te concentrer dans ta vie quotidienne.<\/span><\/li>\n<li><span style=\"font-weight: 400;\">Aide \u00e0 am\u00e9liorer ta m\u00e9moire.<\/span><\/li>\n<li><span style=\"font-weight: 400;\">Tu te sens comme un petit d\u00e9tective qui cherche des indices, les rassemble et r\u00e9sout le myst\u00e8re de l&rsquo;\u0153uvre d&rsquo;art.<\/span><\/li>\n<li><span style=\"font-weight: 400;\">Il t&rsquo;aide \u00e0 te connecter \u00e0 toi-m\u00eame. C&rsquo;est juste toi avec toi, concentr\u00e9 sur une t\u00e2che pr\u00e9cise que tu ex\u00e9cutes avec d\u00e9termination.<\/span><\/li>\n<li><span style=\"font-weight: 400;\">il am\u00e9liore ton raisonnement visuel et spatial. Lorsque tu fais un puzzle de 1000 pi\u00e8ces, tu dois faire attention \u00e0 int\u00e9grer chaque pi\u00e8ce dans l&rsquo;image plus grande. S&rsquo;entra\u00eener am\u00e9liorera cette comp\u00e9tence.<\/span><\/li>\n<\/ol>\n<p><span style=\"font-weight: 400;\">Fais entrer le Printemps de Sandro Botticelli dans ta maison ! D\u00e9couvre ce merveilleux jeu de puzzle et connecte-toi au monde artistique. Concentre-toi sur le puzzle pour adultes, assemble le tableau \u00e0 partir du puzzle de 1000 pi\u00e8ces et place le tableau dans le cadre.  Ach\u00e8te maintenant ce merveilleux puzzle de 1000 pi\u00e8ces pour toi ou offre-le en cadeau \u00e0 un ami cher.<\/span><\/p>\n","protected":false},"excerpt":{"rendered":"<p>D\u00e9couvre maintenant la collection de puzzles de 1000 pi\u00e8ces pr\u00e9sentant des images des peintures les plus c\u00e9l\u00e8bres de la p\u00e9riode<\/p>\n","protected":false},"featured_media":63101,"template":"","meta":[],"product_brand":[],"product_cat":[2314,2316,2315],"product_tag":[],"class_list":{"0":"post-52883","1":"product","2":"type-product","3":"status-publish","4":"has-post-thumbnail","6":"product_cat-puzzles-fr","7":"product_cat-puzzles-de-1000-pieces","8":"product_cat-puzzles-pour-adultes","9":"pa_bax-10-fr","10":"pa_brand-d_toys-fr","11":"pa_country_of_manufacture-ro-fr","12":"pa_filter_age-14-fr","13":"pa_painter-sandrobotticelli-fr","14":"pa_tip_ambalaj-boite","15":"pa_tip_puzzle-classique","17":"first","18":"instock","19":"taxable","20":"shipping-taxable","21":"product-type-simple"},"yoast_head":"<!-- This site is optimized with the Yoast SEO plugin v20.1 - https:\/\/yoast.com\/wordpress\/plugins\/seo\/ -->\n<title>Puzzle adulte 1000 pi\u00e8ces Sandro Botticelli - Printemps<\/title>\n<meta name=\"description\" content=\"Puzzle adulte 1000 pi\u00e8ces Sandro Botticelli - Printemps\" \/>\n<meta name=\"robots\" content=\"index, follow, max-snippet:-1, max-image-preview:large, max-video-preview:-1\" \/>\n<link rel=\"canonical\" href=\"https:\/\/business.roovi.com\/fr\/puzzle-adulte-1000-pieces-sandro-botticelli-printemps\/p\/\" \/>\n<meta property=\"og:locale\" content=\"fr_FR\" \/>\n<meta property=\"og:type\" content=\"article\" \/>\n<meta property=\"og:title\" content=\"Puzzle adulte 1000 pi\u00e8ces Sandro Botticelli - Printemps\" \/>\n<meta property=\"og:description\" content=\"Puzzle adulte 1000 pi\u00e8ces Sandro Botticelli - Printemps\" \/>\n<meta property=\"og:url\" content=\"https:\/\/business.roovi.com\/fr\/puzzle-adulte-1000-pieces-sandro-botticelli-printemps\/p\/\" \/>\n<meta property=\"og:site_name\" content=\"Roovi B2B\" \/>\n<meta property=\"article:publisher\" content=\"https:\/\/www.facebook.com\/wwwjucariero\" \/>\n<meta property=\"article:modified_time\" content=\"2022-07-13T10:20:51+00:00\" \/>\n<meta property=\"og:image\" content=\"https:\/\/business.roovi.com\/wp-content\/uploads\/2018\/04\/72672-02_ansamblu_dimensiuni_cutie_cm.png\" \/>\n\t<meta property=\"og:image:width\" content=\"1200\" \/>\n\t<meta property=\"og:image:height\" content=\"1200\" \/>\n\t<meta property=\"og:image:type\" content=\"image\/png\" \/>\n<meta name=\"twitter:label1\" content=\"Dur\u00e9e de lecture estim\u00e9e\" \/>\n\t<meta name=\"twitter:data1\" content=\"4 minutes\" \/>\n<script type=\"application\/ld+json\" class=\"yoast-schema-graph\">{\"@context\":\"https:\/\/schema.org\",\"@graph\":[{\"@type\":\"WebPage\",\"@id\":\"https:\/\/business.roovi.com\/fr\/puzzle-adulte-1000-pieces-sandro-botticelli-printemps\/p\/\",\"url\":\"https:\/\/business.roovi.com\/fr\/puzzle-adulte-1000-pieces-sandro-botticelli-printemps\/p\/\",\"name\":\"Puzzle adulte 1000 pi\u00e8ces Sandro Botticelli - Printemps\",\"isPartOf\":{\"@id\":\"https:\/\/business.roovi.com\/fr\/#website\"},\"datePublished\":\"2018-04-16T10:56:17+00:00\",\"dateModified\":\"2022-07-13T10:20:51+00:00\",\"description\":\"Puzzle adulte 1000 pi\u00e8ces Sandro Botticelli - Printemps\",\"breadcrumb\":{\"@id\":\"https:\/\/business.roovi.com\/fr\/puzzle-adulte-1000-pieces-sandro-botticelli-printemps\/p\/#breadcrumb\"},\"inLanguage\":\"fr-FR\",\"potentialAction\":[{\"@type\":\"ReadAction\",\"target\":[\"https:\/\/business.roovi.com\/fr\/puzzle-adulte-1000-pieces-sandro-botticelli-printemps\/p\/\"]}]},{\"@type\":\"BreadcrumbList\",\"@id\":\"https:\/\/business.roovi.com\/fr\/puzzle-adulte-1000-pieces-sandro-botticelli-printemps\/p\/#breadcrumb\",\"itemListElement\":[{\"@type\":\"ListItem\",\"position\":1,\"name\":\"Home\",\"item\":\"https:\/\/business.roovi.com\/fr\/\"},{\"@type\":\"ListItem\",\"position\":2,\"name\":\"Boutique\",\"item\":\"https:\/\/business.roovi.com\/fr\/boutique\/\"},{\"@type\":\"ListItem\",\"position\":3,\"name\":\"Puzzle adulte 1000 pi\u00e8ces Sandro Botticelli &#8211; Printemps\"}]},{\"@type\":\"WebSite\",\"@id\":\"https:\/\/business.roovi.com\/fr\/#website\",\"url\":\"https:\/\/business.roovi.com\/fr\/\",\"name\":\"Roovi B2B\",\"description\":\"Roovi Business Website\",\"potentialAction\":[{\"@type\":\"SearchAction\",\"target\":{\"@type\":\"EntryPoint\",\"urlTemplate\":\"https:\/\/business.roovi.com\/fr\/?s={search_term_string}\"},\"query-input\":\"required name=search_term_string\"}],\"inLanguage\":\"fr-FR\"}]}<\/script>\n<!-- \/ Yoast SEO plugin. -->","yoast_head_json":{"title":"Puzzle adulte 1000 pi\u00e8ces Sandro Botticelli - Printemps","description":"Puzzle adulte 1000 pi\u00e8ces Sandro Botticelli - Printemps","robots":{"index":"index","follow":"follow","max-snippet":"max-snippet:-1","max-image-preview":"max-image-preview:large","max-video-preview":"max-video-preview:-1"},"canonical":"https:\/\/business.roovi.com\/fr\/puzzle-adulte-1000-pieces-sandro-botticelli-printemps\/p\/","og_locale":"fr_FR","og_type":"article","og_title":"Puzzle adulte 1000 pi\u00e8ces Sandro Botticelli - Printemps","og_description":"Puzzle adulte 1000 pi\u00e8ces Sandro Botticelli - Printemps","og_url":"https:\/\/business.roovi.com\/fr\/puzzle-adulte-1000-pieces-sandro-botticelli-printemps\/p\/","og_site_name":"Roovi B2B","article_publisher":"https:\/\/www.facebook.com\/wwwjucariero","article_modified_time":"2022-07-13T10:20:51+00:00","og_image":[{"width":1200,"height":1200,"url":"https:\/\/business.roovi.com\/wp-content\/uploads\/2018\/04\/72672-02_ansamblu_dimensiuni_cutie_cm.png","type":"image\/png"}],"twitter_misc":{"Dur\u00e9e de lecture estim\u00e9e":"4 minutes"},"schema":{"@context":"https:\/\/schema.org","@graph":[{"@type":"WebPage","@id":"https:\/\/business.roovi.com\/fr\/puzzle-adulte-1000-pieces-sandro-botticelli-printemps\/p\/","url":"https:\/\/business.roovi.com\/fr\/puzzle-adulte-1000-pieces-sandro-botticelli-printemps\/p\/","name":"Puzzle adulte 1000 pi\u00e8ces Sandro Botticelli - Printemps","isPartOf":{"@id":"https:\/\/business.roovi.com\/fr\/#website"},"datePublished":"2018-04-16T10:56:17+00:00","dateModified":"2022-07-13T10:20:51+00:00","description":"Puzzle adulte 1000 pi\u00e8ces Sandro Botticelli - Printemps","breadcrumb":{"@id":"https:\/\/business.roovi.com\/fr\/puzzle-adulte-1000-pieces-sandro-botticelli-printemps\/p\/#breadcrumb"},"inLanguage":"fr-FR","potentialAction":[{"@type":"ReadAction","target":["https:\/\/business.roovi.com\/fr\/puzzle-adulte-1000-pieces-sandro-botticelli-printemps\/p\/"]}]},{"@type":"BreadcrumbList","@id":"https:\/\/business.roovi.com\/fr\/puzzle-adulte-1000-pieces-sandro-botticelli-printemps\/p\/#breadcrumb","itemListElement":[{"@type":"ListItem","position":1,"name":"Home","item":"https:\/\/business.roovi.com\/fr\/"},{"@type":"ListItem","position":2,"name":"Boutique","item":"https:\/\/business.roovi.com\/fr\/boutique\/"},{"@type":"ListItem","position":3,"name":"Puzzle adulte 1000 pi\u00e8ces Sandro Botticelli &#8211; Printemps"}]},{"@type":"WebSite","@id":"https:\/\/business.roovi.com\/fr\/#website","url":"https:\/\/business.roovi.com\/fr\/","name":"Roovi B2B","description":"Roovi Business Website","potentialAction":[{"@type":"SearchAction","target":{"@type":"EntryPoint","urlTemplate":"https:\/\/business.roovi.com\/fr\/?s={search_term_string}"},"query-input":"required name=search_term_string"}],"inLanguage":"fr-FR"}]}},"_links":{"self":[{"href":"https:\/\/business.roovi.com\/fr\/wp-json\/wp\/v2\/product\/52883","targetHints":{"allow":["GET"]}}],"collection":[{"href":"https:\/\/business.roovi.com\/fr\/wp-json\/wp\/v2\/product"}],"about":[{"href":"https:\/\/business.roovi.com\/fr\/wp-json\/wp\/v2\/types\/product"}],"version-history":[{"count":0,"href":"https:\/\/business.roovi.com\/fr\/wp-json\/wp\/v2\/product\/52883\/revisions"}],"wp:featuredmedia":[{"embeddable":true,"href":"https:\/\/business.roovi.com\/fr\/wp-json\/wp\/v2\/media\/63101"}],"wp:attachment":[{"href":"https:\/\/business.roovi.com\/fr\/wp-json\/wp\/v2\/media?parent=52883"}],"wp:term":[{"taxonomy":"product_brand","embeddable":true,"href":"https:\/\/business.roovi.com\/fr\/wp-json\/wp\/v2\/product_brand?post=52883"},{"taxonomy":"product_cat","embeddable":true,"href":"https:\/\/business.roovi.com\/fr\/wp-json\/wp\/v2\/product_cat?post=52883"},{"taxonomy":"product_tag","embeddable":true,"href":"https:\/\/business.roovi.com\/fr\/wp-json\/wp\/v2\/product_tag?post=52883"}],"curies":[{"name":"wp","href":"https:\/\/api.w.org\/{rel}","templated":true}]}}