{"id":52886,"date":"2018-04-16T10:56:17","date_gmt":"2018-04-16T10:56:17","guid":{"rendered":"https:\/\/business.roovi.com\/puzzle-adulti-1000-piese-leonardo-da-vinci-mona-lisa\/p\/"},"modified":"2022-07-13T10:20:53","modified_gmt":"2022-07-13T10:20:53","slug":"puzzle-adulte-1000-pieces-leonardo-da-vinci-mona-lisa","status":"publish","type":"product","link":"https:\/\/business.roovi.com\/fr\/puzzle-adulte-1000-pieces-leonardo-da-vinci-mona-lisa\/p\/","title":{"rendered":"Puzzle adulte 1000 pi\u00e8ces Leonardo da Vinci &#8211; Mona Lisa"},"content":{"rendered":"<p><span style=\"font-weight: 400;\">Si tu es passionn\u00e9e d&rsquo;art ou si tu veux offrir un cadeau \u00e0 un ami qui est fascin\u00e9 par les tableaux c\u00e9l\u00e8bres, tu es exactement au bon endroit ! Nous avons la plus grande collection de puzzles d&rsquo;art.<\/span><\/p>\n<p><span style=\"font-weight: 400;\">L&rsquo;activit\u00e9 consistant \u00e0 assembler un puzzle est super relaxante et nous le disons par exp\u00e9rience. Si tu veux te d\u00e9connecter du stress quotidien pendant quelques heures (ou plus, cela nous est d\u00e9j\u00e0 arriv\u00e9), nous avons d&rsquo;excellentes recommandations pour toi<\/span><\/p>\n<p><span style=\"font-weight: 400;\">La peinture la plus c\u00e9l\u00e8bre de la s\u00e9rie Renaissance est le portrait de Lisa del Giocondo, alias Mona Lisa. L&rsquo;expression \u00e9nigmatique du sujet, l&rsquo;air myst\u00e9rieux de la peinture donnent des caract\u00e9ristiques uniques \u00e0 ce tableau, Mona Lisa est consid\u00e9r\u00e9e comme l&rsquo;\u0153uvre la plus c\u00e9l\u00e8bre de l&rsquo;histoire de l&rsquo;art. C&rsquo;est aussi probablement le portrait le plus c\u00e9l\u00e8bre jamais peint.<\/span><\/p>\n<p><span style=\"font-weight: 400;\">Laisse-toi emporter dans ce monde myst\u00e9rieux, d\u00e9couvre le chromatisme propre \u00e0 l&rsquo;\u00e9poque. Assemble la Mona Lisa \u00e0 partir de 1000 pi\u00e8ces de puzzle et tu obtiendras une r\u00e9plique de ce chef-d&rsquo;\u0153uvre presque dans sa taille originale ! Voir ci-dessous pour la taille du puzzle assembl\u00e9.<\/span><\/p>\n<p><strong>Mat\u00e9riau du puzzle <\/strong><\/p>\n<p><strong>carton bleu de haute qualit\u00e9<\/strong><\/p>\n<p><strong>des mat\u00e9riaux durables et recyclables<\/strong><\/p>\n<p><strong>finition semi-brillante, couleurs vives<\/strong><\/p>\n<p><strong>Taille du puzzle assembl\u00e9 : 50 x 70 cm. V<\/strong><span style=\"font-weight: 400;\">l faudra une table basse standard pour s&rsquo;adapter au tableau. La peinture originale est de 53x77cm.<\/span><\/p>\n<p><strong>Nombre de pi\u00e8ces de puzzle : 1000<\/strong><\/p>\n<p><strong>\u00c2ge recommand\u00e9 : 14+<\/strong><\/p>\n<p><strong>Les jeux de puzzle d\u00e9veloppent au moins 6 comp\u00e9tences :<\/strong><\/p>\n<p><span style=\"font-weight: 400;\">1. Attention aux d\u00e9tails &#8211; tu te sens comme un vrai d\u00e9tective, \u00e0 la recherche de la bonne pi\u00e8ce<\/span><\/p>\n<p><span style=\"font-weight: 400;\">2. Logique en associant des pi\u00e8ces semblables<\/span><\/p>\n<p><span style=\"font-weight: 400;\">3. Imagination &#8211; d\u00e9couvrir les petits \u00a0\u00bb secrets \u00a0\u00bb cach\u00e9s dans les paysages, les d\u00e9cors<\/span><\/p>\n<p><span style=\"font-weight: 400;\">4. Couleur et sens esth\u00e9tique<\/span><\/p>\n<p><span style=\"font-weight: 400;\">5. Tu apprends \u00e0 ne pas abandonner, m\u00eame lorsque tout semble insoluble<\/span><\/p>\n<p><span style=\"font-weight: 400;\">6. La patience qui aboutira \u00e0 une exp\u00e9rience r\u00e9ussie<\/span><\/p>\n<p><strong>Savais-tu que Mona Lisa existait ?<\/strong><\/p>\n<p><span style=\"font-weight: 400; font-size: 14px; line-height: 14px;\">Un autre nom pour cette peinture est La Gioconda <\/span><\/p>\n<p><span style=\"font-weight: 400; font-size: 14px; line-height: 14px;\">Mona est le diminutif de Madonna.<\/span><\/p>\n<p><span style=\"font-weight: 400;\">Mona Lisa est peinte \u00e0 l&rsquo;huile sur du bois de peuplier.<\/span><\/p>\n<p><span style=\"font-weight: 400;\">Le tableau est actuellement expos\u00e9 au Mus\u00e9e du Louvre \u00e0 Paris.<\/span><\/p>\n<p><span style=\"font-weight: 400;\">En 2014, 9,3 millions de personnes ont visit\u00e9 le Louvre. Selon l&rsquo;ancien directeur, 80 % des gens y sont all\u00e9s juste pour voir le tableau de Mona Lisa.<\/span><\/p>\n<p><strong>Quelques faits sur L\u00e9onard de Vinci<\/strong><\/p>\n<p><span style=\"font-weight: 400;\">Il est n\u00e9 le 15 avril 1452 en Italie.<\/span><\/p>\n<p><span style=\"font-weight: 400;\">Il \u00e9tait dyslexique et ambidextre.<\/span><\/p>\n<p><span style=\"font-weight: 400;\">Il a \u00e9tudi\u00e9 l&rsquo;anatomie, le vol des oiseaux, les insectes, les formes des roches et des nuages, et les effets de l&rsquo;atmosph\u00e8re. Il \u00e9tait peintre, sculpteur, architecte, musicien, ing\u00e9nieur, inventeur, anatomiste, g\u00e9ologue, cartographe, botaniste et \u00e9crivain.<\/span><\/p>\n<p><span style=\"font-weight: 400;\">En tant qu&rsquo;inventeur n\u00e9, il a con\u00e7u des machines volantes, un char, une machine \u00e0 compter et bien d&rsquo;autres.<\/span><\/p>\n<p><span style=\"font-weight: 400;\">Il \u00e9tait v\u00e9g\u00e9tarien. Il \u00e9tait connu pour avoir acquis des oiseaux en cage pour les rel\u00e2cher.<\/span><\/p>\n<p><span style=\"font-weight: 400;\">Outre la Joconde, les \u0153uvres d&rsquo;art les plus c\u00e9l\u00e8bres cr\u00e9\u00e9es par L\u00e9onard de Vinci sont Le Bapt\u00eame du Christ, L&rsquo;Annonciation, La Dame \u00e0 l&rsquo;hermine, La C\u00e8ne.<\/span><\/p>\n<p><strong><\/strong><\/p>\n<p><span style=\"font-weight: 400;\">1. Tu as jusqu&rsquo;\u00e0 30 heures de plaisir relaxant.<\/span><\/p>\n<p><span style=\"font-weight: 400;\">2. D\u00e9couvre les plus petits d\u00e9tails des \u0153uvres d&rsquo;art \u00e9tablies.<\/span><\/p>\n<p><span style=\"font-weight: 400;\">3. Tu approfondis ta connaissance de l&rsquo;art.<\/span><\/p>\n<p><span style=\"font-weight: 400;\">4. Reconstruis de v\u00e9ritables chefs-d&rsquo;\u0153uvre.<\/span><\/p>\n<p><span style=\"font-weight: 400;\">5. D\u00e9core ta maison avec des r\u00e9pliques des peintures de puzzle les plus c\u00e9l\u00e8bres.<\/span><\/p>\n<p><span style=\"font-weight: 400;\">Tu veux avoir ta propre Mona Lisa ? Maintenant, tu peux le faire ! Ach\u00e8te le puzzle d&rsquo;art Leonardo da Vinci &#8211; Mona Lisa, assemble l&rsquo;image, encadre le tableau dans le puzzle de 1000 pi\u00e8ces et admire chaque jour une copie fid\u00e8le du tableau le plus c\u00e9l\u00e8bre du monde. Surprends un \u00eatre cher en lui offrant un puzzle de 1000 pi\u00e8ces de Leonardo da Vinci &#8211; Mona Lisa.<\/span><\/p><\/p>\n","protected":false},"excerpt":{"rendered":"<p>Si tu es passionn\u00e9e d&rsquo;art ou si tu veux offrir un cadeau \u00e0 un ami qui est fascin\u00e9 par les<\/p>\n","protected":false},"featured_media":63284,"template":"","meta":[],"product_brand":[],"product_cat":[2314,2316,2315],"product_tag":[],"class_list":{"0":"post-52886","1":"product","2":"type-product","3":"status-publish","4":"has-post-thumbnail","6":"product_cat-puzzles-fr","7":"product_cat-puzzles-de-1000-pieces","8":"product_cat-puzzles-pour-adultes","9":"pa_bax-10-fr","10":"pa_brand-d_toys-fr","11":"pa_country_of_manufacture-ro-fr","12":"pa_filter_age-14-fr","13":"pa_painter-leonardodavinci-fr","14":"pa_tip_ambalaj-boite","15":"pa_tip_puzzle-classique","17":"first","18":"instock","19":"taxable","20":"shipping-taxable","21":"product-type-simple"},"yoast_head":"<!-- This site is optimized with the Yoast SEO plugin v20.1 - https:\/\/yoast.com\/wordpress\/plugins\/seo\/ -->\n<title>Puzzle adulte 1000 pi\u00e8ces Leonardo da Vinci - Mona Lisa<\/title>\n<meta name=\"description\" content=\"Puzzle adulte 1000 pi\u00e8ces Leonardo da Vinci - Mona Lisa\" \/>\n<meta name=\"robots\" content=\"index, follow, max-snippet:-1, max-image-preview:large, max-video-preview:-1\" \/>\n<link rel=\"canonical\" href=\"https:\/\/business.roovi.com\/fr\/puzzle-adulte-1000-pieces-leonardo-da-vinci-mona-lisa\/p\/\" \/>\n<meta property=\"og:locale\" content=\"fr_FR\" \/>\n<meta property=\"og:type\" content=\"article\" \/>\n<meta property=\"og:title\" content=\"Puzzle adulte 1000 pi\u00e8ces Leonardo da Vinci - Mona Lisa\" \/>\n<meta property=\"og:description\" content=\"Puzzle adulte 1000 pi\u00e8ces Leonardo da Vinci - Mona Lisa\" \/>\n<meta property=\"og:url\" content=\"https:\/\/business.roovi.com\/fr\/puzzle-adulte-1000-pieces-leonardo-da-vinci-mona-lisa\/p\/\" \/>\n<meta property=\"og:site_name\" content=\"Roovi B2B\" \/>\n<meta property=\"article:publisher\" content=\"https:\/\/www.facebook.com\/wwwjucariero\" \/>\n<meta property=\"article:modified_time\" content=\"2022-07-13T10:20:53+00:00\" \/>\n<meta property=\"og:image\" content=\"https:\/\/business.roovi.com\/wp-content\/uploads\/2018\/04\/72689-01_ansamblu_dimensiuni_cutie_cm_1200x1200.png\" \/>\n\t<meta property=\"og:image:width\" content=\"1200\" \/>\n\t<meta property=\"og:image:height\" content=\"1200\" \/>\n\t<meta property=\"og:image:type\" content=\"image\/png\" \/>\n<meta name=\"twitter:label1\" content=\"Dur\u00e9e de lecture estim\u00e9e\" \/>\n\t<meta name=\"twitter:data1\" content=\"3 minutes\" \/>\n<script type=\"application\/ld+json\" class=\"yoast-schema-graph\">{\"@context\":\"https:\/\/schema.org\",\"@graph\":[{\"@type\":\"WebPage\",\"@id\":\"https:\/\/business.roovi.com\/fr\/puzzle-adulte-1000-pieces-leonardo-da-vinci-mona-lisa\/p\/\",\"url\":\"https:\/\/business.roovi.com\/fr\/puzzle-adulte-1000-pieces-leonardo-da-vinci-mona-lisa\/p\/\",\"name\":\"Puzzle adulte 1000 pi\u00e8ces Leonardo da Vinci - Mona Lisa\",\"isPartOf\":{\"@id\":\"https:\/\/business.roovi.com\/fr\/#website\"},\"datePublished\":\"2018-04-16T10:56:17+00:00\",\"dateModified\":\"2022-07-13T10:20:53+00:00\",\"description\":\"Puzzle adulte 1000 pi\u00e8ces Leonardo da Vinci - Mona Lisa\",\"breadcrumb\":{\"@id\":\"https:\/\/business.roovi.com\/fr\/puzzle-adulte-1000-pieces-leonardo-da-vinci-mona-lisa\/p\/#breadcrumb\"},\"inLanguage\":\"fr-FR\",\"potentialAction\":[{\"@type\":\"ReadAction\",\"target\":[\"https:\/\/business.roovi.com\/fr\/puzzle-adulte-1000-pieces-leonardo-da-vinci-mona-lisa\/p\/\"]}]},{\"@type\":\"BreadcrumbList\",\"@id\":\"https:\/\/business.roovi.com\/fr\/puzzle-adulte-1000-pieces-leonardo-da-vinci-mona-lisa\/p\/#breadcrumb\",\"itemListElement\":[{\"@type\":\"ListItem\",\"position\":1,\"name\":\"Home\",\"item\":\"https:\/\/business.roovi.com\/fr\/\"},{\"@type\":\"ListItem\",\"position\":2,\"name\":\"Boutique\",\"item\":\"https:\/\/business.roovi.com\/fr\/boutique\/\"},{\"@type\":\"ListItem\",\"position\":3,\"name\":\"Puzzle adulte 1000 pi\u00e8ces Leonardo da Vinci &#8211; Mona Lisa\"}]},{\"@type\":\"WebSite\",\"@id\":\"https:\/\/business.roovi.com\/fr\/#website\",\"url\":\"https:\/\/business.roovi.com\/fr\/\",\"name\":\"Roovi B2B\",\"description\":\"Roovi Business Website\",\"potentialAction\":[{\"@type\":\"SearchAction\",\"target\":{\"@type\":\"EntryPoint\",\"urlTemplate\":\"https:\/\/business.roovi.com\/fr\/?s={search_term_string}\"},\"query-input\":\"required name=search_term_string\"}],\"inLanguage\":\"fr-FR\"}]}<\/script>\n<!-- \/ Yoast SEO plugin. -->","yoast_head_json":{"title":"Puzzle adulte 1000 pi\u00e8ces Leonardo da Vinci - Mona Lisa","description":"Puzzle adulte 1000 pi\u00e8ces Leonardo da Vinci - Mona Lisa","robots":{"index":"index","follow":"follow","max-snippet":"max-snippet:-1","max-image-preview":"max-image-preview:large","max-video-preview":"max-video-preview:-1"},"canonical":"https:\/\/business.roovi.com\/fr\/puzzle-adulte-1000-pieces-leonardo-da-vinci-mona-lisa\/p\/","og_locale":"fr_FR","og_type":"article","og_title":"Puzzle adulte 1000 pi\u00e8ces Leonardo da Vinci - Mona Lisa","og_description":"Puzzle adulte 1000 pi\u00e8ces Leonardo da Vinci - Mona Lisa","og_url":"https:\/\/business.roovi.com\/fr\/puzzle-adulte-1000-pieces-leonardo-da-vinci-mona-lisa\/p\/","og_site_name":"Roovi B2B","article_publisher":"https:\/\/www.facebook.com\/wwwjucariero","article_modified_time":"2022-07-13T10:20:53+00:00","og_image":[{"width":1200,"height":1200,"url":"https:\/\/business.roovi.com\/wp-content\/uploads\/2018\/04\/72689-01_ansamblu_dimensiuni_cutie_cm_1200x1200.png","type":"image\/png"}],"twitter_misc":{"Dur\u00e9e de lecture estim\u00e9e":"3 minutes"},"schema":{"@context":"https:\/\/schema.org","@graph":[{"@type":"WebPage","@id":"https:\/\/business.roovi.com\/fr\/puzzle-adulte-1000-pieces-leonardo-da-vinci-mona-lisa\/p\/","url":"https:\/\/business.roovi.com\/fr\/puzzle-adulte-1000-pieces-leonardo-da-vinci-mona-lisa\/p\/","name":"Puzzle adulte 1000 pi\u00e8ces Leonardo da Vinci - Mona Lisa","isPartOf":{"@id":"https:\/\/business.roovi.com\/fr\/#website"},"datePublished":"2018-04-16T10:56:17+00:00","dateModified":"2022-07-13T10:20:53+00:00","description":"Puzzle adulte 1000 pi\u00e8ces Leonardo da Vinci - Mona Lisa","breadcrumb":{"@id":"https:\/\/business.roovi.com\/fr\/puzzle-adulte-1000-pieces-leonardo-da-vinci-mona-lisa\/p\/#breadcrumb"},"inLanguage":"fr-FR","potentialAction":[{"@type":"ReadAction","target":["https:\/\/business.roovi.com\/fr\/puzzle-adulte-1000-pieces-leonardo-da-vinci-mona-lisa\/p\/"]}]},{"@type":"BreadcrumbList","@id":"https:\/\/business.roovi.com\/fr\/puzzle-adulte-1000-pieces-leonardo-da-vinci-mona-lisa\/p\/#breadcrumb","itemListElement":[{"@type":"ListItem","position":1,"name":"Home","item":"https:\/\/business.roovi.com\/fr\/"},{"@type":"ListItem","position":2,"name":"Boutique","item":"https:\/\/business.roovi.com\/fr\/boutique\/"},{"@type":"ListItem","position":3,"name":"Puzzle adulte 1000 pi\u00e8ces Leonardo da Vinci &#8211; Mona Lisa"}]},{"@type":"WebSite","@id":"https:\/\/business.roovi.com\/fr\/#website","url":"https:\/\/business.roovi.com\/fr\/","name":"Roovi B2B","description":"Roovi Business Website","potentialAction":[{"@type":"SearchAction","target":{"@type":"EntryPoint","urlTemplate":"https:\/\/business.roovi.com\/fr\/?s={search_term_string}"},"query-input":"required name=search_term_string"}],"inLanguage":"fr-FR"}]}},"_links":{"self":[{"href":"https:\/\/business.roovi.com\/fr\/wp-json\/wp\/v2\/product\/52886","targetHints":{"allow":["GET"]}}],"collection":[{"href":"https:\/\/business.roovi.com\/fr\/wp-json\/wp\/v2\/product"}],"about":[{"href":"https:\/\/business.roovi.com\/fr\/wp-json\/wp\/v2\/types\/product"}],"version-history":[{"count":0,"href":"https:\/\/business.roovi.com\/fr\/wp-json\/wp\/v2\/product\/52886\/revisions"}],"wp:featuredmedia":[{"embeddable":true,"href":"https:\/\/business.roovi.com\/fr\/wp-json\/wp\/v2\/media\/63284"}],"wp:attachment":[{"href":"https:\/\/business.roovi.com\/fr\/wp-json\/wp\/v2\/media?parent=52886"}],"wp:term":[{"taxonomy":"product_brand","embeddable":true,"href":"https:\/\/business.roovi.com\/fr\/wp-json\/wp\/v2\/product_brand?post=52886"},{"taxonomy":"product_cat","embeddable":true,"href":"https:\/\/business.roovi.com\/fr\/wp-json\/wp\/v2\/product_cat?post=52886"},{"taxonomy":"product_tag","embeddable":true,"href":"https:\/\/business.roovi.com\/fr\/wp-json\/wp\/v2\/product_tag?post=52886"}],"curies":[{"name":"wp","href":"https:\/\/api.w.org\/{rel}","templated":true}]}}