{"id":52888,"date":"2018-04-16T10:56:17","date_gmt":"2018-04-16T10:56:17","guid":{"rendered":"https:\/\/business.roovi.com\/puzzle-adulti-1000-piese-pieter-breughel-cel-tanar-summervara\/p\/"},"modified":"2023-02-15T08:56:20","modified_gmt":"2023-02-15T08:56:20","slug":"puzzle-adulte-1000-pieces-pieter-breughel-the-younger-summer-vara","status":"publish","type":"product","link":"https:\/\/business.roovi.com\/fr\/puzzle-adulte-1000-pieces-pieter-breughel-the-younger-summer-vara\/p\/","title":{"rendered":"Puzzle adulte 1000 pi\u00e8ces Pieter Breughel the Younger &#8211; Summer"},"content":{"rendered":"<p><span style=\"font-weight: 400;\">Tu aimerais avoir une copie miniature de l&rsquo;une des peintures de Rembrandt, Botticelli ou autres monstres sacr\u00e9s de la peinture sur ton mur ? Choisis parmi la plus grande gamme de puzzles d&rsquo;art et ton r\u00eave deviendra r\u00e9alit\u00e9 !<\/span><\/p>\n<p><span style=\"font-weight: 400;\">Pieter Brueghel the Younger &#8211; L&rsquo;\u00e9t\u00e9 est \u00e0 port\u00e9e de clic. Commande maintenant ce merveilleux puzzle de 1000 pi\u00e8ces et profite de l&rsquo;image ensoleill\u00e9e et color\u00e9e de la peinture du m\u00eame nom. En assemblant ce merveilleux puzzle, tu obtiendras un tableau de 50 x 70 cm. Tout ce dont tu as besoin pour compl\u00e9ter ta propre \u0153uvre d&rsquo;art est une simple table basse. Nous te donnons plus de d\u00e9tails et de caract\u00e9ristiques du merveilleux puzzle de 1000 pi\u00e8ces ci-dessous :<\/span><\/p>\n<p><span style=\"font-weight: 400;\">Mat\u00e9riau du puzzle <\/span><\/p>\n<p><strong>carton bleu de haute qualit\u00e9<\/strong><\/p>\n<p><strong>des mat\u00e9riaux durables et recyclables<\/strong><\/p>\n<p><strong>finition semi-brillante, couleurs vives<\/strong><\/p>\n<p><span style=\"font-weight: 400;\">Nombre de pi\u00e8ces de puzzle : 1000<\/span><\/p>\n<p><span style=\"font-weight: 400;\">\u00c2ge recommand\u00e9 : 14+<\/span><\/p>\n<p><strong>Tu veux garder ton QI \u00e9lev\u00e9 ? Termine le puzzle de 1000 pi\u00e8ces chaque jour !<\/strong><\/p>\n<p><span style=\"font-weight: 400;\">Ce n&rsquo;est pas une blague, il est scientifiquement prouv\u00e9 qu&rsquo;assembler des puzzles pendant au moins 25 minutes chaque jour permet d&rsquo;augmenter le QI de 4 points. Compl\u00e8te le puzzle de 1000 pi\u00e8ces toi-m\u00eame et vois si les chercheurs ont raison !<\/span><\/p>\n<p><strong>Autres avantages des grands puzzles d&rsquo;art<\/strong><\/p>\n<p><strong>Montre le monde parfait des peintures c\u00e9l\u00e8bres.<\/strong><span style=\"font-weight: 400;\"> Les puzzles de 1000 pi\u00e8ces de notre collection de puzzles d&rsquo;art sont parfaitement r\u00e9alis\u00e9s, pour que tu puisses voir les touches les plus fines des peintures originales. Lorsque la peinture est termin\u00e9e, tu peux admirer l&rsquo;image parfaite pendant des heures.<\/span><\/p>\n<p><strong>Ils font de toi un ma\u00eetre d\u00e9tective dans un monde artistique.<\/strong><span style=\"font-weight: 400;\"> Lorsque tu cherches attentivement chaque pi\u00e8ce du puzzle de 1000 pi\u00e8ces et que tu traces sa place dans l&rsquo;image, tu te sens comme un d\u00e9tective qui cherche des indices pour r\u00e9soudre un myst\u00e8re.<\/span><\/p>\n<p><strong>Il te d\u00e9connecte du monde virtuel <\/strong><span style=\"font-weight: 400;\">Est-ce que tu passes une grande partie de ta vie devant des \u00e9crans ? Il est temps de d\u00e9brancher et de d\u00e9tendre ton esprit ! Termine le puzzle de 1000 pi\u00e8ces et tu sentiras la merveilleuse lib\u00e9ration mentale <\/span><\/p>\n<p><strong>Rapproche-toi de tes proches.<\/strong><span style=\"font-weight: 400;\"> Le jeu de puzzle peut \u00eatre refait non seulement seul, mais aussi en groupe. Avec un \u00eatre cher ou une bande d&rsquo;amis, assembler un puzzle de 1000 pi\u00e8ces devient un v\u00e9ritable plaisir.<\/span><\/p>\n<p><strong>Parlons un peu de Pieter Brueghel le Jeune et de.. <\/strong><strong><em>\u00c9t\u00e9<\/em><\/strong><strong> son \u00e9t\u00e9 !<\/strong><\/p>\n<ul style=\"list-style-type: circle;\">\n<li><span style=\"font-weight: 400;\">Pieter Brueghel le Jeune est la suite de l&rsquo;\u0153uvre de son p\u00e8re, Pieter Breughel l&rsquo;Ancien<\/span><\/li>\n<li><span style=\"font-weight: 400;\">Il a repris plusieurs des th\u00e8mes repr\u00e9sent\u00e9s par son p\u00e8re. Cycle <\/span><em><span style=\"font-weight: 400;\">Saisons<\/span><\/em><span style=\"font-weight: 400;\"> est l&rsquo;un d&rsquo;entre eux.<\/span><\/li>\n<li><em><span style=\"font-weight: 400;\">Saisons<\/span><\/em><span style=\"font-weight: 400;\"> d\u00e9peint la nature cyclique du monde et le passage irr\u00e9versible du temps, \u00e0 travers des activit\u00e9s sp\u00e9cifiques \u00e0 chaque saison.<\/span><\/li>\n<li><span style=\"font-weight: 400;\">Sur <\/span><em><span style=\"font-weight: 400;\">\u00c9t\u00e9<\/span><\/em><span style=\"font-weight: 400;\">l&rsquo;exploitation des routes est l&rsquo;activit\u00e9 principale.<\/span><\/li>\n<li><span style=\"font-weight: 400;\">Il existe 20 versions de cette peinture, mais les diff\u00e9rences entre elles sont minimes.<\/span><\/li>\n<li><span style=\"font-weight: 400;\">Chaque version suit le m\u00eame sch\u00e9ma de composition.<\/span><\/li>\n<\/ul>\n<p><strong>3 raisons de faire le puzzle de 1000 pi\u00e8ces tous les jours<\/strong><\/p>\n<ol>\n<li><span style=\"font-weight: 400;\">Faire des puzzles est une activit\u00e9 r\u00e9cr\u00e9ative qui maintient ton cerveau en bonne sant\u00e9.<\/span><\/li>\n<li><span style=\"font-weight: 400;\">Cela t&rsquo;aide \u00e0 \u00eatre de bonne humeur.<\/span><\/li>\n<li><span style=\"font-weight: 400;\">Cela augmente ton attention aux d\u00e9tails.<\/span><\/li>\n<\/ol>\n<p><span style=\"font-weight: 400;\">Compl\u00e8te ce merveilleux puzzle de 1000 pi\u00e8ces et apporte un peu de l&rsquo;esprit artistique de Pieter Brueghel le Jeune dans ta maison ! Tu passeras un merveilleux moment \u00e0 admirer une r\u00e9plique presque parfaite du tableau <\/span><em><span style=\"font-weight: 400;\">\u00c9t\u00e9<\/span><\/em><span style=\"font-weight: 400;\"> recr\u00e9\u00e9 \u00e0 partir d&rsquo;un puzzle d&rsquo;art.<\/span><\/p>\n<p><span style=\"font-weight: 400;\">Surprends un \u00eatre cher en lui offrant ce merveilleux puzzle de 1000 pi\u00e8ces ! Tu vas certainement ravir une amie avec ce puzzle de la collection de puzzles d&rsquo;art.<\/span><\/p>\n<p>&nbsp;<\/p>\n","protected":false},"excerpt":{"rendered":"<p>Tu aimerais avoir une copie miniature de l&rsquo;une des peintures de Rembrandt, Botticelli ou autres monstres sacr\u00e9s de la peinture<\/p>\n","protected":false},"featured_media":63113,"template":"","meta":[],"product_brand":[],"product_cat":[2314,2315,2316],"product_tag":[],"class_list":{"0":"post-52888","1":"product","2":"type-product","3":"status-publish","4":"has-post-thumbnail","6":"product_cat-puzzles-fr","7":"product_cat-puzzles-pour-adultes","8":"product_cat-puzzles-de-1000-pieces","9":"pa_bax-10-fr","10":"pa_brand-d_toys-fr","11":"pa_country_of_manufacture-ro-fr","12":"pa_filter_age-14-fr","13":"pa_painter-pieterbreugheltheyounger-fr","14":"pa_tip_ambalaj-boite","15":"pa_tip_puzzle-classique","17":"first","18":"instock","19":"taxable","20":"shipping-taxable","21":"product-type-simple"},"yoast_head":"<!-- This site is optimized with the Yoast SEO plugin v20.1 - https:\/\/yoast.com\/wordpress\/plugins\/seo\/ -->\n<title>Puzzle adulte 1000 pi\u00e8ces Pieter Breughel the Younger - Summer\/Vara<\/title>\n<meta name=\"description\" content=\"Puzzle adulte 1000 pi\u00e8ces Pieter Breughel the Younger - Summer\/Vara\" \/>\n<meta name=\"robots\" content=\"index, follow, max-snippet:-1, max-image-preview:large, max-video-preview:-1\" \/>\n<link rel=\"canonical\" href=\"https:\/\/business.roovi.com\/fr\/puzzle-adulte-1000-pieces-pieter-breughel-the-younger-summer-vara\/p\/\" \/>\n<meta property=\"og:locale\" content=\"fr_FR\" \/>\n<meta property=\"og:type\" content=\"article\" \/>\n<meta property=\"og:title\" content=\"Puzzle adulte 1000 pi\u00e8ces Pieter Breughel the Younger - Summer\/Vara\" \/>\n<meta property=\"og:description\" content=\"Puzzle adulte 1000 pi\u00e8ces Pieter Breughel the Younger - Summer\/Vara\" \/>\n<meta property=\"og:url\" content=\"https:\/\/business.roovi.com\/fr\/puzzle-adulte-1000-pieces-pieter-breughel-the-younger-summer-vara\/p\/\" \/>\n<meta property=\"og:site_name\" content=\"Roovi B2B\" \/>\n<meta property=\"article:publisher\" content=\"https:\/\/www.facebook.com\/wwwjucariero\" \/>\n<meta property=\"article:modified_time\" content=\"2023-02-15T08:56:20+00:00\" \/>\n<meta property=\"og:image\" content=\"https:\/\/business.roovi.com\/wp-content\/uploads\/2018\/04\/66947-02_ansamblu_dimensiuni_cutie_cm_1200x1200.png\" \/>\n\t<meta property=\"og:image:width\" content=\"1200\" \/>\n\t<meta property=\"og:image:height\" content=\"1200\" \/>\n\t<meta property=\"og:image:type\" content=\"image\/png\" \/>\n<meta name=\"twitter:label1\" content=\"Dur\u00e9e de lecture estim\u00e9e\" \/>\n\t<meta name=\"twitter:data1\" content=\"4 minutes\" \/>\n<script type=\"application\/ld+json\" class=\"yoast-schema-graph\">{\"@context\":\"https:\/\/schema.org\",\"@graph\":[{\"@type\":\"WebPage\",\"@id\":\"https:\/\/business.roovi.com\/fr\/puzzle-adulte-1000-pieces-pieter-breughel-the-younger-summer-vara\/p\/\",\"url\":\"https:\/\/business.roovi.com\/fr\/puzzle-adulte-1000-pieces-pieter-breughel-the-younger-summer-vara\/p\/\",\"name\":\"Puzzle adulte 1000 pi\u00e8ces Pieter Breughel the Younger - Summer\/Vara\",\"isPartOf\":{\"@id\":\"https:\/\/business.roovi.com\/fr\/#website\"},\"datePublished\":\"2018-04-16T10:56:17+00:00\",\"dateModified\":\"2023-02-15T08:56:20+00:00\",\"description\":\"Puzzle adulte 1000 pi\u00e8ces Pieter Breughel the Younger - Summer\/Vara\",\"breadcrumb\":{\"@id\":\"https:\/\/business.roovi.com\/fr\/puzzle-adulte-1000-pieces-pieter-breughel-the-younger-summer-vara\/p\/#breadcrumb\"},\"inLanguage\":\"fr-FR\",\"potentialAction\":[{\"@type\":\"ReadAction\",\"target\":[\"https:\/\/business.roovi.com\/fr\/puzzle-adulte-1000-pieces-pieter-breughel-the-younger-summer-vara\/p\/\"]}]},{\"@type\":\"BreadcrumbList\",\"@id\":\"https:\/\/business.roovi.com\/fr\/puzzle-adulte-1000-pieces-pieter-breughel-the-younger-summer-vara\/p\/#breadcrumb\",\"itemListElement\":[{\"@type\":\"ListItem\",\"position\":1,\"name\":\"Home\",\"item\":\"https:\/\/business.roovi.com\/fr\/\"},{\"@type\":\"ListItem\",\"position\":2,\"name\":\"Boutique\",\"item\":\"https:\/\/business.roovi.com\/fr\/boutique\/\"},{\"@type\":\"ListItem\",\"position\":3,\"name\":\"Puzzle adulte 1000 pi\u00e8ces Pieter Breughel the Younger &#8211; Summer\"}]},{\"@type\":\"WebSite\",\"@id\":\"https:\/\/business.roovi.com\/fr\/#website\",\"url\":\"https:\/\/business.roovi.com\/fr\/\",\"name\":\"Roovi B2B\",\"description\":\"Roovi Business Website\",\"potentialAction\":[{\"@type\":\"SearchAction\",\"target\":{\"@type\":\"EntryPoint\",\"urlTemplate\":\"https:\/\/business.roovi.com\/fr\/?s={search_term_string}\"},\"query-input\":\"required name=search_term_string\"}],\"inLanguage\":\"fr-FR\"}]}<\/script>\n<!-- \/ Yoast SEO plugin. -->","yoast_head_json":{"title":"Puzzle adulte 1000 pi\u00e8ces Pieter Breughel the Younger - Summer\/Vara","description":"Puzzle adulte 1000 pi\u00e8ces Pieter Breughel the Younger - Summer\/Vara","robots":{"index":"index","follow":"follow","max-snippet":"max-snippet:-1","max-image-preview":"max-image-preview:large","max-video-preview":"max-video-preview:-1"},"canonical":"https:\/\/business.roovi.com\/fr\/puzzle-adulte-1000-pieces-pieter-breughel-the-younger-summer-vara\/p\/","og_locale":"fr_FR","og_type":"article","og_title":"Puzzle adulte 1000 pi\u00e8ces Pieter Breughel the Younger - Summer\/Vara","og_description":"Puzzle adulte 1000 pi\u00e8ces Pieter Breughel the Younger - Summer\/Vara","og_url":"https:\/\/business.roovi.com\/fr\/puzzle-adulte-1000-pieces-pieter-breughel-the-younger-summer-vara\/p\/","og_site_name":"Roovi B2B","article_publisher":"https:\/\/www.facebook.com\/wwwjucariero","article_modified_time":"2023-02-15T08:56:20+00:00","og_image":[{"width":1200,"height":1200,"url":"https:\/\/business.roovi.com\/wp-content\/uploads\/2018\/04\/66947-02_ansamblu_dimensiuni_cutie_cm_1200x1200.png","type":"image\/png"}],"twitter_misc":{"Dur\u00e9e de lecture estim\u00e9e":"4 minutes"},"schema":{"@context":"https:\/\/schema.org","@graph":[{"@type":"WebPage","@id":"https:\/\/business.roovi.com\/fr\/puzzle-adulte-1000-pieces-pieter-breughel-the-younger-summer-vara\/p\/","url":"https:\/\/business.roovi.com\/fr\/puzzle-adulte-1000-pieces-pieter-breughel-the-younger-summer-vara\/p\/","name":"Puzzle adulte 1000 pi\u00e8ces Pieter Breughel the Younger - Summer\/Vara","isPartOf":{"@id":"https:\/\/business.roovi.com\/fr\/#website"},"datePublished":"2018-04-16T10:56:17+00:00","dateModified":"2023-02-15T08:56:20+00:00","description":"Puzzle adulte 1000 pi\u00e8ces Pieter Breughel the Younger - Summer\/Vara","breadcrumb":{"@id":"https:\/\/business.roovi.com\/fr\/puzzle-adulte-1000-pieces-pieter-breughel-the-younger-summer-vara\/p\/#breadcrumb"},"inLanguage":"fr-FR","potentialAction":[{"@type":"ReadAction","target":["https:\/\/business.roovi.com\/fr\/puzzle-adulte-1000-pieces-pieter-breughel-the-younger-summer-vara\/p\/"]}]},{"@type":"BreadcrumbList","@id":"https:\/\/business.roovi.com\/fr\/puzzle-adulte-1000-pieces-pieter-breughel-the-younger-summer-vara\/p\/#breadcrumb","itemListElement":[{"@type":"ListItem","position":1,"name":"Home","item":"https:\/\/business.roovi.com\/fr\/"},{"@type":"ListItem","position":2,"name":"Boutique","item":"https:\/\/business.roovi.com\/fr\/boutique\/"},{"@type":"ListItem","position":3,"name":"Puzzle adulte 1000 pi\u00e8ces Pieter Breughel the Younger &#8211; Summer"}]},{"@type":"WebSite","@id":"https:\/\/business.roovi.com\/fr\/#website","url":"https:\/\/business.roovi.com\/fr\/","name":"Roovi B2B","description":"Roovi Business Website","potentialAction":[{"@type":"SearchAction","target":{"@type":"EntryPoint","urlTemplate":"https:\/\/business.roovi.com\/fr\/?s={search_term_string}"},"query-input":"required name=search_term_string"}],"inLanguage":"fr-FR"}]}},"_links":{"self":[{"href":"https:\/\/business.roovi.com\/fr\/wp-json\/wp\/v2\/product\/52888","targetHints":{"allow":["GET"]}}],"collection":[{"href":"https:\/\/business.roovi.com\/fr\/wp-json\/wp\/v2\/product"}],"about":[{"href":"https:\/\/business.roovi.com\/fr\/wp-json\/wp\/v2\/types\/product"}],"version-history":[{"count":0,"href":"https:\/\/business.roovi.com\/fr\/wp-json\/wp\/v2\/product\/52888\/revisions"}],"wp:featuredmedia":[{"embeddable":true,"href":"https:\/\/business.roovi.com\/fr\/wp-json\/wp\/v2\/media\/63113"}],"wp:attachment":[{"href":"https:\/\/business.roovi.com\/fr\/wp-json\/wp\/v2\/media?parent=52888"}],"wp:term":[{"taxonomy":"product_brand","embeddable":true,"href":"https:\/\/business.roovi.com\/fr\/wp-json\/wp\/v2\/product_brand?post=52888"},{"taxonomy":"product_cat","embeddable":true,"href":"https:\/\/business.roovi.com\/fr\/wp-json\/wp\/v2\/product_cat?post=52888"},{"taxonomy":"product_tag","embeddable":true,"href":"https:\/\/business.roovi.com\/fr\/wp-json\/wp\/v2\/product_tag?post=52888"}],"curies":[{"name":"wp","href":"https:\/\/api.w.org\/{rel}","templated":true}]}}