{"id":52892,"date":"2018-04-16T10:56:17","date_gmt":"2018-04-16T10:56:17","guid":{"rendered":"https:\/\/business.roovi.com\/puzzle-adulti-1000-piese-pieter-breughel-cel-tanar-autumntoamna\/p\/"},"modified":"2023-02-15T09:04:13","modified_gmt":"2023-02-15T09:04:13","slug":"puzzle-adulte-1000-pieces-pieter-breughel-the-younger-autumn-toamna","status":"publish","type":"product","link":"https:\/\/business.roovi.com\/fr\/puzzle-adulte-1000-pieces-pieter-breughel-the-younger-autumn-toamna\/p\/","title":{"rendered":"Puzzle adulte 1000 pi\u00e8ces Pieter Breughel the Younger &#8211; Automne"},"content":{"rendered":"<p><span style=\"font-weight: 400;\">Nous avons cr\u00e9\u00e9 la gamme la plus vari\u00e9e de puzzles pour adultes repr\u00e9sentant des tableaux c\u00e9l\u00e8bres que tu peux avoir pour toi tout seul ! <\/span><\/p>\n<p><span style=\"font-weight: 400;\">Dans cette merveilleuse collection de puzzles d&rsquo;art, tu trouveras de nombreuses images de tableaux d&rsquo;artistes de la dynastie Brueghel. <\/span><em><span style=\"font-weight: 400;\">Saisons <\/span><\/em><span style=\"font-weight: 400;\">est l&rsquo;un d&rsquo;entre eux. Elle comprend les 4 repr\u00e9sentations des \u0153uvres de Pieter Brueghel le Jeune, chacune ayant son propre charme.<\/span><\/p>\n<p><span style=\"font-weight: 400;\">D\u00e9couvre <\/span><em><span style=\"font-weight: 400;\">Automne <\/span><\/em><span style=\"font-weight: 400;\"> le riche et magistral puzzle de 1000 pi\u00e8ces <\/span><span style=\"font-weight: 400;\">Pieter Breughel le Jeune &#8211; Automne! Le tableau repr\u00e9sente les principales occupations des gens du XVIIe si\u00e8cle pendant la saison des r\u00e9coltes : cueillir du raisin ou abriter la route en sont quelques-unes. Tu les admireras tous en compl\u00e9tant cet \u00e9tonnant puzzle pour adultes <\/span><\/p>\n<p><span style=\"font-weight: 400;\">Le tableau que tu peindras toi-m\u00eame \u00e0 partir du puzzle de 1000 pi\u00e8ces est l\u00e9g\u00e8rement plus grand que l&rsquo;original: la taille de l&rsquo;image reconstitu\u00e9e est de 50 x 70 cm et le vrai tableau est de 43 x 59 cm. Tu auras donc besoin d&rsquo;une simple table basse pour te lancer et commencer.<\/span><\/p>\n<p><span style=\"font-weight: 400;\">Voici quelques d\u00e9tails et caract\u00e9ristiques suppl\u00e9mentaires de ce puzzle de 1000 pi\u00e8ces :<\/span><\/p>\n<p><span style=\"font-weight: 400;\">Mat\u00e9riau du puzzle <\/span><\/p>\n<p><strong>carton bleu de haute qualit\u00e9<\/strong><\/p>\n<p><strong>des mat\u00e9riaux durables et recyclables<\/strong><\/p>\n<p><strong>finition semi-brillante, couleurs vives<\/strong><\/p>\n<p><span style=\"font-weight: 400;\">Nombre de pi\u00e8ces de puzzle : 1000<\/span><\/p>\n<p><span style=\"font-weight: 400;\">\u00c2ge recommand\u00e9 : 14+<\/span><\/p>\n<p><strong>Les jeux de puzzle \u00e9loignent la maladie d&rsquo;Alzheimer de ton cerveau !<\/strong><\/p>\n<p><span style=\"font-weight: 400;\">Ce n&rsquo;est pas une blague, c&rsquo;est vrai que les puzzles pour adultes font travailler le cerveau et l&rsquo;aident \u00e0 rester en bonne sant\u00e9, surtout pour les personnes ayant pass\u00e9 la fleur de l&rsquo;\u00e2ge. Mais cet avantage est appr\u00e9ci\u00e9 par toute personne ouverte d&rsquo;esprit et aimant les puzzles.<\/span><\/p>\n<p><span style=\"font-weight: 400;\">De plus, cela t&rsquo;aide \u00e0 :<\/span><\/p>\n<p><strong>Garde ta pression sanguine et ta fr\u00e9quence cardiaque dans des limites normales<\/strong><span style=\"font-weight: 400;\"> &#8211; Lorsque tu fais le puzzle de 1000 pi\u00e8ces, ton esprit est calme et concentr\u00e9 sur le jeu de puzzle, ce qui aide \u00e0 garder tout ton corps, y compris ton c\u0153ur, en \u00e9quilibre.<\/span><\/p>\n<p><strong>Tu am\u00e9liores ta m\u00e9moire <\/strong><span style=\"font-weight: 400;\">Devoir trouver les 1000 bonnes pi\u00e8ces de puzzle et se souvenir de leur place, ainsi que d&rsquo;autres d\u00e9tails de formes ou de couleurs dans l&rsquo;image, est un excellent exercice de m\u00e9moire dont tu b\u00e9n\u00e9ficieras dans d&rsquo;autres activit\u00e9s de la vie quotidienne.<\/span><\/p>\n<p><strong>Tu te d\u00e9connectes des probl\u00e8mes quotidiens <\/strong><span style=\"font-weight: 400;\">Se d\u00e9connecter des soucis quotidiens peut souvent \u00eatre difficile. L&rsquo;activit\u00e9 consistant \u00e0 compl\u00e9ter le puzzle de 1000 pi\u00e8ces est extr\u00eamement b\u00e9n\u00e9fique \u00e0 cet \u00e9gard car elle t&rsquo;aide \u00e0 te lib\u00e9rer de tes soucis sans faire de gros efforts pour y parvenir.<\/span><\/p>\n<p><strong>Apprends de nouvelles choses<\/strong><span style=\"font-weight: 400;\">. Les puzzles \u00e0 th\u00e8me comme les puzzles d&rsquo;art te donnent l&rsquo;occasion de d\u00e9couvrir des choses int\u00e9ressantes sur des th\u00e8mes ou des \u0153uvres d&rsquo;art que tu ne connaissais que par ou\u00ef-dire. En reconstruisant une image artistique \u00e0 partir d&rsquo;un puzzle pour adultes, tu te rapproches de l&rsquo;\u0153uvre d&rsquo;art et la d\u00e9couvre en d\u00e9tail <\/span><\/p>\n<p><strong>Quelques faits concernant Pieter Brueghel le Jeune et <\/strong><strong><em>Automne <\/em><\/strong><\/p>\n<ul style=\"list-style-type: circle;\">\n<li><span style=\"font-weight: 400;\">Pieter Brueghel le Jeune poursuit le travail de son p\u00e8re beaucoup plus c\u00e9l\u00e8bre, Pieter Breughel l&rsquo;Ancien.<\/span><\/li>\n<li><span style=\"font-weight: 400;\">Cycle <\/span><em><span style=\"font-weight: 400;\">Les saisons<\/span><\/em><span style=\"font-weight: 400;\"> est l&rsquo;un des th\u00e8mes que l&rsquo;on retrouve dans l&rsquo;\u0153uvre de Breughel l&rsquo;Ancien et qui est repris par Brueghel le Jeune <\/span><\/li>\n<li><span style=\"font-weight: 400;\">La s\u00e9rie comprend des \u0153uvres repr\u00e9sentatives de chaque saison. Pieter Brueghel le Jeune donne une touche personnelle \u00e0 ces \u0153uvres en introduisant la repr\u00e9sentation d&rsquo;anecdotes propres \u00e0 l&rsquo;\u00e9poque.<\/span><\/li>\n<li><span style=\"font-weight: 400;\">Parmi les professions pr\u00e9sent\u00e9es dans <\/span><em><span style=\"font-weight: 400;\">Automne<\/span><\/em><span style=\"font-weight: 400;\"> est la d\u00e9coupe des porcs et la pr\u00e9paration de la viande qui sera une provision importante pour la saison suivante.<\/span><\/li>\n<\/ul>\n<p><strong>Ce que tu dois savoir d&rsquo;autre sur le puzzle de 1000 pi\u00e8ces..<\/strong><\/p>\n<p><strong>Stimule ton imagination et ta cr\u00e9ativit\u00e9<\/strong><span style=\"font-weight: 400;\"> &#8211; Lorsque tu termines un puzzle artistique de 1000 pi\u00e8ces, tu es transport\u00e9 dans le monde de l&rsquo;art ou tu visualises les mouvements pr\u00e9cis du peintre. Tu ne peux pas faire un puzzle de 1000 pi\u00e8ces sans avoir un sc\u00e9nario en t\u00eate, et c&rsquo;est un excellent exercice de cr\u00e9ativit\u00e9.<\/span><\/p>\n<p><strong>Elle d\u00e9veloppe ta pers\u00e9v\u00e9rance &#8211; <\/strong><span style=\"font-weight: 400;\">Tu te concentres soigneusement et ne peux pas abandonner facilement. C&rsquo;est comme mettre une autre pi\u00e8ce, et une autre, et une autre. Avant que tu ne le saches, la peinture est termin\u00e9e ! Il n&rsquo;a pas \u00e9t\u00e9 facile de compl\u00e9ter cet \u00e9tonnant puzzle de 1000 pi\u00e8ces, mais avec de la pers\u00e9v\u00e9rance, tu y es arriv\u00e9. Tu trouveras cet exercice constant de pers\u00e9v\u00e9rance utile dans d&rsquo;autres aspects de ta vie.<\/span><\/p>\n<p><strong>Cela t&rsquo;apprend \u00e0 travailler en \u00e9quipe.<\/strong><span style=\"font-weight: 400;\"> Les puzzles pour adultes peuvent aussi \u00eatre construits en \u00e9quipe. Plus il y a d&rsquo;enthousiastes, plus vite le puzzle de 1000 pi\u00e8ces sera assembl\u00e9. Le succ\u00e8s est un effort collectif qui te donnera un incroyable sentiment de satisfaction.<\/span><\/p>\n<p><span style=\"font-weight: 400;\">Curieux de savoir ce que \u00e7a fait <\/span><em><span style=\"font-weight: 400;\">Automne <\/span><\/em><span style=\"font-weight: 400;\">de Pieter Breughel le Jeune ? Ach\u00e8te maintenant ce puzzle de 1000 pi\u00e8ces, recr\u00e9e le tableau dans ce merveilleux puzzle d&rsquo;art et profite d&rsquo;un c\u00e9l\u00e8bre tableau <\/span><\/p>\n<p><span style=\"font-weight: 400;\">Si tu veux faire une belle surprise \u00e0 un ami proche, ce jeu de puzzle de la collection de puzzle d&rsquo;art est le choix parfait !<\/span><\/p>\n","protected":false},"excerpt":{"rendered":"<p>Nous avons cr\u00e9\u00e9 la gamme la plus vari\u00e9e de puzzles pour adultes repr\u00e9sentant des tableaux c\u00e9l\u00e8bres que tu peux avoir<\/p>\n","protected":false},"featured_media":63123,"template":"","meta":[],"product_brand":[],"product_cat":[2314,2316,2315],"product_tag":[],"class_list":{"0":"post-52892","1":"product","2":"type-product","3":"status-publish","4":"has-post-thumbnail","6":"product_cat-puzzles-fr","7":"product_cat-puzzles-de-1000-pieces","8":"product_cat-puzzles-pour-adultes","9":"pa_bax-10-fr","10":"pa_brand-d_toys-fr","11":"pa_country_of_manufacture-ro-fr","12":"pa_filter_age-14-fr","13":"pa_painter-pieterbreugheltheyounger-fr","14":"pa_tip_ambalaj-boite","15":"pa_tip_puzzle-classique","17":"first","18":"instock","19":"taxable","20":"shipping-taxable","21":"product-type-simple"},"yoast_head":"<!-- This site is optimized with the Yoast SEO plugin v20.1 - https:\/\/yoast.com\/wordpress\/plugins\/seo\/ -->\n<title>Puzzle adulte 1000 pi\u00e8ces Pieter Breughel the Younger - Autumn\/Toamna<\/title>\n<meta name=\"description\" content=\"Puzzle adulte 1000 pi\u00e8ces Pieter Breughel the Younger - Autumn\/Toamna\" \/>\n<meta name=\"robots\" content=\"index, follow, max-snippet:-1, max-image-preview:large, max-video-preview:-1\" \/>\n<link rel=\"canonical\" href=\"https:\/\/business.roovi.com\/fr\/puzzle-adulte-1000-pieces-pieter-breughel-the-younger-autumn-toamna\/p\/\" \/>\n<meta property=\"og:locale\" content=\"fr_FR\" \/>\n<meta property=\"og:type\" content=\"article\" \/>\n<meta property=\"og:title\" content=\"Puzzle adulte 1000 pi\u00e8ces Pieter Breughel the Younger - Autumn\/Toamna\" \/>\n<meta property=\"og:description\" content=\"Puzzle adulte 1000 pi\u00e8ces Pieter Breughel the Younger - Autumn\/Toamna\" \/>\n<meta property=\"og:url\" content=\"https:\/\/business.roovi.com\/fr\/puzzle-adulte-1000-pieces-pieter-breughel-the-younger-autumn-toamna\/p\/\" \/>\n<meta property=\"og:site_name\" content=\"Roovi B2B\" \/>\n<meta property=\"article:publisher\" content=\"https:\/\/www.facebook.com\/wwwjucariero\" \/>\n<meta property=\"article:modified_time\" content=\"2023-02-15T09:04:13+00:00\" \/>\n<meta property=\"og:image\" content=\"https:\/\/business.roovi.com\/wp-content\/uploads\/2018\/04\/66947-03_ansamblu_dimensiuni_cutie_cm_1200x1200.png\" \/>\n\t<meta property=\"og:image:width\" content=\"1200\" \/>\n\t<meta property=\"og:image:height\" content=\"1200\" \/>\n\t<meta property=\"og:image:type\" content=\"image\/png\" \/>\n<meta name=\"twitter:label1\" content=\"Dur\u00e9e de lecture estim\u00e9e\" \/>\n\t<meta name=\"twitter:data1\" content=\"5 minutes\" \/>\n<script type=\"application\/ld+json\" class=\"yoast-schema-graph\">{\"@context\":\"https:\/\/schema.org\",\"@graph\":[{\"@type\":\"WebPage\",\"@id\":\"https:\/\/business.roovi.com\/fr\/puzzle-adulte-1000-pieces-pieter-breughel-the-younger-autumn-toamna\/p\/\",\"url\":\"https:\/\/business.roovi.com\/fr\/puzzle-adulte-1000-pieces-pieter-breughel-the-younger-autumn-toamna\/p\/\",\"name\":\"Puzzle adulte 1000 pi\u00e8ces Pieter Breughel the Younger - Autumn\/Toamna\",\"isPartOf\":{\"@id\":\"https:\/\/business.roovi.com\/fr\/#website\"},\"datePublished\":\"2018-04-16T10:56:17+00:00\",\"dateModified\":\"2023-02-15T09:04:13+00:00\",\"description\":\"Puzzle adulte 1000 pi\u00e8ces Pieter Breughel the Younger - Autumn\/Toamna\",\"breadcrumb\":{\"@id\":\"https:\/\/business.roovi.com\/fr\/puzzle-adulte-1000-pieces-pieter-breughel-the-younger-autumn-toamna\/p\/#breadcrumb\"},\"inLanguage\":\"fr-FR\",\"potentialAction\":[{\"@type\":\"ReadAction\",\"target\":[\"https:\/\/business.roovi.com\/fr\/puzzle-adulte-1000-pieces-pieter-breughel-the-younger-autumn-toamna\/p\/\"]}]},{\"@type\":\"BreadcrumbList\",\"@id\":\"https:\/\/business.roovi.com\/fr\/puzzle-adulte-1000-pieces-pieter-breughel-the-younger-autumn-toamna\/p\/#breadcrumb\",\"itemListElement\":[{\"@type\":\"ListItem\",\"position\":1,\"name\":\"Home\",\"item\":\"https:\/\/business.roovi.com\/fr\/\"},{\"@type\":\"ListItem\",\"position\":2,\"name\":\"Boutique\",\"item\":\"https:\/\/business.roovi.com\/fr\/boutique\/\"},{\"@type\":\"ListItem\",\"position\":3,\"name\":\"Puzzle adulte 1000 pi\u00e8ces Pieter Breughel the Younger &#8211; Automne\"}]},{\"@type\":\"WebSite\",\"@id\":\"https:\/\/business.roovi.com\/fr\/#website\",\"url\":\"https:\/\/business.roovi.com\/fr\/\",\"name\":\"Roovi B2B\",\"description\":\"Roovi Business Website\",\"potentialAction\":[{\"@type\":\"SearchAction\",\"target\":{\"@type\":\"EntryPoint\",\"urlTemplate\":\"https:\/\/business.roovi.com\/fr\/?s={search_term_string}\"},\"query-input\":\"required name=search_term_string\"}],\"inLanguage\":\"fr-FR\"}]}<\/script>\n<!-- \/ Yoast SEO plugin. -->","yoast_head_json":{"title":"Puzzle adulte 1000 pi\u00e8ces Pieter Breughel the Younger - Autumn\/Toamna","description":"Puzzle adulte 1000 pi\u00e8ces Pieter Breughel the Younger - Autumn\/Toamna","robots":{"index":"index","follow":"follow","max-snippet":"max-snippet:-1","max-image-preview":"max-image-preview:large","max-video-preview":"max-video-preview:-1"},"canonical":"https:\/\/business.roovi.com\/fr\/puzzle-adulte-1000-pieces-pieter-breughel-the-younger-autumn-toamna\/p\/","og_locale":"fr_FR","og_type":"article","og_title":"Puzzle adulte 1000 pi\u00e8ces Pieter Breughel the Younger - Autumn\/Toamna","og_description":"Puzzle adulte 1000 pi\u00e8ces Pieter Breughel the Younger - Autumn\/Toamna","og_url":"https:\/\/business.roovi.com\/fr\/puzzle-adulte-1000-pieces-pieter-breughel-the-younger-autumn-toamna\/p\/","og_site_name":"Roovi B2B","article_publisher":"https:\/\/www.facebook.com\/wwwjucariero","article_modified_time":"2023-02-15T09:04:13+00:00","og_image":[{"width":1200,"height":1200,"url":"https:\/\/business.roovi.com\/wp-content\/uploads\/2018\/04\/66947-03_ansamblu_dimensiuni_cutie_cm_1200x1200.png","type":"image\/png"}],"twitter_misc":{"Dur\u00e9e de lecture estim\u00e9e":"5 minutes"},"schema":{"@context":"https:\/\/schema.org","@graph":[{"@type":"WebPage","@id":"https:\/\/business.roovi.com\/fr\/puzzle-adulte-1000-pieces-pieter-breughel-the-younger-autumn-toamna\/p\/","url":"https:\/\/business.roovi.com\/fr\/puzzle-adulte-1000-pieces-pieter-breughel-the-younger-autumn-toamna\/p\/","name":"Puzzle adulte 1000 pi\u00e8ces Pieter Breughel the Younger - Autumn\/Toamna","isPartOf":{"@id":"https:\/\/business.roovi.com\/fr\/#website"},"datePublished":"2018-04-16T10:56:17+00:00","dateModified":"2023-02-15T09:04:13+00:00","description":"Puzzle adulte 1000 pi\u00e8ces Pieter Breughel the Younger - Autumn\/Toamna","breadcrumb":{"@id":"https:\/\/business.roovi.com\/fr\/puzzle-adulte-1000-pieces-pieter-breughel-the-younger-autumn-toamna\/p\/#breadcrumb"},"inLanguage":"fr-FR","potentialAction":[{"@type":"ReadAction","target":["https:\/\/business.roovi.com\/fr\/puzzle-adulte-1000-pieces-pieter-breughel-the-younger-autumn-toamna\/p\/"]}]},{"@type":"BreadcrumbList","@id":"https:\/\/business.roovi.com\/fr\/puzzle-adulte-1000-pieces-pieter-breughel-the-younger-autumn-toamna\/p\/#breadcrumb","itemListElement":[{"@type":"ListItem","position":1,"name":"Home","item":"https:\/\/business.roovi.com\/fr\/"},{"@type":"ListItem","position":2,"name":"Boutique","item":"https:\/\/business.roovi.com\/fr\/boutique\/"},{"@type":"ListItem","position":3,"name":"Puzzle adulte 1000 pi\u00e8ces Pieter Breughel the Younger &#8211; Automne"}]},{"@type":"WebSite","@id":"https:\/\/business.roovi.com\/fr\/#website","url":"https:\/\/business.roovi.com\/fr\/","name":"Roovi B2B","description":"Roovi Business Website","potentialAction":[{"@type":"SearchAction","target":{"@type":"EntryPoint","urlTemplate":"https:\/\/business.roovi.com\/fr\/?s={search_term_string}"},"query-input":"required name=search_term_string"}],"inLanguage":"fr-FR"}]}},"_links":{"self":[{"href":"https:\/\/business.roovi.com\/fr\/wp-json\/wp\/v2\/product\/52892","targetHints":{"allow":["GET"]}}],"collection":[{"href":"https:\/\/business.roovi.com\/fr\/wp-json\/wp\/v2\/product"}],"about":[{"href":"https:\/\/business.roovi.com\/fr\/wp-json\/wp\/v2\/types\/product"}],"version-history":[{"count":0,"href":"https:\/\/business.roovi.com\/fr\/wp-json\/wp\/v2\/product\/52892\/revisions"}],"wp:featuredmedia":[{"embeddable":true,"href":"https:\/\/business.roovi.com\/fr\/wp-json\/wp\/v2\/media\/63123"}],"wp:attachment":[{"href":"https:\/\/business.roovi.com\/fr\/wp-json\/wp\/v2\/media?parent=52892"}],"wp:term":[{"taxonomy":"product_brand","embeddable":true,"href":"https:\/\/business.roovi.com\/fr\/wp-json\/wp\/v2\/product_brand?post=52892"},{"taxonomy":"product_cat","embeddable":true,"href":"https:\/\/business.roovi.com\/fr\/wp-json\/wp\/v2\/product_cat?post=52892"},{"taxonomy":"product_tag","embeddable":true,"href":"https:\/\/business.roovi.com\/fr\/wp-json\/wp\/v2\/product_tag?post=52892"}],"curies":[{"name":"wp","href":"https:\/\/api.w.org\/{rel}","templated":true}]}}