{"id":52893,"date":"2018-04-16T10:56:17","date_gmt":"2018-04-16T10:56:17","guid":{"rendered":"https:\/\/business.roovi.com\/puzzle-adulti-1000-piese-pieter-breughel-cel-tanar-winteriarna\/p\/"},"modified":"2023-02-15T09:09:04","modified_gmt":"2023-02-15T09:09:04","slug":"puzzle-adulte-1000-pieces-pieter-breughel-the-younger-hiver-iarna","status":"publish","type":"product","link":"https:\/\/business.roovi.com\/fr\/puzzle-adulte-1000-pieces-pieter-breughel-the-younger-hiver-iarna\/p\/","title":{"rendered":"Puzzle adulte 1000 pi\u00e8ces Pieter Breughel the Younger &#8211; Hiver"},"content":{"rendered":"<p><span style=\"font-weight: 400;\">D\u00e9couvre notre collection de puzzles d&rsquo;art, assemble des puzzles de 1000 pi\u00e8ces avec des images repr\u00e9sentant des tableaux c\u00e9l\u00e8bres et ton r\u00eave d&rsquo;avoir une collection d&rsquo;art deviendra r\u00e9alit\u00e9 ! Tu peux cr\u00e9er ta propre collection de puzzles de 1000 pi\u00e8ces avec des \u0153uvres de la Renaissance, du Baroque ou contemporaines.<\/span><\/p>\n<p><span style=\"font-weight: 400;\">Puzzle de 1000 pi\u00e8ces <\/span><span style=\"font-weight: 400;\">Pieter Breughel le Jeune &#8211; Winter pr\u00e9sente en d\u00e9tail les c\u00e9l\u00e8bres tableaux de l&rsquo;artiste <\/span><em><span style=\"font-weight: 400;\">Hiver <\/span><\/em><span style=\"font-weight: 400;\">compl\u00e8te le cycle <\/span><em><span style=\"font-weight: 400;\">Saisons<\/span><\/em><span style=\"font-weight: 400;\"> et ravit le spectateur avec son atmosph\u00e8re festive de conte de f\u00e9es. Profite de cette image enchanteresse en assemblant cet \u00e9tonnant puzzle de 1000 pi\u00e8ces. Installe-toi confortablement devant la table basse de ton salon &#8211; c&rsquo;est tout ce dont tu as besoin pour obtenir le tableau final de 50 x 70 cm &#8211; et commence le travail minutieux qui d\u00e9tendra compl\u00e8tement ton esprit.<\/span><\/p>\n<p><span style=\"font-weight: 400;\">Quelques caract\u00e9ristiques du puzzle de 1000 pi\u00e8ces Pieter Breughel le Jeune &#8211; Hiver:<\/span><\/p>\n<p><strong>Mat\u00e9riau du puzzle <\/strong><\/p>\n<p><strong>carton bleu de haute qualit\u00e9<\/strong><\/p>\n<p><strong>des mat\u00e9riaux durables et recyclables<\/strong><\/p>\n<p><strong>finition semi-brillante, couleurs vives<\/strong><\/p>\n<p><strong>Nombre de pi\u00e8ces de puzzle : 1000<\/strong><\/p>\n<p><strong>\u00c2ge recommand\u00e9 : 14+<\/strong><\/p>\n<p><strong>Le puzzle de 1000 pi\u00e8ces t&rsquo;aide \u00e0 augmenter ta productivit\u00e9<\/strong><\/p>\n<p><span style=\"font-weight: 400;\">Assembler le puzzle est une activit\u00e9 m\u00e9thodique qui demande beaucoup de patience et de pers\u00e9v\u00e9rance. Faire le puzzle de 1000 pi\u00e8ces tous les jours t&rsquo;aidera \u00e0 pratiquer et \u00e0 am\u00e9liorer ces comp\u00e9tences, ce qui t&rsquo;aidera ensuite \u00e0 augmenter ta productivit\u00e9.<\/span><\/p>\n<p><span style=\"font-weight: 400;\">De plus, assembler le puzzle de 1000 pi\u00e8ces t&rsquo;aide \u00e0.. :<\/span><\/p>\n<p><strong>Maintiens ta concentration plus longtemps<\/strong><\/p>\n<p><strong>D\u00e9tendez-vous<\/strong><\/p>\n<p><strong>Am\u00e9liore ta m\u00e9moire<\/strong><\/p>\n<p><strong>Deviens plus cr\u00e9atif<\/strong><\/p>\n<p><strong>Am\u00e9liore ton humeur.<\/strong><\/p>\n<p><strong>Pieter Breughel le Jeune et <\/strong><strong><em>Hiver <\/em><\/strong><strong>son<\/strong> <strong>tr\u00e8s bri\u00e8vement<\/strong><\/p>\n<p><span style=\"font-weight: 400;\">Le peintre fait partie de la c\u00e9l\u00e8bre dynastie Breughel, il est le fils du c\u00e9l\u00e8bre Pieter Breughel l&rsquo;Ancien.<\/span><\/p>\n<p><span style=\"font-weight: 400;\">Seasons est l&rsquo;une des cr\u00e9ations les plus populaires de Pieter Breughel le Jeune.<\/span><\/p>\n<p><span style=\"font-weight: 400;\">La peinture <\/span><em><span style=\"font-weight: 400;\">Hiver<\/span><\/em><span style=\"font-weight: 400;\"> d\u00e9peint le plaisir et le danger de patiner sur des canaux gel\u00e9s.<\/span><\/p>\n<p><span style=\"font-weight: 400;\">Les sc\u00e8nes semblent r\u00e9elles, tir\u00e9es d&rsquo;une journ\u00e9e d&rsquo;hiver ordinaire, ce qui donne au tableau son authenticit\u00e9.<\/span><\/p>\n<p><span style=\"font-weight: 400;\">Si <\/span><strong>Printemps<\/strong> <strong>\u00c9t\u00e9<\/strong><span style=\"font-weight: 400;\"> sont frappantes par leur vision moderne de l&rsquo;espace dans lequel se d\u00e9roulent les activit\u00e9s,<\/span><strong> Hiver<\/strong><em><span style=\"font-weight: 400;\">, <\/span><\/em><strong>Automne<\/strong> <span style=\"font-weight: 400;\">met en \u00e9vidence une vision plut\u00f4t archa\u00efque.<\/span><\/p>\n<p><strong>Les jeux de puzzle &#8211; un merveilleux stimulant pour la confiance<\/strong><\/p>\n<p><span style=\"font-weight: 400;\">Assembler des puzzles de 1000 pi\u00e8ces d\u00e9veloppe le c\u00f4t\u00e9 cr\u00e9atif de ta personnalit\u00e9 ainsi que ton sens de l&rsquo;individualit\u00e9, ce qui entra\u00eene une plus grande estime de soi et un sentiment d&rsquo;accomplissement.<\/span><\/p>\n<p><strong>Assemble des puzzles de 1000 pi\u00e8ces et apprends \u00e0 \u00eatre patient avec toi-m\u00eame <\/strong><\/p>\n<p><span style=\"font-weight: 400;\">Pour compl\u00e9ter le merveilleux puzzle de 1000 pi\u00e8ces, tu dois avoir une bonne strat\u00e9gie et beaucoup de patience. Les puzzles pour adultes pratiquent cette comp\u00e9tence et t&rsquo;aident \u00e0 atteindre tes objectifs.<\/span><\/p>\n<p><strong>Le puzzle de 1000 pi\u00e8ces te rappelle combien il est agr\u00e9able de vivre dans le monde r\u00e9el<\/strong><\/p>\n<p><span style=\"font-weight: 400;\">Fais une pause sur les \u00e9crans et d\u00e9couvre le plaisir d&rsquo;assembler une merveilleuse image \u00e0 partir d&rsquo;un jeu de puzzle ! Construire une strat\u00e9gie, chercher les pi\u00e8ces d&rsquo;un puzzle de 1000 pi\u00e8ces pour trouver celle qui convient, et la satisfaction de la r\u00e9ussite \u00e0 la fin sont des joies simples qui t&rsquo;aideront \u00e0 appr\u00e9cier davantage la vie ordinaire.<\/span><\/p>\n<p><span style=\"font-weight: 400;\">Ach\u00e8te maintenant le merveilleux puzzle d&rsquo;art <\/span><span style=\"font-weight: 400;\">Pieter Breughel le Jeune &#8211; Hiver<\/span><span style=\"font-weight: 400;\">, assemble la photo et admire la repr\u00e9sentation exceptionnelle de l&rsquo;hiver encore et encore ! Mets-toi dans la peau de l&rsquo;artiste et construis un chef-d&rsquo;\u0153uvre \u00e0 partir de ce puzzle de 1000 pi\u00e8ces.<\/span><\/p>\n<p><span style=\"font-weight: 400;\">Compl\u00e8te ta collection d&rsquo;art avec le puzzle de 1000 pi\u00e8ces <\/span><span style=\"font-weight: 400;\">Pieter Breughel le Jeune &#8211; Hiver ou <\/span><span style=\"font-weight: 400;\">surprends un ami avec ce puzzle pour adultes exceptionnel.<\/span><\/p>\n","protected":false},"excerpt":{"rendered":"<p>D\u00e9couvre notre collection de puzzles d&rsquo;art, assemble des puzzles de 1000 pi\u00e8ces avec des images repr\u00e9sentant des tableaux c\u00e9l\u00e8bres et<\/p>\n","protected":false},"featured_media":63129,"template":"","meta":[],"product_brand":[],"product_cat":[2314,2315,2316],"product_tag":[],"class_list":{"0":"post-52893","1":"product","2":"type-product","3":"status-publish","4":"has-post-thumbnail","6":"product_cat-puzzles-fr","7":"product_cat-puzzles-pour-adultes","8":"product_cat-puzzles-de-1000-pieces","9":"pa_bax-10-fr","10":"pa_brand-d_toys-fr","11":"pa_country_of_manufacture-ro-fr","12":"pa_filter_age-14-fr","13":"pa_painter-pieterbreugheltheyounger-fr","14":"pa_tip_ambalaj-boite","15":"pa_tip_puzzle-classique","17":"first","18":"instock","19":"taxable","20":"shipping-taxable","21":"product-type-simple"},"yoast_head":"<!-- This site is optimized with the Yoast SEO plugin v20.1 - https:\/\/yoast.com\/wordpress\/plugins\/seo\/ -->\n<title>Puzzle adulte 1000 pi\u00e8ces Pieter Breughel the Younger - Hiver\/Iarna<\/title>\n<meta name=\"description\" content=\"Puzzle adulte 1000 pi\u00e8ces Pieter Breughel the Younger - Hiver\/Iarna\" \/>\n<meta name=\"robots\" content=\"index, follow, max-snippet:-1, max-image-preview:large, max-video-preview:-1\" \/>\n<link rel=\"canonical\" href=\"https:\/\/business.roovi.com\/fr\/puzzle-adulte-1000-pieces-pieter-breughel-the-younger-hiver-iarna\/p\/\" \/>\n<meta property=\"og:locale\" content=\"fr_FR\" \/>\n<meta property=\"og:type\" content=\"article\" \/>\n<meta property=\"og:title\" content=\"Puzzle adulte 1000 pi\u00e8ces Pieter Breughel the Younger - Hiver\/Iarna\" \/>\n<meta property=\"og:description\" content=\"Puzzle adulte 1000 pi\u00e8ces Pieter Breughel the Younger - Hiver\/Iarna\" \/>\n<meta property=\"og:url\" content=\"https:\/\/business.roovi.com\/fr\/puzzle-adulte-1000-pieces-pieter-breughel-the-younger-hiver-iarna\/p\/\" \/>\n<meta property=\"og:site_name\" content=\"Roovi B2B\" \/>\n<meta property=\"article:publisher\" content=\"https:\/\/www.facebook.com\/wwwjucariero\" \/>\n<meta property=\"article:modified_time\" content=\"2023-02-15T09:09:04+00:00\" \/>\n<meta property=\"og:image\" content=\"https:\/\/business.roovi.com\/wp-content\/uploads\/2018\/04\/66947-04_ansamblu_dimensiuni_cutie_cm.png\" \/>\n\t<meta property=\"og:image:width\" content=\"1200\" \/>\n\t<meta property=\"og:image:height\" content=\"1200\" \/>\n\t<meta property=\"og:image:type\" content=\"image\/png\" \/>\n<meta name=\"twitter:label1\" content=\"Dur\u00e9e de lecture estim\u00e9e\" \/>\n\t<meta name=\"twitter:data1\" content=\"4 minutes\" \/>\n<script type=\"application\/ld+json\" class=\"yoast-schema-graph\">{\"@context\":\"https:\/\/schema.org\",\"@graph\":[{\"@type\":\"WebPage\",\"@id\":\"https:\/\/business.roovi.com\/fr\/puzzle-adulte-1000-pieces-pieter-breughel-the-younger-hiver-iarna\/p\/\",\"url\":\"https:\/\/business.roovi.com\/fr\/puzzle-adulte-1000-pieces-pieter-breughel-the-younger-hiver-iarna\/p\/\",\"name\":\"Puzzle adulte 1000 pi\u00e8ces Pieter Breughel the Younger - Hiver\/Iarna\",\"isPartOf\":{\"@id\":\"https:\/\/business.roovi.com\/fr\/#website\"},\"datePublished\":\"2018-04-16T10:56:17+00:00\",\"dateModified\":\"2023-02-15T09:09:04+00:00\",\"description\":\"Puzzle adulte 1000 pi\u00e8ces Pieter Breughel the Younger - Hiver\/Iarna\",\"breadcrumb\":{\"@id\":\"https:\/\/business.roovi.com\/fr\/puzzle-adulte-1000-pieces-pieter-breughel-the-younger-hiver-iarna\/p\/#breadcrumb\"},\"inLanguage\":\"fr-FR\",\"potentialAction\":[{\"@type\":\"ReadAction\",\"target\":[\"https:\/\/business.roovi.com\/fr\/puzzle-adulte-1000-pieces-pieter-breughel-the-younger-hiver-iarna\/p\/\"]}]},{\"@type\":\"BreadcrumbList\",\"@id\":\"https:\/\/business.roovi.com\/fr\/puzzle-adulte-1000-pieces-pieter-breughel-the-younger-hiver-iarna\/p\/#breadcrumb\",\"itemListElement\":[{\"@type\":\"ListItem\",\"position\":1,\"name\":\"Home\",\"item\":\"https:\/\/business.roovi.com\/fr\/\"},{\"@type\":\"ListItem\",\"position\":2,\"name\":\"Boutique\",\"item\":\"https:\/\/business.roovi.com\/fr\/boutique\/\"},{\"@type\":\"ListItem\",\"position\":3,\"name\":\"Puzzle adulte 1000 pi\u00e8ces Pieter Breughel the Younger &#8211; Hiver\"}]},{\"@type\":\"WebSite\",\"@id\":\"https:\/\/business.roovi.com\/fr\/#website\",\"url\":\"https:\/\/business.roovi.com\/fr\/\",\"name\":\"Roovi B2B\",\"description\":\"Roovi Business Website\",\"potentialAction\":[{\"@type\":\"SearchAction\",\"target\":{\"@type\":\"EntryPoint\",\"urlTemplate\":\"https:\/\/business.roovi.com\/fr\/?s={search_term_string}\"},\"query-input\":\"required name=search_term_string\"}],\"inLanguage\":\"fr-FR\"}]}<\/script>\n<!-- \/ Yoast SEO plugin. -->","yoast_head_json":{"title":"Puzzle adulte 1000 pi\u00e8ces Pieter Breughel the Younger - Hiver\/Iarna","description":"Puzzle adulte 1000 pi\u00e8ces Pieter Breughel the Younger - Hiver\/Iarna","robots":{"index":"index","follow":"follow","max-snippet":"max-snippet:-1","max-image-preview":"max-image-preview:large","max-video-preview":"max-video-preview:-1"},"canonical":"https:\/\/business.roovi.com\/fr\/puzzle-adulte-1000-pieces-pieter-breughel-the-younger-hiver-iarna\/p\/","og_locale":"fr_FR","og_type":"article","og_title":"Puzzle adulte 1000 pi\u00e8ces Pieter Breughel the Younger - Hiver\/Iarna","og_description":"Puzzle adulte 1000 pi\u00e8ces Pieter Breughel the Younger - Hiver\/Iarna","og_url":"https:\/\/business.roovi.com\/fr\/puzzle-adulte-1000-pieces-pieter-breughel-the-younger-hiver-iarna\/p\/","og_site_name":"Roovi B2B","article_publisher":"https:\/\/www.facebook.com\/wwwjucariero","article_modified_time":"2023-02-15T09:09:04+00:00","og_image":[{"width":1200,"height":1200,"url":"https:\/\/business.roovi.com\/wp-content\/uploads\/2018\/04\/66947-04_ansamblu_dimensiuni_cutie_cm.png","type":"image\/png"}],"twitter_misc":{"Dur\u00e9e de lecture estim\u00e9e":"4 minutes"},"schema":{"@context":"https:\/\/schema.org","@graph":[{"@type":"WebPage","@id":"https:\/\/business.roovi.com\/fr\/puzzle-adulte-1000-pieces-pieter-breughel-the-younger-hiver-iarna\/p\/","url":"https:\/\/business.roovi.com\/fr\/puzzle-adulte-1000-pieces-pieter-breughel-the-younger-hiver-iarna\/p\/","name":"Puzzle adulte 1000 pi\u00e8ces Pieter Breughel the Younger - Hiver\/Iarna","isPartOf":{"@id":"https:\/\/business.roovi.com\/fr\/#website"},"datePublished":"2018-04-16T10:56:17+00:00","dateModified":"2023-02-15T09:09:04+00:00","description":"Puzzle adulte 1000 pi\u00e8ces Pieter Breughel the Younger - Hiver\/Iarna","breadcrumb":{"@id":"https:\/\/business.roovi.com\/fr\/puzzle-adulte-1000-pieces-pieter-breughel-the-younger-hiver-iarna\/p\/#breadcrumb"},"inLanguage":"fr-FR","potentialAction":[{"@type":"ReadAction","target":["https:\/\/business.roovi.com\/fr\/puzzle-adulte-1000-pieces-pieter-breughel-the-younger-hiver-iarna\/p\/"]}]},{"@type":"BreadcrumbList","@id":"https:\/\/business.roovi.com\/fr\/puzzle-adulte-1000-pieces-pieter-breughel-the-younger-hiver-iarna\/p\/#breadcrumb","itemListElement":[{"@type":"ListItem","position":1,"name":"Home","item":"https:\/\/business.roovi.com\/fr\/"},{"@type":"ListItem","position":2,"name":"Boutique","item":"https:\/\/business.roovi.com\/fr\/boutique\/"},{"@type":"ListItem","position":3,"name":"Puzzle adulte 1000 pi\u00e8ces Pieter Breughel the Younger &#8211; Hiver"}]},{"@type":"WebSite","@id":"https:\/\/business.roovi.com\/fr\/#website","url":"https:\/\/business.roovi.com\/fr\/","name":"Roovi B2B","description":"Roovi Business Website","potentialAction":[{"@type":"SearchAction","target":{"@type":"EntryPoint","urlTemplate":"https:\/\/business.roovi.com\/fr\/?s={search_term_string}"},"query-input":"required name=search_term_string"}],"inLanguage":"fr-FR"}]}},"_links":{"self":[{"href":"https:\/\/business.roovi.com\/fr\/wp-json\/wp\/v2\/product\/52893","targetHints":{"allow":["GET"]}}],"collection":[{"href":"https:\/\/business.roovi.com\/fr\/wp-json\/wp\/v2\/product"}],"about":[{"href":"https:\/\/business.roovi.com\/fr\/wp-json\/wp\/v2\/types\/product"}],"version-history":[{"count":0,"href":"https:\/\/business.roovi.com\/fr\/wp-json\/wp\/v2\/product\/52893\/revisions"}],"wp:featuredmedia":[{"embeddable":true,"href":"https:\/\/business.roovi.com\/fr\/wp-json\/wp\/v2\/media\/63129"}],"wp:attachment":[{"href":"https:\/\/business.roovi.com\/fr\/wp-json\/wp\/v2\/media?parent=52893"}],"wp:term":[{"taxonomy":"product_brand","embeddable":true,"href":"https:\/\/business.roovi.com\/fr\/wp-json\/wp\/v2\/product_brand?post=52893"},{"taxonomy":"product_cat","embeddable":true,"href":"https:\/\/business.roovi.com\/fr\/wp-json\/wp\/v2\/product_cat?post=52893"},{"taxonomy":"product_tag","embeddable":true,"href":"https:\/\/business.roovi.com\/fr\/wp-json\/wp\/v2\/product_tag?post=52893"}],"curies":[{"name":"wp","href":"https:\/\/api.w.org\/{rel}","templated":true}]}}