{"id":52897,"date":"2018-04-16T10:56:17","date_gmt":"2018-04-16T10:56:17","guid":{"rendered":"https:\/\/business.roovi.com\/puzzle-adulti-1000-piese-gustav-klimt-lady-with-a-fan\/p\/"},"modified":"2022-07-13T10:21:03","modified_gmt":"2022-07-13T10:21:03","slug":"puzzle-adulte-de-1000-pieces-gustav-klimt-dame-avec-un-eventail","status":"publish","type":"product","link":"https:\/\/business.roovi.com\/fr\/puzzle-adulte-de-1000-pieces-gustav-klimt-dame-avec-un-eventail\/p\/","title":{"rendered":"Puzzle adulte de 1000 pi\u00e8ces Gustav Klimt &#8211; Dame avec un \u00e9ventail"},"content":{"rendered":"<p><span style=\"font-weight: 400; line-height: 14px; font-size: 14px;\">Bienvenue dans la plus grande galerie d&rsquo;art de puzzles de 1000 pi\u00e8ces ! Tu peux maintenant regarder de plus pr\u00e8s les chefs-d&rsquo;\u0153uvre des peintres les plus c\u00e9l\u00e8bres du monde. Ach\u00e8te des puzzles d&rsquo;art et cr\u00e9e ta propre collection d&rsquo;art.<\/span><\/p>\n<p><span style=\"font-weight: 400; line-height: 14px; font-size: 14px;\">Gustav Klimt &#8211; Dame \u00e0 l&rsquo;\u00e9ventail puzzle de 1000 pi\u00e8ces apporte la beaut\u00e9 viennoise des \u0153uvres de l&rsquo;artiste talentueux dans ta maison. Dans un d\u00e9cor plein de couleurs vives, une femme myst\u00e9rieuse pose un regard s\u00e9duisant sur le public. Avec sa t\u00eate lev\u00e9e, son \u00e9paule expos\u00e9e et sa poitrine nue cach\u00e9e par un \u00e9ventail, elle semble confiante et s\u00fbre d&rsquo;elle. Avec de la pers\u00e9v\u00e9rance et de la d\u00e9termination, tu peux recr\u00e9er cette magnifique \u0153uvre d&rsquo;art, pleine d&rsquo;\u00e9l\u00e9gance et de couleurs <\/span><\/p>\n<p><span style=\"font-weight: 400; line-height: 14px; font-size: 14px;\">Le puzzle de 1000 pi\u00e8ces de Gustav Klimt &#8211; Dame \u00e0 l&rsquo;\u00e9ventail est fabriqu\u00e9 avec des mat\u00e9riaux de premi\u00e8re qualit\u00e9 pour que tu puisses admirer les plus petits d\u00e9tails de la peinture originale. L&rsquo;image finale mesure 50 x 70 cm et peut \u00eatre assembl\u00e9e \u00e0 l&rsquo;aide d&rsquo;une table basse ordinaire.<\/span><\/p>\n<p><span style=\"font-weight: 400; line-height: 14px; font-size: 14px;\">Autres caract\u00e9ristiques du puzzle artistique :<\/span><\/p>\n<p><span style=\"line-height: 14px; font-size: 14px;\"><strong>Mat\u00e9riau du puzzle <\/strong><\/span><\/p>\n<p><span style=\"line-height: 14px; font-size: 14px;\"><strong>carton bleu de haute qualit\u00e9<\/strong><\/span><\/p>\n<p><span style=\"line-height: 14px; font-size: 14px;\"><strong>des mat\u00e9riaux durables et recyclables<\/strong><\/span><\/p>\n<p><span style=\"line-height: 14px; font-size: 14px;\"><strong>finition semi-brillante, couleurs vives<\/strong><\/span><\/p>\n<p><span style=\"line-height: 14px; font-size: 14px;\"><strong>Nombre de pi\u00e8ces de puzzle : 1000<\/strong><\/span><\/p>\n<p><span style=\"line-height: 14px; font-size: 14px;\"><strong>\u00c2ge recommand\u00e9 : 14+<\/strong><\/span><\/p>\n<p><span style=\"line-height: 14px; font-size: 14px;\"><strong>Les jeux de puzzle am\u00e9liorent ta concentration<\/strong><\/span><\/p>\n<p><span style=\"font-weight: 400; line-height: 14px; font-size: 14px;\">Tu as du mal \u00e0 te concentrer ? Chaque fois que tu veux travailler sur une chose, ton esprit est envahi par des milliers d&rsquo;autres pens\u00e9es et tu perds rapidement ta concentration ? Cela arrive souvent parce que nous sommes tous constamment bombard\u00e9s par des centaines d&rsquo;informations. Pour pouvoir te concentrer sur une seule activit\u00e9, tu dois \u00e9duquer ton esprit \u00e0 se lib\u00e9rer. L&rsquo;activit\u00e9 consistant \u00e0 assembler des puzzles pour adultes t&rsquo;y aide. Les effets sont tr\u00e8s semblables \u00e0 ceux de la m\u00e9ditation.<\/span><\/p>\n<p><span style=\"line-height: 14px; font-size: 14px;\"><strong>Les jeux de puzzle am\u00e9liorent ta capacit\u00e9 \u00e0 r\u00e9soudre des probl\u00e8mes<\/strong><\/span><\/p>\n<p><span style=\"font-weight: 400; line-height: 14px; font-size: 14px;\">Le puzzle de 1000 pi\u00e8ces est&#8230; comme un probl\u00e8me. Une fois que tu commences \u00e0 s\u00e9lectionner des pi\u00e8ces, \u00e0 chercher des bords ou \u00e0 mettre en place diff\u00e9rentes strat\u00e9gies de r\u00e9solution, le probl\u00e8me commence \u00e0 se r\u00e9soudre tout seul, \u00e9tape par \u00e9tape. Cette organisation des \u00e9tapes pour trouver des solutions t&rsquo;aide aussi \u00e0 r\u00e9soudre d&rsquo;autres probl\u00e8mes que tu rencontres au quotidien.<\/span><\/p>\n<p><span style=\"line-height: 14px; font-size: 14px;\"><strong>Les jeux de puzzle am\u00e9liorent ta logique<\/strong><span style=\"font-weight: 400;\">  <\/span><\/span><\/p>\n<p><span style=\"font-weight: 400; line-height: 14px; font-size: 14px;\">Bien qu&rsquo;il ressemble \u00e0 un fouillis de centaines de pi\u00e8ces, le puzzle 1000 est en fait un jeu de logique. L&rsquo;assembler est un bon exercice pour am\u00e9liorer tes comp\u00e9tences en logique.<\/span><\/p>\n<p><span style=\"line-height: 14px; font-size: 14px;\"><strong>Quelques informations sur Gustav Klimt et son \u0153uvre vibrante<\/strong><\/span><\/p>\n<p><span style=\"font-weight: 400; line-height: 14px; font-size: 14px;\">Gr\u00e2ce \u00e0 son art, il a contribu\u00e9 \u00e0 d\u00e9clencher l&rsquo;une des r\u00e9volutions les plus importantes de l&rsquo;histoire de l&rsquo;art.<\/span><\/p>\n<p><span style=\"font-weight: 400; line-height: 14px; font-size: 14px;\">Il a travaill\u00e9 avec ses fr\u00e8res sur l&rsquo;ex\u00e9cution de certains travaux au ch\u00e2teau de Peles.<\/span><\/p>\n<p><span style=\"font-weight: 400; line-height: 14px; font-size: 14px;\">C&rsquo;est l&rsquo;une des deux peintures inachev\u00e9es trouv\u00e9es dans l&rsquo;atelier du peintre apr\u00e8s sa mort <\/span><\/p>\n<p><span style=\"font-weight: 400; line-height: 14px; font-size: 14px;\">Le tableau a \u00e9t\u00e9 retir\u00e9 d&rsquo;Autriche dans des circonstances peu claires apr\u00e8s la mort de l&rsquo;artiste et n&rsquo;a pas \u00e9t\u00e9 vu par le public depuis plus de 100 ans.<\/span><\/p>\n<p><span style=\"font-weight: 400; line-height: 14px; font-size: 14px;\">En 1994, l&rsquo;\u0153uvre a \u00e9t\u00e9 vendue aux ench\u00e8res \u00e0 New York pour la somme fabuleuse de 11,6 millions de dollars.<\/span><\/p>\n<p><span style=\"line-height: 14px; font-size: 14px;\"><strong>Quels sont les avantages des puzzles artistiques ?<\/strong><\/span><\/p>\n<p><span style=\"font-weight: 400; line-height: 14px; font-size: 14px;\">Les puzzles artistiques t&rsquo;aident \u00e0 trouver la beaut\u00e9 dans les choses simples. Et ce n&rsquo;est pas tout. Voici d&rsquo;autres avantages que t&rsquo;apportent ces merveilleux jeux de r\u00e9flexion :<\/span><\/p>\n<ul style=\"list-style-type: circle;\">\n<li><span style=\"font-weight: 400; line-height: 14px; font-size: 14px;\">D\u00e9veloppe ton imagination<\/span><\/li>\n<li><span style=\"font-weight: 400; line-height: 14px; font-size: 14px;\">Ils te donnent l&rsquo;occasion d&rsquo;admirer en d\u00e9tail des \u0153uvres d&rsquo;art \u00e9tablies.<\/span><\/li>\n<li><span style=\"font-weight: 400; line-height: 14px; font-size: 14px;\">Il d\u00e9veloppe ton sens de la couleur.<\/span><\/li>\n<li><span style=\"font-weight: 400; line-height: 14px; font-size: 14px;\">Il t&#8217;emm\u00e8ne dans un nouveau monde artistique que tu n&rsquo;as peut-\u00eatre pas eu l&rsquo;occasion d&rsquo;explorer auparavant.<\/span><\/li>\n<li><span style=\"font-weight: 400; line-height: 14px; font-size: 14px;\">Il t&rsquo;aide \u00e0 te reconnecter avec toi-m\u00eame par le biais de l&rsquo;art.<\/span><\/li>\n<li><span style=\"font-weight: 400; line-height: 14px; font-size: 14px;\">Ils ajoutent de la sophistication \u00e0 ta maison en encadrant et en exposant des tableaux sur les murs.<\/span><\/li>\n<\/ul>\n<p><span style=\"font-weight: 400; line-height: 14px; font-size: 14px;\">L&rsquo;art de Gustav Klimt est stup\u00e9fiant et innovant. Commande le puzzle artistique Gustav Klimt &#8211; Dame \u00e0 l&rsquo;\u00e9ventail maintenant et ressens ces ondes positives. Cr\u00e9e une incroyable collection de puzzles de 1000 pi\u00e8ces et profite de la beaut\u00e9 de l&rsquo;art dans ta maison <\/span><\/p>\n<p><span style=\"font-weight: 400; line-height: 14px; font-size: 14px;\">Surprends tes amis avec des cadeaux uniques en leur offrant le puzzle Gustav Klimt &#8211; Dame \u00e0 l&rsquo;\u00e9ventail de 1000 pi\u00e8ces comme cadeau !<\/span><\/p>\n","protected":false},"excerpt":{"rendered":"<p>Bienvenue dans la plus grande galerie d&rsquo;art de puzzles de 1000 pi\u00e8ces ! Tu peux maintenant regarder de plus pr\u00e8s<\/p>\n","protected":false},"featured_media":47307,"template":"","meta":[],"product_brand":[],"product_cat":[2314,2316,2315],"product_tag":[],"class_list":{"0":"post-52897","1":"product","2":"type-product","3":"status-publish","4":"has-post-thumbnail","6":"product_cat-puzzles-fr","7":"product_cat-puzzles-de-1000-pieces","8":"product_cat-puzzles-pour-adultes","9":"pa_bax-10-fr","10":"pa_brand-d_toys-fr","11":"pa_country_of_manufacture-ro-fr","12":"pa_filter_age-14-fr","13":"pa_painter-gustavklimt-fr","14":"pa_tip_ambalaj-boite","15":"pa_tip_puzzle-classique","17":"first","18":"instock","19":"taxable","20":"shipping-taxable","21":"product-type-simple"},"yoast_head":"<!-- This site is optimized with the Yoast SEO plugin v20.1 - https:\/\/yoast.com\/wordpress\/plugins\/seo\/ -->\n<title>Puzzle adulte de 1000 pi\u00e8ces Gustav Klimt - Dame avec un \u00e9ventail<\/title>\n<meta name=\"description\" content=\"Puzzle adulte de 1000 pi\u00e8ces Gustav Klimt - Dame avec un \u00e9ventail\" \/>\n<meta name=\"robots\" content=\"index, follow, max-snippet:-1, max-image-preview:large, max-video-preview:-1\" \/>\n<link rel=\"canonical\" href=\"https:\/\/business.roovi.com\/fr\/puzzle-adulte-de-1000-pieces-gustav-klimt-dame-avec-un-eventail\/p\/\" \/>\n<meta property=\"og:locale\" content=\"fr_FR\" \/>\n<meta property=\"og:type\" content=\"article\" \/>\n<meta property=\"og:title\" content=\"Puzzle adulte de 1000 pi\u00e8ces Gustav Klimt - Dame avec un \u00e9ventail\" \/>\n<meta property=\"og:description\" content=\"Puzzle adulte de 1000 pi\u00e8ces Gustav Klimt - Dame avec un \u00e9ventail\" \/>\n<meta property=\"og:url\" content=\"https:\/\/business.roovi.com\/fr\/puzzle-adulte-de-1000-pieces-gustav-klimt-dame-avec-un-eventail\/p\/\" \/>\n<meta property=\"og:site_name\" content=\"Roovi B2B\" \/>\n<meta property=\"article:publisher\" content=\"https:\/\/www.facebook.com\/wwwjucariero\" \/>\n<meta property=\"article:modified_time\" content=\"2022-07-13T10:21:03+00:00\" \/>\n<meta property=\"og:image\" content=\"https:\/\/business.roovi.com\/wp-content\/uploads\/2018\/04\/66923-03_ansamblu_dimensiuni_cutie_cm_1200x1200.png\" \/>\n\t<meta property=\"og:image:width\" content=\"1200\" \/>\n\t<meta property=\"og:image:height\" content=\"1200\" \/>\n\t<meta property=\"og:image:type\" content=\"image\/png\" \/>\n<meta name=\"twitter:label1\" content=\"Dur\u00e9e de lecture estim\u00e9e\" \/>\n\t<meta name=\"twitter:data1\" content=\"4 minutes\" \/>\n<script type=\"application\/ld+json\" class=\"yoast-schema-graph\">{\"@context\":\"https:\/\/schema.org\",\"@graph\":[{\"@type\":\"WebPage\",\"@id\":\"https:\/\/business.roovi.com\/fr\/puzzle-adulte-de-1000-pieces-gustav-klimt-dame-avec-un-eventail\/p\/\",\"url\":\"https:\/\/business.roovi.com\/fr\/puzzle-adulte-de-1000-pieces-gustav-klimt-dame-avec-un-eventail\/p\/\",\"name\":\"Puzzle adulte de 1000 pi\u00e8ces Gustav Klimt - Dame avec un \u00e9ventail\",\"isPartOf\":{\"@id\":\"https:\/\/business.roovi.com\/fr\/#website\"},\"datePublished\":\"2018-04-16T10:56:17+00:00\",\"dateModified\":\"2022-07-13T10:21:03+00:00\",\"description\":\"Puzzle adulte de 1000 pi\u00e8ces Gustav Klimt - Dame avec un \u00e9ventail\",\"breadcrumb\":{\"@id\":\"https:\/\/business.roovi.com\/fr\/puzzle-adulte-de-1000-pieces-gustav-klimt-dame-avec-un-eventail\/p\/#breadcrumb\"},\"inLanguage\":\"fr-FR\",\"potentialAction\":[{\"@type\":\"ReadAction\",\"target\":[\"https:\/\/business.roovi.com\/fr\/puzzle-adulte-de-1000-pieces-gustav-klimt-dame-avec-un-eventail\/p\/\"]}]},{\"@type\":\"BreadcrumbList\",\"@id\":\"https:\/\/business.roovi.com\/fr\/puzzle-adulte-de-1000-pieces-gustav-klimt-dame-avec-un-eventail\/p\/#breadcrumb\",\"itemListElement\":[{\"@type\":\"ListItem\",\"position\":1,\"name\":\"Home\",\"item\":\"https:\/\/business.roovi.com\/fr\/\"},{\"@type\":\"ListItem\",\"position\":2,\"name\":\"Boutique\",\"item\":\"https:\/\/business.roovi.com\/fr\/boutique\/\"},{\"@type\":\"ListItem\",\"position\":3,\"name\":\"Puzzle adulte de 1000 pi\u00e8ces Gustav Klimt &#8211; Dame avec un \u00e9ventail\"}]},{\"@type\":\"WebSite\",\"@id\":\"https:\/\/business.roovi.com\/fr\/#website\",\"url\":\"https:\/\/business.roovi.com\/fr\/\",\"name\":\"Roovi B2B\",\"description\":\"Roovi Business Website\",\"potentialAction\":[{\"@type\":\"SearchAction\",\"target\":{\"@type\":\"EntryPoint\",\"urlTemplate\":\"https:\/\/business.roovi.com\/fr\/?s={search_term_string}\"},\"query-input\":\"required name=search_term_string\"}],\"inLanguage\":\"fr-FR\"}]}<\/script>\n<!-- \/ Yoast SEO plugin. -->","yoast_head_json":{"title":"Puzzle adulte de 1000 pi\u00e8ces Gustav Klimt - Dame avec un \u00e9ventail","description":"Puzzle adulte de 1000 pi\u00e8ces Gustav Klimt - Dame avec un \u00e9ventail","robots":{"index":"index","follow":"follow","max-snippet":"max-snippet:-1","max-image-preview":"max-image-preview:large","max-video-preview":"max-video-preview:-1"},"canonical":"https:\/\/business.roovi.com\/fr\/puzzle-adulte-de-1000-pieces-gustav-klimt-dame-avec-un-eventail\/p\/","og_locale":"fr_FR","og_type":"article","og_title":"Puzzle adulte de 1000 pi\u00e8ces Gustav Klimt - Dame avec un \u00e9ventail","og_description":"Puzzle adulte de 1000 pi\u00e8ces Gustav Klimt - Dame avec un \u00e9ventail","og_url":"https:\/\/business.roovi.com\/fr\/puzzle-adulte-de-1000-pieces-gustav-klimt-dame-avec-un-eventail\/p\/","og_site_name":"Roovi B2B","article_publisher":"https:\/\/www.facebook.com\/wwwjucariero","article_modified_time":"2022-07-13T10:21:03+00:00","og_image":[{"width":1200,"height":1200,"url":"https:\/\/business.roovi.com\/wp-content\/uploads\/2018\/04\/66923-03_ansamblu_dimensiuni_cutie_cm_1200x1200.png","type":"image\/png"}],"twitter_misc":{"Dur\u00e9e de lecture estim\u00e9e":"4 minutes"},"schema":{"@context":"https:\/\/schema.org","@graph":[{"@type":"WebPage","@id":"https:\/\/business.roovi.com\/fr\/puzzle-adulte-de-1000-pieces-gustav-klimt-dame-avec-un-eventail\/p\/","url":"https:\/\/business.roovi.com\/fr\/puzzle-adulte-de-1000-pieces-gustav-klimt-dame-avec-un-eventail\/p\/","name":"Puzzle adulte de 1000 pi\u00e8ces Gustav Klimt - Dame avec un \u00e9ventail","isPartOf":{"@id":"https:\/\/business.roovi.com\/fr\/#website"},"datePublished":"2018-04-16T10:56:17+00:00","dateModified":"2022-07-13T10:21:03+00:00","description":"Puzzle adulte de 1000 pi\u00e8ces Gustav Klimt - Dame avec un \u00e9ventail","breadcrumb":{"@id":"https:\/\/business.roovi.com\/fr\/puzzle-adulte-de-1000-pieces-gustav-klimt-dame-avec-un-eventail\/p\/#breadcrumb"},"inLanguage":"fr-FR","potentialAction":[{"@type":"ReadAction","target":["https:\/\/business.roovi.com\/fr\/puzzle-adulte-de-1000-pieces-gustav-klimt-dame-avec-un-eventail\/p\/"]}]},{"@type":"BreadcrumbList","@id":"https:\/\/business.roovi.com\/fr\/puzzle-adulte-de-1000-pieces-gustav-klimt-dame-avec-un-eventail\/p\/#breadcrumb","itemListElement":[{"@type":"ListItem","position":1,"name":"Home","item":"https:\/\/business.roovi.com\/fr\/"},{"@type":"ListItem","position":2,"name":"Boutique","item":"https:\/\/business.roovi.com\/fr\/boutique\/"},{"@type":"ListItem","position":3,"name":"Puzzle adulte de 1000 pi\u00e8ces Gustav Klimt &#8211; Dame avec un \u00e9ventail"}]},{"@type":"WebSite","@id":"https:\/\/business.roovi.com\/fr\/#website","url":"https:\/\/business.roovi.com\/fr\/","name":"Roovi B2B","description":"Roovi Business Website","potentialAction":[{"@type":"SearchAction","target":{"@type":"EntryPoint","urlTemplate":"https:\/\/business.roovi.com\/fr\/?s={search_term_string}"},"query-input":"required name=search_term_string"}],"inLanguage":"fr-FR"}]}},"_links":{"self":[{"href":"https:\/\/business.roovi.com\/fr\/wp-json\/wp\/v2\/product\/52897","targetHints":{"allow":["GET"]}}],"collection":[{"href":"https:\/\/business.roovi.com\/fr\/wp-json\/wp\/v2\/product"}],"about":[{"href":"https:\/\/business.roovi.com\/fr\/wp-json\/wp\/v2\/types\/product"}],"version-history":[{"count":0,"href":"https:\/\/business.roovi.com\/fr\/wp-json\/wp\/v2\/product\/52897\/revisions"}],"wp:featuredmedia":[{"embeddable":true,"href":"https:\/\/business.roovi.com\/fr\/wp-json\/wp\/v2\/media\/47307"}],"wp:attachment":[{"href":"https:\/\/business.roovi.com\/fr\/wp-json\/wp\/v2\/media?parent=52897"}],"wp:term":[{"taxonomy":"product_brand","embeddable":true,"href":"https:\/\/business.roovi.com\/fr\/wp-json\/wp\/v2\/product_brand?post=52897"},{"taxonomy":"product_cat","embeddable":true,"href":"https:\/\/business.roovi.com\/fr\/wp-json\/wp\/v2\/product_cat?post=52897"},{"taxonomy":"product_tag","embeddable":true,"href":"https:\/\/business.roovi.com\/fr\/wp-json\/wp\/v2\/product_tag?post=52897"}],"curies":[{"name":"wp","href":"https:\/\/api.w.org\/{rel}","templated":true}]}}