{"id":52899,"date":"2018-04-16T10:56:17","date_gmt":"2018-04-16T10:56:17","guid":{"rendered":"https:\/\/business.roovi.com\/puzzle-adulti-1000-piese-gustav-klimt-the-virginfecioara\/p\/"},"modified":"2023-02-15T08:01:13","modified_gmt":"2023-02-15T08:01:13","slug":"puzzle-adulte-de-1000-pieces-gustav-klimt-la-vierge-fecioara","status":"publish","type":"product","link":"https:\/\/business.roovi.com\/fr\/puzzle-adulte-de-1000-pieces-gustav-klimt-la-vierge-fecioara\/p\/","title":{"rendered":"Puzzle adulte de 1000 pi\u00e8ces Gustav Klimt &#8211; La Vierge"},"content":{"rendered":"<p><span style=\"font-weight: 400;\">Assemble des puzzles de 1000 pi\u00e8ces et admire les chefs-d&rsquo;\u0153uvre d&rsquo;art cr\u00e9\u00e9s de tes propres mains !<\/span><\/p>\n<p><span style=\"font-weight: 400;\">L&rsquo;une de ces \u0153uvres d&rsquo;art peut \u00eatre le puzzle de 1000 pi\u00e8ces Gustav Klimt &#8211; La Vierge\/Feucioara. La peinture traite de diff\u00e9rents th\u00e8mes repr\u00e9sent\u00e9s sous forme cyclique : amour, sexualit\u00e9, r\u00e9g\u00e9n\u00e9ration. Six femmes sont repr\u00e9sent\u00e9es entrelac\u00e9es les unes aux autres, chacune repr\u00e9sentant une \u00e9tape de la vie <\/span><\/p>\n<p><span style=\"font-weight: 400;\">Cela te semble-t-il difficile de recr\u00e9er cette peinture m\u00e9morable \u00e0 partir de 1000 pi\u00e8ces ? Pas du tout, si tu mets ta pers\u00e9v\u00e9rance \u00e0 l&rsquo;\u00e9preuve et que tu \u00e9tablis la strat\u00e9gie parfaite. Rapproche ta table basse du salon &#8211; elle est parfaite pour le tableau de 50 x 70 cm que tu obtiendras de ce puzzle color\u00e9 de 1000 pi\u00e8ces &#8211; et mets-toi au travail !<\/span><\/p>\n<p><span style=\"font-weight: 400;\">Lisez plus sur Gustav Klimt &#8211; La Vierge puzzle d&rsquo;art ci-dessous<\/span><\/p>\n<p><strong>Mat\u00e9riau du puzzle <\/strong><\/p>\n<p><strong>carton bleu de haute qualit\u00e9<\/strong><\/p>\n<p><strong>des mat\u00e9riaux durables et recyclables<\/strong><\/p>\n<p><strong>finition semi-brillante, couleurs vives<\/strong><\/p>\n<p><strong>Nombre de pi\u00e8ces de puzzle : 1000<\/strong><\/p>\n<p><strong>\u00c2ge recommand\u00e9 : 14+<\/strong><\/p>\n<p><strong>Les jeux de puzzle offrent de multiples possibilit\u00e9s de d\u00e9tente et de d\u00e9veloppement<\/strong><\/p>\n<p><span style=\"font-weight: 400;\">Les puzzles pour adultes sont un excellent moyen de se d\u00e9tendre et de se relaxer. De plus, ils t&rsquo;offrent de nombreux autres avantages, notamment :<\/span><\/p>\n<ul>\n<li><span style=\"font-weight: 400;\">D\u00e9veloppe ton imagination<\/span><\/li>\n<li><span style=\"font-weight: 400;\">Am\u00e9liorer la m\u00e9moire et la perception<\/span><\/li>\n<li><span style=\"font-weight: 400;\">D\u00e9veloppement logique<\/span><\/li>\n<li><span style=\"font-weight: 400;\">Am\u00e9liorer l&rsquo;intelligence visuelle spatiale<\/span><\/li>\n<li><span style=\"font-weight: 400;\">Entra\u00eenement \u00e0 l&rsquo;attention.<\/span><\/li>\n<\/ul>\n<p><strong>\u00c0 propos de <\/strong><strong><em>\u00ab\u00a0<\/em><\/strong><strong><em>Vierge<\/em><\/strong><strong><em>\u00ab\u00a0<\/em><\/strong><strong> la \u00ab\u00a0Vierge\u00a0\u00bb de Klimt, tu le savais ?<\/strong><\/p>\n<p><span style=\"font-weight: 400;\">C&rsquo;est une peinture qui refl\u00e8te le style Art Nouveau et a des dimensions impressionnantes de 200 x 190 cm.<\/span><\/p>\n<p><span style=\"font-weight: 400;\">La peinture repr\u00e9sente divers symboles tels que la fertilit\u00e9, la femme \u00e0 plusieurs stades de l&rsquo;\u00e2ge, l&rsquo;\u00e9volution continue du monde. Certains auteurs consid\u00e8rent m\u00eame que le spectacle du d\u00e9sir et du plaisir sexuel tel qu&rsquo;il est montr\u00e9 dans cette \u0153uvre peut \u00eatre consid\u00e9r\u00e9 comme une force sociale, politique et culturelle <\/span><\/p>\n<p><span style=\"font-weight: 400;\">Gustav Klimt est un artiste qui a apport\u00e9 une contribution extraordinaire \u00e0 la lib\u00e9ration des femmes et au retour sur le devant de la sc\u00e8ne de la base \u00e9rotique perdue. De son vivant, le peintre a critiqu\u00e9 les m\u0153urs culturelles d\u00e9pass\u00e9es de la soci\u00e9t\u00e9.<\/span><\/p>\n<p><span style=\"font-weight: 400;\">Une entreprise de bijoux autrichienne a \u00e9t\u00e9 inspir\u00e9e par la peinture <\/span><em><span style=\"font-weight: 400;\">\u00ab\u00a0<\/span><\/em><em><span style=\"font-weight: 400;\">Virgin<\/span><\/em><em><span style=\"font-weight: 400;\">\u00a0\u00bb <\/span><\/em><span style=\"font-weight: 400;\">et a cr\u00e9\u00e9 une collection de bijoux en hommage au travail de l&rsquo;artiste.<\/span><\/p>\n<p><span style=\"font-weight: 400;\">Malgr\u00e9 la renomm\u00e9e de Gustav Klimt aujourd&rsquo;hui, l&rsquo;artiste a suscit\u00e9 de nombreuses controverses de son vivant. Ses contemporains consid\u00e9raient ses \u0153uvres comme obsc\u00e8nes, et plusieurs de ses peintures ont \u00e9t\u00e9 interdites en raison de leur contenu \u00e9rotique.<\/span><\/p>\n<p><strong>Les jeux de puzzle connectent les gens<\/strong><\/p>\n<p><span style=\"font-weight: 400;\">L&rsquo;un des avantages incroyables que te procurent les jeux de r\u00e9flexion est qu&rsquo;ils rapprochent les gens. Transforme un puzzle de 1000 pi\u00e8ces en jeu de soci\u00e9t\u00e9 et cr\u00e9e une \u0153uvre remarquable avec tes proches. Ensemble, vous \u00eates plus forts et passer du temps ensemble sera une exp\u00e9rience m\u00e9morable.<\/span><\/p>\n<p><span style=\"font-weight: 400;\">Sors de ta zone de confort et entre dans un \u00e9tat de relaxation incroyable avec le puzzle artistique Gustav Klimt &#8211; La Vierge. Ach\u00e8te ce puzzle de 1000 pi\u00e8ces et cr\u00e9e ta propre \u0153uvre d&rsquo;art dans des couleurs vives. Offre ce jeu de puzzle \u00e0 un ami proche ou \u00e0 un \u00eatre cher de ta famille<\/span><\/p>\n","protected":false},"excerpt":{"rendered":"<p>Assemble des puzzles de 1000 pi\u00e8ces et admire les chefs-d&rsquo;\u0153uvre d&rsquo;art cr\u00e9\u00e9s de tes propres mains ! L&rsquo;une de ces<\/p>\n","protected":false},"featured_media":47314,"template":"","meta":[],"product_brand":[],"product_cat":[2314,2315,2316],"product_tag":[],"class_list":{"0":"post-52899","1":"product","2":"type-product","3":"status-publish","4":"has-post-thumbnail","6":"product_cat-puzzles-fr","7":"product_cat-puzzles-pour-adultes","8":"product_cat-puzzles-de-1000-pieces","9":"pa_bax-10-fr","10":"pa_brand-d_toys-fr","11":"pa_country_of_manufacture-ro-fr","12":"pa_filter_age-14-fr","13":"pa_painter-gustavklimt-fr","14":"pa_tip_ambalaj-boite","15":"pa_tip_puzzle-classique","17":"first","18":"instock","19":"taxable","20":"shipping-taxable","21":"product-type-simple"},"yoast_head":"<!-- This site is optimized with the Yoast SEO plugin v20.1 - https:\/\/yoast.com\/wordpress\/plugins\/seo\/ -->\n<title>Puzzle adulte de 1000 pi\u00e8ces Gustav Klimt - La Vierge\/Fecioara<\/title>\n<meta name=\"description\" content=\"Puzzle adulte de 1000 pi\u00e8ces Gustav Klimt - La Vierge\/Fecioara\" \/>\n<meta name=\"robots\" content=\"index, follow, max-snippet:-1, max-image-preview:large, max-video-preview:-1\" \/>\n<link rel=\"canonical\" href=\"https:\/\/business.roovi.com\/fr\/puzzle-adulte-de-1000-pieces-gustav-klimt-la-vierge-fecioara\/p\/\" \/>\n<meta property=\"og:locale\" content=\"fr_FR\" \/>\n<meta property=\"og:type\" content=\"article\" \/>\n<meta property=\"og:title\" content=\"Puzzle adulte de 1000 pi\u00e8ces Gustav Klimt - La Vierge\/Fecioara\" \/>\n<meta property=\"og:description\" content=\"Puzzle adulte de 1000 pi\u00e8ces Gustav Klimt - La Vierge\/Fecioara\" \/>\n<meta property=\"og:url\" content=\"https:\/\/business.roovi.com\/fr\/puzzle-adulte-de-1000-pieces-gustav-klimt-la-vierge-fecioara\/p\/\" \/>\n<meta property=\"og:site_name\" content=\"Roovi B2B\" \/>\n<meta property=\"article:publisher\" content=\"https:\/\/www.facebook.com\/wwwjucariero\" \/>\n<meta property=\"article:modified_time\" content=\"2023-02-15T08:01:13+00:00\" \/>\n<meta property=\"og:image\" content=\"https:\/\/business.roovi.com\/wp-content\/uploads\/2018\/04\/66923-05_ansamblu_dimensiuni_cutie_cm_1200x1200.png\" \/>\n\t<meta property=\"og:image:width\" content=\"1200\" \/>\n\t<meta property=\"og:image:height\" content=\"1200\" \/>\n\t<meta property=\"og:image:type\" content=\"image\/png\" \/>\n<meta name=\"twitter:label1\" content=\"Dur\u00e9e de lecture estim\u00e9e\" \/>\n\t<meta name=\"twitter:data1\" content=\"3 minutes\" \/>\n<script type=\"application\/ld+json\" class=\"yoast-schema-graph\">{\"@context\":\"https:\/\/schema.org\",\"@graph\":[{\"@type\":\"WebPage\",\"@id\":\"https:\/\/business.roovi.com\/fr\/puzzle-adulte-de-1000-pieces-gustav-klimt-la-vierge-fecioara\/p\/\",\"url\":\"https:\/\/business.roovi.com\/fr\/puzzle-adulte-de-1000-pieces-gustav-klimt-la-vierge-fecioara\/p\/\",\"name\":\"Puzzle adulte de 1000 pi\u00e8ces Gustav Klimt - La Vierge\/Fecioara\",\"isPartOf\":{\"@id\":\"https:\/\/business.roovi.com\/fr\/#website\"},\"datePublished\":\"2018-04-16T10:56:17+00:00\",\"dateModified\":\"2023-02-15T08:01:13+00:00\",\"description\":\"Puzzle adulte de 1000 pi\u00e8ces Gustav Klimt - La Vierge\/Fecioara\",\"breadcrumb\":{\"@id\":\"https:\/\/business.roovi.com\/fr\/puzzle-adulte-de-1000-pieces-gustav-klimt-la-vierge-fecioara\/p\/#breadcrumb\"},\"inLanguage\":\"fr-FR\",\"potentialAction\":[{\"@type\":\"ReadAction\",\"target\":[\"https:\/\/business.roovi.com\/fr\/puzzle-adulte-de-1000-pieces-gustav-klimt-la-vierge-fecioara\/p\/\"]}]},{\"@type\":\"BreadcrumbList\",\"@id\":\"https:\/\/business.roovi.com\/fr\/puzzle-adulte-de-1000-pieces-gustav-klimt-la-vierge-fecioara\/p\/#breadcrumb\",\"itemListElement\":[{\"@type\":\"ListItem\",\"position\":1,\"name\":\"Home\",\"item\":\"https:\/\/business.roovi.com\/fr\/\"},{\"@type\":\"ListItem\",\"position\":2,\"name\":\"Boutique\",\"item\":\"https:\/\/business.roovi.com\/fr\/boutique\/\"},{\"@type\":\"ListItem\",\"position\":3,\"name\":\"Puzzle adulte de 1000 pi\u00e8ces Gustav Klimt &#8211; La Vierge\"}]},{\"@type\":\"WebSite\",\"@id\":\"https:\/\/business.roovi.com\/fr\/#website\",\"url\":\"https:\/\/business.roovi.com\/fr\/\",\"name\":\"Roovi B2B\",\"description\":\"Roovi Business Website\",\"potentialAction\":[{\"@type\":\"SearchAction\",\"target\":{\"@type\":\"EntryPoint\",\"urlTemplate\":\"https:\/\/business.roovi.com\/fr\/?s={search_term_string}\"},\"query-input\":\"required name=search_term_string\"}],\"inLanguage\":\"fr-FR\"}]}<\/script>\n<!-- \/ Yoast SEO plugin. -->","yoast_head_json":{"title":"Puzzle adulte de 1000 pi\u00e8ces Gustav Klimt - La Vierge\/Fecioara","description":"Puzzle adulte de 1000 pi\u00e8ces Gustav Klimt - La Vierge\/Fecioara","robots":{"index":"index","follow":"follow","max-snippet":"max-snippet:-1","max-image-preview":"max-image-preview:large","max-video-preview":"max-video-preview:-1"},"canonical":"https:\/\/business.roovi.com\/fr\/puzzle-adulte-de-1000-pieces-gustav-klimt-la-vierge-fecioara\/p\/","og_locale":"fr_FR","og_type":"article","og_title":"Puzzle adulte de 1000 pi\u00e8ces Gustav Klimt - La Vierge\/Fecioara","og_description":"Puzzle adulte de 1000 pi\u00e8ces Gustav Klimt - La Vierge\/Fecioara","og_url":"https:\/\/business.roovi.com\/fr\/puzzle-adulte-de-1000-pieces-gustav-klimt-la-vierge-fecioara\/p\/","og_site_name":"Roovi B2B","article_publisher":"https:\/\/www.facebook.com\/wwwjucariero","article_modified_time":"2023-02-15T08:01:13+00:00","og_image":[{"width":1200,"height":1200,"url":"https:\/\/business.roovi.com\/wp-content\/uploads\/2018\/04\/66923-05_ansamblu_dimensiuni_cutie_cm_1200x1200.png","type":"image\/png"}],"twitter_misc":{"Dur\u00e9e de lecture estim\u00e9e":"3 minutes"},"schema":{"@context":"https:\/\/schema.org","@graph":[{"@type":"WebPage","@id":"https:\/\/business.roovi.com\/fr\/puzzle-adulte-de-1000-pieces-gustav-klimt-la-vierge-fecioara\/p\/","url":"https:\/\/business.roovi.com\/fr\/puzzle-adulte-de-1000-pieces-gustav-klimt-la-vierge-fecioara\/p\/","name":"Puzzle adulte de 1000 pi\u00e8ces Gustav Klimt - La Vierge\/Fecioara","isPartOf":{"@id":"https:\/\/business.roovi.com\/fr\/#website"},"datePublished":"2018-04-16T10:56:17+00:00","dateModified":"2023-02-15T08:01:13+00:00","description":"Puzzle adulte de 1000 pi\u00e8ces Gustav Klimt - La Vierge\/Fecioara","breadcrumb":{"@id":"https:\/\/business.roovi.com\/fr\/puzzle-adulte-de-1000-pieces-gustav-klimt-la-vierge-fecioara\/p\/#breadcrumb"},"inLanguage":"fr-FR","potentialAction":[{"@type":"ReadAction","target":["https:\/\/business.roovi.com\/fr\/puzzle-adulte-de-1000-pieces-gustav-klimt-la-vierge-fecioara\/p\/"]}]},{"@type":"BreadcrumbList","@id":"https:\/\/business.roovi.com\/fr\/puzzle-adulte-de-1000-pieces-gustav-klimt-la-vierge-fecioara\/p\/#breadcrumb","itemListElement":[{"@type":"ListItem","position":1,"name":"Home","item":"https:\/\/business.roovi.com\/fr\/"},{"@type":"ListItem","position":2,"name":"Boutique","item":"https:\/\/business.roovi.com\/fr\/boutique\/"},{"@type":"ListItem","position":3,"name":"Puzzle adulte de 1000 pi\u00e8ces Gustav Klimt &#8211; La Vierge"}]},{"@type":"WebSite","@id":"https:\/\/business.roovi.com\/fr\/#website","url":"https:\/\/business.roovi.com\/fr\/","name":"Roovi B2B","description":"Roovi Business Website","potentialAction":[{"@type":"SearchAction","target":{"@type":"EntryPoint","urlTemplate":"https:\/\/business.roovi.com\/fr\/?s={search_term_string}"},"query-input":"required name=search_term_string"}],"inLanguage":"fr-FR"}]}},"_links":{"self":[{"href":"https:\/\/business.roovi.com\/fr\/wp-json\/wp\/v2\/product\/52899","targetHints":{"allow":["GET"]}}],"collection":[{"href":"https:\/\/business.roovi.com\/fr\/wp-json\/wp\/v2\/product"}],"about":[{"href":"https:\/\/business.roovi.com\/fr\/wp-json\/wp\/v2\/types\/product"}],"version-history":[{"count":0,"href":"https:\/\/business.roovi.com\/fr\/wp-json\/wp\/v2\/product\/52899\/revisions"}],"wp:featuredmedia":[{"embeddable":true,"href":"https:\/\/business.roovi.com\/fr\/wp-json\/wp\/v2\/media\/47314"}],"wp:attachment":[{"href":"https:\/\/business.roovi.com\/fr\/wp-json\/wp\/v2\/media?parent=52899"}],"wp:term":[{"taxonomy":"product_brand","embeddable":true,"href":"https:\/\/business.roovi.com\/fr\/wp-json\/wp\/v2\/product_brand?post=52899"},{"taxonomy":"product_cat","embeddable":true,"href":"https:\/\/business.roovi.com\/fr\/wp-json\/wp\/v2\/product_cat?post=52899"},{"taxonomy":"product_tag","embeddable":true,"href":"https:\/\/business.roovi.com\/fr\/wp-json\/wp\/v2\/product_tag?post=52899"}],"curies":[{"name":"wp","href":"https:\/\/api.w.org\/{rel}","templated":true}]}}