{"id":52902,"date":"2018-04-16T10:56:17","date_gmt":"2018-04-16T10:56:17","guid":{"rendered":"https:\/\/business.roovi.com\/puzzle-adulti-1000-piese-gustav-klimt-adele-bloch-bauer-i\/p\/"},"modified":"2022-07-13T10:21:08","modified_gmt":"2022-07-13T10:21:08","slug":"puzzle-gustav-klimt-adulte-1000-pieces-adele-bloch-bauer-i","status":"publish","type":"product","link":"https:\/\/business.roovi.com\/fr\/puzzle-gustav-klimt-adulte-1000-pieces-adele-bloch-bauer-i\/p\/","title":{"rendered":"Puzzle Gustav Klimt adulte 1000 pi\u00e8ces &#8211; Adele Bloch-Bauer I."},"content":{"rendered":"<p><span style=\"font-weight: 400;\">Notre collection de puzzles d&rsquo;art comprend des puzzles pour adultes qui raviront tes sens une fois que tu les auras assembl\u00e9s. Relevez le d\u00e9fi, reconstruisez les images et profitez de peintures d&rsquo;art \u00e9tonnantes !<\/span><\/p>\n<p><span style=\"font-weight: 400;\">Une dame sensuelle et dor\u00e9e dans un tableau fascinant de l&rsquo;artiste Gustav Klimt transpos\u00e9 dans un puzzle de 1000 pi\u00e8ces est notre recommandation pour toi. Le portrait d&rsquo;Adele Bloch-Bauer I. est l&rsquo;une des peintures les plus c\u00e9l\u00e8bres de l&rsquo;artiste autrichien. Adele est cens\u00e9e avoir \u00e9t\u00e9 la ma\u00eetresse de Klimt, et il semble que l&rsquo;artiste ait entrepris plus de pr\u00e9paration pour cette \u0153uvre que pour toutes ses autres. Et ce qu&rsquo;il a trouv\u00e9 placerait son nom parmi les grands peintres du monde <\/span><\/p>\n<p><span style=\"font-weight: 400;\">Tu as maintenant la possibilit\u00e9 de poss\u00e9der une superbe copie de la magnifique peinture de Klimt. Recr\u00e9e l&rsquo;image du puzzle de 1000 pi\u00e8ces Gustav Klimt &#8211; Portrait d&rsquo;Adele Bloch-Bauer I. et embellit ta maison avec un objet d\u00e9coratif sp\u00e9cial. Tu peux utiliser une table basse standard pour l&rsquo;assembler car l&rsquo;image finale mesure 50 x 70 cm.<\/span><\/p>\n<p><span style=\"font-weight: 400;\">Autres caract\u00e9ristiques du puzzle artistique Gustav Klimt &#8211; Portrait d&rsquo;Adele Bloch-Bauer I :<\/span><\/p>\n<p><strong>Mat\u00e9riau du puzzle <\/strong><\/p>\n<p><strong>carton bleu de haute qualit\u00e9<\/strong><\/p>\n<p><strong>des mat\u00e9riaux durables et recyclables<\/strong><\/p>\n<p><strong>finition semi-brillante, couleurs vives<\/strong><\/p>\n<p><strong>Nombre de pi\u00e8ces de puzzle : 1000<\/strong><\/p>\n<p><strong>\u00c2ge recommand\u00e9 : 14+<\/strong><\/p>\n<p><strong>Les avantages \u00e9tonnants des jeux de puzzle<\/strong><\/p>\n<p><span style=\"font-weight: 400;\">Nous savons que tu aimes les puzzles pour adultes, et nous voulons te parler des avantages que tu peux tirer de ce passe-temps :<\/span><\/p>\n<p><strong>Il t&rsquo;aide \u00e0 am\u00e9liorer tes comp\u00e9tences en mati\u00e8re de r\u00e9solution de probl\u00e8mes<\/strong><span style=\"font-weight: 400;\">. Les puzzles de 1000 pi\u00e8ces sont juste \u00e7a&#8230; des probl\u00e8mes. Relaxantes et intuitives, elles t&rsquo;aident \u00e0 mettre toutes tes comp\u00e9tences \u00e0 l&rsquo;\u00e9preuve et \u00e0 trouver la solution. Cet exercice t&rsquo;aidera aussi dans d&rsquo;autres situations probl\u00e9matiques dont il est beaucoup plus facile de se sortir.<\/span><\/p>\n<p><strong>Cela entra\u00eene ton cerveau.<\/strong><span style=\"font-weight: 400;\"> L&rsquo;activit\u00e9 consistant \u00e0 assembler des puzzles engage les h\u00e9misph\u00e8res droit et gauche du cerveau et constitue un entra\u00eenement complet pour ton cerveau.<\/span><\/p>\n<p><strong>Ils am\u00e9liorent ta m\u00e9moire <\/strong><span style=\"font-weight: 400;\">Se souvenir des formes des pi\u00e8ces, ainsi que choisir les bons endroits pour chaque pi\u00e8ce du puzzle 1000, est un bon exercice de m\u00e9moire.<\/span><\/p>\n<p><strong>Cela t&rsquo;aide \u00e0 te socialiser <\/strong><span style=\"font-weight: 400;\">Les jeux de puzzle peuvent \u00eatre transform\u00e9s en jeux de soci\u00e9t\u00e9 que tu peux appr\u00e9cier en famille ou entre amis. En travaillant en \u00e9quipe et en ayant un objectif commun, vous communiquerez et vous vous comprendrez beaucoup mieux, et cette activit\u00e9 est id\u00e9ale pour resserrer les liens et comprendre tes proches.<\/span><\/p>\n<p><strong>7 faits int\u00e9ressants sur le Portrait d&rsquo;Adele Bloch-Bauer I.<\/strong><\/p>\n<p><span style=\"font-weight: 400;\">1. La peinture est \u00e9galement connue sous le nom de <\/span><span style=\"font-weight: 400;\">\u00ab\u00a0Dame en or\u00a0\u00bb ou \u00ab\u00a0Femme en or\u00a0\u00bb.<\/span><\/p>\n<p><span style=\"font-weight: 400;\">2. C&rsquo;est l&rsquo;\u0153uvre finale et le chef d&rsquo;\u0153uvre de l&rsquo;\u00e2ge d&rsquo;or de Gustav Klimt.<\/span><\/p>\n<p><span style=\"font-weight: 400;\">3. L&rsquo;\u0153uvre a \u00e9t\u00e9 ex\u00e9cut\u00e9e \u00e0 la demande de Ferdinand Bloch-Bauer, le mari d&rsquo;Adele.<\/span><\/p>\n<p><span style=\"font-weight: 400;\">4. Klimt a dessin\u00e9 plus de 100 croquis pr\u00e9paratoires pour le portrait, dont beaucoup ont \u00e9t\u00e9 achet\u00e9s par Ferdinand.<\/span><\/p>\n<p><span style=\"font-weight: 400;\">5. Adele Bloch-Bauer est la seule personne que Klimt a peinte deux fois.<\/span><\/p>\n<p><span style=\"font-weight: 400;\">6. En 1941, la peinture a \u00e9t\u00e9 vol\u00e9e par les nazis et expos\u00e9e \u00e0 la \u00d6sterreichische Galerie Belvedere.<\/span><\/p>\n<p><span style=\"font-weight: 400;\">7. En 2006, elle a \u00e9t\u00e9 vendue pour la somme fabuleuse de 135 millions de dollars.<\/span><\/p>\n<p><strong>Jeux de puzzle et&#8230; bonheur<\/strong><\/p>\n<p><span style=\"font-weight: 400;\">Assembler des puzzles pour adultes te d\u00e9tend et te rend plus heureux. Et ce n&rsquo;est pas une simple figure de style, mais une preuve scientifique : pendant cette activit\u00e9, le cerveau s\u00e9cr\u00e8te plus de dopamine, une substance responsable du sentiment de bien-\u00eatre, de l&rsquo;optimisme et du bonheur. Alors, mets les jeux de puzzle ensemble et sois heureux !<\/span><\/p>\n<p><span style=\"font-weight: 400;\">Ach\u00e8te maintenant Gustav Klimt Art Puzzle &#8211; Portrait d&rsquo;Adele Bloch-Bauer I. et fais l&rsquo;exp\u00e9rience de la paix et du bonheur ! Assemble ce merveilleux puzzle de 1000 pi\u00e8ces de la collection de puzzles d&rsquo;art et cr\u00e9e un chef-d&rsquo;\u0153uvre d&rsquo;art parfait. Si tu cherches un cadeau pour un amateur de puzzle, \u00e9pate-le avec ce puzzle pour adulte Gustav Klimt &#8211; Portrait d&rsquo;Adele Bloch-Bauer I.<\/span><\/p><\/p>\n","protected":false},"excerpt":{"rendered":"<p>Notre collection de puzzles d&rsquo;art comprend des puzzles pour adultes qui raviront tes sens une fois que tu les auras<\/p>\n","protected":false},"featured_media":47321,"template":"","meta":[],"product_brand":[],"product_cat":[2314,2316,2315],"product_tag":[],"class_list":{"0":"post-52902","1":"product","2":"type-product","3":"status-publish","4":"has-post-thumbnail","6":"product_cat-puzzles-fr","7":"product_cat-puzzles-de-1000-pieces","8":"product_cat-puzzles-pour-adultes","9":"pa_bax-10-fr","10":"pa_brand-d_toys-fr","11":"pa_country_of_manufacture-ro-fr","12":"pa_filter_age-14-fr","13":"pa_painter-gustavklimt-fr","14":"pa_tip_ambalaj-boite","15":"pa_tip_puzzle-classique","17":"first","18":"instock","19":"taxable","20":"shipping-taxable","21":"product-type-simple"},"yoast_head":"<!-- This site is optimized with the Yoast SEO plugin v20.1 - https:\/\/yoast.com\/wordpress\/plugins\/seo\/ -->\n<title>Puzzle Gustav Klimt adulte 1000 pi\u00e8ces - Adele Bloch-Bauer I.<\/title>\n<meta name=\"description\" content=\"Puzzle Gustav Klimt adulte 1000 pi\u00e8ces - Adele Bloch-Bauer I.\" \/>\n<meta name=\"robots\" content=\"index, follow, max-snippet:-1, max-image-preview:large, max-video-preview:-1\" \/>\n<link rel=\"canonical\" href=\"https:\/\/business.roovi.com\/fr\/puzzle-gustav-klimt-adulte-1000-pieces-adele-bloch-bauer-i\/p\/\" \/>\n<meta property=\"og:locale\" content=\"fr_FR\" \/>\n<meta property=\"og:type\" content=\"article\" \/>\n<meta property=\"og:title\" content=\"Puzzle Gustav Klimt adulte 1000 pi\u00e8ces - Adele Bloch-Bauer I.\" \/>\n<meta property=\"og:description\" content=\"Puzzle Gustav Klimt adulte 1000 pi\u00e8ces - Adele Bloch-Bauer I.\" \/>\n<meta property=\"og:url\" content=\"https:\/\/business.roovi.com\/fr\/puzzle-gustav-klimt-adulte-1000-pieces-adele-bloch-bauer-i\/p\/\" \/>\n<meta property=\"og:site_name\" content=\"Roovi B2B\" \/>\n<meta property=\"article:publisher\" content=\"https:\/\/www.facebook.com\/wwwjucariero\" \/>\n<meta property=\"article:modified_time\" content=\"2022-07-13T10:21:08+00:00\" \/>\n<meta property=\"og:image\" content=\"https:\/\/business.roovi.com\/wp-content\/uploads\/2018\/04\/66923-06_ansamblu_dimensiuni_cutie_cm_1200x1200.png\" \/>\n\t<meta property=\"og:image:width\" content=\"1200\" \/>\n\t<meta property=\"og:image:height\" content=\"1200\" \/>\n\t<meta property=\"og:image:type\" content=\"image\/png\" \/>\n<meta name=\"twitter:label1\" content=\"Dur\u00e9e de lecture estim\u00e9e\" \/>\n\t<meta name=\"twitter:data1\" content=\"3 minutes\" \/>\n<script type=\"application\/ld+json\" class=\"yoast-schema-graph\">{\"@context\":\"https:\/\/schema.org\",\"@graph\":[{\"@type\":\"WebPage\",\"@id\":\"https:\/\/business.roovi.com\/fr\/puzzle-gustav-klimt-adulte-1000-pieces-adele-bloch-bauer-i\/p\/\",\"url\":\"https:\/\/business.roovi.com\/fr\/puzzle-gustav-klimt-adulte-1000-pieces-adele-bloch-bauer-i\/p\/\",\"name\":\"Puzzle Gustav Klimt adulte 1000 pi\u00e8ces - Adele Bloch-Bauer I.\",\"isPartOf\":{\"@id\":\"https:\/\/business.roovi.com\/fr\/#website\"},\"datePublished\":\"2018-04-16T10:56:17+00:00\",\"dateModified\":\"2022-07-13T10:21:08+00:00\",\"description\":\"Puzzle Gustav Klimt adulte 1000 pi\u00e8ces - Adele Bloch-Bauer I.\",\"breadcrumb\":{\"@id\":\"https:\/\/business.roovi.com\/fr\/puzzle-gustav-klimt-adulte-1000-pieces-adele-bloch-bauer-i\/p\/#breadcrumb\"},\"inLanguage\":\"fr-FR\",\"potentialAction\":[{\"@type\":\"ReadAction\",\"target\":[\"https:\/\/business.roovi.com\/fr\/puzzle-gustav-klimt-adulte-1000-pieces-adele-bloch-bauer-i\/p\/\"]}]},{\"@type\":\"BreadcrumbList\",\"@id\":\"https:\/\/business.roovi.com\/fr\/puzzle-gustav-klimt-adulte-1000-pieces-adele-bloch-bauer-i\/p\/#breadcrumb\",\"itemListElement\":[{\"@type\":\"ListItem\",\"position\":1,\"name\":\"Home\",\"item\":\"https:\/\/business.roovi.com\/fr\/\"},{\"@type\":\"ListItem\",\"position\":2,\"name\":\"Boutique\",\"item\":\"https:\/\/business.roovi.com\/fr\/boutique\/\"},{\"@type\":\"ListItem\",\"position\":3,\"name\":\"Puzzle Gustav Klimt adulte 1000 pi\u00e8ces &#8211; Adele Bloch-Bauer I.\"}]},{\"@type\":\"WebSite\",\"@id\":\"https:\/\/business.roovi.com\/fr\/#website\",\"url\":\"https:\/\/business.roovi.com\/fr\/\",\"name\":\"Roovi B2B\",\"description\":\"Roovi Business Website\",\"potentialAction\":[{\"@type\":\"SearchAction\",\"target\":{\"@type\":\"EntryPoint\",\"urlTemplate\":\"https:\/\/business.roovi.com\/fr\/?s={search_term_string}\"},\"query-input\":\"required name=search_term_string\"}],\"inLanguage\":\"fr-FR\"}]}<\/script>\n<!-- \/ Yoast SEO plugin. -->","yoast_head_json":{"title":"Puzzle Gustav Klimt adulte 1000 pi\u00e8ces - Adele Bloch-Bauer I.","description":"Puzzle Gustav Klimt adulte 1000 pi\u00e8ces - Adele Bloch-Bauer I.","robots":{"index":"index","follow":"follow","max-snippet":"max-snippet:-1","max-image-preview":"max-image-preview:large","max-video-preview":"max-video-preview:-1"},"canonical":"https:\/\/business.roovi.com\/fr\/puzzle-gustav-klimt-adulte-1000-pieces-adele-bloch-bauer-i\/p\/","og_locale":"fr_FR","og_type":"article","og_title":"Puzzle Gustav Klimt adulte 1000 pi\u00e8ces - Adele Bloch-Bauer I.","og_description":"Puzzle Gustav Klimt adulte 1000 pi\u00e8ces - Adele Bloch-Bauer I.","og_url":"https:\/\/business.roovi.com\/fr\/puzzle-gustav-klimt-adulte-1000-pieces-adele-bloch-bauer-i\/p\/","og_site_name":"Roovi B2B","article_publisher":"https:\/\/www.facebook.com\/wwwjucariero","article_modified_time":"2022-07-13T10:21:08+00:00","og_image":[{"width":1200,"height":1200,"url":"https:\/\/business.roovi.com\/wp-content\/uploads\/2018\/04\/66923-06_ansamblu_dimensiuni_cutie_cm_1200x1200.png","type":"image\/png"}],"twitter_misc":{"Dur\u00e9e de lecture estim\u00e9e":"3 minutes"},"schema":{"@context":"https:\/\/schema.org","@graph":[{"@type":"WebPage","@id":"https:\/\/business.roovi.com\/fr\/puzzle-gustav-klimt-adulte-1000-pieces-adele-bloch-bauer-i\/p\/","url":"https:\/\/business.roovi.com\/fr\/puzzle-gustav-klimt-adulte-1000-pieces-adele-bloch-bauer-i\/p\/","name":"Puzzle Gustav Klimt adulte 1000 pi\u00e8ces - Adele Bloch-Bauer I.","isPartOf":{"@id":"https:\/\/business.roovi.com\/fr\/#website"},"datePublished":"2018-04-16T10:56:17+00:00","dateModified":"2022-07-13T10:21:08+00:00","description":"Puzzle Gustav Klimt adulte 1000 pi\u00e8ces - Adele Bloch-Bauer I.","breadcrumb":{"@id":"https:\/\/business.roovi.com\/fr\/puzzle-gustav-klimt-adulte-1000-pieces-adele-bloch-bauer-i\/p\/#breadcrumb"},"inLanguage":"fr-FR","potentialAction":[{"@type":"ReadAction","target":["https:\/\/business.roovi.com\/fr\/puzzle-gustav-klimt-adulte-1000-pieces-adele-bloch-bauer-i\/p\/"]}]},{"@type":"BreadcrumbList","@id":"https:\/\/business.roovi.com\/fr\/puzzle-gustav-klimt-adulte-1000-pieces-adele-bloch-bauer-i\/p\/#breadcrumb","itemListElement":[{"@type":"ListItem","position":1,"name":"Home","item":"https:\/\/business.roovi.com\/fr\/"},{"@type":"ListItem","position":2,"name":"Boutique","item":"https:\/\/business.roovi.com\/fr\/boutique\/"},{"@type":"ListItem","position":3,"name":"Puzzle Gustav Klimt adulte 1000 pi\u00e8ces &#8211; Adele Bloch-Bauer I."}]},{"@type":"WebSite","@id":"https:\/\/business.roovi.com\/fr\/#website","url":"https:\/\/business.roovi.com\/fr\/","name":"Roovi B2B","description":"Roovi Business Website","potentialAction":[{"@type":"SearchAction","target":{"@type":"EntryPoint","urlTemplate":"https:\/\/business.roovi.com\/fr\/?s={search_term_string}"},"query-input":"required name=search_term_string"}],"inLanguage":"fr-FR"}]}},"_links":{"self":[{"href":"https:\/\/business.roovi.com\/fr\/wp-json\/wp\/v2\/product\/52902","targetHints":{"allow":["GET"]}}],"collection":[{"href":"https:\/\/business.roovi.com\/fr\/wp-json\/wp\/v2\/product"}],"about":[{"href":"https:\/\/business.roovi.com\/fr\/wp-json\/wp\/v2\/types\/product"}],"version-history":[{"count":0,"href":"https:\/\/business.roovi.com\/fr\/wp-json\/wp\/v2\/product\/52902\/revisions"}],"wp:featuredmedia":[{"embeddable":true,"href":"https:\/\/business.roovi.com\/fr\/wp-json\/wp\/v2\/media\/47321"}],"wp:attachment":[{"href":"https:\/\/business.roovi.com\/fr\/wp-json\/wp\/v2\/media?parent=52902"}],"wp:term":[{"taxonomy":"product_brand","embeddable":true,"href":"https:\/\/business.roovi.com\/fr\/wp-json\/wp\/v2\/product_brand?post=52902"},{"taxonomy":"product_cat","embeddable":true,"href":"https:\/\/business.roovi.com\/fr\/wp-json\/wp\/v2\/product_cat?post=52902"},{"taxonomy":"product_tag","embeddable":true,"href":"https:\/\/business.roovi.com\/fr\/wp-json\/wp\/v2\/product_tag?post=52902"}],"curies":[{"name":"wp","href":"https:\/\/api.w.org\/{rel}","templated":true}]}}