{"id":52905,"date":"2018-04-16T10:56:17","date_gmt":"2018-04-16T10:56:17","guid":{"rendered":"https:\/\/business.roovi.com\/puzzle-adulti-vincent-van-gogh-irisesirisi-1000-piese\/p\/"},"modified":"2023-02-15T06:36:19","modified_gmt":"2023-02-15T06:36:19","slug":"puzzle-adulte-1000-pieces-vincent-van-gogh-irises-irisi","status":"publish","type":"product","link":"https:\/\/business.roovi.com\/fr\/puzzle-adulte-1000-pieces-vincent-van-gogh-irises-irisi\/p\/","title":{"rendered":"Puzzle adulte 1000 pi\u00e8ces: Vincent van Gogh &#8211; Irises"},"content":{"rendered":"<p style=\"text-align: left;\"><span style=\"font-weight: 400; font-size: 14px;\">D\u00e9couvre maintenant les puzzles les plus sp\u00e9ciaux pour les adultes de la collection de puzzles d&rsquo;art ! Des puzzles pour adultes inspir\u00e9s des \u0153uvres de Botticelli, Van Gogh, Gauguin et d&rsquo;autres peintres c\u00e9l\u00e8bres se trouvent dans notre gamme de jeux de puzzle. Prends ta dose quotidienne de relaxation et ressens le plaisir de cr\u00e9er des \u0153uvres d&rsquo;art m\u00e9morables.<\/span><\/p>\n<p style=\"text-align: left;\"><span style=\"font-size: 14px;\"><span style=\"font-weight: 400;\">Vincent van Gogh &#8211; Irises\/Irides puzzle de 1000 pi\u00e8ces d\u00e9peint la c\u00e9l\u00e8bre \u0153uvre que l&rsquo;artiste a peinte <\/span><span style=\"font-weight: 400;\">dans l&rsquo;h\u00f4pital psychiatrique de Saint-R\u00e9my. Pour Van Gogh, la peinture \u00e9tait une \u00e9tude de la couleur et il a cherch\u00e9 \u00e0 r\u00e9aliser<\/span> <span style=\"font-weight: 400;\">un fort contraste de couleurs. En pla\u00e7ant des fleurs violettes sur un fond jaune, il a fait ressortir encore plus fortement les formes d\u00e9coratives <\/span><\/span><\/p>\n<p style=\"text-align: left;\"><span style=\"font-weight: 400; font-size: 14px;\">Tu dois avoir ce joyau artistique sur ton mur ! Approche la table basse de ton salon &#8211; le tableau obtenu mesure 50 x 70 cm &#8211; c&rsquo;est id\u00e9al pour compl\u00e9ter ce puzzle de 1000 pi\u00e8ces et mets-toi au travail ! Nous te laissons avec d&rsquo;autres d\u00e9tails utiles sur les produits ci-dessous :<\/span><\/p>\n<p><strong>Mat\u00e9riau du puzzle <\/strong><\/p>\n<p><strong>carton bleu de haute qualit\u00e9<\/strong><\/p>\n<p><strong>des mat\u00e9riaux durables et recyclables<\/strong><\/p>\n<p><strong>finition semi-brillante, couleurs vives<\/strong><\/p>\n<p><strong>Nombre de pi\u00e8ces de puzzle : 1000<\/strong><\/p>\n<p><strong>\u00c2ge recommand\u00e9 : 14+<\/strong><\/p>\n<p><strong>Les jeux de puzzle gardent ton cerveau en bonne sant\u00e9<\/strong><\/p>\n<p><span style=\"font-weight: 400;\">Tu veux une s\u00e9ance d&rsquo;entra\u00eenement agr\u00e9able pour garder ton cerveau en bonne sant\u00e9 ? Termine le puzzle de 1000 pi\u00e8ces et atteins cet objectif ! Assembler des jeux de puzzle entra\u00eene \u00e0 la fois l&rsquo;h\u00e9misph\u00e8re droit du cerveau, qui r\u00e9git les \u00e9motions et la cr\u00e9ativit\u00e9, et l&rsquo;h\u00e9misph\u00e8re gauche du cerveau, responsable de la pens\u00e9e logique.<\/span><\/p>\n<p><strong>Les jeux de puzzle t&rsquo;incitent \u00e0 pr\u00eater plus d&rsquo;attention aux d\u00e9tails<\/strong><\/p>\n<p><span style=\"font-weight: 400;\">Terminer des puzzles de 1000 pi\u00e8ces est un grand d\u00e9fi, mais c&rsquo;est un d\u00e9fi agr\u00e9able qui pr\u00e9sente de nombreux avantages. L&rsquo;une d&rsquo;entre elles est qu&rsquo;elle am\u00e9liore ton attention pour remarquer les plus petits d\u00e9tails. Cette comp\u00e9tence est \u00e9galement utile dans d&rsquo;autres aspects de ta vie, alors compl\u00e8te les puzzles pour adultes et entra\u00eene-toi !<\/span><\/p>\n<p><strong>Les jeux de puzzle t&rsquo;aident \u00e0 entra\u00eener ta m\u00e9moire<\/strong><\/p>\n<p><span style=\"font-weight: 400;\">Les puzzles de 1000 pi\u00e8ces entra\u00eenent non seulement l&rsquo;attention, mais aussi la m\u00e9moire \u00e0 court terme. Chercher les pi\u00e8ces, m\u00e9moriser leur position dans le grand tableau, se souvenir de certaines couleurs dans diff\u00e9rentes parties du puzzle de 1000 pi\u00e8ces sont des exercices simples qui stimuleront ta m\u00e9moire.<\/span><\/p>\n<p><strong>Les jeux de r\u00e9flexion te mettent au d\u00e9fi d&rsquo;\u00eatre un vrai d\u00e9tective<\/strong><\/p>\n<p><span style=\"font-weight: 400;\">Chercher des petites pi\u00e8ces parmi des centaines de puzzles de 1000 pi\u00e8ces peut \u00eatre aussi difficile que de chercher des indices pour r\u00e9soudre une affaire myst\u00e9rieuse. Mets-toi dans la peau du d\u00e9tective et d\u00e9couvre les d\u00e9tails et les indices qui t&rsquo;aideront \u00e0 reconstituer l&rsquo;image compl\u00e8te du puzzle.<\/span><\/p>\n<p><strong>\u00c0 propos de Van Gogh, savais-tu que.. :<\/strong><\/p>\n<p><span style=\"font-weight: 400;\">Il a travaill\u00e9 comme missionnaire dans une r\u00e9gion mini\u00e8re de Belgique.<\/span><\/p>\n<p><span style=\"font-weight: 400;\">Il a peint pendant seulement 10 ans, de 27 \u00e0 37 ans, p\u00e9riode pendant laquelle il a \u00e9t\u00e9 extr\u00eamement prolifique, produisant environ 900 peintures.<\/span><\/p>\n<p><span style=\"font-weight: 400;\">Il \u00e9tait un artiste pauvre, et pour r\u00e9duire ses co\u00fbts, il peignait par-dessus des \u0153uvres d\u00e9j\u00e0 ex\u00e9cut\u00e9es pour ne pas acheter de nouvelles toiles.<\/span><\/p>\n<p><span style=\"font-weight: 400;\">Il s&rsquo;est coup\u00e9 le lobe de l&rsquo;oreille, puis l&rsquo;aurait envelopp\u00e9 et donn\u00e9 \u00e0 une prostitu\u00e9e dans un bordel.<\/span><\/p>\n<p><span style=\"font-weight: 400;\">On dit qu&rsquo;il a peint avec une queue de pinceau, et non un pinceau. Cette conclusion a \u00e9t\u00e9 atteinte parce qu&rsquo;aucun poil de pinceau n&rsquo;est visible dans ses peintures, seulement les indentations suppos\u00e9es provenir de la queue du pinceau.<\/span><\/p>\n<p><strong>Compl\u00e8te le puzzle de 1000 pi\u00e8ces jour apr\u00e8s jour si tu veux :<\/strong><\/p>\n<p><span style=\"font-weight: 400;\">Sois plus d\u00e9tendu.<\/span><\/p>\n<p><span style=\"font-weight: 400;\">Passe du temps de qualit\u00e9 avec tes pens\u00e9es.<\/span><\/p>\n<p><span style=\"font-weight: 400;\">D\u00e9branche-toi des soucis quotidiens.<\/span><\/p>\n<p><span style=\"font-weight: 400;\">Ach\u00e8te ce merveilleux puzzle de 1000 pi\u00e8ces <\/span><span style=\"font-weight: 400;\">Vincent van Gogh &#8211; Irises et profite d&rsquo;une explosion de joie et de couleurs. Compl\u00e8te ta collection d&rsquo;art avec ce puzzle d&rsquo;art unique. Si tu as des amis passionn\u00e9s de beaut\u00e9 ou de puzzles pour adultes, ce produit est id\u00e9al \u00e0 offrir en cadeau.<\/span><\/p>\n","protected":false},"excerpt":{"rendered":"<p>D\u00e9couvre maintenant les puzzles les plus sp\u00e9ciaux pour les adultes de la collection de puzzles d&rsquo;art ! Des puzzles pour<\/p>\n","protected":false},"featured_media":62888,"template":"","meta":[],"product_brand":[],"product_cat":[2314,2315,2316],"product_tag":[],"class_list":{"0":"post-52905","1":"product","2":"type-product","3":"status-publish","4":"has-post-thumbnail","6":"product_cat-puzzles-fr","7":"product_cat-puzzles-pour-adultes","8":"product_cat-puzzles-de-1000-pieces","9":"pa_bax-10-fr","10":"pa_brand-d_toys-fr","11":"pa_country_of_manufacture-ro-fr","12":"pa_filter_age-14-fr","13":"pa_painter-vincentvangogh-fr","14":"pa_tip_ambalaj-boite","15":"pa_tip_puzzle-classique","17":"first","18":"instock","19":"taxable","20":"shipping-taxable","21":"product-type-simple"},"yoast_head":"<!-- This site is optimized with the Yoast SEO plugin v20.1 - https:\/\/yoast.com\/wordpress\/plugins\/seo\/ -->\n<title>Puzzle adulte 1000 pi\u00e8ces Vincent van Gogh - Irises\/Irisi<\/title>\n<meta name=\"description\" content=\"Puzzle adulte 1000 pi\u00e8ces Vincent van Gogh - Irises\/Irisi\" \/>\n<meta name=\"robots\" content=\"index, follow, max-snippet:-1, max-image-preview:large, max-video-preview:-1\" \/>\n<link rel=\"canonical\" href=\"https:\/\/business.roovi.com\/fr\/puzzle-adulte-1000-pieces-vincent-van-gogh-irises-irisi\/p\/\" \/>\n<meta property=\"og:locale\" content=\"fr_FR\" \/>\n<meta property=\"og:type\" content=\"article\" \/>\n<meta property=\"og:title\" content=\"Puzzle adulte 1000 pi\u00e8ces Vincent van Gogh - Irises\/Irisi\" \/>\n<meta property=\"og:description\" content=\"Puzzle adulte 1000 pi\u00e8ces Vincent van Gogh - Irises\/Irisi\" \/>\n<meta property=\"og:url\" content=\"https:\/\/business.roovi.com\/fr\/puzzle-adulte-1000-pieces-vincent-van-gogh-irises-irisi\/p\/\" \/>\n<meta property=\"og:site_name\" content=\"Roovi B2B\" \/>\n<meta property=\"article:publisher\" content=\"https:\/\/www.facebook.com\/wwwjucariero\" \/>\n<meta property=\"article:modified_time\" content=\"2023-02-15T06:36:19+00:00\" \/>\n<meta property=\"og:image\" content=\"https:\/\/business.roovi.com\/wp-content\/uploads\/2018\/04\/66916-03_ansamblu_dimensiuni_cutie_cm.png\" \/>\n\t<meta property=\"og:image:width\" content=\"2000\" \/>\n\t<meta property=\"og:image:height\" content=\"2000\" \/>\n\t<meta property=\"og:image:type\" content=\"image\/png\" \/>\n<meta name=\"twitter:label1\" content=\"Dur\u00e9e de lecture estim\u00e9e\" \/>\n\t<meta name=\"twitter:data1\" content=\"4 minutes\" \/>\n<script type=\"application\/ld+json\" class=\"yoast-schema-graph\">{\"@context\":\"https:\/\/schema.org\",\"@graph\":[{\"@type\":\"WebPage\",\"@id\":\"https:\/\/business.roovi.com\/fr\/puzzle-adulte-1000-pieces-vincent-van-gogh-irises-irisi\/p\/\",\"url\":\"https:\/\/business.roovi.com\/fr\/puzzle-adulte-1000-pieces-vincent-van-gogh-irises-irisi\/p\/\",\"name\":\"Puzzle adulte 1000 pi\u00e8ces Vincent van Gogh - Irises\/Irisi\",\"isPartOf\":{\"@id\":\"https:\/\/business.roovi.com\/fr\/#website\"},\"datePublished\":\"2018-04-16T10:56:17+00:00\",\"dateModified\":\"2023-02-15T06:36:19+00:00\",\"description\":\"Puzzle adulte 1000 pi\u00e8ces Vincent van Gogh - Irises\/Irisi\",\"breadcrumb\":{\"@id\":\"https:\/\/business.roovi.com\/fr\/puzzle-adulte-1000-pieces-vincent-van-gogh-irises-irisi\/p\/#breadcrumb\"},\"inLanguage\":\"fr-FR\",\"potentialAction\":[{\"@type\":\"ReadAction\",\"target\":[\"https:\/\/business.roovi.com\/fr\/puzzle-adulte-1000-pieces-vincent-van-gogh-irises-irisi\/p\/\"]}]},{\"@type\":\"BreadcrumbList\",\"@id\":\"https:\/\/business.roovi.com\/fr\/puzzle-adulte-1000-pieces-vincent-van-gogh-irises-irisi\/p\/#breadcrumb\",\"itemListElement\":[{\"@type\":\"ListItem\",\"position\":1,\"name\":\"Home\",\"item\":\"https:\/\/business.roovi.com\/fr\/\"},{\"@type\":\"ListItem\",\"position\":2,\"name\":\"Boutique\",\"item\":\"https:\/\/business.roovi.com\/fr\/boutique\/\"},{\"@type\":\"ListItem\",\"position\":3,\"name\":\"Puzzle adulte 1000 pi\u00e8ces: Vincent van Gogh &#8211; Irises\"}]},{\"@type\":\"WebSite\",\"@id\":\"https:\/\/business.roovi.com\/fr\/#website\",\"url\":\"https:\/\/business.roovi.com\/fr\/\",\"name\":\"Roovi B2B\",\"description\":\"Roovi Business Website\",\"potentialAction\":[{\"@type\":\"SearchAction\",\"target\":{\"@type\":\"EntryPoint\",\"urlTemplate\":\"https:\/\/business.roovi.com\/fr\/?s={search_term_string}\"},\"query-input\":\"required name=search_term_string\"}],\"inLanguage\":\"fr-FR\"}]}<\/script>\n<!-- \/ Yoast SEO plugin. -->","yoast_head_json":{"title":"Puzzle adulte 1000 pi\u00e8ces Vincent van Gogh - Irises\/Irisi","description":"Puzzle adulte 1000 pi\u00e8ces Vincent van Gogh - Irises\/Irisi","robots":{"index":"index","follow":"follow","max-snippet":"max-snippet:-1","max-image-preview":"max-image-preview:large","max-video-preview":"max-video-preview:-1"},"canonical":"https:\/\/business.roovi.com\/fr\/puzzle-adulte-1000-pieces-vincent-van-gogh-irises-irisi\/p\/","og_locale":"fr_FR","og_type":"article","og_title":"Puzzle adulte 1000 pi\u00e8ces Vincent van Gogh - Irises\/Irisi","og_description":"Puzzle adulte 1000 pi\u00e8ces Vincent van Gogh - Irises\/Irisi","og_url":"https:\/\/business.roovi.com\/fr\/puzzle-adulte-1000-pieces-vincent-van-gogh-irises-irisi\/p\/","og_site_name":"Roovi B2B","article_publisher":"https:\/\/www.facebook.com\/wwwjucariero","article_modified_time":"2023-02-15T06:36:19+00:00","og_image":[{"width":2000,"height":2000,"url":"https:\/\/business.roovi.com\/wp-content\/uploads\/2018\/04\/66916-03_ansamblu_dimensiuni_cutie_cm.png","type":"image\/png"}],"twitter_misc":{"Dur\u00e9e de lecture estim\u00e9e":"4 minutes"},"schema":{"@context":"https:\/\/schema.org","@graph":[{"@type":"WebPage","@id":"https:\/\/business.roovi.com\/fr\/puzzle-adulte-1000-pieces-vincent-van-gogh-irises-irisi\/p\/","url":"https:\/\/business.roovi.com\/fr\/puzzle-adulte-1000-pieces-vincent-van-gogh-irises-irisi\/p\/","name":"Puzzle adulte 1000 pi\u00e8ces Vincent van Gogh - Irises\/Irisi","isPartOf":{"@id":"https:\/\/business.roovi.com\/fr\/#website"},"datePublished":"2018-04-16T10:56:17+00:00","dateModified":"2023-02-15T06:36:19+00:00","description":"Puzzle adulte 1000 pi\u00e8ces Vincent van Gogh - Irises\/Irisi","breadcrumb":{"@id":"https:\/\/business.roovi.com\/fr\/puzzle-adulte-1000-pieces-vincent-van-gogh-irises-irisi\/p\/#breadcrumb"},"inLanguage":"fr-FR","potentialAction":[{"@type":"ReadAction","target":["https:\/\/business.roovi.com\/fr\/puzzle-adulte-1000-pieces-vincent-van-gogh-irises-irisi\/p\/"]}]},{"@type":"BreadcrumbList","@id":"https:\/\/business.roovi.com\/fr\/puzzle-adulte-1000-pieces-vincent-van-gogh-irises-irisi\/p\/#breadcrumb","itemListElement":[{"@type":"ListItem","position":1,"name":"Home","item":"https:\/\/business.roovi.com\/fr\/"},{"@type":"ListItem","position":2,"name":"Boutique","item":"https:\/\/business.roovi.com\/fr\/boutique\/"},{"@type":"ListItem","position":3,"name":"Puzzle adulte 1000 pi\u00e8ces: Vincent van Gogh &#8211; Irises"}]},{"@type":"WebSite","@id":"https:\/\/business.roovi.com\/fr\/#website","url":"https:\/\/business.roovi.com\/fr\/","name":"Roovi B2B","description":"Roovi Business Website","potentialAction":[{"@type":"SearchAction","target":{"@type":"EntryPoint","urlTemplate":"https:\/\/business.roovi.com\/fr\/?s={search_term_string}"},"query-input":"required name=search_term_string"}],"inLanguage":"fr-FR"}]}},"_links":{"self":[{"href":"https:\/\/business.roovi.com\/fr\/wp-json\/wp\/v2\/product\/52905","targetHints":{"allow":["GET"]}}],"collection":[{"href":"https:\/\/business.roovi.com\/fr\/wp-json\/wp\/v2\/product"}],"about":[{"href":"https:\/\/business.roovi.com\/fr\/wp-json\/wp\/v2\/types\/product"}],"version-history":[{"count":0,"href":"https:\/\/business.roovi.com\/fr\/wp-json\/wp\/v2\/product\/52905\/revisions"}],"wp:featuredmedia":[{"embeddable":true,"href":"https:\/\/business.roovi.com\/fr\/wp-json\/wp\/v2\/media\/62888"}],"wp:attachment":[{"href":"https:\/\/business.roovi.com\/fr\/wp-json\/wp\/v2\/media?parent=52905"}],"wp:term":[{"taxonomy":"product_brand","embeddable":true,"href":"https:\/\/business.roovi.com\/fr\/wp-json\/wp\/v2\/product_brand?post=52905"},{"taxonomy":"product_cat","embeddable":true,"href":"https:\/\/business.roovi.com\/fr\/wp-json\/wp\/v2\/product_cat?post=52905"},{"taxonomy":"product_tag","embeddable":true,"href":"https:\/\/business.roovi.com\/fr\/wp-json\/wp\/v2\/product_tag?post=52905"}],"curies":[{"name":"wp","href":"https:\/\/api.w.org\/{rel}","templated":true}]}}